{"id":998984,"date":"2025-11-24T19:53:34","date_gmt":"2025-11-24T18:53:34","guid":{"rendered":"https:\/\/pauzza.pl\/produkt\/zegarek-zm-8817-voice-zone-zegarek-mowiacy-w-jezyku-polskim\/"},"modified":"2026-04-20T10:55:02","modified_gmt":"2026-04-20T08:55:02","slug":"zegarek-zm-8817-voice-zone-zegarek-mowiacy-w-jezyku-polskim","status":"publish","type":"product","link":"https:\/\/pauzza.pl\/uk\/%d0%bf%d1%80%d0%be%d0%b4%d1%83%d0%ba%d1%82\/zegarek-zm-8817-voice-zone-zegarek-mowiacy-w-jezyku-polskim\/","title":{"rendered":"Zegarek ZM-8817 VOICE ZONE Zegarek m\u00f3wi\u0105cy w j\u0119zyku polskim"},"content":{"rendered":"<p><strong><span style=\"font-size: 18pt;\"><br \/>Zegarek M\u00f3wi\u0105cy ZM-8817 VOICE ZONE CZARNY<\/p>\n<p>Zegarek m\u00f3wi\u0105cy w j\u0119zyku polskim &#8211; Wyra\u017ane komunikaty g\u0142osowe!!<\/span><\/strong><\/p>\n<p>\u00a0<\/p>\n<p><span style=\"font-size: 12pt;\"><strong>ZEGAREK M\u00f3wi\u0105cy ZM-8817 VOICE ZONE <\/strong>dzi\u0119ki wbudowanemu modu\u0142owi g\u0142osowemu m\u00f3wi w j\u0119zyku polskim i umo\u017cliwia odczyt godziny oraz innych funkcji za pomoc\u0105 jednego przycisku. To idealne rozwi\u0105zanie dla os\u00f3b z dysfunkcj\u0105 wzroku lub dla tych, kt\u00f3rzy ceni\u0105 praktyczne, nieszablonowe rozwi\u0105zania. Tarcza zosta\u0142a zaprojektowana tak, by zapewni\u0107 \u0142atwy odczyt nawet osobom z os\u0142abionym wzrokiem \u2013 a dzi\u0119ki funkcji g\u0142osowej, wiele informacji dost\u0119pnych jest bez patrzenia na ekran.<\/span><\/p>\n<p>\u00a0<\/p>\n<p><strong><span style=\"font-size: 14pt;\">GOTOWY DO DZIA\u0141ANIA\u00a0<\/span><\/strong><\/p>\n<p><span style=\"font-size: 12pt;\">Du\u017cy, kontrastowy wy\u015bwietlacz LCD zapewnia szybki i czytelny odczyt <strong>godziny, daty oraz dni tygodnia <\/strong>\u2013 wszystko podane w przejrzysty spos\u00f3b, bez zb\u0119dnych ozdobnik\u00f3w. P<\/span><span style=\"font-size: 12pt;\">od ekranem znajduje si\u0119 czytelne oznaczenie funkcji DUAL TIME oraz WATER RESIST, a po bokach rozmieszczone s\u0105 cztery intuicyjne przyciski funkcyjne, wyra\u017anie oznaczone (<strong>MODE, TALKING, SET, ADJ)<\/strong>, dzi\u0119ki czemu obs\u0142uga zegarka jest wygodna nawet dla os\u00f3b starszych.<\/span><\/p>\n<p><strong><span style=\"font-size: 14pt;\">S\u0141YSZYSZ CZAS. CZUJESZ WYGOD\u0118<\/span><\/strong><\/p>\n<p><span style=\"font-size: 12pt;\">Dzi\u0119ki czytelnym, <strong>wyra\u017anym komunikatom g\u0142osowym<\/strong> zegarek jest idealnym wsparciem dla os\u00f3b starszych, z os\u0142abionym wzrokiem lub po prostu tych, kt\u00f3rzy chc\u0105 mie\u0107 czas zawsze &#8222;na ucho&#8221;, bez zerkania na tarcz\u0119.\u202fTo wygodne rozwi\u0105zanie w domu, na spacerze, w nocy czy podczas aktywno\u015bci, kiedy szybki dost\u0119p do informacji o czasie ma kluczowe znaczenie.<\/span><\/p>\n<p>\u00a0<\/p>\n<p><strong><span style=\"font-size: 14pt;\">G\u0141OS CODZIENNEGO WSPARCIA<\/span><\/strong><\/p>\n<p><span style=\"font-size: 12pt;\">Zegarek informuje g\u0142osowo <strong>o aktualnym czasie w dw\u00f3ch strefach czasowych<\/strong> \u2013 \u015bwietna opcja np. przy kontakcie z rodzin\u0105 za granic\u0105. Ma r\u00f3wnie\u017c m\u00f3wi\u0105cy budzik z funkcj\u0105 drzemki (dobudzania) oraz g\u0142osowy timer \u2013 przydatny w kuchni, podczas \u0107wicze\u0144 lub na spacerze.<\/span><\/p>\n<p>\u00a0<\/p>\n<p><strong><span style=\"font-size: 14pt;\">CYFROWA TARCZA LCD\u00a0<\/span><\/strong><\/p>\n<p><span style=\"font-size: 12pt;\">G\u00f3rna cz\u0119\u015b\u0107 wy\u015bwietlacza pokazuje aktualny rok, miesi\u0105c, dzie\u0144 oraz nazw\u0119 dnia tygodnia z pod\u015bwietleniem aktywnego dnia, natomiast dolna prezentuje wyra\u017anie godzin\u0119, minuty i sekundy w formacie 12- lub 24-godzinnym. Uk\u0142ad informacji jest logiczny i \u0142atwy do opanowania, nawet dla os\u00f3b starszych czy z pogorszonym wzrokiem. Tarcza wsp\u00f3\u0142pracuje z modu\u0142em g\u0142osowym, oferuj\u0105c u\u017cytkownikowi dost\u0119p do informacji nie tylko wzrokowo, ale te\u017c s\u0142uchowo \u2013 co czyni j\u0105 wyj\u0105tkowo praktyczn\u0105 w codziennym u\u017cytkowaniu.<\/span><\/p>\n<p>\u00a0<\/p>\n<p><strong><span style=\"font-size: 14pt;\">LEKKA I TRWA\u0141A KONSTRUKCJA\u00a0<\/span><\/strong><\/p>\n<p><span style=\"font-size: 12pt;\">Solidna obudowa i klasyczny design sprawiaj\u0105, \u017ce zegarek wygl\u0105da elegancko, ale zachowuje charakter u\u017cytkowy. Czarna, matowa koperta o op\u0142ywowym kszta\u0142cie dobrze uk\u0142ada si\u0119 na nadgarstku i nie przyci\u0105ga zb\u0119dnej uwagi.<\/span><\/p>\n<p>\u00a0<\/p>\n<p><strong><span style=\"font-size: 14pt;\">WYTRZYMA\u0141Y PASEK Z TWORZYWA SZTUCZNEGO<\/span><\/strong><\/p>\n<p><span style=\"font-size: 12pt;\">Lekki, elastyczny i odporny na codzienne u\u017cytkowanie. Nie ch\u0142onie wilgoci, co sprawia, \u017ce dobrze znosi zachlapania i \u0142atwo go utrzyma\u0107 w czysto\u015bci. Dodatkowo jest przyjazny dla sk\u00f3ry, minimalizuj\u0105c ryzyko podra\u017cnie\u0144.\u00a0<\/span><\/p>\n<p>\u00a0<\/p>\n<p><strong><span style=\"font-size: 14pt;\">WODOSZCZELNO\u015a\u0106 WR (Water Resist)<\/span><\/strong><\/p>\n<p><span style=\"font-size: 12pt;\">Oferuje ochron\u0119 i niezawodno\u015b\u0107, kt\u00f3re s\u0105 niezb\u0119dne w codziennych sytuacjach. Zegarek jest wystarczaj\u0105co odporny na wod\u0119 aby sprosta\u0107 wielu typowym sytuacjom, np. nag\u0142e opady deszczu czy kontakt z wod\u0105 podczas mycia r\u0105k. <\/span><\/p>\n<p>\u00a0<\/p>\n<p><strong><span style=\"font-size: 12pt;\">Cechy produktu:<\/span><\/strong><\/p>\n<ul>\n<li><span style=\"font-size: 12pt;\"><strong>Model: ZM-<\/strong>8817<\/span><\/li>\n<li><span style=\"font-size: 12pt;\"><strong>Mechanizm: <\/strong>Precyzyjny kwarcowy zasilany bateri\u0105<\/span><\/li>\n<li><span style=\"font-size: 12pt;\"><strong>Tarcza:<\/strong> cyfrowa tarcza LCD o prostym, czytelnym uk\u0142adzie<\/span><\/li>\n<li><span style=\"font-size: 12pt;\"><strong>Funkcje:<\/strong> Kalendarz &#8211; wy\u015bwietlanie roku, miesi\u0105ca i dnia \/ alarm z funkcj\u0105 drzemki \/ 2 trefy czasowe\/ \u00a0timer \/ czas w dw\u00f3ch strefach czasowych<\/span><\/li>\n<li><span style=\"font-size: 12pt;\"><strong>Komunikaty g\u0142osowe: <\/strong>Godzina w dw\u00f3ch strefach czasowych + Timer &#8211; wszystko w j\u0119zyku polskim<\/span><\/li>\n<li><span style=\"font-size: 12pt;\"><strong>Szkie\u0142ko: <\/strong>Akrylowe<\/span><\/li>\n<li><span style=\"font-size: 12pt;\"><strong>Pasek: <\/strong>Poliw\u0119glanowy, wodoodporny<\/span><\/li>\n<li><span style=\"font-size: 12pt;\"><strong>Wodoszczelno\u015b\u0107:<\/strong> Water Resist &#8211; odporno\u015b\u0107 na zachlapania<\/span><\/li>\n<li><span style=\"font-size: 12pt;\"><strong>Kolor: <\/strong>\u0427\u043e\u0440\u043d\u0438\u0439.\u00a0<\/span><\/li>\n<\/ul>\n<p>\u00a0<\/p>\n<p><strong><span style=\"font-size: 12pt;\">Wymiary w mm:<\/span><\/strong><\/p>\n<ul>\n<li><span style=\"font-size: 12pt;\"><strong>Koperta: <\/strong>40 mm<\/span><\/li>\n<li><span style=\"font-size: 12pt;\"><strong>Tarcza: <\/strong>30 mm<\/span><\/li>\n<li><span style=\"font-size: 12pt;\"><strong>Grubo\u015b\u0107:<\/strong> 14,2 mm<\/span><\/li>\n<li><span style=\"font-size: 12pt;\"><strong>Pasek szeroko\u015b\u0107: <\/strong>20 mm<\/span><\/li>\n<li><span style=\"font-size: 12pt;\"><strong>Obw\u00f3d nadgarstka: <\/strong>155 mm &#8211; 205 mm<\/span><\/li>\n<li><span style=\"font-size: 12pt;\"><strong>Waga: <\/strong>42 g<\/span><\/li>\n<\/ul>\n<p>\u00a0<\/p>\n<p><span style=\"font-size: 14pt;\">Zegarek zapakowany jest w firmowe pude\u0142ko &#8211;<strong> IDEALNE NA PREZENT.<\/strong><\/span><\/p>\n<p style=\"font-size: 11px;\">\u00a0<\/p>\n<p style=\"font-size: 11px;\">\u00a0<\/p>","protected":false},"excerpt":{"rendered":"<p>Zegarek M\u00f3wi\u0105cy ZM-8817 VOICE ZONE CZARNY Zegarek m\u00f3wi\u0105cy w j\u0119zyku polskim &#8211; Wyra\u017ane komunikaty g\u0142osowe!! \u00a0 ZEGAREK M\u00f3wi\u0105cy ZM-8817 VOICE ZONE dzi\u0119ki wbudowanemu modu\u0142owi g\u0142osowemu m\u00f3wi w j\u0119zyku polskim i umo\u017cliwia odczyt godziny oraz innych funkcji za pomoc\u0105 jednego przycisku. To idealne rozwi\u0105zanie dla os\u00f3b z dysfunkcj\u0105 wzroku lub dla tych, kt\u00f3rzy ceni\u0105 praktyczne, nieszablonowe [&hellip;]<\/p>","protected":false},"featured_media":998986,"template":"","meta":{"_acf_changed":false},"product_brand":[],"product_cat":[4896,4870,4838],"product_tag":[],"class_list":{"0":"post-998984","1":"product","2":"type-product","3":"status-publish","4":"has-post-thumbnail","6":"product_cat-na-pasku-perfect-zegarki-damskie","7":"product_cat-perfect","8":"product_cat-zegarki-damskie","10":"first","11":"instock","12":"taxable","13":"shipping-taxable","14":"purchasable","15":"product-type-simple"},"acf":[],"yoast_head":"<!-- This site is optimized with the Yoast SEO plugin v27.2 - https:\/\/yoast.com\/product\/yoast-seo-wordpress\/ -->\n<title>Zegarek UT8817 VOICE ZONE Zegarek m\u00f3wi\u0105cy w j\u0119zyku polskim<\/title>\n<meta name=\"robots\" content=\"index, follow, max-snippet:-1, max-image-preview:large, max-video-preview:-1\" \/>\n<link rel=\"canonical\" href=\"https:\/\/pauzza.pl\/uk\/\u043f\u0440\u043e\u0434\u0443\u043a\u0442\/zegarek-zm-8817-voice-zone-zegarek-mowiacy-w-jezyku-polskim\/\" \/>\n<meta property=\"og:locale\" content=\"uk_UA\" \/>\n<meta property=\"og:type\" content=\"article\" \/>\n<meta property=\"og:title\" content=\"Zegarek UT8817 VOICE ZONE Zegarek m\u00f3wi\u0105cy w j\u0119zyku polskim\" \/>\n<meta property=\"og:description\" content=\"Zegarek M\u00f3wi\u0105cy ZM-8817 VOICE ZONE CZARNY Zegarek m\u00f3wi\u0105cy w j\u0119zyku polskim &#8211; Wyra\u017ane komunikaty g\u0142osowe!! \u00a0 ZEGAREK M\u00f3wi\u0105cy ZM-8817 VOICE ZONE dzi\u0119ki wbudowanemu modu\u0142owi g\u0142osowemu m\u00f3wi w j\u0119zyku polskim i umo\u017cliwia odczyt godziny oraz innych funkcji za pomoc\u0105 jednego przycisku. To idealne rozwi\u0105zanie dla os\u00f3b z dysfunkcj\u0105 wzroku lub dla tych, kt\u00f3rzy ceni\u0105 praktyczne, nieszablonowe [&hellip;]\" \/>\n<meta property=\"og:url\" content=\"https:\/\/pauzza.pl\/uk\/\u043f\u0440\u043e\u0434\u0443\u043a\u0442\/zegarek-zm-8817-voice-zone-zegarek-mowiacy-w-jezyku-polskim\/\" \/>\n<meta property=\"og:site_name\" content=\"Sklep online z damsk\u0105 odzie\u017c\u0105 Pauzza: Damska odzie\u017c. Nowa Kolekcja\" \/>\n<meta property=\"article:modified_time\" content=\"2026-04-20T08:55:02+00:00\" \/>\n<meta property=\"og:image\" content=\"https:\/\/pauzza.pl\/wp-content\/uploads\/2025\/11\/8_max-514.jpg\" \/>\n\t<meta property=\"og:image:width\" content=\"405\" \/>\n\t<meta property=\"og:image:height\" content=\"650\" \/>\n\t<meta property=\"og:image:type\" content=\"image\/jpeg\" \/>\n<meta name=\"twitter:card\" content=\"summary_large_image\" \/>\n<meta name=\"twitter:label1\" content=\"\u041f\u0440\u0438\u0431\u043b. \u0447\u0430\u0441 \u0447\u0438\u0442\u0430\u043d\u043d\u044f\" \/>\n\t<meta name=\"twitter:data1\" content=\"3 \u0445\u0432\u0438\u043b\u0438\u043d\u0438\" \/>\n<script type=\"application\/ld+json\" class=\"yoast-schema-graph\">{\"@context\":\"https:\/\/schema.org\",\"@graph\":[{\"@type\":\"WebPage\",\"@id\":\"https:\/\/pauzza.pl\/produkt\/zegarek-zm-8817-voice-zone-zegarek-mowiacy-w-jezyku-polskim\/\",\"url\":\"https:\/\/pauzza.pl\/produkt\/zegarek-zm-8817-voice-zone-zegarek-mowiacy-w-jezyku-polskim\/\",\"name\":\"Zegarek UT8817 VOICE ZONE Zegarek m\u00f3wi\u0105cy w j\u0119zyku polskim\",\"isPartOf\":{\"@id\":\"https:\/\/pauzza.pl\/#website\"},\"primaryImageOfPage\":{\"@id\":\"https:\/\/pauzza.pl\/produkt\/zegarek-zm-8817-voice-zone-zegarek-mowiacy-w-jezyku-polskim\/#primaryimage\"},\"image\":{\"@id\":\"https:\/\/pauzza.pl\/produkt\/zegarek-zm-8817-voice-zone-zegarek-mowiacy-w-jezyku-polskim\/#primaryimage\"},\"thumbnailUrl\":\"https:\/\/pauzza.pl\/wp-content\/uploads\/2025\/11\/8_max-514.jpg\",\"datePublished\":\"2025-11-24T18:53:34+00:00\",\"dateModified\":\"2026-04-20T08:55:02+00:00\",\"breadcrumb\":{\"@id\":\"https:\/\/pauzza.pl\/produkt\/zegarek-zm-8817-voice-zone-zegarek-mowiacy-w-jezyku-polskim\/#breadcrumb\"},\"inLanguage\":\"uk\",\"potentialAction\":[{\"@type\":\"ReadAction\",\"target\":[\"https:\/\/pauzza.pl\/produkt\/zegarek-zm-8817-voice-zone-zegarek-mowiacy-w-jezyku-polskim\/\"]}]},{\"@type\":\"ImageObject\",\"inLanguage\":\"uk\",\"@id\":\"https:\/\/pauzza.pl\/produkt\/zegarek-zm-8817-voice-zone-zegarek-mowiacy-w-jezyku-polskim\/#primaryimage\",\"url\":\"https:\/\/pauzza.pl\/wp-content\/uploads\/2025\/11\/8_max-514.jpg\",\"contentUrl\":\"https:\/\/pauzza.pl\/wp-content\/uploads\/2025\/11\/8_max-514.jpg\",\"width\":405,\"height\":650},{\"@type\":\"BreadcrumbList\",\"@id\":\"https:\/\/pauzza.pl\/produkt\/zegarek-zm-8817-voice-zone-zegarek-mowiacy-w-jezyku-polskim\/#breadcrumb\",\"itemListElement\":[{\"@type\":\"ListItem\",\"position\":1,\"name\":\"Strona g\u0142\u00f3wna\",\"item\":\"https:\/\/pauzza.pl\/\"},{\"@type\":\"ListItem\",\"position\":2,\"name\":\"Sklep\",\"item\":\"https:\/\/pauzza.pl\/sklep\/\"},{\"@type\":\"ListItem\",\"position\":3,\"name\":\"Zegarek ZM-8817 VOICE ZONE Zegarek m\u00f3wi\u0105cy w j\u0119zyku polskim\"}]},{\"@type\":\"WebSite\",\"@id\":\"https:\/\/pauzza.pl\/#website\",\"url\":\"https:\/\/pauzza.pl\/\",\"name\":\"Sklep online z damsk\u0105 odzie\u017c\u0105 Pauzza: Damska odzie\u017c. Nowa Kolekcja\",\"description\":\"Je\u015bli chcesz zadba\u0107 o sw\u00f3j profesjonalny i pe\u0142en klasy wygl\u0105d w pracy butik online Pauzza, to strza\u0142 w dziesi\u0105tk\u0119! U nas znajdziesz szeroki wyb\u00f3r \u017cakiet\u00f3w, koszul, kurtek, sukienek, sp\u00f3dnic i wiele wiecej\",\"publisher\":{\"@id\":\"https:\/\/pauzza.pl\/#organization\"},\"potentialAction\":[{\"@type\":\"SearchAction\",\"target\":{\"@type\":\"EntryPoint\",\"urlTemplate\":\"https:\/\/pauzza.pl\/?s={search_term_string}\"},\"query-input\":{\"@type\":\"PropertyValueSpecification\",\"valueRequired\":true,\"valueName\":\"search_term_string\"}}],\"inLanguage\":\"uk\"},{\"@type\":\"Organization\",\"@id\":\"https:\/\/pauzza.pl\/#organization\",\"name\":\"Sklep online z damsk\u0105 odzie\u017c\u0105 Pauzza: Damska odzie\u017c. Nowa Kolekcja\",\"url\":\"https:\/\/pauzza.pl\/\",\"logo\":{\"@type\":\"ImageObject\",\"inLanguage\":\"uk\",\"@id\":\"https:\/\/pauzza.pl\/#\/schema\/logo\/image\/\",\"url\":\"https:\/\/pauzza.pl\/wp-content\/uploads\/2024\/01\/pauzzaw.png\",\"contentUrl\":\"https:\/\/pauzza.pl\/wp-content\/uploads\/2024\/01\/pauzzaw.png\",\"width\":350,\"height\":100,\"caption\":\"Sklep online z damsk\u0105 odzie\u017c\u0105 Pauzza: Damska odzie\u017c. Nowa Kolekcja\"},\"image\":{\"@id\":\"https:\/\/pauzza.pl\/#\/schema\/logo\/image\/\"}}]}<\/script>\n<!-- \/ Yoast SEO plugin. -->","yoast_head_json":{"title":"Zegarek UT8817 VOICE ZONE Zegarek m\u00f3wi\u0105cy w j\u0119zyku polskim","robots":{"index":"index","follow":"follow","max-snippet":"max-snippet:-1","max-image-preview":"max-image-preview:large","max-video-preview":"max-video-preview:-1"},"canonical":"https:\/\/pauzza.pl\/uk\/\u043f\u0440\u043e\u0434\u0443\u043a\u0442\/zegarek-zm-8817-voice-zone-zegarek-mowiacy-w-jezyku-polskim\/","og_locale":"uk_UA","og_type":"article","og_title":"Zegarek UT8817 VOICE ZONE Zegarek m\u00f3wi\u0105cy w j\u0119zyku polskim","og_description":"Zegarek M\u00f3wi\u0105cy ZM-8817 VOICE ZONE CZARNY Zegarek m\u00f3wi\u0105cy w j\u0119zyku polskim &#8211; Wyra\u017ane komunikaty g\u0142osowe!! \u00a0 ZEGAREK M\u00f3wi\u0105cy ZM-8817 VOICE ZONE dzi\u0119ki wbudowanemu modu\u0142owi g\u0142osowemu m\u00f3wi w j\u0119zyku polskim i umo\u017cliwia odczyt godziny oraz innych funkcji za pomoc\u0105 jednego przycisku. To idealne rozwi\u0105zanie dla os\u00f3b z dysfunkcj\u0105 wzroku lub dla tych, kt\u00f3rzy ceni\u0105 praktyczne, nieszablonowe [&hellip;]","og_url":"https:\/\/pauzza.pl\/uk\/\u043f\u0440\u043e\u0434\u0443\u043a\u0442\/zegarek-zm-8817-voice-zone-zegarek-mowiacy-w-jezyku-polskim\/","og_site_name":"Sklep online z damsk\u0105 odzie\u017c\u0105 Pauzza: Damska odzie\u017c. Nowa Kolekcja","article_modified_time":"2026-04-20T08:55:02+00:00","og_image":[{"width":405,"height":650,"url":"https:\/\/pauzza.pl\/wp-content\/uploads\/2025\/11\/8_max-514.jpg","type":"image\/jpeg"}],"twitter_card":"summary_large_image","twitter_misc":{"\u041f\u0440\u0438\u0431\u043b. \u0447\u0430\u0441 \u0447\u0438\u0442\u0430\u043d\u043d\u044f":"3 \u0445\u0432\u0438\u043b\u0438\u043d\u0438"},"schema":{"@context":"https:\/\/schema.org","@graph":[{"@type":"WebPage","@id":"https:\/\/pauzza.pl\/produkt\/zegarek-zm-8817-voice-zone-zegarek-mowiacy-w-jezyku-polskim\/","url":"https:\/\/pauzza.pl\/produkt\/zegarek-zm-8817-voice-zone-zegarek-mowiacy-w-jezyku-polskim\/","name":"Zegarek UT8817 VOICE ZONE Zegarek m\u00f3wi\u0105cy w j\u0119zyku polskim","isPartOf":{"@id":"https:\/\/pauzza.pl\/#website"},"primaryImageOfPage":{"@id":"https:\/\/pauzza.pl\/produkt\/zegarek-zm-8817-voice-zone-zegarek-mowiacy-w-jezyku-polskim\/#primaryimage"},"image":{"@id":"https:\/\/pauzza.pl\/produkt\/zegarek-zm-8817-voice-zone-zegarek-mowiacy-w-jezyku-polskim\/#primaryimage"},"thumbnailUrl":"https:\/\/pauzza.pl\/wp-content\/uploads\/2025\/11\/8_max-514.jpg","datePublished":"2025-11-24T18:53:34+00:00","dateModified":"2026-04-20T08:55:02+00:00","breadcrumb":{"@id":"https:\/\/pauzza.pl\/produkt\/zegarek-zm-8817-voice-zone-zegarek-mowiacy-w-jezyku-polskim\/#breadcrumb"},"inLanguage":"uk","potentialAction":[{"@type":"ReadAction","target":["https:\/\/pauzza.pl\/produkt\/zegarek-zm-8817-voice-zone-zegarek-mowiacy-w-jezyku-polskim\/"]}]},{"@type":"ImageObject","inLanguage":"uk","@id":"https:\/\/pauzza.pl\/produkt\/zegarek-zm-8817-voice-zone-zegarek-mowiacy-w-jezyku-polskim\/#primaryimage","url":"https:\/\/pauzza.pl\/wp-content\/uploads\/2025\/11\/8_max-514.jpg","contentUrl":"https:\/\/pauzza.pl\/wp-content\/uploads\/2025\/11\/8_max-514.jpg","width":405,"height":650},{"@type":"BreadcrumbList","@id":"https:\/\/pauzza.pl\/produkt\/zegarek-zm-8817-voice-zone-zegarek-mowiacy-w-jezyku-polskim\/#breadcrumb","itemListElement":[{"@type":"ListItem","position":1,"name":"Strona g\u0142\u00f3wna","item":"https:\/\/pauzza.pl\/"},{"@type":"ListItem","position":2,"name":"Sklep","item":"https:\/\/pauzza.pl\/sklep\/"},{"@type":"ListItem","position":3,"name":"Zegarek ZM-8817 VOICE ZONE Zegarek m\u00f3wi\u0105cy w j\u0119zyku polskim"}]},{"@type":"WebSite","@id":"https:\/\/pauzza.pl\/#website","url":"https:\/\/pauzza.pl\/","name":"\u0406\u043d\u0442\u0435\u0440\u043d\u0435\u0442 \u043c\u0430\u0433\u0430\u0437\u0438\u043d \u0436\u0456\u043d\u043e\u0447\u043e\u0433\u043e \u043e\u0434\u044f\u0433\u0443 Pauzza: \u0416\u0456\u043d\u043e\u0447\u0438\u0439 \u043e\u0434\u044f\u0433. \u041d\u043e\u0432\u0430 \u043a\u043e\u043b\u0435\u043a\u0446\u0456\u044f","description":"\u042f\u043a\u0449\u043e \u0432\u0438 \u0445\u043e\u0447\u0435\u0442\u0435 \u043f\u043e\u0434\u0431\u0430\u0442\u0438 \u043f\u0440\u043e \u0441\u0432\u0456\u0439 \u043f\u0440\u043e\u0444\u0435\u0441\u0456\u0439\u043d\u0438\u0439 \u0442\u0430 \u0441\u0442\u0438\u043b\u044c\u043d\u0438\u0439 \u0432\u0438\u0433\u043b\u044f\u0434 \u043d\u0430 \u0440\u043e\u0431\u043e\u0442\u0456, \u043e\u043d\u043b\u0430\u0439\u043d-\u0431\u0443\u0442\u0456\u043a Pauzza - \u0446\u0435 \u0445\u0456\u0442! \u0422\u0443\u0442 \u0432\u0438 \u0437\u043d\u0430\u0439\u0434\u0435\u0442\u0435 \u0448\u0438\u0440\u043e\u043a\u0438\u0439 \u0432\u0438\u0431\u0456\u0440 \u043f\u0456\u0434\u0436\u0430\u043a\u0456\u0432, \u0441\u043e\u0440\u043e\u0447\u043e\u043a, \u0436\u0430\u043a\u0435\u0442\u0456\u0432, \u0441\u0443\u043a\u043e\u043d\u044c, \u0441\u043f\u0456\u0434\u043d\u0438\u0446\u044c \u0442\u0430 \u0431\u0430\u0433\u0430\u0442\u043e \u0456\u043d\u0448\u043e\u0433\u043e.","publisher":{"@id":"https:\/\/pauzza.pl\/#organization"},"potentialAction":[{"@type":"SearchAction","target":{"@type":"EntryPoint","urlTemplate":"https:\/\/pauzza.pl\/?s={search_term_string}"},"query-input":{"@type":"PropertyValueSpecification","valueRequired":true,"valueName":"search_term_string"}}],"inLanguage":"uk"},{"@type":"Organization","@id":"https:\/\/pauzza.pl\/#organization","name":"\u0406\u043d\u0442\u0435\u0440\u043d\u0435\u0442 \u043c\u0430\u0433\u0430\u0437\u0438\u043d \u0436\u0456\u043d\u043e\u0447\u043e\u0433\u043e \u043e\u0434\u044f\u0433\u0443 Pauzza: \u0416\u0456\u043d\u043e\u0447\u0438\u0439 \u043e\u0434\u044f\u0433. \u041d\u043e\u0432\u0430 \u043a\u043e\u043b\u0435\u043a\u0446\u0456\u044f","url":"https:\/\/pauzza.pl\/","logo":{"@type":"ImageObject","inLanguage":"uk","@id":"https:\/\/pauzza.pl\/#\/schema\/logo\/image\/","url":"https:\/\/pauzza.pl\/wp-content\/uploads\/2024\/01\/pauzzaw.png","contentUrl":"https:\/\/pauzza.pl\/wp-content\/uploads\/2024\/01\/pauzzaw.png","width":350,"height":100,"caption":"Sklep online z damsk\u0105 odzie\u017c\u0105 Pauzza: Damska odzie\u017c. Nowa Kolekcja"},"image":{"@id":"https:\/\/pauzza.pl\/#\/schema\/logo\/image\/"}}]}},"_links":{"self":[{"href":"https:\/\/pauzza.pl\/uk\/wp-json\/wp\/v2\/product\/998984","targetHints":{"allow":["GET"]}}],"collection":[{"href":"https:\/\/pauzza.pl\/uk\/wp-json\/wp\/v2\/product"}],"about":[{"href":"https:\/\/pauzza.pl\/uk\/wp-json\/wp\/v2\/types\/product"}],"wp:featuredmedia":[{"embeddable":true,"href":"https:\/\/pauzza.pl\/uk\/wp-json\/wp\/v2\/media\/998986"}],"wp:attachment":[{"href":"https:\/\/pauzza.pl\/uk\/wp-json\/wp\/v2\/media?parent=998984"}],"wp:term":[{"taxonomy":"product_brand","embeddable":true,"href":"https:\/\/pauzza.pl\/uk\/wp-json\/wp\/v2\/product_brand?post=998984"},{"taxonomy":"product_cat","embeddable":true,"href":"https:\/\/pauzza.pl\/uk\/wp-json\/wp\/v2\/product_cat?post=998984"},{"taxonomy":"product_tag","embeddable":true,"href":"https:\/\/pauzza.pl\/uk\/wp-json\/wp\/v2\/product_tag?post=998984"}],"curies":[{"name":"wp","href":"https:\/\/api.w.org\/{rel}","templated":true}]}}