{"id":998147,"date":"2025-11-24T19:44:50","date_gmt":"2025-11-24T18:44:50","guid":{"rendered":"https:\/\/pauzza.pl\/produkt\/pasek-do-smartwatcha-meskiego-veltori-vt110-22mm-vtp110\/"},"modified":"2026-04-25T11:27:56","modified_gmt":"2026-04-25T09:27:56","slug":"pasek-do-smartwatcha-meskiego-veltori-vt110-22mm-vtp110","status":"publish","type":"product","link":"https:\/\/pauzza.pl\/uk\/%d0%bf%d1%80%d0%be%d0%b4%d1%83%d0%ba%d1%82\/pasek-do-smartwatcha-meskiego-veltori-vt110-22mm-vtp110\/","title":{"rendered":"Pasek do Smartwatcha M\u0119skiego VELTORI VT110 22mm VTP110"},"content":{"rendered":"<p class=\"def\"><span style=\"font-size: x-large;\" class=\"def\"><b><br \/>Pasek do Smartwatcha M\u0119skiego VELTORI VT110 22mm VTP110<\/p>\n<p><\/b><\/span><\/p>\n<p class=\"def\"><span style=\"font-size: x-large;\" class=\"def\"><b>Oryginalny pasek marki VELTORI <\/b><\/span><span style=\"font-size: 12pt;\"><\/span><\/p>\n<p><span style=\"font-size: 14pt;\"><strong>Parametry techniczne:<\/strong><\/span><\/p>\n<ul>\n<li class=\"\" style=\"font-size: 12pt;\" data-start=\"634\" data-end=\"669\">\n<p class=\"\" data-start=\"636\" data-end=\"669\"><span style=\"font-size: 12pt;\"><strong data-start=\"358\" data-end=\"377\">Do modelu:<\/strong> M\u0119ski Smartwatch <strong>VELTORI VT110<\/strong><\/span><\/p>\n<\/li>\n<li class=\"\" style=\"font-size: 12pt;\" data-start=\"634\" data-end=\"669\">\n<p class=\"\" data-start=\"636\" data-end=\"669\"><span style=\"font-size: 12pt;\"><\/span><span style=\"font-size: 12pt;\"><strong data-start=\"397\" data-end=\"410\">Materia\u0142:<\/strong> przyjemny w dotyku silikon<\/span><\/p>\n<\/li>\n<li class=\"\" style=\"font-size: 12pt;\" data-start=\"634\" data-end=\"669\">\n<p class=\"\" data-start=\"636\" data-end=\"669\"><span style=\"font-size: 12pt;\"><\/span><span style=\"font-size: 12pt;\"><strong data-start=\"443\" data-end=\"453\">Kolor:<\/strong> \u0447\u043e\u0440\u043d\u0438\u0439<\/span><\/p>\n<\/li>\n<li class=\"\" style=\"font-size: 12pt;\" data-start=\"634\" data-end=\"669\">\n<p class=\"\" data-start=\"636\" data-end=\"669\"><span style=\"font-size: 12pt;\"><\/span><span style=\"font-size: 12pt;\"><strong data-start=\"480\" data-end=\"493\">Zapi\u0119cie:<\/strong> klasyczna sprz\u0105czka ze stali szlachetnej w kolorze srebrnym z <strong>logo VELTORI<\/strong><\/span><\/p>\n<\/li>\n<li class=\"\" style=\"font-size: 12pt;\" data-start=\"634\" data-end=\"669\">\n<p class=\"\" data-start=\"636\" data-end=\"669\"><span style=\"font-size: 12pt;\"><\/span><span style=\"font-size: 12pt;\"><strong data-start=\"574\" data-end=\"583\">Waga:<\/strong> 20 g \u2013 lekki i komfortowy<\/span><\/p>\n<\/li>\n<li class=\"\" style=\"font-size: 12pt;\" data-start=\"634\" data-end=\"669\">\n<p class=\"\" data-start=\"636\" data-end=\"669\"><span style=\"font-size: 12pt;\"><\/span><span style=\"font-size: 12pt;\"><strong>W zestawie:\u00a0<\/strong>2 x teleskop do samodzielnego monta\u017cu paska<\/span><\/p>\n<\/li>\n<\/ul>\n<p class=\"\" data-start=\"355\" data-end=\"617\">\u00a0<\/p>\n<p class=\"\" data-start=\"619\" data-end=\"633\"><span style=\"font-size: 14pt;\"><strong data-start=\"619\" data-end=\"631\">\u0420\u043e\u0437\u043c\u0456\u0440\u0438:<\/strong><\/span><\/p>\n<ul>\n<li class=\"\" style=\"font-size: 12pt;\" data-start=\"634\" data-end=\"669\">\n<p class=\"\" data-start=\"636\" data-end=\"669\"><span style=\"font-size: 12pt;\">Szeroko\u015b\u0107 przy mocowaniu: <strong>22 mm<\/strong><\/span><span style=\"font-size: 12pt;\"><\/span><\/p>\n<\/li>\n<li class=\"\" style=\"font-size: 12pt;\" data-start=\"634\" data-end=\"669\">\n<p class=\"\" data-start=\"636\" data-end=\"669\"><span style=\"font-size: 12pt;\"><\/span><span style=\"font-size: 12pt;\">D\u0142ugo\u015b\u0107 cz\u0119\u015bci z klamr\u0105:<strong> 90 mm<\/strong><\/span><\/p>\n<\/li>\n<li class=\"\" style=\"font-size: 12pt;\" data-start=\"634\" data-end=\"669\">\n<p class=\"\" data-start=\"636\" data-end=\"669\"><span style=\"font-size: 12pt;\"><\/span><span style=\"font-size: 12pt;\">D\u0142ugo\u015b\u0107 cz\u0119\u015bci z dziurkami: <strong>130 mm<\/strong><\/span><\/p>\n<\/li>\n<li class=\"\" style=\"font-size: 12pt;\" data-start=\"744\" data-end=\"785\">\n<p class=\"\" data-start=\"746\" data-end=\"785\"><span style=\"font-size: 12pt;\">Obw\u00f3d minimalny (na pierwszej dziurce): <strong>150 mm<\/strong><\/span><\/p>\n<\/li>\n<li class=\"\" style=\"font-size: 12pt;\" data-start=\"744\" data-end=\"785\">\n<p class=\"\" data-start=\"746\" data-end=\"785\"><span style=\"font-size: 12pt;\"><\/span><span style=\"font-size: 12pt;\">Obw\u00f3d maksymalny (na ostatniej dziurce): <strong>240 mm<\/strong><\/span><\/p>\n<\/li>\n<\/ul>","protected":false},"excerpt":{"rendered":"<p>Pasek do Smartwatcha M\u0119skiego VELTORI VT110 22mm VTP110 Oryginalny pasek marki VELTORI Parametry techniczne: Do modelu: M\u0119ski Smartwatch VELTORI VT110 Materia\u0142: przyjemny w dotyku silikon Kolor: czarny Zapi\u0119cie: klasyczna sprz\u0105czka ze stali szlachetnej w kolorze srebrnym z logo VELTORI Waga: 20 g \u2013 lekki i komfortowy W zestawie:\u00a02 x teleskop do samodzielnego monta\u017cu paska \u00a0 [&hellip;]<\/p>","protected":false},"featured_media":998149,"template":"","meta":{"_acf_changed":false},"product_brand":[],"product_cat":[4834,4849],"product_tag":[],"class_list":{"0":"post-998147","1":"product","2":"type-product","3":"status-publish","4":"has-post-thumbnail","6":"product_cat-akcesoria","7":"product_cat-pasek","9":"first","10":"instock","11":"taxable","12":"shipping-taxable","13":"purchasable","14":"product-type-simple"},"acf":[],"yoast_head":"<!-- This site is optimized with the Yoast SEO plugin v27.2 - https:\/\/yoast.com\/product\/yoast-seo-wordpress\/ -->\n<title>Pasek do Smartwatcha M\u0119skiego VELTORI VT110 22mm VTP110<\/title>\n<meta name=\"robots\" content=\"index, follow, max-snippet:-1, max-image-preview:large, max-video-preview:-1\" \/>\n<link rel=\"canonical\" href=\"https:\/\/pauzza.pl\/uk\/\u043f\u0440\u043e\u0434\u0443\u043a\u0442\/pasek-do-smartwatcha-meskiego-veltori-vt110-22mm-vtp110\/\" \/>\n<meta property=\"og:locale\" content=\"uk_UA\" \/>\n<meta property=\"og:type\" content=\"article\" \/>\n<meta property=\"og:title\" content=\"Pasek do Smartwatcha M\u0119skiego VELTORI VT110 22mm VTP110\" \/>\n<meta property=\"og:description\" content=\"Pasek do Smartwatcha M\u0119skiego VELTORI VT110 22mm VTP110 Oryginalny pasek marki VELTORI Parametry techniczne: Do modelu: M\u0119ski Smartwatch VELTORI VT110 Materia\u0142: przyjemny w dotyku silikon Kolor: czarny Zapi\u0119cie: klasyczna sprz\u0105czka ze stali szlachetnej w kolorze srebrnym z logo VELTORI Waga: 20 g \u2013 lekki i komfortowy W zestawie:\u00a02 x teleskop do samodzielnego monta\u017cu paska \u00a0 [&hellip;]\" \/>\n<meta property=\"og:url\" content=\"https:\/\/pauzza.pl\/uk\/\u043f\u0440\u043e\u0434\u0443\u043a\u0442\/pasek-do-smartwatcha-meskiego-veltori-vt110-22mm-vtp110\/\" \/>\n<meta property=\"og:site_name\" content=\"Sklep online z damsk\u0105 odzie\u017c\u0105 Pauzza: Damska odzie\u017c. Nowa Kolekcja\" \/>\n<meta property=\"article:modified_time\" content=\"2026-04-25T09:27:56+00:00\" \/>\n<meta property=\"og:image\" content=\"https:\/\/pauzza.pl\/wp-content\/uploads\/2025\/11\/3_max-510.jpg\" \/>\n\t<meta property=\"og:image:width\" content=\"900\" \/>\n\t<meta property=\"og:image:height\" content=\"1200\" \/>\n\t<meta property=\"og:image:type\" content=\"image\/jpeg\" \/>\n<meta name=\"twitter:card\" content=\"summary_large_image\" \/>\n<script type=\"application\/ld+json\" class=\"yoast-schema-graph\">{\"@context\":\"https:\/\/schema.org\",\"@graph\":[{\"@type\":\"WebPage\",\"@id\":\"https:\/\/pauzza.pl\/produkt\/pasek-do-smartwatcha-meskiego-veltori-vt110-22mm-vtp110\/\",\"url\":\"https:\/\/pauzza.pl\/produkt\/pasek-do-smartwatcha-meskiego-veltori-vt110-22mm-vtp110\/\",\"name\":\"Pasek do Smartwatcha M\u0119skiego VELTORI VT110 22mm VTP110\",\"isPartOf\":{\"@id\":\"https:\/\/pauzza.pl\/#website\"},\"primaryImageOfPage\":{\"@id\":\"https:\/\/pauzza.pl\/produkt\/pasek-do-smartwatcha-meskiego-veltori-vt110-22mm-vtp110\/#primaryimage\"},\"image\":{\"@id\":\"https:\/\/pauzza.pl\/produkt\/pasek-do-smartwatcha-meskiego-veltori-vt110-22mm-vtp110\/#primaryimage\"},\"thumbnailUrl\":\"https:\/\/pauzza.pl\/wp-content\/uploads\/2025\/11\/3_max-510.jpg\",\"datePublished\":\"2025-11-24T18:44:50+00:00\",\"dateModified\":\"2026-04-25T09:27:56+00:00\",\"breadcrumb\":{\"@id\":\"https:\/\/pauzza.pl\/produkt\/pasek-do-smartwatcha-meskiego-veltori-vt110-22mm-vtp110\/#breadcrumb\"},\"inLanguage\":\"uk\",\"potentialAction\":[{\"@type\":\"ReadAction\",\"target\":[\"https:\/\/pauzza.pl\/produkt\/pasek-do-smartwatcha-meskiego-veltori-vt110-22mm-vtp110\/\"]}]},{\"@type\":\"ImageObject\",\"inLanguage\":\"uk\",\"@id\":\"https:\/\/pauzza.pl\/produkt\/pasek-do-smartwatcha-meskiego-veltori-vt110-22mm-vtp110\/#primaryimage\",\"url\":\"https:\/\/pauzza.pl\/wp-content\/uploads\/2025\/11\/3_max-510.jpg\",\"contentUrl\":\"https:\/\/pauzza.pl\/wp-content\/uploads\/2025\/11\/3_max-510.jpg\",\"width\":900,\"height\":1200},{\"@type\":\"BreadcrumbList\",\"@id\":\"https:\/\/pauzza.pl\/produkt\/pasek-do-smartwatcha-meskiego-veltori-vt110-22mm-vtp110\/#breadcrumb\",\"itemListElement\":[{\"@type\":\"ListItem\",\"position\":1,\"name\":\"Strona g\u0142\u00f3wna\",\"item\":\"https:\/\/pauzza.pl\/\"},{\"@type\":\"ListItem\",\"position\":2,\"name\":\"Sklep\",\"item\":\"https:\/\/pauzza.pl\/sklep\/\"},{\"@type\":\"ListItem\",\"position\":3,\"name\":\"Pasek do Smartwatcha M\u0119skiego VELTORI VT110 22mm VTP110\"}]},{\"@type\":\"WebSite\",\"@id\":\"https:\/\/pauzza.pl\/#website\",\"url\":\"https:\/\/pauzza.pl\/\",\"name\":\"Sklep online z damsk\u0105 odzie\u017c\u0105 Pauzza: Damska odzie\u017c. Nowa Kolekcja\",\"description\":\"Je\u015bli chcesz zadba\u0107 o sw\u00f3j profesjonalny i pe\u0142en klasy wygl\u0105d w pracy butik online Pauzza, to strza\u0142 w dziesi\u0105tk\u0119! U nas znajdziesz szeroki wyb\u00f3r \u017cakiet\u00f3w, koszul, kurtek, sukienek, sp\u00f3dnic i wiele wiecej\",\"publisher\":{\"@id\":\"https:\/\/pauzza.pl\/#organization\"},\"potentialAction\":[{\"@type\":\"SearchAction\",\"target\":{\"@type\":\"EntryPoint\",\"urlTemplate\":\"https:\/\/pauzza.pl\/?s={search_term_string}\"},\"query-input\":{\"@type\":\"PropertyValueSpecification\",\"valueRequired\":true,\"valueName\":\"search_term_string\"}}],\"inLanguage\":\"uk\"},{\"@type\":\"Organization\",\"@id\":\"https:\/\/pauzza.pl\/#organization\",\"name\":\"Sklep online z damsk\u0105 odzie\u017c\u0105 Pauzza: Damska odzie\u017c. Nowa Kolekcja\",\"url\":\"https:\/\/pauzza.pl\/\",\"logo\":{\"@type\":\"ImageObject\",\"inLanguage\":\"uk\",\"@id\":\"https:\/\/pauzza.pl\/#\/schema\/logo\/image\/\",\"url\":\"https:\/\/pauzza.pl\/wp-content\/uploads\/2024\/01\/pauzzaw.png\",\"contentUrl\":\"https:\/\/pauzza.pl\/wp-content\/uploads\/2024\/01\/pauzzaw.png\",\"width\":350,\"height\":100,\"caption\":\"Sklep online z damsk\u0105 odzie\u017c\u0105 Pauzza: Damska odzie\u017c. Nowa Kolekcja\"},\"image\":{\"@id\":\"https:\/\/pauzza.pl\/#\/schema\/logo\/image\/\"}}]}<\/script>\n<!-- \/ Yoast SEO plugin. -->","yoast_head_json":{"title":"Pasek do Smartwatcha M\u0119skiego VELTORI VT110 22mm VTP110","robots":{"index":"index","follow":"follow","max-snippet":"max-snippet:-1","max-image-preview":"max-image-preview:large","max-video-preview":"max-video-preview:-1"},"canonical":"https:\/\/pauzza.pl\/uk\/\u043f\u0440\u043e\u0434\u0443\u043a\u0442\/pasek-do-smartwatcha-meskiego-veltori-vt110-22mm-vtp110\/","og_locale":"uk_UA","og_type":"article","og_title":"Pasek do Smartwatcha M\u0119skiego VELTORI VT110 22mm VTP110","og_description":"Pasek do Smartwatcha M\u0119skiego VELTORI VT110 22mm VTP110 Oryginalny pasek marki VELTORI Parametry techniczne: Do modelu: M\u0119ski Smartwatch VELTORI VT110 Materia\u0142: przyjemny w dotyku silikon Kolor: czarny Zapi\u0119cie: klasyczna sprz\u0105czka ze stali szlachetnej w kolorze srebrnym z logo VELTORI Waga: 20 g \u2013 lekki i komfortowy W zestawie:\u00a02 x teleskop do samodzielnego monta\u017cu paska \u00a0 [&hellip;]","og_url":"https:\/\/pauzza.pl\/uk\/\u043f\u0440\u043e\u0434\u0443\u043a\u0442\/pasek-do-smartwatcha-meskiego-veltori-vt110-22mm-vtp110\/","og_site_name":"Sklep online z damsk\u0105 odzie\u017c\u0105 Pauzza: Damska odzie\u017c. Nowa Kolekcja","article_modified_time":"2026-04-25T09:27:56+00:00","og_image":[{"width":900,"height":1200,"url":"https:\/\/pauzza.pl\/wp-content\/uploads\/2025\/11\/3_max-510.jpg","type":"image\/jpeg"}],"twitter_card":"summary_large_image","schema":{"@context":"https:\/\/schema.org","@graph":[{"@type":"WebPage","@id":"https:\/\/pauzza.pl\/produkt\/pasek-do-smartwatcha-meskiego-veltori-vt110-22mm-vtp110\/","url":"https:\/\/pauzza.pl\/produkt\/pasek-do-smartwatcha-meskiego-veltori-vt110-22mm-vtp110\/","name":"Pasek do Smartwatcha M\u0119skiego VELTORI VT110 22mm VTP110","isPartOf":{"@id":"https:\/\/pauzza.pl\/#website"},"primaryImageOfPage":{"@id":"https:\/\/pauzza.pl\/produkt\/pasek-do-smartwatcha-meskiego-veltori-vt110-22mm-vtp110\/#primaryimage"},"image":{"@id":"https:\/\/pauzza.pl\/produkt\/pasek-do-smartwatcha-meskiego-veltori-vt110-22mm-vtp110\/#primaryimage"},"thumbnailUrl":"https:\/\/pauzza.pl\/wp-content\/uploads\/2025\/11\/3_max-510.jpg","datePublished":"2025-11-24T18:44:50+00:00","dateModified":"2026-04-25T09:27:56+00:00","breadcrumb":{"@id":"https:\/\/pauzza.pl\/produkt\/pasek-do-smartwatcha-meskiego-veltori-vt110-22mm-vtp110\/#breadcrumb"},"inLanguage":"uk","potentialAction":[{"@type":"ReadAction","target":["https:\/\/pauzza.pl\/produkt\/pasek-do-smartwatcha-meskiego-veltori-vt110-22mm-vtp110\/"]}]},{"@type":"ImageObject","inLanguage":"uk","@id":"https:\/\/pauzza.pl\/produkt\/pasek-do-smartwatcha-meskiego-veltori-vt110-22mm-vtp110\/#primaryimage","url":"https:\/\/pauzza.pl\/wp-content\/uploads\/2025\/11\/3_max-510.jpg","contentUrl":"https:\/\/pauzza.pl\/wp-content\/uploads\/2025\/11\/3_max-510.jpg","width":900,"height":1200},{"@type":"BreadcrumbList","@id":"https:\/\/pauzza.pl\/produkt\/pasek-do-smartwatcha-meskiego-veltori-vt110-22mm-vtp110\/#breadcrumb","itemListElement":[{"@type":"ListItem","position":1,"name":"Strona g\u0142\u00f3wna","item":"https:\/\/pauzza.pl\/"},{"@type":"ListItem","position":2,"name":"Sklep","item":"https:\/\/pauzza.pl\/sklep\/"},{"@type":"ListItem","position":3,"name":"Pasek do Smartwatcha M\u0119skiego VELTORI VT110 22mm VTP110"}]},{"@type":"WebSite","@id":"https:\/\/pauzza.pl\/#website","url":"https:\/\/pauzza.pl\/","name":"\u0406\u043d\u0442\u0435\u0440\u043d\u0435\u0442 \u043c\u0430\u0433\u0430\u0437\u0438\u043d \u0436\u0456\u043d\u043e\u0447\u043e\u0433\u043e \u043e\u0434\u044f\u0433\u0443 Pauzza: \u0416\u0456\u043d\u043e\u0447\u0438\u0439 \u043e\u0434\u044f\u0433. \u041d\u043e\u0432\u0430 \u043a\u043e\u043b\u0435\u043a\u0446\u0456\u044f","description":"\u042f\u043a\u0449\u043e \u0432\u0438 \u0445\u043e\u0447\u0435\u0442\u0435 \u043f\u043e\u0434\u0431\u0430\u0442\u0438 \u043f\u0440\u043e \u0441\u0432\u0456\u0439 \u043f\u0440\u043e\u0444\u0435\u0441\u0456\u0439\u043d\u0438\u0439 \u0442\u0430 \u0441\u0442\u0438\u043b\u044c\u043d\u0438\u0439 \u0432\u0438\u0433\u043b\u044f\u0434 \u043d\u0430 \u0440\u043e\u0431\u043e\u0442\u0456, \u043e\u043d\u043b\u0430\u0439\u043d-\u0431\u0443\u0442\u0456\u043a Pauzza - \u0446\u0435 \u0445\u0456\u0442! \u0422\u0443\u0442 \u0432\u0438 \u0437\u043d\u0430\u0439\u0434\u0435\u0442\u0435 \u0448\u0438\u0440\u043e\u043a\u0438\u0439 \u0432\u0438\u0431\u0456\u0440 \u043f\u0456\u0434\u0436\u0430\u043a\u0456\u0432, \u0441\u043e\u0440\u043e\u0447\u043e\u043a, \u0436\u0430\u043a\u0435\u0442\u0456\u0432, \u0441\u0443\u043a\u043e\u043d\u044c, \u0441\u043f\u0456\u0434\u043d\u0438\u0446\u044c \u0442\u0430 \u0431\u0430\u0433\u0430\u0442\u043e \u0456\u043d\u0448\u043e\u0433\u043e.","publisher":{"@id":"https:\/\/pauzza.pl\/#organization"},"potentialAction":[{"@type":"SearchAction","target":{"@type":"EntryPoint","urlTemplate":"https:\/\/pauzza.pl\/?s={search_term_string}"},"query-input":{"@type":"PropertyValueSpecification","valueRequired":true,"valueName":"search_term_string"}}],"inLanguage":"uk"},{"@type":"Organization","@id":"https:\/\/pauzza.pl\/#organization","name":"\u0406\u043d\u0442\u0435\u0440\u043d\u0435\u0442 \u043c\u0430\u0433\u0430\u0437\u0438\u043d \u0436\u0456\u043d\u043e\u0447\u043e\u0433\u043e \u043e\u0434\u044f\u0433\u0443 Pauzza: \u0416\u0456\u043d\u043e\u0447\u0438\u0439 \u043e\u0434\u044f\u0433. \u041d\u043e\u0432\u0430 \u043a\u043e\u043b\u0435\u043a\u0446\u0456\u044f","url":"https:\/\/pauzza.pl\/","logo":{"@type":"ImageObject","inLanguage":"uk","@id":"https:\/\/pauzza.pl\/#\/schema\/logo\/image\/","url":"https:\/\/pauzza.pl\/wp-content\/uploads\/2024\/01\/pauzzaw.png","contentUrl":"https:\/\/pauzza.pl\/wp-content\/uploads\/2024\/01\/pauzzaw.png","width":350,"height":100,"caption":"Sklep online z damsk\u0105 odzie\u017c\u0105 Pauzza: Damska odzie\u017c. Nowa Kolekcja"},"image":{"@id":"https:\/\/pauzza.pl\/#\/schema\/logo\/image\/"}}]}},"_links":{"self":[{"href":"https:\/\/pauzza.pl\/uk\/wp-json\/wp\/v2\/product\/998147","targetHints":{"allow":["GET"]}}],"collection":[{"href":"https:\/\/pauzza.pl\/uk\/wp-json\/wp\/v2\/product"}],"about":[{"href":"https:\/\/pauzza.pl\/uk\/wp-json\/wp\/v2\/types\/product"}],"wp:featuredmedia":[{"embeddable":true,"href":"https:\/\/pauzza.pl\/uk\/wp-json\/wp\/v2\/media\/998149"}],"wp:attachment":[{"href":"https:\/\/pauzza.pl\/uk\/wp-json\/wp\/v2\/media?parent=998147"}],"wp:term":[{"taxonomy":"product_brand","embeddable":true,"href":"https:\/\/pauzza.pl\/uk\/wp-json\/wp\/v2\/product_brand?post=998147"},{"taxonomy":"product_cat","embeddable":true,"href":"https:\/\/pauzza.pl\/uk\/wp-json\/wp\/v2\/product_cat?post=998147"},{"taxonomy":"product_tag","embeddable":true,"href":"https:\/\/pauzza.pl\/uk\/wp-json\/wp\/v2\/product_tag?post=998147"}],"curies":[{"name":"wp","href":"https:\/\/api.w.org\/{rel}","templated":true}]}}