{"id":996969,"date":"2025-11-24T19:33:00","date_gmt":"2025-11-24T18:33:00","guid":{"rendered":"https:\/\/pauzza.pl\/produkt\/smartwatch-damski-rubicon-rncf10-silver-grey-smarub238\/"},"modified":"2026-04-15T04:16:45","modified_gmt":"2026-04-15T02:16:45","slug":"smartwatch-damski-rubicon-rncf10-silver-grey-smarub238","status":"publish","type":"product","link":"https:\/\/pauzza.pl\/uk\/%d0%bf%d1%80%d0%be%d0%b4%d1%83%d0%ba%d1%82\/smartwatch-damski-rubicon-rncf10-silver-grey-smarub238\/","title":{"rendered":"Smartwatch Damski RUBICON RNCF10 Silver\/Grey SMARUB238"},"content":{"rendered":"<p class=\"def\">\u00a0<\/p>\n<p class=\"def\"><span style=\"font-size: 18pt;\"><strong>Smartwatch Damski RUBICON RNCF10 Silver\/Grey<\/strong><\/span><\/p>\n<p class=\"def\">\u00a0<\/p>\n<p class=\"def\"><span style=\"font-size: 18pt;\">Tw\u00f3j<\/span><strong><span style=\"font-size: 18pt;\"> rytm. <\/span><\/strong><span style=\"font-size: 18pt;\">Tw\u00f3j <\/span><strong><span style=\"font-size: 18pt;\">czas. <\/span><\/strong><span style=\"font-size: 18pt;\">Tw\u00f3j<\/span><strong><span style=\"font-size: 18pt;\"> Rubicon.<\/p>\n<p><\/span><\/strong><\/p>\n<p class=\"\" data-start=\"149\" data-end=\"294\"><span style=\"font-size: 14pt;\"><strong data-start=\"149\" data-end=\"233\">Nowoczesny smartwatch, kt\u00f3ry nad\u0105\u017ca za Twoim tempem \u2013 niezale\u017cnie od planu dnia.<\/strong><\/span><\/p>\n<p class=\"\" data-start=\"187\" data-end=\"624\"><span style=\"font-size: 12pt;\">Ten smartwatch to osobisty asystent, kt\u00f3ry wy\u015bwietla to, co wa\u017cne \u2013 dok\u0142adnie wtedy, kiedy tego potrzebujesz. Smuk\u0142y, nowoczesny design i\u00a0<strong data-start=\"427\" data-end=\"443\">AMOLED 1.43\u201d<\/strong> z osza\u0142amiaj\u0105c\u0105 rozdzielczo\u015bci\u0105 <strong data-start=\"476\" data-end=\"487\">466&#215;466<\/strong> sprawiaj\u0105, \u017ce ekran wygl\u0105da jak \u017cywy \u2013 kolory s\u0105 g\u0142\u0119bokie, kontrast perfekcyjny, a czytelno\u015b\u0107 \u2013 bez wzgl\u0119du na \u015bwiat\u0142o \u2013 zawsze idealna.<\/span><\/p>\n<p class=\"\" data-start=\"626\" data-end=\"913\"><span style=\"font-size: 12pt;\"><strong>Nowo\u015b\u0107 to z<\/strong><strong data-start=\"634\" data-end=\"652\">egar \u015awiatowy<\/strong>, kt\u00f3ry pozwala \u015bledzi\u0107 czas w r\u00f3\u017cnych strefach jednocze\u015bnie. A funkcja <strong data-start=\"785\" data-end=\"806\">Always On Display<\/strong> zapewnia sta\u0142\u0105 obecno\u015b\u0107 godziny na ekranie \u2013 klasycznie analogowo lub cyfrowo, w zale\u017cno\u015bci od nastroju.<\/span><\/p>\n<p class=\"\" data-start=\"915\" data-end=\"1189\"><span style=\"font-size: 12pt;\">Rozmowy na bie\u017c\u0105co? Oczywi\u015bcie \u2013 <strong data-start=\"948\" data-end=\"966\">Bluetooth Call<\/strong>, mikrofon, g\u0142o\u015bnik i szybkie sterowanie prosto z nadgarstka. Do tego 11 stylowych tarcz (plus w\u0142asne animowane projekty!) i menu oraz aplikacja <strong data-start=\"1111\" data-end=\"1121\">Co-Fit<\/strong> w j\u0119zyku polskim \u2013 wszystko, by zegarek by\u0142 dok\u0142adnie taki, jak Ty.<\/span><\/p>\n<p class=\"\" data-start=\"915\" data-end=\"1189\"><span style=\"font-size: 12pt;\">Funkcje? Dok\u0142adnie tam, gdzie ich potrzebujesz \u2013 od ponad 10 tryb\u00f3w sportowych, treningu oddechu, pulsometru, pulsoksymetru i ci\u015bnieniomierza, po krokomierz, licznik kalorii, monitor snu i cykl menstruacyjny. Smartwatch przypomina o ruchu, pokazuje pogod\u0119, obs\u0142uguje budzik, timer, kalkulator i kalendarz, a tak\u017ce informuje o po\u0142\u0105czeniach i wiadomo\u015bciach z Facebooka, WhatsAppa, SMS-\u00f3w i wielu innych aplikacji.<\/span><\/p>\n<p class=\"\" data-start=\"1191\" data-end=\"1475\"><span style=\"font-size: 12pt;\">Wewn\u0105trz \u2013 mocny procesor <strong data-start=\"1217\" data-end=\"1228\">7012A6S<\/strong>, energooszcz\u0119dny <strong data-start=\"1246\" data-end=\"1263\">Bluetooth 5.0<\/strong>, bateria <strong data-start=\"1273\" data-end=\"1284\">260 mAh<\/strong> i hipoalergiczna metalowa koperta pokryta technik\u0105 IPS\/IPG. Wytrzyma\u0142y, odporny na zachlapania, z wymiennym paskiem <strong data-start=\"1401\" data-end=\"1410\">22 mm<\/strong> i szk\u0142em <strong data-start=\"1420\" data-end=\"1428\">2.5D<\/strong>, kt\u00f3re g\u0142adko \u0142\u0105czy si\u0119 z eleganckim designem.<\/span><\/p>\n<p><strong><span style=\"font-size: 14pt;\">Inteligentny, stylowy i gotowy do dzia\u0142ania \u2013 tak jak Ty.<br \/><\/span><\/strong><br data-start=\"1785\" data-end=\"1788\"><span style=\"font-size: 12pt;\">Dla ka\u017cdego, kto \u017cyje intensywnie i potrzebuje sprz\u0119tu, kt\u00f3ry po prostu nad\u0105\u017ca.<\/span><\/p>\n<p class=\"def\" style=\"box-sizing: border-box; outline: none; color: #131313; font-family: Roboto, sans-serif; font-size: 14px;\">\u00a0<\/p>\n<p class=\"def\" style=\"box-sizing: border-box; outline: none; color: #131313; font-family: Roboto, sans-serif; font-size: 14px;\"><span style=\"font-size: 12pt;\"><strong>Opis produktu:<\/strong><\/span><\/p>\n<ul style=\"margin-top: 0cm;\" type=\"disc\">\n<li class=\"MsoNormal\" style=\"font-size: 12pt;\"><span style=\"font-size: 12pt;\"><b>NOWO\u015a\u0106 !\u00a0Zegar \u015awiatowy\u00a0<\/b>\u00a0( +2 zegary )<\/span><\/li>\n<li class=\"MsoNormal\" style=\"font-size: 12pt;\"><span style=\"font-size: 12pt;\">\u041c\u0435\u043d\u044e <b>( 5\u00a0motyw\u00f3w )<\/b>\u00a0i aplikacja w j\u0119zyku polskim !<\/span><\/li>\n<li class=\"MsoNormal\" style=\"font-size: 12pt;\"><span style=\"font-size: 12pt;\">wy\u015bwietlacz MULTIdotyk\u00a0<b>AMOLED<\/b>\u00a0<b>1.43\u201d !!!\u00a0<\/b>( REWELACYJNA jasno\u015b\u0107 , kolory i rozdzielczo\u015b\u0107 !!! )<\/span><\/li>\n<li class=\"MsoNormal\" style=\"font-size: 12pt;\"><span style=\"font-size: 12pt;\">wysoka rozdzielczo\u015b\u0107:\u00a0<b>466*466<\/b>\u00a0pikseli<b>\u00a0!<\/b><\/span><\/li>\n<li class=\"MsoNormal\" style=\"font-size: 12pt;\"><span style=\"font-size: 12pt;\">tarcza: 11 motyw\u00f3w\u00a0do wyboru\u00a0<b>+ tarcze do pobrania z\u00a0aplikacji!\u00a0+ w\u0142asne tarcze! animowana grafika !<\/b><\/span><\/li>\n<li class=\"MsoNormal\" style=\"font-size: 12pt;\"><span style=\"font-size: 12pt;\"><b>NOWO\u015a\u0106! &#8211; ALWAYS ON DISPLAY !!!\u00a0<\/b>(<b>\u00a0<\/b>funkcja ta polega na sta\u0142ym wy\u015bwietlaniu na\u00a0ekranie smartwatcha w trybie czuwania zegara , 2 tryby &#8211; zegar analogowy lub cyfrowy , mo\u017cliwo\u015b\u0107 w\u0142\/wy\u0142. funkcji )<\/span><\/li>\n<li class=\"MsoNormal\" style=\"font-size: 12pt;\"><span style=\"font-size: 12pt;\"><b>Bluetooth Call ! wbudowany mikrofon i g\u0142o\u015bnik\u00a0<\/b>( mo\u017cliwo\u015b\u0107 szybkiego w\u0142 \/ wy\u0142 z pozycji smartwatcha ! )<\/span><\/li>\n<li class=\"MsoNormal\" style=\"font-size: 12pt;\"><span style=\"font-size: 12pt;\">odbieranie i wykonywanie po\u0142\u0105cze\u0144 + spis po\u0142\u0105cze\u0144<\/span><\/li>\n<li class=\"MsoNormal\" style=\"font-size: 12pt;\"><span style=\"font-size: 12pt;\">procesor: 7012A6S<\/span><\/li>\n<li class=\"MsoNormal\" style=\"font-size: 12pt;\"><span style=\"font-size: 12pt;\">Bluetooth\u00a0<b>5.0! ( oszcz\u0119dny i szybki )<\/b><\/span><\/li>\n<li class=\"MsoNormal\" style=\"font-size: 12pt;\"><span style=\"font-size: 12pt;\">wodoszczelno\u015b\u0107:\u00a0odporny na zachlapania<\/span><\/li>\n<li class=\"MsoNormal\" style=\"font-size: 12pt;\"><span style=\"font-size: 12pt;\">koperta wykonana stopu metalu, pokryta metod\u0105 IPS\/IPG,\u00a0\u00a0nie zawiera niklu, jest HiPOALERGiCZNA !<\/span><\/li>\n<li class=\"MsoNormal\" style=\"font-size: 12pt;\"><span style=\"font-size: 12pt;\">mo\u017cliwo\u015b\u0107 wymiany paska \u00a0( 22mm )<\/span><\/li>\n<li class=\"MsoNormal\" style=\"font-size: 12pt;\"><span style=\"font-size: 12pt;\">szkie\u0142ko mineralne\u00a0<b>2.5D\u00a0<\/b><\/span><\/li>\n<li class=\"MsoNormal\" style=\"font-size: 12pt;\"><span style=\"font-size: 12pt;\">Super Bateria:\u00a0<b>260 mAh\u00a0<\/b><\/span><\/li>\n<li class=\"MsoNormal\" style=\"font-size: 12pt;\"><span style=\"font-size: 12pt;\">wsp\u00f3\u0142praca z oprogramowaniem\u00a0iOS i Android<\/span><\/li>\n<li class=\"MsoNormal\" style=\"font-size: 12pt;\"><span style=\"font-size: 12pt;\">aplikacja: Co-Fit<\/span>\n<\/li>\n<\/ul>\n<p><span style=\"font-size: 12pt;\"><strong>Funkcje:<\/strong><\/span><\/p>\n<ul style=\"margin-top: 0cm;\" type=\"disc\">\n<li class=\"MsoNormal\" style=\"font-size: 12pt;\"><span style=\"font-size: 12pt;\"><b>10+<\/b>\u00a0tryby\u00a0sportowe\u00a0+ trening oddechu\u00a0<\/span><\/li>\n<li class=\"MsoNormal\" style=\"font-size: 12pt;\"><span style=\"font-size: 12pt;\">krokomierz, licznik kalorii<\/span><\/li>\n<li class=\"MsoNormal\" style=\"font-size: 12pt;\"><span style=\"font-size: 12pt;\">pomiar t\u0119tna ( PULSOMETR ), pomiar ci\u015bnienia krwi, pomiar tlenu we krwi ( PULSOKSYMETR),<\/span><\/li>\n<li class=\"MsoNormal\" style=\"font-size: 12pt;\"><span style=\"font-size: 12pt;\">monitor snu<\/span><\/li>\n<li class=\"MsoNormal\" style=\"font-size: 12pt;\"><span style=\"font-size: 12pt;\">cykl miesi\u0105czkowy<\/span><\/li>\n<li class=\"MsoNormal\" style=\"font-size: 12pt;\"><span style=\"font-size: 12pt;\">przypomnienie\u00a0ruchu<\/span><\/li>\n<li class=\"MsoNormal\" style=\"font-size: 12pt;\"><span style=\"font-size: 12pt;\">powiadomienie po\u0142\u0105cze\u0144 przychodz\u0105cych<\/span><\/li>\n<li class=\"MsoNormal\" style=\"font-size: 12pt;\"><span style=\"font-size: 12pt;\">powiadomienia:\u00a0Facebook, SMS, Twitter, WhatsApp, itp.<\/span><\/li>\n<li class=\"MsoNormal\" style=\"font-size: 12pt;\"><span style=\"font-size: 12pt;\">alarm\u00a0\/ budzik \/ timer<\/span><\/li>\n<li class=\"MsoNormal\" style=\"font-size: 12pt;\"><span style=\"font-size: 12pt;\">kalkulator<\/span><\/li>\n<li class=\"MsoNormal\" style=\"font-size: 12pt;\"><span style=\"font-size: 12pt;\">kalendarz\u00a0<\/span><\/li>\n<li class=\"MsoNormal\" style=\"font-size: 12pt;\"><span style=\"font-size: 12pt;\">informacje o pogodzie<\/span><\/li>\n<li class=\"MsoNormal\" style=\"font-size: 12pt;\"><span style=\"font-size: 12pt;\">zdalne zdj\u0119cia<\/span><\/li>\n<li class=\"MsoNormal\" style=\"font-size: 12pt;\"><span style=\"font-size: 12pt;\">sterowanie odtwarzaczem MP3 w telefonie dodatkowo z funkcj\u0105\u00a0<b>volume control !<\/b><\/span><\/li>\n<li class=\"MsoNormal\" style=\"font-size: 12pt;\"><span style=\"font-size: 12pt;\">funkcja: znajd\u017a\u00a0urz\u0105dzenie<\/span><\/li>\n<\/ul>\n<p>\u00a0<\/p>\n<p><strong><span style=\"font-size: 12pt;\">\u0420\u043e\u0437\u043c\u0456\u0440\u0438:<\/span><\/strong><\/p>\n<ul style=\"margin-top: 0cm;\" type=\"disc\">\n<li class=\"MsoNormal\" style=\"font-size: 12pt;\"><span style=\"font-size: 12pt;\">Wielko\u015b\u0107 koperty: 46 mm x 46 mm<\/span><\/li>\n<li class=\"MsoNormal\" style=\"font-size: 12pt;\"><span style=\"font-size: 12pt;\">Grubo\u015b\u0107 koperty: 12 mm<\/span><\/li>\n<\/ul>\n<ul style=\"list-style-type: square;\">\n<li style=\"font-size: 12pt;\"><span style=\"font-size: 12pt;\">Pasek szeroko\u015b\u0107: 22 mm<\/span><\/li>\n<li style=\"font-size: 12pt;\"><span style=\"font-size: 12pt;\">waga: 61 g<\/span><\/li>\n<\/ul>\n<p>\u00a0<\/p>\n<p><strong><span style=\"font-size: 12pt;\">Kolorystyka:<\/span><\/strong><\/p>\n<ul style=\"list-style-type: square;\">\n<li><span style=\"font-size: 12pt;\">Koperta: srebrna<\/span><\/li>\n<li><span style=\"font-size: 12pt;\">Pasek silikonowy: szary<\/span><\/li>\n<\/ul>\n<p>\u00a0<\/p>\n<p><strong><span style=\"font-size: 12pt;\">W ZESTAWIE OTRZYMASZ:<\/span><\/strong><\/p>\n<ul>\n<li><span style=\"font-size: 12pt;\">smartwatch z paskiem silikonowym (1 szt.)<\/span><\/li>\n<li><span style=\"font-size: 12pt;\">kabel \u0142adowania USB<\/span><\/li>\n<li><span style=\"font-size: 12pt;\">instrukcja PL + Karta Gwarancyjna\u00a0<\/span><\/li>\n<\/ul>\n<p>\u00a0<\/p>\n<p data-start=\"59\" data-end=\"267\"><span style=\"font-size: 14pt;\"><strong data-start=\"882\" data-end=\"923\" data-is-last-node=\"\">Nie mierz czasu \u2013 tw\u00f3rz go ze SMARTWATCHEM Rubicon<\/p>\n<p><\/strong><\/span><\/p>\n<p data-start=\"59\" data-end=\"267\"><span style=\"font-size: 12pt;\">Od 1998 roku\u00a0<strong data-start=\"72\" data-end=\"83\">Rubicon<\/strong> kreuje czas na w\u0142asnych zasadach, \u0142\u0105cz\u0105c precyzj\u0119 z wyrafinowanym designem. To marka dla tych, kt\u00f3rzy nie tylko pod\u0105\u017caj\u0105 za czasem, ale r\u00f3wnie\u017c chc\u0105 go prze\u017cywa\u0107 w najlepszym stylu.<\/span><\/p>\n<p data-start=\"269\" data-end=\"603\"><span style=\"font-size: 12pt;\"><strong data-start=\"269\" data-end=\"287\">Rubicon\u00a0<\/strong> smartwatch, kt\u00f3ry nie jest jedynie gad\u017cetem \u2013 to codzienny towarzysz, kt\u00f3ry subtelnie dopasowuje si\u0119 do Twojego tempa. Niezale\u017cnie od tego, czy p\u0119dzisz na spotkanie, prowadzisz wa\u017cn\u0105 rozmow\u0119, czy znajdujesz chwil\u0119 na relaks, Tw\u00f3j <strong data-start=\"521\" data-end=\"532\">Rubicon<\/strong> nad\u0105\u017ca za Tob\u0105, dodaj\u0105c elegancji i funkcjonalno\u015bci w ka\u017cdej chwili.<\/span><\/p>\n<p data-start=\"605\" data-end=\"878\"><span style=\"font-size: 12pt;\">Dla kobiet \u2013 subtelny, bi\u017cuteryjny akcent, kt\u00f3ry podkre\u015bla klas\u0119 i nowoczesny styl. Dla m\u0119\u017cczyzn \u2013 technologia w najlepszym wydaniu, kt\u00f3ra \u0142\u0105czy nowatorskie rozwi\u0105zania z perfekcyjn\u0105 jako\u015bci\u0105. <strong data-start=\"798\" data-end=\"809\">Rubicon<\/strong> to wi\u0119cej ni\u017c zegarek \u2013 to detal, kt\u00f3ry podkre\u015bla Twoj\u0105 osobowo\u015b\u0107.<\/span><\/p>\n<p data-start=\"605\" data-end=\"878\">\u00a0<\/p>","protected":false},"excerpt":{"rendered":"<p>\u00a0 Smartwatch Damski RUBICON RNCF10 Silver\/Grey \u00a0 Tw\u00f3j rytm. Tw\u00f3j czas. Tw\u00f3j Rubicon. Nowoczesny smartwatch, kt\u00f3ry nad\u0105\u017ca za Twoim tempem \u2013 niezale\u017cnie od planu dnia. Ten smartwatch to osobisty asystent, kt\u00f3ry wy\u015bwietla to, co wa\u017cne \u2013 dok\u0142adnie wtedy, kiedy tego potrzebujesz. Smuk\u0142y, nowoczesny design i\u00a0AMOLED 1.43\u201d z osza\u0142amiaj\u0105c\u0105 rozdzielczo\u015bci\u0105 466&#215;466 sprawiaj\u0105, \u017ce ekran wygl\u0105da jak [&hellip;]<\/p>","protected":false},"featured_media":996971,"template":"","meta":{"_acf_changed":false},"product_brand":[],"product_cat":[4850,4835],"product_tag":[],"class_list":{"0":"post-996969","1":"product","2":"type-product","3":"status-publish","4":"has-post-thumbnail","6":"product_cat-rubicon","7":"product_cat-smartwatch","9":"first","10":"instock","11":"taxable","12":"shipping-taxable","13":"purchasable","14":"product-type-simple"},"acf":[],"yoast_head":"<!-- This site is optimized with the Yoast SEO plugin v27.2 - https:\/\/yoast.com\/product\/yoast-seo-wordpress\/ -->\n<title>Smartwatch Damski RUBICON RNCF10 Silver\/Grey SMARUB238<\/title>\n<meta name=\"robots\" content=\"index, follow, max-snippet:-1, max-image-preview:large, max-video-preview:-1\" \/>\n<link rel=\"canonical\" href=\"https:\/\/pauzza.pl\/uk\/\u043f\u0440\u043e\u0434\u0443\u043a\u0442\/smartwatch-damski-rubicon-rncf10-silver-grey-smarub238\/\" \/>\n<meta property=\"og:locale\" content=\"uk_UA\" \/>\n<meta property=\"og:type\" content=\"article\" \/>\n<meta property=\"og:title\" content=\"Smartwatch Damski RUBICON RNCF10 Silver\/Grey SMARUB238\" \/>\n<meta property=\"og:description\" content=\"\u00a0 Smartwatch Damski RUBICON RNCF10 Silver\/Grey \u00a0 Tw\u00f3j rytm. Tw\u00f3j czas. Tw\u00f3j Rubicon. Nowoczesny smartwatch, kt\u00f3ry nad\u0105\u017ca za Twoim tempem \u2013 niezale\u017cnie od planu dnia. Ten smartwatch to osobisty asystent, kt\u00f3ry wy\u015bwietla to, co wa\u017cne \u2013 dok\u0142adnie wtedy, kiedy tego potrzebujesz. Smuk\u0142y, nowoczesny design i\u00a0AMOLED 1.43\u201d z osza\u0142amiaj\u0105c\u0105 rozdzielczo\u015bci\u0105 466&#215;466 sprawiaj\u0105, \u017ce ekran wygl\u0105da jak [&hellip;]\" \/>\n<meta property=\"og:url\" content=\"https:\/\/pauzza.pl\/uk\/\u043f\u0440\u043e\u0434\u0443\u043a\u0442\/smartwatch-damski-rubicon-rncf10-silver-grey-smarub238\/\" \/>\n<meta property=\"og:site_name\" content=\"Sklep online z damsk\u0105 odzie\u017c\u0105 Pauzza: Damska odzie\u017c. Nowa Kolekcja\" \/>\n<meta property=\"article:modified_time\" content=\"2026-04-15T02:16:45+00:00\" \/>\n<meta property=\"og:image\" content=\"https:\/\/pauzza.pl\/wp-content\/uploads\/2025\/11\/1_max-474.jpg\" \/>\n\t<meta property=\"og:image:width\" content=\"754\" \/>\n\t<meta property=\"og:image:height\" content=\"800\" \/>\n\t<meta property=\"og:image:type\" content=\"image\/jpeg\" \/>\n<meta name=\"twitter:card\" content=\"summary_large_image\" \/>\n<meta name=\"twitter:label1\" content=\"\u041f\u0440\u0438\u0431\u043b. \u0447\u0430\u0441 \u0447\u0438\u0442\u0430\u043d\u043d\u044f\" \/>\n\t<meta name=\"twitter:data1\" content=\"3 \u0445\u0432\u0438\u043b\u0438\u043d\u0438\" \/>\n<script type=\"application\/ld+json\" class=\"yoast-schema-graph\">{\"@context\":\"https:\/\/schema.org\",\"@graph\":[{\"@type\":\"WebPage\",\"@id\":\"https:\/\/pauzza.pl\/produkt\/smartwatch-damski-rubicon-rncf10-silver-grey-smarub238\/\",\"url\":\"https:\/\/pauzza.pl\/produkt\/smartwatch-damski-rubicon-rncf10-silver-grey-smarub238\/\",\"name\":\"Smartwatch Damski RUBICON RNCF10 Silver\/Grey SMARUB238\",\"isPartOf\":{\"@id\":\"https:\/\/pauzza.pl\/#website\"},\"primaryImageOfPage\":{\"@id\":\"https:\/\/pauzza.pl\/produkt\/smartwatch-damski-rubicon-rncf10-silver-grey-smarub238\/#primaryimage\"},\"image\":{\"@id\":\"https:\/\/pauzza.pl\/produkt\/smartwatch-damski-rubicon-rncf10-silver-grey-smarub238\/#primaryimage\"},\"thumbnailUrl\":\"https:\/\/pauzza.pl\/wp-content\/uploads\/2025\/11\/1_max-474.jpg\",\"datePublished\":\"2025-11-24T18:33:00+00:00\",\"dateModified\":\"2026-04-15T02:16:45+00:00\",\"breadcrumb\":{\"@id\":\"https:\/\/pauzza.pl\/produkt\/smartwatch-damski-rubicon-rncf10-silver-grey-smarub238\/#breadcrumb\"},\"inLanguage\":\"uk\",\"potentialAction\":[{\"@type\":\"ReadAction\",\"target\":[\"https:\/\/pauzza.pl\/produkt\/smartwatch-damski-rubicon-rncf10-silver-grey-smarub238\/\"]}]},{\"@type\":\"ImageObject\",\"inLanguage\":\"uk\",\"@id\":\"https:\/\/pauzza.pl\/produkt\/smartwatch-damski-rubicon-rncf10-silver-grey-smarub238\/#primaryimage\",\"url\":\"https:\/\/pauzza.pl\/wp-content\/uploads\/2025\/11\/1_max-474.jpg\",\"contentUrl\":\"https:\/\/pauzza.pl\/wp-content\/uploads\/2025\/11\/1_max-474.jpg\",\"width\":754,\"height\":800},{\"@type\":\"BreadcrumbList\",\"@id\":\"https:\/\/pauzza.pl\/produkt\/smartwatch-damski-rubicon-rncf10-silver-grey-smarub238\/#breadcrumb\",\"itemListElement\":[{\"@type\":\"ListItem\",\"position\":1,\"name\":\"Strona g\u0142\u00f3wna\",\"item\":\"https:\/\/pauzza.pl\/\"},{\"@type\":\"ListItem\",\"position\":2,\"name\":\"Sklep\",\"item\":\"https:\/\/pauzza.pl\/sklep\/\"},{\"@type\":\"ListItem\",\"position\":3,\"name\":\"Smartwatch Damski RUBICON RNCF10 Silver\/Grey SMARUB238\"}]},{\"@type\":\"WebSite\",\"@id\":\"https:\/\/pauzza.pl\/#website\",\"url\":\"https:\/\/pauzza.pl\/\",\"name\":\"Sklep online z damsk\u0105 odzie\u017c\u0105 Pauzza: Damska odzie\u017c. Nowa Kolekcja\",\"description\":\"Je\u015bli chcesz zadba\u0107 o sw\u00f3j profesjonalny i pe\u0142en klasy wygl\u0105d w pracy butik online Pauzza, to strza\u0142 w dziesi\u0105tk\u0119! U nas znajdziesz szeroki wyb\u00f3r \u017cakiet\u00f3w, koszul, kurtek, sukienek, sp\u00f3dnic i wiele wiecej\",\"publisher\":{\"@id\":\"https:\/\/pauzza.pl\/#organization\"},\"potentialAction\":[{\"@type\":\"SearchAction\",\"target\":{\"@type\":\"EntryPoint\",\"urlTemplate\":\"https:\/\/pauzza.pl\/?s={search_term_string}\"},\"query-input\":{\"@type\":\"PropertyValueSpecification\",\"valueRequired\":true,\"valueName\":\"search_term_string\"}}],\"inLanguage\":\"uk\"},{\"@type\":\"Organization\",\"@id\":\"https:\/\/pauzza.pl\/#organization\",\"name\":\"Sklep online z damsk\u0105 odzie\u017c\u0105 Pauzza: Damska odzie\u017c. Nowa Kolekcja\",\"url\":\"https:\/\/pauzza.pl\/\",\"logo\":{\"@type\":\"ImageObject\",\"inLanguage\":\"uk\",\"@id\":\"https:\/\/pauzza.pl\/#\/schema\/logo\/image\/\",\"url\":\"https:\/\/pauzza.pl\/wp-content\/uploads\/2024\/01\/pauzzaw.png\",\"contentUrl\":\"https:\/\/pauzza.pl\/wp-content\/uploads\/2024\/01\/pauzzaw.png\",\"width\":350,\"height\":100,\"caption\":\"Sklep online z damsk\u0105 odzie\u017c\u0105 Pauzza: Damska odzie\u017c. Nowa Kolekcja\"},\"image\":{\"@id\":\"https:\/\/pauzza.pl\/#\/schema\/logo\/image\/\"}}]}<\/script>\n<!-- \/ Yoast SEO plugin. -->","yoast_head_json":{"title":"Smartwatch Damski RUBICON RNCF10 Silver\/Grey SMARUB238","robots":{"index":"index","follow":"follow","max-snippet":"max-snippet:-1","max-image-preview":"max-image-preview:large","max-video-preview":"max-video-preview:-1"},"canonical":"https:\/\/pauzza.pl\/uk\/\u043f\u0440\u043e\u0434\u0443\u043a\u0442\/smartwatch-damski-rubicon-rncf10-silver-grey-smarub238\/","og_locale":"uk_UA","og_type":"article","og_title":"Smartwatch Damski RUBICON RNCF10 Silver\/Grey SMARUB238","og_description":"\u00a0 Smartwatch Damski RUBICON RNCF10 Silver\/Grey \u00a0 Tw\u00f3j rytm. Tw\u00f3j czas. Tw\u00f3j Rubicon. Nowoczesny smartwatch, kt\u00f3ry nad\u0105\u017ca za Twoim tempem \u2013 niezale\u017cnie od planu dnia. Ten smartwatch to osobisty asystent, kt\u00f3ry wy\u015bwietla to, co wa\u017cne \u2013 dok\u0142adnie wtedy, kiedy tego potrzebujesz. Smuk\u0142y, nowoczesny design i\u00a0AMOLED 1.43\u201d z osza\u0142amiaj\u0105c\u0105 rozdzielczo\u015bci\u0105 466&#215;466 sprawiaj\u0105, \u017ce ekran wygl\u0105da jak [&hellip;]","og_url":"https:\/\/pauzza.pl\/uk\/\u043f\u0440\u043e\u0434\u0443\u043a\u0442\/smartwatch-damski-rubicon-rncf10-silver-grey-smarub238\/","og_site_name":"Sklep online z damsk\u0105 odzie\u017c\u0105 Pauzza: Damska odzie\u017c. Nowa Kolekcja","article_modified_time":"2026-04-15T02:16:45+00:00","og_image":[{"width":754,"height":800,"url":"https:\/\/pauzza.pl\/wp-content\/uploads\/2025\/11\/1_max-474.jpg","type":"image\/jpeg"}],"twitter_card":"summary_large_image","twitter_misc":{"\u041f\u0440\u0438\u0431\u043b. \u0447\u0430\u0441 \u0447\u0438\u0442\u0430\u043d\u043d\u044f":"3 \u0445\u0432\u0438\u043b\u0438\u043d\u0438"},"schema":{"@context":"https:\/\/schema.org","@graph":[{"@type":"WebPage","@id":"https:\/\/pauzza.pl\/produkt\/smartwatch-damski-rubicon-rncf10-silver-grey-smarub238\/","url":"https:\/\/pauzza.pl\/produkt\/smartwatch-damski-rubicon-rncf10-silver-grey-smarub238\/","name":"Smartwatch Damski RUBICON RNCF10 Silver\/Grey SMARUB238","isPartOf":{"@id":"https:\/\/pauzza.pl\/#website"},"primaryImageOfPage":{"@id":"https:\/\/pauzza.pl\/produkt\/smartwatch-damski-rubicon-rncf10-silver-grey-smarub238\/#primaryimage"},"image":{"@id":"https:\/\/pauzza.pl\/produkt\/smartwatch-damski-rubicon-rncf10-silver-grey-smarub238\/#primaryimage"},"thumbnailUrl":"https:\/\/pauzza.pl\/wp-content\/uploads\/2025\/11\/1_max-474.jpg","datePublished":"2025-11-24T18:33:00+00:00","dateModified":"2026-04-15T02:16:45+00:00","breadcrumb":{"@id":"https:\/\/pauzza.pl\/produkt\/smartwatch-damski-rubicon-rncf10-silver-grey-smarub238\/#breadcrumb"},"inLanguage":"uk","potentialAction":[{"@type":"ReadAction","target":["https:\/\/pauzza.pl\/produkt\/smartwatch-damski-rubicon-rncf10-silver-grey-smarub238\/"]}]},{"@type":"ImageObject","inLanguage":"uk","@id":"https:\/\/pauzza.pl\/produkt\/smartwatch-damski-rubicon-rncf10-silver-grey-smarub238\/#primaryimage","url":"https:\/\/pauzza.pl\/wp-content\/uploads\/2025\/11\/1_max-474.jpg","contentUrl":"https:\/\/pauzza.pl\/wp-content\/uploads\/2025\/11\/1_max-474.jpg","width":754,"height":800},{"@type":"BreadcrumbList","@id":"https:\/\/pauzza.pl\/produkt\/smartwatch-damski-rubicon-rncf10-silver-grey-smarub238\/#breadcrumb","itemListElement":[{"@type":"ListItem","position":1,"name":"Strona g\u0142\u00f3wna","item":"https:\/\/pauzza.pl\/"},{"@type":"ListItem","position":2,"name":"Sklep","item":"https:\/\/pauzza.pl\/sklep\/"},{"@type":"ListItem","position":3,"name":"Smartwatch Damski RUBICON RNCF10 Silver\/Grey SMARUB238"}]},{"@type":"WebSite","@id":"https:\/\/pauzza.pl\/#website","url":"https:\/\/pauzza.pl\/","name":"\u0406\u043d\u0442\u0435\u0440\u043d\u0435\u0442 \u043c\u0430\u0433\u0430\u0437\u0438\u043d \u0436\u0456\u043d\u043e\u0447\u043e\u0433\u043e \u043e\u0434\u044f\u0433\u0443 Pauzza: \u0416\u0456\u043d\u043e\u0447\u0438\u0439 \u043e\u0434\u044f\u0433. \u041d\u043e\u0432\u0430 \u043a\u043e\u043b\u0435\u043a\u0446\u0456\u044f","description":"\u042f\u043a\u0449\u043e \u0432\u0438 \u0445\u043e\u0447\u0435\u0442\u0435 \u043f\u043e\u0434\u0431\u0430\u0442\u0438 \u043f\u0440\u043e \u0441\u0432\u0456\u0439 \u043f\u0440\u043e\u0444\u0435\u0441\u0456\u0439\u043d\u0438\u0439 \u0442\u0430 \u0441\u0442\u0438\u043b\u044c\u043d\u0438\u0439 \u0432\u0438\u0433\u043b\u044f\u0434 \u043d\u0430 \u0440\u043e\u0431\u043e\u0442\u0456, \u043e\u043d\u043b\u0430\u0439\u043d-\u0431\u0443\u0442\u0456\u043a Pauzza - \u0446\u0435 \u0445\u0456\u0442! \u0422\u0443\u0442 \u0432\u0438 \u0437\u043d\u0430\u0439\u0434\u0435\u0442\u0435 \u0448\u0438\u0440\u043e\u043a\u0438\u0439 \u0432\u0438\u0431\u0456\u0440 \u043f\u0456\u0434\u0436\u0430\u043a\u0456\u0432, \u0441\u043e\u0440\u043e\u0447\u043e\u043a, \u0436\u0430\u043a\u0435\u0442\u0456\u0432, \u0441\u0443\u043a\u043e\u043d\u044c, \u0441\u043f\u0456\u0434\u043d\u0438\u0446\u044c \u0442\u0430 \u0431\u0430\u0433\u0430\u0442\u043e \u0456\u043d\u0448\u043e\u0433\u043e.","publisher":{"@id":"https:\/\/pauzza.pl\/#organization"},"potentialAction":[{"@type":"SearchAction","target":{"@type":"EntryPoint","urlTemplate":"https:\/\/pauzza.pl\/?s={search_term_string}"},"query-input":{"@type":"PropertyValueSpecification","valueRequired":true,"valueName":"search_term_string"}}],"inLanguage":"uk"},{"@type":"Organization","@id":"https:\/\/pauzza.pl\/#organization","name":"\u0406\u043d\u0442\u0435\u0440\u043d\u0435\u0442 \u043c\u0430\u0433\u0430\u0437\u0438\u043d \u0436\u0456\u043d\u043e\u0447\u043e\u0433\u043e \u043e\u0434\u044f\u0433\u0443 Pauzza: \u0416\u0456\u043d\u043e\u0447\u0438\u0439 \u043e\u0434\u044f\u0433. \u041d\u043e\u0432\u0430 \u043a\u043e\u043b\u0435\u043a\u0446\u0456\u044f","url":"https:\/\/pauzza.pl\/","logo":{"@type":"ImageObject","inLanguage":"uk","@id":"https:\/\/pauzza.pl\/#\/schema\/logo\/image\/","url":"https:\/\/pauzza.pl\/wp-content\/uploads\/2024\/01\/pauzzaw.png","contentUrl":"https:\/\/pauzza.pl\/wp-content\/uploads\/2024\/01\/pauzzaw.png","width":350,"height":100,"caption":"Sklep online z damsk\u0105 odzie\u017c\u0105 Pauzza: Damska odzie\u017c. Nowa Kolekcja"},"image":{"@id":"https:\/\/pauzza.pl\/#\/schema\/logo\/image\/"}}]}},"_links":{"self":[{"href":"https:\/\/pauzza.pl\/uk\/wp-json\/wp\/v2\/product\/996969","targetHints":{"allow":["GET"]}}],"collection":[{"href":"https:\/\/pauzza.pl\/uk\/wp-json\/wp\/v2\/product"}],"about":[{"href":"https:\/\/pauzza.pl\/uk\/wp-json\/wp\/v2\/types\/product"}],"wp:featuredmedia":[{"embeddable":true,"href":"https:\/\/pauzza.pl\/uk\/wp-json\/wp\/v2\/media\/996971"}],"wp:attachment":[{"href":"https:\/\/pauzza.pl\/uk\/wp-json\/wp\/v2\/media?parent=996969"}],"wp:term":[{"taxonomy":"product_brand","embeddable":true,"href":"https:\/\/pauzza.pl\/uk\/wp-json\/wp\/v2\/product_brand?post=996969"},{"taxonomy":"product_cat","embeddable":true,"href":"https:\/\/pauzza.pl\/uk\/wp-json\/wp\/v2\/product_cat?post=996969"},{"taxonomy":"product_tag","embeddable":true,"href":"https:\/\/pauzza.pl\/uk\/wp-json\/wp\/v2\/product_tag?post=996969"}],"curies":[{"name":"wp","href":"https:\/\/api.w.org\/{rel}","templated":true}]}}