{"id":996940,"date":"2025-11-24T18:48:17","date_gmt":"2025-11-24T17:48:17","guid":{"rendered":"https:\/\/pauzza.pl\/produkt\/smartwatch-rubicon-rncf11-black-smarub240\/"},"modified":"2026-04-10T15:54:24","modified_gmt":"2026-04-10T13:54:24","slug":"smartwatch-rubicon-rncf11-black-smarub240","status":"publish","type":"product","link":"https:\/\/pauzza.pl\/uk\/%d0%bf%d1%80%d0%be%d0%b4%d1%83%d0%ba%d1%82\/smartwatch-rubicon-rncf11-black-smarub240\/","title":{"rendered":"Smartwatch RUBICON RNCF11 Black SMARUB240"},"content":{"rendered":"<p class=\"def\"><strong><span style=\"font-size: 18pt;\"><br \/>Smartwatch RUBICON RNCF11 Black<\/span><\/strong><\/p>\n<p class=\"def\">\u00a0<\/p>\n<p class=\"def\"><span style=\"font-size: 18pt;\">Tw\u00f3j<\/span><strong><span style=\"font-size: 18pt;\"> rytm. <\/span><\/strong><span style=\"font-size: 18pt;\">Tw\u00f3j <\/span><strong><span style=\"font-size: 18pt;\">czas. <\/span><\/strong><span style=\"font-size: 18pt;\">Tw\u00f3j<\/span><strong><span style=\"font-size: 18pt;\"> Rubicon.<\/p>\n<p><\/span><\/strong><\/p>\n<p class=\"\" data-start=\"164\" data-end=\"245\"><span style=\"font-size: 14pt;\"><span style=\"font-size: 18pt;\"><span style=\"font-size: 14pt;\"><strong>MODEL UNISEX w kolorze Black\u00a0<\/strong>&#8211;<strong> Dla niej, dla niego. Po prostu: dla Ciebie.<br \/><\/strong><\/span><\/span><strong data-start=\"164\" data-end=\"243\"><br \/><\/strong><\/span><span style=\"font-size: 12pt;\">Elegancki i funkcjonalny, zaprojektowany z my\u015bl\u0105 o tych, kt\u00f3rzy ceni\u0105 styl, technologi\u0119 i wygod\u0119 w jednym. Smuk\u0142a koperta i wy\u015bwietlacz <strong>AMOLED 1.43\u201d<\/strong> z imponuj\u0105c\u0105 jasno\u015bci\u0105 i rozdzielczo\u015bci\u0105 466&#215;466 zapewniaj\u0105 doskona\u0142\u0105 widoczno\u015b\u0107 w ka\u017cdych warunkach \u2013 od porannego biegu po wieczorne spotkania.<\/span><\/p>\n<p class=\"\" data-start=\"532\" data-end=\"792\"><span style=\"font-size: 12pt;\"><strong data-start=\"532\" data-end=\"550\">Zegar \u015awiatowy<\/strong> to nowo\u015b\u0107, kt\u00f3ra pozwala kontrolowa\u0107 czas w trzech strefach jednocze\u015bnie \u2013 dla tych, kt\u00f3rzy \u017cyj\u0105 globalnie. Z kolei <strong data-start=\"667\" data-end=\"688\">Always On Display<\/strong> sprawia, \u017ce godzina jest zawsze pod r\u0119k\u0105 \u2013 w formie analogowej lub cyfrowej, dok\u0142adnie tak, jak lubisz.<\/span><\/p>\n<p class=\"\" data-start=\"794\" data-end=\"1000\"><span style=\"font-size: 12pt;\">Rozmowy bez wyjmowania telefonu? Z funkcj\u0105 <strong data-start=\"837\" data-end=\"855\">Bluetooth Call<\/strong>, wbudowanym mikrofonem i g\u0142o\u015bnikiem to \u017caden problem \u2013 a szybkie w\u0142\u0105czanie tej opcji z poziomu zegarka to codzienna wygoda w najlepszym wydaniu.<\/span><\/p>\n<p class=\"\" data-start=\"1002\" data-end=\"1324\"><span style=\"font-size: 12pt;\">Sercem zegarka jest energooszcz\u0119dny procesor 7012A6S i niezawodny Bluetooth 5.0. Wsp\u00f3\u0142pracuje z systemami iOS i Android, a jego obs\u0142uga \u2013 z poziomu intuicyjnej aplikacji <strong data-start=\"1172\" data-end=\"1182\">Co-Fit<\/strong> \u2013 jest w pe\u0142ni w j\u0119zyku polskim. Hipoalergiczna koperta z ABS, odporno\u015b\u0107 na zachlapania i mo\u017cliwo\u015b\u0107 wymiany paska (22 mm) to dodatkowe atuty.<\/span><\/p>\n<p class=\"\" data-start=\"1326\" data-end=\"1722\"><span style=\"font-size: 12pt;\">Na pok\u0142adzie masz wszystko, czego potrzebujesz: <strong data-start=\"1374\" data-end=\"1537\">ponad 10 tryb\u00f3w sportowych, trening oddechu, pulsometr, pulsoksymetr, ci\u015bnieniomierz, monitor snu, licznik kalorii, krokomierz i kontrol\u0119 cyklu menstruacyjnego<\/strong>. Do tego powiadomienia z aplikacji, pogoda, budzik, kalkulator, kalendarz, zdalne zdj\u0119cia, latarka, sterowanie muzyk\u0105 z telefonu (z regulacj\u0105 g\u0142o\u015bno\u015bci) oraz funkcja znajd\u017a urz\u0105dzenie.<\/p>\n<p><\/span><\/p>\n<p class=\"\" data-start=\"1724\" data-end=\"1867\"><span style=\"font-size: 14pt;\"><strong data-start=\"1724\" data-end=\"1785\">Inteligentny, stylowy i gotowy do dzia\u0142ania \u2013 tak jak Ty.<br \/><\/strong><\/span><br data-start=\"1785\" data-end=\"1788\"><span style=\"font-size: 12pt;\">Dla ka\u017cdego, kto \u017cyje intensywnie i potrzebuje sprz\u0119tu, kt\u00f3ry po prostu nad\u0105\u017ca.<\/span><\/p>\n<p>\u00a0<\/p>\n<p class=\"\" data-start=\"1790\" data-end=\"1893\">\u00a0<\/p>\n<p class=\"def\" style=\"box-sizing: border-box; outline: none; color: #131313; font-family: Roboto, sans-serif; font-size: 14px;\"><span style=\"font-size: 12pt;\"><strong>Opis produktu:<\/strong><\/span><\/p>\n<ul style=\"margin-top: 0cm;\" type=\"disc\">\n<li class=\"MsoNormal\" style=\"font-size: 12pt;\"><span style=\"font-size: 12pt;\"><b>NOWO\u015a\u0106 !\u00a0Zegar \u015awiatowy\u00a0<\/b>\u00a0( +2 zegary )<\/span><\/li>\n<li class=\"MsoNormal\" style=\"font-size: 12pt;\"><span style=\"font-size: 12pt;\">\u041c\u0435\u043d\u044e <b>( 5\u00a0motyw\u00f3w )<\/b>\u00a0i aplikacja w j\u0119zyku polskim !<\/span><\/li>\n<li class=\"MsoNormal\" style=\"font-size: 12pt;\"><span style=\"font-size: 12pt;\">wy\u015bwietlacz MULTIdotyk\u00a0<b>AMOLED<\/b>\u00a0<b>1.43\u201d !!!\u00a0<\/b>( REWELACYJNA jasno\u015b\u0107 , kolory i rozdzielczo\u015b\u0107 !!! )<\/span><\/li>\n<li class=\"MsoNormal\" style=\"font-size: 12pt;\"><span style=\"font-size: 12pt;\">wysoka rozdzielczo\u015b\u0107:\u00a0<b>466*466<\/b>\u00a0pikseli<b>\u00a0!<\/b><\/span><\/li>\n<li class=\"MsoNormal\" style=\"font-size: 12pt;\"><span style=\"font-size: 12pt;\">tarcza: 11 motyw\u00f3w\u00a0do wyboru\u00a0<b>+ tarcze do pobrania z\u00a0aplikacji!\u00a0+ w\u0142asne tarcze! animowana grafika !<\/b><\/span><\/li>\n<li class=\"MsoNormal\" style=\"font-size: 12pt;\"><span style=\"font-size: 12pt;\"><b>NOWO\u015a\u0106! &#8211; ALWAYS ON DISPLAY !!!\u00a0<\/b>(<b>\u00a0<\/b>funkcja ta polega na sta\u0142ym wy\u015bwietlaniu na\u00a0ekranie smartwatcha w trybie czuwania zegara , 2 tryby &#8211; zegar analogowy lub cyfrowy , mo\u017cliwo\u015b\u0107 w\u0142\/wy\u0142. funkcji )<\/span><\/li>\n<li class=\"MsoNormal\" style=\"font-size: 12pt;\"><span style=\"font-size: 12pt;\"><b>Bluetooth Call ! wbudowany mikrofon i g\u0142o\u015bnik\u00a0<\/b>( mo\u017cliwo\u015b\u0107 szybkiego w\u0142 \/ wy\u0142 z pozycji smartwatcha ! )<\/span><\/li>\n<li class=\"MsoNormal\" style=\"font-size: 12pt;\"><span style=\"font-size: 12pt;\">odbieranie i wykonywanie po\u0142\u0105cze\u0144 + spis po\u0142\u0105cze\u0144<\/span><\/li>\n<li class=\"MsoNormal\" style=\"font-size: 12pt;\"><span style=\"font-size: 12pt;\">procesor: 7012A6S<\/span><\/li>\n<li class=\"MsoNormal\" style=\"font-size: 12pt;\"><span style=\"font-size: 12pt;\">Bluetooth\u00a0<b>5.0! ( oszcz\u0119dny i szybki )<\/b><\/span><\/li>\n<li class=\"MsoNormal\" style=\"font-size: 12pt;\"><span style=\"font-size: 12pt;\">wodoszczelno\u015b\u0107:\u00a0odporny na zachlapania<\/span><\/li>\n<li class=\"MsoNormal\" style=\"font-size: 12pt;\"><span style=\"font-size: 12pt;\">koperta wykonana z tworzywa ABS, pokryta metod\u0105 IPS\/IPG,\u00a0\u00a0nie zawiera niklu, jest HiPOALERGiCZNA !<\/span><\/li>\n<li class=\"MsoNormal\" style=\"font-size: 12pt;\"><span style=\"font-size: 12pt;\">mo\u017cliwo\u015b\u0107 wymiany paska \u00a0( 22mm )<\/span><\/li>\n<li class=\"MsoNormal\" style=\"font-size: 12pt;\"><span style=\"font-size: 12pt;\">szkie\u0142ko mineralne\u00a0<b>2.5D\u00a0<\/b><\/span><\/li>\n<li class=\"MsoNormal\" style=\"font-size: 12pt;\"><span style=\"font-size: 12pt;\">Super Bateria:\u00a0<b>260 mAh\u00a0<\/b><\/span><\/li>\n<li class=\"MsoNormal\" style=\"font-size: 12pt;\"><span style=\"font-size: 12pt;\">wsp\u00f3\u0142praca z oprogramowaniem\u00a0iOS i Android<\/span><\/li>\n<li class=\"MsoNormal\" style=\"font-size: 12pt;\"><span style=\"font-size: 12pt;\">aplikacja: Co-Fit<\/span><\/li>\n<\/ul>\n<p>\u00a0<\/p>\n<p><span style=\"font-size: 12pt;\"><strong>Funkcje:<\/strong><\/span><\/p>\n<ul style=\"margin-top: 0cm;\" type=\"disc\">\n<li class=\"MsoNormal\" style=\"font-size: 12pt;\"><span style=\"font-size: 12pt;\"><b>10+<\/b>\u00a0tryby\u00a0sportowe\u00a0+ trening oddechu\u00a0<\/span><\/li>\n<li class=\"MsoNormal\" style=\"font-size: 12pt;\"><span style=\"font-size: 12pt;\">krokomierz, licznik kalorii<\/span><\/li>\n<li class=\"MsoNormal\" style=\"font-size: 12pt;\"><span style=\"font-size: 12pt;\">pomiar t\u0119tna ( PULSOMETR ), pomiar ci\u015bnienia krwi, pomiar tlenu we krwi ( PULSOKSYMETR),<\/span><\/li>\n<li class=\"MsoNormal\" style=\"font-size: 12pt;\"><span style=\"font-size: 12pt;\">monitor snu<\/span><\/li>\n<li class=\"MsoNormal\" style=\"font-size: 12pt;\"><span style=\"font-size: 12pt;\">cykl miesi\u0105czkowy<\/span><\/li>\n<li class=\"MsoNormal\" style=\"font-size: 12pt;\"><span style=\"font-size: 12pt;\">przypomnienie\u00a0ruchu<\/span><\/li>\n<li class=\"MsoNormal\" style=\"font-size: 12pt;\"><span style=\"font-size: 12pt;\">powiadomienie po\u0142\u0105cze\u0144 przychodz\u0105cych<\/span><\/li>\n<li class=\"MsoNormal\" style=\"font-size: 12pt;\"><span style=\"font-size: 12pt;\">powiadomienia:\u00a0Facebook, SMS, Twitter, WhatsApp, itp.<\/span><\/li>\n<li class=\"MsoNormal\" style=\"font-size: 12pt;\"><span style=\"font-size: 12pt;\">alarm\u00a0\/ budzik \/ timer<\/span><\/li>\n<li class=\"MsoNormal\" style=\"font-size: 12pt;\"><span style=\"font-size: 12pt;\">kalkulator<\/span><\/li>\n<li class=\"MsoNormal\" style=\"font-size: 12pt;\"><span style=\"font-size: 12pt;\">kalendarz\u00a0<\/span><\/li>\n<li class=\"MsoNormal\" style=\"font-size: 12pt;\"><span style=\"font-size: 12pt;\">informacje o pogodzie<\/span><\/li>\n<li class=\"MsoNormal\" style=\"font-size: 12pt;\"><span style=\"font-size: 12pt;\">zdalne zdj\u0119cia<\/span><\/li>\n<li class=\"MsoNormal\" style=\"font-size: 12pt;\"><span style=\"font-size: 12pt;\">sterowanie odtwarzaczem MP3 w telefonie dodatkowo z funkcj\u0105\u00a0<b>volume control !<\/b><\/span><\/li>\n<li class=\"MsoNormal\" style=\"font-size: 12pt;\"><span style=\"font-size: 12pt;\">funkcja: znajd\u017a urz\u0105dzenie<\/span><\/li>\n<\/ul>\n<p class=\"MsoNormal\">\u00a0<\/p>\n<p class=\"MsoNormal\"><span style=\"font-size: 12pt;\">Uwagi:\u00a0<\/span><\/p>\n<ul style=\"margin-top: 0cm;\" type=\"disc\">\n<li class=\"MsoNormal\" style=\"font-size: 12pt;\"><span style=\"font-size: 12pt;\"><b>mo\u017cliwo\u015b\u0107 zmiany j\u0119zyka MEMU w\u00a0zegarku\u00a0! niezale\u017cnie od ustawie\u0144 j\u0119zyka MENU w aplikacji\u00a0smartfona\u00a0!\u00a0<\/b><\/span><\/li>\n<\/ul>\n<p class=\"MsoNormal\"><span style=\"font-size: 12pt;\">( polski, angielski, czeski, rosyjski, francuski, niemiecki, w\u0142oski, turecki, chorwacki, rumu\u0144ski, hiszpa\u0144ski, portugalski, holenderski, grecki )<\/span><\/p>\n<p><strong><span style=\"font-size: 12pt;\">\u0420\u043e\u0437\u043c\u0456\u0440\u0438:<\/span><\/strong><\/p>\n<ul style=\"margin-top: 0cm;\" type=\"disc\">\n<li class=\"MsoNormal\" style=\"font-size: 12pt;\"><span style=\"font-size: 12pt;\">Wielko\u015b\u0107 koperty: 46 mm x 46 mm<\/span><\/li>\n<li class=\"MsoNormal\" style=\"font-size: 12pt;\"><span style=\"font-size: 12pt;\">Grubo\u015b\u0107 koperty: 11 mm<\/span><\/li>\n<\/ul>\n<ul style=\"list-style-type: square;\">\n<li style=\"font-size: 12pt;\"><span style=\"font-size: 12pt;\">Pasek szeroko\u015b\u0107: 22 mm<\/span><\/li>\n<li style=\"font-size: 12pt;\"><span style=\"font-size: 12pt;\">D\u0142ugo\u015b\u0107 paska: 220 mm<\/span><\/li>\n<\/ul>\n<p>\u00a0<\/p>\n<p><strong><span style=\"font-size: 12pt;\">Kolorystyka:<\/span><\/strong><\/p>\n<ul style=\"list-style-type: square;\">\n<li><span style=\"font-size: 12pt;\"><strong>Koperta:<\/strong> \u0447\u043e\u0440\u043d\u0438\u0439<\/span><\/li>\n<li><span style=\"font-size: 12pt;\"><strong>Pasek silikonowy:<\/strong> \u0447\u043e\u0440\u043d\u0438\u0439<br \/><\/span><\/li>\n<li><span style=\"font-size: 12pt;\"><strong>Sprz\u0105czka:<\/strong> srebrna<\/span><\/li>\n<\/ul>\n<p>\u00a0<\/p>\n<p><strong><span style=\"font-size: 12pt;\">W ZESTAWIE OTRZYMASZ:<\/span><\/strong><\/p>\n<ul>\n<li><span style=\"font-size: 12pt;\">smartwatch z paskiem silikonowym (1 szt.)<\/span><\/li>\n<li><span style=\"font-size: 12pt;\">kabel \u0142adowania USB<\/span><\/li>\n<li><span style=\"font-size: 12pt;\">instrukcja PL + Karta Gwarancyjna\u00a0<\/span><\/li>\n<\/ul>\n<p>\u00a0<\/p>\n<p data-start=\"59\" data-end=\"267\"><span style=\"font-size: 14pt;\"><strong data-start=\"882\" data-end=\"923\" data-is-last-node=\"\">Nie mierz czasu \u2013 tw\u00f3rz go ze SMARTWATCHEM Rubicon<\/p>\n<p><\/strong><\/span><\/p>\n<p data-start=\"59\" data-end=\"267\"><span style=\"font-size: 12pt;\">Od 1998 roku\u00a0<strong data-start=\"72\" data-end=\"83\">Rubicon<\/strong> kreuje czas na w\u0142asnych zasadach, \u0142\u0105cz\u0105c precyzj\u0119 z wyrafinowanym designem. To marka dla tych, kt\u00f3rzy nie tylko pod\u0105\u017caj\u0105 za czasem, ale r\u00f3wnie\u017c chc\u0105 go prze\u017cywa\u0107 w najlepszym stylu.<\/span><\/p>\n<p data-start=\"269\" data-end=\"603\"><span style=\"font-size: 12pt;\"><strong data-start=\"269\" data-end=\"287\">Rubicon\u00a0<\/strong> smartwatch, kt\u00f3ry nie jest jedynie gad\u017cetem \u2013 to codzienny towarzysz, kt\u00f3ry subtelnie dopasowuje si\u0119 do Twojego tempa. Niezale\u017cnie od tego, czy p\u0119dzisz na spotkanie, prowadzisz wa\u017cn\u0105 rozmow\u0119, czy znajdujesz chwil\u0119 na relaks, Tw\u00f3j <strong data-start=\"521\" data-end=\"532\">Rubicon<\/strong> nad\u0105\u017ca za Tob\u0105, dodaj\u0105c elegancji i funkcjonalno\u015bci w ka\u017cdej chwili.<\/span><\/p>\n<p data-start=\"605\" data-end=\"878\"><span style=\"font-size: 12pt;\">Dla kobiet \u2013 subtelny, bi\u017cuteryjny akcent, kt\u00f3ry podkre\u015bla klas\u0119 i nowoczesny styl. Dla m\u0119\u017cczyzn \u2013 technologia w najlepszym wydaniu, kt\u00f3ra \u0142\u0105czy nowatorskie rozwi\u0105zania z perfekcyjn\u0105 jako\u015bci\u0105. <strong data-start=\"798\" data-end=\"809\">Rubicon<\/strong> to wi\u0119cej ni\u017c zegarek \u2013 to detal, kt\u00f3ry podkre\u015bla Twoj\u0105 osobowo\u015b\u0107.<\/span><\/p>\n<p data-start=\"605\" data-end=\"878\">\u00a0<\/p>","protected":false},"excerpt":{"rendered":"<p>Smartwatch RUBICON RNCF11 Black \u00a0 Tw\u00f3j rytm. Tw\u00f3j czas. Tw\u00f3j Rubicon. MODEL UNISEX w kolorze Black\u00a0&#8211; Dla niej, dla niego. Po prostu: dla Ciebie.Elegancki i funkcjonalny, zaprojektowany z my\u015bl\u0105 o tych, kt\u00f3rzy ceni\u0105 styl, technologi\u0119 i wygod\u0119 w jednym. Smuk\u0142a koperta i wy\u015bwietlacz AMOLED 1.43\u201d z imponuj\u0105c\u0105 jasno\u015bci\u0105 i rozdzielczo\u015bci\u0105 466&#215;466 zapewniaj\u0105 doskona\u0142\u0105 widoczno\u015b\u0107 w [&hellip;]<\/p>","protected":false},"featured_media":996942,"template":"","meta":{"_acf_changed":false},"product_brand":[],"product_cat":[4850,4835],"product_tag":[],"class_list":{"0":"post-996940","1":"product","2":"type-product","3":"status-publish","4":"has-post-thumbnail","6":"product_cat-rubicon","7":"product_cat-smartwatch","9":"first","10":"instock","11":"taxable","12":"shipping-taxable","13":"purchasable","14":"product-type-simple"},"acf":[],"yoast_head":"<!-- This site is optimized with the Yoast SEO plugin v27.2 - https:\/\/yoast.com\/product\/yoast-seo-wordpress\/ -->\n<title>Smartwatch RUBICON RNCF11 Black SMARUB240<\/title>\n<meta name=\"robots\" content=\"index, follow, max-snippet:-1, max-image-preview:large, max-video-preview:-1\" \/>\n<link rel=\"canonical\" href=\"https:\/\/pauzza.pl\/uk\/\u043f\u0440\u043e\u0434\u0443\u043a\u0442\/smartwatch-rubicon-rncf11-black-smarub240\/\" \/>\n<meta property=\"og:locale\" content=\"uk_UA\" \/>\n<meta property=\"og:type\" content=\"article\" \/>\n<meta property=\"og:title\" content=\"Smartwatch RUBICON RNCF11 Black SMARUB240\" \/>\n<meta property=\"og:description\" content=\"Smartwatch RUBICON RNCF11 Black \u00a0 Tw\u00f3j rytm. Tw\u00f3j czas. Tw\u00f3j Rubicon. MODEL UNISEX w kolorze Black\u00a0&#8211; Dla niej, dla niego. Po prostu: dla Ciebie.Elegancki i funkcjonalny, zaprojektowany z my\u015bl\u0105 o tych, kt\u00f3rzy ceni\u0105 styl, technologi\u0119 i wygod\u0119 w jednym. Smuk\u0142a koperta i wy\u015bwietlacz AMOLED 1.43\u201d z imponuj\u0105c\u0105 jasno\u015bci\u0105 i rozdzielczo\u015bci\u0105 466&#215;466 zapewniaj\u0105 doskona\u0142\u0105 widoczno\u015b\u0107 w [&hellip;]\" \/>\n<meta property=\"og:url\" content=\"https:\/\/pauzza.pl\/uk\/\u043f\u0440\u043e\u0434\u0443\u043a\u0442\/smartwatch-rubicon-rncf11-black-smarub240\/\" \/>\n<meta property=\"og:site_name\" content=\"Sklep online z damsk\u0105 odzie\u017c\u0105 Pauzza: Damska odzie\u017c. Nowa Kolekcja\" \/>\n<meta property=\"article:modified_time\" content=\"2026-04-10T13:54:24+00:00\" \/>\n<meta property=\"og:image\" content=\"https:\/\/pauzza.pl\/wp-content\/uploads\/2025\/11\/1_max-472.jpg\" \/>\n\t<meta property=\"og:image:width\" content=\"765\" \/>\n\t<meta property=\"og:image:height\" content=\"800\" \/>\n\t<meta property=\"og:image:type\" content=\"image\/jpeg\" \/>\n<meta name=\"twitter:card\" content=\"summary_large_image\" \/>\n<meta name=\"twitter:label1\" content=\"\u041f\u0440\u0438\u0431\u043b. \u0447\u0430\u0441 \u0447\u0438\u0442\u0430\u043d\u043d\u044f\" \/>\n\t<meta name=\"twitter:data1\" content=\"4 \u0445\u0432\u0438\u043b\u0438\u043d\u0438\" \/>\n<script type=\"application\/ld+json\" class=\"yoast-schema-graph\">{\"@context\":\"https:\/\/schema.org\",\"@graph\":[{\"@type\":\"WebPage\",\"@id\":\"https:\/\/pauzza.pl\/produkt\/smartwatch-rubicon-rncf11-black-smarub240\/\",\"url\":\"https:\/\/pauzza.pl\/produkt\/smartwatch-rubicon-rncf11-black-smarub240\/\",\"name\":\"Smartwatch RUBICON RNCF11 Black SMARUB240\",\"isPartOf\":{\"@id\":\"https:\/\/pauzza.pl\/#website\"},\"primaryImageOfPage\":{\"@id\":\"https:\/\/pauzza.pl\/produkt\/smartwatch-rubicon-rncf11-black-smarub240\/#primaryimage\"},\"image\":{\"@id\":\"https:\/\/pauzza.pl\/produkt\/smartwatch-rubicon-rncf11-black-smarub240\/#primaryimage\"},\"thumbnailUrl\":\"https:\/\/pauzza.pl\/wp-content\/uploads\/2025\/11\/1_max-472.jpg\",\"datePublished\":\"2025-11-24T17:48:17+00:00\",\"dateModified\":\"2026-04-10T13:54:24+00:00\",\"breadcrumb\":{\"@id\":\"https:\/\/pauzza.pl\/produkt\/smartwatch-rubicon-rncf11-black-smarub240\/#breadcrumb\"},\"inLanguage\":\"uk\",\"potentialAction\":[{\"@type\":\"ReadAction\",\"target\":[\"https:\/\/pauzza.pl\/produkt\/smartwatch-rubicon-rncf11-black-smarub240\/\"]}]},{\"@type\":\"ImageObject\",\"inLanguage\":\"uk\",\"@id\":\"https:\/\/pauzza.pl\/produkt\/smartwatch-rubicon-rncf11-black-smarub240\/#primaryimage\",\"url\":\"https:\/\/pauzza.pl\/wp-content\/uploads\/2025\/11\/1_max-472.jpg\",\"contentUrl\":\"https:\/\/pauzza.pl\/wp-content\/uploads\/2025\/11\/1_max-472.jpg\",\"width\":765,\"height\":800},{\"@type\":\"BreadcrumbList\",\"@id\":\"https:\/\/pauzza.pl\/produkt\/smartwatch-rubicon-rncf11-black-smarub240\/#breadcrumb\",\"itemListElement\":[{\"@type\":\"ListItem\",\"position\":1,\"name\":\"Strona g\u0142\u00f3wna\",\"item\":\"https:\/\/pauzza.pl\/\"},{\"@type\":\"ListItem\",\"position\":2,\"name\":\"Sklep\",\"item\":\"https:\/\/pauzza.pl\/sklep\/\"},{\"@type\":\"ListItem\",\"position\":3,\"name\":\"Smartwatch RUBICON RNCF11 Black SMARUB240\"}]},{\"@type\":\"WebSite\",\"@id\":\"https:\/\/pauzza.pl\/#website\",\"url\":\"https:\/\/pauzza.pl\/\",\"name\":\"Sklep online z damsk\u0105 odzie\u017c\u0105 Pauzza: Damska odzie\u017c. Nowa Kolekcja\",\"description\":\"Je\u015bli chcesz zadba\u0107 o sw\u00f3j profesjonalny i pe\u0142en klasy wygl\u0105d w pracy butik online Pauzza, to strza\u0142 w dziesi\u0105tk\u0119! U nas znajdziesz szeroki wyb\u00f3r \u017cakiet\u00f3w, koszul, kurtek, sukienek, sp\u00f3dnic i wiele wiecej\",\"publisher\":{\"@id\":\"https:\/\/pauzza.pl\/#organization\"},\"potentialAction\":[{\"@type\":\"SearchAction\",\"target\":{\"@type\":\"EntryPoint\",\"urlTemplate\":\"https:\/\/pauzza.pl\/?s={search_term_string}\"},\"query-input\":{\"@type\":\"PropertyValueSpecification\",\"valueRequired\":true,\"valueName\":\"search_term_string\"}}],\"inLanguage\":\"uk\"},{\"@type\":\"Organization\",\"@id\":\"https:\/\/pauzza.pl\/#organization\",\"name\":\"Sklep online z damsk\u0105 odzie\u017c\u0105 Pauzza: Damska odzie\u017c. Nowa Kolekcja\",\"url\":\"https:\/\/pauzza.pl\/\",\"logo\":{\"@type\":\"ImageObject\",\"inLanguage\":\"uk\",\"@id\":\"https:\/\/pauzza.pl\/#\/schema\/logo\/image\/\",\"url\":\"https:\/\/pauzza.pl\/wp-content\/uploads\/2024\/01\/pauzzaw.png\",\"contentUrl\":\"https:\/\/pauzza.pl\/wp-content\/uploads\/2024\/01\/pauzzaw.png\",\"width\":350,\"height\":100,\"caption\":\"Sklep online z damsk\u0105 odzie\u017c\u0105 Pauzza: Damska odzie\u017c. Nowa Kolekcja\"},\"image\":{\"@id\":\"https:\/\/pauzza.pl\/#\/schema\/logo\/image\/\"}}]}<\/script>\n<!-- \/ Yoast SEO plugin. -->","yoast_head_json":{"title":"Smartwatch RUBICON RNCF11 Black SMARUB240","robots":{"index":"index","follow":"follow","max-snippet":"max-snippet:-1","max-image-preview":"max-image-preview:large","max-video-preview":"max-video-preview:-1"},"canonical":"https:\/\/pauzza.pl\/uk\/\u043f\u0440\u043e\u0434\u0443\u043a\u0442\/smartwatch-rubicon-rncf11-black-smarub240\/","og_locale":"uk_UA","og_type":"article","og_title":"Smartwatch RUBICON RNCF11 Black SMARUB240","og_description":"Smartwatch RUBICON RNCF11 Black \u00a0 Tw\u00f3j rytm. Tw\u00f3j czas. Tw\u00f3j Rubicon. MODEL UNISEX w kolorze Black\u00a0&#8211; Dla niej, dla niego. Po prostu: dla Ciebie.Elegancki i funkcjonalny, zaprojektowany z my\u015bl\u0105 o tych, kt\u00f3rzy ceni\u0105 styl, technologi\u0119 i wygod\u0119 w jednym. Smuk\u0142a koperta i wy\u015bwietlacz AMOLED 1.43\u201d z imponuj\u0105c\u0105 jasno\u015bci\u0105 i rozdzielczo\u015bci\u0105 466&#215;466 zapewniaj\u0105 doskona\u0142\u0105 widoczno\u015b\u0107 w [&hellip;]","og_url":"https:\/\/pauzza.pl\/uk\/\u043f\u0440\u043e\u0434\u0443\u043a\u0442\/smartwatch-rubicon-rncf11-black-smarub240\/","og_site_name":"Sklep online z damsk\u0105 odzie\u017c\u0105 Pauzza: Damska odzie\u017c. Nowa Kolekcja","article_modified_time":"2026-04-10T13:54:24+00:00","og_image":[{"width":765,"height":800,"url":"https:\/\/pauzza.pl\/wp-content\/uploads\/2025\/11\/1_max-472.jpg","type":"image\/jpeg"}],"twitter_card":"summary_large_image","twitter_misc":{"\u041f\u0440\u0438\u0431\u043b. \u0447\u0430\u0441 \u0447\u0438\u0442\u0430\u043d\u043d\u044f":"4 \u0445\u0432\u0438\u043b\u0438\u043d\u0438"},"schema":{"@context":"https:\/\/schema.org","@graph":[{"@type":"WebPage","@id":"https:\/\/pauzza.pl\/produkt\/smartwatch-rubicon-rncf11-black-smarub240\/","url":"https:\/\/pauzza.pl\/produkt\/smartwatch-rubicon-rncf11-black-smarub240\/","name":"Smartwatch RUBICON RNCF11 Black SMARUB240","isPartOf":{"@id":"https:\/\/pauzza.pl\/#website"},"primaryImageOfPage":{"@id":"https:\/\/pauzza.pl\/produkt\/smartwatch-rubicon-rncf11-black-smarub240\/#primaryimage"},"image":{"@id":"https:\/\/pauzza.pl\/produkt\/smartwatch-rubicon-rncf11-black-smarub240\/#primaryimage"},"thumbnailUrl":"https:\/\/pauzza.pl\/wp-content\/uploads\/2025\/11\/1_max-472.jpg","datePublished":"2025-11-24T17:48:17+00:00","dateModified":"2026-04-10T13:54:24+00:00","breadcrumb":{"@id":"https:\/\/pauzza.pl\/produkt\/smartwatch-rubicon-rncf11-black-smarub240\/#breadcrumb"},"inLanguage":"uk","potentialAction":[{"@type":"ReadAction","target":["https:\/\/pauzza.pl\/produkt\/smartwatch-rubicon-rncf11-black-smarub240\/"]}]},{"@type":"ImageObject","inLanguage":"uk","@id":"https:\/\/pauzza.pl\/produkt\/smartwatch-rubicon-rncf11-black-smarub240\/#primaryimage","url":"https:\/\/pauzza.pl\/wp-content\/uploads\/2025\/11\/1_max-472.jpg","contentUrl":"https:\/\/pauzza.pl\/wp-content\/uploads\/2025\/11\/1_max-472.jpg","width":765,"height":800},{"@type":"BreadcrumbList","@id":"https:\/\/pauzza.pl\/produkt\/smartwatch-rubicon-rncf11-black-smarub240\/#breadcrumb","itemListElement":[{"@type":"ListItem","position":1,"name":"Strona g\u0142\u00f3wna","item":"https:\/\/pauzza.pl\/"},{"@type":"ListItem","position":2,"name":"Sklep","item":"https:\/\/pauzza.pl\/sklep\/"},{"@type":"ListItem","position":3,"name":"Smartwatch RUBICON RNCF11 Black SMARUB240"}]},{"@type":"WebSite","@id":"https:\/\/pauzza.pl\/#website","url":"https:\/\/pauzza.pl\/","name":"\u0406\u043d\u0442\u0435\u0440\u043d\u0435\u0442 \u043c\u0430\u0433\u0430\u0437\u0438\u043d \u0436\u0456\u043d\u043e\u0447\u043e\u0433\u043e \u043e\u0434\u044f\u0433\u0443 Pauzza: \u0416\u0456\u043d\u043e\u0447\u0438\u0439 \u043e\u0434\u044f\u0433. \u041d\u043e\u0432\u0430 \u043a\u043e\u043b\u0435\u043a\u0446\u0456\u044f","description":"\u042f\u043a\u0449\u043e \u0432\u0438 \u0445\u043e\u0447\u0435\u0442\u0435 \u043f\u043e\u0434\u0431\u0430\u0442\u0438 \u043f\u0440\u043e \u0441\u0432\u0456\u0439 \u043f\u0440\u043e\u0444\u0435\u0441\u0456\u0439\u043d\u0438\u0439 \u0442\u0430 \u0441\u0442\u0438\u043b\u044c\u043d\u0438\u0439 \u0432\u0438\u0433\u043b\u044f\u0434 \u043d\u0430 \u0440\u043e\u0431\u043e\u0442\u0456, \u043e\u043d\u043b\u0430\u0439\u043d-\u0431\u0443\u0442\u0456\u043a Pauzza - \u0446\u0435 \u0445\u0456\u0442! \u0422\u0443\u0442 \u0432\u0438 \u0437\u043d\u0430\u0439\u0434\u0435\u0442\u0435 \u0448\u0438\u0440\u043e\u043a\u0438\u0439 \u0432\u0438\u0431\u0456\u0440 \u043f\u0456\u0434\u0436\u0430\u043a\u0456\u0432, \u0441\u043e\u0440\u043e\u0447\u043e\u043a, \u0436\u0430\u043a\u0435\u0442\u0456\u0432, \u0441\u0443\u043a\u043e\u043d\u044c, \u0441\u043f\u0456\u0434\u043d\u0438\u0446\u044c \u0442\u0430 \u0431\u0430\u0433\u0430\u0442\u043e \u0456\u043d\u0448\u043e\u0433\u043e.","publisher":{"@id":"https:\/\/pauzza.pl\/#organization"},"potentialAction":[{"@type":"SearchAction","target":{"@type":"EntryPoint","urlTemplate":"https:\/\/pauzza.pl\/?s={search_term_string}"},"query-input":{"@type":"PropertyValueSpecification","valueRequired":true,"valueName":"search_term_string"}}],"inLanguage":"uk"},{"@type":"Organization","@id":"https:\/\/pauzza.pl\/#organization","name":"\u0406\u043d\u0442\u0435\u0440\u043d\u0435\u0442 \u043c\u0430\u0433\u0430\u0437\u0438\u043d \u0436\u0456\u043d\u043e\u0447\u043e\u0433\u043e \u043e\u0434\u044f\u0433\u0443 Pauzza: \u0416\u0456\u043d\u043e\u0447\u0438\u0439 \u043e\u0434\u044f\u0433. \u041d\u043e\u0432\u0430 \u043a\u043e\u043b\u0435\u043a\u0446\u0456\u044f","url":"https:\/\/pauzza.pl\/","logo":{"@type":"ImageObject","inLanguage":"uk","@id":"https:\/\/pauzza.pl\/#\/schema\/logo\/image\/","url":"https:\/\/pauzza.pl\/wp-content\/uploads\/2024\/01\/pauzzaw.png","contentUrl":"https:\/\/pauzza.pl\/wp-content\/uploads\/2024\/01\/pauzzaw.png","width":350,"height":100,"caption":"Sklep online z damsk\u0105 odzie\u017c\u0105 Pauzza: Damska odzie\u017c. Nowa Kolekcja"},"image":{"@id":"https:\/\/pauzza.pl\/#\/schema\/logo\/image\/"}}]}},"_links":{"self":[{"href":"https:\/\/pauzza.pl\/uk\/wp-json\/wp\/v2\/product\/996940","targetHints":{"allow":["GET"]}}],"collection":[{"href":"https:\/\/pauzza.pl\/uk\/wp-json\/wp\/v2\/product"}],"about":[{"href":"https:\/\/pauzza.pl\/uk\/wp-json\/wp\/v2\/types\/product"}],"wp:featuredmedia":[{"embeddable":true,"href":"https:\/\/pauzza.pl\/uk\/wp-json\/wp\/v2\/media\/996942"}],"wp:attachment":[{"href":"https:\/\/pauzza.pl\/uk\/wp-json\/wp\/v2\/media?parent=996940"}],"wp:term":[{"taxonomy":"product_brand","embeddable":true,"href":"https:\/\/pauzza.pl\/uk\/wp-json\/wp\/v2\/product_brand?post=996940"},{"taxonomy":"product_cat","embeddable":true,"href":"https:\/\/pauzza.pl\/uk\/wp-json\/wp\/v2\/product_cat?post=996940"},{"taxonomy":"product_tag","embeddable":true,"href":"https:\/\/pauzza.pl\/uk\/wp-json\/wp\/v2\/product_tag?post=996940"}],"curies":[{"name":"wp","href":"https:\/\/api.w.org\/{rel}","templated":true}]}}