{"id":996775,"date":"2025-11-24T18:46:39","date_gmt":"2025-11-24T17:46:39","guid":{"rendered":"https:\/\/pauzza.pl\/produkt\/smartwatch-rubicon-rncf15-tytan-black-smarub259\/"},"modified":"2026-04-16T10:26:47","modified_gmt":"2026-04-16T08:26:47","slug":"smartwatch-rubicon-rncf15-tytan-black-smarub259","status":"publish","type":"product","link":"https:\/\/pauzza.pl\/uk\/%d0%bf%d1%80%d0%be%d0%b4%d1%83%d0%ba%d1%82\/smartwatch-rubicon-rncf15-tytan-black-smarub259\/","title":{"rendered":"Smartwatch RUBICON RNCF15 Tytan\/Black SMARUB259"},"content":{"rendered":"<p class=\"def\"><span style=\"font-size: 18pt;\"><strong><br \/>Smartwatch RUBICON RNCF15 Tytan\/Pasek Black Silicon<\/strong><\/span><\/p>\n<p class=\"def\">\u00a0<\/p>\n<p class=\"def\"><span style=\"font-size: 18pt;\">Tw\u00f3j<\/span><strong><span style=\"font-size: 18pt;\"> rytm. <\/span><\/strong><span style=\"font-size: 18pt;\">Tw\u00f3j<\/span><strong><span style=\"font-size: 18pt;\"> czas. <\/span><\/strong><span style=\"font-size: 18pt;\">Tw\u00f3j<\/span><strong><span style=\"font-size: 18pt;\"> Rubicon.<\/p>\n<p><\/span><\/strong><span style=\"font-size: 18pt;\"><\/span><\/p>\n<p class=\"def\"><span style=\"font-size: 14pt;\"><strong>MODEL UNISEX &#8211; Dla niej, dla niego. Po prostu: dla Ciebie.<br \/><\/strong><\/span><br \/><span style=\"font-size: 12pt;\"><\/span><\/p>\n<p class=\"\" data-start=\"255\" data-end=\"747\"><span style=\"font-size: 12pt;\"><strong>Codzienno\u015b\u0107 w biegu? Ten model zosta\u0142 stworzony, by nad\u0105\u017cy\u0107 \u2013 z klas\u0105, funkcjonalno\u015bci\u0105 i wyczuciem stylu. <\/strong>Tytanowa koperta w odcieniu szlachetnego z\u0142ota nie tylko prezentuje si\u0119 wyj\u0105tkowo, ale jest te\u017c hipoalergiczna i przyjazna dla sk\u00f3ry. Uzupe\u0142nia j\u0105 silikonowy pasek o nowoczesnym, falowanym wyko\u0144czeniu \u2013 elastyczny, wygodny, dopasowany do ka\u017cdego nadgarstka. To design, kt\u00f3ry wyr\u00f3\u017cnia si\u0119 na tle klasycznych modeli i robi r\u00f3\u017cnic\u0119 nie tylko w wygl\u0105dzie, ale i komforcie noszenia.<\/span><\/p>\n<p class=\"\" data-start=\"749\" data-end=\"993\"><span style=\"font-size: 12pt;\">Wy\u015bwietlacz TFT IPS 1.39\u201d z rozdzielczo\u015bci\u0105 360\u00d7360 zapewnia ostro\u015b\u0107, p\u0142ynno\u015b\u0107 i pe\u0142n\u0105 responsywno\u015b\u0107. Do wyboru 7 motyw\u00f3w tarczy, mo\u017cliwo\u015b\u0107 pobierania nowych i tworzenia w\u0142asnych projekt\u00f3w \u2013 bo zegarek powinien pasowa\u0107 do Ciebie, nie odwrotnie.<\/span><\/p>\n<p class=\"\" data-start=\"995\" data-end=\"1271\"><span style=\"font-size: 12pt;\">Bluetooth Call z wbudowanym mikrofonem i g\u0142o\u015bnikiem pozwala prowadzi\u0107 rozmowy bez wyjmowania telefonu. Szybki dost\u0119p do spisu po\u0142\u0105cze\u0144 i a\u017c 100 zapisanych kontakt\u00f3w \u2013 wszystko pod r\u0119k\u0105, intuicyjnie i wygodnie. A co najwa\u017cniejsze \u2013 menu oraz aplikacja w pe\u0142ni w j\u0119zyku polskim.<\/span><\/p>\n<p class=\"\" data-start=\"1273\" data-end=\"1449\"><span style=\"font-size: 12pt;\"><strong data-start=\"1273\" data-end=\"1308\">Nowo\u015b\u0107: \u0142adowanie bezprzewodowe<\/strong> \u2013 bez kabli, bez szukania port\u00f3w. Do tego mocna bateria 300 mAh, kt\u00f3ra dzia\u0142a, kiedy Ty dzia\u0142asz \u2013 nawet do kilku dni aktywnego u\u017cytkowania.<\/span><\/p>\n<p class=\"\" data-start=\"1451\" data-end=\"1623\"><span style=\"font-size: 14pt;\"><strong data-start=\"1451\" data-end=\"1506\">Minimalistyczny w formie. Maksymalnie funkcjonalny.<br \/><\/strong><\/span><\/p>\n<p class=\"\" data-start=\"1451\" data-end=\"1623\">\u00a0<\/p>\n<p class=\"\" data-start=\"1451\" data-end=\"1623\">\u00a0<\/p>\n<p><strong><span style=\"font-size: 12pt;\">Opis og\u00f3lny:<\/span><\/strong><\/p>\n<ul>\n<li><span style=\"font-size: 12pt;\">\u041c\u0435\u043d\u044e <strong>( 3 motywy ! )<\/strong> i aplikacja w j\u0119zyku polskim !<\/span><\/li>\n<li><span style=\"font-size: 12pt;\">wy\u015bwietlacz<strong> MULTIdotyk \u00a0TFT IPS full touch round screen! 1.39\u201d<\/strong><\/span><\/li>\n<li><span style=\"font-size: 12pt;\">wysoka rozdzielczo\u015b\u0107:\u00a0<strong>360*360 pikseli<\/strong><\/span><span style=\"font-size: 12pt;\"><\/span><\/li>\n<li><span style=\"font-size: 12pt;\"><strong>Bluetooth Call !\u00a0<\/strong>wbudowany mikrofon i g\u0142o\u015bnik<\/span><\/li>\n<li><span style=\"font-size: 12pt;\">odbieranie i wykonywanie po\u0142\u0105cze\u0144 + spis po\u0142\u0105cze\u0144 + spis kontakt\u00f3w ( 100! )<\/span><\/li>\n<li><span style=\"font-size: 12pt;\">tarcza: 7 motyw\u00f3w do wyboru + tarcze do pobrania z aplikacji! + w\u0142asne tarcze! animowana grafika !<\/span><\/li>\n<li><span style=\"font-size: 12pt;\">procesor: RTK8763EW !<\/span><span style=\"font-size: 12pt;\"><\/span><\/li>\n<li><span style=\"font-size: 12pt;\"><strong>Bluetooth 5.0 !<\/strong><\/span><\/li>\n<li><span style=\"font-size: 12pt;\">wodoszczelno\u015b\u0107: odporny na zachlapania<\/span><\/li>\n<li><span style=\"font-size: 12pt;\">koperta , kolor tytan, wykonana ze stopu metalu, \u00a0nie zawiera niklu, jest HiPOALERGiCZNA !<\/span><\/li>\n<li><span style=\"font-size: 12pt;\">pasek silikonowy &#8211; kolor be\u017cowy , mo\u017cliwo\u015b\u0107 wymiany paska ( 22mm )<\/span><\/li>\n<li><span style=\"font-size: 12pt;\">Super Bateria:\u00a0<strong>300mAh !<\/strong> \u00a0NOWO\u015a\u0106! <strong>\u0141adowanie bezprzewodowe !<\/strong><\/span><\/li>\n<li><span style=\"font-size: 12pt;\">wsp\u00f3\u0142praca z oprogramowaniem iOS i Android<\/span><\/li>\n<li><span style=\"font-size: 12pt;\">aplikacja: GloryFit<\/span><\/li>\n<\/ul>\n<p><span style=\"font-size: 12pt;\"><\/span><span style=\"font-size: 12pt;\">\u00a0<\/span><span style=\"font-size: 12pt;\"><\/span><\/p>\n<p><strong><span style=\"font-size: 12pt;\">Funkcje:<\/span><\/strong><\/p>\n<ul>\n<li><span style=\"font-size: 12pt;\"><strong>100 tryb\u00f3w sportowych !<\/strong><\/span><\/li>\n<li><span style=\"font-size: 12pt;\">krokomierz, licznik kalorii<\/span><\/li>\n<li><span style=\"font-size: 12pt;\">pomiar t\u0119tna, pomiar ci\u015bnienia krwi, pomiar tlenu we krwi\u00a0<strong>(PULSOKSYMETR)<\/strong><\/span><\/li>\n<li><strong><span style=\"font-size: 12pt;\">trening oddechu<\/span><\/strong><\/li>\n<li><span style=\"font-size: 12pt;\">monitor snu<\/span><\/li>\n<li><span style=\"font-size: 12pt;\">przypomnienie o wypiciu wody, ruchu<\/span><\/li>\n<li><span style=\"font-size: 12pt;\">powiadomienie po\u0142\u0105cze\u0144 przychodz\u0105cych<\/span><\/li>\n<li><span style=\"font-size: 12pt;\">powiadomienia: Facebook, SMS, Twitter, WhatsApp, gmail \u00a0itp.<\/span><\/li>\n<li><span style=\"font-size: 12pt;\">alarm \/ budzik \/ timer<\/span><\/li>\n<li><strong><span style=\"font-size: 12pt;\">tryb latarki <\/span><\/strong><\/li>\n<li><strong><span style=\"font-size: 12pt;\">kalkulator<\/span><\/strong><\/li>\n<li><span style=\"font-size: 12pt;\">gry ( 2 )<\/span><\/li>\n<li><span style=\"font-size: 12pt;\">informacje o pogodzie<\/span><\/li>\n<li><span style=\"font-size: 12pt;\">zdalne zdj\u0119cia<\/span><\/li>\n<li><span style=\"font-size: 12pt;\">sterowanie<strong> odtwarzaczem MP3 <\/strong>w telefonie dodatkowo z funkcj\u0105 volume control !<\/span><\/li>\n<li><span style=\"font-size: 12pt;\">funkcja: znajd\u017a smartwatch<\/span><br \/><span style=\"font-size: 12pt;\">\u00a0<\/span><br \/><span style=\"font-size: 12pt;\"><\/span><\/li>\n<\/ul>\n<p><strong><span style=\"font-size: 12pt;\">\u0420\u043e\u0437\u043c\u0456\u0440\u0438:<\/span><\/strong><\/p>\n<ul style=\"margin-top: 0cm;\" type=\"disc\">\n<li style=\"font-size: 12pt;\"><span style=\"font-size: 12pt;\">szeroko\u015b\u0107 koperty: 47 mm<\/span><\/li>\n<li style=\"font-size: 12pt;\"><span style=\"font-size: 12pt;\">grubo\u015b\u0107 koperty: 12,5 mm<\/span><\/li>\n<li style=\"font-size: 12pt;\"><span style=\"font-size: 12pt;\">szeroko\u015b\u0107 paska: 22 mm<\/span><\/li>\n<li style=\"font-size: 12pt;\"><span style=\"font-size: 12pt;\">maksymalny obw\u00f3d: ok. 185 mm<\/span><\/li>\n<\/ul>\n<p style=\"font-size: 12pt;\">\u00a0<\/p>\n<p><strong><span style=\"font-size: 12pt;\">Kolorystyka:<\/span><\/strong><\/p>\n<ul style=\"list-style-type: square;\">\n<li><span style=\"font-size: 12pt;\">Koperta: <strong>tytanowa w odcieniu szlachetnego z\u0142ota<br \/><\/strong><\/span><\/li>\n<li><span style=\"font-size: 12pt;\">Pasek: <strong>\u0447\u043e\u0440\u043d\u0438\u0439<\/strong><\/span><\/li>\n<\/ul>\n<p>\u00a0<\/p>\n<p><strong><span style=\"font-size: 12pt;\">W ZESTAWIE OTRZYMASZ:<\/span><\/strong><\/p>\n<ul>\n<li><span style=\"font-size: 12pt;\">smartwatch z paskiem silikonowym<\/span><\/li>\n<li><span style=\"font-size: 12pt;\">\u0142adowarka magnetyczna USB<\/span><\/li>\n<li><span style=\"font-size: 12pt;\">instrukcja PL + Karta Gwarancyjna\u00a0<\/span><\/li>\n<\/ul>\n<p>\u00a0<\/p>\n<p data-start=\"59\" data-end=\"267\"><span style=\"font-size: 14pt;\"><strong data-start=\"882\" data-end=\"923\" data-is-last-node=\"\">Nie mierz czasu \u2013 tw\u00f3rz go ze SMARTWATCHEM Rubicon<\/p>\n<p><\/strong><\/span><\/p>\n<p data-start=\"59\" data-end=\"267\"><span style=\"font-size: 12pt;\">Od 1998 roku\u00a0<strong data-start=\"72\" data-end=\"83\">RUBICOIN<\/strong> kreuje czas na w\u0142asnych zasadach, \u0142\u0105cz\u0105c precyzj\u0119 z wyrafinowanym designem. To marka dla tych, kt\u00f3rzy nie tylko pod\u0105\u017caj\u0105 za czasem, ale r\u00f3wnie\u017c chc\u0105 go prze\u017cywa\u0107 w najlepszym stylu.<\/span><\/p>\n<p data-start=\"269\" data-end=\"603\"><span style=\"font-size: 12pt;\"><strong data-start=\"269\" data-end=\"287\">RUBICON <\/strong>smartwatch, kt\u00f3ry nie jest jedynie gad\u017cetem \u2013 to codzienny towarzysz, kt\u00f3ry subtelnie dopasowuje si\u0119 do Twojego tempa. Niezale\u017cnie od tego, czy p\u0119dzisz na spotkanie, prowadzisz wa\u017cn\u0105 rozmow\u0119, czy znajdujesz chwil\u0119 na relaks, Tw\u00f3j\u00a0<strong data-start=\"521\" data-end=\"532\">RUBICON\u00a0<\/strong>nad\u0105\u017ca za Tob\u0105, dodaj\u0105c elegancji i funkcjonalno\u015bci w ka\u017cdej chwili.<\/span><\/p>\n<p data-start=\"605\" data-end=\"878\"><span style=\"font-size: 12pt;\">Dla kobiet \u2013 subtelny, bi\u017cuteryjny akcent, kt\u00f3ry podkre\u015bla klas\u0119 i nowoczesny styl. Dla m\u0119\u017cczyzn \u2013 technologia w najlepszym wydaniu, kt\u00f3ra \u0142\u0105czy nowatorskie rozwi\u0105zania z perfekcyjn\u0105 jako\u015bci\u0105. <strong data-start=\"798\" data-end=\"809\">RUBICON\u00a0<\/strong>to wi\u0119cej ni\u017c zegarek \u2013 to detal, kt\u00f3ry podkre\u015bla Twoj\u0105 osobowo\u015b\u0107.<\/span><\/p>\n<p data-start=\"605\" data-end=\"878\">\u00a0<\/p>","protected":false},"excerpt":{"rendered":"<p>Smartwatch RUBICON RNCF15 Tytan\/Pasek Black Silicon \u00a0 Tw\u00f3j rytm. Tw\u00f3j czas. Tw\u00f3j Rubicon. MODEL UNISEX &#8211; Dla niej, dla niego. Po prostu: dla Ciebie. Codzienno\u015b\u0107 w biegu? Ten model zosta\u0142 stworzony, by nad\u0105\u017cy\u0107 \u2013 z klas\u0105, funkcjonalno\u015bci\u0105 i wyczuciem stylu. Tytanowa koperta w odcieniu szlachetnego z\u0142ota nie tylko prezentuje si\u0119 wyj\u0105tkowo, ale jest te\u017c hipoalergiczna [&hellip;]<\/p>","protected":false},"featured_media":996777,"template":"","meta":{"_acf_changed":false},"product_brand":[],"product_cat":[4850,4835],"product_tag":[],"class_list":{"0":"post-996775","1":"product","2":"type-product","3":"status-publish","4":"has-post-thumbnail","6":"product_cat-rubicon","7":"product_cat-smartwatch","9":"first","10":"instock","11":"taxable","12":"shipping-taxable","13":"purchasable","14":"product-type-simple"},"acf":[],"yoast_head":"<!-- This site is optimized with the Yoast SEO plugin v27.2 - https:\/\/yoast.com\/product\/yoast-seo-wordpress\/ -->\n<title>Smartwatch RUBICON RNCF15 Tytan\/Black SMARUB259<\/title>\n<meta name=\"robots\" content=\"index, follow, max-snippet:-1, max-image-preview:large, max-video-preview:-1\" \/>\n<link rel=\"canonical\" href=\"https:\/\/pauzza.pl\/uk\/\u043f\u0440\u043e\u0434\u0443\u043a\u0442\/smartwatch-rubicon-rncf15-tytan-black-smarub259\/\" \/>\n<meta property=\"og:locale\" content=\"uk_UA\" \/>\n<meta property=\"og:type\" content=\"article\" \/>\n<meta property=\"og:title\" content=\"Smartwatch RUBICON RNCF15 Tytan\/Black SMARUB259\" \/>\n<meta property=\"og:description\" content=\"Smartwatch RUBICON RNCF15 Tytan\/Pasek Black Silicon \u00a0 Tw\u00f3j rytm. Tw\u00f3j czas. Tw\u00f3j Rubicon. MODEL UNISEX &#8211; Dla niej, dla niego. Po prostu: dla Ciebie. Codzienno\u015b\u0107 w biegu? Ten model zosta\u0142 stworzony, by nad\u0105\u017cy\u0107 \u2013 z klas\u0105, funkcjonalno\u015bci\u0105 i wyczuciem stylu. Tytanowa koperta w odcieniu szlachetnego z\u0142ota nie tylko prezentuje si\u0119 wyj\u0105tkowo, ale jest te\u017c hipoalergiczna [&hellip;]\" \/>\n<meta property=\"og:url\" content=\"https:\/\/pauzza.pl\/uk\/\u043f\u0440\u043e\u0434\u0443\u043a\u0442\/smartwatch-rubicon-rncf15-tytan-black-smarub259\/\" \/>\n<meta property=\"og:site_name\" content=\"Sklep online z damsk\u0105 odzie\u017c\u0105 Pauzza: Damska odzie\u017c. Nowa Kolekcja\" \/>\n<meta property=\"article:modified_time\" content=\"2026-04-16T08:26:47+00:00\" \/>\n<meta property=\"og:image\" content=\"https:\/\/pauzza.pl\/wp-content\/uploads\/2025\/11\/1_max-463.jpg\" \/>\n\t<meta property=\"og:image:width\" content=\"750\" \/>\n\t<meta property=\"og:image:height\" content=\"800\" \/>\n\t<meta property=\"og:image:type\" content=\"image\/jpeg\" \/>\n<meta name=\"twitter:card\" content=\"summary_large_image\" \/>\n<meta name=\"twitter:label1\" content=\"\u041f\u0440\u0438\u0431\u043b. \u0447\u0430\u0441 \u0447\u0438\u0442\u0430\u043d\u043d\u044f\" \/>\n\t<meta name=\"twitter:data1\" content=\"3 \u0445\u0432\u0438\u043b\u0438\u043d\u0438\" \/>\n<script type=\"application\/ld+json\" class=\"yoast-schema-graph\">{\"@context\":\"https:\/\/schema.org\",\"@graph\":[{\"@type\":\"WebPage\",\"@id\":\"https:\/\/pauzza.pl\/produkt\/smartwatch-rubicon-rncf15-tytan-black-smarub259\/\",\"url\":\"https:\/\/pauzza.pl\/produkt\/smartwatch-rubicon-rncf15-tytan-black-smarub259\/\",\"name\":\"Smartwatch RUBICON RNCF15 Tytan\/Black SMARUB259\",\"isPartOf\":{\"@id\":\"https:\/\/pauzza.pl\/#website\"},\"primaryImageOfPage\":{\"@id\":\"https:\/\/pauzza.pl\/produkt\/smartwatch-rubicon-rncf15-tytan-black-smarub259\/#primaryimage\"},\"image\":{\"@id\":\"https:\/\/pauzza.pl\/produkt\/smartwatch-rubicon-rncf15-tytan-black-smarub259\/#primaryimage\"},\"thumbnailUrl\":\"https:\/\/pauzza.pl\/wp-content\/uploads\/2025\/11\/1_max-463.jpg\",\"datePublished\":\"2025-11-24T17:46:39+00:00\",\"dateModified\":\"2026-04-16T08:26:47+00:00\",\"breadcrumb\":{\"@id\":\"https:\/\/pauzza.pl\/produkt\/smartwatch-rubicon-rncf15-tytan-black-smarub259\/#breadcrumb\"},\"inLanguage\":\"uk\",\"potentialAction\":[{\"@type\":\"ReadAction\",\"target\":[\"https:\/\/pauzza.pl\/produkt\/smartwatch-rubicon-rncf15-tytan-black-smarub259\/\"]}]},{\"@type\":\"ImageObject\",\"inLanguage\":\"uk\",\"@id\":\"https:\/\/pauzza.pl\/produkt\/smartwatch-rubicon-rncf15-tytan-black-smarub259\/#primaryimage\",\"url\":\"https:\/\/pauzza.pl\/wp-content\/uploads\/2025\/11\/1_max-463.jpg\",\"contentUrl\":\"https:\/\/pauzza.pl\/wp-content\/uploads\/2025\/11\/1_max-463.jpg\",\"width\":750,\"height\":800},{\"@type\":\"BreadcrumbList\",\"@id\":\"https:\/\/pauzza.pl\/produkt\/smartwatch-rubicon-rncf15-tytan-black-smarub259\/#breadcrumb\",\"itemListElement\":[{\"@type\":\"ListItem\",\"position\":1,\"name\":\"Strona g\u0142\u00f3wna\",\"item\":\"https:\/\/pauzza.pl\/\"},{\"@type\":\"ListItem\",\"position\":2,\"name\":\"Sklep\",\"item\":\"https:\/\/pauzza.pl\/sklep\/\"},{\"@type\":\"ListItem\",\"position\":3,\"name\":\"Smartwatch RUBICON RNCF15 Tytan\/Black SMARUB259\"}]},{\"@type\":\"WebSite\",\"@id\":\"https:\/\/pauzza.pl\/#website\",\"url\":\"https:\/\/pauzza.pl\/\",\"name\":\"Sklep online z damsk\u0105 odzie\u017c\u0105 Pauzza: Damska odzie\u017c. Nowa Kolekcja\",\"description\":\"Je\u015bli chcesz zadba\u0107 o sw\u00f3j profesjonalny i pe\u0142en klasy wygl\u0105d w pracy butik online Pauzza, to strza\u0142 w dziesi\u0105tk\u0119! U nas znajdziesz szeroki wyb\u00f3r \u017cakiet\u00f3w, koszul, kurtek, sukienek, sp\u00f3dnic i wiele wiecej\",\"publisher\":{\"@id\":\"https:\/\/pauzza.pl\/#organization\"},\"potentialAction\":[{\"@type\":\"SearchAction\",\"target\":{\"@type\":\"EntryPoint\",\"urlTemplate\":\"https:\/\/pauzza.pl\/?s={search_term_string}\"},\"query-input\":{\"@type\":\"PropertyValueSpecification\",\"valueRequired\":true,\"valueName\":\"search_term_string\"}}],\"inLanguage\":\"uk\"},{\"@type\":\"Organization\",\"@id\":\"https:\/\/pauzza.pl\/#organization\",\"name\":\"Sklep online z damsk\u0105 odzie\u017c\u0105 Pauzza: Damska odzie\u017c. Nowa Kolekcja\",\"url\":\"https:\/\/pauzza.pl\/\",\"logo\":{\"@type\":\"ImageObject\",\"inLanguage\":\"uk\",\"@id\":\"https:\/\/pauzza.pl\/#\/schema\/logo\/image\/\",\"url\":\"https:\/\/pauzza.pl\/wp-content\/uploads\/2024\/01\/pauzzaw.png\",\"contentUrl\":\"https:\/\/pauzza.pl\/wp-content\/uploads\/2024\/01\/pauzzaw.png\",\"width\":350,\"height\":100,\"caption\":\"Sklep online z damsk\u0105 odzie\u017c\u0105 Pauzza: Damska odzie\u017c. Nowa Kolekcja\"},\"image\":{\"@id\":\"https:\/\/pauzza.pl\/#\/schema\/logo\/image\/\"}}]}<\/script>\n<!-- \/ Yoast SEO plugin. -->","yoast_head_json":{"title":"Smartwatch RUBICON RNCF15 Tytan\/Black SMARUB259","robots":{"index":"index","follow":"follow","max-snippet":"max-snippet:-1","max-image-preview":"max-image-preview:large","max-video-preview":"max-video-preview:-1"},"canonical":"https:\/\/pauzza.pl\/uk\/\u043f\u0440\u043e\u0434\u0443\u043a\u0442\/smartwatch-rubicon-rncf15-tytan-black-smarub259\/","og_locale":"uk_UA","og_type":"article","og_title":"Smartwatch RUBICON RNCF15 Tytan\/Black SMARUB259","og_description":"Smartwatch RUBICON RNCF15 Tytan\/Pasek Black Silicon \u00a0 Tw\u00f3j rytm. Tw\u00f3j czas. Tw\u00f3j Rubicon. MODEL UNISEX &#8211; Dla niej, dla niego. Po prostu: dla Ciebie. Codzienno\u015b\u0107 w biegu? Ten model zosta\u0142 stworzony, by nad\u0105\u017cy\u0107 \u2013 z klas\u0105, funkcjonalno\u015bci\u0105 i wyczuciem stylu. Tytanowa koperta w odcieniu szlachetnego z\u0142ota nie tylko prezentuje si\u0119 wyj\u0105tkowo, ale jest te\u017c hipoalergiczna [&hellip;]","og_url":"https:\/\/pauzza.pl\/uk\/\u043f\u0440\u043e\u0434\u0443\u043a\u0442\/smartwatch-rubicon-rncf15-tytan-black-smarub259\/","og_site_name":"Sklep online z damsk\u0105 odzie\u017c\u0105 Pauzza: Damska odzie\u017c. Nowa Kolekcja","article_modified_time":"2026-04-16T08:26:47+00:00","og_image":[{"width":750,"height":800,"url":"https:\/\/pauzza.pl\/wp-content\/uploads\/2025\/11\/1_max-463.jpg","type":"image\/jpeg"}],"twitter_card":"summary_large_image","twitter_misc":{"\u041f\u0440\u0438\u0431\u043b. \u0447\u0430\u0441 \u0447\u0438\u0442\u0430\u043d\u043d\u044f":"3 \u0445\u0432\u0438\u043b\u0438\u043d\u0438"},"schema":{"@context":"https:\/\/schema.org","@graph":[{"@type":"WebPage","@id":"https:\/\/pauzza.pl\/produkt\/smartwatch-rubicon-rncf15-tytan-black-smarub259\/","url":"https:\/\/pauzza.pl\/produkt\/smartwatch-rubicon-rncf15-tytan-black-smarub259\/","name":"Smartwatch RUBICON RNCF15 Tytan\/Black SMARUB259","isPartOf":{"@id":"https:\/\/pauzza.pl\/#website"},"primaryImageOfPage":{"@id":"https:\/\/pauzza.pl\/produkt\/smartwatch-rubicon-rncf15-tytan-black-smarub259\/#primaryimage"},"image":{"@id":"https:\/\/pauzza.pl\/produkt\/smartwatch-rubicon-rncf15-tytan-black-smarub259\/#primaryimage"},"thumbnailUrl":"https:\/\/pauzza.pl\/wp-content\/uploads\/2025\/11\/1_max-463.jpg","datePublished":"2025-11-24T17:46:39+00:00","dateModified":"2026-04-16T08:26:47+00:00","breadcrumb":{"@id":"https:\/\/pauzza.pl\/produkt\/smartwatch-rubicon-rncf15-tytan-black-smarub259\/#breadcrumb"},"inLanguage":"uk","potentialAction":[{"@type":"ReadAction","target":["https:\/\/pauzza.pl\/produkt\/smartwatch-rubicon-rncf15-tytan-black-smarub259\/"]}]},{"@type":"ImageObject","inLanguage":"uk","@id":"https:\/\/pauzza.pl\/produkt\/smartwatch-rubicon-rncf15-tytan-black-smarub259\/#primaryimage","url":"https:\/\/pauzza.pl\/wp-content\/uploads\/2025\/11\/1_max-463.jpg","contentUrl":"https:\/\/pauzza.pl\/wp-content\/uploads\/2025\/11\/1_max-463.jpg","width":750,"height":800},{"@type":"BreadcrumbList","@id":"https:\/\/pauzza.pl\/produkt\/smartwatch-rubicon-rncf15-tytan-black-smarub259\/#breadcrumb","itemListElement":[{"@type":"ListItem","position":1,"name":"Strona g\u0142\u00f3wna","item":"https:\/\/pauzza.pl\/"},{"@type":"ListItem","position":2,"name":"Sklep","item":"https:\/\/pauzza.pl\/sklep\/"},{"@type":"ListItem","position":3,"name":"Smartwatch RUBICON RNCF15 Tytan\/Black SMARUB259"}]},{"@type":"WebSite","@id":"https:\/\/pauzza.pl\/#website","url":"https:\/\/pauzza.pl\/","name":"\u0406\u043d\u0442\u0435\u0440\u043d\u0435\u0442 \u043c\u0430\u0433\u0430\u0437\u0438\u043d \u0436\u0456\u043d\u043e\u0447\u043e\u0433\u043e \u043e\u0434\u044f\u0433\u0443 Pauzza: \u0416\u0456\u043d\u043e\u0447\u0438\u0439 \u043e\u0434\u044f\u0433. \u041d\u043e\u0432\u0430 \u043a\u043e\u043b\u0435\u043a\u0446\u0456\u044f","description":"\u042f\u043a\u0449\u043e \u0432\u0438 \u0445\u043e\u0447\u0435\u0442\u0435 \u043f\u043e\u0434\u0431\u0430\u0442\u0438 \u043f\u0440\u043e \u0441\u0432\u0456\u0439 \u043f\u0440\u043e\u0444\u0435\u0441\u0456\u0439\u043d\u0438\u0439 \u0442\u0430 \u0441\u0442\u0438\u043b\u044c\u043d\u0438\u0439 \u0432\u0438\u0433\u043b\u044f\u0434 \u043d\u0430 \u0440\u043e\u0431\u043e\u0442\u0456, \u043e\u043d\u043b\u0430\u0439\u043d-\u0431\u0443\u0442\u0456\u043a Pauzza - \u0446\u0435 \u0445\u0456\u0442! \u0422\u0443\u0442 \u0432\u0438 \u0437\u043d\u0430\u0439\u0434\u0435\u0442\u0435 \u0448\u0438\u0440\u043e\u043a\u0438\u0439 \u0432\u0438\u0431\u0456\u0440 \u043f\u0456\u0434\u0436\u0430\u043a\u0456\u0432, \u0441\u043e\u0440\u043e\u0447\u043e\u043a, \u0436\u0430\u043a\u0435\u0442\u0456\u0432, \u0441\u0443\u043a\u043e\u043d\u044c, \u0441\u043f\u0456\u0434\u043d\u0438\u0446\u044c \u0442\u0430 \u0431\u0430\u0433\u0430\u0442\u043e \u0456\u043d\u0448\u043e\u0433\u043e.","publisher":{"@id":"https:\/\/pauzza.pl\/#organization"},"potentialAction":[{"@type":"SearchAction","target":{"@type":"EntryPoint","urlTemplate":"https:\/\/pauzza.pl\/?s={search_term_string}"},"query-input":{"@type":"PropertyValueSpecification","valueRequired":true,"valueName":"search_term_string"}}],"inLanguage":"uk"},{"@type":"Organization","@id":"https:\/\/pauzza.pl\/#organization","name":"\u0406\u043d\u0442\u0435\u0440\u043d\u0435\u0442 \u043c\u0430\u0433\u0430\u0437\u0438\u043d \u0436\u0456\u043d\u043e\u0447\u043e\u0433\u043e \u043e\u0434\u044f\u0433\u0443 Pauzza: \u0416\u0456\u043d\u043e\u0447\u0438\u0439 \u043e\u0434\u044f\u0433. \u041d\u043e\u0432\u0430 \u043a\u043e\u043b\u0435\u043a\u0446\u0456\u044f","url":"https:\/\/pauzza.pl\/","logo":{"@type":"ImageObject","inLanguage":"uk","@id":"https:\/\/pauzza.pl\/#\/schema\/logo\/image\/","url":"https:\/\/pauzza.pl\/wp-content\/uploads\/2024\/01\/pauzzaw.png","contentUrl":"https:\/\/pauzza.pl\/wp-content\/uploads\/2024\/01\/pauzzaw.png","width":350,"height":100,"caption":"Sklep online z damsk\u0105 odzie\u017c\u0105 Pauzza: Damska odzie\u017c. Nowa Kolekcja"},"image":{"@id":"https:\/\/pauzza.pl\/#\/schema\/logo\/image\/"}}]}},"_links":{"self":[{"href":"https:\/\/pauzza.pl\/uk\/wp-json\/wp\/v2\/product\/996775","targetHints":{"allow":["GET"]}}],"collection":[{"href":"https:\/\/pauzza.pl\/uk\/wp-json\/wp\/v2\/product"}],"about":[{"href":"https:\/\/pauzza.pl\/uk\/wp-json\/wp\/v2\/types\/product"}],"wp:featuredmedia":[{"embeddable":true,"href":"https:\/\/pauzza.pl\/uk\/wp-json\/wp\/v2\/media\/996777"}],"wp:attachment":[{"href":"https:\/\/pauzza.pl\/uk\/wp-json\/wp\/v2\/media?parent=996775"}],"wp:term":[{"taxonomy":"product_brand","embeddable":true,"href":"https:\/\/pauzza.pl\/uk\/wp-json\/wp\/v2\/product_brand?post=996775"},{"taxonomy":"product_cat","embeddable":true,"href":"https:\/\/pauzza.pl\/uk\/wp-json\/wp\/v2\/product_cat?post=996775"},{"taxonomy":"product_tag","embeddable":true,"href":"https:\/\/pauzza.pl\/uk\/wp-json\/wp\/v2\/product_tag?post=996775"}],"curies":[{"name":"wp","href":"https:\/\/api.w.org\/{rel}","templated":true}]}}