{"id":996719,"date":"2025-11-24T18:46:10","date_gmt":"2025-11-24T17:46:10","guid":{"rendered":"https:\/\/pauzza.pl\/produkt\/smartband-damski-rubicon-rncf05-silver-grey-smarub213\/"},"modified":"2026-04-17T16:33:57","modified_gmt":"2026-04-17T14:33:57","slug":"smartband-damski-rubicon-rncf05-silver-grey-smarub213","status":"publish","type":"product","link":"https:\/\/pauzza.pl\/uk\/%d0%bf%d1%80%d0%be%d0%b4%d1%83%d0%ba%d1%82\/smartband-damski-rubicon-rncf05-silver-grey-smarub213\/","title":{"rendered":"Smartband Damski RUBICON RNCF05 Silver\/Grey SMARUB213"},"content":{"rendered":"<p class=\"def\"><strong><span style=\"font-size: 18pt;\">Smartband Damski RUBICON RNCF05 Silver\/Pasek Grey<\/span><\/strong><\/p>\n<p class=\"def\">\u00a0<\/p>\n<p class=\"def\"><strong><span style=\"font-size: 18pt;\">Tw\u00f3j rytm. Tw\u00f3j czas. Tw\u00f3j Rubicon.<\/p>\n<p><\/span><\/strong><\/p>\n<p class=\"\" data-start=\"113\" data-end=\"496\"><span style=\"font-size: 12pt;\"><strong data-start=\"113\" data-end=\"152\">Ma\u0142y, zgrabny, a tak wiele potrafi.<\/strong> Ten smartband to idealny wyb\u00f3r dla aktywnej kobiety, kt\u00f3ra ceni minimalizm, wygod\u0119 i technologi\u0119 w pi\u0119knej formie. Smuk\u0142a konstrukcja, <strong data-start=\"288\" data-end=\"324\">koperta w kolorze srebra<\/strong> i <strong data-start=\"327\" data-end=\"357\">szary silikonowy pasek<\/strong> tworz\u0105 kobiece, a zarazem nowoczesne po\u0142\u0105czenie. Do tego <strong data-start=\"415\" data-end=\"443\">hipoalergiczne materia\u0142y<\/strong>, kt\u00f3re s\u0105 delikatne dla sk\u00f3ry \u2013 idealne na co dzie\u0144.<\/span><\/p>\n<p class=\"\" data-start=\"498\" data-end=\"782\"><span style=\"font-size: 12pt;\">Na niewielkim, ale wyrazistym <strong data-start=\"528\" data-end=\"556\">wy\u015bwietlaczu AMOLED 1.1\u201d<\/strong> z wysok\u0105 rozdzielczo\u015bci\u0105 126\u00d7294 wszystko wygl\u0105da czysto i przejrzy\u015bcie. <strong data-start=\"630\" data-end=\"649\">4 motywy tarczy<\/strong>, opcja pobierania nowych wzor\u00f3w z aplikacji, a nawet dodawanie w\u0142asnych grafik \u2013 to Ty decydujesz, jaki styl ma dzi\u015b Tw\u00f3j smartband.<\/span><\/p>\n<p class=\"\" data-start=\"784\" data-end=\"969\"><span style=\"font-size: 12pt;\"><strong data-start=\"784\" data-end=\"801\">Bluetooth 4.2<\/strong> zapewnia szybkie i energooszcz\u0119dne po\u0142\u0105czenie ze smartfonem, a <strong data-start=\"865\" data-end=\"920\">menu oraz aplikacja Keep Health s\u0105 w j\u0119zyku polskim<\/strong>, co czyni obs\u0142ug\u0119 wyj\u0105tkowo prost\u0105 i intuicyjn\u0105. A wszystko to wspiera <strong data-start=\"1458\" data-end=\"1476\">bateria 90 mAh<\/strong>, kt\u00f3ra wytrzyma kilka dni u\u017cytkowania.<\/span><\/p>\n<p class=\"\" data-start=\"1527\" data-end=\"1698\"><span style=\"font-size: 12pt;\"><strong data-start=\"1527\" data-end=\"1653\">Ten smartband jest lekki, ale nie do zignorowania \u2013 dyskretny, stylowy i gotowy, by towarzyszy\u0107 Ci w ka\u017cdym momencie dnia.<\/strong> Bo technologia te\u017c mo\u017ce mie\u0107 kobiec\u0105 stron\u0119.<\/span><\/p>\n<p class=\"def\" style=\"box-sizing: border-box; outline: none; color: #131313; font-family: Roboto, sans-serif; font-size: 14px;\">\u00a0<\/p>\n<p><strong><span style=\"font-size: 12pt;\">Opis og\u00f3lny:<\/span><\/strong><\/p>\n<ul style=\"margin-top: 0cm;\" type=\"disc\">\n<li class=\"MsoNormal\" style=\"font-size: 12pt;\"><span style=\"font-size: 12pt;\">Menu\u00a0i aplikacja w j\u0119zyku polskim !<\/span><\/li>\n<li class=\"MsoNormal\" style=\"font-size: 12pt;\"><span style=\"font-size: 12pt;\">wy\u015bwietlacz SINGLEdotyk \u00a0<b>AMOLED\u00a0display!<\/b>\u00a0<b>1.1\u201d<\/b><\/span><\/li>\n<li class=\"MsoNormal\" style=\"font-size: 12pt;\"><span style=\"font-size: 12pt;\">wysoka rozdzielczo\u015b\u0107: <strong>126*294\u00a0pikseli<\/strong><\/span><\/li>\n<li class=\"MsoNormal\" style=\"font-size: 12pt;\"><span style=\"font-size: 12pt;\">tarcza: 4\u00a0motywy\u00a0do wyboru\u00a0\u00a0<b>+ tarcze do pobrania z\u00a0aplikacji!\u00a0+ w\u0142asne tarcze!<\/b><\/span><\/li>\n<li class=\"MsoNormal\" style=\"font-size: 12pt;\"><span style=\"font-size: 12pt;\">Bluetooth 4.2<b>\u00a0<\/b>( szybki i oszcz\u0119dny )<\/span><\/li>\n<li class=\"MsoNormal\" style=\"font-size: 12pt;\"><span style=\"font-size: 12pt;\">wodoszczelno\u015b\u0107:\u00a0odporny na zachlapania<\/span><\/li>\n<li class=\"MsoNormal\" style=\"font-size: 12pt;\"><span style=\"font-size: 12pt;\">koperta &#8211; tworzywo ABS\u00a0,\u00a0\u00a0nie zawiera niklu, jest HiPOALERGiCZNA !<\/span><\/li>\n<li class=\"MsoNormal\" style=\"font-size: 12pt;\"><span style=\"font-size: 12pt;\">szkie\u0142ko\u00a02.5D<\/span><strong><span style=\"font-size: 12pt;\">\u00a0<\/span><\/strong><\/li>\n<li class=\"MsoNormal\" style=\"font-size: 12pt;\"><span style=\"font-size: 12pt;\">Bateria: 90\u00a0mAh\u00a0<\/span><\/li>\n<li class=\"MsoNormal\" style=\"font-size: 12pt;\"><span style=\"font-size: 12pt;\">wsp\u00f3\u0142praca z oprogramowaniem\u00a0iOS i Android<\/span><\/li>\n<li class=\"MsoNormal\" style=\"font-size: 12pt;\"><span style=\"font-size: 12pt;\">aplikacja:\u00a0<strong>Keep Health<\/strong><\/span><\/li>\n<li class=\"MsoNormal\" style=\"font-size: 12pt;\"><span style=\"font-size: 12pt;\">kolor:\u00a0 r\u00f3\u017cowe z\u0142oto ( koperta ) \/ fiolet ( pasek silikonowy )\n<p><\/span><span style=\"font-size: 12pt;\"><\/span><span style=\"font-size: 12pt;\">\u00a0<\/span><span style=\"font-size: 12pt;\"><\/span><\/li>\n<\/ul>\n<p><strong><span style=\"font-size: 12pt;\">Funkcje:<\/span><\/strong><\/p>\n<ul>\n<li><span style=\"font-size: 12pt;\"><strong>100 tryb\u00f3w sportowych !<\/strong><\/span><\/li>\n<li><span style=\"font-size: 12pt;\">krokomierz, licznik kalorii<\/span><\/li>\n<li><span style=\"font-size: 12pt;\">pomiar t\u0119tna, pomiar ci\u015bnienia krwi, pomiar tlenu we krwi\u00a0<strong>( PULSOKSYMETR)<\/strong><\/span><\/li>\n<li><strong><span style=\"font-size: 12pt;\">trening oddechu<\/span><\/strong><\/li>\n<li><span style=\"font-size: 12pt;\">monitor snu<\/span><\/li>\n<li><span style=\"font-size: 12pt;\">przypomnienie o wypiciu wody, ruchu<\/span><\/li>\n<li><span style=\"font-size: 12pt;\">powiadomienie po\u0142\u0105cze\u0144 przychodz\u0105cych<\/span><\/li>\n<li><span style=\"font-size: 12pt;\">powiadomienia: Facebook, SMS, Twitter, WhatsApp, gmail \u00a0itp.<\/span><\/li>\n<li><span style=\"font-size: 12pt;\">alarm \/ budzik \/ timer<\/span><\/li>\n<li><strong><span style=\"font-size: 12pt;\">tryb latarki <\/span><\/strong><\/li>\n<li><strong><span style=\"font-size: 12pt;\">kalkulator<\/span><\/strong><\/li>\n<li><span style=\"font-size: 12pt;\">gry ( 2 )<\/span><\/li>\n<li><span style=\"font-size: 12pt;\">informacje o pogodzie<\/span><\/li>\n<li><span style=\"font-size: 12pt;\">zdalne zdj\u0119cia<\/span><\/li>\n<li><span style=\"font-size: 12pt;\">sterowanie<strong> odtwarzaczem MP3 <\/strong>w telefonie dodatkowo z funkcj\u0105 volume control !<\/span><\/li>\n<li><span style=\"font-size: 12pt;\">funkcja: znajd\u017a smartwatch<\/span><br \/><span style=\"font-size: 12pt;\">\u00a0<\/span><br \/><span style=\"font-size: 12pt;\"><\/span><\/li>\n<\/ul>\n<p><strong><span style=\"font-size: 12pt;\">\u0420\u043e\u0437\u043c\u0456\u0440\u0438:<\/span><\/strong><\/p>\n<ul style=\"margin-top: 0cm;\" type=\"disc\">\n<li class=\"MsoNormal\" style=\"font-size: 12pt;\"><span style=\"font-size: 12pt;\">Wielko\u015b\u0107 koperty: 44 mm x 19 mm<\/span><\/li>\n<li class=\"MsoNormal\" style=\"font-size: 12pt;\"><span style=\"font-size: 12pt;\">Grubo\u015b\u0107 koperty: 11 mm<\/span><\/li>\n<\/ul>\n<ul style=\"list-style-type: square;\">\n<li style=\"font-size: 12pt;\"><span style=\"font-size: 12pt;\">Pasek szeroko\u015b\u0107 : 18 mm<\/span><\/li>\n<\/ul>\n<p>\u00a0<\/p>\n<p><strong><span style=\"font-size: 12pt;\">Kolorystyka:<\/span><\/strong><\/p>\n<ul style=\"list-style-type: square;\">\n<li><span style=\"font-size: 12pt;\">Koperta: <strong>srebro<\/strong><\/span><\/li>\n<li><span style=\"font-size: 12pt;\">Pasek: <strong>szary<\/strong><\/span><\/li>\n<li><span style=\"font-size: 12pt;\">Sprz\u0105czka: <strong>srebro<\/strong><\/span><span style=\"font-size: 12pt;\"><\/span><\/li>\n<\/ul>\n<p>\u00a0<\/p>\n<p><strong><span style=\"font-size: 12pt;\">W ZESTAWIE OTRZYMASZ:<\/span><\/strong><\/p>\n<ul>\n<li><span style=\"font-size: 12pt;\">smartband z paskiem silikonowym<\/span><\/li>\n<li><span style=\"font-size: 12pt;\">kabel \u0142aduj\u0105cy USB<\/span><\/li>\n<li><span style=\"font-size: 12pt;\">instrukcja PL + Karta Gwarancyjna\u00a0<\/span><\/li>\n<\/ul>\n<p>\u00a0<\/p>\n<p data-start=\"59\" data-end=\"267\"><span style=\"font-size: 14pt;\"><strong data-start=\"882\" data-end=\"923\" data-is-last-node=\"\">Nie mierz czasu \u2013 tw\u00f3rz go ze SMARTWATCHEM Rubicon<\/p>\n<p><\/strong><\/span><\/p>\n<p data-start=\"59\" data-end=\"267\"><span style=\"font-size: 12pt;\">Od 1998 roku\u00a0<strong data-start=\"72\" data-end=\"83\">Rubicon<\/strong> kreuje czas na w\u0142asnych zasadach, \u0142\u0105cz\u0105c precyzj\u0119 z wyrafinowanym designem. To marka dla tych, kt\u00f3rzy nie tylko pod\u0105\u017caj\u0105 za czasem, ale r\u00f3wnie\u017c chc\u0105 go prze\u017cywa\u0107 w najlepszym stylu.<\/span><\/p>\n<p data-start=\"269\" data-end=\"603\"><span style=\"font-size: 12pt;\"><strong data-start=\"269\" data-end=\"287\">Rubicon <\/strong>smartwatch, kt\u00f3ry nie jest jedynie gad\u017cetem \u2013 to codzienny towarzysz, kt\u00f3ry subtelnie dopasowuje si\u0119 do Twojego tempa. Niezale\u017cnie od tego, czy p\u0119dzisz na spotkanie, prowadzisz wa\u017cn\u0105 rozmow\u0119, czy znajdujesz chwil\u0119 na relaks, Tw\u00f3j\u00a0<strong data-start=\"521\" data-end=\"532\">Rubicon<\/strong> nad\u0105\u017ca za Tob\u0105, dodaj\u0105c elegancji i funkcjonalno\u015bci w ka\u017cdej chwili.<\/span><\/p>\n<p data-start=\"605\" data-end=\"878\"><span style=\"font-size: 12pt;\">Dla kobiet \u2013 subtelny, bi\u017cuteryjny akcent, kt\u00f3ry podkre\u015bla klas\u0119 i nowoczesny styl. Dla m\u0119\u017cczyzn \u2013 technologia w najlepszym wydaniu, kt\u00f3ra \u0142\u0105czy nowatorskie rozwi\u0105zania z perfekcyjn\u0105 jako\u015bci\u0105. <strong data-start=\"798\" data-end=\"809\">Rubicon<\/strong> to wi\u0119cej ni\u017c zegarek \u2013 to detal, kt\u00f3ry podkre\u015bla Twoj\u0105 osobowo\u015b\u0107.<\/span><\/p>\n<p data-start=\"605\" data-end=\"878\">\u00a0<\/p>","protected":false},"excerpt":{"rendered":"<p>Smartband Damski RUBICON RNCF05 Silver\/Pasek Grey \u00a0 Tw\u00f3j rytm. Tw\u00f3j czas. Tw\u00f3j Rubicon. Ma\u0142y, zgrabny, a tak wiele potrafi. Ten smartband to idealny wyb\u00f3r dla aktywnej kobiety, kt\u00f3ra ceni minimalizm, wygod\u0119 i technologi\u0119 w pi\u0119knej formie. Smuk\u0142a konstrukcja, koperta w kolorze srebra i szary silikonowy pasek tworz\u0105 kobiece, a zarazem nowoczesne po\u0142\u0105czenie. Do tego hipoalergiczne [&hellip;]<\/p>","protected":false},"featured_media":996721,"template":"","meta":{"_acf_changed":false},"product_brand":[],"product_cat":[4903,4840],"product_tag":[],"class_list":{"0":"post-996719","1":"product","2":"type-product","3":"status-publish","4":"has-post-thumbnail","6":"product_cat-rubicon-smartband","7":"product_cat-smartband","9":"first","10":"outofstock","11":"taxable","12":"shipping-taxable","13":"purchasable","14":"product-type-simple"},"acf":[],"yoast_head":"<!-- This site is optimized with the Yoast SEO plugin v27.2 - https:\/\/yoast.com\/product\/yoast-seo-wordpress\/ -->\n<title>Smartband Damski RUBICON RNCF05 Silver\/Grey SMARUB213<\/title>\n<meta name=\"robots\" content=\"index, follow, max-snippet:-1, max-image-preview:large, max-video-preview:-1\" \/>\n<link rel=\"canonical\" href=\"https:\/\/pauzza.pl\/uk\/\u043f\u0440\u043e\u0434\u0443\u043a\u0442\/smartband-damski-rubicon-rncf05-silver-grey-smarub213\/\" \/>\n<meta property=\"og:locale\" content=\"uk_UA\" \/>\n<meta property=\"og:type\" content=\"article\" \/>\n<meta property=\"og:title\" content=\"Smartband Damski RUBICON RNCF05 Silver\/Grey SMARUB213\" \/>\n<meta property=\"og:description\" content=\"Smartband Damski RUBICON RNCF05 Silver\/Pasek Grey \u00a0 Tw\u00f3j rytm. Tw\u00f3j czas. Tw\u00f3j Rubicon. Ma\u0142y, zgrabny, a tak wiele potrafi. Ten smartband to idealny wyb\u00f3r dla aktywnej kobiety, kt\u00f3ra ceni minimalizm, wygod\u0119 i technologi\u0119 w pi\u0119knej formie. Smuk\u0142a konstrukcja, koperta w kolorze srebra i szary silikonowy pasek tworz\u0105 kobiece, a zarazem nowoczesne po\u0142\u0105czenie. Do tego hipoalergiczne [&hellip;]\" \/>\n<meta property=\"og:url\" content=\"https:\/\/pauzza.pl\/uk\/\u043f\u0440\u043e\u0434\u0443\u043a\u0442\/smartband-damski-rubicon-rncf05-silver-grey-smarub213\/\" \/>\n<meta property=\"og:site_name\" content=\"Sklep online z damsk\u0105 odzie\u017c\u0105 Pauzza: Damska odzie\u017c. Nowa Kolekcja\" \/>\n<meta property=\"article:modified_time\" content=\"2026-04-17T14:33:57+00:00\" \/>\n<meta property=\"og:image\" content=\"https:\/\/pauzza.pl\/wp-content\/uploads\/2025\/11\/1_max-460.jpg\" \/>\n\t<meta property=\"og:image:width\" content=\"726\" \/>\n\t<meta property=\"og:image:height\" content=\"800\" \/>\n\t<meta property=\"og:image:type\" content=\"image\/jpeg\" \/>\n<meta name=\"twitter:card\" content=\"summary_large_image\" \/>\n<meta name=\"twitter:label1\" content=\"\u041f\u0440\u0438\u0431\u043b. \u0447\u0430\u0441 \u0447\u0438\u0442\u0430\u043d\u043d\u044f\" \/>\n\t<meta name=\"twitter:data1\" content=\"3 \u0445\u0432\u0438\u043b\u0438\u043d\u0438\" \/>\n<script type=\"application\/ld+json\" class=\"yoast-schema-graph\">{\"@context\":\"https:\/\/schema.org\",\"@graph\":[{\"@type\":\"WebPage\",\"@id\":\"https:\/\/pauzza.pl\/produkt\/smartband-damski-rubicon-rncf05-silver-grey-smarub213\/\",\"url\":\"https:\/\/pauzza.pl\/produkt\/smartband-damski-rubicon-rncf05-silver-grey-smarub213\/\",\"name\":\"Smartband Damski RUBICON RNCF05 Silver\/Grey SMARUB213\",\"isPartOf\":{\"@id\":\"https:\/\/pauzza.pl\/#website\"},\"primaryImageOfPage\":{\"@id\":\"https:\/\/pauzza.pl\/produkt\/smartband-damski-rubicon-rncf05-silver-grey-smarub213\/#primaryimage\"},\"image\":{\"@id\":\"https:\/\/pauzza.pl\/produkt\/smartband-damski-rubicon-rncf05-silver-grey-smarub213\/#primaryimage\"},\"thumbnailUrl\":\"https:\/\/pauzza.pl\/wp-content\/uploads\/2025\/11\/1_max-460.jpg\",\"datePublished\":\"2025-11-24T17:46:10+00:00\",\"dateModified\":\"2026-04-17T14:33:57+00:00\",\"breadcrumb\":{\"@id\":\"https:\/\/pauzza.pl\/produkt\/smartband-damski-rubicon-rncf05-silver-grey-smarub213\/#breadcrumb\"},\"inLanguage\":\"uk\",\"potentialAction\":[{\"@type\":\"ReadAction\",\"target\":[\"https:\/\/pauzza.pl\/produkt\/smartband-damski-rubicon-rncf05-silver-grey-smarub213\/\"]}]},{\"@type\":\"ImageObject\",\"inLanguage\":\"uk\",\"@id\":\"https:\/\/pauzza.pl\/produkt\/smartband-damski-rubicon-rncf05-silver-grey-smarub213\/#primaryimage\",\"url\":\"https:\/\/pauzza.pl\/wp-content\/uploads\/2025\/11\/1_max-460.jpg\",\"contentUrl\":\"https:\/\/pauzza.pl\/wp-content\/uploads\/2025\/11\/1_max-460.jpg\",\"width\":726,\"height\":800},{\"@type\":\"BreadcrumbList\",\"@id\":\"https:\/\/pauzza.pl\/produkt\/smartband-damski-rubicon-rncf05-silver-grey-smarub213\/#breadcrumb\",\"itemListElement\":[{\"@type\":\"ListItem\",\"position\":1,\"name\":\"Strona g\u0142\u00f3wna\",\"item\":\"https:\/\/pauzza.pl\/\"},{\"@type\":\"ListItem\",\"position\":2,\"name\":\"Sklep\",\"item\":\"https:\/\/pauzza.pl\/sklep\/\"},{\"@type\":\"ListItem\",\"position\":3,\"name\":\"Smartband Damski RUBICON RNCF05 Silver\/Grey SMARUB213\"}]},{\"@type\":\"WebSite\",\"@id\":\"https:\/\/pauzza.pl\/#website\",\"url\":\"https:\/\/pauzza.pl\/\",\"name\":\"Sklep online z damsk\u0105 odzie\u017c\u0105 Pauzza: Damska odzie\u017c. Nowa Kolekcja\",\"description\":\"Je\u015bli chcesz zadba\u0107 o sw\u00f3j profesjonalny i pe\u0142en klasy wygl\u0105d w pracy butik online Pauzza, to strza\u0142 w dziesi\u0105tk\u0119! U nas znajdziesz szeroki wyb\u00f3r \u017cakiet\u00f3w, koszul, kurtek, sukienek, sp\u00f3dnic i wiele wiecej\",\"publisher\":{\"@id\":\"https:\/\/pauzza.pl\/#organization\"},\"potentialAction\":[{\"@type\":\"SearchAction\",\"target\":{\"@type\":\"EntryPoint\",\"urlTemplate\":\"https:\/\/pauzza.pl\/?s={search_term_string}\"},\"query-input\":{\"@type\":\"PropertyValueSpecification\",\"valueRequired\":true,\"valueName\":\"search_term_string\"}}],\"inLanguage\":\"uk\"},{\"@type\":\"Organization\",\"@id\":\"https:\/\/pauzza.pl\/#organization\",\"name\":\"Sklep online z damsk\u0105 odzie\u017c\u0105 Pauzza: Damska odzie\u017c. Nowa Kolekcja\",\"url\":\"https:\/\/pauzza.pl\/\",\"logo\":{\"@type\":\"ImageObject\",\"inLanguage\":\"uk\",\"@id\":\"https:\/\/pauzza.pl\/#\/schema\/logo\/image\/\",\"url\":\"https:\/\/pauzza.pl\/wp-content\/uploads\/2024\/01\/pauzzaw.png\",\"contentUrl\":\"https:\/\/pauzza.pl\/wp-content\/uploads\/2024\/01\/pauzzaw.png\",\"width\":350,\"height\":100,\"caption\":\"Sklep online z damsk\u0105 odzie\u017c\u0105 Pauzza: Damska odzie\u017c. Nowa Kolekcja\"},\"image\":{\"@id\":\"https:\/\/pauzza.pl\/#\/schema\/logo\/image\/\"}}]}<\/script>\n<!-- \/ Yoast SEO plugin. -->","yoast_head_json":{"title":"Smartband Damski RUBICON RNCF05 Silver\/Grey SMARUB213","robots":{"index":"index","follow":"follow","max-snippet":"max-snippet:-1","max-image-preview":"max-image-preview:large","max-video-preview":"max-video-preview:-1"},"canonical":"https:\/\/pauzza.pl\/uk\/\u043f\u0440\u043e\u0434\u0443\u043a\u0442\/smartband-damski-rubicon-rncf05-silver-grey-smarub213\/","og_locale":"uk_UA","og_type":"article","og_title":"Smartband Damski RUBICON RNCF05 Silver\/Grey SMARUB213","og_description":"Smartband Damski RUBICON RNCF05 Silver\/Pasek Grey \u00a0 Tw\u00f3j rytm. Tw\u00f3j czas. Tw\u00f3j Rubicon. Ma\u0142y, zgrabny, a tak wiele potrafi. Ten smartband to idealny wyb\u00f3r dla aktywnej kobiety, kt\u00f3ra ceni minimalizm, wygod\u0119 i technologi\u0119 w pi\u0119knej formie. Smuk\u0142a konstrukcja, koperta w kolorze srebra i szary silikonowy pasek tworz\u0105 kobiece, a zarazem nowoczesne po\u0142\u0105czenie. Do tego hipoalergiczne [&hellip;]","og_url":"https:\/\/pauzza.pl\/uk\/\u043f\u0440\u043e\u0434\u0443\u043a\u0442\/smartband-damski-rubicon-rncf05-silver-grey-smarub213\/","og_site_name":"Sklep online z damsk\u0105 odzie\u017c\u0105 Pauzza: Damska odzie\u017c. Nowa Kolekcja","article_modified_time":"2026-04-17T14:33:57+00:00","og_image":[{"width":726,"height":800,"url":"https:\/\/pauzza.pl\/wp-content\/uploads\/2025\/11\/1_max-460.jpg","type":"image\/jpeg"}],"twitter_card":"summary_large_image","twitter_misc":{"\u041f\u0440\u0438\u0431\u043b. \u0447\u0430\u0441 \u0447\u0438\u0442\u0430\u043d\u043d\u044f":"3 \u0445\u0432\u0438\u043b\u0438\u043d\u0438"},"schema":{"@context":"https:\/\/schema.org","@graph":[{"@type":"WebPage","@id":"https:\/\/pauzza.pl\/produkt\/smartband-damski-rubicon-rncf05-silver-grey-smarub213\/","url":"https:\/\/pauzza.pl\/produkt\/smartband-damski-rubicon-rncf05-silver-grey-smarub213\/","name":"Smartband Damski RUBICON RNCF05 Silver\/Grey SMARUB213","isPartOf":{"@id":"https:\/\/pauzza.pl\/#website"},"primaryImageOfPage":{"@id":"https:\/\/pauzza.pl\/produkt\/smartband-damski-rubicon-rncf05-silver-grey-smarub213\/#primaryimage"},"image":{"@id":"https:\/\/pauzza.pl\/produkt\/smartband-damski-rubicon-rncf05-silver-grey-smarub213\/#primaryimage"},"thumbnailUrl":"https:\/\/pauzza.pl\/wp-content\/uploads\/2025\/11\/1_max-460.jpg","datePublished":"2025-11-24T17:46:10+00:00","dateModified":"2026-04-17T14:33:57+00:00","breadcrumb":{"@id":"https:\/\/pauzza.pl\/produkt\/smartband-damski-rubicon-rncf05-silver-grey-smarub213\/#breadcrumb"},"inLanguage":"uk","potentialAction":[{"@type":"ReadAction","target":["https:\/\/pauzza.pl\/produkt\/smartband-damski-rubicon-rncf05-silver-grey-smarub213\/"]}]},{"@type":"ImageObject","inLanguage":"uk","@id":"https:\/\/pauzza.pl\/produkt\/smartband-damski-rubicon-rncf05-silver-grey-smarub213\/#primaryimage","url":"https:\/\/pauzza.pl\/wp-content\/uploads\/2025\/11\/1_max-460.jpg","contentUrl":"https:\/\/pauzza.pl\/wp-content\/uploads\/2025\/11\/1_max-460.jpg","width":726,"height":800},{"@type":"BreadcrumbList","@id":"https:\/\/pauzza.pl\/produkt\/smartband-damski-rubicon-rncf05-silver-grey-smarub213\/#breadcrumb","itemListElement":[{"@type":"ListItem","position":1,"name":"Strona g\u0142\u00f3wna","item":"https:\/\/pauzza.pl\/"},{"@type":"ListItem","position":2,"name":"Sklep","item":"https:\/\/pauzza.pl\/sklep\/"},{"@type":"ListItem","position":3,"name":"Smartband Damski RUBICON RNCF05 Silver\/Grey SMARUB213"}]},{"@type":"WebSite","@id":"https:\/\/pauzza.pl\/#website","url":"https:\/\/pauzza.pl\/","name":"\u0406\u043d\u0442\u0435\u0440\u043d\u0435\u0442 \u043c\u0430\u0433\u0430\u0437\u0438\u043d \u0436\u0456\u043d\u043e\u0447\u043e\u0433\u043e \u043e\u0434\u044f\u0433\u0443 Pauzza: \u0416\u0456\u043d\u043e\u0447\u0438\u0439 \u043e\u0434\u044f\u0433. \u041d\u043e\u0432\u0430 \u043a\u043e\u043b\u0435\u043a\u0446\u0456\u044f","description":"\u042f\u043a\u0449\u043e \u0432\u0438 \u0445\u043e\u0447\u0435\u0442\u0435 \u043f\u043e\u0434\u0431\u0430\u0442\u0438 \u043f\u0440\u043e \u0441\u0432\u0456\u0439 \u043f\u0440\u043e\u0444\u0435\u0441\u0456\u0439\u043d\u0438\u0439 \u0442\u0430 \u0441\u0442\u0438\u043b\u044c\u043d\u0438\u0439 \u0432\u0438\u0433\u043b\u044f\u0434 \u043d\u0430 \u0440\u043e\u0431\u043e\u0442\u0456, \u043e\u043d\u043b\u0430\u0439\u043d-\u0431\u0443\u0442\u0456\u043a Pauzza - \u0446\u0435 \u0445\u0456\u0442! \u0422\u0443\u0442 \u0432\u0438 \u0437\u043d\u0430\u0439\u0434\u0435\u0442\u0435 \u0448\u0438\u0440\u043e\u043a\u0438\u0439 \u0432\u0438\u0431\u0456\u0440 \u043f\u0456\u0434\u0436\u0430\u043a\u0456\u0432, \u0441\u043e\u0440\u043e\u0447\u043e\u043a, \u0436\u0430\u043a\u0435\u0442\u0456\u0432, \u0441\u0443\u043a\u043e\u043d\u044c, \u0441\u043f\u0456\u0434\u043d\u0438\u0446\u044c \u0442\u0430 \u0431\u0430\u0433\u0430\u0442\u043e \u0456\u043d\u0448\u043e\u0433\u043e.","publisher":{"@id":"https:\/\/pauzza.pl\/#organization"},"potentialAction":[{"@type":"SearchAction","target":{"@type":"EntryPoint","urlTemplate":"https:\/\/pauzza.pl\/?s={search_term_string}"},"query-input":{"@type":"PropertyValueSpecification","valueRequired":true,"valueName":"search_term_string"}}],"inLanguage":"uk"},{"@type":"Organization","@id":"https:\/\/pauzza.pl\/#organization","name":"\u0406\u043d\u0442\u0435\u0440\u043d\u0435\u0442 \u043c\u0430\u0433\u0430\u0437\u0438\u043d \u0436\u0456\u043d\u043e\u0447\u043e\u0433\u043e \u043e\u0434\u044f\u0433\u0443 Pauzza: \u0416\u0456\u043d\u043e\u0447\u0438\u0439 \u043e\u0434\u044f\u0433. \u041d\u043e\u0432\u0430 \u043a\u043e\u043b\u0435\u043a\u0446\u0456\u044f","url":"https:\/\/pauzza.pl\/","logo":{"@type":"ImageObject","inLanguage":"uk","@id":"https:\/\/pauzza.pl\/#\/schema\/logo\/image\/","url":"https:\/\/pauzza.pl\/wp-content\/uploads\/2024\/01\/pauzzaw.png","contentUrl":"https:\/\/pauzza.pl\/wp-content\/uploads\/2024\/01\/pauzzaw.png","width":350,"height":100,"caption":"Sklep online z damsk\u0105 odzie\u017c\u0105 Pauzza: Damska odzie\u017c. Nowa Kolekcja"},"image":{"@id":"https:\/\/pauzza.pl\/#\/schema\/logo\/image\/"}}]}},"_links":{"self":[{"href":"https:\/\/pauzza.pl\/uk\/wp-json\/wp\/v2\/product\/996719","targetHints":{"allow":["GET"]}}],"collection":[{"href":"https:\/\/pauzza.pl\/uk\/wp-json\/wp\/v2\/product"}],"about":[{"href":"https:\/\/pauzza.pl\/uk\/wp-json\/wp\/v2\/types\/product"}],"wp:featuredmedia":[{"embeddable":true,"href":"https:\/\/pauzza.pl\/uk\/wp-json\/wp\/v2\/media\/996721"}],"wp:attachment":[{"href":"https:\/\/pauzza.pl\/uk\/wp-json\/wp\/v2\/media?parent=996719"}],"wp:term":[{"taxonomy":"product_brand","embeddable":true,"href":"https:\/\/pauzza.pl\/uk\/wp-json\/wp\/v2\/product_brand?post=996719"},{"taxonomy":"product_cat","embeddable":true,"href":"https:\/\/pauzza.pl\/uk\/wp-json\/wp\/v2\/product_cat?post=996719"},{"taxonomy":"product_tag","embeddable":true,"href":"https:\/\/pauzza.pl\/uk\/wp-json\/wp\/v2\/product_tag?post=996719"}],"curies":[{"name":"wp","href":"https:\/\/api.w.org\/{rel}","templated":true}]}}