{"id":996689,"date":"2025-11-24T18:45:55","date_gmt":"2025-11-24T17:45:55","guid":{"rendered":"https:\/\/pauzza.pl\/produkt\/smartwatch-damski-rubicon-rnbe66-silver-smarub123\/"},"modified":"2026-04-10T21:58:20","modified_gmt":"2026-04-10T19:58:20","slug":"smartwatch-damski-rubicon-rnbe66-silver-smarub123","status":"publish","type":"product","link":"https:\/\/pauzza.pl\/uk\/%d0%bf%d1%80%d0%be%d0%b4%d1%83%d0%ba%d1%82\/smartwatch-damski-rubicon-rnbe66-silver-smarub123\/","title":{"rendered":"Smartwatch Damski RUBICON RNBE66 Silver SMARUB123"},"content":{"rendered":"<p class=\"def\"><span style=\"font-size: 18pt;\"><strong><br \/>Smartwatch Damski RUBICON RNBE66 Silver<br \/><\/strong><\/span><\/p>\n<p class=\"def\">\u00a0<\/p>\n<p class=\"def\"><strong><span style=\"font-size: 18pt;\">Tw\u00f3j rytm. Tw\u00f3j czas. Tw\u00f3j Rubicon.<\/span><\/strong><\/p>\n<p class=\"def\">\u00a0<\/p>\n<p class=\"\" data-start=\"157\" data-end=\"672\"><span style=\"font-size: 12pt;\"><strong data-start=\"157\" data-end=\"297\">Zaczynasz dzie\u0144 na wysokich obrotach? Ten smartwatch dotrzyma Ci kroku \u2013 z klas\u0105, lekko\u015bci\u0105 i technologi\u0105, kt\u00f3ra nad\u0105\u017ca za Twoim tempem.<\/strong><\/span><br data-start=\"297\" data-end=\"300\"><span style=\"font-size: 12pt;\">Smuk\u0142a jak Twoja sylwetka \u2013 koperta o grubo\u015bci <strong data-start=\"347\" data-end=\"364\">zaledwie 9 mm (!!!)\u00a0<\/strong>to perfekcyjne po\u0142\u0105czenie stylu i wygody. W ca\u0142o\u015bci wykonana ze <strong data-start=\"429\" data-end=\"462\">stali pokrytej metod\u0105 IPS\/IPG<\/strong>, bez dodatku niklu, jest <strong data-start=\"488\" data-end=\"506\">hipoalergiczna<\/strong> i delikatna dla sk\u00f3ry. Srebrna\u00a0<strong data-start=\"532\" data-end=\"566\">bransoleta<\/strong> to klasa sama w sobie \u2013 elegancja, kt\u00f3r\u0105 mo\u017cesz dowolnie wymienia\u0107 (20 mm), gdy tylko zapragniesz zmiany.<\/span><\/p>\n<p class=\"\" data-start=\"674\" data-end=\"932\"><span style=\"font-size: 12pt;\"><strong data-start=\"674\" data-end=\"702\">Wy\u015bwietlacz TFT IPS 1.1\u201d<\/strong> z rozdzielczo\u015bci\u0105 240\u00d7240 prezentuje si\u0119 perfekcyjnie \u2013 wyra\u017any, dotykowy, responsywny. Do tego <strong data-start=\"799\" data-end=\"819\">7 motyw\u00f3w tarczy<\/strong>, animowane grafiki i opcja w\u0142asnych projekt\u00f3w \u2013 wszystko, by dopasowa\u0107 zegarek do stylizacji, nastroju i okazji.<br \/><\/span><span style=\"font-size: 12pt;\">Na pok\u0142adzie znajdziesz wszystko, czego potrzebujesz: pulsometr, pulsoksymetr i ci\u015bnieniomierz dla kontroli zdrowia, 6 tryb\u00f3w sportowych oraz licznik krok\u00f3w i spalonych kalorii. Do tego monitor snu, przypomnienia o nawodnieniu i ruchu, powiadomienia z WhatsAppa, Facebooka i innych aplikacji, zdalne zdj\u0119cia, sterowanie muzyk\u0105 z regulacj\u0105 g\u0142o\u015bno\u015bci, a tak\u017ce budzik, timer, informacje o pogodzie i funkcja znajd\u017a smartwatch. To jeszcze nie wszystko. <strong data-start=\"796\" data-end=\"813\">Bluetooth 5.0<\/strong>, menu i aplikacja po polsku, a do tego <strong data-start=\"853\" data-end=\"878\">super bateria 180 mAh<\/strong>, kt\u00f3ra wytrzymuje do 5 dni pracy.\u00a0<\/span><\/p>\n<p><span style=\"font-size: 14pt;\"><strong data-start=\"1486\" data-end=\"1517\">Smuk\u0142y. Stylowy. Skuteczny.<br \/><\/strong><\/span><br data-start=\"1517\" data-end=\"1520\"><span style=\"font-size: 12pt;\">Zegarek, kt\u00f3ry nie tylko \u015bwietnie wygl\u0105da na Twoim nadgarstku \u2013 ale naprawd\u0119 dzia\u0142a. Bo Ty te\u017c nie zwalniasz tempa.<\/span><\/p>\n<p class=\"def\" style=\"box-sizing: border-box; outline: none; color: #131313; font-family: Roboto, sans-serif; font-size: 14px;\">\u00a0<\/p>\n<p class=\"def\" style=\"box-sizing: border-box; outline: none; color: #131313; font-family: Roboto, sans-serif; font-size: 14px;\"><span style=\"font-size: 12pt;\"><strong>Opis produktu:<\/strong><\/span><\/p>\n<ul>\n<li class=\"MsoNormal\" style=\"font-size: 12pt;\"><span style=\"font-size: 12pt;\">Menu i aplikacja w j\u0119zyku polskim !<\/span><\/li>\n<li class=\"MsoNormal\" style=\"font-size: 12pt;\"><span style=\"font-size: 12pt;\">wy\u015bwietlacz MULTIdotyk\u00a0 TFT IPS full touch round screen!<b>\u00a01.1\u201d<\/b><\/span><\/li>\n<li class=\"MsoNormal\" style=\"font-size: 12pt;\"><span style=\"font-size: 12pt;\">wysoka rozdzielczo\u015b\u0107: 240*240\u00a0pikseli<\/span><\/li>\n<li class=\"MsoNormal\" style=\"font-size: 12pt;\"><span style=\"font-size: 12pt;\">tarcza: 7\u00a0motyw\u00f3w\u00a0do wyboru\u00a0<b>+ tarcze do pobrania z\u00a0aplikacji!\u00a0+ w\u0142asne tarcze! animowana grafika !<\/b><\/span><\/li>\n<li class=\"MsoNormal\" style=\"font-size: 12pt;\"><span style=\"font-size: 12pt;\">procesor:\u00a0<b>nRF52832 !<\/b><\/span><\/li>\n<li class=\"MsoNormal\" style=\"font-size: 12pt;\"><span style=\"font-size: 12pt;\"><b>Bluetooth 5.0 !<\/b><\/span><\/li>\n<li class=\"MsoNormal\" style=\"font-size: 12pt;\"><span style=\"font-size: 12pt;\">wodoszczelno\u015b\u0107:\u00a0IP67<\/span><\/li>\n<li class=\"MsoNormal\" style=\"font-size: 12pt;\"><span style=\"font-size: 12pt;\"><b>CA\u0141A koperta wykonana ze stali<\/b>, pokryta metod\u0105 IPS\/IPG,\u00a0\u00a0nie zawiera niklu, jest HiPOALERGiCZNA !<\/span><\/li>\n<li class=\"MsoNormal\" style=\"font-size: 12pt;\"><span style=\"font-size: 12pt;\">pasek\u00a0stalowy,\u00a0mo\u017cliwo\u015b\u0107 wymiany paska \u00a0( 20mm )<\/span><\/li>\n<li class=\"MsoNormal\" style=\"font-size: 12pt;\"><span style=\"font-size: 12pt;\">szkie\u0142ko mineralne \u00a0<\/span><\/li>\n<li class=\"MsoNormal\" style=\"font-size: 12pt;\"><span style=\"font-size: 12pt;\">Super Bateria: 180 mAh ! ( do 5 dni pracy &#8211; do 10 dni czuwanie )<\/span><\/li>\n<li class=\"MsoNormal\" style=\"font-size: 12pt;\"><span style=\"font-size: 12pt;\">wsp\u00f3\u0142praca z oprogramowaniem\u00a0iOS i Android<\/span><\/li>\n<li class=\"MsoNormal\" style=\"font-size: 12pt;\"><span style=\"font-size: 12pt;\">aplikacja: Qwatch<\/span><\/li>\n<li class=\"MsoNormal\" style=\"font-size: 12pt;\"><span style=\"font-size: 12pt;\">kolor: srebrny ( koperta ) srebrny ( bransoleta )<\/span><\/li>\n<li class=\"MsoNormal\" style=\"font-size: 12pt;\"><span style=\"font-size: 12pt;\">wymiary koperty: 47x42x\u00a0<b>Super Slim 9\u00a0mm !<\/b><\/span><\/li>\n<\/ul>\n<p>\u00a0<\/p>\n<p><span style=\"font-size: 12pt;\"><strong>Funkcje:<\/strong><\/span><\/p>\n<ul style=\"margin-top: 0cm;\" type=\"disc\">\n<li class=\"MsoNormal\" style=\"font-size: 12pt;\"><span style=\"font-size: 12pt;\">6 tryb\u00f3w sportowych<\/span><\/li>\n<li class=\"MsoNormal\" style=\"font-size: 12pt;\"><span style=\"font-size: 12pt;\">krokomierz, licznik kalorii<\/span><\/li>\n<li class=\"MsoNormal\" style=\"font-size: 12pt;\"><span style=\"font-size: 12pt;\">pomiar t\u0119tna HRS3300<strong>( PULSOMETR ),<\/strong> pomiar ci\u015bnienia krwi, pomiar tlenu we krwi<strong> ( PULSOKSYMETR),<\/strong><\/span><\/li>\n<li class=\"MsoNormal\" style=\"font-size: 12pt;\"><span style=\"font-size: 12pt;\">monitor snu<\/span><\/li>\n<li class=\"MsoNormal\" style=\"font-size: 12pt;\"><span style=\"font-size: 12pt;\">przypomnienie o\u00a0wypiciu wody,\u00a0ruchu<\/span><\/li>\n<li class=\"MsoNormal\" style=\"font-size: 12pt;\"><span style=\"font-size: 12pt;\">powiadomienie po\u0142\u0105cze\u0144 przychodz\u0105cych<\/span><\/li>\n<li class=\"MsoNormal\" style=\"font-size: 12pt;\"><span style=\"font-size: 12pt;\">powiadomienia:\u00a0Facebook, SMS, Twitter, WhatsApp, gmail\u00a0\u00a0itp.<\/span><\/li>\n<li class=\"MsoNormal\" style=\"font-size: 12pt;\"><span style=\"font-size: 12pt;\">alarm\u00a0\/ budzik \/ timer\u00a0<\/span><\/li>\n<li class=\"MsoNormal\" style=\"font-size: 12pt;\"><span style=\"font-size: 12pt;\">informacje o pogodzie<\/span><\/li>\n<li class=\"MsoNormal\" style=\"font-size: 12pt;\"><span style=\"font-size: 12pt;\">zdalne zdj\u0119cia<\/span><\/li>\n<li class=\"MsoNormal\" style=\"font-size: 12pt;\"><span style=\"font-size: 12pt;\">sterowanie odtwarzaczem MP3 w telefonie dodatkowo z funkcj\u0105\u00a0<b>volume control !<\/b><\/span><\/li>\n<li class=\"MsoNormal\" style=\"font-size: 12pt;\"><span style=\"font-size: 12pt;\">funkcja: znajd\u017a smartwatch<\/span><\/li>\n<\/ul>\n<p>\u00a0<\/p>\n<p><strong><span style=\"font-size: 12pt;\">\u0420\u043e\u0437\u043c\u0456\u0440\u0438:<\/span><\/strong><\/p>\n<ul style=\"margin-top: 0cm;\" type=\"disc\">\n<li class=\"MsoNormal\" style=\"font-size: 12pt;\"><span style=\"font-size: 12pt;\">Wielko\u015b\u0107 koperty: 42 mm x 42 mm<\/span><\/li>\n<li class=\"MsoNormal\" style=\"font-size: 12pt;\"><span style=\"font-size: 12pt;\">Grubo\u015b\u0107 koperty:\u00a0 9 mm <strong>SUPERSLIM!!!<\/strong><br \/><\/span><\/li>\n<\/ul>\n<ul style=\"list-style-type: square;\">\n<li style=\"font-size: 12pt;\"><span style=\"font-size: 12pt;\">Pasek szeroko\u015b\u0107: 20 mm<\/span><\/li>\n<\/ul>\n<p>\u00a0<\/p>\n<p><strong><span style=\"font-size: 12pt;\">Kolorystyka:<\/span><\/strong><\/p>\n<ul style=\"list-style-type: square;\">\n<li><span style=\"font-size: 12pt;\">Koperta: srebrna<\/span><\/li>\n<li><span style=\"font-size: 12pt;\">Pasek stalowy: srebrny<\/span><\/li>\n<\/ul>\n<p>\u00a0<\/p>\n<p><strong><span style=\"font-size: 12pt;\">W ZESTAWIE OTRZYMASZ:<\/span><\/strong><\/p>\n<ul>\n<li><span style=\"font-size: 12pt;\">smartwatch z paskiem stalowym (1 szt.)<\/span><\/li>\n<li><span style=\"font-size: 12pt;\">kabel \u0142adowania USB<\/span><\/li>\n<li><span style=\"font-size: 12pt;\">instrukcja PL + Karta Gwarancyjna\u00a0<\/span><\/li>\n<\/ul>\n<p>\u00a0<\/p>\n<p data-start=\"59\" data-end=\"267\"><span style=\"font-size: 14pt;\"><strong data-start=\"882\" data-end=\"923\" data-is-last-node=\"\">Nie mierz czasu \u2013 tw\u00f3rz go ze SMARTWATCHEM Rubicon<\/p>\n<p><\/strong><\/span><\/p>\n<p data-start=\"59\" data-end=\"267\"><span style=\"font-size: 12pt;\">Od 1998 roku\u00a0<strong data-start=\"72\" data-end=\"83\">Rubicon<\/strong> kreuje czas na w\u0142asnych zasadach, \u0142\u0105cz\u0105c precyzj\u0119 z wyrafinowanym designem. To marka dla tych, kt\u00f3rzy nie tylko pod\u0105\u017caj\u0105 za czasem, ale r\u00f3wnie\u017c chc\u0105 go prze\u017cywa\u0107 w najlepszym stylu.<\/span><\/p>\n<p data-start=\"269\" data-end=\"603\"><span style=\"font-size: 12pt;\"><strong data-start=\"269\" data-end=\"287\">Rubicon\u00a0<\/strong> smartwatch, kt\u00f3ry nie jest jedynie gad\u017cetem \u2013 to codzienny towarzysz, kt\u00f3ry subtelnie dopasowuje si\u0119 do Twojego tempa. Niezale\u017cnie od tego, czy p\u0119dzisz na spotkanie, prowadzisz wa\u017cn\u0105 rozmow\u0119, czy znajdujesz chwil\u0119 na relaks, Tw\u00f3j <strong data-start=\"521\" data-end=\"532\">Rubicon<\/strong> nad\u0105\u017ca za Tob\u0105, dodaj\u0105c elegancji i funkcjonalno\u015bci w ka\u017cdej chwili.<\/span><\/p>\n<p data-start=\"605\" data-end=\"878\"><span style=\"font-size: 12pt;\">Dla kobiet \u2013 subtelny, bi\u017cuteryjny akcent, kt\u00f3ry podkre\u015bla klas\u0119 i nowoczesny styl. Dla m\u0119\u017cczyzn \u2013 technologia w najlepszym wydaniu, kt\u00f3ra \u0142\u0105czy nowatorskie rozwi\u0105zania z perfekcyjn\u0105 jako\u015bci\u0105. <strong data-start=\"798\" data-end=\"809\">Rubicon<\/strong> to wi\u0119cej ni\u017c zegarek \u2013 to detal, kt\u00f3ry podkre\u015bla Twoj\u0105 osobowo\u015b\u0107.<\/span><\/p>\n<p data-start=\"605\" data-end=\"878\">\u00a0<\/p>","protected":false},"excerpt":{"rendered":"<p>Smartwatch Damski RUBICON RNBE66 Silver \u00a0 Tw\u00f3j rytm. Tw\u00f3j czas. Tw\u00f3j Rubicon. \u00a0 Zaczynasz dzie\u0144 na wysokich obrotach? Ten smartwatch dotrzyma Ci kroku \u2013 z klas\u0105, lekko\u015bci\u0105 i technologi\u0105, kt\u00f3ra nad\u0105\u017ca za Twoim tempem.Smuk\u0142a jak Twoja sylwetka \u2013 koperta o grubo\u015bci zaledwie 9 mm (!!!)\u00a0to perfekcyjne po\u0142\u0105czenie stylu i wygody. W ca\u0142o\u015bci wykonana ze stali [&hellip;]<\/p>","protected":false},"featured_media":996691,"template":"","meta":{"_acf_changed":false},"product_brand":[],"product_cat":[4850,4835],"product_tag":[],"class_list":{"0":"post-996689","1":"product","2":"type-product","3":"status-publish","4":"has-post-thumbnail","6":"product_cat-rubicon","7":"product_cat-smartwatch","9":"first","10":"outofstock","11":"taxable","12":"shipping-taxable","13":"purchasable","14":"product-type-simple"},"acf":[],"yoast_head":"<!-- This site is optimized with the Yoast SEO plugin v27.2 - https:\/\/yoast.com\/product\/yoast-seo-wordpress\/ -->\n<title>Smartwatch Damski RUBICON RNBE66 Silver SMARUB123<\/title>\n<meta name=\"robots\" content=\"index, follow, max-snippet:-1, max-image-preview:large, max-video-preview:-1\" \/>\n<link rel=\"canonical\" href=\"https:\/\/pauzza.pl\/uk\/\u043f\u0440\u043e\u0434\u0443\u043a\u0442\/smartwatch-damski-rubicon-rnbe66-silver-smarub123\/\" \/>\n<meta property=\"og:locale\" content=\"uk_UA\" \/>\n<meta property=\"og:type\" content=\"article\" \/>\n<meta property=\"og:title\" content=\"Smartwatch Damski RUBICON RNBE66 Silver SMARUB123\" \/>\n<meta property=\"og:description\" content=\"Smartwatch Damski RUBICON RNBE66 Silver \u00a0 Tw\u00f3j rytm. Tw\u00f3j czas. Tw\u00f3j Rubicon. \u00a0 Zaczynasz dzie\u0144 na wysokich obrotach? Ten smartwatch dotrzyma Ci kroku \u2013 z klas\u0105, lekko\u015bci\u0105 i technologi\u0105, kt\u00f3ra nad\u0105\u017ca za Twoim tempem.Smuk\u0142a jak Twoja sylwetka \u2013 koperta o grubo\u015bci zaledwie 9 mm (!!!)\u00a0to perfekcyjne po\u0142\u0105czenie stylu i wygody. W ca\u0142o\u015bci wykonana ze stali [&hellip;]\" \/>\n<meta property=\"og:url\" content=\"https:\/\/pauzza.pl\/uk\/\u043f\u0440\u043e\u0434\u0443\u043a\u0442\/smartwatch-damski-rubicon-rnbe66-silver-smarub123\/\" \/>\n<meta property=\"og:site_name\" content=\"Sklep online z damsk\u0105 odzie\u017c\u0105 Pauzza: Damska odzie\u017c. Nowa Kolekcja\" \/>\n<meta property=\"article:modified_time\" content=\"2026-04-10T19:58:20+00:00\" \/>\n<meta property=\"og:image\" content=\"https:\/\/pauzza.pl\/wp-content\/uploads\/2025\/11\/1_max-458.jpg\" \/>\n\t<meta property=\"og:image:width\" content=\"560\" \/>\n\t<meta property=\"og:image:height\" content=\"800\" \/>\n\t<meta property=\"og:image:type\" content=\"image\/jpeg\" \/>\n<meta name=\"twitter:card\" content=\"summary_large_image\" \/>\n<meta name=\"twitter:label1\" content=\"\u041f\u0440\u0438\u0431\u043b. \u0447\u0430\u0441 \u0447\u0438\u0442\u0430\u043d\u043d\u044f\" \/>\n\t<meta name=\"twitter:data1\" content=\"3 \u0445\u0432\u0438\u043b\u0438\u043d\u0438\" \/>\n<script type=\"application\/ld+json\" class=\"yoast-schema-graph\">{\"@context\":\"https:\/\/schema.org\",\"@graph\":[{\"@type\":\"WebPage\",\"@id\":\"https:\/\/pauzza.pl\/produkt\/smartwatch-damski-rubicon-rnbe66-silver-smarub123\/\",\"url\":\"https:\/\/pauzza.pl\/produkt\/smartwatch-damski-rubicon-rnbe66-silver-smarub123\/\",\"name\":\"Smartwatch Damski RUBICON RNBE66 Silver SMARUB123\",\"isPartOf\":{\"@id\":\"https:\/\/pauzza.pl\/#website\"},\"primaryImageOfPage\":{\"@id\":\"https:\/\/pauzza.pl\/produkt\/smartwatch-damski-rubicon-rnbe66-silver-smarub123\/#primaryimage\"},\"image\":{\"@id\":\"https:\/\/pauzza.pl\/produkt\/smartwatch-damski-rubicon-rnbe66-silver-smarub123\/#primaryimage\"},\"thumbnailUrl\":\"https:\/\/pauzza.pl\/wp-content\/uploads\/2025\/11\/1_max-458.jpg\",\"datePublished\":\"2025-11-24T17:45:55+00:00\",\"dateModified\":\"2026-04-10T19:58:20+00:00\",\"breadcrumb\":{\"@id\":\"https:\/\/pauzza.pl\/produkt\/smartwatch-damski-rubicon-rnbe66-silver-smarub123\/#breadcrumb\"},\"inLanguage\":\"uk\",\"potentialAction\":[{\"@type\":\"ReadAction\",\"target\":[\"https:\/\/pauzza.pl\/produkt\/smartwatch-damski-rubicon-rnbe66-silver-smarub123\/\"]}]},{\"@type\":\"ImageObject\",\"inLanguage\":\"uk\",\"@id\":\"https:\/\/pauzza.pl\/produkt\/smartwatch-damski-rubicon-rnbe66-silver-smarub123\/#primaryimage\",\"url\":\"https:\/\/pauzza.pl\/wp-content\/uploads\/2025\/11\/1_max-458.jpg\",\"contentUrl\":\"https:\/\/pauzza.pl\/wp-content\/uploads\/2025\/11\/1_max-458.jpg\",\"width\":560,\"height\":800},{\"@type\":\"BreadcrumbList\",\"@id\":\"https:\/\/pauzza.pl\/produkt\/smartwatch-damski-rubicon-rnbe66-silver-smarub123\/#breadcrumb\",\"itemListElement\":[{\"@type\":\"ListItem\",\"position\":1,\"name\":\"Strona g\u0142\u00f3wna\",\"item\":\"https:\/\/pauzza.pl\/\"},{\"@type\":\"ListItem\",\"position\":2,\"name\":\"Sklep\",\"item\":\"https:\/\/pauzza.pl\/sklep\/\"},{\"@type\":\"ListItem\",\"position\":3,\"name\":\"Smartwatch Damski RUBICON RNBE66 Silver SMARUB123\"}]},{\"@type\":\"WebSite\",\"@id\":\"https:\/\/pauzza.pl\/#website\",\"url\":\"https:\/\/pauzza.pl\/\",\"name\":\"Sklep online z damsk\u0105 odzie\u017c\u0105 Pauzza: Damska odzie\u017c. Nowa Kolekcja\",\"description\":\"Je\u015bli chcesz zadba\u0107 o sw\u00f3j profesjonalny i pe\u0142en klasy wygl\u0105d w pracy butik online Pauzza, to strza\u0142 w dziesi\u0105tk\u0119! U nas znajdziesz szeroki wyb\u00f3r \u017cakiet\u00f3w, koszul, kurtek, sukienek, sp\u00f3dnic i wiele wiecej\",\"publisher\":{\"@id\":\"https:\/\/pauzza.pl\/#organization\"},\"potentialAction\":[{\"@type\":\"SearchAction\",\"target\":{\"@type\":\"EntryPoint\",\"urlTemplate\":\"https:\/\/pauzza.pl\/?s={search_term_string}\"},\"query-input\":{\"@type\":\"PropertyValueSpecification\",\"valueRequired\":true,\"valueName\":\"search_term_string\"}}],\"inLanguage\":\"uk\"},{\"@type\":\"Organization\",\"@id\":\"https:\/\/pauzza.pl\/#organization\",\"name\":\"Sklep online z damsk\u0105 odzie\u017c\u0105 Pauzza: Damska odzie\u017c. Nowa Kolekcja\",\"url\":\"https:\/\/pauzza.pl\/\",\"logo\":{\"@type\":\"ImageObject\",\"inLanguage\":\"uk\",\"@id\":\"https:\/\/pauzza.pl\/#\/schema\/logo\/image\/\",\"url\":\"https:\/\/pauzza.pl\/wp-content\/uploads\/2024\/01\/pauzzaw.png\",\"contentUrl\":\"https:\/\/pauzza.pl\/wp-content\/uploads\/2024\/01\/pauzzaw.png\",\"width\":350,\"height\":100,\"caption\":\"Sklep online z damsk\u0105 odzie\u017c\u0105 Pauzza: Damska odzie\u017c. Nowa Kolekcja\"},\"image\":{\"@id\":\"https:\/\/pauzza.pl\/#\/schema\/logo\/image\/\"}}]}<\/script>\n<!-- \/ Yoast SEO plugin. -->","yoast_head_json":{"title":"Smartwatch Damski RUBICON RNBE66 Silver SMARUB123","robots":{"index":"index","follow":"follow","max-snippet":"max-snippet:-1","max-image-preview":"max-image-preview:large","max-video-preview":"max-video-preview:-1"},"canonical":"https:\/\/pauzza.pl\/uk\/\u043f\u0440\u043e\u0434\u0443\u043a\u0442\/smartwatch-damski-rubicon-rnbe66-silver-smarub123\/","og_locale":"uk_UA","og_type":"article","og_title":"Smartwatch Damski RUBICON RNBE66 Silver SMARUB123","og_description":"Smartwatch Damski RUBICON RNBE66 Silver \u00a0 Tw\u00f3j rytm. Tw\u00f3j czas. Tw\u00f3j Rubicon. \u00a0 Zaczynasz dzie\u0144 na wysokich obrotach? Ten smartwatch dotrzyma Ci kroku \u2013 z klas\u0105, lekko\u015bci\u0105 i technologi\u0105, kt\u00f3ra nad\u0105\u017ca za Twoim tempem.Smuk\u0142a jak Twoja sylwetka \u2013 koperta o grubo\u015bci zaledwie 9 mm (!!!)\u00a0to perfekcyjne po\u0142\u0105czenie stylu i wygody. W ca\u0142o\u015bci wykonana ze stali [&hellip;]","og_url":"https:\/\/pauzza.pl\/uk\/\u043f\u0440\u043e\u0434\u0443\u043a\u0442\/smartwatch-damski-rubicon-rnbe66-silver-smarub123\/","og_site_name":"Sklep online z damsk\u0105 odzie\u017c\u0105 Pauzza: Damska odzie\u017c. Nowa Kolekcja","article_modified_time":"2026-04-10T19:58:20+00:00","og_image":[{"width":560,"height":800,"url":"https:\/\/pauzza.pl\/wp-content\/uploads\/2025\/11\/1_max-458.jpg","type":"image\/jpeg"}],"twitter_card":"summary_large_image","twitter_misc":{"\u041f\u0440\u0438\u0431\u043b. \u0447\u0430\u0441 \u0447\u0438\u0442\u0430\u043d\u043d\u044f":"3 \u0445\u0432\u0438\u043b\u0438\u043d\u0438"},"schema":{"@context":"https:\/\/schema.org","@graph":[{"@type":"WebPage","@id":"https:\/\/pauzza.pl\/produkt\/smartwatch-damski-rubicon-rnbe66-silver-smarub123\/","url":"https:\/\/pauzza.pl\/produkt\/smartwatch-damski-rubicon-rnbe66-silver-smarub123\/","name":"Smartwatch Damski RUBICON RNBE66 Silver SMARUB123","isPartOf":{"@id":"https:\/\/pauzza.pl\/#website"},"primaryImageOfPage":{"@id":"https:\/\/pauzza.pl\/produkt\/smartwatch-damski-rubicon-rnbe66-silver-smarub123\/#primaryimage"},"image":{"@id":"https:\/\/pauzza.pl\/produkt\/smartwatch-damski-rubicon-rnbe66-silver-smarub123\/#primaryimage"},"thumbnailUrl":"https:\/\/pauzza.pl\/wp-content\/uploads\/2025\/11\/1_max-458.jpg","datePublished":"2025-11-24T17:45:55+00:00","dateModified":"2026-04-10T19:58:20+00:00","breadcrumb":{"@id":"https:\/\/pauzza.pl\/produkt\/smartwatch-damski-rubicon-rnbe66-silver-smarub123\/#breadcrumb"},"inLanguage":"uk","potentialAction":[{"@type":"ReadAction","target":["https:\/\/pauzza.pl\/produkt\/smartwatch-damski-rubicon-rnbe66-silver-smarub123\/"]}]},{"@type":"ImageObject","inLanguage":"uk","@id":"https:\/\/pauzza.pl\/produkt\/smartwatch-damski-rubicon-rnbe66-silver-smarub123\/#primaryimage","url":"https:\/\/pauzza.pl\/wp-content\/uploads\/2025\/11\/1_max-458.jpg","contentUrl":"https:\/\/pauzza.pl\/wp-content\/uploads\/2025\/11\/1_max-458.jpg","width":560,"height":800},{"@type":"BreadcrumbList","@id":"https:\/\/pauzza.pl\/produkt\/smartwatch-damski-rubicon-rnbe66-silver-smarub123\/#breadcrumb","itemListElement":[{"@type":"ListItem","position":1,"name":"Strona g\u0142\u00f3wna","item":"https:\/\/pauzza.pl\/"},{"@type":"ListItem","position":2,"name":"Sklep","item":"https:\/\/pauzza.pl\/sklep\/"},{"@type":"ListItem","position":3,"name":"Smartwatch Damski RUBICON RNBE66 Silver SMARUB123"}]},{"@type":"WebSite","@id":"https:\/\/pauzza.pl\/#website","url":"https:\/\/pauzza.pl\/","name":"\u0406\u043d\u0442\u0435\u0440\u043d\u0435\u0442 \u043c\u0430\u0433\u0430\u0437\u0438\u043d \u0436\u0456\u043d\u043e\u0447\u043e\u0433\u043e \u043e\u0434\u044f\u0433\u0443 Pauzza: \u0416\u0456\u043d\u043e\u0447\u0438\u0439 \u043e\u0434\u044f\u0433. \u041d\u043e\u0432\u0430 \u043a\u043e\u043b\u0435\u043a\u0446\u0456\u044f","description":"\u042f\u043a\u0449\u043e \u0432\u0438 \u0445\u043e\u0447\u0435\u0442\u0435 \u043f\u043e\u0434\u0431\u0430\u0442\u0438 \u043f\u0440\u043e \u0441\u0432\u0456\u0439 \u043f\u0440\u043e\u0444\u0435\u0441\u0456\u0439\u043d\u0438\u0439 \u0442\u0430 \u0441\u0442\u0438\u043b\u044c\u043d\u0438\u0439 \u0432\u0438\u0433\u043b\u044f\u0434 \u043d\u0430 \u0440\u043e\u0431\u043e\u0442\u0456, \u043e\u043d\u043b\u0430\u0439\u043d-\u0431\u0443\u0442\u0456\u043a Pauzza - \u0446\u0435 \u0445\u0456\u0442! \u0422\u0443\u0442 \u0432\u0438 \u0437\u043d\u0430\u0439\u0434\u0435\u0442\u0435 \u0448\u0438\u0440\u043e\u043a\u0438\u0439 \u0432\u0438\u0431\u0456\u0440 \u043f\u0456\u0434\u0436\u0430\u043a\u0456\u0432, \u0441\u043e\u0440\u043e\u0447\u043e\u043a, \u0436\u0430\u043a\u0435\u0442\u0456\u0432, \u0441\u0443\u043a\u043e\u043d\u044c, \u0441\u043f\u0456\u0434\u043d\u0438\u0446\u044c \u0442\u0430 \u0431\u0430\u0433\u0430\u0442\u043e \u0456\u043d\u0448\u043e\u0433\u043e.","publisher":{"@id":"https:\/\/pauzza.pl\/#organization"},"potentialAction":[{"@type":"SearchAction","target":{"@type":"EntryPoint","urlTemplate":"https:\/\/pauzza.pl\/?s={search_term_string}"},"query-input":{"@type":"PropertyValueSpecification","valueRequired":true,"valueName":"search_term_string"}}],"inLanguage":"uk"},{"@type":"Organization","@id":"https:\/\/pauzza.pl\/#organization","name":"\u0406\u043d\u0442\u0435\u0440\u043d\u0435\u0442 \u043c\u0430\u0433\u0430\u0437\u0438\u043d \u0436\u0456\u043d\u043e\u0447\u043e\u0433\u043e \u043e\u0434\u044f\u0433\u0443 Pauzza: \u0416\u0456\u043d\u043e\u0447\u0438\u0439 \u043e\u0434\u044f\u0433. \u041d\u043e\u0432\u0430 \u043a\u043e\u043b\u0435\u043a\u0446\u0456\u044f","url":"https:\/\/pauzza.pl\/","logo":{"@type":"ImageObject","inLanguage":"uk","@id":"https:\/\/pauzza.pl\/#\/schema\/logo\/image\/","url":"https:\/\/pauzza.pl\/wp-content\/uploads\/2024\/01\/pauzzaw.png","contentUrl":"https:\/\/pauzza.pl\/wp-content\/uploads\/2024\/01\/pauzzaw.png","width":350,"height":100,"caption":"Sklep online z damsk\u0105 odzie\u017c\u0105 Pauzza: Damska odzie\u017c. Nowa Kolekcja"},"image":{"@id":"https:\/\/pauzza.pl\/#\/schema\/logo\/image\/"}}]}},"_links":{"self":[{"href":"https:\/\/pauzza.pl\/uk\/wp-json\/wp\/v2\/product\/996689","targetHints":{"allow":["GET"]}}],"collection":[{"href":"https:\/\/pauzza.pl\/uk\/wp-json\/wp\/v2\/product"}],"about":[{"href":"https:\/\/pauzza.pl\/uk\/wp-json\/wp\/v2\/types\/product"}],"wp:featuredmedia":[{"embeddable":true,"href":"https:\/\/pauzza.pl\/uk\/wp-json\/wp\/v2\/media\/996691"}],"wp:attachment":[{"href":"https:\/\/pauzza.pl\/uk\/wp-json\/wp\/v2\/media?parent=996689"}],"wp:term":[{"taxonomy":"product_brand","embeddable":true,"href":"https:\/\/pauzza.pl\/uk\/wp-json\/wp\/v2\/product_brand?post=996689"},{"taxonomy":"product_cat","embeddable":true,"href":"https:\/\/pauzza.pl\/uk\/wp-json\/wp\/v2\/product_cat?post=996689"},{"taxonomy":"product_tag","embeddable":true,"href":"https:\/\/pauzza.pl\/uk\/wp-json\/wp\/v2\/product_tag?post=996689"}],"curies":[{"name":"wp","href":"https:\/\/api.w.org\/{rel}","templated":true}]}}