{"id":996647,"date":"2025-11-24T18:45:32","date_gmt":"2025-11-24T17:45:32","guid":{"rendered":"https:\/\/pauzza.pl\/produkt\/smartwatch-meski-rubicon-rncf17-tytan-black-smarub268\/"},"modified":"2026-04-07T03:33:25","modified_gmt":"2026-04-07T01:33:25","slug":"smartwatch-meski-rubicon-rncf17-tytan-black-smarub268","status":"publish","type":"product","link":"https:\/\/pauzza.pl\/uk\/%d0%bf%d1%80%d0%be%d0%b4%d1%83%d0%ba%d1%82\/smartwatch-meski-rubicon-rncf17-tytan-black-smarub268\/","title":{"rendered":"Smartwatch M\u0119ski RUBICON RNCF17 Tytan\/Black SMARUB268"},"content":{"rendered":"<p class=\"def\"><span style=\"font-size: 18pt;\"><strong><br \/>Smartwatch M\u0119ski RUBICON RNCF17 Tytan\/Pasek Black Silicon<\/strong><\/span><\/p>\n<p class=\"def\">\u00a0<\/p>\n<p class=\"def\"><span style=\"font-size: 18pt;\">Tw\u00f3j<strong> rytm.<\/strong> Tw\u00f3j <strong>czas<\/strong>. Tw\u00f3j<\/span><strong><span style=\"font-size: 18pt;\"> Rubicon.<\/span><\/strong><\/p>\n<p class=\"def\">\u00a0<\/p>\n<p class=\"\" data-start=\"120\" data-end=\"389\"><span style=\"font-size: 12pt;\"><strong data-start=\"120\" data-end=\"291\">Dzie\u0144 zaczyna si\u0119, zanim zd\u0105\u017cysz dopi\u0107 pierwsz\u0105 kaw\u0119. Plan pe\u0142ny, telefon si\u0119 rozgrzewa, a Ty ju\u017c jeste\u015b w biegu. Potrzebujesz narz\u0119dzia, kt\u00f3re nad\u0105\u017cy za Twoim tempem.<\/strong><\/span><br data-start=\"291\" data-end=\"294\"><span style=\"font-size: 12pt;\">Poznaj smartwatch, kt\u00f3ry gra do Twojej bramki. Stylowy. Funkcjonalny. Gotowy na ka\u017cde wyzwanie.\u00a0<\/span><span style=\"font-size: 12pt;\"><strong data-start=\"391\" data-end=\"411\">Tytanowa koperta<\/strong> ze stopu metalu, hipoalergiczna i odporna na codzienne wyzwania. <strong data-start=\"67\" data-end=\"154\">Karbowany, silikonowy pasek to nie tylko wygoda \u2013 to konkretna forma z charakterem.<\/strong> Elastyczny, wytrzyma\u0142y i dopasowany \u2013 idealnie trzyma si\u0119 nadgarstka, a jego nowoczesna struktura nadaje zegarkowi surowego, technicznego sznytu.\u00a0<strong data-start=\"583\" data-end=\"621\">Du\u017cy, dotykowy ekran TFT IPS 1.39\u201d<\/strong> z rozdzielczo\u015bci\u0105 360\u00d7360 robi robot\u0119 \u2013 ostro, szybko i bez zaci\u0119\u0107. 7 gotowych tarcz, animacje, w\u0142asne motywy \u2013 codziennie inny styl, ale ta sama skuteczno\u015b\u0107.\u00a0<strong data-start=\"782\" data-end=\"826\">Bluetooth Call z mikrofonem i g\u0142o\u015bnikiem<\/strong>? Jasne. Odbierasz i wykonujesz po\u0142\u0105czenia prosto z nadgarstka. Spis po\u0142\u0105cze\u0144, a\u017c 100 kontakt\u00f3w \u2013 wszystko pod r\u0119k\u0105, a dok\u0142adnie: na r\u0119ce. I wszystko po polsku \u2013 zegarek, menu, aplikacja.<\/span><\/p>\n<p class=\"\" data-start=\"1015\" data-end=\"1249\"><span style=\"font-size: 12pt;\">W \u015brodku? <strong data-start=\"1025\" data-end=\"1063\">Procesor RTK8763EW i Bluetooth 5.0<\/strong> \u2013 p\u0142ynno\u015b\u0107 dzia\u0142ania i stabilne po\u0142\u0105czenie.<\/span><br data-start=\"1107\" data-end=\"1110\"><span style=\"font-size: 12pt;\">Na zewn\u0105trz? <strong data-start=\"1123\" data-end=\"1141\">Wodoszczelno\u015b\u0107<\/strong> na poziomie odpornym na zachlapania \u2013 czyli nie panikujesz przy deszczu, myciu r\u0105k czy treningu w plenerze.<\/span><br \/><span style=\"font-size: 12pt;\"><strong data-start=\"1700\" data-end=\"1761\">Super bateria 300 mAh i nowo\u015b\u0107 \u2013 \u0142adowanie bezprzewodowe.<\/strong> Bo wygoda to te\u017c technologia.<\/span><span style=\"font-size: 12pt;\"><\/span><\/p>\n<p class=\"\" data-start=\"1015\" data-end=\"1249\"><span style=\"font-size: 12pt;\">To nie jest zegarek. To Twoje osobiste centrum dowodzenia.<br data-start=\"1856\" data-end=\"1859\"><strong data-start=\"1859\" data-end=\"1938\" data-is-last-node=\"\">Smartwatch, kt\u00f3ry ogarnia Tw\u00f3j dzie\u0144 \u2013 od rana do ostatniego powiadomienia.<\/strong><\/span><\/p>\n<p>\u00a0<\/p>\n<p>\u00a0<\/p>\n<p><span style=\"font-size: 12pt;\"><strong>A teraz konkrety, bo tego szukasz:<\/strong><\/span><\/p>\n<ul>\n<li><span style=\"font-size: 12pt;\">\u041c\u0435\u043d\u044e <strong>( 3 motywy ! )<\/strong> i aplikacja w j\u0119zyku polskim !<\/span><\/li>\n<li><span style=\"font-size: 12pt;\">wy\u015bwietlacz<strong> MULTIdotyk \u00a0TFT IPS full touch round screen! 1.39\u201d<\/strong><\/span><\/li>\n<li><span style=\"font-size: 12pt;\">wysoka rozdzielczo\u015b\u0107:\u00a0<strong>360*360 pikseli<\/strong><\/span><span style=\"font-size: 12pt;\"><\/span><\/li>\n<li><span style=\"font-size: 12pt;\"><strong>Bluetooth Call !\u00a0<\/strong>wbudowany mikrofon i g\u0142o\u015bnik<\/span><\/li>\n<li><span style=\"font-size: 12pt;\">odbieranie i wykonywanie po\u0142\u0105cze\u0144 + spis po\u0142\u0105cze\u0144 + spis kontakt\u00f3w ( 100! )<\/span><\/li>\n<li><span style=\"font-size: 12pt;\">tarcza: 7 motyw\u00f3w do wyboru + tarcze do pobrania z aplikacji! + w\u0142asne tarcze! animowana grafika !<\/span><\/li>\n<li><span style=\"font-size: 12pt;\">procesor: RTK8763EW !<\/span><span style=\"font-size: 12pt;\"><\/span><\/li>\n<li><span style=\"font-size: 12pt;\"><strong>Bluetooth 5.0 !<\/strong><\/span><\/li>\n<li><span style=\"font-size: 12pt;\">wodoszczelno\u015b\u0107: odporny na zachlapania<\/span><\/li>\n<li><span style=\"font-size: 12pt;\">koperta , kolor tytan, wykonana ze stopu metalu, \u00a0nie zawiera niklu, jest HiPOALERGiCZNA !<\/span><\/li>\n<li><span style=\"font-size: 12pt;\">pasek silikonowy &#8211; kolor czarny , mo\u017cliwo\u015b\u0107 wymiany paska ( 22mm )<\/span><\/li>\n<li><span style=\"font-size: 12pt;\">Super Bateria:\u00a0<strong>300mAh !<\/strong> \u00a0NOWO\u015a\u0106! <strong>\u0141adowanie bezprzewodowe !<\/strong><\/span><\/li>\n<li><span style=\"font-size: 12pt;\">wsp\u00f3\u0142praca z oprogramowaniem iOS i Android<\/span><\/li>\n<li><span style=\"font-size: 12pt;\">aplikacja: GloryFit<\/span><\/li>\n<\/ul>\n<p><span style=\"font-size: 12pt;\">\u00a0<\/span><\/p>\n<p><span style=\"font-size: 12pt;\"><strong>Funkcje:<\/strong><\/span><\/p>\n<ul>\n<li><span style=\"font-size: 12pt;\"><strong>100 tryb\u00f3w sportowych !<\/strong><\/span><\/li>\n<li><span style=\"font-size: 12pt;\">krokomierz, licznik kalorii<\/span><\/li>\n<li><span style=\"font-size: 12pt;\">pomiar t\u0119tna, pomiar ci\u015bnienia krwi, pomiar tlenu we krwi\u00a0<strong>( PULSOKSYMETR)<\/strong><\/span><\/li>\n<li><strong><span style=\"font-size: 12pt;\">trening oddechu<\/span><\/strong><\/li>\n<li><span style=\"font-size: 12pt;\">monitor snu<\/span><\/li>\n<li><span style=\"font-size: 12pt;\">przypomnienie o wypiciu wody, ruchu<\/span><\/li>\n<li><span style=\"font-size: 12pt;\">powiadomienie po\u0142\u0105cze\u0144 przychodz\u0105cych<\/span><\/li>\n<li><span style=\"font-size: 12pt;\">powiadomienia: Facebook, SMS, Twitter, WhatsApp, gmail \u00a0itp.<\/span><\/li>\n<li><span style=\"font-size: 12pt;\">alarm \/ budzik \/ timer<\/span><\/li>\n<li><strong><span style=\"font-size: 12pt;\">tryb latarki <\/span><\/strong><\/li>\n<li><strong><span style=\"font-size: 12pt;\">kalkulator<\/span><\/strong><\/li>\n<li><span style=\"font-size: 12pt;\">gry ( 2 )<\/span><\/li>\n<li><span style=\"font-size: 12pt;\">informacje o pogodzie<\/span><\/li>\n<li><span style=\"font-size: 12pt;\">zdalne zdj\u0119cia<\/span><\/li>\n<li><span style=\"font-size: 12pt;\">sterowanie<strong> odtwarzaczem MP3 <\/strong>w telefonie dodatkowo z funkcj\u0105 volume control !<\/span><\/li>\n<li><span style=\"font-size: 12pt;\">funkcja: znajd\u017a smartwatch<\/span><br \/><span style=\"font-size: 12pt;\">\u00a0<\/span><br \/><span style=\"font-size: 12pt;\"><\/span><\/li>\n<\/ul>\n<p><strong><span style=\"font-size: 12pt;\">\u0420\u043e\u0437\u043c\u0456\u0440\u0438:<\/span><\/strong><\/p>\n<ul style=\"margin-top: 0cm;\" type=\"disc\">\n<li class=\"MsoNormal\" style=\"font-size: 12pt;\"><span style=\"font-size: 12pt;\">Wielko\u015b\u0107 koperty: 47 mm x 47 mm<\/span><\/li>\n<li class=\"MsoNormal\" style=\"font-size: 12pt;\"><span style=\"font-size: 12pt;\">Grubo\u015b\u0107 koperty: 12,5 mm<\/span><\/li>\n<\/ul>\n<ul style=\"list-style-type: square;\">\n<li style=\"font-size: 12pt;\"><span style=\"font-size: 12pt;\">Pasek szeroko\u015b\u0107 : 22 mm<\/span><\/li>\n<\/ul>\n<p>\u00a0<\/p>\n<p><strong><span style=\"font-size: 12pt;\">Kolorystyka:<\/span><\/strong><\/p>\n<ul style=\"list-style-type: square;\">\n<li><span style=\"font-size: 12pt;\">Koperta: <strong>tytanowa<\/strong><\/span><\/li>\n<li><span style=\"font-size: 12pt;\">Pasek: <strong>\u0447\u043e\u0440\u043d\u0438\u0439<\/strong><\/span><\/li>\n<\/ul>\n<p>\u00a0<\/p>\n<p><strong><span style=\"font-size: 12pt;\">W ZESTAWIE OTRZYMASZ:<\/span><\/strong><\/p>\n<ul>\n<li><span style=\"font-size: 12pt;\">smartwatch z paskiem silikonowym<\/span><\/li>\n<li><span style=\"font-size: 12pt;\">\u0142adowarka magnetyczna USB<\/span><\/li>\n<li><span style=\"font-size: 12pt;\">instrukcja PL + Karta Gwarancyjna\u00a0<br \/><\/span><\/li>\n<\/ul>\n<p>\u00a0<\/p>\n<p>\u00a0<\/p>\n<p data-start=\"59\" data-end=\"267\"><span style=\"font-size: 14pt;\"><strong data-start=\"882\" data-end=\"923\" data-is-last-node=\"\">Nie mierz czasu \u2013 tw\u00f3rz go ze SMARTWATCHEM Rubicon<\/p>\n<p><\/strong><\/span><\/p>\n<p data-start=\"59\" data-end=\"267\"><span style=\"font-size: 12pt;\">Od 1998 roku\u00a0<strong data-start=\"72\" data-end=\"83\">Rubicon<\/strong> kreuje czas na w\u0142asnych zasadach, \u0142\u0105cz\u0105c precyzj\u0119 z wyrafinowanym designem. To marka dla tych, kt\u00f3rzy nie tylko pod\u0105\u017caj\u0105 za czasem, ale r\u00f3wnie\u017c chc\u0105 go prze\u017cywa\u0107 w najlepszym stylu.<\/span><\/p>\n<p data-start=\"269\" data-end=\"603\"><span style=\"font-size: 12pt;\"><strong data-start=\"269\" data-end=\"287\">Rubicon <\/strong>smartwatch, kt\u00f3ry nie jest jedynie gad\u017cetem \u2013 to codzienny towarzysz, kt\u00f3ry subtelnie dopasowuje si\u0119 do Twojego tempa. Niezale\u017cnie od tego, czy p\u0119dzisz na spotkanie, prowadzisz wa\u017cn\u0105 rozmow\u0119, czy znajdujesz chwil\u0119 na relaks, Tw\u00f3j\u00a0<strong data-start=\"521\" data-end=\"532\">Rubicon<\/strong> nad\u0105\u017ca za Tob\u0105, dodaj\u0105c elegancji i funkcjonalno\u015bci w ka\u017cdej chwili.<\/span><\/p>\n<p data-start=\"605\" data-end=\"878\"><span style=\"font-size: 12pt;\">Dla kobiet \u2013 subtelny, bi\u017cuteryjny akcent, kt\u00f3ry podkre\u015bla klas\u0119 i nowoczesny styl. Dla m\u0119\u017cczyzn \u2013 technologia w najlepszym wydaniu, kt\u00f3ra \u0142\u0105czy nowatorskie rozwi\u0105zania z perfekcyjn\u0105 jako\u015bci\u0105. <strong data-start=\"798\" data-end=\"809\">Rubicon<\/strong> to wi\u0119cej ni\u017c zegarek \u2013 to detal, kt\u00f3ry podkre\u015bla Twoj\u0105 osobowo\u015b\u0107.<\/span><\/p>\n<p data-start=\"605\" data-end=\"878\">\u00a0<\/p>","protected":false},"excerpt":{"rendered":"<p>Smartwatch M\u0119ski RUBICON RNCF17 Tytan\/Pasek Black Silicon \u00a0 Tw\u00f3j rytm. Tw\u00f3j czas. Tw\u00f3j Rubicon. \u00a0 Dzie\u0144 zaczyna si\u0119, zanim zd\u0105\u017cysz dopi\u0107 pierwsz\u0105 kaw\u0119. Plan pe\u0142ny, telefon si\u0119 rozgrzewa, a Ty ju\u017c jeste\u015b w biegu. Potrzebujesz narz\u0119dzia, kt\u00f3re nad\u0105\u017cy za Twoim tempem.Poznaj smartwatch, kt\u00f3ry gra do Twojej bramki. Stylowy. Funkcjonalny. Gotowy na ka\u017cde wyzwanie.\u00a0Tytanowa koperta ze [&hellip;]<\/p>","protected":false},"featured_media":996649,"template":"","meta":{"_acf_changed":false},"product_brand":[],"product_cat":[4850,4835],"product_tag":[],"class_list":{"0":"post-996647","1":"product","2":"type-product","3":"status-publish","4":"has-post-thumbnail","6":"product_cat-rubicon","7":"product_cat-smartwatch","9":"first","10":"outofstock","11":"taxable","12":"shipping-taxable","13":"purchasable","14":"product-type-simple"},"acf":[],"yoast_head":"<!-- This site is optimized with the Yoast SEO plugin v27.2 - https:\/\/yoast.com\/product\/yoast-seo-wordpress\/ -->\n<title>Smartwatch M\u0119ski RUBICON RNCF17 Tytan\/Black SMARUB268<\/title>\n<meta name=\"robots\" content=\"index, follow, max-snippet:-1, max-image-preview:large, max-video-preview:-1\" \/>\n<link rel=\"canonical\" href=\"https:\/\/pauzza.pl\/uk\/\u043f\u0440\u043e\u0434\u0443\u043a\u0442\/smartwatch-meski-rubicon-rncf17-tytan-black-smarub268\/\" \/>\n<meta property=\"og:locale\" content=\"uk_UA\" \/>\n<meta property=\"og:type\" content=\"article\" \/>\n<meta property=\"og:title\" content=\"Smartwatch M\u0119ski RUBICON RNCF17 Tytan\/Black SMARUB268\" \/>\n<meta property=\"og:description\" content=\"Smartwatch M\u0119ski RUBICON RNCF17 Tytan\/Pasek Black Silicon \u00a0 Tw\u00f3j rytm. Tw\u00f3j czas. Tw\u00f3j Rubicon. \u00a0 Dzie\u0144 zaczyna si\u0119, zanim zd\u0105\u017cysz dopi\u0107 pierwsz\u0105 kaw\u0119. Plan pe\u0142ny, telefon si\u0119 rozgrzewa, a Ty ju\u017c jeste\u015b w biegu. Potrzebujesz narz\u0119dzia, kt\u00f3re nad\u0105\u017cy za Twoim tempem.Poznaj smartwatch, kt\u00f3ry gra do Twojej bramki. Stylowy. Funkcjonalny. Gotowy na ka\u017cde wyzwanie.\u00a0Tytanowa koperta ze [&hellip;]\" \/>\n<meta property=\"og:url\" content=\"https:\/\/pauzza.pl\/uk\/\u043f\u0440\u043e\u0434\u0443\u043a\u0442\/smartwatch-meski-rubicon-rncf17-tytan-black-smarub268\/\" \/>\n<meta property=\"og:site_name\" content=\"Sklep online z damsk\u0105 odzie\u017c\u0105 Pauzza: Damska odzie\u017c. Nowa Kolekcja\" \/>\n<meta property=\"article:modified_time\" content=\"2026-04-07T01:33:25+00:00\" \/>\n<meta property=\"og:image\" content=\"https:\/\/pauzza.pl\/wp-content\/uploads\/2025\/11\/1_max-455.jpg\" \/>\n\t<meta property=\"og:image:width\" content=\"751\" \/>\n\t<meta property=\"og:image:height\" content=\"800\" \/>\n\t<meta property=\"og:image:type\" content=\"image\/jpeg\" \/>\n<meta name=\"twitter:card\" content=\"summary_large_image\" \/>\n<meta name=\"twitter:label1\" content=\"\u041f\u0440\u0438\u0431\u043b. \u0447\u0430\u0441 \u0447\u0438\u0442\u0430\u043d\u043d\u044f\" \/>\n\t<meta name=\"twitter:data1\" content=\"3 \u0445\u0432\u0438\u043b\u0438\u043d\u0438\" \/>\n<script type=\"application\/ld+json\" class=\"yoast-schema-graph\">{\"@context\":\"https:\/\/schema.org\",\"@graph\":[{\"@type\":\"WebPage\",\"@id\":\"https:\/\/pauzza.pl\/produkt\/smartwatch-meski-rubicon-rncf17-tytan-black-smarub268\/\",\"url\":\"https:\/\/pauzza.pl\/produkt\/smartwatch-meski-rubicon-rncf17-tytan-black-smarub268\/\",\"name\":\"Smartwatch M\u0119ski RUBICON RNCF17 Tytan\/Black SMARUB268\",\"isPartOf\":{\"@id\":\"https:\/\/pauzza.pl\/#website\"},\"primaryImageOfPage\":{\"@id\":\"https:\/\/pauzza.pl\/produkt\/smartwatch-meski-rubicon-rncf17-tytan-black-smarub268\/#primaryimage\"},\"image\":{\"@id\":\"https:\/\/pauzza.pl\/produkt\/smartwatch-meski-rubicon-rncf17-tytan-black-smarub268\/#primaryimage\"},\"thumbnailUrl\":\"https:\/\/pauzza.pl\/wp-content\/uploads\/2025\/11\/1_max-455.jpg\",\"datePublished\":\"2025-11-24T17:45:32+00:00\",\"dateModified\":\"2026-04-07T01:33:25+00:00\",\"breadcrumb\":{\"@id\":\"https:\/\/pauzza.pl\/produkt\/smartwatch-meski-rubicon-rncf17-tytan-black-smarub268\/#breadcrumb\"},\"inLanguage\":\"uk\",\"potentialAction\":[{\"@type\":\"ReadAction\",\"target\":[\"https:\/\/pauzza.pl\/produkt\/smartwatch-meski-rubicon-rncf17-tytan-black-smarub268\/\"]}]},{\"@type\":\"ImageObject\",\"inLanguage\":\"uk\",\"@id\":\"https:\/\/pauzza.pl\/produkt\/smartwatch-meski-rubicon-rncf17-tytan-black-smarub268\/#primaryimage\",\"url\":\"https:\/\/pauzza.pl\/wp-content\/uploads\/2025\/11\/1_max-455.jpg\",\"contentUrl\":\"https:\/\/pauzza.pl\/wp-content\/uploads\/2025\/11\/1_max-455.jpg\",\"width\":751,\"height\":800},{\"@type\":\"BreadcrumbList\",\"@id\":\"https:\/\/pauzza.pl\/produkt\/smartwatch-meski-rubicon-rncf17-tytan-black-smarub268\/#breadcrumb\",\"itemListElement\":[{\"@type\":\"ListItem\",\"position\":1,\"name\":\"Strona g\u0142\u00f3wna\",\"item\":\"https:\/\/pauzza.pl\/\"},{\"@type\":\"ListItem\",\"position\":2,\"name\":\"Sklep\",\"item\":\"https:\/\/pauzza.pl\/sklep\/\"},{\"@type\":\"ListItem\",\"position\":3,\"name\":\"Smartwatch M\u0119ski RUBICON RNCF17 Tytan\/Black SMARUB268\"}]},{\"@type\":\"WebSite\",\"@id\":\"https:\/\/pauzza.pl\/#website\",\"url\":\"https:\/\/pauzza.pl\/\",\"name\":\"Sklep online z damsk\u0105 odzie\u017c\u0105 Pauzza: Damska odzie\u017c. Nowa Kolekcja\",\"description\":\"Je\u015bli chcesz zadba\u0107 o sw\u00f3j profesjonalny i pe\u0142en klasy wygl\u0105d w pracy butik online Pauzza, to strza\u0142 w dziesi\u0105tk\u0119! U nas znajdziesz szeroki wyb\u00f3r \u017cakiet\u00f3w, koszul, kurtek, sukienek, sp\u00f3dnic i wiele wiecej\",\"publisher\":{\"@id\":\"https:\/\/pauzza.pl\/#organization\"},\"potentialAction\":[{\"@type\":\"SearchAction\",\"target\":{\"@type\":\"EntryPoint\",\"urlTemplate\":\"https:\/\/pauzza.pl\/?s={search_term_string}\"},\"query-input\":{\"@type\":\"PropertyValueSpecification\",\"valueRequired\":true,\"valueName\":\"search_term_string\"}}],\"inLanguage\":\"uk\"},{\"@type\":\"Organization\",\"@id\":\"https:\/\/pauzza.pl\/#organization\",\"name\":\"Sklep online z damsk\u0105 odzie\u017c\u0105 Pauzza: Damska odzie\u017c. Nowa Kolekcja\",\"url\":\"https:\/\/pauzza.pl\/\",\"logo\":{\"@type\":\"ImageObject\",\"inLanguage\":\"uk\",\"@id\":\"https:\/\/pauzza.pl\/#\/schema\/logo\/image\/\",\"url\":\"https:\/\/pauzza.pl\/wp-content\/uploads\/2024\/01\/pauzzaw.png\",\"contentUrl\":\"https:\/\/pauzza.pl\/wp-content\/uploads\/2024\/01\/pauzzaw.png\",\"width\":350,\"height\":100,\"caption\":\"Sklep online z damsk\u0105 odzie\u017c\u0105 Pauzza: Damska odzie\u017c. Nowa Kolekcja\"},\"image\":{\"@id\":\"https:\/\/pauzza.pl\/#\/schema\/logo\/image\/\"}}]}<\/script>\n<!-- \/ Yoast SEO plugin. -->","yoast_head_json":{"title":"Smartwatch M\u0119ski RUBICON RNCF17 Tytan\/Black SMARUB268","robots":{"index":"index","follow":"follow","max-snippet":"max-snippet:-1","max-image-preview":"max-image-preview:large","max-video-preview":"max-video-preview:-1"},"canonical":"https:\/\/pauzza.pl\/uk\/\u043f\u0440\u043e\u0434\u0443\u043a\u0442\/smartwatch-meski-rubicon-rncf17-tytan-black-smarub268\/","og_locale":"uk_UA","og_type":"article","og_title":"Smartwatch M\u0119ski RUBICON RNCF17 Tytan\/Black SMARUB268","og_description":"Smartwatch M\u0119ski RUBICON RNCF17 Tytan\/Pasek Black Silicon \u00a0 Tw\u00f3j rytm. Tw\u00f3j czas. Tw\u00f3j Rubicon. \u00a0 Dzie\u0144 zaczyna si\u0119, zanim zd\u0105\u017cysz dopi\u0107 pierwsz\u0105 kaw\u0119. Plan pe\u0142ny, telefon si\u0119 rozgrzewa, a Ty ju\u017c jeste\u015b w biegu. Potrzebujesz narz\u0119dzia, kt\u00f3re nad\u0105\u017cy za Twoim tempem.Poznaj smartwatch, kt\u00f3ry gra do Twojej bramki. Stylowy. Funkcjonalny. Gotowy na ka\u017cde wyzwanie.\u00a0Tytanowa koperta ze [&hellip;]","og_url":"https:\/\/pauzza.pl\/uk\/\u043f\u0440\u043e\u0434\u0443\u043a\u0442\/smartwatch-meski-rubicon-rncf17-tytan-black-smarub268\/","og_site_name":"Sklep online z damsk\u0105 odzie\u017c\u0105 Pauzza: Damska odzie\u017c. Nowa Kolekcja","article_modified_time":"2026-04-07T01:33:25+00:00","og_image":[{"width":751,"height":800,"url":"https:\/\/pauzza.pl\/wp-content\/uploads\/2025\/11\/1_max-455.jpg","type":"image\/jpeg"}],"twitter_card":"summary_large_image","twitter_misc":{"\u041f\u0440\u0438\u0431\u043b. \u0447\u0430\u0441 \u0447\u0438\u0442\u0430\u043d\u043d\u044f":"3 \u0445\u0432\u0438\u043b\u0438\u043d\u0438"},"schema":{"@context":"https:\/\/schema.org","@graph":[{"@type":"WebPage","@id":"https:\/\/pauzza.pl\/produkt\/smartwatch-meski-rubicon-rncf17-tytan-black-smarub268\/","url":"https:\/\/pauzza.pl\/produkt\/smartwatch-meski-rubicon-rncf17-tytan-black-smarub268\/","name":"Smartwatch M\u0119ski RUBICON RNCF17 Tytan\/Black SMARUB268","isPartOf":{"@id":"https:\/\/pauzza.pl\/#website"},"primaryImageOfPage":{"@id":"https:\/\/pauzza.pl\/produkt\/smartwatch-meski-rubicon-rncf17-tytan-black-smarub268\/#primaryimage"},"image":{"@id":"https:\/\/pauzza.pl\/produkt\/smartwatch-meski-rubicon-rncf17-tytan-black-smarub268\/#primaryimage"},"thumbnailUrl":"https:\/\/pauzza.pl\/wp-content\/uploads\/2025\/11\/1_max-455.jpg","datePublished":"2025-11-24T17:45:32+00:00","dateModified":"2026-04-07T01:33:25+00:00","breadcrumb":{"@id":"https:\/\/pauzza.pl\/produkt\/smartwatch-meski-rubicon-rncf17-tytan-black-smarub268\/#breadcrumb"},"inLanguage":"uk","potentialAction":[{"@type":"ReadAction","target":["https:\/\/pauzza.pl\/produkt\/smartwatch-meski-rubicon-rncf17-tytan-black-smarub268\/"]}]},{"@type":"ImageObject","inLanguage":"uk","@id":"https:\/\/pauzza.pl\/produkt\/smartwatch-meski-rubicon-rncf17-tytan-black-smarub268\/#primaryimage","url":"https:\/\/pauzza.pl\/wp-content\/uploads\/2025\/11\/1_max-455.jpg","contentUrl":"https:\/\/pauzza.pl\/wp-content\/uploads\/2025\/11\/1_max-455.jpg","width":751,"height":800},{"@type":"BreadcrumbList","@id":"https:\/\/pauzza.pl\/produkt\/smartwatch-meski-rubicon-rncf17-tytan-black-smarub268\/#breadcrumb","itemListElement":[{"@type":"ListItem","position":1,"name":"Strona g\u0142\u00f3wna","item":"https:\/\/pauzza.pl\/"},{"@type":"ListItem","position":2,"name":"Sklep","item":"https:\/\/pauzza.pl\/sklep\/"},{"@type":"ListItem","position":3,"name":"Smartwatch M\u0119ski RUBICON RNCF17 Tytan\/Black SMARUB268"}]},{"@type":"WebSite","@id":"https:\/\/pauzza.pl\/#website","url":"https:\/\/pauzza.pl\/","name":"\u0406\u043d\u0442\u0435\u0440\u043d\u0435\u0442 \u043c\u0430\u0433\u0430\u0437\u0438\u043d \u0436\u0456\u043d\u043e\u0447\u043e\u0433\u043e \u043e\u0434\u044f\u0433\u0443 Pauzza: \u0416\u0456\u043d\u043e\u0447\u0438\u0439 \u043e\u0434\u044f\u0433. \u041d\u043e\u0432\u0430 \u043a\u043e\u043b\u0435\u043a\u0446\u0456\u044f","description":"\u042f\u043a\u0449\u043e \u0432\u0438 \u0445\u043e\u0447\u0435\u0442\u0435 \u043f\u043e\u0434\u0431\u0430\u0442\u0438 \u043f\u0440\u043e \u0441\u0432\u0456\u0439 \u043f\u0440\u043e\u0444\u0435\u0441\u0456\u0439\u043d\u0438\u0439 \u0442\u0430 \u0441\u0442\u0438\u043b\u044c\u043d\u0438\u0439 \u0432\u0438\u0433\u043b\u044f\u0434 \u043d\u0430 \u0440\u043e\u0431\u043e\u0442\u0456, \u043e\u043d\u043b\u0430\u0439\u043d-\u0431\u0443\u0442\u0456\u043a Pauzza - \u0446\u0435 \u0445\u0456\u0442! \u0422\u0443\u0442 \u0432\u0438 \u0437\u043d\u0430\u0439\u0434\u0435\u0442\u0435 \u0448\u0438\u0440\u043e\u043a\u0438\u0439 \u0432\u0438\u0431\u0456\u0440 \u043f\u0456\u0434\u0436\u0430\u043a\u0456\u0432, \u0441\u043e\u0440\u043e\u0447\u043e\u043a, \u0436\u0430\u043a\u0435\u0442\u0456\u0432, \u0441\u0443\u043a\u043e\u043d\u044c, \u0441\u043f\u0456\u0434\u043d\u0438\u0446\u044c \u0442\u0430 \u0431\u0430\u0433\u0430\u0442\u043e \u0456\u043d\u0448\u043e\u0433\u043e.","publisher":{"@id":"https:\/\/pauzza.pl\/#organization"},"potentialAction":[{"@type":"SearchAction","target":{"@type":"EntryPoint","urlTemplate":"https:\/\/pauzza.pl\/?s={search_term_string}"},"query-input":{"@type":"PropertyValueSpecification","valueRequired":true,"valueName":"search_term_string"}}],"inLanguage":"uk"},{"@type":"Organization","@id":"https:\/\/pauzza.pl\/#organization","name":"\u0406\u043d\u0442\u0435\u0440\u043d\u0435\u0442 \u043c\u0430\u0433\u0430\u0437\u0438\u043d \u0436\u0456\u043d\u043e\u0447\u043e\u0433\u043e \u043e\u0434\u044f\u0433\u0443 Pauzza: \u0416\u0456\u043d\u043e\u0447\u0438\u0439 \u043e\u0434\u044f\u0433. \u041d\u043e\u0432\u0430 \u043a\u043e\u043b\u0435\u043a\u0446\u0456\u044f","url":"https:\/\/pauzza.pl\/","logo":{"@type":"ImageObject","inLanguage":"uk","@id":"https:\/\/pauzza.pl\/#\/schema\/logo\/image\/","url":"https:\/\/pauzza.pl\/wp-content\/uploads\/2024\/01\/pauzzaw.png","contentUrl":"https:\/\/pauzza.pl\/wp-content\/uploads\/2024\/01\/pauzzaw.png","width":350,"height":100,"caption":"Sklep online z damsk\u0105 odzie\u017c\u0105 Pauzza: Damska odzie\u017c. Nowa Kolekcja"},"image":{"@id":"https:\/\/pauzza.pl\/#\/schema\/logo\/image\/"}}]}},"_links":{"self":[{"href":"https:\/\/pauzza.pl\/uk\/wp-json\/wp\/v2\/product\/996647","targetHints":{"allow":["GET"]}}],"collection":[{"href":"https:\/\/pauzza.pl\/uk\/wp-json\/wp\/v2\/product"}],"about":[{"href":"https:\/\/pauzza.pl\/uk\/wp-json\/wp\/v2\/types\/product"}],"wp:featuredmedia":[{"embeddable":true,"href":"https:\/\/pauzza.pl\/uk\/wp-json\/wp\/v2\/media\/996649"}],"wp:attachment":[{"href":"https:\/\/pauzza.pl\/uk\/wp-json\/wp\/v2\/media?parent=996647"}],"wp:term":[{"taxonomy":"product_brand","embeddable":true,"href":"https:\/\/pauzza.pl\/uk\/wp-json\/wp\/v2\/product_brand?post=996647"},{"taxonomy":"product_cat","embeddable":true,"href":"https:\/\/pauzza.pl\/uk\/wp-json\/wp\/v2\/product_cat?post=996647"},{"taxonomy":"product_tag","embeddable":true,"href":"https:\/\/pauzza.pl\/uk\/wp-json\/wp\/v2\/product_tag?post=996647"}],"curies":[{"name":"wp","href":"https:\/\/api.w.org\/{rel}","templated":true}]}}