{"id":996637,"date":"2025-11-24T18:45:27","date_gmt":"2025-11-24T17:45:27","guid":{"rendered":"https:\/\/pauzza.pl\/produkt\/smartwatch-damski-rubicon-rncf15-tytan-light-latte-smarub260\/"},"modified":"2026-04-22T11:07:58","modified_gmt":"2026-04-22T09:07:58","slug":"smartwatch-damski-rubicon-rncf15-tytan-light-latte-smarub260","status":"publish","type":"product","link":"https:\/\/pauzza.pl\/uk\/%d0%bf%d1%80%d0%be%d0%b4%d1%83%d0%ba%d1%82\/smartwatch-damski-rubicon-rncf15-tytan-light-latte-smarub260\/","title":{"rendered":"Smartwatch Damski RUBICON RNCF15 Tytan\/Light Latte SMARUB260"},"content":{"rendered":"<p class=\"def\"><span style=\"font-size: 18pt;\"><strong><br \/>Smartwatch Damski Rubicon RNCF15 Tytan\/Pasek Light Latte Silicon<\/strong><\/span><\/p>\n<p class=\"def\">\u00a0<\/p>\n<p class=\"def\"><strong><span style=\"font-size: 18pt;\">Tw\u00f3j rytm. Tw\u00f3j czas. Tw\u00f3j Rubicon.<\/span><\/strong><\/p>\n<p class=\"def\">\u00a0<\/p>\n<p class=\"\" data-start=\"127\" data-end=\"454\"><span style=\"font-size: 12pt;\"><strong data-start=\"127\" data-end=\"231\">Codzienno\u015b\u0107 w biegu? Ten smartwatch dotrzyma Ci kroku \u2013 z klas\u0105, funkcjonalno\u015bci\u0105 i kobiecym stylem.<\/strong> Tytanowa koperta w odcieniu szlachetnego z\u0142ota nie tylko pi\u0119knie si\u0119 prezentuje, ale te\u017c jest hipoalergiczna i delikatna dla sk\u00f3ry. Do tego be\u017cowy, silikonowy pasek, kt\u00f3ry zachwyca nie tylko kolorem, ale i form\u0105.\u00a0<strong data-start=\"162\" data-end=\"206\">Delikatnie falowana, karbowana struktura<\/strong> nadaje mu nowoczesny, designerski wygl\u0105d i sprawia, \u017ce wyr\u00f3\u017cnia si\u0119 na tle klasycznych modeli. Ten nietuzinkowy kszta\u0142t to nie tylko styl \u2013 to tak\u017ce <strong data-start=\"356\" data-end=\"381\">elastyczno\u015b\u0107 i wygoda<\/strong>, kt\u00f3re \u015bwietnie dopasowuj\u0105 si\u0119 do nadgarstka.<br \/><\/span><\/p>\n<p class=\"\" data-start=\"456\" data-end=\"666\"><span style=\"font-size: 12pt;\"><strong data-start=\"456\" data-end=\"519\">Wy\u015bwietlacz TFT IPS 1.39\u201d o wysokiej rozdzielczo\u015bci 360\u00d7360<\/strong> zachwyca ostro\u015bci\u0105 i p\u0142ynno\u015bci\u0105 dzia\u0142ania. 7 motyw\u00f3w tarczy, animacje i w\u0142asne projekty? Tak! Mo\u017cesz dopasowa\u0107 go do ka\u017cdej stylizacji i nastroju.<\/span><\/p>\n<p class=\"\" data-start=\"668\" data-end=\"882\"><span style=\"font-size: 12pt;\"><strong data-start=\"668\" data-end=\"712\">Bluetooth Call z mikrofonem i g\u0142o\u015bnikiem<\/strong> pozwala rozmawia\u0107 bez si\u0119gania po telefon \u2013 masz dost\u0119p do spisu po\u0142\u0105cze\u0144 i a\u017c 100 kontakt\u00f3w na wyci\u0105gni\u0119cie r\u0119ki. A wszystko to w <strong data-start=\"844\" data-end=\"882\">menu i aplikacji w j\u0119zyku polskim!<\/strong><\/span><\/p>\n<p class=\"\" data-start=\"884\" data-end=\"975\"><span style=\"font-size: 12pt;\"><strong data-start=\"887\" data-end=\"946\">Nowo\u015b\u0107: \u0142adowanie bezprzewodowe i super bateria 300 mAh<\/strong> \u2013 dzia\u0142a, kiedy Ty dzia\u0142asz.<\/span><\/p>\n<p>\u00a0<\/p>\n<p class=\"def\" style=\"box-sizing: border-box; outline: none; color: #131313; font-family: Roboto, sans-serif; font-size: 14px;\">\u00a0<\/p>\n<p><strong><span style=\"font-size: 12pt;\">Opis og\u00f3lny:<\/span><\/strong><\/p>\n<ul>\n<li><span style=\"font-size: 12pt;\">\u041c\u0435\u043d\u044e <strong>( 3 motywy ! )<\/strong> i aplikacja w j\u0119zyku polskim !<\/span><\/li>\n<li><span style=\"font-size: 12pt;\">wy\u015bwietlacz<strong> MULTIdotyk \u00a0TFT IPS full touch round screen! 1.39\u201d<\/strong><\/span><\/li>\n<li><span style=\"font-size: 12pt;\">wysoka rozdzielczo\u015b\u0107:\u00a0<strong>360*360 pikseli<\/strong><\/span><span style=\"font-size: 12pt;\"><\/span><\/li>\n<li><span style=\"font-size: 12pt;\"><strong>Bluetooth Call !\u00a0<\/strong>wbudowany mikrofon i g\u0142o\u015bnik<\/span><\/li>\n<li><span style=\"font-size: 12pt;\">odbieranie i wykonywanie po\u0142\u0105cze\u0144 + spis po\u0142\u0105cze\u0144 + spis kontakt\u00f3w ( 100! )<\/span><\/li>\n<li><span style=\"font-size: 12pt;\">tarcza: 7 motyw\u00f3w do wyboru + tarcze do pobrania z aplikacji! + w\u0142asne tarcze! animowana grafika !<\/span><\/li>\n<li><span style=\"font-size: 12pt;\">procesor: RTK8763EW !<\/span><span style=\"font-size: 12pt;\"><\/span><\/li>\n<li><span style=\"font-size: 12pt;\"><strong>Bluetooth 5.0 !<\/strong><\/span><\/li>\n<li><span style=\"font-size: 12pt;\">wodoszczelno\u015b\u0107: odporny na zachlapania<\/span><\/li>\n<li><span style=\"font-size: 12pt;\">koperta , kolor tytan, wykonana ze stopu metalu, \u00a0nie zawiera niklu, jest HiPOALERGiCZNA !<\/span><\/li>\n<li><span style=\"font-size: 12pt;\">pasek silikonowy &#8211; kolor be\u017cowy , mo\u017cliwo\u015b\u0107 wymiany paska ( 22mm )<\/span><\/li>\n<li><span style=\"font-size: 12pt;\">Super Bateria:\u00a0<strong>300mAh !<\/strong> \u00a0NOWO\u015a\u0106! <strong>\u0141adowanie bezprzewodowe !<\/strong><\/span><\/li>\n<li><span style=\"font-size: 12pt;\">wsp\u00f3\u0142praca z oprogramowaniem iOS i Android<\/span><\/li>\n<li><span style=\"font-size: 12pt;\">aplikacja: GloryFit<\/span><\/li>\n<\/ul>\n<p><span style=\"font-size: 12pt;\"><\/span><span style=\"font-size: 12pt;\">\u00a0<\/span><span style=\"font-size: 12pt;\"><\/span><\/p>\n<p><strong><span style=\"font-size: 12pt;\">Funkcje:<\/span><\/strong><\/p>\n<p>\u00a0<\/p>\n<ul>\n<li><span style=\"font-size: 12pt;\"><strong>100 tryb\u00f3w sportowych !<\/strong><\/span><\/li>\n<li><span style=\"font-size: 12pt;\">krokomierz, licznik kalorii<\/span><\/li>\n<li><span style=\"font-size: 12pt;\">pomiar t\u0119tna, pomiar ci\u015bnienia krwi, pomiar tlenu we krwi\u00a0<strong>( PULSOKSYMETR)<\/strong><\/span><\/li>\n<li><strong><span style=\"font-size: 12pt;\">trening oddechu<\/span><\/strong><\/li>\n<li><span style=\"font-size: 12pt;\">monitor snu<\/span><\/li>\n<li><span style=\"font-size: 12pt;\">przypomnienie o wypiciu wody, ruchu<\/span><\/li>\n<li><span style=\"font-size: 12pt;\">powiadomienie po\u0142\u0105cze\u0144 przychodz\u0105cych<\/span><\/li>\n<li><span style=\"font-size: 12pt;\">powiadomienia: Facebook, SMS, Twitter, WhatsApp, gmail \u00a0itp.<\/span><\/li>\n<li><span style=\"font-size: 12pt;\">alarm \/ budzik \/ timer<\/span><\/li>\n<li><strong><span style=\"font-size: 12pt;\">tryb latarki <\/span><\/strong><\/li>\n<li><strong><span style=\"font-size: 12pt;\">kalkulator<\/span><\/strong><\/li>\n<li><span style=\"font-size: 12pt;\">gry ( 2 )<\/span><\/li>\n<li><span style=\"font-size: 12pt;\">informacje o pogodzie<\/span><\/li>\n<li><span style=\"font-size: 12pt;\">zdalne zdj\u0119cia<\/span><\/li>\n<li><span style=\"font-size: 12pt;\">sterowanie<strong> odtwarzaczem MP3 <\/strong>w telefonie dodatkowo z funkcj\u0105 volume control !<\/span><\/li>\n<li><span style=\"font-size: 12pt;\">funkcja: znajd\u017a smartwatch<\/span><br \/><span style=\"font-size: 12pt;\">\u00a0<\/span><br \/><span style=\"font-size: 12pt;\"><\/span><\/li>\n<\/ul>\n<p><strong><span style=\"font-size: 12pt;\">\u0420\u043e\u0437\u043c\u0456\u0440\u0438:<\/span><\/strong><\/p>\n<ul style=\"margin-top: 0cm;\" type=\"disc\">\n<li style=\"font-size: 12pt;\"><span style=\"font-size: 12pt;\">szeroko\u015b\u0107 koperty: 47 mm<\/span><\/li>\n<li style=\"font-size: 12pt;\"><span style=\"font-size: 12pt;\">grubo\u015b\u0107 koperty: 12,5 mm<\/span><\/li>\n<li style=\"font-size: 12pt;\"><span style=\"font-size: 12pt;\">szeroko\u015b\u0107 paska: 22 mm<\/span><\/li>\n<li style=\"font-size: 12pt;\"><span style=\"font-size: 12pt;\">maksymalny obw\u00f3d: ok. 185 mm\n<p><\/span><\/li>\n<\/ul>\n<p><strong><span style=\"font-size: 12pt;\"><br \/>Kolorystyka:<\/span><\/strong><\/p>\n<ul>\n<li><span style=\"font-size: 12pt;\">Koperta: <strong>tytanowa w odcieniu szlachetnego z\u0142ota<\/strong><\/span><\/li>\n<li><span style=\"font-size: 12pt;\">Pasek:\u00a0<strong>delikatne latte (be\u017cowy)<\/strong><\/span><\/li>\n<\/ul>\n<p>\u00a0<\/p>\n<p><strong><span style=\"font-size: 12pt;\">W ZESTAWIE OTRZYMASZ:<\/span><\/strong><\/p>\n<ul>\n<li><span style=\"font-size: 12pt;\">smartwatch z paskiem silikonowym<\/span><\/li>\n<li><span style=\"font-size: 12pt;\">\u0142adowarka magnetyczna USB<\/span><\/li>\n<li><span style=\"font-size: 12pt;\">instrukcja PL + Karta Gwarancyjna\u00a0<\/span><\/li>\n<\/ul>\n<p>\u00a0<\/p>\n<p data-start=\"59\" data-end=\"267\"><span style=\"font-size: 14pt;\"><strong data-start=\"882\" data-end=\"923\" data-is-last-node=\"\">Nie mierz czasu \u2013 tw\u00f3rz go ze SMARTWATCHEM Rubicon<\/p>\n<p><\/strong><\/span><\/p>\n<p data-start=\"59\" data-end=\"267\"><span style=\"font-size: 12pt;\">Od 1998 roku\u00a0<strong data-start=\"72\" data-end=\"83\">Rubicon<\/strong> kreuje czas na w\u0142asnych zasadach, \u0142\u0105cz\u0105c precyzj\u0119 z wyrafinowanym designem. To marka dla tych, kt\u00f3rzy nie tylko pod\u0105\u017caj\u0105 za czasem, ale r\u00f3wnie\u017c chc\u0105 go prze\u017cywa\u0107 w najlepszym stylu.<\/span><\/p>\n<p data-start=\"269\" data-end=\"603\"><span style=\"font-size: 12pt;\"><strong data-start=\"269\" data-end=\"287\">Rubicon <\/strong>smartwatch, kt\u00f3ry nie jest jedynie gad\u017cetem \u2013 to codzienny towarzysz, kt\u00f3ry subtelnie dopasowuje si\u0119 do Twojego tempa. Niezale\u017cnie od tego, czy p\u0119dzisz na spotkanie, prowadzisz wa\u017cn\u0105 rozmow\u0119, czy znajdujesz chwil\u0119 na relaks, Tw\u00f3j\u00a0<strong data-start=\"521\" data-end=\"532\">Rubicon<\/strong> nad\u0105\u017ca za Tob\u0105, dodaj\u0105c elegancji i funkcjonalno\u015bci w ka\u017cdej chwili.<\/span><\/p>\n<p data-start=\"605\" data-end=\"878\"><span style=\"font-size: 12pt;\">Dla kobiet \u2013 subtelny, bi\u017cuteryjny akcent, kt\u00f3ry podkre\u015bla klas\u0119 i nowoczesny styl. Dla m\u0119\u017cczyzn \u2013 technologia w najlepszym wydaniu, kt\u00f3ra \u0142\u0105czy nowatorskie rozwi\u0105zania z perfekcyjn\u0105 jako\u015bci\u0105. <strong data-start=\"798\" data-end=\"809\">Rubicon<\/strong> to wi\u0119cej ni\u017c zegarek \u2013 to detal, kt\u00f3ry podkre\u015bla Twoj\u0105 osobowo\u015b\u0107.<\/span><\/p>\n<p data-start=\"605\" data-end=\"878\">\u00a0<\/p>","protected":false},"excerpt":{"rendered":"<p>Smartwatch Damski Rubicon RNCF15 Tytan\/Pasek Light Latte Silicon \u00a0 Tw\u00f3j rytm. Tw\u00f3j czas. Tw\u00f3j Rubicon. \u00a0 Codzienno\u015b\u0107 w biegu? Ten smartwatch dotrzyma Ci kroku \u2013 z klas\u0105, funkcjonalno\u015bci\u0105 i kobiecym stylem. Tytanowa koperta w odcieniu szlachetnego z\u0142ota nie tylko pi\u0119knie si\u0119 prezentuje, ale te\u017c jest hipoalergiczna i delikatna dla sk\u00f3ry. Do tego be\u017cowy, silikonowy pasek, [&hellip;]<\/p>","protected":false},"featured_media":996639,"template":"","meta":{"_acf_changed":false},"product_brand":[],"product_cat":[4850,4835],"product_tag":[],"class_list":{"0":"post-996637","1":"product","2":"type-product","3":"status-publish","4":"has-post-thumbnail","6":"product_cat-rubicon","7":"product_cat-smartwatch","9":"first","10":"instock","11":"taxable","12":"shipping-taxable","13":"purchasable","14":"product-type-simple"},"acf":[],"yoast_head":"<!-- This site is optimized with the Yoast SEO plugin v27.2 - https:\/\/yoast.com\/product\/yoast-seo-wordpress\/ -->\n<title>Smartwatch Damski RUBICON RNCF15 Tytan\/Light Latte SMARUB260<\/title>\n<meta name=\"robots\" content=\"index, follow, max-snippet:-1, max-image-preview:large, max-video-preview:-1\" \/>\n<link rel=\"canonical\" href=\"https:\/\/pauzza.pl\/uk\/\u043f\u0440\u043e\u0434\u0443\u043a\u0442\/smartwatch-damski-rubicon-rncf15-tytan-light-latte-smarub260\/\" \/>\n<meta property=\"og:locale\" content=\"uk_UA\" \/>\n<meta property=\"og:type\" content=\"article\" \/>\n<meta property=\"og:title\" content=\"Smartwatch Damski RUBICON RNCF15 Tytan\/Light Latte SMARUB260\" \/>\n<meta property=\"og:description\" content=\"Smartwatch Damski Rubicon RNCF15 Tytan\/Pasek Light Latte Silicon \u00a0 Tw\u00f3j rytm. Tw\u00f3j czas. Tw\u00f3j Rubicon. \u00a0 Codzienno\u015b\u0107 w biegu? Ten smartwatch dotrzyma Ci kroku \u2013 z klas\u0105, funkcjonalno\u015bci\u0105 i kobiecym stylem. Tytanowa koperta w odcieniu szlachetnego z\u0142ota nie tylko pi\u0119knie si\u0119 prezentuje, ale te\u017c jest hipoalergiczna i delikatna dla sk\u00f3ry. Do tego be\u017cowy, silikonowy pasek, [&hellip;]\" \/>\n<meta property=\"og:url\" content=\"https:\/\/pauzza.pl\/uk\/\u043f\u0440\u043e\u0434\u0443\u043a\u0442\/smartwatch-damski-rubicon-rncf15-tytan-light-latte-smarub260\/\" \/>\n<meta property=\"og:site_name\" content=\"Sklep online z damsk\u0105 odzie\u017c\u0105 Pauzza: Damska odzie\u017c. Nowa Kolekcja\" \/>\n<meta property=\"article:modified_time\" content=\"2026-04-22T09:07:58+00:00\" \/>\n<meta property=\"og:image\" content=\"https:\/\/pauzza.pl\/wp-content\/uploads\/2025\/11\/1_max-454.jpg\" \/>\n\t<meta property=\"og:image:width\" content=\"750\" \/>\n\t<meta property=\"og:image:height\" content=\"859\" \/>\n\t<meta property=\"og:image:type\" content=\"image\/jpeg\" \/>\n<meta name=\"twitter:card\" content=\"summary_large_image\" \/>\n<meta name=\"twitter:label1\" content=\"\u041f\u0440\u0438\u0431\u043b. \u0447\u0430\u0441 \u0447\u0438\u0442\u0430\u043d\u043d\u044f\" \/>\n\t<meta name=\"twitter:data1\" content=\"3 \u0445\u0432\u0438\u043b\u0438\u043d\u0438\" \/>\n<script type=\"application\/ld+json\" class=\"yoast-schema-graph\">{\"@context\":\"https:\/\/schema.org\",\"@graph\":[{\"@type\":\"WebPage\",\"@id\":\"https:\/\/pauzza.pl\/produkt\/smartwatch-damski-rubicon-rncf15-tytan-light-latte-smarub260\/\",\"url\":\"https:\/\/pauzza.pl\/produkt\/smartwatch-damski-rubicon-rncf15-tytan-light-latte-smarub260\/\",\"name\":\"Smartwatch Damski RUBICON RNCF15 Tytan\/Light Latte SMARUB260\",\"isPartOf\":{\"@id\":\"https:\/\/pauzza.pl\/#website\"},\"primaryImageOfPage\":{\"@id\":\"https:\/\/pauzza.pl\/produkt\/smartwatch-damski-rubicon-rncf15-tytan-light-latte-smarub260\/#primaryimage\"},\"image\":{\"@id\":\"https:\/\/pauzza.pl\/produkt\/smartwatch-damski-rubicon-rncf15-tytan-light-latte-smarub260\/#primaryimage\"},\"thumbnailUrl\":\"https:\/\/pauzza.pl\/wp-content\/uploads\/2025\/11\/1_max-454.jpg\",\"datePublished\":\"2025-11-24T17:45:27+00:00\",\"dateModified\":\"2026-04-22T09:07:58+00:00\",\"breadcrumb\":{\"@id\":\"https:\/\/pauzza.pl\/produkt\/smartwatch-damski-rubicon-rncf15-tytan-light-latte-smarub260\/#breadcrumb\"},\"inLanguage\":\"uk\",\"potentialAction\":[{\"@type\":\"ReadAction\",\"target\":[\"https:\/\/pauzza.pl\/produkt\/smartwatch-damski-rubicon-rncf15-tytan-light-latte-smarub260\/\"]}]},{\"@type\":\"ImageObject\",\"inLanguage\":\"uk\",\"@id\":\"https:\/\/pauzza.pl\/produkt\/smartwatch-damski-rubicon-rncf15-tytan-light-latte-smarub260\/#primaryimage\",\"url\":\"https:\/\/pauzza.pl\/wp-content\/uploads\/2025\/11\/1_max-454.jpg\",\"contentUrl\":\"https:\/\/pauzza.pl\/wp-content\/uploads\/2025\/11\/1_max-454.jpg\",\"width\":750,\"height\":859},{\"@type\":\"BreadcrumbList\",\"@id\":\"https:\/\/pauzza.pl\/produkt\/smartwatch-damski-rubicon-rncf15-tytan-light-latte-smarub260\/#breadcrumb\",\"itemListElement\":[{\"@type\":\"ListItem\",\"position\":1,\"name\":\"Strona g\u0142\u00f3wna\",\"item\":\"https:\/\/pauzza.pl\/\"},{\"@type\":\"ListItem\",\"position\":2,\"name\":\"Sklep\",\"item\":\"https:\/\/pauzza.pl\/sklep\/\"},{\"@type\":\"ListItem\",\"position\":3,\"name\":\"Smartwatch Damski RUBICON RNCF15 Tytan\/Light Latte SMARUB260\"}]},{\"@type\":\"WebSite\",\"@id\":\"https:\/\/pauzza.pl\/#website\",\"url\":\"https:\/\/pauzza.pl\/\",\"name\":\"Sklep online z damsk\u0105 odzie\u017c\u0105 Pauzza: Damska odzie\u017c. Nowa Kolekcja\",\"description\":\"Je\u015bli chcesz zadba\u0107 o sw\u00f3j profesjonalny i pe\u0142en klasy wygl\u0105d w pracy butik online Pauzza, to strza\u0142 w dziesi\u0105tk\u0119! U nas znajdziesz szeroki wyb\u00f3r \u017cakiet\u00f3w, koszul, kurtek, sukienek, sp\u00f3dnic i wiele wiecej\",\"publisher\":{\"@id\":\"https:\/\/pauzza.pl\/#organization\"},\"potentialAction\":[{\"@type\":\"SearchAction\",\"target\":{\"@type\":\"EntryPoint\",\"urlTemplate\":\"https:\/\/pauzza.pl\/?s={search_term_string}\"},\"query-input\":{\"@type\":\"PropertyValueSpecification\",\"valueRequired\":true,\"valueName\":\"search_term_string\"}}],\"inLanguage\":\"uk\"},{\"@type\":\"Organization\",\"@id\":\"https:\/\/pauzza.pl\/#organization\",\"name\":\"Sklep online z damsk\u0105 odzie\u017c\u0105 Pauzza: Damska odzie\u017c. Nowa Kolekcja\",\"url\":\"https:\/\/pauzza.pl\/\",\"logo\":{\"@type\":\"ImageObject\",\"inLanguage\":\"uk\",\"@id\":\"https:\/\/pauzza.pl\/#\/schema\/logo\/image\/\",\"url\":\"https:\/\/pauzza.pl\/wp-content\/uploads\/2024\/01\/pauzzaw.png\",\"contentUrl\":\"https:\/\/pauzza.pl\/wp-content\/uploads\/2024\/01\/pauzzaw.png\",\"width\":350,\"height\":100,\"caption\":\"Sklep online z damsk\u0105 odzie\u017c\u0105 Pauzza: Damska odzie\u017c. Nowa Kolekcja\"},\"image\":{\"@id\":\"https:\/\/pauzza.pl\/#\/schema\/logo\/image\/\"}}]}<\/script>\n<!-- \/ Yoast SEO plugin. -->","yoast_head_json":{"title":"Smartwatch Damski RUBICON RNCF15 Tytan\/Light Latte SMARUB260","robots":{"index":"index","follow":"follow","max-snippet":"max-snippet:-1","max-image-preview":"max-image-preview:large","max-video-preview":"max-video-preview:-1"},"canonical":"https:\/\/pauzza.pl\/uk\/\u043f\u0440\u043e\u0434\u0443\u043a\u0442\/smartwatch-damski-rubicon-rncf15-tytan-light-latte-smarub260\/","og_locale":"uk_UA","og_type":"article","og_title":"Smartwatch Damski RUBICON RNCF15 Tytan\/Light Latte SMARUB260","og_description":"Smartwatch Damski Rubicon RNCF15 Tytan\/Pasek Light Latte Silicon \u00a0 Tw\u00f3j rytm. Tw\u00f3j czas. Tw\u00f3j Rubicon. \u00a0 Codzienno\u015b\u0107 w biegu? Ten smartwatch dotrzyma Ci kroku \u2013 z klas\u0105, funkcjonalno\u015bci\u0105 i kobiecym stylem. Tytanowa koperta w odcieniu szlachetnego z\u0142ota nie tylko pi\u0119knie si\u0119 prezentuje, ale te\u017c jest hipoalergiczna i delikatna dla sk\u00f3ry. Do tego be\u017cowy, silikonowy pasek, [&hellip;]","og_url":"https:\/\/pauzza.pl\/uk\/\u043f\u0440\u043e\u0434\u0443\u043a\u0442\/smartwatch-damski-rubicon-rncf15-tytan-light-latte-smarub260\/","og_site_name":"Sklep online z damsk\u0105 odzie\u017c\u0105 Pauzza: Damska odzie\u017c. Nowa Kolekcja","article_modified_time":"2026-04-22T09:07:58+00:00","og_image":[{"width":750,"height":859,"url":"https:\/\/pauzza.pl\/wp-content\/uploads\/2025\/11\/1_max-454.jpg","type":"image\/jpeg"}],"twitter_card":"summary_large_image","twitter_misc":{"\u041f\u0440\u0438\u0431\u043b. \u0447\u0430\u0441 \u0447\u0438\u0442\u0430\u043d\u043d\u044f":"3 \u0445\u0432\u0438\u043b\u0438\u043d\u0438"},"schema":{"@context":"https:\/\/schema.org","@graph":[{"@type":"WebPage","@id":"https:\/\/pauzza.pl\/produkt\/smartwatch-damski-rubicon-rncf15-tytan-light-latte-smarub260\/","url":"https:\/\/pauzza.pl\/produkt\/smartwatch-damski-rubicon-rncf15-tytan-light-latte-smarub260\/","name":"Smartwatch Damski RUBICON RNCF15 Tytan\/Light Latte SMARUB260","isPartOf":{"@id":"https:\/\/pauzza.pl\/#website"},"primaryImageOfPage":{"@id":"https:\/\/pauzza.pl\/produkt\/smartwatch-damski-rubicon-rncf15-tytan-light-latte-smarub260\/#primaryimage"},"image":{"@id":"https:\/\/pauzza.pl\/produkt\/smartwatch-damski-rubicon-rncf15-tytan-light-latte-smarub260\/#primaryimage"},"thumbnailUrl":"https:\/\/pauzza.pl\/wp-content\/uploads\/2025\/11\/1_max-454.jpg","datePublished":"2025-11-24T17:45:27+00:00","dateModified":"2026-04-22T09:07:58+00:00","breadcrumb":{"@id":"https:\/\/pauzza.pl\/produkt\/smartwatch-damski-rubicon-rncf15-tytan-light-latte-smarub260\/#breadcrumb"},"inLanguage":"uk","potentialAction":[{"@type":"ReadAction","target":["https:\/\/pauzza.pl\/produkt\/smartwatch-damski-rubicon-rncf15-tytan-light-latte-smarub260\/"]}]},{"@type":"ImageObject","inLanguage":"uk","@id":"https:\/\/pauzza.pl\/produkt\/smartwatch-damski-rubicon-rncf15-tytan-light-latte-smarub260\/#primaryimage","url":"https:\/\/pauzza.pl\/wp-content\/uploads\/2025\/11\/1_max-454.jpg","contentUrl":"https:\/\/pauzza.pl\/wp-content\/uploads\/2025\/11\/1_max-454.jpg","width":750,"height":859},{"@type":"BreadcrumbList","@id":"https:\/\/pauzza.pl\/produkt\/smartwatch-damski-rubicon-rncf15-tytan-light-latte-smarub260\/#breadcrumb","itemListElement":[{"@type":"ListItem","position":1,"name":"Strona g\u0142\u00f3wna","item":"https:\/\/pauzza.pl\/"},{"@type":"ListItem","position":2,"name":"Sklep","item":"https:\/\/pauzza.pl\/sklep\/"},{"@type":"ListItem","position":3,"name":"Smartwatch Damski RUBICON RNCF15 Tytan\/Light Latte SMARUB260"}]},{"@type":"WebSite","@id":"https:\/\/pauzza.pl\/#website","url":"https:\/\/pauzza.pl\/","name":"\u0406\u043d\u0442\u0435\u0440\u043d\u0435\u0442 \u043c\u0430\u0433\u0430\u0437\u0438\u043d \u0436\u0456\u043d\u043e\u0447\u043e\u0433\u043e \u043e\u0434\u044f\u0433\u0443 Pauzza: \u0416\u0456\u043d\u043e\u0447\u0438\u0439 \u043e\u0434\u044f\u0433. \u041d\u043e\u0432\u0430 \u043a\u043e\u043b\u0435\u043a\u0446\u0456\u044f","description":"\u042f\u043a\u0449\u043e \u0432\u0438 \u0445\u043e\u0447\u0435\u0442\u0435 \u043f\u043e\u0434\u0431\u0430\u0442\u0438 \u043f\u0440\u043e \u0441\u0432\u0456\u0439 \u043f\u0440\u043e\u0444\u0435\u0441\u0456\u0439\u043d\u0438\u0439 \u0442\u0430 \u0441\u0442\u0438\u043b\u044c\u043d\u0438\u0439 \u0432\u0438\u0433\u043b\u044f\u0434 \u043d\u0430 \u0440\u043e\u0431\u043e\u0442\u0456, \u043e\u043d\u043b\u0430\u0439\u043d-\u0431\u0443\u0442\u0456\u043a Pauzza - \u0446\u0435 \u0445\u0456\u0442! \u0422\u0443\u0442 \u0432\u0438 \u0437\u043d\u0430\u0439\u0434\u0435\u0442\u0435 \u0448\u0438\u0440\u043e\u043a\u0438\u0439 \u0432\u0438\u0431\u0456\u0440 \u043f\u0456\u0434\u0436\u0430\u043a\u0456\u0432, \u0441\u043e\u0440\u043e\u0447\u043e\u043a, \u0436\u0430\u043a\u0435\u0442\u0456\u0432, \u0441\u0443\u043a\u043e\u043d\u044c, \u0441\u043f\u0456\u0434\u043d\u0438\u0446\u044c \u0442\u0430 \u0431\u0430\u0433\u0430\u0442\u043e \u0456\u043d\u0448\u043e\u0433\u043e.","publisher":{"@id":"https:\/\/pauzza.pl\/#organization"},"potentialAction":[{"@type":"SearchAction","target":{"@type":"EntryPoint","urlTemplate":"https:\/\/pauzza.pl\/?s={search_term_string}"},"query-input":{"@type":"PropertyValueSpecification","valueRequired":true,"valueName":"search_term_string"}}],"inLanguage":"uk"},{"@type":"Organization","@id":"https:\/\/pauzza.pl\/#organization","name":"\u0406\u043d\u0442\u0435\u0440\u043d\u0435\u0442 \u043c\u0430\u0433\u0430\u0437\u0438\u043d \u0436\u0456\u043d\u043e\u0447\u043e\u0433\u043e \u043e\u0434\u044f\u0433\u0443 Pauzza: \u0416\u0456\u043d\u043e\u0447\u0438\u0439 \u043e\u0434\u044f\u0433. \u041d\u043e\u0432\u0430 \u043a\u043e\u043b\u0435\u043a\u0446\u0456\u044f","url":"https:\/\/pauzza.pl\/","logo":{"@type":"ImageObject","inLanguage":"uk","@id":"https:\/\/pauzza.pl\/#\/schema\/logo\/image\/","url":"https:\/\/pauzza.pl\/wp-content\/uploads\/2024\/01\/pauzzaw.png","contentUrl":"https:\/\/pauzza.pl\/wp-content\/uploads\/2024\/01\/pauzzaw.png","width":350,"height":100,"caption":"Sklep online z damsk\u0105 odzie\u017c\u0105 Pauzza: Damska odzie\u017c. Nowa Kolekcja"},"image":{"@id":"https:\/\/pauzza.pl\/#\/schema\/logo\/image\/"}}]}},"_links":{"self":[{"href":"https:\/\/pauzza.pl\/uk\/wp-json\/wp\/v2\/product\/996637","targetHints":{"allow":["GET"]}}],"collection":[{"href":"https:\/\/pauzza.pl\/uk\/wp-json\/wp\/v2\/product"}],"about":[{"href":"https:\/\/pauzza.pl\/uk\/wp-json\/wp\/v2\/types\/product"}],"wp:featuredmedia":[{"embeddable":true,"href":"https:\/\/pauzza.pl\/uk\/wp-json\/wp\/v2\/media\/996639"}],"wp:attachment":[{"href":"https:\/\/pauzza.pl\/uk\/wp-json\/wp\/v2\/media?parent=996637"}],"wp:term":[{"taxonomy":"product_brand","embeddable":true,"href":"https:\/\/pauzza.pl\/uk\/wp-json\/wp\/v2\/product_brand?post=996637"},{"taxonomy":"product_cat","embeddable":true,"href":"https:\/\/pauzza.pl\/uk\/wp-json\/wp\/v2\/product_cat?post=996637"},{"taxonomy":"product_tag","embeddable":true,"href":"https:\/\/pauzza.pl\/uk\/wp-json\/wp\/v2\/product_tag?post=996637"}],"curies":[{"name":"wp","href":"https:\/\/api.w.org\/{rel}","templated":true}]}}