{"id":996592,"date":"2025-11-24T18:44:59","date_gmt":"2025-11-24T17:44:59","guid":{"rendered":"https:\/\/pauzza.pl\/produkt\/zegarek-meski-perfect-c710t-10\/"},"modified":"2026-04-22T11:07:58","modified_gmt":"2026-04-22T09:07:58","slug":"zegarek-meski-perfect-c710t-10","status":"publish","type":"product","link":"https:\/\/pauzza.pl\/uk\/%d0%bf%d1%80%d0%be%d0%b4%d1%83%d0%ba%d1%82\/zegarek-meski-perfect-c710t-10\/","title":{"rendered":"Zegarek M\u0119ski PERFECT C710T-10"},"content":{"rendered":"<p><span style=\"font-size: 18pt;\"><strong><br \/>Zegarek M\u0119ski PERFECT C710T-10<\/strong><\/span><\/p>\n<p>\u00a0<\/p>\n<p><span style=\"font-size: 12pt;\">M\u0119ski model PERFECT C710T to \u015bwietna propozycja dla m\u0119\u017cczyzny ceni\u0105cego styl i ponadczasow\u0105 elegancj\u0119. Tarcza tego zegarka ma elegancki, z\u0142oto-be\u017cowy kolor o satynowym wyko\u0144czeniu, kt\u00f3re subtelnie odbija \u015bwiat\u0142o, nadaj\u0105c ca\u0142o\u015bci wyj\u0105tkowego charakteru. W po\u0142\u0105czeniu z wyra\u017anymi, czarnymi indeksami i wskaz\u00f3wkami zapewnia doskona\u0142\u0105 czytelno\u015b\u0107.\u00a0<\/span><span style=\"font-size: 12pt;\">Dzi\u0119ki funkcji datownika, zawsze masz pod r\u0119k\u0105 nie tylko godzin\u0119, ale i aktualny dzie\u0144 miesi\u0105ca \u2014 praktyczne rozwi\u0105zanie na co dzie\u0144. Zegarek wyposa\u017cony jest w niezawodny mechanizm kwarcowy JAPAN MOVT, znany z wysokiej precyzji. Ca\u0142o\u015b\u0107 tworzy zegarek, kt\u00f3ry doskonale sprawdzi si\u0119 zar\u00f3wno w pracy, jak i na co dzie\u0144 \u2013 dla m\u0119\u017cczyzny, kt\u00f3ry ceni sobie styl i praktyczno\u015b\u0107.<\/span><\/p>\n<p>\u00a0<\/p>\n<div class=\"def\">\u00a0<\/div>\n<p class=\"def\"><span style=\"font-size: 11pt;\"><strong class=\"def\"><span class=\"def\"><span style=\"color: #222222;\" class=\"def\"><span style=\"font-family: 'Open Sans', sans-serif;\" class=\"def\"><span style=\"background-color: transparent;\" class=\"def\"><span style=\"font-family: verdana, geneva;\" class=\"def\">Opis produktu:<\/span><\/span><\/span><\/span><\/span><\/strong><\/span><\/p>\n<ul class=\"def\">\n<li class=\"def\"><span style=\"background-color: transparent; font-size: 11pt;\" class=\"def\"><span style=\"font-family: verdana, geneva;\" class=\"def\"><span class=\"def\"><strong class=\"def\">Marka<\/strong>: Perfect<\/span><\/span><\/span><\/li>\n<li class=\"def\"><span style=\"background-color: transparent; font-size: 11pt;\" class=\"def\"><span style=\"font-family: verdana, geneva;\" class=\"def\"><span class=\"def\"><strong>Mechanizm: <\/strong>Precyzyjny kwarcowy z trzema wskaz\u00f3wkami: godzinow\u0105, minutow\u0105 i sekundow\u0105 \/ zasilany bateri\u0105<\/span><\/span><\/span><\/li>\n<li class=\"def\"><span style=\"background-color: transparent; font-size: 11pt;\" class=\"def\"><span style=\"font-family: verdana, geneva;\" class=\"def\"><span class=\"def\"><strong class=\"def\">Tarcza:<\/strong> Analogowa z datownikiem oraz podzia\u0142k\u0105 sekundow\u0105 i minutow\u0105<\/span><\/span><\/span><\/li>\n<li class=\"def\"><span style=\"background-color: transparent; font-size: 11pt;\" class=\"def\"><span style=\"font-family: verdana, geneva;\" class=\"def\"><span class=\"def\"><strong class=\"def\">Koperta<\/strong>: <span style=\"background-color: transparent; font-size: 11pt;\" class=\"def\">Okr\u0105g\u0142a, stal nierdzewna <\/span><br \/><\/span><\/span><\/span><\/li>\n<li><span style=\"background-color: transparent; font-size: 11pt;\" class=\"def\"><span style=\"font-family: verdana, geneva;\" class=\"def\"><span class=\"def\"><strong class=\"def\">Szkie\u0142ko:<\/strong> Mineralne, odporne na zarysowania<\/span><\/span><\/span><\/li>\n<li><span style=\"background-color: transparent; font-size: 11pt;\" class=\"def\"><span style=\"font-family: verdana, geneva;\" class=\"def\"><span class=\"def\"><strong class=\"def\">Pasek:<\/strong> Sk\u00f3ra naturalna<\/span><\/span><\/span><span style=\"background-color: transparent; font-size: 11pt;\" class=\"def\"><span style=\"font-family: verdana, geneva;\" class=\"def\"><span class=\"def\"><\/span><\/span><\/span><\/li>\n<li><span style=\"background-color: transparent; font-size: 11pt;\" class=\"def\"><span style=\"font-family: verdana, geneva;\" class=\"def\"><span class=\"def\"><strong class=\"def\">Wodoszczelno\u015b\u0107:<\/strong>\u00a0 30M \/3 BAR &#8211; odporny na zachlapania<\/span><\/span><\/span><\/li>\n<li><span style=\"background-color: transparent; font-size: 11pt;\" class=\"def\"><span style=\"font-family: verdana, geneva;\" class=\"def\"><span class=\"def\"><strong class=\"def\">Antyalergiczny:\u00a0<\/strong>Tak &#8211; nie zawiera niklu<\/span><\/span><\/span><span style=\"background-color: transparent; font-size: 11pt;\" class=\"def\"><span style=\"font-family: verdana, geneva;\" class=\"def\"><span class=\"def\"><\/span><\/span><\/span><\/li>\n<\/ul>\n<p class=\"def\">\u00a0<\/p>\n<p class=\"def\">\u00a0<\/p>\n<p class=\"def\"><span style=\"font-size: 11pt;\" class=\"def\"><strong class=\"def\">Wymiary w mm:<\/strong><\/span><\/p>\n<ul class=\"def\">\n<li class=\"def\"><span style=\"background-color: transparent; font-size: 11pt;\" class=\"def\"><span class=\"def\"><span style=\"background-color: transparent;\" class=\"def\"><span style=\"font-family: verdana, geneva;\" class=\"def\"><strong class=\"def\">Koperta<\/strong>: \u015brednica: 38 mm<\/span><\/span><\/span><\/span><\/li>\n<li class=\"def\"><span style=\"background-color: transparent; font-size: 11pt;\" class=\"def\"><span class=\"def\"><span style=\"background-color: transparent;\" class=\"def\"><span style=\"font-family: verdana, geneva;\" class=\"def\"><strong class=\"def\">Tarcza<\/strong>: \u015brednica: 33 mm<\/span><\/span><\/span><\/span><\/li>\n<li class=\"def\"><span style=\"background-color: transparent; font-size: 11pt;\" class=\"def\"><span class=\"def\"><span style=\"background-color: transparent;\" class=\"def\"><span style=\"font-family: verdana, geneva;\" class=\"def\"><strong class=\"def\">Grubo\u015b\u0107<\/strong>: 9,5 mm<\/span><\/span><\/span><\/span><\/li>\n<li class=\"def\"><span style=\"background-color: transparent; font-size: 11pt;\" class=\"def\"><span class=\"def\"><span style=\"background-color: transparent;\" class=\"def\"><span style=\"font-family: verdana, geneva;\" class=\"def\"><strong class=\"def\">Pasek<\/strong>: 20 mm<\/span><\/span><\/span><\/span><\/li>\n<li class=\"def\"><span style=\"background-color: transparent; font-size: 11pt;\" class=\"def\"><span class=\"def\"><span style=\"background-color: transparent;\" class=\"def\"><span style=\"font-family: verdana, geneva;\" class=\"def\"><span style=\"background-color: transparent;\" class=\"def\"><strong class=\"def\">Obw\u00f3d<\/strong>: max 195-200 mm<\/span><\/span><\/span><\/span><\/span><\/li>\n<\/ul>\n<p class=\"def\">\u00a0<\/p>\n<p class=\"def\">\u00a0<\/p>\n<p class=\"def\"><span style=\"font-size: 11pt;\"><strong class=\"def\">Kolorystyka:<\/strong><\/span><\/p>\n<ul class=\"def\">\n<li class=\"def\"><span style=\"background-color: transparent; font-size: 11pt;\" class=\"def\"><span class=\"def\"><span style=\"background-color: transparent;\" class=\"def\"><span style=\"font-family: verdana, geneva;\" class=\"def\"><strong class=\"def\">Koperta<\/strong>: z\u0142ota<\/span><\/span><\/span><\/span><\/li>\n<li class=\"def\"><span style=\"background-color: transparent; font-size: 11pt;\" class=\"def\"><span class=\"def\"><span style=\"background-color: transparent;\" class=\"def\"><span style=\"font-family: verdana, geneva;\" class=\"def\"><strong class=\"def\">Tarcza<\/strong>: z\u0142oto-be\u017cowy kolor o satynowym wyko\u0144czeniu<br \/><\/span><\/span><\/span><\/span><\/li>\n<li class=\"def\"><span style=\"background-color: transparent; font-size: 11pt;\" class=\"def\"><span class=\"def\"><span style=\"background-color: transparent;\" class=\"def\"><span style=\"font-family: verdana, geneva;\" class=\"def\"><strong class=\"def\">Indeksy\/<\/strong><\/span><\/span><\/span><\/span><span style=\"background-color: transparent; font-size: 11pt;\" class=\"def\"><span class=\"def\"><span style=\"background-color: transparent;\" class=\"def\"><span style=\"font-family: verdana, geneva;\" class=\"def\"><strong class=\"def\">Wskaz\u00f3wki\/Sekundnik<\/strong>: kolor czarny<\/span><\/span><\/span><\/span><span style=\"background-color: transparent; font-size: 11pt;\" class=\"def\"><span class=\"def\"><span style=\"background-color: transparent;\" class=\"def\"><span style=\"font-family: verdana, geneva;\" class=\"def\"><\/span><\/span><\/span><\/span><\/li>\n<li class=\"def\"><span style=\"background-color: transparent; font-size: 11pt;\" class=\"def\"><span class=\"def\"><span style=\"background-color: transparent;\" class=\"def\"><span style=\"font-family: verdana, geneva;\" class=\"def\"><strong class=\"def\">Pasek<\/strong>: br\u0105zowy, nitka: br\u0105zowa<\/span><\/span><\/span><\/span><\/li>\n<\/ul>\n<p>\u00a0<\/p>\n<p>\u00a0<\/p>\n<p class=\"def\"><span style=\"font-size: 12pt;\"><span style=\"font-size: 14pt;\"><strong>MECHANIZM KWARCOWY &#8211; dok\u0142adno\u015b\u0107 i niezawodno\u015b\u0107<\/strong><\/span><\/span><\/p>\n<div class=\"flex max-w-full flex-col flex-grow\">\n<div class=\"min-h-[20px] text-message flex w-full flex-col items-end gap-2 whitespace-normal break-words [.text-message+&amp;]:mt-5\" dir=\"auto\" data-message-author-role=\"assistant\" data-message-id=\"73ffc909-ebbe-4d75-b64c-7732bb956a37\">\n<div class=\"flex w-full flex-col gap-1 empty:hidden first:pt-[3px]\">\n<div class=\"markdown prose w-full break-words dark:prose-invert light\">\n<p><span style=\"font-size: 12pt;\">Mechanizm kwarcowy w zegarku to synonim precyzji i niezawodno\u015bci. Jest odporny na zmiany temperatury i wstrz\u0105sy, co sprawia, \u017ce jest doskona\u0142ym wyborem dla os\u00f3b ceni\u0105cych sobie nie tylko elegancj\u0119, ale i bezproblemowe u\u017cytkowanie. Dzi\u0119ki stabilnym drganiom kryszta\u0142u kwarcu, zegarek utrzymuje wyj\u0105tkow\u0105 dok\u0142adno\u015b\u0107 i niezawodno\u015b\u0107, minimalizuj\u0105c potrzeb\u0119 regulacji.<\/p>\n<p><\/span><\/p>\n<\/div>\n<\/div>\n<\/div>\n<\/div>\n<p><span style=\"font-size: 14pt;\"><strong>FUNKCJE ZEGARKA <\/strong><\/span><\/p>\n<p><span style=\"font-size: 12pt;\">Zegarek wyr\u00f3\u017cnia si\u0119 minimalistycznym designem, z klasycznym wskazaniem godzin i minut oraz sekund &#8211; eleganckie rozwi\u0105zanie, kt\u00f3re podkre\u015bla charakter i klas\u0119. Dyskretne okienko z datownikiem pozwala na szybki dost\u0119p do bie\u017c\u0105cej daty, bez potrzeby korzystania z telefonu czy dodatkowego urz\u0105dzenia. Subtelnie wkomponowany w tarcz\u0119 zegarka, idealnie wsp\u00f3\u0142gra z jego unikalnym stylem. Podzia\u0142ka znajduj\u0105ca si\u0119 przy zewn\u0119trznej kraw\u0119dzi tarczy zegarka, sk\u0142adaj\u0105ca si\u0119 z drobnych kresek pe\u0142ni funkcj\u0119 precyzyjnego oznaczenia minut i sekund.<\/span><\/p>\n<p>\u00a0<\/p>\n<p class=\"def\" style=\"text-align: left;\"><span style=\"font-size: 14pt;\"><strong>SK\u00d3RZANY PASEK Z KLASYCZN\u0104 KLAMR\u0104<\/strong><\/span><\/p>\n<p class=\"def\" style=\"text-align: left;\"><span style=\"font-size: 12pt;\">Sk\u00f3rzany pasek tego zegarka to kwintesencja klasy i wygody. Wykonany z najwy\u017cszej jako\u015bci materia\u0142u, komfortowo dopasowuje si\u0119 do nadgarstka, oferuj\u0105c nie tylko trwa\u0142o\u015b\u0107, ale te\u017c elegancki wygl\u0105d. Jego mi\u0119kko\u015b\u0107 zapewnia komfort noszenia na co dzie\u0144, a perfekcyjne wyko\u0144czenie podkre\u015bla charakterystyczny styl marki Perfect.\u00a0<\/span><\/p>\n<p>\u00a0<\/p>\n<div class=\"additional-description__item additional-description__image\">\u00a0<\/div>\n<div class=\"additional-description__item additional-description__text\">\n<p><span style=\"font-size: 14pt;\"><strong>SZKIE\u0141KO MINERALNE &#8211; OPTYMALNA OCHRONA ORAZ CZYTELNA TARCZA<\/strong><\/span><\/p>\n<\/div>\n<p class=\"def\" style=\"text-align: left;\"><span style=\"font-size: 12pt;\">Mineralne szkie\u0142ko w zegarku to doskona\u0142y wyb\u00f3r dla os\u00f3b ceni\u0105cych trwa\u0142o\u015b\u0107 i wygod\u0119. Wytwarzane z krzemionki, \u0142\u0105czy w sobie wyj\u0105tkow\u0105 twardo\u015b\u0107 i elastyczno\u015b\u0107, co czyni je znacznie bardziej odpornym na zarysowania i st\u0142uczenia ni\u017c szk\u0142o syntetyczne. Dzi\u0119ki tym w\u0142a\u015bciwo\u015bciom skutecznie chroni tarcz\u0119 zegarka przed codziennymi uszkodzeniami, zapewniaj\u0105c jednocze\u015bnie elegancki wygl\u0105d. To idealna opcja dla tych, kt\u00f3rzy szukaj\u0105 po\u0142\u0105czenia estetyki z niezawodno\u015bci\u0105 w codziennym u\u017cytkowaniu.<\/span><\/p>\n<p>\u00a0<\/p>\n<p data-pm-slice=\"1 1 []\"><strong><span style=\"font-size: 14pt;\">WODOODPORNO\u015a\u0106 3 BAR \/ 30M \/ 3 ATM<\/span><\/strong><\/p>\n<p><span style=\"font-size: 12pt;\">Zegarek Perfect jest odporny na przypadkowe zachlapania i kontakt z wod\u0105, ale nie jest przeznaczony do zanurzenia si\u0119 w wodzie, np. podczas p\u0142ywania. Zegarek\u00a0 jest wystarczaj\u0105co odporny na codzienne sytuacje, takie jak mycie r\u0105k, przypadkowe zachlapania podczas deszczu czy kontakt z wod\u0105 podczas mycia naczy\u0144. Zegarki Perfect s\u0105 zaprojektowane tak, aby wytrzyma\u0142y r\u00f3\u017cne warunki atmosferyczne, co zwi\u0119ksza ich trwa\u0142o\u015b\u0107 i \u017cywotno\u015b\u0107.<\/span><\/p>\n<p>\u00a0<\/p>\n<p class=\"\" data-start=\"84\" data-end=\"149\"><span style=\"font-size: 14pt;\"><strong data-start=\"84\" data-end=\"149\">M\u0119skie zegarki PERFECT \u2013 Klasa, funkcjonalno\u015b\u0107 i niezawodno\u015b\u0107<\/strong><\/span><\/p>\n<p class=\"\" data-start=\"151\" data-end=\"528\"><span style=\"font-size: 12pt;\">Zegarki m\u0119skie marki Perfect to po\u0142\u0105czenie klasycznego wzornictwa z nowoczesnymi rozwi\u0105zaniami, kt\u00f3re sprawdzaj\u0105 si\u0119 w ka\u017cdej sytuacji \u2013 od codziennego u\u017cytkowania, po bardziej formalne okazje. Solidne koperty, czytelne tarcze oraz trwa\u0142e paski lub bransolety nadaj\u0105 zegarkom wyrazisty, m\u0119ski charakter. To stylowe akcesorium, kt\u00f3re podkre\u015bla pewno\u015b\u0107 siebie i dba\u0142o\u015b\u0107 o detale.<\/span><\/p>\n<p>\u00a0<\/p>","protected":false},"excerpt":{"rendered":"<p>Zegarek M\u0119ski PERFECT C710T-10 \u00a0 M\u0119ski model PERFECT C710T to \u015bwietna propozycja dla m\u0119\u017cczyzny ceni\u0105cego styl i ponadczasow\u0105 elegancj\u0119. Tarcza tego zegarka ma elegancki, z\u0142oto-be\u017cowy kolor o satynowym wyko\u0144czeniu, kt\u00f3re subtelnie odbija \u015bwiat\u0142o, nadaj\u0105c ca\u0142o\u015bci wyj\u0105tkowego charakteru. W po\u0142\u0105czeniu z wyra\u017anymi, czarnymi indeksami i wskaz\u00f3wkami zapewnia doskona\u0142\u0105 czytelno\u015b\u0107.\u00a0Dzi\u0119ki funkcji datownika, zawsze masz pod r\u0119k\u0105 nie [&hellip;]<\/p>","protected":false},"featured_media":996594,"template":"","meta":{"_acf_changed":false},"product_brand":[],"product_cat":[4896,4870,4838],"product_tag":[],"class_list":{"0":"post-996592","1":"product","2":"type-product","3":"status-publish","4":"has-post-thumbnail","6":"product_cat-na-pasku-perfect-zegarki-damskie","7":"product_cat-perfect","8":"product_cat-zegarki-damskie","10":"first","11":"instock","12":"taxable","13":"shipping-taxable","14":"purchasable","15":"product-type-simple"},"acf":[],"yoast_head":"<!-- This site is optimized with the Yoast SEO plugin v27.2 - https:\/\/yoast.com\/product\/yoast-seo-wordpress\/ -->\n<title>Zegarek M\u0119ski PERFECT C710T-10<\/title>\n<meta name=\"robots\" content=\"index, follow, max-snippet:-1, max-image-preview:large, max-video-preview:-1\" \/>\n<link rel=\"canonical\" href=\"https:\/\/pauzza.pl\/uk\/\u043f\u0440\u043e\u0434\u0443\u043a\u0442\/zegarek-meski-perfect-c710t-10\/\" \/>\n<meta property=\"og:locale\" content=\"uk_UA\" \/>\n<meta property=\"og:type\" content=\"article\" \/>\n<meta property=\"og:title\" content=\"Zegarek M\u0119ski PERFECT C710T-10\" \/>\n<meta property=\"og:description\" content=\"Zegarek M\u0119ski PERFECT C710T-10 \u00a0 M\u0119ski model PERFECT C710T to \u015bwietna propozycja dla m\u0119\u017cczyzny ceni\u0105cego styl i ponadczasow\u0105 elegancj\u0119. Tarcza tego zegarka ma elegancki, z\u0142oto-be\u017cowy kolor o satynowym wyko\u0144czeniu, kt\u00f3re subtelnie odbija \u015bwiat\u0142o, nadaj\u0105c ca\u0142o\u015bci wyj\u0105tkowego charakteru. W po\u0142\u0105czeniu z wyra\u017anymi, czarnymi indeksami i wskaz\u00f3wkami zapewnia doskona\u0142\u0105 czytelno\u015b\u0107.\u00a0Dzi\u0119ki funkcji datownika, zawsze masz pod r\u0119k\u0105 nie [&hellip;]\" \/>\n<meta property=\"og:url\" content=\"https:\/\/pauzza.pl\/uk\/\u043f\u0440\u043e\u0434\u0443\u043a\u0442\/zegarek-meski-perfect-c710t-10\/\" \/>\n<meta property=\"og:site_name\" content=\"Sklep online z damsk\u0105 odzie\u017c\u0105 Pauzza: Damska odzie\u017c. Nowa Kolekcja\" \/>\n<meta property=\"article:modified_time\" content=\"2026-04-22T09:07:58+00:00\" \/>\n<meta property=\"og:image\" content=\"https:\/\/pauzza.pl\/wp-content\/uploads\/2025\/11\/1_max-450.jpg\" \/>\n\t<meta property=\"og:image:width\" content=\"457\" \/>\n\t<meta property=\"og:image:height\" content=\"768\" \/>\n\t<meta property=\"og:image:type\" content=\"image\/jpeg\" \/>\n<meta name=\"twitter:card\" content=\"summary_large_image\" \/>\n<meta name=\"twitter:label1\" content=\"\u041f\u0440\u0438\u0431\u043b. \u0447\u0430\u0441 \u0447\u0438\u0442\u0430\u043d\u043d\u044f\" \/>\n\t<meta name=\"twitter:data1\" content=\"3 \u0445\u0432\u0438\u043b\u0438\u043d\u0438\" \/>\n<script type=\"application\/ld+json\" class=\"yoast-schema-graph\">{\"@context\":\"https:\/\/schema.org\",\"@graph\":[{\"@type\":\"WebPage\",\"@id\":\"https:\/\/pauzza.pl\/produkt\/zegarek-meski-perfect-c710t-10\/\",\"url\":\"https:\/\/pauzza.pl\/produkt\/zegarek-meski-perfect-c710t-10\/\",\"name\":\"Zegarek M\u0119ski PERFECT C710T-10\",\"isPartOf\":{\"@id\":\"https:\/\/pauzza.pl\/#website\"},\"primaryImageOfPage\":{\"@id\":\"https:\/\/pauzza.pl\/produkt\/zegarek-meski-perfect-c710t-10\/#primaryimage\"},\"image\":{\"@id\":\"https:\/\/pauzza.pl\/produkt\/zegarek-meski-perfect-c710t-10\/#primaryimage\"},\"thumbnailUrl\":\"https:\/\/pauzza.pl\/wp-content\/uploads\/2025\/11\/1_max-450.jpg\",\"datePublished\":\"2025-11-24T17:44:59+00:00\",\"dateModified\":\"2026-04-22T09:07:58+00:00\",\"breadcrumb\":{\"@id\":\"https:\/\/pauzza.pl\/produkt\/zegarek-meski-perfect-c710t-10\/#breadcrumb\"},\"inLanguage\":\"uk\",\"potentialAction\":[{\"@type\":\"ReadAction\",\"target\":[\"https:\/\/pauzza.pl\/produkt\/zegarek-meski-perfect-c710t-10\/\"]}]},{\"@type\":\"ImageObject\",\"inLanguage\":\"uk\",\"@id\":\"https:\/\/pauzza.pl\/produkt\/zegarek-meski-perfect-c710t-10\/#primaryimage\",\"url\":\"https:\/\/pauzza.pl\/wp-content\/uploads\/2025\/11\/1_max-450.jpg\",\"contentUrl\":\"https:\/\/pauzza.pl\/wp-content\/uploads\/2025\/11\/1_max-450.jpg\",\"width\":457,\"height\":768},{\"@type\":\"BreadcrumbList\",\"@id\":\"https:\/\/pauzza.pl\/produkt\/zegarek-meski-perfect-c710t-10\/#breadcrumb\",\"itemListElement\":[{\"@type\":\"ListItem\",\"position\":1,\"name\":\"Strona g\u0142\u00f3wna\",\"item\":\"https:\/\/pauzza.pl\/\"},{\"@type\":\"ListItem\",\"position\":2,\"name\":\"Sklep\",\"item\":\"https:\/\/pauzza.pl\/sklep\/\"},{\"@type\":\"ListItem\",\"position\":3,\"name\":\"Zegarek M\u0119ski PERFECT C710T-10\"}]},{\"@type\":\"WebSite\",\"@id\":\"https:\/\/pauzza.pl\/#website\",\"url\":\"https:\/\/pauzza.pl\/\",\"name\":\"Sklep online z damsk\u0105 odzie\u017c\u0105 Pauzza: Damska odzie\u017c. Nowa Kolekcja\",\"description\":\"Je\u015bli chcesz zadba\u0107 o sw\u00f3j profesjonalny i pe\u0142en klasy wygl\u0105d w pracy butik online Pauzza, to strza\u0142 w dziesi\u0105tk\u0119! U nas znajdziesz szeroki wyb\u00f3r \u017cakiet\u00f3w, koszul, kurtek, sukienek, sp\u00f3dnic i wiele wiecej\",\"publisher\":{\"@id\":\"https:\/\/pauzza.pl\/#organization\"},\"potentialAction\":[{\"@type\":\"SearchAction\",\"target\":{\"@type\":\"EntryPoint\",\"urlTemplate\":\"https:\/\/pauzza.pl\/?s={search_term_string}\"},\"query-input\":{\"@type\":\"PropertyValueSpecification\",\"valueRequired\":true,\"valueName\":\"search_term_string\"}}],\"inLanguage\":\"uk\"},{\"@type\":\"Organization\",\"@id\":\"https:\/\/pauzza.pl\/#organization\",\"name\":\"Sklep online z damsk\u0105 odzie\u017c\u0105 Pauzza: Damska odzie\u017c. Nowa Kolekcja\",\"url\":\"https:\/\/pauzza.pl\/\",\"logo\":{\"@type\":\"ImageObject\",\"inLanguage\":\"uk\",\"@id\":\"https:\/\/pauzza.pl\/#\/schema\/logo\/image\/\",\"url\":\"https:\/\/pauzza.pl\/wp-content\/uploads\/2024\/01\/pauzzaw.png\",\"contentUrl\":\"https:\/\/pauzza.pl\/wp-content\/uploads\/2024\/01\/pauzzaw.png\",\"width\":350,\"height\":100,\"caption\":\"Sklep online z damsk\u0105 odzie\u017c\u0105 Pauzza: Damska odzie\u017c. Nowa Kolekcja\"},\"image\":{\"@id\":\"https:\/\/pauzza.pl\/#\/schema\/logo\/image\/\"}}]}<\/script>\n<!-- \/ Yoast SEO plugin. -->","yoast_head_json":{"title":"Zegarek M\u0119ski PERFECT C710T-10","robots":{"index":"index","follow":"follow","max-snippet":"max-snippet:-1","max-image-preview":"max-image-preview:large","max-video-preview":"max-video-preview:-1"},"canonical":"https:\/\/pauzza.pl\/uk\/\u043f\u0440\u043e\u0434\u0443\u043a\u0442\/zegarek-meski-perfect-c710t-10\/","og_locale":"uk_UA","og_type":"article","og_title":"Zegarek M\u0119ski PERFECT C710T-10","og_description":"Zegarek M\u0119ski PERFECT C710T-10 \u00a0 M\u0119ski model PERFECT C710T to \u015bwietna propozycja dla m\u0119\u017cczyzny ceni\u0105cego styl i ponadczasow\u0105 elegancj\u0119. Tarcza tego zegarka ma elegancki, z\u0142oto-be\u017cowy kolor o satynowym wyko\u0144czeniu, kt\u00f3re subtelnie odbija \u015bwiat\u0142o, nadaj\u0105c ca\u0142o\u015bci wyj\u0105tkowego charakteru. W po\u0142\u0105czeniu z wyra\u017anymi, czarnymi indeksami i wskaz\u00f3wkami zapewnia doskona\u0142\u0105 czytelno\u015b\u0107.\u00a0Dzi\u0119ki funkcji datownika, zawsze masz pod r\u0119k\u0105 nie [&hellip;]","og_url":"https:\/\/pauzza.pl\/uk\/\u043f\u0440\u043e\u0434\u0443\u043a\u0442\/zegarek-meski-perfect-c710t-10\/","og_site_name":"Sklep online z damsk\u0105 odzie\u017c\u0105 Pauzza: Damska odzie\u017c. Nowa Kolekcja","article_modified_time":"2026-04-22T09:07:58+00:00","og_image":[{"width":457,"height":768,"url":"https:\/\/pauzza.pl\/wp-content\/uploads\/2025\/11\/1_max-450.jpg","type":"image\/jpeg"}],"twitter_card":"summary_large_image","twitter_misc":{"\u041f\u0440\u0438\u0431\u043b. \u0447\u0430\u0441 \u0447\u0438\u0442\u0430\u043d\u043d\u044f":"3 \u0445\u0432\u0438\u043b\u0438\u043d\u0438"},"schema":{"@context":"https:\/\/schema.org","@graph":[{"@type":"WebPage","@id":"https:\/\/pauzza.pl\/produkt\/zegarek-meski-perfect-c710t-10\/","url":"https:\/\/pauzza.pl\/produkt\/zegarek-meski-perfect-c710t-10\/","name":"Zegarek M\u0119ski PERFECT C710T-10","isPartOf":{"@id":"https:\/\/pauzza.pl\/#website"},"primaryImageOfPage":{"@id":"https:\/\/pauzza.pl\/produkt\/zegarek-meski-perfect-c710t-10\/#primaryimage"},"image":{"@id":"https:\/\/pauzza.pl\/produkt\/zegarek-meski-perfect-c710t-10\/#primaryimage"},"thumbnailUrl":"https:\/\/pauzza.pl\/wp-content\/uploads\/2025\/11\/1_max-450.jpg","datePublished":"2025-11-24T17:44:59+00:00","dateModified":"2026-04-22T09:07:58+00:00","breadcrumb":{"@id":"https:\/\/pauzza.pl\/produkt\/zegarek-meski-perfect-c710t-10\/#breadcrumb"},"inLanguage":"uk","potentialAction":[{"@type":"ReadAction","target":["https:\/\/pauzza.pl\/produkt\/zegarek-meski-perfect-c710t-10\/"]}]},{"@type":"ImageObject","inLanguage":"uk","@id":"https:\/\/pauzza.pl\/produkt\/zegarek-meski-perfect-c710t-10\/#primaryimage","url":"https:\/\/pauzza.pl\/wp-content\/uploads\/2025\/11\/1_max-450.jpg","contentUrl":"https:\/\/pauzza.pl\/wp-content\/uploads\/2025\/11\/1_max-450.jpg","width":457,"height":768},{"@type":"BreadcrumbList","@id":"https:\/\/pauzza.pl\/produkt\/zegarek-meski-perfect-c710t-10\/#breadcrumb","itemListElement":[{"@type":"ListItem","position":1,"name":"Strona g\u0142\u00f3wna","item":"https:\/\/pauzza.pl\/"},{"@type":"ListItem","position":2,"name":"Sklep","item":"https:\/\/pauzza.pl\/sklep\/"},{"@type":"ListItem","position":3,"name":"Zegarek M\u0119ski PERFECT C710T-10"}]},{"@type":"WebSite","@id":"https:\/\/pauzza.pl\/#website","url":"https:\/\/pauzza.pl\/","name":"\u0406\u043d\u0442\u0435\u0440\u043d\u0435\u0442 \u043c\u0430\u0433\u0430\u0437\u0438\u043d \u0436\u0456\u043d\u043e\u0447\u043e\u0433\u043e \u043e\u0434\u044f\u0433\u0443 Pauzza: \u0416\u0456\u043d\u043e\u0447\u0438\u0439 \u043e\u0434\u044f\u0433. \u041d\u043e\u0432\u0430 \u043a\u043e\u043b\u0435\u043a\u0446\u0456\u044f","description":"\u042f\u043a\u0449\u043e \u0432\u0438 \u0445\u043e\u0447\u0435\u0442\u0435 \u043f\u043e\u0434\u0431\u0430\u0442\u0438 \u043f\u0440\u043e \u0441\u0432\u0456\u0439 \u043f\u0440\u043e\u0444\u0435\u0441\u0456\u0439\u043d\u0438\u0439 \u0442\u0430 \u0441\u0442\u0438\u043b\u044c\u043d\u0438\u0439 \u0432\u0438\u0433\u043b\u044f\u0434 \u043d\u0430 \u0440\u043e\u0431\u043e\u0442\u0456, \u043e\u043d\u043b\u0430\u0439\u043d-\u0431\u0443\u0442\u0456\u043a Pauzza - \u0446\u0435 \u0445\u0456\u0442! \u0422\u0443\u0442 \u0432\u0438 \u0437\u043d\u0430\u0439\u0434\u0435\u0442\u0435 \u0448\u0438\u0440\u043e\u043a\u0438\u0439 \u0432\u0438\u0431\u0456\u0440 \u043f\u0456\u0434\u0436\u0430\u043a\u0456\u0432, \u0441\u043e\u0440\u043e\u0447\u043e\u043a, \u0436\u0430\u043a\u0435\u0442\u0456\u0432, \u0441\u0443\u043a\u043e\u043d\u044c, \u0441\u043f\u0456\u0434\u043d\u0438\u0446\u044c \u0442\u0430 \u0431\u0430\u0433\u0430\u0442\u043e \u0456\u043d\u0448\u043e\u0433\u043e.","publisher":{"@id":"https:\/\/pauzza.pl\/#organization"},"potentialAction":[{"@type":"SearchAction","target":{"@type":"EntryPoint","urlTemplate":"https:\/\/pauzza.pl\/?s={search_term_string}"},"query-input":{"@type":"PropertyValueSpecification","valueRequired":true,"valueName":"search_term_string"}}],"inLanguage":"uk"},{"@type":"Organization","@id":"https:\/\/pauzza.pl\/#organization","name":"\u0406\u043d\u0442\u0435\u0440\u043d\u0435\u0442 \u043c\u0430\u0433\u0430\u0437\u0438\u043d \u0436\u0456\u043d\u043e\u0447\u043e\u0433\u043e \u043e\u0434\u044f\u0433\u0443 Pauzza: \u0416\u0456\u043d\u043e\u0447\u0438\u0439 \u043e\u0434\u044f\u0433. \u041d\u043e\u0432\u0430 \u043a\u043e\u043b\u0435\u043a\u0446\u0456\u044f","url":"https:\/\/pauzza.pl\/","logo":{"@type":"ImageObject","inLanguage":"uk","@id":"https:\/\/pauzza.pl\/#\/schema\/logo\/image\/","url":"https:\/\/pauzza.pl\/wp-content\/uploads\/2024\/01\/pauzzaw.png","contentUrl":"https:\/\/pauzza.pl\/wp-content\/uploads\/2024\/01\/pauzzaw.png","width":350,"height":100,"caption":"Sklep online z damsk\u0105 odzie\u017c\u0105 Pauzza: Damska odzie\u017c. Nowa Kolekcja"},"image":{"@id":"https:\/\/pauzza.pl\/#\/schema\/logo\/image\/"}}]}},"_links":{"self":[{"href":"https:\/\/pauzza.pl\/uk\/wp-json\/wp\/v2\/product\/996592","targetHints":{"allow":["GET"]}}],"collection":[{"href":"https:\/\/pauzza.pl\/uk\/wp-json\/wp\/v2\/product"}],"about":[{"href":"https:\/\/pauzza.pl\/uk\/wp-json\/wp\/v2\/types\/product"}],"wp:featuredmedia":[{"embeddable":true,"href":"https:\/\/pauzza.pl\/uk\/wp-json\/wp\/v2\/media\/996594"}],"wp:attachment":[{"href":"https:\/\/pauzza.pl\/uk\/wp-json\/wp\/v2\/media?parent=996592"}],"wp:term":[{"taxonomy":"product_brand","embeddable":true,"href":"https:\/\/pauzza.pl\/uk\/wp-json\/wp\/v2\/product_brand?post=996592"},{"taxonomy":"product_cat","embeddable":true,"href":"https:\/\/pauzza.pl\/uk\/wp-json\/wp\/v2\/product_cat?post=996592"},{"taxonomy":"product_tag","embeddable":true,"href":"https:\/\/pauzza.pl\/uk\/wp-json\/wp\/v2\/product_tag?post=996592"}],"curies":[{"name":"wp","href":"https:\/\/api.w.org\/{rel}","templated":true}]}}