{"id":996556,"date":"2025-11-24T18:44:35","date_gmt":"2025-11-24T17:44:35","guid":{"rendered":"https:\/\/pauzza.pl\/produkt\/zegarek-damski-perfect-gx093-05\/"},"modified":"2026-04-15T04:16:45","modified_gmt":"2026-04-15T02:16:45","slug":"zegarek-damski-perfect-gx093-05","status":"publish","type":"product","link":"https:\/\/pauzza.pl\/uk\/%d0%bf%d1%80%d0%be%d0%b4%d1%83%d0%ba%d1%82\/zegarek-damski-perfect-gx093-05\/","title":{"rendered":"Zegarek Damski PERFECT GX093-05"},"content":{"rendered":"<p><span style=\"background-color: transparent;\" class=\"def\"><span style=\"font-family: verdana, geneva;\" class=\"def\"><span style=\"font-size: 12pt;\" class=\"def\"><span style=\"font-size: 14pt;\" class=\"def\"><strong class=\"def\"><span style=\"font-size: x-large;\" class=\"def\">Zegarek Damski PERFECT GX093-01<\/span><\/strong><\/span><\/span><\/span><\/span><\/p>\n<p>\u00a0<\/p>\n<p><span style=\"font-size: 12pt;\">Damski model PERFECT GX093-05 to esencja nowoczesnej elegancji. Z tym zegarkiem ka\u017cda chwila zyskuje wyj\u0105tkow\u0105 opraw\u0119.\u00a0Srebrna koperta otacza klasyczn\u0105, czarn\u0105 tarcz\u0119, tworz\u0105c ponadczasowy duet elegancji i funkcjonalno\u015bci. Bia\u0142e indeksy oraz wskaz\u00f3wki wyr\u00f3\u017cniaj\u0105 si\u0119 na tle tarczy, zapewniaj\u0105c znakomit\u0105 czytelno\u015b\u0107 w ka\u017cdej sytuacji. Subtelny sekundnik dodaje dynamiki, poruszaj\u0105c si\u0119 z precyzj\u0105 charakterystyczn\u0105 dla japo\u0144skiego mechanizmu. Czarny pasek z delikatnym przeszyciem idealnie wsp\u00f3\u0142gra z ca\u0142o\u015bci\u0105, nadaj\u0105c zegarkowi nowoczesny, a zarazem uniwersalny charakter. To doskona\u0142y wyb\u00f3r dla osoby ceni\u0105cej prostot\u0119, styl i niezawodno\u015b\u0107.\u00a0<\/span><\/p>\n<p><span style=\"font-size: 12pt;\">\u00a0<\/span><\/p>\n<div class=\"def\">\u00a0<\/div>\n<p class=\"def\"><span style=\"font-size: 11pt;\"><strong class=\"def\"><span class=\"def\"><span style=\"color: #222222;\" class=\"def\"><span style=\"font-family: 'Open Sans', sans-serif;\" class=\"def\"><span style=\"background-color: transparent;\" class=\"def\"><span style=\"font-family: verdana, geneva;\" class=\"def\">Opis produktu:<\/span><\/span><\/span><\/span><\/span><\/strong><\/span><\/p>\n<ul class=\"def\">\n<li class=\"def\"><span style=\"background-color: transparent; font-size: 11pt;\" class=\"def\"><span style=\"font-family: verdana, geneva;\" class=\"def\"><span class=\"def\"><strong class=\"def\">Marka<\/strong>: Perfect<\/span><\/span><\/span><\/li>\n<li class=\"def\"><span style=\"background-color: transparent; font-size: 11pt;\" class=\"def\"><span style=\"font-family: verdana, geneva;\" class=\"def\"><span class=\"def\"><strong>Mechanizm: <\/strong>Precyzyjny kwarcowy z trzema wskaz\u00f3wkami: godzinow\u0105, minutow\u0105 i sekundow\u0105 \/ zasilany bateri\u0105<\/span><\/span><\/span><\/li>\n<li class=\"def\"><span style=\"background-color: transparent; font-size: 11pt;\" class=\"def\"><span style=\"font-family: verdana, geneva;\" class=\"def\"><span class=\"def\"><strong class=\"def\">Tarcza:<\/strong> Analogowa <br class=\"def\"><\/span><\/span><\/span><\/li>\n<li class=\"def\"><span style=\"background-color: transparent; font-size: 11pt;\" class=\"def\"><span style=\"font-family: verdana, geneva;\" class=\"def\"><span class=\"def\"><strong class=\"def\">Koperta<\/strong>: <span style=\"background-color: transparent; font-size: 11pt;\" class=\"def\">Okr\u0105g\u0142a, stal nierdzewna <\/span><br \/><\/span><\/span><\/span><\/li>\n<li><span style=\"background-color: transparent; font-size: 11pt;\" class=\"def\"><span style=\"font-family: verdana, geneva;\" class=\"def\"><span class=\"def\"><strong class=\"def\">Szkie\u0142ko:<\/strong> Mineralne, odporne na zarysowania<\/span><\/span><\/span><\/li>\n<li><span style=\"background-color: transparent; font-size: 11pt;\" class=\"def\"><span style=\"font-family: verdana, geneva;\" class=\"def\"><span class=\"def\"><strong class=\"def\">Pasek:<\/strong> Sk\u00f3ra naturalna<\/span><\/span><\/span><span style=\"background-color: transparent; font-size: 11pt;\" class=\"def\"><span style=\"font-family: verdana, geneva;\" class=\"def\"><span class=\"def\"><\/span><\/span><\/span><\/li>\n<li><span style=\"background-color: transparent; font-size: 11pt;\" class=\"def\"><span style=\"font-family: verdana, geneva;\" class=\"def\"><span class=\"def\"><strong class=\"def\">Wodoszczelno\u015b\u0107:<\/strong>\u00a0 30M \/3 BAR &#8211; odporny na zachlapania<\/span><\/span><\/span><\/li>\n<li><span style=\"background-color: transparent; font-size: 11pt;\" class=\"def\"><span style=\"font-family: verdana, geneva;\" class=\"def\"><span class=\"def\"><strong>Pod\u015bwietlenie:<\/strong> fluorescencja wskaz\u00f3wek<\/span><\/span><\/span><\/li>\n<li><span style=\"background-color: transparent; font-size: 11pt;\" class=\"def\"><span style=\"font-family: verdana, geneva;\" class=\"def\"><span class=\"def\"><strong class=\"def\">Antyalergiczny:\u00a0<\/strong>Tak &#8211; nie zawiera niklu<\/span><\/span><\/span><span style=\"background-color: transparent; font-size: 11pt;\" class=\"def\"><span style=\"font-family: verdana, geneva;\" class=\"def\"><span class=\"def\"><\/span><\/span><\/span><\/li>\n<\/ul>\n<p class=\"def\">\u00a0<\/p>\n<p class=\"def\">\u00a0<\/p>\n<p class=\"def\"><span style=\"font-size: 11pt;\" class=\"def\"><strong class=\"def\">Wymiary w mm:<\/strong><\/span><\/p>\n<ul class=\"def\">\n<li class=\"def\"><span style=\"background-color: transparent; font-size: 11pt;\" class=\"def\"><span class=\"def\"><span style=\"background-color: transparent;\" class=\"def\"><span style=\"font-family: verdana, geneva;\" class=\"def\"><strong class=\"def\">Koperta<\/strong>: \u015brednica: 35 mm<\/span><\/span><\/span><\/span><\/li>\n<li class=\"def\"><span style=\"background-color: transparent; font-size: 11pt;\" class=\"def\"><span class=\"def\"><span style=\"background-color: transparent;\" class=\"def\"><span style=\"font-family: verdana, geneva;\" class=\"def\"><strong class=\"def\">Tarcza<\/strong>: \u015brednica: 30 mm<\/span><\/span><\/span><\/span><\/li>\n<li class=\"def\"><span style=\"background-color: transparent; font-size: 11pt;\" class=\"def\"><span class=\"def\"><span style=\"background-color: transparent;\" class=\"def\"><span style=\"font-family: verdana, geneva;\" class=\"def\"><strong class=\"def\">Grubo\u015b\u0107<\/strong>: 8 mm<\/span><\/span><\/span><\/span><\/li>\n<li class=\"def\"><span style=\"background-color: transparent; font-size: 11pt;\" class=\"def\"><span class=\"def\"><span style=\"background-color: transparent;\" class=\"def\"><span style=\"font-family: verdana, geneva;\" class=\"def\"><strong class=\"def\">Pasek<\/strong>: 18 mm<\/span><\/span><\/span><\/span><\/li>\n<li class=\"def\"><span style=\"background-color: transparent; font-size: 11pt;\" class=\"def\"><span class=\"def\"><span style=\"background-color: transparent;\" class=\"def\"><span style=\"font-family: verdana, geneva;\" class=\"def\"><span style=\"background-color: transparent;\" class=\"def\"><strong class=\"def\">Obw\u00f3d<\/strong>: 195-240 mm<\/span><\/span><\/span><\/span><\/span><\/li>\n<\/ul>\n<p class=\"def\">\u00a0<\/p>\n<p class=\"def\">\u00a0<\/p>\n<p class=\"def\"><span style=\"font-size: 11pt;\"><strong class=\"def\">Kolorystyka:<\/strong><\/span><\/p>\n<ul class=\"def\">\n<li class=\"def\"><span style=\"background-color: transparent; font-size: 11pt;\" class=\"def\"><span class=\"def\"><span style=\"background-color: transparent;\" class=\"def\"><span style=\"font-family: verdana, geneva;\" class=\"def\"><strong class=\"def\">Koperta<\/strong>: srebrna<\/span><\/span><\/span><\/span><\/li>\n<li class=\"def\"><span style=\"background-color: transparent; font-size: 11pt;\" class=\"def\"><span class=\"def\"><span style=\"background-color: transparent;\" class=\"def\"><span style=\"font-family: verdana, geneva;\" class=\"def\"><strong class=\"def\">Tarcza<\/strong>: czarna<\/span><\/span><\/span><\/span><\/li>\n<li class=\"def\"><span style=\"background-color: transparent; font-size: 11pt;\" class=\"def\"><span class=\"def\"><span style=\"background-color: transparent;\" class=\"def\"><span style=\"font-family: verdana, geneva;\" class=\"def\"><strong class=\"def\">Indeksy<\/strong>: bia\u0142e<\/span><\/span><\/span><\/span><\/li>\n<li class=\"def\"><span style=\"background-color: transparent; font-size: 11pt;\" class=\"def\"><span class=\"def\"><span style=\"background-color: transparent;\" class=\"def\"><span style=\"font-family: verdana, geneva;\" class=\"def\"><strong class=\"def\">Wskaz\u00f3wki\/Sekundnik<\/strong>: srebrny<\/span><\/span><\/span><\/span><span style=\"background-color: transparent; font-size: 11pt;\" class=\"def\"><span class=\"def\"><span style=\"background-color: transparent;\" class=\"def\"><span style=\"font-family: verdana, geneva;\" class=\"def\"><\/span><\/span><\/span><\/span><\/li>\n<li class=\"def\"><span style=\"background-color: transparent; font-size: 11pt;\" class=\"def\"><span class=\"def\"><span style=\"background-color: transparent;\" class=\"def\"><span style=\"font-family: verdana, geneva;\" class=\"def\"><strong class=\"def\">Pasek<\/strong>: czarny, nitka: czarna<\/span><\/span><\/span><\/span><\/li>\n<\/ul>\n<p>\u00a0<\/p>\n<p>\u00a0<\/p>\n<p class=\"def\"><span style=\"font-size: 12pt;\"><span style=\"font-size: 14pt;\"><strong>MECHANIZM KWARCOWY &#8211; dok\u0142adno\u015b\u0107 i niezawodno\u015b\u0107<\/strong><\/span><\/span><\/p>\n<div class=\"flex max-w-full flex-col flex-grow\">\n<div class=\"min-h-[20px] text-message flex w-full flex-col items-end gap-2 whitespace-normal break-words [.text-message+&amp;]:mt-5\" dir=\"auto\" data-message-author-role=\"assistant\" data-message-id=\"73ffc909-ebbe-4d75-b64c-7732bb956a37\">\n<div class=\"flex w-full flex-col gap-1 empty:hidden first:pt-[3px]\">\n<div class=\"markdown prose w-full break-words dark:prose-invert light\">\n<p><span style=\"font-size: 12pt;\">Mechanizm kwarcowy w zegarku to synonim precyzji i niezawodno\u015bci. Jest odporny na zmiany temperatury i wstrz\u0105sy, co sprawia, \u017ce jest doskona\u0142ym wyborem dla os\u00f3b ceni\u0105cych sobie nie tylko elegancj\u0119, ale i bezproblemowe u\u017cytkowanie. Dzi\u0119ki stabilnym drganiom kryszta\u0142u kwarcu, zegarek utrzymuje wyj\u0105tkow\u0105 dok\u0142adno\u015b\u0107 i niezawodno\u015b\u0107, minimalizuj\u0105c potrzeb\u0119 regulacji.<\/span><\/p>\n<\/div>\n<\/div>\n<\/div>\n<\/div>\n<p>\u00a0<\/p>\n<p><span style=\"font-size: 14pt;\"><strong>FUNKCJE ZEGARKA\u00a0<\/strong><\/span><\/p>\n<p><span style=\"font-size: 12pt;\">Damski zegarek Perfect wyr\u00f3\u017cnia si\u0119 minimalistycznym designem, z klasycznym wskazaniem godzin i minut oraz sekund. To proste, a zarazem eleganckie rozwi\u0105zanie, kt\u00f3re dodaje damskiej d\u0142oni wyj\u0105tkowego szyku, ale tak\u017ce podkre\u015bla jej charakter i klas\u0119.<\/span><\/p>\n<p>\u00a0<\/p>\n<p class=\"def\" style=\"text-align: left;\"><span style=\"font-size: 14pt;\"><strong>SK\u00d3RZANY PASEK Z KLASYCZN\u0104 KLAMR\u0104<\/strong><\/span><\/p>\n<p class=\"def\" style=\"text-align: left;\"><span style=\"font-size: 12pt;\">Sk\u00f3rzany pasek tego zegarka to kwintesencja klasy i wygody. Wykonany z najwy\u017cszej jako\u015bci materia\u0142u, komfortowo dopasowuje si\u0119 do nadgarstka, oferuj\u0105c nie tylko trwa\u0142o\u015b\u0107, ale te\u017c elegancki wygl\u0105d. Jego mi\u0119kko\u015b\u0107 zapewnia komfort noszenia na co dzie\u0144, a perfekcyjne wyko\u0144czenie podkre\u015bla charakterystyczny styl marki Perfect.\u00a0<\/span><\/p>\n<p>\u00a0<\/p>\n<div class=\"additional-description__item additional-description__image\">\u00a0<\/div>\n<div class=\"additional-description__item additional-description__text\">\n<p><span style=\"font-size: 14pt;\"><strong>SZKIE\u0141KO MINERALNE &#8211; OPTYMALNA OCHRONA ORAZ CZYTELNA TARCZA<\/strong><\/span><\/p>\n<\/div>\n<p class=\"def\" style=\"text-align: left;\"><span style=\"font-size: 12pt;\">Mineralne szkie\u0142ko w zegarku to doskona\u0142y wyb\u00f3r dla os\u00f3b ceni\u0105cych trwa\u0142o\u015b\u0107 i wygod\u0119. Wytwarzane z krzemionki, \u0142\u0105czy w sobie wyj\u0105tkow\u0105 twardo\u015b\u0107 i elastyczno\u015b\u0107, co czyni je znacznie bardziej odpornym na zarysowania i st\u0142uczenia ni\u017c szk\u0142o syntetyczne. Dzi\u0119ki tym w\u0142a\u015bciwo\u015bciom skutecznie chroni tarcz\u0119 zegarka przed codziennymi uszkodzeniami, zapewniaj\u0105c jednocze\u015bnie elegancki wygl\u0105d. To idealna opcja dla tych, kt\u00f3rzy szukaj\u0105 po\u0142\u0105czenia estetyki z niezawodno\u015bci\u0105 w codziennym u\u017cytkowaniu.<\/span><\/p>\n<p>\u00a0<\/p>\n<p data-pm-slice=\"1 1 []\"><strong><span style=\"font-size: 14pt;\">WODOODPORNO\u015a\u0106 3 BAR \/ 30M \/ 3 ATM<\/span><\/strong><\/p>\n<p><span style=\"font-size: 12pt;\">Zegarek Perfect jest odporny na przypadkowe zachlapania i kontakt z wod\u0105, ale nie jest przeznaczony do zanurzenia si\u0119 w wodzie, np. podczas p\u0142ywania. Zegarek\u00a0 jest wystarczaj\u0105co odporny na codzienne sytuacje, takie jak mycie r\u0105k, przypadkowe zachlapania podczas deszczu czy kontakt z wod\u0105 podczas mycia naczy\u0144. Zegarki Perfect s\u0105 zaprojektowane tak, aby wytrzyma\u0142y r\u00f3\u017cne warunki atmosferyczne, co zwi\u0119ksza ich trwa\u0142o\u015b\u0107 i \u017cywotno\u015b\u0107.<\/span><\/p>\n<p>\u00a0<\/p>\n<h3><span style=\"font-size: 14pt;\">Damskie zegarki PERFECT &#8211; Synonim klasy i pewno\u015bci siebie<\/span><\/h3>\n<p><span style=\"font-size: 12pt;\">Klasyczna forma po\u0142\u0105czona z nowoczesn\u0105 funkcjonalno\u015bci\u0105 to modele damskich zegark\u00f3w, kt\u00f3re nie tylko \u015bwietnie si\u0119 prezentuj\u0105, ale i sprawdzaj\u0105 w dynamicznym rytmie \u017cycia. Du\u017ce, wyraziste tarcze w metalowych kopertach emanuj\u0105 zdecydowaniem, a solidne bransolety lub sk\u00f3rzane paski dodaj\u0105 im damskiego uroku. Zegarki damskie Perfect cz\u0119sto wzbogacone s\u0105 o praktyczne funkcje, jak datownik, sekundnik czy fluorescencyjne wskaz\u00f3wki, staj\u0105c si\u0119 nie tylko stylowym dodatkiem, ale r\u00f3wnie\u017c narz\u0119dziem dla kobiety ceni\u0105cej precyzj\u0119.\u00a0<\/span><\/p>\n<p>\u00a0<\/p>","protected":false},"excerpt":{"rendered":"<p>Zegarek Damski PERFECT GX093-01 \u00a0 Damski model PERFECT GX093-05 to esencja nowoczesnej elegancji. Z tym zegarkiem ka\u017cda chwila zyskuje wyj\u0105tkow\u0105 opraw\u0119.\u00a0Srebrna koperta otacza klasyczn\u0105, czarn\u0105 tarcz\u0119, tworz\u0105c ponadczasowy duet elegancji i funkcjonalno\u015bci. Bia\u0142e indeksy oraz wskaz\u00f3wki wyr\u00f3\u017cniaj\u0105 si\u0119 na tle tarczy, zapewniaj\u0105c znakomit\u0105 czytelno\u015b\u0107 w ka\u017cdej sytuacji. Subtelny sekundnik dodaje dynamiki, poruszaj\u0105c si\u0119 z precyzj\u0105 [&hellip;]<\/p>","protected":false},"featured_media":996558,"template":"","meta":{"_acf_changed":false},"product_brand":[],"product_cat":[4871,4870,4838],"product_tag":[],"class_list":{"0":"post-996556","1":"product","2":"type-product","3":"status-publish","4":"has-post-thumbnail","6":"product_cat-na-pasku-perfect","7":"product_cat-perfect","8":"product_cat-zegarki-damskie","10":"first","11":"outofstock","12":"taxable","13":"shipping-taxable","14":"purchasable","15":"product-type-simple"},"acf":[],"yoast_head":"<!-- This site is optimized with the Yoast SEO plugin v27.2 - https:\/\/yoast.com\/product\/yoast-seo-wordpress\/ -->\n<title>Zegarek Damski PERFECT GX093-05<\/title>\n<meta name=\"robots\" content=\"index, follow, max-snippet:-1, max-image-preview:large, max-video-preview:-1\" \/>\n<link rel=\"canonical\" href=\"https:\/\/pauzza.pl\/uk\/\u043f\u0440\u043e\u0434\u0443\u043a\u0442\/zegarek-damski-perfect-gx093-05\/\" \/>\n<meta property=\"og:locale\" content=\"uk_UA\" \/>\n<meta property=\"og:type\" content=\"article\" \/>\n<meta property=\"og:title\" content=\"Zegarek Damski PERFECT GX093-05\" \/>\n<meta property=\"og:description\" content=\"Zegarek Damski PERFECT GX093-01 \u00a0 Damski model PERFECT GX093-05 to esencja nowoczesnej elegancji. Z tym zegarkiem ka\u017cda chwila zyskuje wyj\u0105tkow\u0105 opraw\u0119.\u00a0Srebrna koperta otacza klasyczn\u0105, czarn\u0105 tarcz\u0119, tworz\u0105c ponadczasowy duet elegancji i funkcjonalno\u015bci. Bia\u0142e indeksy oraz wskaz\u00f3wki wyr\u00f3\u017cniaj\u0105 si\u0119 na tle tarczy, zapewniaj\u0105c znakomit\u0105 czytelno\u015b\u0107 w ka\u017cdej sytuacji. Subtelny sekundnik dodaje dynamiki, poruszaj\u0105c si\u0119 z precyzj\u0105 [&hellip;]\" \/>\n<meta property=\"og:url\" content=\"https:\/\/pauzza.pl\/uk\/\u043f\u0440\u043e\u0434\u0443\u043a\u0442\/zegarek-damski-perfect-gx093-05\/\" \/>\n<meta property=\"og:site_name\" content=\"Sklep online z damsk\u0105 odzie\u017c\u0105 Pauzza: Damska odzie\u017c. Nowa Kolekcja\" \/>\n<meta property=\"article:modified_time\" content=\"2026-04-15T02:16:45+00:00\" \/>\n<meta property=\"og:image\" content=\"https:\/\/pauzza.pl\/wp-content\/uploads\/2025\/11\/1_max-446.jpg\" \/>\n\t<meta property=\"og:image:width\" content=\"446\" \/>\n\t<meta property=\"og:image:height\" content=\"764\" \/>\n\t<meta property=\"og:image:type\" content=\"image\/jpeg\" \/>\n<meta name=\"twitter:card\" content=\"summary_large_image\" \/>\n<meta name=\"twitter:label1\" content=\"\u041f\u0440\u0438\u0431\u043b. \u0447\u0430\u0441 \u0447\u0438\u0442\u0430\u043d\u043d\u044f\" \/>\n\t<meta name=\"twitter:data1\" content=\"3 \u0445\u0432\u0438\u043b\u0438\u043d\u0438\" \/>\n<script type=\"application\/ld+json\" class=\"yoast-schema-graph\">{\"@context\":\"https:\/\/schema.org\",\"@graph\":[{\"@type\":\"WebPage\",\"@id\":\"https:\/\/pauzza.pl\/produkt\/zegarek-damski-perfect-gx093-05\/\",\"url\":\"https:\/\/pauzza.pl\/produkt\/zegarek-damski-perfect-gx093-05\/\",\"name\":\"Zegarek Damski PERFECT GX093-05\",\"isPartOf\":{\"@id\":\"https:\/\/pauzza.pl\/#website\"},\"primaryImageOfPage\":{\"@id\":\"https:\/\/pauzza.pl\/produkt\/zegarek-damski-perfect-gx093-05\/#primaryimage\"},\"image\":{\"@id\":\"https:\/\/pauzza.pl\/produkt\/zegarek-damski-perfect-gx093-05\/#primaryimage\"},\"thumbnailUrl\":\"https:\/\/pauzza.pl\/wp-content\/uploads\/2025\/11\/1_max-446.jpg\",\"datePublished\":\"2025-11-24T17:44:35+00:00\",\"dateModified\":\"2026-04-15T02:16:45+00:00\",\"breadcrumb\":{\"@id\":\"https:\/\/pauzza.pl\/produkt\/zegarek-damski-perfect-gx093-05\/#breadcrumb\"},\"inLanguage\":\"uk\",\"potentialAction\":[{\"@type\":\"ReadAction\",\"target\":[\"https:\/\/pauzza.pl\/produkt\/zegarek-damski-perfect-gx093-05\/\"]}]},{\"@type\":\"ImageObject\",\"inLanguage\":\"uk\",\"@id\":\"https:\/\/pauzza.pl\/produkt\/zegarek-damski-perfect-gx093-05\/#primaryimage\",\"url\":\"https:\/\/pauzza.pl\/wp-content\/uploads\/2025\/11\/1_max-446.jpg\",\"contentUrl\":\"https:\/\/pauzza.pl\/wp-content\/uploads\/2025\/11\/1_max-446.jpg\",\"width\":446,\"height\":764},{\"@type\":\"BreadcrumbList\",\"@id\":\"https:\/\/pauzza.pl\/produkt\/zegarek-damski-perfect-gx093-05\/#breadcrumb\",\"itemListElement\":[{\"@type\":\"ListItem\",\"position\":1,\"name\":\"Strona g\u0142\u00f3wna\",\"item\":\"https:\/\/pauzza.pl\/\"},{\"@type\":\"ListItem\",\"position\":2,\"name\":\"Sklep\",\"item\":\"https:\/\/pauzza.pl\/sklep\/\"},{\"@type\":\"ListItem\",\"position\":3,\"name\":\"Zegarek Damski PERFECT GX093-05\"}]},{\"@type\":\"WebSite\",\"@id\":\"https:\/\/pauzza.pl\/#website\",\"url\":\"https:\/\/pauzza.pl\/\",\"name\":\"Sklep online z damsk\u0105 odzie\u017c\u0105 Pauzza: Damska odzie\u017c. Nowa Kolekcja\",\"description\":\"Je\u015bli chcesz zadba\u0107 o sw\u00f3j profesjonalny i pe\u0142en klasy wygl\u0105d w pracy butik online Pauzza, to strza\u0142 w dziesi\u0105tk\u0119! U nas znajdziesz szeroki wyb\u00f3r \u017cakiet\u00f3w, koszul, kurtek, sukienek, sp\u00f3dnic i wiele wiecej\",\"publisher\":{\"@id\":\"https:\/\/pauzza.pl\/#organization\"},\"potentialAction\":[{\"@type\":\"SearchAction\",\"target\":{\"@type\":\"EntryPoint\",\"urlTemplate\":\"https:\/\/pauzza.pl\/?s={search_term_string}\"},\"query-input\":{\"@type\":\"PropertyValueSpecification\",\"valueRequired\":true,\"valueName\":\"search_term_string\"}}],\"inLanguage\":\"uk\"},{\"@type\":\"Organization\",\"@id\":\"https:\/\/pauzza.pl\/#organization\",\"name\":\"Sklep online z damsk\u0105 odzie\u017c\u0105 Pauzza: Damska odzie\u017c. Nowa Kolekcja\",\"url\":\"https:\/\/pauzza.pl\/\",\"logo\":{\"@type\":\"ImageObject\",\"inLanguage\":\"uk\",\"@id\":\"https:\/\/pauzza.pl\/#\/schema\/logo\/image\/\",\"url\":\"https:\/\/pauzza.pl\/wp-content\/uploads\/2024\/01\/pauzzaw.png\",\"contentUrl\":\"https:\/\/pauzza.pl\/wp-content\/uploads\/2024\/01\/pauzzaw.png\",\"width\":350,\"height\":100,\"caption\":\"Sklep online z damsk\u0105 odzie\u017c\u0105 Pauzza: Damska odzie\u017c. Nowa Kolekcja\"},\"image\":{\"@id\":\"https:\/\/pauzza.pl\/#\/schema\/logo\/image\/\"}}]}<\/script>\n<!-- \/ Yoast SEO plugin. -->","yoast_head_json":{"title":"Zegarek Damski PERFECT GX093-05","robots":{"index":"index","follow":"follow","max-snippet":"max-snippet:-1","max-image-preview":"max-image-preview:large","max-video-preview":"max-video-preview:-1"},"canonical":"https:\/\/pauzza.pl\/uk\/\u043f\u0440\u043e\u0434\u0443\u043a\u0442\/zegarek-damski-perfect-gx093-05\/","og_locale":"uk_UA","og_type":"article","og_title":"Zegarek Damski PERFECT GX093-05","og_description":"Zegarek Damski PERFECT GX093-01 \u00a0 Damski model PERFECT GX093-05 to esencja nowoczesnej elegancji. Z tym zegarkiem ka\u017cda chwila zyskuje wyj\u0105tkow\u0105 opraw\u0119.\u00a0Srebrna koperta otacza klasyczn\u0105, czarn\u0105 tarcz\u0119, tworz\u0105c ponadczasowy duet elegancji i funkcjonalno\u015bci. Bia\u0142e indeksy oraz wskaz\u00f3wki wyr\u00f3\u017cniaj\u0105 si\u0119 na tle tarczy, zapewniaj\u0105c znakomit\u0105 czytelno\u015b\u0107 w ka\u017cdej sytuacji. Subtelny sekundnik dodaje dynamiki, poruszaj\u0105c si\u0119 z precyzj\u0105 [&hellip;]","og_url":"https:\/\/pauzza.pl\/uk\/\u043f\u0440\u043e\u0434\u0443\u043a\u0442\/zegarek-damski-perfect-gx093-05\/","og_site_name":"Sklep online z damsk\u0105 odzie\u017c\u0105 Pauzza: Damska odzie\u017c. Nowa Kolekcja","article_modified_time":"2026-04-15T02:16:45+00:00","og_image":[{"width":446,"height":764,"url":"https:\/\/pauzza.pl\/wp-content\/uploads\/2025\/11\/1_max-446.jpg","type":"image\/jpeg"}],"twitter_card":"summary_large_image","twitter_misc":{"\u041f\u0440\u0438\u0431\u043b. \u0447\u0430\u0441 \u0447\u0438\u0442\u0430\u043d\u043d\u044f":"3 \u0445\u0432\u0438\u043b\u0438\u043d\u0438"},"schema":{"@context":"https:\/\/schema.org","@graph":[{"@type":"WebPage","@id":"https:\/\/pauzza.pl\/produkt\/zegarek-damski-perfect-gx093-05\/","url":"https:\/\/pauzza.pl\/produkt\/zegarek-damski-perfect-gx093-05\/","name":"Zegarek Damski PERFECT GX093-05","isPartOf":{"@id":"https:\/\/pauzza.pl\/#website"},"primaryImageOfPage":{"@id":"https:\/\/pauzza.pl\/produkt\/zegarek-damski-perfect-gx093-05\/#primaryimage"},"image":{"@id":"https:\/\/pauzza.pl\/produkt\/zegarek-damski-perfect-gx093-05\/#primaryimage"},"thumbnailUrl":"https:\/\/pauzza.pl\/wp-content\/uploads\/2025\/11\/1_max-446.jpg","datePublished":"2025-11-24T17:44:35+00:00","dateModified":"2026-04-15T02:16:45+00:00","breadcrumb":{"@id":"https:\/\/pauzza.pl\/produkt\/zegarek-damski-perfect-gx093-05\/#breadcrumb"},"inLanguage":"uk","potentialAction":[{"@type":"ReadAction","target":["https:\/\/pauzza.pl\/produkt\/zegarek-damski-perfect-gx093-05\/"]}]},{"@type":"ImageObject","inLanguage":"uk","@id":"https:\/\/pauzza.pl\/produkt\/zegarek-damski-perfect-gx093-05\/#primaryimage","url":"https:\/\/pauzza.pl\/wp-content\/uploads\/2025\/11\/1_max-446.jpg","contentUrl":"https:\/\/pauzza.pl\/wp-content\/uploads\/2025\/11\/1_max-446.jpg","width":446,"height":764},{"@type":"BreadcrumbList","@id":"https:\/\/pauzza.pl\/produkt\/zegarek-damski-perfect-gx093-05\/#breadcrumb","itemListElement":[{"@type":"ListItem","position":1,"name":"Strona g\u0142\u00f3wna","item":"https:\/\/pauzza.pl\/"},{"@type":"ListItem","position":2,"name":"Sklep","item":"https:\/\/pauzza.pl\/sklep\/"},{"@type":"ListItem","position":3,"name":"Zegarek Damski PERFECT GX093-05"}]},{"@type":"WebSite","@id":"https:\/\/pauzza.pl\/#website","url":"https:\/\/pauzza.pl\/","name":"\u0406\u043d\u0442\u0435\u0440\u043d\u0435\u0442 \u043c\u0430\u0433\u0430\u0437\u0438\u043d \u0436\u0456\u043d\u043e\u0447\u043e\u0433\u043e \u043e\u0434\u044f\u0433\u0443 Pauzza: \u0416\u0456\u043d\u043e\u0447\u0438\u0439 \u043e\u0434\u044f\u0433. \u041d\u043e\u0432\u0430 \u043a\u043e\u043b\u0435\u043a\u0446\u0456\u044f","description":"\u042f\u043a\u0449\u043e \u0432\u0438 \u0445\u043e\u0447\u0435\u0442\u0435 \u043f\u043e\u0434\u0431\u0430\u0442\u0438 \u043f\u0440\u043e \u0441\u0432\u0456\u0439 \u043f\u0440\u043e\u0444\u0435\u0441\u0456\u0439\u043d\u0438\u0439 \u0442\u0430 \u0441\u0442\u0438\u043b\u044c\u043d\u0438\u0439 \u0432\u0438\u0433\u043b\u044f\u0434 \u043d\u0430 \u0440\u043e\u0431\u043e\u0442\u0456, \u043e\u043d\u043b\u0430\u0439\u043d-\u0431\u0443\u0442\u0456\u043a Pauzza - \u0446\u0435 \u0445\u0456\u0442! \u0422\u0443\u0442 \u0432\u0438 \u0437\u043d\u0430\u0439\u0434\u0435\u0442\u0435 \u0448\u0438\u0440\u043e\u043a\u0438\u0439 \u0432\u0438\u0431\u0456\u0440 \u043f\u0456\u0434\u0436\u0430\u043a\u0456\u0432, \u0441\u043e\u0440\u043e\u0447\u043e\u043a, \u0436\u0430\u043a\u0435\u0442\u0456\u0432, \u0441\u0443\u043a\u043e\u043d\u044c, \u0441\u043f\u0456\u0434\u043d\u0438\u0446\u044c \u0442\u0430 \u0431\u0430\u0433\u0430\u0442\u043e \u0456\u043d\u0448\u043e\u0433\u043e.","publisher":{"@id":"https:\/\/pauzza.pl\/#organization"},"potentialAction":[{"@type":"SearchAction","target":{"@type":"EntryPoint","urlTemplate":"https:\/\/pauzza.pl\/?s={search_term_string}"},"query-input":{"@type":"PropertyValueSpecification","valueRequired":true,"valueName":"search_term_string"}}],"inLanguage":"uk"},{"@type":"Organization","@id":"https:\/\/pauzza.pl\/#organization","name":"\u0406\u043d\u0442\u0435\u0440\u043d\u0435\u0442 \u043c\u0430\u0433\u0430\u0437\u0438\u043d \u0436\u0456\u043d\u043e\u0447\u043e\u0433\u043e \u043e\u0434\u044f\u0433\u0443 Pauzza: \u0416\u0456\u043d\u043e\u0447\u0438\u0439 \u043e\u0434\u044f\u0433. \u041d\u043e\u0432\u0430 \u043a\u043e\u043b\u0435\u043a\u0446\u0456\u044f","url":"https:\/\/pauzza.pl\/","logo":{"@type":"ImageObject","inLanguage":"uk","@id":"https:\/\/pauzza.pl\/#\/schema\/logo\/image\/","url":"https:\/\/pauzza.pl\/wp-content\/uploads\/2024\/01\/pauzzaw.png","contentUrl":"https:\/\/pauzza.pl\/wp-content\/uploads\/2024\/01\/pauzzaw.png","width":350,"height":100,"caption":"Sklep online z damsk\u0105 odzie\u017c\u0105 Pauzza: Damska odzie\u017c. Nowa Kolekcja"},"image":{"@id":"https:\/\/pauzza.pl\/#\/schema\/logo\/image\/"}}]}},"_links":{"self":[{"href":"https:\/\/pauzza.pl\/uk\/wp-json\/wp\/v2\/product\/996556","targetHints":{"allow":["GET"]}}],"collection":[{"href":"https:\/\/pauzza.pl\/uk\/wp-json\/wp\/v2\/product"}],"about":[{"href":"https:\/\/pauzza.pl\/uk\/wp-json\/wp\/v2\/types\/product"}],"wp:featuredmedia":[{"embeddable":true,"href":"https:\/\/pauzza.pl\/uk\/wp-json\/wp\/v2\/media\/996558"}],"wp:attachment":[{"href":"https:\/\/pauzza.pl\/uk\/wp-json\/wp\/v2\/media?parent=996556"}],"wp:term":[{"taxonomy":"product_brand","embeddable":true,"href":"https:\/\/pauzza.pl\/uk\/wp-json\/wp\/v2\/product_brand?post=996556"},{"taxonomy":"product_cat","embeddable":true,"href":"https:\/\/pauzza.pl\/uk\/wp-json\/wp\/v2\/product_cat?post=996556"},{"taxonomy":"product_tag","embeddable":true,"href":"https:\/\/pauzza.pl\/uk\/wp-json\/wp\/v2\/product_tag?post=996556"}],"curies":[{"name":"wp","href":"https:\/\/api.w.org\/{rel}","templated":true}]}}