{"id":996321,"date":"2025-11-24T18:42:12","date_gmt":"2025-11-24T17:42:12","guid":{"rendered":"https:\/\/pauzza.pl\/produkt\/smartwatch-meski-gravity-gt16-2-black-czarna-bransoleta\/"},"modified":"2026-04-03T21:11:28","modified_gmt":"2026-04-03T19:11:28","slug":"smartwatch-meski-gravity-gt16-2-black-czarna-bransoleta","status":"publish","type":"product","link":"https:\/\/pauzza.pl\/uk\/%d0%bf%d1%80%d0%be%d0%b4%d1%83%d0%ba%d1%82\/smartwatch-meski-gravity-gt16-2-black-czarna-bransoleta\/","title":{"rendered":"Smartwatch M\u0119ski GRAVITY GT16-2 Black \/ Czarna Bransoleta"},"content":{"rendered":"<p class=\"def\">\u00a0<\/p>\n<p class=\"def\"><strong><span style=\"font-size: 18pt;\"><br \/>Smartwatch M\u0119ski GRAVITY GT16-2 Black \/ Czarna Bransoleta<\/p>\n<p><\/span><\/strong><\/p>\n<div class=\"flex max-w-full flex-col flex-grow\">\n<div class=\"min-h-8 text-message relative flex w-full flex-col items-end gap-2 whitespace-normal break-words text-start [.text-message+&amp;]:mt-5\" dir=\"auto\" data-message-author-role=\"assistant\" data-message-id=\"0b8044dd-5620-45bf-a6d7-21c8fcaa4d5c\" data-message-model-slug=\"gpt-4o\">\n<div class=\"flex w-full flex-col gap-1 empty:hidden first:pt-[3px]\">\n<div class=\"markdown prose w-full break-words dark:prose-invert light\">\n<p data-start=\"63\" data-end=\"468\"><span style=\"font-size: 12pt;\">Dla tych, kt\u00f3rzy nie maj\u0105 czasu na zb\u0119dne kompromisy \u2013 ten smartwatch to po\u0142\u0105czenie <strong>m\u0119skiego stylu, nowoczesnych technologii i niezawodnej wydajno\u015bci. <\/strong>W pe\u0142ni dotykowy ekran <strong>AMOLED HD 1,43\u201d<\/strong> o rozdzielczo\u015bci 466&#215;466 px zapewnia perfekcyjn\u0105 ostro\u015b\u0107 i doskona\u0142\u0105 widoczno\u015b\u0107 nawet w pe\u0142nym s\u0142o\u0144cu \u2013 niezale\u017cnie, czy jeste\u015b w biegu mi\u0119dzy spotkaniami, na treningu czy na szczycie g\u00f3rskiej wyprawy.\u00a0Bluetooth 5.2 i wbudowany mikrofon oraz g\u0142o\u015bnik sprawiaj\u0105, \u017ce telefon mo\u017ce zosta\u0107 w kieszeni \u2013 odbieraj i wykonuj po\u0142\u0105czenia bezpo\u015brednio z nadgarstka, zachowuj\u0105c pe\u0142n\u0105 mobilno\u015b\u0107. Solidna stalowa bransoleta i koperta z wytrzyma\u0142ego stopu metali nadaj\u0105 mu elegancki, ale jednocze\u015bnie sportowy charakter.\u00a0Dzi\u0119ki wodoszczelno\u015bci IP68 niestraszne mu deszcz, pot czy intensywny wysi\u0142ek, a wydajna bateria 250 mAh zapewnia do 5 dni pracy i 10 dni w trybie czuwania. Smartwatch idealnie wsp\u00f3\u0142pracuje z aplikacj\u0105 DaFit, synchronizuj\u0105c si\u0119 ze smartfonami Android i iOS, daj\u0105c Ci pe\u0142n\u0105 kontrol\u0119 nad powiadomieniami, aktywno\u015bci\u0105 i zdrowiem.<\/span><\/p>\n<\/div>\n<\/div>\n<\/div>\n<\/div>\n<div class=\"mb-2 flex gap-3 -ml-2\">\n<div class=\"flex items-center justify-start rounded-xl p-1\">\n<div>\n<div class=\"flex items-center\">\u00a0<\/div>\n<\/div>\n<\/div>\n<\/div>\n<p><span style=\"font-size: 12pt;\"><strong>Dane techniczne:<\/strong><\/span><\/p>\n<p>\u00a0<\/p>\n<ul style=\"list-style-type: square;\">\n<li><span style=\"font-size: 12pt;\"><strong>Wy\u015bwietlacz<\/strong> <strong>AMOLED HD <\/strong>w pe\u0142ni dotykowy <strong>1,43 cala<\/strong><\/span><\/li>\n<li><span style=\"font-size: 12pt;\">Wysoka rozdzielczo\u015b\u0107: <strong>466*466 pikseli &#8211; dobra widoczno\u015b\u0107 w s\u0142o\u0144cu<\/strong><\/span><span style=\"font-size: 12pt;\"><\/span><\/li>\n<li><span style=\"font-size: 12pt;\"><strong>ASYSTENT G\u0141OSOWY<\/strong><\/span><\/li>\n<li><span style=\"font-size: 12pt;\"><strong>Procesor:<\/strong> JL7012A6<\/span><\/li>\n<li><span style=\"font-size: 12pt;\"><strong>Bluetooth 5.2!<\/strong> ( oszcz\u0119dny i szybki )<\/span><\/li>\n<li><span style=\"font-size: 12pt;\"><strong>Odbieranie i wykonywanie po\u0142\u0105cze\u0144<\/strong> Bluetooth<\/span><span style=\"font-size: 12pt;\"><\/span><\/li>\n<li><span style=\"font-size: 12pt;\">Wodoszczelno\u015b\u0107 <strong>IP68<\/strong> : odporny na zachlapania<\/span><\/li>\n<li><span style=\"font-size: 12pt;\"><strong>Koperta:<\/strong> Wysokiej jako\u015bci stop metali<\/span><\/li>\n<li><span style=\"font-size: 12pt;\"><strong>Bransoleta: <\/strong>stalowa segmentowana<\/span><\/li>\n<li><span style=\"font-size: 12pt;\">Bateria:\u00a0<strong>250 mAh\u00a0<br \/><\/strong><\/span><\/li>\n<li><span style=\"font-size: 12pt;\">Czas pracy do 5 dni, czas czuwania do oko\u0142o 10 dni<\/span><\/li>\n<li><span style=\"font-size: 12pt;\">Karta pami\u0119ci: <strong>128 MB<\/strong><\/span><\/li>\n<li><span style=\"font-size: 12pt;\"><strong>Tryb \u0142adowania: <\/strong>kabel magnetyczny<\/span><\/li>\n<li><span style=\"font-size: 12pt;\">Wsp\u00f3\u0142praca z oprogramowaniem <strong>Android 5.0 i nowszy, iOS 9.0<\/strong> i nowszy<\/span><\/li>\n<li><span style=\"font-size: 12pt;\">Aplikacja: <strong>DaFit <\/strong>w j\u0119zyku polskim<\/span><\/li>\n<\/ul>\n<p>\u00a0<\/p>\n<p>\u00a0<\/p>\n<p><span style=\"font-size: 12pt;\"><strong>FUNKCJE Smartwatcha GRAVITY GT16:<\/p>\n<p><\/strong><\/span><\/p>\n<ul>\n<li style=\"font-size: 12pt;\"><span style=\"font-size: 12pt;\"><span style=\"font-family: verdana, geneva;\" class=\"def\">7 motyw\u00f3w menu<\/span><\/span><\/li>\n<li style=\"font-size: 12pt;\"><span style=\"font-size: 12pt;\"><span style=\"font-family: verdana, geneva;\" class=\"def\">Biblioteka tarcz<\/span><\/span><span style=\"font-size: 12pt;\"><span style=\"font-family: verdana, geneva;\" class=\"def\"><\/span><\/span><\/li>\n<li style=\"font-size: 12pt;\"><span style=\"font-size: 12pt;\"><span style=\"font-family: verdana, geneva;\" class=\"def\">Pomiar stresu<\/span><\/span><\/li>\n<li style=\"font-size: 12pt;\"><span style=\"font-size: 12pt;\"><span style=\"font-family: verdana, geneva;\" class=\"def\">Kalkulator<\/span><\/span><\/li>\n<li style=\"font-size: 12pt;\"><span style=\"font-size: 12pt;\"><span style=\"font-family: verdana, geneva;\" class=\"def\">Minutnik<\/span><\/span><\/li>\n<li class=\"def\" style=\"text-align: left; font-size: 12pt;\"><span style=\"font-size: 12pt; font-family: verdana, geneva;\" class=\"def\">Po\u0142\u0105czenia telefoniczne<\/span><\/li>\n<li class=\"def\" style=\"text-align: left; font-size: 12pt;\"><span style=\"font-size: 12pt; font-family: verdana, geneva;\" class=\"def\">Przez aplikacj\u0119 mo\u017cna wgra\u0107 w\u0142asne zdj\u0119cie na ekran<\/span><\/li>\n<li class=\"def\" style=\"text-align: left; font-size: 12pt;\"><span style=\"font-size: 12pt; font-family: verdana, geneva;\" class=\"def\">Krokomierz (liczy kroki, kalorie i przebyty dystans)<\/span><\/li>\n<li class=\"def\" style=\"text-align: left; font-size: 12pt;\"><span style=\"font-size: 12pt; font-family: verdana, geneva;\" class=\"def\">T\u0119tno (posiada historie wynik\u00f3w) <br class=\"def\"><\/span><\/li>\n<li class=\"def\" style=\"text-align: left; font-size: 12pt;\"><span style=\"font-size: 12pt; font-family: verdana, geneva;\" class=\"def\">Pomiar tlenu we krwi<br class=\"def\"><\/span><\/li>\n<li class=\"def\" style=\"text-align: left; font-size: 12pt;\"><span style=\"font-size: 12pt; font-family: verdana, geneva;\" class=\"def\">Ci\u015bnieniomierz<\/span><\/li>\n<li class=\"def\" style=\"text-align: left; font-size: 12pt;\"><span style=\"font-size: 12pt; font-family: verdana, geneva;\" class=\"def\">Monitor snu<\/span><\/li>\n<li class=\"def\" style=\"text-align: left; font-size: 12pt;\"><span style=\"font-size: 12pt; font-family: verdana, geneva;\" class=\"def\">Sterowanie muzyk\u0105<\/span><\/li>\n<li class=\"def\" style=\"text-align: left; font-size: 12pt;\"><span style=\"font-size: 12pt; font-family: verdana, geneva;\" class=\"def\">Sterowanie aparatem fotograficznym <br class=\"def\"><\/span><\/li>\n<li class=\"def\" style=\"text-align: left; font-size: 12pt;\"><span style=\"font-size: 12pt; font-family: verdana, geneva;\" class=\"def\">Tryby sportowe<br \/><\/span><\/li>\n<li class=\"def\" style=\"text-align: left; font-size: 12pt;\"><span style=\"font-size: 12pt; font-family: verdana, geneva;\" class=\"def\">Stoper<\/span><\/li>\n<li class=\"def\" style=\"text-align: left; font-size: 12pt;\"><span style=\"font-size: 12pt; font-family: verdana, geneva;\" class=\"def\">Po\u0142\u0105czenia przychodz\u0105ce <br class=\"def\"><\/span><\/li>\n<li class=\"def\" style=\"text-align: left; font-size: 12pt;\"><span style=\"font-family: verdana, geneva; font-size: 12pt;\" class=\"def\"><span class=\"def\">Powiadomienia <\/span><span class=\"def\">Facebook, SMS, WhatsApp, Skype, Twitter i inne <br class=\"def\"><\/span><\/span><\/li>\n<li class=\"def\" style=\"text-align: left; font-size: 12pt;\"><span style=\"font-size: 12pt; font-family: verdana, geneva;\" class=\"def\">Przypomnienie alarmu <br class=\"def\"><\/span><\/li>\n<li class=\"def\" style=\"text-align: left; font-size: 12pt;\"><span style=\"font-size: 12pt; font-family: verdana, geneva;\" class=\"def\">Przypomnienie o trybie siedz\u0105cym <br class=\"def\"><\/span><\/li>\n<li class=\"def\" style=\"text-align: left; font-size: 12pt;\"><span style=\"font-size: 12pt; font-family: verdana, geneva;\" class=\"def\">Pogoda<\/span><\/li>\n<li class=\"def\" style=\"text-align: left; font-size: 12pt;\"><span style=\"font-size: 12pt; font-family: verdana, geneva;\" class=\"def\">Budzik<\/span><\/li>\n<li class=\"def\" style=\"text-align: left; font-size: 12pt;\"><span style=\"font-size: 12pt; font-family: verdana, geneva;\" class=\"def\">Podnie\u015b, aby w\u0142\u0105czy\u0107 (w\u0142\u0105czenie zegarka podczas podniesienia r\u0119ki lub obr\u00f3cenia nadgarstka)<\/span><\/li>\n<li class=\"def\" style=\"text-align: left; font-size: 12pt;\"><span style=\"font-size: 12pt;\"><span style=\"font-family: verdana, geneva;\" class=\"def\">Znajd\u017a urz\u0105dzenie<\/span><span style=\"font-family: verdana, geneva;\" class=\"def\"><br \/><\/span><\/span><\/li>\n<li class=\"def\" style=\"text-align: left; font-size: 12pt;\"><span style=\"font-size: 12pt;\"><span style=\"font-family: verdana, geneva;\" class=\"def\">Asystent g\u0142osowy<\/span><\/span><\/li>\n<li class=\"def\" style=\"text-align: left; font-size: 12pt;\"><span style=\"font-size: 12pt; font-family: verdana, geneva;\" class=\"def\">Energooszcz\u0119dny Bluetooth 5.2<\/span><\/li>\n<\/ul>\n<p>\u00a0<\/p>\n<p>\u00a0<\/p>\n<p><strong><span style=\"font-size: 12pt;\">Wymiary GRAVITY GT16:<\/span><\/strong><\/p>\n<ul style=\"margin-top: 0cm;\" type=\"disc\">\n<li class=\"MsoNormal\" style=\"font-size: 12pt;\"><span style=\"font-size: 12pt;\">Wymiary koperty: 48 x 53 mm\u00a0<br \/><\/span><\/li>\n<li class=\"MsoNormal\" style=\"font-size: 12pt;\"><span style=\"font-size: 12pt;\">Grubo\u015b\u0107 koperty: 13 mm<\/span><\/li>\n<\/ul>\n<ul style=\"list-style-type: square;\">\n<li style=\"font-size: 12pt;\"><span style=\"font-size: 12pt;\">Bransoleta: 22 mm<\/span><\/li>\n<\/ul>\n<p>\u00a0<\/p>\n<p>\u00a0<\/p>\n<p>\u00a0<\/p>\n<p><span style=\"font-size: 12pt;\"><strong>KOLORYSTYKA Smartwatcha GRAVITY GT16-2<\/strong><\/span><\/p>\n<p>\u00a0<\/p>\n<ul style=\"list-style-type: square;\">\n<li style=\"font-size: 12pt;\"><span style=\"font-size: 12pt;\"><strong>KOPERTA:<\/strong> Black \/ Czarna<\/span><\/li>\n<li style=\"font-size: 12pt;\"><span style=\"font-size: 12pt;\"><strong>PIER\u015aCIE\u0143: <\/strong>Czarny + srebrne oznaczenia<\/span><\/li>\n<li style=\"font-size: 12pt;\"><span style=\"font-size: 12pt;\"><strong>BRANSOLETA:\u00a0<\/strong>Black \/ Czarna<\/span> segmentowana<\/li>\n<\/ul>\n<p>\u00a0<\/p>\n<p>\u00a0<\/p>\n<p>\u00a0<\/p>\n<p>\u00a0<\/p>\n<p><strong><span style=\"font-size: 12pt;\">W ZESTAWIE OTRZYMASZ:<\/span><\/strong><\/p>\n<ul>\n<li><span style=\"font-size: 12pt;\">Oryginalny zegarek marki GRAVITY<\/span><\/li>\n<li><span style=\"font-size: 12pt;\">Kabel do \u0142adowania z ko\u0144c\u00f3wk\u0105 USB<\/span><\/li>\n<li><span style=\"font-size: 12pt;\">Oryginalne pude\u0142ko<\/span><\/li>\n<li><span style=\"font-size: 12pt;\">Instrukcja obs\u0142ugi w j\u0119zyku polskim<\/span><\/li>\n<li><span style=\"font-size: 12pt;\">Karta gwarancyjna<\/span><\/li>\n<li><span style=\"font-size: 12pt;\">Przyrz\u0105d do skracania bransolety<\/span><span style=\"font-size: 12pt;\"><\/span><\/li>\n<\/ul>\n<p>\u00a0<\/p>\n<p>\u00a0<\/p>\n<p>\u00a0<\/p>\n<p data-start=\"0\" data-end=\"58\"><span style=\"font-size: 12pt;\"><strong data-start=\"0\" data-end=\"56\">SMARTWATCH GRAVITY \u2013 inteligencja, styl i niezawodno\u015b\u0107 w jednym zegarku<\/strong><\/span><\/p>\n<p data-start=\"60\" data-end=\"515\"><span style=\"font-size: 12pt;\">Marka <strong data-start=\"66\" data-end=\"77\">GRAVITY<\/strong> to wi\u0119cej ni\u017c smartwatch \u2013 to partner, kt\u00f3ry towarzyszy Ci w ka\u017cdym ruchu, pulsie i my\u015bli. Stworzony dla os\u00f3b, kt\u00f3re \u017cyj\u0105 aktywnie, ceni\u0105 innowacje i nie boj\u0105 si\u0119 wyzwa\u0144, \u0142\u0105czy nowoczesny design z najnowsz\u0105 technologi\u0105, pomagaj\u0105c osi\u0105ga\u0107 wi\u0119cej ka\u017cdego dnia. Zorganizowany co do minuty, monitoruje Tw\u00f3j rytm dobowy, przypomina o aktywno\u015bci i troszczy si\u0119 o zdrowie, oferuj\u0105c zaawansowane funkcje \u015bledzenia parametr\u00f3w cia\u0142a.<\/span><\/p>\n<p data-start=\"881\" data-end=\"1022\" data-is-last-node=\"\" data-is-only-node=\"\">\u00a0<\/p>\n<p>\u00a0<\/p>\n<p data-start=\"1256\" data-end=\"1356\" data-is-last-node=\"\"><span style=\"font-size: 12pt;\">\u00a0<\/span><\/p>","protected":false},"excerpt":{"rendered":"<p>\u00a0 Smartwatch M\u0119ski GRAVITY GT16-2 Black \/ Czarna Bransoleta Dla tych, kt\u00f3rzy nie maj\u0105 czasu na zb\u0119dne kompromisy \u2013 ten smartwatch to po\u0142\u0105czenie m\u0119skiego stylu, nowoczesnych technologii i niezawodnej wydajno\u015bci. W pe\u0142ni dotykowy ekran AMOLED HD 1,43\u201d o rozdzielczo\u015bci 466&#215;466 px zapewnia perfekcyjn\u0105 ostro\u015b\u0107 i doskona\u0142\u0105 widoczno\u015b\u0107 nawet w pe\u0142nym s\u0142o\u0144cu \u2013 niezale\u017cnie, czy jeste\u015b [&hellip;]<\/p>","protected":false},"featured_media":996323,"template":"","meta":{"_acf_changed":false},"product_brand":[],"product_cat":[4923,4835],"product_tag":[],"class_list":{"0":"post-996321","1":"product","2":"type-product","3":"status-publish","4":"has-post-thumbnail","6":"product_cat-gravity","7":"product_cat-smartwatch","9":"first","10":"instock","11":"taxable","12":"shipping-taxable","13":"purchasable","14":"product-type-simple"},"acf":[],"yoast_head":"<!-- This site is optimized with the Yoast SEO plugin v27.2 - https:\/\/yoast.com\/product\/yoast-seo-wordpress\/ -->\n<title>Smartwatch M\u0119ski GRAVITY GT16-2 Black \/ Czarna Bransoleta<\/title>\n<meta name=\"robots\" content=\"index, follow, max-snippet:-1, max-image-preview:large, max-video-preview:-1\" \/>\n<link rel=\"canonical\" href=\"https:\/\/pauzza.pl\/uk\/\u043f\u0440\u043e\u0434\u0443\u043a\u0442\/smartwatch-meski-gravity-gt16-2-black-czarna-bransoleta\/\" \/>\n<meta property=\"og:locale\" content=\"uk_UA\" \/>\n<meta property=\"og:type\" content=\"article\" \/>\n<meta property=\"og:title\" content=\"Smartwatch M\u0119ski GRAVITY GT16-2 Black \/ Czarna Bransoleta\" \/>\n<meta property=\"og:description\" content=\"\u00a0 Smartwatch M\u0119ski GRAVITY GT16-2 Black \/ Czarna Bransoleta Dla tych, kt\u00f3rzy nie maj\u0105 czasu na zb\u0119dne kompromisy \u2013 ten smartwatch to po\u0142\u0105czenie m\u0119skiego stylu, nowoczesnych technologii i niezawodnej wydajno\u015bci. W pe\u0142ni dotykowy ekran AMOLED HD 1,43\u201d o rozdzielczo\u015bci 466&#215;466 px zapewnia perfekcyjn\u0105 ostro\u015b\u0107 i doskona\u0142\u0105 widoczno\u015b\u0107 nawet w pe\u0142nym s\u0142o\u0144cu \u2013 niezale\u017cnie, czy jeste\u015b [&hellip;]\" \/>\n<meta property=\"og:url\" content=\"https:\/\/pauzza.pl\/uk\/\u043f\u0440\u043e\u0434\u0443\u043a\u0442\/smartwatch-meski-gravity-gt16-2-black-czarna-bransoleta\/\" \/>\n<meta property=\"og:site_name\" content=\"Sklep online z damsk\u0105 odzie\u017c\u0105 Pauzza: Damska odzie\u017c. Nowa Kolekcja\" \/>\n<meta property=\"article:modified_time\" content=\"2026-04-03T19:11:28+00:00\" \/>\n<meta property=\"og:image\" content=\"https:\/\/pauzza.pl\/wp-content\/uploads\/2025\/11\/21_max-167.jpg\" \/>\n\t<meta property=\"og:image:width\" content=\"701\" \/>\n\t<meta property=\"og:image:height\" content=\"1000\" \/>\n\t<meta property=\"og:image:type\" content=\"image\/jpeg\" \/>\n<meta name=\"twitter:card\" content=\"summary_large_image\" \/>\n<meta name=\"twitter:label1\" content=\"\u041f\u0440\u0438\u0431\u043b. \u0447\u0430\u0441 \u0447\u0438\u0442\u0430\u043d\u043d\u044f\" \/>\n\t<meta name=\"twitter:data1\" content=\"3 \u0445\u0432\u0438\u043b\u0438\u043d\u0438\" \/>\n<script type=\"application\/ld+json\" class=\"yoast-schema-graph\">{\"@context\":\"https:\/\/schema.org\",\"@graph\":[{\"@type\":\"WebPage\",\"@id\":\"https:\/\/pauzza.pl\/produkt\/smartwatch-meski-gravity-gt16-2-black-czarna-bransoleta\/\",\"url\":\"https:\/\/pauzza.pl\/produkt\/smartwatch-meski-gravity-gt16-2-black-czarna-bransoleta\/\",\"name\":\"Smartwatch M\u0119ski GRAVITY GT16-2 Black \/ Czarna Bransoleta\",\"isPartOf\":{\"@id\":\"https:\/\/pauzza.pl\/#website\"},\"primaryImageOfPage\":{\"@id\":\"https:\/\/pauzza.pl\/produkt\/smartwatch-meski-gravity-gt16-2-black-czarna-bransoleta\/#primaryimage\"},\"image\":{\"@id\":\"https:\/\/pauzza.pl\/produkt\/smartwatch-meski-gravity-gt16-2-black-czarna-bransoleta\/#primaryimage\"},\"thumbnailUrl\":\"https:\/\/pauzza.pl\/wp-content\/uploads\/2025\/11\/21_max-167.jpg\",\"datePublished\":\"2025-11-24T17:42:12+00:00\",\"dateModified\":\"2026-04-03T19:11:28+00:00\",\"breadcrumb\":{\"@id\":\"https:\/\/pauzza.pl\/produkt\/smartwatch-meski-gravity-gt16-2-black-czarna-bransoleta\/#breadcrumb\"},\"inLanguage\":\"uk\",\"potentialAction\":[{\"@type\":\"ReadAction\",\"target\":[\"https:\/\/pauzza.pl\/produkt\/smartwatch-meski-gravity-gt16-2-black-czarna-bransoleta\/\"]}]},{\"@type\":\"ImageObject\",\"inLanguage\":\"uk\",\"@id\":\"https:\/\/pauzza.pl\/produkt\/smartwatch-meski-gravity-gt16-2-black-czarna-bransoleta\/#primaryimage\",\"url\":\"https:\/\/pauzza.pl\/wp-content\/uploads\/2025\/11\/21_max-167.jpg\",\"contentUrl\":\"https:\/\/pauzza.pl\/wp-content\/uploads\/2025\/11\/21_max-167.jpg\",\"width\":701,\"height\":1000},{\"@type\":\"BreadcrumbList\",\"@id\":\"https:\/\/pauzza.pl\/produkt\/smartwatch-meski-gravity-gt16-2-black-czarna-bransoleta\/#breadcrumb\",\"itemListElement\":[{\"@type\":\"ListItem\",\"position\":1,\"name\":\"Strona g\u0142\u00f3wna\",\"item\":\"https:\/\/pauzza.pl\/\"},{\"@type\":\"ListItem\",\"position\":2,\"name\":\"Sklep\",\"item\":\"https:\/\/pauzza.pl\/sklep\/\"},{\"@type\":\"ListItem\",\"position\":3,\"name\":\"Smartwatch M\u0119ski GRAVITY GT16-2 Black \/ Czarna Bransoleta\"}]},{\"@type\":\"WebSite\",\"@id\":\"https:\/\/pauzza.pl\/#website\",\"url\":\"https:\/\/pauzza.pl\/\",\"name\":\"Sklep online z damsk\u0105 odzie\u017c\u0105 Pauzza: Damska odzie\u017c. Nowa Kolekcja\",\"description\":\"Je\u015bli chcesz zadba\u0107 o sw\u00f3j profesjonalny i pe\u0142en klasy wygl\u0105d w pracy butik online Pauzza, to strza\u0142 w dziesi\u0105tk\u0119! U nas znajdziesz szeroki wyb\u00f3r \u017cakiet\u00f3w, koszul, kurtek, sukienek, sp\u00f3dnic i wiele wiecej\",\"publisher\":{\"@id\":\"https:\/\/pauzza.pl\/#organization\"},\"potentialAction\":[{\"@type\":\"SearchAction\",\"target\":{\"@type\":\"EntryPoint\",\"urlTemplate\":\"https:\/\/pauzza.pl\/?s={search_term_string}\"},\"query-input\":{\"@type\":\"PropertyValueSpecification\",\"valueRequired\":true,\"valueName\":\"search_term_string\"}}],\"inLanguage\":\"uk\"},{\"@type\":\"Organization\",\"@id\":\"https:\/\/pauzza.pl\/#organization\",\"name\":\"Sklep online z damsk\u0105 odzie\u017c\u0105 Pauzza: Damska odzie\u017c. Nowa Kolekcja\",\"url\":\"https:\/\/pauzza.pl\/\",\"logo\":{\"@type\":\"ImageObject\",\"inLanguage\":\"uk\",\"@id\":\"https:\/\/pauzza.pl\/#\/schema\/logo\/image\/\",\"url\":\"https:\/\/pauzza.pl\/wp-content\/uploads\/2024\/01\/pauzzaw.png\",\"contentUrl\":\"https:\/\/pauzza.pl\/wp-content\/uploads\/2024\/01\/pauzzaw.png\",\"width\":350,\"height\":100,\"caption\":\"Sklep online z damsk\u0105 odzie\u017c\u0105 Pauzza: Damska odzie\u017c. Nowa Kolekcja\"},\"image\":{\"@id\":\"https:\/\/pauzza.pl\/#\/schema\/logo\/image\/\"}}]}<\/script>\n<!-- \/ Yoast SEO plugin. -->","yoast_head_json":{"title":"Smartwatch M\u0119ski GRAVITY GT16-2 Black \/ Czarna Bransoleta","robots":{"index":"index","follow":"follow","max-snippet":"max-snippet:-1","max-image-preview":"max-image-preview:large","max-video-preview":"max-video-preview:-1"},"canonical":"https:\/\/pauzza.pl\/uk\/\u043f\u0440\u043e\u0434\u0443\u043a\u0442\/smartwatch-meski-gravity-gt16-2-black-czarna-bransoleta\/","og_locale":"uk_UA","og_type":"article","og_title":"Smartwatch M\u0119ski GRAVITY GT16-2 Black \/ Czarna Bransoleta","og_description":"\u00a0 Smartwatch M\u0119ski GRAVITY GT16-2 Black \/ Czarna Bransoleta Dla tych, kt\u00f3rzy nie maj\u0105 czasu na zb\u0119dne kompromisy \u2013 ten smartwatch to po\u0142\u0105czenie m\u0119skiego stylu, nowoczesnych technologii i niezawodnej wydajno\u015bci. W pe\u0142ni dotykowy ekran AMOLED HD 1,43\u201d o rozdzielczo\u015bci 466&#215;466 px zapewnia perfekcyjn\u0105 ostro\u015b\u0107 i doskona\u0142\u0105 widoczno\u015b\u0107 nawet w pe\u0142nym s\u0142o\u0144cu \u2013 niezale\u017cnie, czy jeste\u015b [&hellip;]","og_url":"https:\/\/pauzza.pl\/uk\/\u043f\u0440\u043e\u0434\u0443\u043a\u0442\/smartwatch-meski-gravity-gt16-2-black-czarna-bransoleta\/","og_site_name":"Sklep online z damsk\u0105 odzie\u017c\u0105 Pauzza: Damska odzie\u017c. Nowa Kolekcja","article_modified_time":"2026-04-03T19:11:28+00:00","og_image":[{"width":701,"height":1000,"url":"https:\/\/pauzza.pl\/wp-content\/uploads\/2025\/11\/21_max-167.jpg","type":"image\/jpeg"}],"twitter_card":"summary_large_image","twitter_misc":{"\u041f\u0440\u0438\u0431\u043b. \u0447\u0430\u0441 \u0447\u0438\u0442\u0430\u043d\u043d\u044f":"3 \u0445\u0432\u0438\u043b\u0438\u043d\u0438"},"schema":{"@context":"https:\/\/schema.org","@graph":[{"@type":"WebPage","@id":"https:\/\/pauzza.pl\/produkt\/smartwatch-meski-gravity-gt16-2-black-czarna-bransoleta\/","url":"https:\/\/pauzza.pl\/produkt\/smartwatch-meski-gravity-gt16-2-black-czarna-bransoleta\/","name":"Smartwatch M\u0119ski GRAVITY GT16-2 Black \/ Czarna Bransoleta","isPartOf":{"@id":"https:\/\/pauzza.pl\/#website"},"primaryImageOfPage":{"@id":"https:\/\/pauzza.pl\/produkt\/smartwatch-meski-gravity-gt16-2-black-czarna-bransoleta\/#primaryimage"},"image":{"@id":"https:\/\/pauzza.pl\/produkt\/smartwatch-meski-gravity-gt16-2-black-czarna-bransoleta\/#primaryimage"},"thumbnailUrl":"https:\/\/pauzza.pl\/wp-content\/uploads\/2025\/11\/21_max-167.jpg","datePublished":"2025-11-24T17:42:12+00:00","dateModified":"2026-04-03T19:11:28+00:00","breadcrumb":{"@id":"https:\/\/pauzza.pl\/produkt\/smartwatch-meski-gravity-gt16-2-black-czarna-bransoleta\/#breadcrumb"},"inLanguage":"uk","potentialAction":[{"@type":"ReadAction","target":["https:\/\/pauzza.pl\/produkt\/smartwatch-meski-gravity-gt16-2-black-czarna-bransoleta\/"]}]},{"@type":"ImageObject","inLanguage":"uk","@id":"https:\/\/pauzza.pl\/produkt\/smartwatch-meski-gravity-gt16-2-black-czarna-bransoleta\/#primaryimage","url":"https:\/\/pauzza.pl\/wp-content\/uploads\/2025\/11\/21_max-167.jpg","contentUrl":"https:\/\/pauzza.pl\/wp-content\/uploads\/2025\/11\/21_max-167.jpg","width":701,"height":1000},{"@type":"BreadcrumbList","@id":"https:\/\/pauzza.pl\/produkt\/smartwatch-meski-gravity-gt16-2-black-czarna-bransoleta\/#breadcrumb","itemListElement":[{"@type":"ListItem","position":1,"name":"Strona g\u0142\u00f3wna","item":"https:\/\/pauzza.pl\/"},{"@type":"ListItem","position":2,"name":"Sklep","item":"https:\/\/pauzza.pl\/sklep\/"},{"@type":"ListItem","position":3,"name":"Smartwatch M\u0119ski GRAVITY GT16-2 Black \/ Czarna Bransoleta"}]},{"@type":"WebSite","@id":"https:\/\/pauzza.pl\/#website","url":"https:\/\/pauzza.pl\/","name":"\u0406\u043d\u0442\u0435\u0440\u043d\u0435\u0442 \u043c\u0430\u0433\u0430\u0437\u0438\u043d \u0436\u0456\u043d\u043e\u0447\u043e\u0433\u043e \u043e\u0434\u044f\u0433\u0443 Pauzza: \u0416\u0456\u043d\u043e\u0447\u0438\u0439 \u043e\u0434\u044f\u0433. \u041d\u043e\u0432\u0430 \u043a\u043e\u043b\u0435\u043a\u0446\u0456\u044f","description":"\u042f\u043a\u0449\u043e \u0432\u0438 \u0445\u043e\u0447\u0435\u0442\u0435 \u043f\u043e\u0434\u0431\u0430\u0442\u0438 \u043f\u0440\u043e \u0441\u0432\u0456\u0439 \u043f\u0440\u043e\u0444\u0435\u0441\u0456\u0439\u043d\u0438\u0439 \u0442\u0430 \u0441\u0442\u0438\u043b\u044c\u043d\u0438\u0439 \u0432\u0438\u0433\u043b\u044f\u0434 \u043d\u0430 \u0440\u043e\u0431\u043e\u0442\u0456, \u043e\u043d\u043b\u0430\u0439\u043d-\u0431\u0443\u0442\u0456\u043a Pauzza - \u0446\u0435 \u0445\u0456\u0442! \u0422\u0443\u0442 \u0432\u0438 \u0437\u043d\u0430\u0439\u0434\u0435\u0442\u0435 \u0448\u0438\u0440\u043e\u043a\u0438\u0439 \u0432\u0438\u0431\u0456\u0440 \u043f\u0456\u0434\u0436\u0430\u043a\u0456\u0432, \u0441\u043e\u0440\u043e\u0447\u043e\u043a, \u0436\u0430\u043a\u0435\u0442\u0456\u0432, \u0441\u0443\u043a\u043e\u043d\u044c, \u0441\u043f\u0456\u0434\u043d\u0438\u0446\u044c \u0442\u0430 \u0431\u0430\u0433\u0430\u0442\u043e \u0456\u043d\u0448\u043e\u0433\u043e.","publisher":{"@id":"https:\/\/pauzza.pl\/#organization"},"potentialAction":[{"@type":"SearchAction","target":{"@type":"EntryPoint","urlTemplate":"https:\/\/pauzza.pl\/?s={search_term_string}"},"query-input":{"@type":"PropertyValueSpecification","valueRequired":true,"valueName":"search_term_string"}}],"inLanguage":"uk"},{"@type":"Organization","@id":"https:\/\/pauzza.pl\/#organization","name":"\u0406\u043d\u0442\u0435\u0440\u043d\u0435\u0442 \u043c\u0430\u0433\u0430\u0437\u0438\u043d \u0436\u0456\u043d\u043e\u0447\u043e\u0433\u043e \u043e\u0434\u044f\u0433\u0443 Pauzza: \u0416\u0456\u043d\u043e\u0447\u0438\u0439 \u043e\u0434\u044f\u0433. \u041d\u043e\u0432\u0430 \u043a\u043e\u043b\u0435\u043a\u0446\u0456\u044f","url":"https:\/\/pauzza.pl\/","logo":{"@type":"ImageObject","inLanguage":"uk","@id":"https:\/\/pauzza.pl\/#\/schema\/logo\/image\/","url":"https:\/\/pauzza.pl\/wp-content\/uploads\/2024\/01\/pauzzaw.png","contentUrl":"https:\/\/pauzza.pl\/wp-content\/uploads\/2024\/01\/pauzzaw.png","width":350,"height":100,"caption":"Sklep online z damsk\u0105 odzie\u017c\u0105 Pauzza: Damska odzie\u017c. Nowa Kolekcja"},"image":{"@id":"https:\/\/pauzza.pl\/#\/schema\/logo\/image\/"}}]}},"_links":{"self":[{"href":"https:\/\/pauzza.pl\/uk\/wp-json\/wp\/v2\/product\/996321","targetHints":{"allow":["GET"]}}],"collection":[{"href":"https:\/\/pauzza.pl\/uk\/wp-json\/wp\/v2\/product"}],"about":[{"href":"https:\/\/pauzza.pl\/uk\/wp-json\/wp\/v2\/types\/product"}],"wp:featuredmedia":[{"embeddable":true,"href":"https:\/\/pauzza.pl\/uk\/wp-json\/wp\/v2\/media\/996323"}],"wp:attachment":[{"href":"https:\/\/pauzza.pl\/uk\/wp-json\/wp\/v2\/media?parent=996321"}],"wp:term":[{"taxonomy":"product_brand","embeddable":true,"href":"https:\/\/pauzza.pl\/uk\/wp-json\/wp\/v2\/product_brand?post=996321"},{"taxonomy":"product_cat","embeddable":true,"href":"https:\/\/pauzza.pl\/uk\/wp-json\/wp\/v2\/product_cat?post=996321"},{"taxonomy":"product_tag","embeddable":true,"href":"https:\/\/pauzza.pl\/uk\/wp-json\/wp\/v2\/product_tag?post=996321"}],"curies":[{"name":"wp","href":"https:\/\/api.w.org\/{rel}","templated":true}]}}