{"id":996221,"date":"2025-11-24T18:41:20","date_gmt":"2025-11-24T17:41:20","guid":{"rendered":"https:\/\/pauzza.pl\/produkt\/smartwatch-damski-gravity-gt12-6-fioletowy-pasek-silikonowy-srebrna-bransoleta\/"},"modified":"2026-04-09T15:47:47","modified_gmt":"2026-04-09T13:47:47","slug":"smartwatch-damski-gravity-gt12-6-fioletowy-pasek-silikonowy-srebrna-bransoleta","status":"publish","type":"product","link":"https:\/\/pauzza.pl\/uk\/%d0%bf%d1%80%d0%be%d0%b4%d1%83%d0%ba%d1%82\/smartwatch-damski-gravity-gt12-6-fioletowy-pasek-silikonowy-srebrna-bransoleta\/","title":{"rendered":"Smartwatch Damski GRAVITY GT12-6 Fioletowy Pasek Silikonowy + Srebrna Bransoleta"},"content":{"rendered":"<p class=\"def\"><strong><span style=\"font-size: 18pt;\"><br \/>Smartwatch Damski GRAVITY GT12-6 Fioletowy Pasek Silikonowy + Srebrna Bransoleta<br \/><\/span><\/strong><\/p>\n<p data-start=\"997\" data-end=\"1226\">\u00a0<\/p>\n<div class=\"flex max-w-full flex-col flex-grow\">\n<div class=\"min-h-8 text-message relative flex w-full flex-col items-end gap-2 whitespace-normal break-words text-start [.text-message+&amp;]:mt-5\" dir=\"auto\" data-message-author-role=\"assistant\" data-message-id=\"0b8044dd-5620-45bf-a6d7-21c8fcaa4d5c\" data-message-model-slug=\"gpt-4o\">\n<div class=\"flex w-full flex-col gap-1 empty:hidden first:pt-[3px]\">\n<div class=\"markdown prose w-full break-words dark:prose-invert light\">\n<p data-start=\"68\" data-end=\"471\"><span style=\"font-size: 12pt;\">W codziennym biegu mi\u0119dzy spotkaniami, treningiem a chwil\u0105 dla siebie, liczy si\u0119 <strong data-start=\"149\" data-end=\"193\">funkcjonalno\u015b\u0107, elegancja i niezawodno\u015b\u0107<\/strong> \u2013 i w\u0142a\u015bnie to oferuje smartwatch GRAVITY GT12. Pe\u0142ny dotykowy wy\u015bwietlacz AMOLED 1,43\u201d o wysokiej rozdzielczo\u015bci 466&#215;466 px zachwyca \u017cywymi kolorami i perfekcyjn\u0105 ostro\u015bci\u0105, podkre\u015blaj\u0105c nowoczesny design, kt\u00f3ry pasuje zar\u00f3wno do sportowych, jak i eleganckich stylizacji. Dzi\u0119ki Bluetooth 5.3 i funkcji odbierania i wykonywania po\u0142\u0105cze\u0144, Tw\u00f3j telefon mo\u017ce spokojnie zosta\u0107 w torebce \u2013 wbudowany mikrofon i g\u0142o\u015bnik zapewniaj\u0105 pe\u0142n\u0105 swobod\u0119 rozm\u00f3w. Asystent g\u0142osowy u\u0142atwia obs\u0142ug\u0119, a zaawansowany monitoring zdrowia \u2013 pulsometr, akcelerometr i analiza snu \u2013 dba o Twoj\u0105 kondycj\u0119 i regeneracj\u0119. Lekka, stylowa koperta (33,5g!) ze stopu metali w po\u0142\u0105czeniu z wytrzyma\u0142ym silikonowym paskiem lub eleganck\u0105 bransolet\u0105 mesh pozwala dopasowa\u0107 smartwatch do ka\u017cdej okazji. Wodoszczelno\u015b\u0107 IP68 gwarantuje odporno\u015b\u0107 na deszcz i intensywny tryb \u017cycia, a wydajna bateria 250 mAh zapewnia do 6 dni pracy na jednym \u0142adowaniu.<\/span><\/p>\n<p data-start=\"0\" data-end=\"965\" data-is-last-node=\"\" data-is-only-node=\"\">\u00a0<\/p>\n<\/div>\n<\/div>\n<\/div>\n<\/div>\n<div class=\"mb-2 flex gap-3 -ml-2\">\n<div class=\"flex items-center justify-start rounded-xl p-1\">\n<div>\n<div class=\"flex items-center\">\u00a0<\/div>\n<\/div>\n<\/div>\n<\/div>\n<p><span style=\"font-size: 12pt;\"><br \/><strong>Dane techniczne:<\/strong><\/span><\/p>\n<p>\u00a0<\/p>\n<ul style=\"list-style-type: square;\">\n<li><span style=\"font-size: 12pt;\"><strong>Wy\u015bwietlacz<\/strong> wysokiej jako\u015bci AMOLED cyfrowy, w pe\u0142ni dotykowy <strong>1,43 cala<\/strong><\/span><\/li>\n<li><span style=\"font-size: 12pt;\">Wysoka rozdzielczo\u015b\u0107: <strong>466*466 pikseli<\/strong><\/span><\/li>\n<li><span style=\"font-size: 12pt;\"><strong>Odbieranie i wykonywanie po\u0142\u0105cze\u0144<\/strong> Bluetooth<\/span><\/li>\n<li><span style=\"font-size: 12pt;\">ASYSTENT G\u0141OSOWY <strong>u\u0142atwiaj\u0105cy obs\u0142ug\u0119<\/strong><\/span><span style=\"font-size: 12pt;\"><br \/><\/span><\/li>\n<li><span style=\"font-size: 12pt;\"><strong>Procesor:<\/strong> JL7013A6<\/span><\/li>\n<li><span style=\"font-size: 12pt;\"><strong>Bluetooth 5.3!<\/strong> ( oszcz\u0119dny i szybki )<\/span><\/li>\n<li><span style=\"font-size: 12pt;\">Wodoszczelno\u015b\u0107 <strong>IP68<\/strong> : odporny na zachlapania<\/span><\/li>\n<li><span style=\"font-size: 12pt;\"><strong>Koperta:<\/strong> Wysokogatunkowy stop metali &#8211; o podwy\u017cszonej odporno\u015bci na \u015bcieranie<\/span><\/li>\n<li><span style=\"font-size: 12pt;\"><strong>Pasek:<\/strong> Pasek silikonowy &#8211; mocny, wytrzyma\u0142y<\/span><\/li>\n<li><span style=\"font-size: 12pt;\"><strong>Bransoleta:<\/strong> Stal szlachetna, typu mesh<\/span><\/li>\n<li><span style=\"font-size: 12pt;\">Mo\u017cliwo\u015b\u0107 wymiany paska\/bransolety \u00a0( 22mm )<\/span><\/li>\n<li><span style=\"font-size: 12pt;\">Super Bateria: <strong>250 mAh !<\/strong><\/span><\/li>\n<li><span style=\"font-size: 12pt;\">Czas pracy do 6 dni, czas czuwania do oko\u0142o 10 dni<\/span><\/li>\n<li><span style=\"font-size: 12pt;\">Karta pami\u0119ci: <strong>128 Mb<\/strong><\/span><\/li>\n<li><span style=\"font-size: 12pt;\"><strong>Tryb \u0142adowania: kabel magnetyczny<\/strong><\/span><\/li>\n<li><span style=\"font-size: 12pt;\">Wsp\u00f3\u0142praca z oprogramowaniem <strong>Android 5.0 i nowszy, iOS 9.0<\/strong> i nowszy<\/span><\/li>\n<li><span style=\"font-size: 12pt;\">Aplikacja: <strong>DaFit <\/strong>w j\u0119zyku polskim<\/span><\/li>\n<\/ul>\n<p>\u00a0<\/p>\n<p>\u00a0<\/p>\n<p>\u00a0<\/p>\n<p><span style=\"font-size: 12pt;\"><strong>FUNKCJE Smartwatcha GRAVITY GT12:<\/p>\n<p><\/strong><\/span><\/p>\n<ul>\n<li class=\"def\" style=\"text-align: left;\"><span style=\"font-size: 11pt; font-family: verdana, geneva;\" class=\"def\">Biblioteka tarcz<\/span><\/li>\n<li class=\"def\" style=\"text-align: left;\"><span style=\"font-size: 11pt; font-family: verdana, geneva;\" class=\"def\">8 motyw\u00f3w menu do wyboru<\/span><\/li>\n<li class=\"def\" style=\"text-align: left;\"><span style=\"font-size: 11pt; font-family: verdana, geneva;\" class=\"def\">Asystent g\u0142osowy<\/span><\/li>\n<li class=\"def\" style=\"text-align: left;\"><span style=\"font-size: 11pt; font-family: verdana, geneva;\" class=\"def\">Po\u0142\u0105czenia telefoniczne<\/span><\/li>\n<li class=\"def\" style=\"text-align: left;\"><span style=\"font-size: 11pt; font-family: verdana, geneva;\" class=\"def\">Przez aplikacj\u0119 mo\u017cna wgra\u0107 w\u0142asne zdj\u0119cie na ekran<\/span><\/li>\n<li class=\"def\" style=\"text-align: left;\"><span style=\"font-size: 11pt; font-family: verdana, geneva;\" class=\"def\">Cykl menstruacyjny<\/span><\/li>\n<li class=\"def\" style=\"text-align: left;\"><span style=\"font-size: 11pt; font-family: verdana, geneva;\" class=\"def\">Krokomierz (liczy kroki, kalorie i przebyty dystans)<\/span><\/li>\n<li class=\"def\" style=\"text-align: left;\"><span style=\"font-size: 11pt; font-family: verdana, geneva;\" class=\"def\">T\u0119tno (posiada historie wynik\u00f3w) <br class=\"def\"><\/span><\/li>\n<li class=\"def\" style=\"text-align: left;\"><span style=\"font-size: 11pt; font-family: verdana, geneva;\" class=\"def\">Pomiar tlenu we krwi<br class=\"def\"><\/span><\/li>\n<li class=\"def\" style=\"text-align: left;\"><span style=\"font-size: 11pt; font-family: verdana, geneva;\" class=\"def\">Ci\u015bnieniomierz<\/span><\/li>\n<li class=\"def\" style=\"text-align: left;\"><span style=\"font-size: 11pt; font-family: verdana, geneva;\" class=\"def\">Monitor snu<\/span><\/li>\n<li class=\"def\" style=\"text-align: left;\"><span style=\"font-size: 11pt; font-family: verdana, geneva;\" class=\"def\">Sterowanie muzyk\u0105<\/span><\/li>\n<li class=\"def\" style=\"text-align: left;\"><span style=\"font-size: 11pt; font-family: verdana, geneva;\" class=\"def\">Sterowanie aparatem fotograficznym <br class=\"def\"><\/span><\/li>\n<li class=\"def\" style=\"text-align: left;\"><span style=\"font-size: 11pt; font-family: verdana, geneva;\" class=\"def\">Tryby sportowe<br \/><\/span><\/li>\n<li class=\"def\" style=\"text-align: left;\"><span style=\"font-size: 11pt; font-family: verdana, geneva;\" class=\"def\">Stoper<\/span><\/li>\n<li class=\"def\" style=\"text-align: left;\"><span style=\"font-size: 11pt; font-family: verdana, geneva;\" class=\"def\">Po\u0142\u0105czenia przychodz\u0105ce <br class=\"def\"><\/span><\/li>\n<li class=\"def\" style=\"text-align: left;\"><span style=\"font-family: verdana, geneva; font-size: 11pt;\" class=\"def\"><span class=\"def\">Powiadomienia <\/span><span class=\"def\">Facebook, SMS, WhatsApp, Skype, Twitter i inne <br class=\"def\"><\/span><\/span><\/li>\n<li class=\"def\" style=\"text-align: left;\"><span style=\"font-size: 11pt; font-family: verdana, geneva;\" class=\"def\">Przypomnienie alarmu <br class=\"def\"><\/span><\/li>\n<li class=\"def\" style=\"text-align: left;\"><span style=\"font-size: 11pt; font-family: verdana, geneva;\" class=\"def\">Przypomnienie o trybie siedz\u0105cym <br class=\"def\"><\/span><\/li>\n<li class=\"def\" style=\"text-align: left;\"><span style=\"font-size: 11pt; font-family: verdana, geneva;\" class=\"def\">Pogoda<\/span><\/li>\n<li class=\"def\" style=\"text-align: left;\"><span style=\"font-size: 11pt; font-family: verdana, geneva;\" class=\"def\">Budzik<\/span><\/li>\n<li class=\"def\" style=\"text-align: left;\"><span style=\"font-size: 11pt; font-family: verdana, geneva;\" class=\"def\">Podnie\u015b, aby w\u0142\u0105czy\u0107 (w\u0142\u0105czenie zegarka podczas podniesienia r\u0119ki lub obr\u00f3cenia nadgarstka)<\/span><\/li>\n<li class=\"def\" style=\"text-align: left;\"><span style=\"font-size: 11pt; font-family: verdana, geneva;\" class=\"def\">Znajd\u017a urz\u0105dzenie<\/span><span style=\"font-size: 11pt; font-family: verdana, geneva;\" class=\"def\"><br \/><\/span><\/li>\n<li class=\"def\" style=\"text-align: left;\"><span style=\"font-size: 11pt; font-family: verdana, geneva;\" class=\"def\">Energooszcz\u0119dny Bluetooth 5.3<\/span><\/li>\n<\/ul>\n<p>\u00a0<\/p>\n<p>\u00a0<\/p>\n<p><strong><span style=\"font-size: 12pt;\">Wymiary GRAVITY GT12:<\/span><\/strong><\/p>\n<ul style=\"margin-top: 0cm;\" type=\"disc\">\n<li class=\"MsoNormal\" style=\"font-size: 12pt;\"><span style=\"font-size: 12pt;\">Wymiary koperty: 49 mm x 51 mm<\/span><\/li>\n<li class=\"MsoNormal\" style=\"font-size: 12pt;\"><span style=\"font-size: 12pt;\">Grubo\u015b\u0107 koperty:\u00a0 9 mm<\/span><\/li>\n<\/ul>\n<ul style=\"list-style-type: square;\">\n<li style=\"font-size: 12pt;\"><span style=\"font-size: 12pt;\">Bransoleta: 22 mm<\/span><\/li>\n<li style=\"font-size: 12pt;\"><span style=\"font-size: 12pt;\">Pasek: 22 mm<\/span><\/li>\n<\/ul>\n<p>\u00a0<\/p>\n<p>\u00a0<\/p>\n<p><strong><span style=\"font-size: 12pt;\">KOLORYSTYKA Smartwatcha GRAVITY GT12-6<\/span><\/strong><\/p>\n<p>\u00a0<\/p>\n<ul style=\"list-style-type: square;\">\n<li style=\"font-size: 12pt;\"><span style=\"font-size: 12pt;\"><strong>KOPERTA: <\/strong>Silver \/ srebrna<\/span><\/li>\n<li style=\"font-size: 12pt;\"><span style=\"font-size: 12pt;\"><strong>BRANSOLETA: <\/strong>Silver \/ srebrna<br \/><\/span><\/li>\n<li style=\"font-size: 12pt;\"><span style=\"font-size: 12pt;\"><strong>PASEK: <\/strong>Violet \/\u00a0 fioletowy<\/span><\/li>\n<\/ul>\n<p>\u00a0<\/p>\n<p>\u00a0<\/p>\n<p>\u00a0<\/p>\n<p><strong><span style=\"font-size: 12pt;\">W ZESTAWIE OTRZYMASZ:<\/span><\/strong><\/p>\n<ul>\n<li><span style=\"font-size: 12pt;\">Oryginalny zegarek <strong>marki GRAVITY<\/strong><\/span><\/li>\n<li><span style=\"font-size: 12pt;\"><strong>Bransoleta mesh <\/strong>&#8211; 1 szt<\/span><\/li>\n<li><span style=\"font-size: 12pt;\"><strong>Pasek silikonowy<\/strong> &#8211; 1 szt<\/span><\/li>\n<li><span style=\"font-size: 12pt;\">Kabel do \u0142adowania z ko\u0144c\u00f3wk\u0105 USB<\/span><\/li>\n<li><span style=\"font-size: 12pt;\">Oryginalne pude\u0142ko<\/span><\/li>\n<li><span style=\"font-size: 12pt;\">Instrukcja obs\u0142ugi w j\u0119zyku polskim<\/span><\/li>\n<li><span style=\"font-size: 12pt;\">Karta gwarancyjna<\/span><\/li>\n<\/ul>\n<p>\u00a0<\/p>\n<p>\u00a0<\/p>\n<p data-start=\"0\" data-end=\"58\"><span style=\"font-size: 12pt;\"><strong data-start=\"0\" data-end=\"56\">SMARTWATCH GRAVITY \u2013 inteligencja, styl i niezawodno\u015b\u0107 w jednym zegarku<\/strong><\/span><\/p>\n<p data-start=\"60\" data-end=\"515\"><span style=\"font-size: 12pt;\">Marka <strong data-start=\"66\" data-end=\"77\">GRAVITY<\/strong> to wi\u0119cej ni\u017c smartwatch \u2013 to partner, kt\u00f3ry towarzyszy Ci w ka\u017cdym ruchu, pulsie i my\u015bli. Stworzony dla os\u00f3b, kt\u00f3re \u017cyj\u0105 aktywnie, ceni\u0105 innowacje i nie boj\u0105 si\u0119 wyzwa\u0144, \u0142\u0105czy nowoczesny design z najnowsz\u0105 technologi\u0105, pomagaj\u0105c osi\u0105ga\u0107 wi\u0119cej ka\u017cdego dnia. Zorganizowany co do minuty, monitoruje Tw\u00f3j rytm dobowy, przypomina o aktywno\u015bci i troszczy si\u0119 o zdrowie, oferuj\u0105c zaawansowane funkcje \u015bledzenia parametr\u00f3w cia\u0142a.<\/span><\/p>\n<p data-start=\"881\" data-end=\"1022\" data-is-last-node=\"\" data-is-only-node=\"\">\u00a0<\/p>\n<p>\u00a0<\/p>\n<p data-start=\"1256\" data-end=\"1356\" data-is-last-node=\"\"><span style=\"font-size: 12pt;\">\u00a0<\/span><\/p>","protected":false},"excerpt":{"rendered":"<p>Smartwatch Damski GRAVITY GT12-6 Fioletowy Pasek Silikonowy + Srebrna Bransoleta \u00a0 W codziennym biegu mi\u0119dzy spotkaniami, treningiem a chwil\u0105 dla siebie, liczy si\u0119 funkcjonalno\u015b\u0107, elegancja i niezawodno\u015b\u0107 \u2013 i w\u0142a\u015bnie to oferuje smartwatch GRAVITY GT12. Pe\u0142ny dotykowy wy\u015bwietlacz AMOLED 1,43\u201d o wysokiej rozdzielczo\u015bci 466&#215;466 px zachwyca \u017cywymi kolorami i perfekcyjn\u0105 ostro\u015bci\u0105, podkre\u015blaj\u0105c nowoczesny design, kt\u00f3ry [&hellip;]<\/p>","protected":false},"featured_media":996223,"template":"","meta":{"_acf_changed":false},"product_brand":[],"product_cat":[4923,4835],"product_tag":[],"class_list":{"0":"post-996221","1":"product","2":"type-product","3":"status-publish","4":"has-post-thumbnail","6":"product_cat-gravity","7":"product_cat-smartwatch","9":"first","10":"instock","11":"taxable","12":"shipping-taxable","13":"purchasable","14":"product-type-simple"},"acf":[],"yoast_head":"<!-- This site is optimized with the Yoast SEO plugin v27.2 - https:\/\/yoast.com\/product\/yoast-seo-wordpress\/ -->\n<title>Smartwatch Damski GRAVITY GT12-6 Fioletowy Pasek Silikonowy + Srebrna Bransoleta<\/title>\n<meta name=\"robots\" content=\"index, follow, max-snippet:-1, max-image-preview:large, max-video-preview:-1\" \/>\n<link rel=\"canonical\" href=\"https:\/\/pauzza.pl\/uk\/\u043f\u0440\u043e\u0434\u0443\u043a\u0442\/smartwatch-damski-gravity-gt12-6-fioletowy-pasek-silikonowy-srebrna-bransoleta\/\" \/>\n<meta property=\"og:locale\" content=\"uk_UA\" \/>\n<meta property=\"og:type\" content=\"article\" \/>\n<meta property=\"og:title\" content=\"Smartwatch Damski GRAVITY GT12-6 Fioletowy Pasek Silikonowy + Srebrna Bransoleta\" \/>\n<meta property=\"og:description\" content=\"Smartwatch Damski GRAVITY GT12-6 Fioletowy Pasek Silikonowy + Srebrna Bransoleta \u00a0 W codziennym biegu mi\u0119dzy spotkaniami, treningiem a chwil\u0105 dla siebie, liczy si\u0119 funkcjonalno\u015b\u0107, elegancja i niezawodno\u015b\u0107 \u2013 i w\u0142a\u015bnie to oferuje smartwatch GRAVITY GT12. Pe\u0142ny dotykowy wy\u015bwietlacz AMOLED 1,43\u201d o wysokiej rozdzielczo\u015bci 466&#215;466 px zachwyca \u017cywymi kolorami i perfekcyjn\u0105 ostro\u015bci\u0105, podkre\u015blaj\u0105c nowoczesny design, kt\u00f3ry [&hellip;]\" \/>\n<meta property=\"og:url\" content=\"https:\/\/pauzza.pl\/uk\/\u043f\u0440\u043e\u0434\u0443\u043a\u0442\/smartwatch-damski-gravity-gt12-6-fioletowy-pasek-silikonowy-srebrna-bransoleta\/\" \/>\n<meta property=\"og:site_name\" content=\"Sklep online z damsk\u0105 odzie\u017c\u0105 Pauzza: Damska odzie\u017c. Nowa Kolekcja\" \/>\n<meta property=\"article:modified_time\" content=\"2026-04-09T13:47:47+00:00\" \/>\n<meta property=\"og:image\" content=\"https:\/\/pauzza.pl\/wp-content\/uploads\/2025\/11\/25_max-125.jpg\" \/>\n\t<meta property=\"og:image:width\" content=\"938\" \/>\n\t<meta property=\"og:image:height\" content=\"1000\" \/>\n\t<meta property=\"og:image:type\" content=\"image\/jpeg\" \/>\n<meta name=\"twitter:card\" content=\"summary_large_image\" \/>\n<meta name=\"twitter:label1\" content=\"\u041f\u0440\u0438\u0431\u043b. \u0447\u0430\u0441 \u0447\u0438\u0442\u0430\u043d\u043d\u044f\" \/>\n\t<meta name=\"twitter:data1\" content=\"3 \u0445\u0432\u0438\u043b\u0438\u043d\u0438\" \/>\n<script type=\"application\/ld+json\" class=\"yoast-schema-graph\">{\"@context\":\"https:\/\/schema.org\",\"@graph\":[{\"@type\":\"WebPage\",\"@id\":\"https:\/\/pauzza.pl\/produkt\/smartwatch-damski-gravity-gt12-6-fioletowy-pasek-silikonowy-srebrna-bransoleta\/\",\"url\":\"https:\/\/pauzza.pl\/produkt\/smartwatch-damski-gravity-gt12-6-fioletowy-pasek-silikonowy-srebrna-bransoleta\/\",\"name\":\"Smartwatch Damski GRAVITY GT12-6 Fioletowy Pasek Silikonowy + Srebrna Bransoleta\",\"isPartOf\":{\"@id\":\"https:\/\/pauzza.pl\/#website\"},\"primaryImageOfPage\":{\"@id\":\"https:\/\/pauzza.pl\/produkt\/smartwatch-damski-gravity-gt12-6-fioletowy-pasek-silikonowy-srebrna-bransoleta\/#primaryimage\"},\"image\":{\"@id\":\"https:\/\/pauzza.pl\/produkt\/smartwatch-damski-gravity-gt12-6-fioletowy-pasek-silikonowy-srebrna-bransoleta\/#primaryimage\"},\"thumbnailUrl\":\"https:\/\/pauzza.pl\/wp-content\/uploads\/2025\/11\/25_max-125.jpg\",\"datePublished\":\"2025-11-24T17:41:20+00:00\",\"dateModified\":\"2026-04-09T13:47:47+00:00\",\"breadcrumb\":{\"@id\":\"https:\/\/pauzza.pl\/produkt\/smartwatch-damski-gravity-gt12-6-fioletowy-pasek-silikonowy-srebrna-bransoleta\/#breadcrumb\"},\"inLanguage\":\"uk\",\"potentialAction\":[{\"@type\":\"ReadAction\",\"target\":[\"https:\/\/pauzza.pl\/produkt\/smartwatch-damski-gravity-gt12-6-fioletowy-pasek-silikonowy-srebrna-bransoleta\/\"]}]},{\"@type\":\"ImageObject\",\"inLanguage\":\"uk\",\"@id\":\"https:\/\/pauzza.pl\/produkt\/smartwatch-damski-gravity-gt12-6-fioletowy-pasek-silikonowy-srebrna-bransoleta\/#primaryimage\",\"url\":\"https:\/\/pauzza.pl\/wp-content\/uploads\/2025\/11\/25_max-125.jpg\",\"contentUrl\":\"https:\/\/pauzza.pl\/wp-content\/uploads\/2025\/11\/25_max-125.jpg\",\"width\":938,\"height\":1000},{\"@type\":\"BreadcrumbList\",\"@id\":\"https:\/\/pauzza.pl\/produkt\/smartwatch-damski-gravity-gt12-6-fioletowy-pasek-silikonowy-srebrna-bransoleta\/#breadcrumb\",\"itemListElement\":[{\"@type\":\"ListItem\",\"position\":1,\"name\":\"Strona g\u0142\u00f3wna\",\"item\":\"https:\/\/pauzza.pl\/\"},{\"@type\":\"ListItem\",\"position\":2,\"name\":\"Sklep\",\"item\":\"https:\/\/pauzza.pl\/sklep\/\"},{\"@type\":\"ListItem\",\"position\":3,\"name\":\"Smartwatch Damski GRAVITY GT12-6 Fioletowy Pasek Silikonowy + Srebrna Bransoleta\"}]},{\"@type\":\"WebSite\",\"@id\":\"https:\/\/pauzza.pl\/#website\",\"url\":\"https:\/\/pauzza.pl\/\",\"name\":\"Sklep online z damsk\u0105 odzie\u017c\u0105 Pauzza: Damska odzie\u017c. Nowa Kolekcja\",\"description\":\"Je\u015bli chcesz zadba\u0107 o sw\u00f3j profesjonalny i pe\u0142en klasy wygl\u0105d w pracy butik online Pauzza, to strza\u0142 w dziesi\u0105tk\u0119! U nas znajdziesz szeroki wyb\u00f3r \u017cakiet\u00f3w, koszul, kurtek, sukienek, sp\u00f3dnic i wiele wiecej\",\"publisher\":{\"@id\":\"https:\/\/pauzza.pl\/#organization\"},\"potentialAction\":[{\"@type\":\"SearchAction\",\"target\":{\"@type\":\"EntryPoint\",\"urlTemplate\":\"https:\/\/pauzza.pl\/?s={search_term_string}\"},\"query-input\":{\"@type\":\"PropertyValueSpecification\",\"valueRequired\":true,\"valueName\":\"search_term_string\"}}],\"inLanguage\":\"uk\"},{\"@type\":\"Organization\",\"@id\":\"https:\/\/pauzza.pl\/#organization\",\"name\":\"Sklep online z damsk\u0105 odzie\u017c\u0105 Pauzza: Damska odzie\u017c. Nowa Kolekcja\",\"url\":\"https:\/\/pauzza.pl\/\",\"logo\":{\"@type\":\"ImageObject\",\"inLanguage\":\"uk\",\"@id\":\"https:\/\/pauzza.pl\/#\/schema\/logo\/image\/\",\"url\":\"https:\/\/pauzza.pl\/wp-content\/uploads\/2024\/01\/pauzzaw.png\",\"contentUrl\":\"https:\/\/pauzza.pl\/wp-content\/uploads\/2024\/01\/pauzzaw.png\",\"width\":350,\"height\":100,\"caption\":\"Sklep online z damsk\u0105 odzie\u017c\u0105 Pauzza: Damska odzie\u017c. Nowa Kolekcja\"},\"image\":{\"@id\":\"https:\/\/pauzza.pl\/#\/schema\/logo\/image\/\"}}]}<\/script>\n<!-- \/ Yoast SEO plugin. -->","yoast_head_json":{"title":"Smartwatch Damski GRAVITY GT12-6 Fioletowy Pasek Silikonowy + Srebrna Bransoleta","robots":{"index":"index","follow":"follow","max-snippet":"max-snippet:-1","max-image-preview":"max-image-preview:large","max-video-preview":"max-video-preview:-1"},"canonical":"https:\/\/pauzza.pl\/uk\/\u043f\u0440\u043e\u0434\u0443\u043a\u0442\/smartwatch-damski-gravity-gt12-6-fioletowy-pasek-silikonowy-srebrna-bransoleta\/","og_locale":"uk_UA","og_type":"article","og_title":"Smartwatch Damski GRAVITY GT12-6 Fioletowy Pasek Silikonowy + Srebrna Bransoleta","og_description":"Smartwatch Damski GRAVITY GT12-6 Fioletowy Pasek Silikonowy + Srebrna Bransoleta \u00a0 W codziennym biegu mi\u0119dzy spotkaniami, treningiem a chwil\u0105 dla siebie, liczy si\u0119 funkcjonalno\u015b\u0107, elegancja i niezawodno\u015b\u0107 \u2013 i w\u0142a\u015bnie to oferuje smartwatch GRAVITY GT12. Pe\u0142ny dotykowy wy\u015bwietlacz AMOLED 1,43\u201d o wysokiej rozdzielczo\u015bci 466&#215;466 px zachwyca \u017cywymi kolorami i perfekcyjn\u0105 ostro\u015bci\u0105, podkre\u015blaj\u0105c nowoczesny design, kt\u00f3ry [&hellip;]","og_url":"https:\/\/pauzza.pl\/uk\/\u043f\u0440\u043e\u0434\u0443\u043a\u0442\/smartwatch-damski-gravity-gt12-6-fioletowy-pasek-silikonowy-srebrna-bransoleta\/","og_site_name":"Sklep online z damsk\u0105 odzie\u017c\u0105 Pauzza: Damska odzie\u017c. Nowa Kolekcja","article_modified_time":"2026-04-09T13:47:47+00:00","og_image":[{"width":938,"height":1000,"url":"https:\/\/pauzza.pl\/wp-content\/uploads\/2025\/11\/25_max-125.jpg","type":"image\/jpeg"}],"twitter_card":"summary_large_image","twitter_misc":{"\u041f\u0440\u0438\u0431\u043b. \u0447\u0430\u0441 \u0447\u0438\u0442\u0430\u043d\u043d\u044f":"3 \u0445\u0432\u0438\u043b\u0438\u043d\u0438"},"schema":{"@context":"https:\/\/schema.org","@graph":[{"@type":"WebPage","@id":"https:\/\/pauzza.pl\/produkt\/smartwatch-damski-gravity-gt12-6-fioletowy-pasek-silikonowy-srebrna-bransoleta\/","url":"https:\/\/pauzza.pl\/produkt\/smartwatch-damski-gravity-gt12-6-fioletowy-pasek-silikonowy-srebrna-bransoleta\/","name":"Smartwatch Damski GRAVITY GT12-6 Fioletowy Pasek Silikonowy + Srebrna Bransoleta","isPartOf":{"@id":"https:\/\/pauzza.pl\/#website"},"primaryImageOfPage":{"@id":"https:\/\/pauzza.pl\/produkt\/smartwatch-damski-gravity-gt12-6-fioletowy-pasek-silikonowy-srebrna-bransoleta\/#primaryimage"},"image":{"@id":"https:\/\/pauzza.pl\/produkt\/smartwatch-damski-gravity-gt12-6-fioletowy-pasek-silikonowy-srebrna-bransoleta\/#primaryimage"},"thumbnailUrl":"https:\/\/pauzza.pl\/wp-content\/uploads\/2025\/11\/25_max-125.jpg","datePublished":"2025-11-24T17:41:20+00:00","dateModified":"2026-04-09T13:47:47+00:00","breadcrumb":{"@id":"https:\/\/pauzza.pl\/produkt\/smartwatch-damski-gravity-gt12-6-fioletowy-pasek-silikonowy-srebrna-bransoleta\/#breadcrumb"},"inLanguage":"uk","potentialAction":[{"@type":"ReadAction","target":["https:\/\/pauzza.pl\/produkt\/smartwatch-damski-gravity-gt12-6-fioletowy-pasek-silikonowy-srebrna-bransoleta\/"]}]},{"@type":"ImageObject","inLanguage":"uk","@id":"https:\/\/pauzza.pl\/produkt\/smartwatch-damski-gravity-gt12-6-fioletowy-pasek-silikonowy-srebrna-bransoleta\/#primaryimage","url":"https:\/\/pauzza.pl\/wp-content\/uploads\/2025\/11\/25_max-125.jpg","contentUrl":"https:\/\/pauzza.pl\/wp-content\/uploads\/2025\/11\/25_max-125.jpg","width":938,"height":1000},{"@type":"BreadcrumbList","@id":"https:\/\/pauzza.pl\/produkt\/smartwatch-damski-gravity-gt12-6-fioletowy-pasek-silikonowy-srebrna-bransoleta\/#breadcrumb","itemListElement":[{"@type":"ListItem","position":1,"name":"Strona g\u0142\u00f3wna","item":"https:\/\/pauzza.pl\/"},{"@type":"ListItem","position":2,"name":"Sklep","item":"https:\/\/pauzza.pl\/sklep\/"},{"@type":"ListItem","position":3,"name":"Smartwatch Damski GRAVITY GT12-6 Fioletowy Pasek Silikonowy + Srebrna Bransoleta"}]},{"@type":"WebSite","@id":"https:\/\/pauzza.pl\/#website","url":"https:\/\/pauzza.pl\/","name":"\u0406\u043d\u0442\u0435\u0440\u043d\u0435\u0442 \u043c\u0430\u0433\u0430\u0437\u0438\u043d \u0436\u0456\u043d\u043e\u0447\u043e\u0433\u043e \u043e\u0434\u044f\u0433\u0443 Pauzza: \u0416\u0456\u043d\u043e\u0447\u0438\u0439 \u043e\u0434\u044f\u0433. \u041d\u043e\u0432\u0430 \u043a\u043e\u043b\u0435\u043a\u0446\u0456\u044f","description":"\u042f\u043a\u0449\u043e \u0432\u0438 \u0445\u043e\u0447\u0435\u0442\u0435 \u043f\u043e\u0434\u0431\u0430\u0442\u0438 \u043f\u0440\u043e \u0441\u0432\u0456\u0439 \u043f\u0440\u043e\u0444\u0435\u0441\u0456\u0439\u043d\u0438\u0439 \u0442\u0430 \u0441\u0442\u0438\u043b\u044c\u043d\u0438\u0439 \u0432\u0438\u0433\u043b\u044f\u0434 \u043d\u0430 \u0440\u043e\u0431\u043e\u0442\u0456, \u043e\u043d\u043b\u0430\u0439\u043d-\u0431\u0443\u0442\u0456\u043a Pauzza - \u0446\u0435 \u0445\u0456\u0442! \u0422\u0443\u0442 \u0432\u0438 \u0437\u043d\u0430\u0439\u0434\u0435\u0442\u0435 \u0448\u0438\u0440\u043e\u043a\u0438\u0439 \u0432\u0438\u0431\u0456\u0440 \u043f\u0456\u0434\u0436\u0430\u043a\u0456\u0432, \u0441\u043e\u0440\u043e\u0447\u043e\u043a, \u0436\u0430\u043a\u0435\u0442\u0456\u0432, \u0441\u0443\u043a\u043e\u043d\u044c, \u0441\u043f\u0456\u0434\u043d\u0438\u0446\u044c \u0442\u0430 \u0431\u0430\u0433\u0430\u0442\u043e \u0456\u043d\u0448\u043e\u0433\u043e.","publisher":{"@id":"https:\/\/pauzza.pl\/#organization"},"potentialAction":[{"@type":"SearchAction","target":{"@type":"EntryPoint","urlTemplate":"https:\/\/pauzza.pl\/?s={search_term_string}"},"query-input":{"@type":"PropertyValueSpecification","valueRequired":true,"valueName":"search_term_string"}}],"inLanguage":"uk"},{"@type":"Organization","@id":"https:\/\/pauzza.pl\/#organization","name":"\u0406\u043d\u0442\u0435\u0440\u043d\u0435\u0442 \u043c\u0430\u0433\u0430\u0437\u0438\u043d \u0436\u0456\u043d\u043e\u0447\u043e\u0433\u043e \u043e\u0434\u044f\u0433\u0443 Pauzza: \u0416\u0456\u043d\u043e\u0447\u0438\u0439 \u043e\u0434\u044f\u0433. \u041d\u043e\u0432\u0430 \u043a\u043e\u043b\u0435\u043a\u0446\u0456\u044f","url":"https:\/\/pauzza.pl\/","logo":{"@type":"ImageObject","inLanguage":"uk","@id":"https:\/\/pauzza.pl\/#\/schema\/logo\/image\/","url":"https:\/\/pauzza.pl\/wp-content\/uploads\/2024\/01\/pauzzaw.png","contentUrl":"https:\/\/pauzza.pl\/wp-content\/uploads\/2024\/01\/pauzzaw.png","width":350,"height":100,"caption":"Sklep online z damsk\u0105 odzie\u017c\u0105 Pauzza: Damska odzie\u017c. Nowa Kolekcja"},"image":{"@id":"https:\/\/pauzza.pl\/#\/schema\/logo\/image\/"}}]}},"_links":{"self":[{"href":"https:\/\/pauzza.pl\/uk\/wp-json\/wp\/v2\/product\/996221","targetHints":{"allow":["GET"]}}],"collection":[{"href":"https:\/\/pauzza.pl\/uk\/wp-json\/wp\/v2\/product"}],"about":[{"href":"https:\/\/pauzza.pl\/uk\/wp-json\/wp\/v2\/types\/product"}],"wp:featuredmedia":[{"embeddable":true,"href":"https:\/\/pauzza.pl\/uk\/wp-json\/wp\/v2\/media\/996223"}],"wp:attachment":[{"href":"https:\/\/pauzza.pl\/uk\/wp-json\/wp\/v2\/media?parent=996221"}],"wp:term":[{"taxonomy":"product_brand","embeddable":true,"href":"https:\/\/pauzza.pl\/uk\/wp-json\/wp\/v2\/product_brand?post=996221"},{"taxonomy":"product_cat","embeddable":true,"href":"https:\/\/pauzza.pl\/uk\/wp-json\/wp\/v2\/product_cat?post=996221"},{"taxonomy":"product_tag","embeddable":true,"href":"https:\/\/pauzza.pl\/uk\/wp-json\/wp\/v2\/product_tag?post=996221"}],"curies":[{"name":"wp","href":"https:\/\/api.w.org\/{rel}","templated":true}]}}