{"id":995467,"date":"2025-11-24T18:34:23","date_gmt":"2025-11-24T17:34:23","guid":{"rendered":"https:\/\/pauzza.pl\/produkt\/zegarek-meski-casio-mtp-1239d-1adf-box\/"},"modified":"2026-02-13T08:01:39","modified_gmt":"2026-02-13T07:01:39","slug":"zegarek-meski-casio-mtp-1239d-1adf-box","status":"publish","type":"product","link":"https:\/\/pauzza.pl\/uk\/%d0%bf%d1%80%d0%be%d0%b4%d1%83%d0%ba%d1%82\/zegarek-meski-casio-mtp-1239d-1adf-box\/","title":{"rendered":"Zegarek M\u0119ski CASIO MTP-1239D-1ADF + BOX"},"content":{"rendered":"<p class=\"def\"><strong><span style=\"font-size: 18pt;\"><br \/>Zegarek M\u0119ski CASIO MTP-1239D-1ADF + BOX<\/p>\n<p><\/span><\/strong><\/p>\n<p data-start=\"144\" data-end=\"451\"><span style=\"font-size: 12pt;\">Je\u015bli szukasz czasomierza, kt\u00f3ry bez zb\u0119dnych ozdobnik\u00f3w podkre\u015bli Tw\u00f3j styl, a jednocze\u015bnie b\u0119dzie <strong data-start=\"708\" data-end=\"736\">niezawodny i uniwersalny<\/strong>, ten model Casio to strza\u0142 w dziesi\u0105tk\u0119. Jego <strong data-start=\"147\" data-end=\"164\">czarna tarcza<\/strong> z delikatnymi, srebrnymi indeksami podkre\u015bla ponadczasowy design, zapewniaj\u0105c jednocze\u015bnie <strong data-start=\"256\" data-end=\"290\">czytelno\u015b\u0107 w ka\u017cdych warunkach<\/strong>. Smuk\u0142e wskaz\u00f3wki i subtelnie umieszczony datownik dni tygodnia i miesi\u0105ca to praktyczne, ale nienachalne detale, kt\u00f3re czyni\u0105 go <strong data-start=\"421\" data-end=\"483\">idealnym wyborem na co dzie\u0144 i na bardziej formalne okazje<\/strong>. Stalowa bransoleta dodaje zegarkowi m\u0119sko\u015bci, a jednocze\u015bnie gwarantuje wygod\u0119 i trwa\u0142o\u015b\u0107, co czyni go inwestycj\u0105 na lata. <\/span><\/p>\n<p class=\"def\">\u00a0<\/p>\n<p class=\"def\">\u00a0<\/p>\n<div class=\"additional-description__item additional-description__text\">\n<p class=\"def\" style=\"text-align: left;\"><span style=\"font-size: 11pt;\"><strong class=\"def\"><span class=\"def\"><span style=\"color: #222222;\" class=\"def\"><span style=\"font-family: 'Open Sans', sans-serif;\" class=\"def\"><span style=\"background-color: transparent;\" class=\"def\"><span style=\"font-family: verdana, geneva;\" class=\"def\">Opis produktu:<\/span><\/span><\/span><\/span><\/span><\/strong><\/span><\/p>\n<ul class=\"def\" style=\"text-align: left;\">\n<li class=\"def\" style=\"font-size: 12pt;\"><span style=\"font-size: 12pt;\"><strong>Marka:<\/strong> CASIO<\/span><\/li>\n<li class=\"def\" style=\"font-size: 12pt;\"><span style=\"font-size: 12pt;\"><strong>Model:<\/strong> MTP-1239D-1ADF<br \/><\/span><\/li>\n<li class=\"def\" style=\"font-size: 12pt;\"><span style=\"font-size: 12pt;\"><strong>Mechanizm:<\/strong> Precyzyjny kwarcowy z trzema wskaz\u00f3wkami: godzinow\u0105, minutow\u0105 i sekundow\u0105<\/span><\/li>\n<li class=\"def\" style=\"font-size: 12pt;\"><span style=\"font-size: 12pt;\"><strong>Tarcza:<\/strong> Analogowa <span style=\"font-size: medium;\" class=\"def\">z funkcj\u0105 daty dni miesi\u0105ca<\/span><br \/><\/span><\/li>\n<li class=\"def\" style=\"font-size: 12pt;\"><span style=\"font-size: 12pt;\"><strong>Koperta:<\/strong> Okr\u0105g\u0142a, wykonana z wysokiej jako\u015bci stali szlachetnej<\/span><\/li>\n<li class=\"def\" style=\"font-size: 12pt;\"><span style=\"font-size: 12pt;\"><strong>Szkie\u0142ko:<\/strong> Mineralne, odporne na zarysowania<\/span><\/li>\n<li class=\"def\" style=\"font-size: 12pt;\"><span style=\"font-size: 12pt;\"><strong>Bransoleta:<\/strong> Segmentowa, stal szlachetna o eleganckim wyko\u0144czeniu<\/span><\/li>\n<li class=\"def\" style=\"font-size: 12pt;\"><span style=\"font-size: 12pt;\"><strong>Wodoszczelno\u015b\u0107:<\/strong> <span style=\"background-color: transparent; font-size: 11pt;\" class=\"def\"><span class=\"def\"><span style=\"background-color: transparent;\" class=\"def\"><span style=\"font-family: verdana, geneva;\" class=\"def\">WR (Water Resistant)<\/span><\/span><\/span><\/span><br \/><\/span><\/li>\n<li class=\"def\" style=\"font-size: 12pt;\"><span style=\"font-size: 12pt;\"><strong>Antyalergiczny:<\/strong> Tak \u2013 nie zawiera niklu, bezpieczny dla sk\u00f3ry<\/span><\/li>\n<\/ul>\n<p>\u00a0<\/p>\n<p><span style=\"font-size: 11pt;\"><strong class=\"def\"><span class=\"def\"><span style=\"color: #222222;\" class=\"def\"><span style=\"font-family: 'Open Sans', sans-serif;\" class=\"def\"><span style=\"background-color: transparent;\" class=\"def\"><span style=\"font-family: verdana, geneva;\" class=\"def\">Wymiary zegarka w mm:<\/span><\/span><\/span><\/span><\/span><\/strong><\/span><\/p>\n<ul>\n<li style=\"font-size: 12pt;\"><span style=\"font-size: 12pt;\"><strong>Koperta:<\/strong> 38 mm <\/span><\/li>\n<li style=\"font-size: 12pt;\"><span style=\"font-size: 12pt;\"><strong>Tarcza:<\/strong> 30 mm <br \/><\/span><\/li>\n<li style=\"font-size: 12pt;\"><span style=\"font-size: 12pt;\"><strong>Grubo\u015b\u0107 koperty:<\/strong> 9 mm <br \/><\/span><\/li>\n<li style=\"font-size: 12pt;\"><span style=\"font-size: 12pt;\"><strong>Bransoleta:<\/strong> 20 mm szeroko\u015bci <br \/><\/span><\/li>\n<li style=\"font-size: 12pt;\"><span style=\"font-size: 12pt;\"><strong>Obw\u00f3d bransolety:<\/strong> <span class=\"value\">220 +\/- 5 mm<\/span> \u2013 mo\u017cliwo\u015b\u0107 regulacji dla idealnego dopasowania<br \/><\/span><span style=\"font-size: 12pt;\"><br \/><\/span><\/li>\n<\/ul>\n<p>\u00a0<\/p>\n<p><span style=\"background-color: transparent; font-size: 11pt;\" class=\"def\"><span style=\"font-family: verdana, geneva;\" class=\"def\"><span class=\"def\"><span style=\"font-size: 11pt;\"><strong class=\"def\"><span style=\"color: #222222;\" class=\"def\"><span style=\"font-family: 'Open Sans', sans-serif;\" class=\"def\"><span style=\"background-color: transparent;\" class=\"def\"><span style=\"font-family: verdana, geneva;\" class=\"def\">Kolorystyka:<\/span><\/span><\/span><\/span><\/strong><\/span><\/span><\/span><\/span><span style=\"background-color: transparent; font-size: 12pt;\" class=\"def\"><span style=\"font-family: verdana, geneva;\" class=\"def\"><span class=\"def\"><\/span><\/span><\/span><\/p>\n<ul class=\"def\">\n<li class=\"def\" style=\"text-align: left; font-size: 12pt;\"><span style=\"font-size: 12pt;\"><strong>Koperta:<\/strong> srebrna<\/span><\/li>\n<li class=\"def\" style=\"text-align: left; font-size: 12pt;\"><span style=\"font-size: 12pt;\"><strong>Tarcza:<\/strong> czarna\u00a0<br \/><\/span><\/li>\n<li class=\"def\" style=\"text-align: left; font-size: 12pt;\"><span style=\"font-size: 12pt;\"><strong>Indeksy: <\/strong>srebrne<\/span><\/li>\n<li class=\"def\" style=\"text-align: left; font-size: 12pt;\"><span style=\"font-size: 12pt;\"><strong>Wskaz\u00f3wki:<\/strong> srebrne<\/span><\/li>\n<li class=\"def\" style=\"text-align: left; font-size: 12pt;\"><span style=\"font-size: 12pt;\"><strong>Sekundnik:<\/strong> srebrny<\/span><\/li>\n<li class=\"def\" style=\"text-align: left; font-size: 12pt;\"><span style=\"font-size: 12pt;\"><strong>Bransoleta zegarka:<\/strong> srebrna, matowe wyko\u0144czenie<\/span><\/li>\n<\/ul>\n<\/div>\n<p>\u00a0<\/p>\n<p>\u00a0<\/p>\n<p><span style=\"font-size: 12pt;\"><strong><br \/>MECHANIZM KWARCOWY \u2013 NIEZAWODNA PRECYZJA KA\u017bDEGO DNIA<\/strong><\/span><\/p>\n<p><span style=\"font-size: 12pt;\">Mechanizm kwarcowy gwarantuje wysok\u0105 dok\u0142adno\u015b\u0107 pomiaru czasu, eliminuj\u0105c konieczno\u015b\u0107 codziennego nakr\u0119cania. Dzi\u0119ki temu zegarek jest niezwykle wygodny w u\u017cytkowaniu \u2013 wystarczy jedynie okresowa wymiana baterii. Dzi\u0119ki stabilnym drganiom kryszta\u0142u kwarcu, zegarek utrzymuje wyj\u0105tkow\u0105 dok\u0142adno\u015b\u0107 i niezawodno\u015b\u0107.<\/span><\/p>\n<p><span style=\"font-size: 12pt;\"><strong><br \/>MOC I TRWA\u0141O\u015a\u0106 BRANSOLETY<\/strong><\/span><\/p>\n<p><span style=\"font-size: 12pt;\">Wykonana z doskona\u0142ej stali nierdzewnej, kt\u00f3ra \u0142\u0105czy trwa\u0142o\u015b\u0107 z luksusowym wyko\u0144czeniem Jej solidna konstrukcja to nie tylko gwarancja niezawodno\u015bci, ale tak\u017ce pewno\u015b\u0107, \u017ce zegarek b\u0119dzie le\u017ce\u0107 idealnie, niezale\u017cnie od tego, co przyniesie dzie\u0144. Precyzyjne zapi\u0119cie z wyt\u0142oczonym logo dope\u0142nia ca\u0142o\u015bci, dodaj\u0105c nut\u0119 klasy i wyj\u0105tkowego charakteru. To bransoleta, kt\u00f3ra m\u00f3wi &#8222;si\u0142a&#8221; i &#8222;styl&#8221; jednym, zdecydowanym ruchem.<\/span><\/p>\n<p>\u00a0<\/p>\n<p><span style=\"font-size: 12pt;\"><strong>ZAPI\u0118CIE Tri-Folding Clasp \u00a0&#8211; WYGODA I BEZPIECZE\u0143STWO<br \/><\/strong><br \/>Sk\u0142ada si\u0119 z trzech segment\u00f3w, kt\u00f3re sk\u0142adaj\u0105 si\u0119 i rozk\u0142adaj\u0105 w spos\u00f3b zapewniaj\u0105cy bezpiecze\u0144stwo, wygod\u0119 i elegancki wygl\u0105d. Wielostopniowy mechanizm zapobiega przypadkowemu odpi\u0119ciu zegarka, a ca\u0142e zapi\u0119cie jest dyskretne i dobrze komponuje si\u0119 z bransolet\u0105.\u00a0<\/p>\n<p><\/span><\/p>\n<p><span style=\"font-size: 12pt;\"><strong>DATOWNIK &#8211; WSPARCIE W CODZIENNEJ ORGANIZACJI<br \/><\/strong><\/span><\/p>\n<p><span style=\"font-size: 12pt;\">Dyskretne okienko z datownikiem pozwala na szybki dost\u0119p do bie\u017c\u0105cej daty, bez potrzeby korzystania z telefonu czy dodatkowego urz\u0105dzenia. Subtelnie wkomponowany w tarcz\u0119 zegarka, idealnie wsp\u00f3\u0142gra z jego unikalnym stylem, a automatyczna zmiana daty o p\u00f3\u0142nocy gwarantuje, \u017ce informacje s\u0105 zawsze aktualne.<\/span><\/p>\n<p>\u00a0<\/p>\n<div class=\"additional-description__item additional-description__text\">\n<div class=\"additional-description__item additional-description__text\">\n<p><span style=\"font-size: 12pt;\"><strong>WODOSZCZELNO\u015a\u0106 WR (WATER RESISTANT)<\/strong><\/span><\/p>\n<p><span style=\"font-size: 12pt;\">Oferuje ochron\u0119 i niezawodno\u015b\u0107, kt\u00f3re s\u0105 niezb\u0119dne w codziennych sytuacjach. Wodoodporno\u015b\u0107 na poziomie WR to cecha, kt\u00f3ra oferuje szereg korzy\u015bci w codziennym u\u017cytkowaniu. Taki zegarek jest wystarczaj\u0105co odporny na wod\u0119 na tyle, aby sprosta\u0107 wielu typowym sytuacjom, kt\u00f3re mog\u0105 si\u0119 zdarzy\u0107 na co dzie\u0144: np. nag\u0142e opady deszczu czy kontakt z wod\u0105 podczas przypadkowych zachlapa\u0144.<\/span><\/p>\n<\/div>\n<\/div>\n<p>\u00a0<\/p>\n<div class=\"additional-description__item additional-description__text\">\n<div class=\"additional-description__item additional-description__text\">\n<p><strong><span style=\"font-size: 12pt;\">ZESTAW ZAWIERA:<\/span><\/strong><\/p>\n<ul>\n<li style=\"font-size: 12pt;\"><span style=\"font-size: 12pt;\">Oryginalny zegarek marki CASIO<\/span><\/li>\n<li><span style=\"font-size: 12pt;\">Firmowe pude\u0142ko CASIO <\/span><span style=\"font-size: 12pt;\"><\/span><span style=\"font-size: 12pt;\"><br \/><\/span><\/li>\n<\/ul>\n<ul>\n<li style=\"font-size: 12pt;\"><span style=\"font-size: 12pt;\">Kart\u0119 gwarancyjn\u0105 z instrukcj\u0105 obs\u0142ugi<\/span><\/li>\n<\/ul>\n<\/div>\n<\/div>\n<p>\u00a0<\/p>\n<div class=\"additional-description__item additional-description__text\">\n<div class=\"additional-description__item additional-description__image\">\u00a0<\/div>\n<div class=\"additional-description__item additional-description__text\">\n<p><strong><span style=\"font-size: 12pt;\">ZEGAREK CASIO &#8211; CZAS W NAJLEPSZYM WYDANIU<\/span><\/strong><\/p>\n<p><span style=\"font-size: 12pt;\">Marka Casio to legenda, kt\u00f3ra zacz\u0119\u0142a si\u0119 w latach 70., gdy \u015bwiat pozna\u0142 pierwsze innowacyjne zegarki elektroniczne, redefiniuj\u0105ce podej\u015bcie do czasu. Od tamtego momentu Casio nieustannie wyznacza nowe standardy jako\u015bci, precyzji i technologii, tworz\u0105c modele, kt\u00f3re przetrwaj\u0105 pr\u00f3b\u0119 czasu \u2013 zar\u00f3wno pod wzgl\u0119dem stylu, jak i wytrzyma\u0142o\u015bci. Ka\u017cdy zegarek Casio, od klasycznego G-Shock po eleganckie, minimalistyczne modele, jest symbolem niezawodno\u015bci, na kt\u00f3rym mo\u017cna polega\u0107 w ka\u017cdej sytuacji.<\/span><\/p>\n<p><span style=\"font-size: 12pt;\">Dzi\u0119ki wyj\u0105tkowej dba\u0142o\u015bci o detale i rygorystycznym testom wytrzyma\u0142o\u015bciowym, Casio oferuje czasomierze, kt\u00f3re zyska\u0142y miano &#8222;zegark\u00f3w na pokolenia&#8221;. To marka, kt\u00f3rej zaufa\u0142y miliony ludzi na ca\u0142ym \u015bwiecie, od globtroter\u00f3w, przez sportowc\u00f3w, a\u017c po osoby poszukuj\u0105ce codziennej elegancji. Casio to nie tylko zegarek \u2013 to trwa\u0142o\u015b\u0107, innowacja i historia wpisana w ka\u017cd\u0105 sekund\u0119.<\/span><\/p>\n<p>\u00a0<\/p>\n<\/div>\n<\/div>","protected":false},"excerpt":{"rendered":"<p>Zegarek M\u0119ski CASIO MTP-1239D-1ADF + BOX Je\u015bli szukasz czasomierza, kt\u00f3ry bez zb\u0119dnych ozdobnik\u00f3w podkre\u015bli Tw\u00f3j styl, a jednocze\u015bnie b\u0119dzie niezawodny i uniwersalny, ten model Casio to strza\u0142 w dziesi\u0105tk\u0119. Jego czarna tarcza z delikatnymi, srebrnymi indeksami podkre\u015bla ponadczasowy design, zapewniaj\u0105c jednocze\u015bnie czytelno\u015b\u0107 w ka\u017cdych warunkach. Smuk\u0142e wskaz\u00f3wki i subtelnie umieszczony datownik dni tygodnia i miesi\u0105ca [&hellip;]<\/p>","protected":false},"featured_media":995469,"template":"","meta":{"_acf_changed":false},"product_brand":[],"product_cat":[4858,4881,4838],"product_tag":[],"class_list":{"0":"post-995467","1":"product","2":"type-product","3":"status-publish","4":"has-post-thumbnail","6":"product_cat-casio","7":"product_cat-na-bransolecie-casio-zegarki-damskie","8":"product_cat-zegarki-damskie","10":"first","11":"outofstock","12":"taxable","13":"shipping-taxable","14":"purchasable","15":"product-type-simple"},"acf":[],"yoast_head":"<!-- This site is optimized with the Yoast SEO plugin v27.2 - https:\/\/yoast.com\/product\/yoast-seo-wordpress\/ -->\n<title>Zegarek M\u0119ski CASIO MTP-1239D-1ADF + BOX<\/title>\n<meta name=\"robots\" content=\"index, follow, max-snippet:-1, max-image-preview:large, max-video-preview:-1\" \/>\n<link rel=\"canonical\" href=\"https:\/\/pauzza.pl\/uk\/\u043f\u0440\u043e\u0434\u0443\u043a\u0442\/zegarek-meski-casio-mtp-1239d-1adf-box\/\" \/>\n<meta property=\"og:locale\" content=\"uk_UA\" \/>\n<meta property=\"og:type\" content=\"article\" \/>\n<meta property=\"og:title\" content=\"Zegarek M\u0119ski CASIO MTP-1239D-1ADF + BOX\" \/>\n<meta property=\"og:description\" content=\"Zegarek M\u0119ski CASIO MTP-1239D-1ADF + BOX Je\u015bli szukasz czasomierza, kt\u00f3ry bez zb\u0119dnych ozdobnik\u00f3w podkre\u015bli Tw\u00f3j styl, a jednocze\u015bnie b\u0119dzie niezawodny i uniwersalny, ten model Casio to strza\u0142 w dziesi\u0105tk\u0119. Jego czarna tarcza z delikatnymi, srebrnymi indeksami podkre\u015bla ponadczasowy design, zapewniaj\u0105c jednocze\u015bnie czytelno\u015b\u0107 w ka\u017cdych warunkach. Smuk\u0142e wskaz\u00f3wki i subtelnie umieszczony datownik dni tygodnia i miesi\u0105ca [&hellip;]\" \/>\n<meta property=\"og:url\" content=\"https:\/\/pauzza.pl\/uk\/\u043f\u0440\u043e\u0434\u0443\u043a\u0442\/zegarek-meski-casio-mtp-1239d-1adf-box\/\" \/>\n<meta property=\"og:site_name\" content=\"Sklep online z damsk\u0105 odzie\u017c\u0105 Pauzza: Damska odzie\u017c. Nowa Kolekcja\" \/>\n<meta property=\"article:modified_time\" content=\"2026-02-13T07:01:39+00:00\" \/>\n<meta property=\"og:image\" content=\"https:\/\/pauzza.pl\/wp-content\/uploads\/2025\/11\/98_max-21.jpg\" \/>\n\t<meta property=\"og:image:width\" content=\"669\" \/>\n\t<meta property=\"og:image:height\" content=\"1070\" \/>\n\t<meta property=\"og:image:type\" content=\"image\/jpeg\" \/>\n<meta name=\"twitter:card\" content=\"summary_large_image\" \/>\n<meta name=\"twitter:label1\" content=\"\u041f\u0440\u0438\u0431\u043b. \u0447\u0430\u0441 \u0447\u0438\u0442\u0430\u043d\u043d\u044f\" \/>\n\t<meta name=\"twitter:data1\" content=\"3 \u0445\u0432\u0438\u043b\u0438\u043d\u0438\" \/>\n<script type=\"application\/ld+json\" class=\"yoast-schema-graph\">{\"@context\":\"https:\/\/schema.org\",\"@graph\":[{\"@type\":\"WebPage\",\"@id\":\"https:\/\/pauzza.pl\/produkt\/zegarek-meski-casio-mtp-1239d-1adf-box\/\",\"url\":\"https:\/\/pauzza.pl\/produkt\/zegarek-meski-casio-mtp-1239d-1adf-box\/\",\"name\":\"Zegarek M\u0119ski CASIO MTP-1239D-1ADF + BOX\",\"isPartOf\":{\"@id\":\"https:\/\/pauzza.pl\/#website\"},\"primaryImageOfPage\":{\"@id\":\"https:\/\/pauzza.pl\/produkt\/zegarek-meski-casio-mtp-1239d-1adf-box\/#primaryimage\"},\"image\":{\"@id\":\"https:\/\/pauzza.pl\/produkt\/zegarek-meski-casio-mtp-1239d-1adf-box\/#primaryimage\"},\"thumbnailUrl\":\"https:\/\/pauzza.pl\/wp-content\/uploads\/2025\/11\/98_max-21.jpg\",\"datePublished\":\"2025-11-24T17:34:23+00:00\",\"dateModified\":\"2026-02-13T07:01:39+00:00\",\"breadcrumb\":{\"@id\":\"https:\/\/pauzza.pl\/produkt\/zegarek-meski-casio-mtp-1239d-1adf-box\/#breadcrumb\"},\"inLanguage\":\"uk\",\"potentialAction\":[{\"@type\":\"ReadAction\",\"target\":[\"https:\/\/pauzza.pl\/produkt\/zegarek-meski-casio-mtp-1239d-1adf-box\/\"]}]},{\"@type\":\"ImageObject\",\"inLanguage\":\"uk\",\"@id\":\"https:\/\/pauzza.pl\/produkt\/zegarek-meski-casio-mtp-1239d-1adf-box\/#primaryimage\",\"url\":\"https:\/\/pauzza.pl\/wp-content\/uploads\/2025\/11\/98_max-21.jpg\",\"contentUrl\":\"https:\/\/pauzza.pl\/wp-content\/uploads\/2025\/11\/98_max-21.jpg\",\"width\":669,\"height\":1070},{\"@type\":\"BreadcrumbList\",\"@id\":\"https:\/\/pauzza.pl\/produkt\/zegarek-meski-casio-mtp-1239d-1adf-box\/#breadcrumb\",\"itemListElement\":[{\"@type\":\"ListItem\",\"position\":1,\"name\":\"Strona g\u0142\u00f3wna\",\"item\":\"https:\/\/pauzza.pl\/\"},{\"@type\":\"ListItem\",\"position\":2,\"name\":\"Sklep\",\"item\":\"https:\/\/pauzza.pl\/sklep\/\"},{\"@type\":\"ListItem\",\"position\":3,\"name\":\"Zegarek M\u0119ski CASIO MTP-1239D-1ADF + BOX\"}]},{\"@type\":\"WebSite\",\"@id\":\"https:\/\/pauzza.pl\/#website\",\"url\":\"https:\/\/pauzza.pl\/\",\"name\":\"Sklep online z damsk\u0105 odzie\u017c\u0105 Pauzza: Damska odzie\u017c. Nowa Kolekcja\",\"description\":\"Je\u015bli chcesz zadba\u0107 o sw\u00f3j profesjonalny i pe\u0142en klasy wygl\u0105d w pracy butik online Pauzza, to strza\u0142 w dziesi\u0105tk\u0119! U nas znajdziesz szeroki wyb\u00f3r \u017cakiet\u00f3w, koszul, kurtek, sukienek, sp\u00f3dnic i wiele wiecej\",\"publisher\":{\"@id\":\"https:\/\/pauzza.pl\/#organization\"},\"potentialAction\":[{\"@type\":\"SearchAction\",\"target\":{\"@type\":\"EntryPoint\",\"urlTemplate\":\"https:\/\/pauzza.pl\/?s={search_term_string}\"},\"query-input\":{\"@type\":\"PropertyValueSpecification\",\"valueRequired\":true,\"valueName\":\"search_term_string\"}}],\"inLanguage\":\"uk\"},{\"@type\":\"Organization\",\"@id\":\"https:\/\/pauzza.pl\/#organization\",\"name\":\"Sklep online z damsk\u0105 odzie\u017c\u0105 Pauzza: Damska odzie\u017c. Nowa Kolekcja\",\"url\":\"https:\/\/pauzza.pl\/\",\"logo\":{\"@type\":\"ImageObject\",\"inLanguage\":\"uk\",\"@id\":\"https:\/\/pauzza.pl\/#\/schema\/logo\/image\/\",\"url\":\"https:\/\/pauzza.pl\/wp-content\/uploads\/2024\/01\/pauzzaw.png\",\"contentUrl\":\"https:\/\/pauzza.pl\/wp-content\/uploads\/2024\/01\/pauzzaw.png\",\"width\":350,\"height\":100,\"caption\":\"Sklep online z damsk\u0105 odzie\u017c\u0105 Pauzza: Damska odzie\u017c. Nowa Kolekcja\"},\"image\":{\"@id\":\"https:\/\/pauzza.pl\/#\/schema\/logo\/image\/\"}}]}<\/script>\n<!-- \/ Yoast SEO plugin. -->","yoast_head_json":{"title":"Zegarek M\u0119ski CASIO MTP-1239D-1ADF + BOX","robots":{"index":"index","follow":"follow","max-snippet":"max-snippet:-1","max-image-preview":"max-image-preview:large","max-video-preview":"max-video-preview:-1"},"canonical":"https:\/\/pauzza.pl\/uk\/\u043f\u0440\u043e\u0434\u0443\u043a\u0442\/zegarek-meski-casio-mtp-1239d-1adf-box\/","og_locale":"uk_UA","og_type":"article","og_title":"Zegarek M\u0119ski CASIO MTP-1239D-1ADF + BOX","og_description":"Zegarek M\u0119ski CASIO MTP-1239D-1ADF + BOX Je\u015bli szukasz czasomierza, kt\u00f3ry bez zb\u0119dnych ozdobnik\u00f3w podkre\u015bli Tw\u00f3j styl, a jednocze\u015bnie b\u0119dzie niezawodny i uniwersalny, ten model Casio to strza\u0142 w dziesi\u0105tk\u0119. Jego czarna tarcza z delikatnymi, srebrnymi indeksami podkre\u015bla ponadczasowy design, zapewniaj\u0105c jednocze\u015bnie czytelno\u015b\u0107 w ka\u017cdych warunkach. Smuk\u0142e wskaz\u00f3wki i subtelnie umieszczony datownik dni tygodnia i miesi\u0105ca [&hellip;]","og_url":"https:\/\/pauzza.pl\/uk\/\u043f\u0440\u043e\u0434\u0443\u043a\u0442\/zegarek-meski-casio-mtp-1239d-1adf-box\/","og_site_name":"Sklep online z damsk\u0105 odzie\u017c\u0105 Pauzza: Damska odzie\u017c. Nowa Kolekcja","article_modified_time":"2026-02-13T07:01:39+00:00","og_image":[{"width":669,"height":1070,"url":"https:\/\/pauzza.pl\/wp-content\/uploads\/2025\/11\/98_max-21.jpg","type":"image\/jpeg"}],"twitter_card":"summary_large_image","twitter_misc":{"\u041f\u0440\u0438\u0431\u043b. \u0447\u0430\u0441 \u0447\u0438\u0442\u0430\u043d\u043d\u044f":"3 \u0445\u0432\u0438\u043b\u0438\u043d\u0438"},"schema":{"@context":"https:\/\/schema.org","@graph":[{"@type":"WebPage","@id":"https:\/\/pauzza.pl\/produkt\/zegarek-meski-casio-mtp-1239d-1adf-box\/","url":"https:\/\/pauzza.pl\/produkt\/zegarek-meski-casio-mtp-1239d-1adf-box\/","name":"Zegarek M\u0119ski CASIO MTP-1239D-1ADF + BOX","isPartOf":{"@id":"https:\/\/pauzza.pl\/#website"},"primaryImageOfPage":{"@id":"https:\/\/pauzza.pl\/produkt\/zegarek-meski-casio-mtp-1239d-1adf-box\/#primaryimage"},"image":{"@id":"https:\/\/pauzza.pl\/produkt\/zegarek-meski-casio-mtp-1239d-1adf-box\/#primaryimage"},"thumbnailUrl":"https:\/\/pauzza.pl\/wp-content\/uploads\/2025\/11\/98_max-21.jpg","datePublished":"2025-11-24T17:34:23+00:00","dateModified":"2026-02-13T07:01:39+00:00","breadcrumb":{"@id":"https:\/\/pauzza.pl\/produkt\/zegarek-meski-casio-mtp-1239d-1adf-box\/#breadcrumb"},"inLanguage":"uk","potentialAction":[{"@type":"ReadAction","target":["https:\/\/pauzza.pl\/produkt\/zegarek-meski-casio-mtp-1239d-1adf-box\/"]}]},{"@type":"ImageObject","inLanguage":"uk","@id":"https:\/\/pauzza.pl\/produkt\/zegarek-meski-casio-mtp-1239d-1adf-box\/#primaryimage","url":"https:\/\/pauzza.pl\/wp-content\/uploads\/2025\/11\/98_max-21.jpg","contentUrl":"https:\/\/pauzza.pl\/wp-content\/uploads\/2025\/11\/98_max-21.jpg","width":669,"height":1070},{"@type":"BreadcrumbList","@id":"https:\/\/pauzza.pl\/produkt\/zegarek-meski-casio-mtp-1239d-1adf-box\/#breadcrumb","itemListElement":[{"@type":"ListItem","position":1,"name":"Strona g\u0142\u00f3wna","item":"https:\/\/pauzza.pl\/"},{"@type":"ListItem","position":2,"name":"Sklep","item":"https:\/\/pauzza.pl\/sklep\/"},{"@type":"ListItem","position":3,"name":"Zegarek M\u0119ski CASIO MTP-1239D-1ADF + BOX"}]},{"@type":"WebSite","@id":"https:\/\/pauzza.pl\/#website","url":"https:\/\/pauzza.pl\/","name":"\u0406\u043d\u0442\u0435\u0440\u043d\u0435\u0442 \u043c\u0430\u0433\u0430\u0437\u0438\u043d \u0436\u0456\u043d\u043e\u0447\u043e\u0433\u043e \u043e\u0434\u044f\u0433\u0443 Pauzza: \u0416\u0456\u043d\u043e\u0447\u0438\u0439 \u043e\u0434\u044f\u0433. \u041d\u043e\u0432\u0430 \u043a\u043e\u043b\u0435\u043a\u0446\u0456\u044f","description":"\u042f\u043a\u0449\u043e \u0432\u0438 \u0445\u043e\u0447\u0435\u0442\u0435 \u043f\u043e\u0434\u0431\u0430\u0442\u0438 \u043f\u0440\u043e \u0441\u0432\u0456\u0439 \u043f\u0440\u043e\u0444\u0435\u0441\u0456\u0439\u043d\u0438\u0439 \u0442\u0430 \u0441\u0442\u0438\u043b\u044c\u043d\u0438\u0439 \u0432\u0438\u0433\u043b\u044f\u0434 \u043d\u0430 \u0440\u043e\u0431\u043e\u0442\u0456, \u043e\u043d\u043b\u0430\u0439\u043d-\u0431\u0443\u0442\u0456\u043a Pauzza - \u0446\u0435 \u0445\u0456\u0442! \u0422\u0443\u0442 \u0432\u0438 \u0437\u043d\u0430\u0439\u0434\u0435\u0442\u0435 \u0448\u0438\u0440\u043e\u043a\u0438\u0439 \u0432\u0438\u0431\u0456\u0440 \u043f\u0456\u0434\u0436\u0430\u043a\u0456\u0432, \u0441\u043e\u0440\u043e\u0447\u043e\u043a, \u0436\u0430\u043a\u0435\u0442\u0456\u0432, \u0441\u0443\u043a\u043e\u043d\u044c, \u0441\u043f\u0456\u0434\u043d\u0438\u0446\u044c \u0442\u0430 \u0431\u0430\u0433\u0430\u0442\u043e \u0456\u043d\u0448\u043e\u0433\u043e.","publisher":{"@id":"https:\/\/pauzza.pl\/#organization"},"potentialAction":[{"@type":"SearchAction","target":{"@type":"EntryPoint","urlTemplate":"https:\/\/pauzza.pl\/?s={search_term_string}"},"query-input":{"@type":"PropertyValueSpecification","valueRequired":true,"valueName":"search_term_string"}}],"inLanguage":"uk"},{"@type":"Organization","@id":"https:\/\/pauzza.pl\/#organization","name":"\u0406\u043d\u0442\u0435\u0440\u043d\u0435\u0442 \u043c\u0430\u0433\u0430\u0437\u0438\u043d \u0436\u0456\u043d\u043e\u0447\u043e\u0433\u043e \u043e\u0434\u044f\u0433\u0443 Pauzza: \u0416\u0456\u043d\u043e\u0447\u0438\u0439 \u043e\u0434\u044f\u0433. \u041d\u043e\u0432\u0430 \u043a\u043e\u043b\u0435\u043a\u0446\u0456\u044f","url":"https:\/\/pauzza.pl\/","logo":{"@type":"ImageObject","inLanguage":"uk","@id":"https:\/\/pauzza.pl\/#\/schema\/logo\/image\/","url":"https:\/\/pauzza.pl\/wp-content\/uploads\/2024\/01\/pauzzaw.png","contentUrl":"https:\/\/pauzza.pl\/wp-content\/uploads\/2024\/01\/pauzzaw.png","width":350,"height":100,"caption":"Sklep online z damsk\u0105 odzie\u017c\u0105 Pauzza: Damska odzie\u017c. Nowa Kolekcja"},"image":{"@id":"https:\/\/pauzza.pl\/#\/schema\/logo\/image\/"}}]}},"_links":{"self":[{"href":"https:\/\/pauzza.pl\/uk\/wp-json\/wp\/v2\/product\/995467","targetHints":{"allow":["GET"]}}],"collection":[{"href":"https:\/\/pauzza.pl\/uk\/wp-json\/wp\/v2\/product"}],"about":[{"href":"https:\/\/pauzza.pl\/uk\/wp-json\/wp\/v2\/types\/product"}],"wp:featuredmedia":[{"embeddable":true,"href":"https:\/\/pauzza.pl\/uk\/wp-json\/wp\/v2\/media\/995469"}],"wp:attachment":[{"href":"https:\/\/pauzza.pl\/uk\/wp-json\/wp\/v2\/media?parent=995467"}],"wp:term":[{"taxonomy":"product_brand","embeddable":true,"href":"https:\/\/pauzza.pl\/uk\/wp-json\/wp\/v2\/product_brand?post=995467"},{"taxonomy":"product_cat","embeddable":true,"href":"https:\/\/pauzza.pl\/uk\/wp-json\/wp\/v2\/product_cat?post=995467"},{"taxonomy":"product_tag","embeddable":true,"href":"https:\/\/pauzza.pl\/uk\/wp-json\/wp\/v2\/product_tag?post=995467"}],"curies":[{"name":"wp","href":"https:\/\/api.w.org\/{rel}","templated":true}]}}