{"id":995171,"date":"2025-11-24T18:31:32","date_gmt":"2025-11-24T17:31:32","guid":{"rendered":"https:\/\/pauzza.pl\/produkt\/zegarek-damski-casio-ltp-1274g-7adf-box\/"},"modified":"2026-01-30T18:05:59","modified_gmt":"2026-01-30T17:05:59","slug":"zegarek-damski-casio-ltp-1274g-7adf-box","status":"publish","type":"product","link":"https:\/\/pauzza.pl\/uk\/%d0%bf%d1%80%d0%be%d0%b4%d1%83%d0%ba%d1%82\/zegarek-damski-casio-ltp-1274g-7adf-box\/","title":{"rendered":"Zegarek Damski CASIO LTP-1274G-7ADF + BOX"},"content":{"rendered":"<div class=\"additional-description__item additional-description__text\">\n<p>\u00a0<\/p>\n<p><strong><span style=\"font-size: 18pt;\">Zegarek Damski Casio LTP-1274G-7ADF + BOX<\/p>\n<p><\/span><\/strong><\/p>\n<p data-start=\"56\" data-end=\"398\"><span style=\"font-size: 12pt;\">CASIO stworzy\u0142o ten model damskiego zegarka aby podkre\u015bli\u0107 kwintesencj\u0119 elegancji i subtelno\u015b\u0107 kobieco\u015bci. Jego niewielka, zgrabna koperta dopasowuje si\u0119 do kobiecego nadgarstka, delikatnie go oplataj\u0105c i dodaj\u0105c mu szykownego charakteru. Bransoleta wyr\u00f3\u017cnia si\u0119 wyrafinowan\u0105 faktur\u0105: g\u0142adkie, l\u015bni\u0105ce ogniwa harmonijnie przeplataj\u0105 si\u0119 z subtelnymi, dekoracyjnymi wstawkami, tworz\u0105c efekt bi\u017cuteryjnej finezji. To doskona\u0142y wyb\u00f3r dla kobiet, kt\u00f3re ceni\u0105 klasyczn\u0105 elegancj\u0119 w kompaktowym wydaniu.<\/span><\/p>\n<p>\u00a0<\/p>\n<div class=\"additional-description__item additional-description__text\">\n<p><span style=\"font-size: 12pt;\"><strong>Opis produktu:<\/strong><\/span><\/p>\n<ul style=\"list-style-type: square;\">\n<li><span style=\"font-size: 12pt;\"><strong>Marka: <\/strong>CASIO<\/span><\/li>\n<li><span style=\"font-size: 12pt;\"><strong>Model:\u00a0<\/strong>LTP-1274G-7ADF<\/span><\/li>\n<li><span style=\"font-size: 12pt;\"><strong>Mechanizm:<\/strong> Precyzyjny kwarcowy, zasilany bateri\u0105<\/span><\/li>\n<li><span style=\"font-size: 12pt;\"><strong>Rodzaj tarczy<\/strong>: Analogowa<\/span><\/li>\n<li><span style=\"font-size: 12pt;\"><strong>Koperta:<\/strong> Okr\u0105g\u0142a, stal szlachetna<\/span><\/li>\n<li><span style=\"font-size: 12pt;\"><strong>Szkie\u0142ko:<\/strong> Mineralne, odporne na zarysowania<\/span><\/li>\n<li><span style=\"font-size: 12pt;\"><strong>Bransoleta:<\/strong> Segmentowa, stal szlachetna<\/span><\/li>\n<li><span style=\"font-size: 12pt;\"><strong>Pod\u015bwietlenie:<\/strong> Brak<\/span><\/li>\n<li><span style=\"font-size: 12pt;\"><strong>Wodoszczelno\u015b\u0107:<\/strong> Water Resist (WR) \u2013 odporny na zachlapania<\/span><\/li>\n<li><span style=\"font-size: 12pt;\"><strong>Antyalergiczno\u015b\u0107: <\/strong>Tak \u2013 nie zawiera niklu, bezpieczny dla sk\u00f3ry<\/span><\/li>\n<\/ul>\n<p>\u00a0<\/p>\n<\/div>\n<p><\/p>\n<p><strong><span style=\"font-size: 12pt;\">Wymiary w mm:<\/span><\/strong><\/p>\n<ul style=\"list-style-type: square;\">\n<li><span style=\"font-size: 12pt;\"><strong>Koperta \u015brednica: <\/strong>25 mm<\/span><\/li>\n<li><span style=\"font-size: 12pt;\"><strong>Tarcza \u015brednica:<\/strong> 12 mm<\/span><\/li>\n<li><span style=\"font-size: 12pt;\"><strong>Grubo\u015b\u0107: <\/strong>7,5 mm\u00a0<br \/><\/span><\/li>\n<li><span style=\"font-size: 12pt;\"><strong>Bransoleta: szeroko\u015b\u0107: <\/strong>12 mm<\/span><\/li>\n<li><span style=\"font-size: 12pt;\"><strong>Obw\u00f3d:<\/strong> max 190 mm \u2013 mo\u017cliwo\u015b\u0107 regulacji dla idealnego dopasowania\n<p><\/span><\/li>\n<\/ul>\n<p><strong><span style=\"font-size: 12pt;\">Kolorystyka:<\/span><\/strong><\/p>\n<ul style=\"list-style-type: square;\">\n<li><span style=\"font-size: 12pt;\"><strong>Koperta:<\/strong> z\u0142ota<\/span><span style=\"font-size: 12pt;\"><\/span><\/li>\n<li><span style=\"font-size: 12pt;\"><strong>Tarcza:<\/strong> bia\u0142a, minimalistyczna<\/span><\/li>\n<li><span style=\"font-size: 12pt;\"><strong>Indeksy:<\/strong> z\u0142ote<\/span><\/li>\n<li><span style=\"font-size: 12pt;\"><strong>Wskaz\u00f3wki:<\/strong> z\u0142ote<br \/><\/span><\/li>\n<li><span style=\"font-size: 12pt;\"><strong>Bransoleta:<\/strong> z\u0142ota\n<p><\/span><\/li>\n<\/ul>\n<p><span style=\"font-size: 12pt;\"><strong><br \/>SZKIE\u0141KO MINERALNE &#8211; OPTYMALNA OCHRONA ORAZ CZYTELNA TARCZA<\/strong><\/span><\/p>\n<p><span style=\"font-size: 12pt;\">Szkie\u0142ko zastosowane w tym modelu zegarka wykonano z krzemowego szk\u0142a mineralnego, kt\u00f3re charakteryzuje si\u0119 wi\u0119ksz\u0105 twardo\u015bci\u0105 w por\u00f3wnaniu do szk\u0142a syntetycznego. Dzi\u0119ki temu skutecznie chroni tarcz\u0119 przed zarysowaniami, uszkodzeniami i zabrudzeniami. Co wi\u0119cej, szk\u0142o mineralne cechuje si\u0119 elastyczno\u015bci\u0105, co sprawia, \u017ce jest mniej podatne na p\u0119kni\u0119cia i st\u0142uczenia. Dodatkowo zapewnia doskona\u0142\u0105 przejrzysto\u015b\u0107 oraz jasno\u015b\u0107, co znacz\u0105co u\u0142atwia szybki i wyra\u017any odczyt godziny w r\u00f3\u017cnych warunkach o\u015bwietleniowych.<\/p>\n<p><\/span><\/p>\n<p><span style=\"font-size: 12pt;\"><strong data-start=\"4\" data-end=\"50\">KLASYCZNA HARMONIA ELEGANCJI I PROSTOTY\u00a0<\/strong><\/span><\/p>\n<div class=\"min-h-8 text-message flex w-full flex-col items-end gap-2 whitespace-normal break-words text-start [.text-message+&amp;]:mt-5\" dir=\"auto\" data-message-author-role=\"assistant\" data-message-id=\"55e11048-5bb5-4061-87ec-de97cdc308b7\" data-message-model-slug=\"gpt-4o\">\n<div class=\"flex w-full flex-col gap-1 empty:hidden first:pt-[3px]\">\n<div class=\"markdown prose w-full break-words dark:prose-invert light\">\n<p data-start=\"47\" data-end=\"325\"><span style=\"font-size: 12pt;\">Tarcza w czystej bieli urzeka swoj\u0105 minimalistyczn\u0105 estetyk\u0105, podkre\u015blaj\u0105c ponadczasowy charakter tego modelu. Smuk\u0142e indeksy i delikatnie profilowane wskaz\u00f3wki tworz\u0105 subteln\u0105, lecz wyrazist\u0105 kompozycj\u0119, zapewniaj\u0105c doskona\u0142\u0105 czytelno\u015b\u0107 i elegancj\u0119 w najczystszej formie.\u00a0L\u015bni\u0105ca koperta, o \u0142agodnie wyprofilowanych kraw\u0119dziach, nadaje zegarkowi szlachetn\u0105 lekko\u015b\u0107, podkre\u015blaj\u0105c jego klasyczny, a jednocze\u015bnie nowoczesny wygl\u0105d. Ka\u017cdy detal tego modelu zosta\u0142 starannie dopracowany \u2013 od perfekcyjnie wypolerowanej koronki, po subtelne wyko\u0144czenia, kt\u00f3re dodaj\u0105 ca\u0142o\u015bci wyrafinowanego uroku.<\/span><\/p>\n<\/div>\n<\/div>\n<\/div>\n<p><\/p>\n<p><span style=\"font-size: 12pt;\"><strong>MECHANIZM KWARCOWY &#8211; dok\u0142adno\u015b\u0107 i niezawodno\u015b\u0107<\/strong><br \/><\/span><\/p>\n<p><span style=\"font-size: 12pt;\">Wysoka dok\u0142adno\u015b\u0107 pomiaru czasu dzi\u0119ki zastosowaniu kryszta\u0142u kwarcowego pozwala Ci na bezproblemowe planowanie ka\u017cdego dnia. Dodatkowo, intuicyjna obs\u0142uga sprawia, \u017ce nie trzeba si\u0119 martwi\u0107 o skomplikowane nakr\u0119canie czy ustawianie czasu, co zwi\u0119ksza wygod\u0119 u\u017cytkowania. Wymiana baterii to jedyna regularna czynno\u015b\u0107, kt\u00f3r\u0105 nale\u017cy wykonywa\u0107 podczas u\u017cytkowania kwarcowego zegarka. To idealny wyb\u00f3r dla zapracowanych, kt\u00f3rzy ceni\u0105 sobie komfort i prostot\u0119 w dzia\u0142aniu zegarka.\u00a0<\/span><span style=\"font-size: 12pt;\"><\/span><\/p>\n<p style=\"text-align: left;\">\u00a0<span style=\"font-size: 12pt;\"><\/span><\/p>\n<p><span style=\"font-size: 12pt;\"><strong>WODOSZCZELNO\u015a\u0106 WR (Water Resist)<\/strong><\/span><\/p>\n<p><span style=\"font-size: 12pt;\">Oferuje ochron\u0119 i niezawodno\u015b\u0107, kt\u00f3re s\u0105 niezb\u0119dne w codziennych sytuacjach. Zegarek jest wystarczaj\u0105co odporny na wod\u0119 na tyle, aby sprosta\u0107 wielu typowym sytuacjom, kt\u00f3re mog\u0105 si\u0119 zdarzy\u0107 na co dzie\u0144: np. nag\u0142e opady deszczu czy kontakt z wod\u0105 podczas mycia r\u0105k.\u00a0<\/span><\/p>\n<p><\/p>\n<p><span style=\"font-size: 12pt;\"><strong>BRANSOLETA ZEGARKA &#8211; PONADCZASOWA ELEGANCJA<\/strong><\/span><\/p>\n<p><span style=\"font-size: 12pt;\">Odkryj jak segmentowana bransoleta zegarka mo\u017ce doda\u0107 czaru Twoim codziennym stylizacjom! Jej subtelna konstrukcja emanuje elegancj\u0105, wprowadzaj\u0105c finezj\u0119, kt\u00f3ra przyci\u0105ga spojrzenia. Wykonanie z wysokiej jako\u015bci stali nierdzewnej sprawia, \u017ce nie tylko zachwyca wygl\u0105dem, ale tak\u017ce zapewnia trwa\u0142o\u015b\u0107 i komfort noszenia. Zmys\u0142owy charakter tej bransolety sprawia, \u017ce doskonale uk\u0142ada si\u0119 na kobiecym nadgarstku, delikatnie go oplataj\u0105c i podkre\u015blaj\u0105c jego kobieco\u015b\u0107. Ca\u0142o\u015b\u0107 dope\u0142nia subtelne logo CASIO na zapi\u0119ciu bransolety.<\/p>\n<p><\/span><\/p>\n<p><span style=\"font-size: 12pt;\"><strong data-start=\"144\" data-end=\"168\">ZAPI\u0118CIE<\/strong><strong>\u00a0Tri-Folding Clasp\u00a0<\/strong><strong data-start=\"144\" data-end=\"168\"> &#8211; WYGODA I BEZPIECZE\u0143STWO <\/strong><\/span><\/p>\n<p data-start=\"0\" data-end=\"259\"><span style=\"font-size: 12pt;\">Potr\u00f3jne zapi\u0119cie sk\u0142adane to rodzaj zapi\u0119cia stosowanego w klasycznych i eleganckich zegarkach z metalow\u0105 bransolet\u0105. Sk\u0142ada si\u0119 z trzech segment\u00f3w, kt\u00f3re sk\u0142adaj\u0105 si\u0119 i rozk\u0142adaj\u0105 w spos\u00f3b zapewniaj\u0105cy bezpiecze\u0144stwo, wygod\u0119 i elegancki wygl\u0105d. Wielostopniowy mechanizm zapobiega przypadkowemu odpi\u0119ciu zegarka, a ca\u0142e zapi\u0119cie jest dyskretne i dobrze komponuje si\u0119 z bransolet\u0105. Ca\u0142o\u015b\u0107 jest \u0142atwa w u\u017cytkowaniu i zapewnia szybko\u015b\u0107 w zapinaniu i odpinaniu.<\/span><\/p>\n<p data-start=\"561\" data-end=\"712\" data-is-last-node=\"\">\u00a0<\/p>\n<p><\/p>\n<p data-start=\"0\" data-end=\"18\"><span style=\"font-size: 12pt;\"><strong>ZESTAW OBEJMUJE:<\/strong><\/span><\/p>\n<p data-start=\"20\" data-end=\"224\" data-is-last-node=\"\"><span style=\"font-size: 12pt;\">&#8211; Zegarek marki <strong data-start=\"44\" data-end=\"53\">CASIO<\/strong><\/span><br data-start=\"91\" data-end=\"94\"><span style=\"font-size: 12pt;\">&#8211; Oryginalne pude\u0142ko CASIO \u2013 idealne na prezent<\/span><br data-start=\"157\" data-end=\"160\"><span style=\"font-size: 12pt;\">&#8211; Karta gwarancyjna \u2013 Twoja pewno\u015b\u0107 oryginalno\u015bci i jako\u015bci<\/span><\/p>\n<div class=\"additional-description__item additional-description__text\">\n<p><strong><span style=\"font-size: 12pt;\">ZEGAREK CASIO &#8211; CZAS W NAJLEPSZYM WYDANIU<\/span><\/strong><\/p>\n<p><span style=\"font-size: 12pt;\">Marka CASIO to legenda, kt\u00f3ra zacz\u0119\u0142a si\u0119 w latach 70., gdy \u015bwiat pozna\u0142 pierwsze innowacyjne zegarki elektroniczne, redefiniuj\u0105ce podej\u015bcie do czasu. Od tamtego momentu CASIO nieustannie wyznacza nowe standardy jako\u015bci, precyzji i technologii, tworz\u0105c modele, kt\u00f3re przetrwaj\u0105 pr\u00f3b\u0119 czasu \u2013 zar\u00f3wno pod wzgl\u0119dem stylu, jak i wytrzyma\u0142o\u015bci. Ka\u017cdy zegarek CASIO, od klasycznego G-Shock po eleganckie, minimalistyczne modele, jest symbolem niezawodno\u015bci, na kt\u00f3rym mo\u017cna polega\u0107 w ka\u017cdej sytuacji.<\/span><\/p>\n<p><span style=\"font-size: 12pt;\">Dzi\u0119ki wyj\u0105tkowej dba\u0142o\u015bci o detale i rygorystycznym testom wytrzyma\u0142o\u015bciowym, CASIO oferuje czasomierze, kt\u00f3re zyska\u0142y miano &#8222;zegark\u00f3w na pokolenia&#8221;. To marka, kt\u00f3rej zaufa\u0142y miliony ludzi na ca\u0142ym \u015bwiecie, od globtroter\u00f3w, przez sportowc\u00f3w, a\u017c po osoby poszukuj\u0105ce codziennej elegancji. CASIO to nie tylko zegarek \u2013 to trwa\u0142o\u015b\u0107, innowacja i historia wpisana w ka\u017cd\u0105 sekund\u0119.<\/span><\/p>\n<p>\u00a0<\/p>\n<p>\u00a0<\/p>\n<\/div>\n<\/div>","protected":false},"excerpt":{"rendered":"<p>\u00a0 Zegarek Damski Casio LTP-1274G-7ADF + BOX CASIO stworzy\u0142o ten model damskiego zegarka aby podkre\u015bli\u0107 kwintesencj\u0119 elegancji i subtelno\u015b\u0107 kobieco\u015bci. Jego niewielka, zgrabna koperta dopasowuje si\u0119 do kobiecego nadgarstka, delikatnie go oplataj\u0105c i dodaj\u0105c mu szykownego charakteru. Bransoleta wyr\u00f3\u017cnia si\u0119 wyrafinowan\u0105 faktur\u0105: g\u0142adkie, l\u015bni\u0105ce ogniwa harmonijnie przeplataj\u0105 si\u0119 z subtelnymi, dekoracyjnymi wstawkami, tworz\u0105c efekt bi\u017cuteryjnej [&hellip;]<\/p>","protected":false},"featured_media":995173,"template":"","meta":{"_acf_changed":false},"product_brand":[],"product_cat":[4858,4860,4838],"product_tag":[],"class_list":{"0":"post-995171","1":"product","2":"type-product","3":"status-publish","4":"has-post-thumbnail","6":"product_cat-casio","7":"product_cat-na-bransolecie-casio","8":"product_cat-zegarki-damskie","10":"first","11":"outofstock","12":"taxable","13":"shipping-taxable","14":"purchasable","15":"product-type-simple"},"acf":[],"yoast_head":"<!-- This site is optimized with the Yoast SEO plugin v27.2 - https:\/\/yoast.com\/product\/yoast-seo-wordpress\/ -->\n<title>Zegarek Damski Casio LTP-1274G-7ADF + BOX<\/title>\n<meta name=\"robots\" content=\"index, follow, max-snippet:-1, max-image-preview:large, max-video-preview:-1\" \/>\n<link rel=\"canonical\" href=\"https:\/\/pauzza.pl\/uk\/\u043f\u0440\u043e\u0434\u0443\u043a\u0442\/zegarek-damski-casio-ltp-1274g-7adf-box\/\" \/>\n<meta property=\"og:locale\" content=\"uk_UA\" \/>\n<meta property=\"og:type\" content=\"article\" \/>\n<meta property=\"og:title\" content=\"Zegarek Damski Casio LTP-1274G-7ADF + BOX\" \/>\n<meta property=\"og:description\" content=\"\u00a0 Zegarek Damski Casio LTP-1274G-7ADF + BOX CASIO stworzy\u0142o ten model damskiego zegarka aby podkre\u015bli\u0107 kwintesencj\u0119 elegancji i subtelno\u015b\u0107 kobieco\u015bci. Jego niewielka, zgrabna koperta dopasowuje si\u0119 do kobiecego nadgarstka, delikatnie go oplataj\u0105c i dodaj\u0105c mu szykownego charakteru. Bransoleta wyr\u00f3\u017cnia si\u0119 wyrafinowan\u0105 faktur\u0105: g\u0142adkie, l\u015bni\u0105ce ogniwa harmonijnie przeplataj\u0105 si\u0119 z subtelnymi, dekoracyjnymi wstawkami, tworz\u0105c efekt bi\u017cuteryjnej [&hellip;]\" \/>\n<meta property=\"og:url\" content=\"https:\/\/pauzza.pl\/uk\/\u043f\u0440\u043e\u0434\u0443\u043a\u0442\/zegarek-damski-casio-ltp-1274g-7adf-box\/\" \/>\n<meta property=\"og:site_name\" content=\"Sklep online z damsk\u0105 odzie\u017c\u0105 Pauzza: Damska odzie\u017c. Nowa Kolekcja\" \/>\n<meta property=\"article:modified_time\" content=\"2026-01-30T17:05:59+00:00\" \/>\n<meta property=\"og:image\" content=\"https:\/\/pauzza.pl\/wp-content\/uploads\/2025\/11\/43_max-94.jpg\" \/>\n\t<meta property=\"og:image:width\" content=\"530\" \/>\n\t<meta property=\"og:image:height\" content=\"1000\" \/>\n\t<meta property=\"og:image:type\" content=\"image\/jpeg\" \/>\n<meta name=\"twitter:card\" content=\"summary_large_image\" \/>\n<meta name=\"twitter:label1\" content=\"\u041f\u0440\u0438\u0431\u043b. \u0447\u0430\u0441 \u0447\u0438\u0442\u0430\u043d\u043d\u044f\" \/>\n\t<meta name=\"twitter:data1\" content=\"4 \u0445\u0432\u0438\u043b\u0438\u043d\u0438\" \/>\n<script type=\"application\/ld+json\" class=\"yoast-schema-graph\">{\"@context\":\"https:\/\/schema.org\",\"@graph\":[{\"@type\":\"WebPage\",\"@id\":\"https:\/\/pauzza.pl\/produkt\/zegarek-damski-casio-ltp-1274g-7adf-box\/\",\"url\":\"https:\/\/pauzza.pl\/produkt\/zegarek-damski-casio-ltp-1274g-7adf-box\/\",\"name\":\"Zegarek Damski Casio LTP-1274G-7ADF + BOX\",\"isPartOf\":{\"@id\":\"https:\/\/pauzza.pl\/#website\"},\"primaryImageOfPage\":{\"@id\":\"https:\/\/pauzza.pl\/produkt\/zegarek-damski-casio-ltp-1274g-7adf-box\/#primaryimage\"},\"image\":{\"@id\":\"https:\/\/pauzza.pl\/produkt\/zegarek-damski-casio-ltp-1274g-7adf-box\/#primaryimage\"},\"thumbnailUrl\":\"https:\/\/pauzza.pl\/wp-content\/uploads\/2025\/11\/43_max-94.jpg\",\"datePublished\":\"2025-11-24T17:31:32+00:00\",\"dateModified\":\"2026-01-30T17:05:59+00:00\",\"breadcrumb\":{\"@id\":\"https:\/\/pauzza.pl\/produkt\/zegarek-damski-casio-ltp-1274g-7adf-box\/#breadcrumb\"},\"inLanguage\":\"uk\",\"potentialAction\":[{\"@type\":\"ReadAction\",\"target\":[\"https:\/\/pauzza.pl\/produkt\/zegarek-damski-casio-ltp-1274g-7adf-box\/\"]}]},{\"@type\":\"ImageObject\",\"inLanguage\":\"uk\",\"@id\":\"https:\/\/pauzza.pl\/produkt\/zegarek-damski-casio-ltp-1274g-7adf-box\/#primaryimage\",\"url\":\"https:\/\/pauzza.pl\/wp-content\/uploads\/2025\/11\/43_max-94.jpg\",\"contentUrl\":\"https:\/\/pauzza.pl\/wp-content\/uploads\/2025\/11\/43_max-94.jpg\",\"width\":530,\"height\":1000},{\"@type\":\"BreadcrumbList\",\"@id\":\"https:\/\/pauzza.pl\/produkt\/zegarek-damski-casio-ltp-1274g-7adf-box\/#breadcrumb\",\"itemListElement\":[{\"@type\":\"ListItem\",\"position\":1,\"name\":\"Strona g\u0142\u00f3wna\",\"item\":\"https:\/\/pauzza.pl\/\"},{\"@type\":\"ListItem\",\"position\":2,\"name\":\"Sklep\",\"item\":\"https:\/\/pauzza.pl\/sklep\/\"},{\"@type\":\"ListItem\",\"position\":3,\"name\":\"Zegarek Damski CASIO LTP-1274G-7ADF + BOX\"}]},{\"@type\":\"WebSite\",\"@id\":\"https:\/\/pauzza.pl\/#website\",\"url\":\"https:\/\/pauzza.pl\/\",\"name\":\"Sklep online z damsk\u0105 odzie\u017c\u0105 Pauzza: Damska odzie\u017c. Nowa Kolekcja\",\"description\":\"Je\u015bli chcesz zadba\u0107 o sw\u00f3j profesjonalny i pe\u0142en klasy wygl\u0105d w pracy butik online Pauzza, to strza\u0142 w dziesi\u0105tk\u0119! U nas znajdziesz szeroki wyb\u00f3r \u017cakiet\u00f3w, koszul, kurtek, sukienek, sp\u00f3dnic i wiele wiecej\",\"publisher\":{\"@id\":\"https:\/\/pauzza.pl\/#organization\"},\"potentialAction\":[{\"@type\":\"SearchAction\",\"target\":{\"@type\":\"EntryPoint\",\"urlTemplate\":\"https:\/\/pauzza.pl\/?s={search_term_string}\"},\"query-input\":{\"@type\":\"PropertyValueSpecification\",\"valueRequired\":true,\"valueName\":\"search_term_string\"}}],\"inLanguage\":\"uk\"},{\"@type\":\"Organization\",\"@id\":\"https:\/\/pauzza.pl\/#organization\",\"name\":\"Sklep online z damsk\u0105 odzie\u017c\u0105 Pauzza: Damska odzie\u017c. Nowa Kolekcja\",\"url\":\"https:\/\/pauzza.pl\/\",\"logo\":{\"@type\":\"ImageObject\",\"inLanguage\":\"uk\",\"@id\":\"https:\/\/pauzza.pl\/#\/schema\/logo\/image\/\",\"url\":\"https:\/\/pauzza.pl\/wp-content\/uploads\/2024\/01\/pauzzaw.png\",\"contentUrl\":\"https:\/\/pauzza.pl\/wp-content\/uploads\/2024\/01\/pauzzaw.png\",\"width\":350,\"height\":100,\"caption\":\"Sklep online z damsk\u0105 odzie\u017c\u0105 Pauzza: Damska odzie\u017c. Nowa Kolekcja\"},\"image\":{\"@id\":\"https:\/\/pauzza.pl\/#\/schema\/logo\/image\/\"}}]}<\/script>\n<!-- \/ Yoast SEO plugin. -->","yoast_head_json":{"title":"Zegarek Damski Casio LTP-1274G-7ADF + BOX","robots":{"index":"index","follow":"follow","max-snippet":"max-snippet:-1","max-image-preview":"max-image-preview:large","max-video-preview":"max-video-preview:-1"},"canonical":"https:\/\/pauzza.pl\/uk\/\u043f\u0440\u043e\u0434\u0443\u043a\u0442\/zegarek-damski-casio-ltp-1274g-7adf-box\/","og_locale":"uk_UA","og_type":"article","og_title":"Zegarek Damski Casio LTP-1274G-7ADF + BOX","og_description":"\u00a0 Zegarek Damski Casio LTP-1274G-7ADF + BOX CASIO stworzy\u0142o ten model damskiego zegarka aby podkre\u015bli\u0107 kwintesencj\u0119 elegancji i subtelno\u015b\u0107 kobieco\u015bci. Jego niewielka, zgrabna koperta dopasowuje si\u0119 do kobiecego nadgarstka, delikatnie go oplataj\u0105c i dodaj\u0105c mu szykownego charakteru. Bransoleta wyr\u00f3\u017cnia si\u0119 wyrafinowan\u0105 faktur\u0105: g\u0142adkie, l\u015bni\u0105ce ogniwa harmonijnie przeplataj\u0105 si\u0119 z subtelnymi, dekoracyjnymi wstawkami, tworz\u0105c efekt bi\u017cuteryjnej [&hellip;]","og_url":"https:\/\/pauzza.pl\/uk\/\u043f\u0440\u043e\u0434\u0443\u043a\u0442\/zegarek-damski-casio-ltp-1274g-7adf-box\/","og_site_name":"Sklep online z damsk\u0105 odzie\u017c\u0105 Pauzza: Damska odzie\u017c. Nowa Kolekcja","article_modified_time":"2026-01-30T17:05:59+00:00","og_image":[{"width":530,"height":1000,"url":"https:\/\/pauzza.pl\/wp-content\/uploads\/2025\/11\/43_max-94.jpg","type":"image\/jpeg"}],"twitter_card":"summary_large_image","twitter_misc":{"\u041f\u0440\u0438\u0431\u043b. \u0447\u0430\u0441 \u0447\u0438\u0442\u0430\u043d\u043d\u044f":"4 \u0445\u0432\u0438\u043b\u0438\u043d\u0438"},"schema":{"@context":"https:\/\/schema.org","@graph":[{"@type":"WebPage","@id":"https:\/\/pauzza.pl\/produkt\/zegarek-damski-casio-ltp-1274g-7adf-box\/","url":"https:\/\/pauzza.pl\/produkt\/zegarek-damski-casio-ltp-1274g-7adf-box\/","name":"Zegarek Damski Casio LTP-1274G-7ADF + BOX","isPartOf":{"@id":"https:\/\/pauzza.pl\/#website"},"primaryImageOfPage":{"@id":"https:\/\/pauzza.pl\/produkt\/zegarek-damski-casio-ltp-1274g-7adf-box\/#primaryimage"},"image":{"@id":"https:\/\/pauzza.pl\/produkt\/zegarek-damski-casio-ltp-1274g-7adf-box\/#primaryimage"},"thumbnailUrl":"https:\/\/pauzza.pl\/wp-content\/uploads\/2025\/11\/43_max-94.jpg","datePublished":"2025-11-24T17:31:32+00:00","dateModified":"2026-01-30T17:05:59+00:00","breadcrumb":{"@id":"https:\/\/pauzza.pl\/produkt\/zegarek-damski-casio-ltp-1274g-7adf-box\/#breadcrumb"},"inLanguage":"uk","potentialAction":[{"@type":"ReadAction","target":["https:\/\/pauzza.pl\/produkt\/zegarek-damski-casio-ltp-1274g-7adf-box\/"]}]},{"@type":"ImageObject","inLanguage":"uk","@id":"https:\/\/pauzza.pl\/produkt\/zegarek-damski-casio-ltp-1274g-7adf-box\/#primaryimage","url":"https:\/\/pauzza.pl\/wp-content\/uploads\/2025\/11\/43_max-94.jpg","contentUrl":"https:\/\/pauzza.pl\/wp-content\/uploads\/2025\/11\/43_max-94.jpg","width":530,"height":1000},{"@type":"BreadcrumbList","@id":"https:\/\/pauzza.pl\/produkt\/zegarek-damski-casio-ltp-1274g-7adf-box\/#breadcrumb","itemListElement":[{"@type":"ListItem","position":1,"name":"Strona g\u0142\u00f3wna","item":"https:\/\/pauzza.pl\/"},{"@type":"ListItem","position":2,"name":"Sklep","item":"https:\/\/pauzza.pl\/sklep\/"},{"@type":"ListItem","position":3,"name":"Zegarek Damski CASIO LTP-1274G-7ADF + BOX"}]},{"@type":"WebSite","@id":"https:\/\/pauzza.pl\/#website","url":"https:\/\/pauzza.pl\/","name":"\u0406\u043d\u0442\u0435\u0440\u043d\u0435\u0442 \u043c\u0430\u0433\u0430\u0437\u0438\u043d \u0436\u0456\u043d\u043e\u0447\u043e\u0433\u043e \u043e\u0434\u044f\u0433\u0443 Pauzza: \u0416\u0456\u043d\u043e\u0447\u0438\u0439 \u043e\u0434\u044f\u0433. \u041d\u043e\u0432\u0430 \u043a\u043e\u043b\u0435\u043a\u0446\u0456\u044f","description":"\u042f\u043a\u0449\u043e \u0432\u0438 \u0445\u043e\u0447\u0435\u0442\u0435 \u043f\u043e\u0434\u0431\u0430\u0442\u0438 \u043f\u0440\u043e \u0441\u0432\u0456\u0439 \u043f\u0440\u043e\u0444\u0435\u0441\u0456\u0439\u043d\u0438\u0439 \u0442\u0430 \u0441\u0442\u0438\u043b\u044c\u043d\u0438\u0439 \u0432\u0438\u0433\u043b\u044f\u0434 \u043d\u0430 \u0440\u043e\u0431\u043e\u0442\u0456, \u043e\u043d\u043b\u0430\u0439\u043d-\u0431\u0443\u0442\u0456\u043a Pauzza - \u0446\u0435 \u0445\u0456\u0442! \u0422\u0443\u0442 \u0432\u0438 \u0437\u043d\u0430\u0439\u0434\u0435\u0442\u0435 \u0448\u0438\u0440\u043e\u043a\u0438\u0439 \u0432\u0438\u0431\u0456\u0440 \u043f\u0456\u0434\u0436\u0430\u043a\u0456\u0432, \u0441\u043e\u0440\u043e\u0447\u043e\u043a, \u0436\u0430\u043a\u0435\u0442\u0456\u0432, \u0441\u0443\u043a\u043e\u043d\u044c, \u0441\u043f\u0456\u0434\u043d\u0438\u0446\u044c \u0442\u0430 \u0431\u0430\u0433\u0430\u0442\u043e \u0456\u043d\u0448\u043e\u0433\u043e.","publisher":{"@id":"https:\/\/pauzza.pl\/#organization"},"potentialAction":[{"@type":"SearchAction","target":{"@type":"EntryPoint","urlTemplate":"https:\/\/pauzza.pl\/?s={search_term_string}"},"query-input":{"@type":"PropertyValueSpecification","valueRequired":true,"valueName":"search_term_string"}}],"inLanguage":"uk"},{"@type":"Organization","@id":"https:\/\/pauzza.pl\/#organization","name":"\u0406\u043d\u0442\u0435\u0440\u043d\u0435\u0442 \u043c\u0430\u0433\u0430\u0437\u0438\u043d \u0436\u0456\u043d\u043e\u0447\u043e\u0433\u043e \u043e\u0434\u044f\u0433\u0443 Pauzza: \u0416\u0456\u043d\u043e\u0447\u0438\u0439 \u043e\u0434\u044f\u0433. \u041d\u043e\u0432\u0430 \u043a\u043e\u043b\u0435\u043a\u0446\u0456\u044f","url":"https:\/\/pauzza.pl\/","logo":{"@type":"ImageObject","inLanguage":"uk","@id":"https:\/\/pauzza.pl\/#\/schema\/logo\/image\/","url":"https:\/\/pauzza.pl\/wp-content\/uploads\/2024\/01\/pauzzaw.png","contentUrl":"https:\/\/pauzza.pl\/wp-content\/uploads\/2024\/01\/pauzzaw.png","width":350,"height":100,"caption":"Sklep online z damsk\u0105 odzie\u017c\u0105 Pauzza: Damska odzie\u017c. Nowa Kolekcja"},"image":{"@id":"https:\/\/pauzza.pl\/#\/schema\/logo\/image\/"}}]}},"_links":{"self":[{"href":"https:\/\/pauzza.pl\/uk\/wp-json\/wp\/v2\/product\/995171","targetHints":{"allow":["GET"]}}],"collection":[{"href":"https:\/\/pauzza.pl\/uk\/wp-json\/wp\/v2\/product"}],"about":[{"href":"https:\/\/pauzza.pl\/uk\/wp-json\/wp\/v2\/types\/product"}],"wp:featuredmedia":[{"embeddable":true,"href":"https:\/\/pauzza.pl\/uk\/wp-json\/wp\/v2\/media\/995173"}],"wp:attachment":[{"href":"https:\/\/pauzza.pl\/uk\/wp-json\/wp\/v2\/media?parent=995171"}],"wp:term":[{"taxonomy":"product_brand","embeddable":true,"href":"https:\/\/pauzza.pl\/uk\/wp-json\/wp\/v2\/product_brand?post=995171"},{"taxonomy":"product_cat","embeddable":true,"href":"https:\/\/pauzza.pl\/uk\/wp-json\/wp\/v2\/product_cat?post=995171"},{"taxonomy":"product_tag","embeddable":true,"href":"https:\/\/pauzza.pl\/uk\/wp-json\/wp\/v2\/product_tag?post=995171"}],"curies":[{"name":"wp","href":"https:\/\/api.w.org\/{rel}","templated":true}]}}