{"id":994942,"date":"2025-11-24T18:29:21","date_gmt":"2025-11-24T17:29:21","guid":{"rendered":"https:\/\/pauzza.pl\/produkt\/smartwatch-damski-rubicon-rncf35-black-bransoleta-pasek\/"},"modified":"2026-04-13T10:10:43","modified_gmt":"2026-04-13T08:10:43","slug":"smartwatch-damski-rubicon-rncf35-black-bransoleta-pasek","status":"publish","type":"product","link":"https:\/\/pauzza.pl\/uk\/%d0%bf%d1%80%d0%be%d0%b4%d1%83%d0%ba%d1%82\/smartwatch-damski-rubicon-rncf35-black-bransoleta-pasek\/","title":{"rendered":"Smartwatch Damski Rubicon RNCF35 BLACK Bransoleta + Pasek"},"content":{"rendered":"<p class=\"def\"><span style=\"background-color: transparent; color: #131313; font-family: verdana, geneva; font-size: x-large; font-weight: bold;\" class=\"def\"><br \/>Smartwatch Damski Rubicon RNCF35 BLACK Bransoleta + Pasek<br \/><\/span><span style=\"background-color: transparent; color: rgb(19, 19, 19); font-family: verdana, geneva; font-size: 12pt; font-weight: bold;\" class=\"def\"><br \/><\/span><\/p>\n<p data-start=\"61\" data-end=\"574\"><span style=\"font-size: 14pt;\"><strong data-start=\"4\" data-end=\"68\">Styl, wygoda, technologia \u2013 Tw\u00f3j dzie\u0144. Tw\u00f3j Rubicon RNCF35.<\/strong><\/span><\/p>\n<p data-start=\"72\" data-end=\"538\"><span style=\"font-size: 12pt;\">Poranek zaczyna si\u0119 szybciej, ni\u017c by\u015b chcia\u0142a \u2013 kawa stygnie, telefon gdzie\u015b w torebce, a lista zada\u0144 ju\u017c czeka. Si\u0119gasz po <strong data-start=\"196\" data-end=\"214\">Rubicon RNCF35<\/strong>, kt\u00f3ry otula Tw\u00f3j nadgarstek eleganck\u0105, <strong data-start=\"255\" data-end=\"281\">czarn\u0105 bransolet\u0105 mesh<\/strong>, dodaj\u0105c szyku ka\u017cdej stylizacji. Wystarczy jedno spojrzenie na <strong data-start=\"346\" data-end=\"404\">przestronny, multidotykowy wy\u015bwietlacz AMOLED HD 1.46\u201d<\/strong>, by sprawdzi\u0107 powiadomienia, zmieni\u0107 tarcz\u0119 na t\u0119 idealnie pasuj\u0105c\u0105 do Twojego nastroju i by\u0107 na bie\u017c\u0105co \u2013 bez wyci\u0105gania telefonu.<\/span><\/p>\n<p data-start=\"540\" data-end=\"919\"><span style=\"font-size: 12pt;\">W biegu przez dzie\u0144 liczy si\u0119 wygoda. Kiedy tempo przyspiesza, wystarczy wymieni\u0107 bransolet\u0119 na <strong data-start=\"636\" data-end=\"671\">g\u0142adki, czarny pasek silikonowy<\/strong>, kt\u00f3ry zapewnia lekko\u015b\u0107 i komfort, niezale\u017cnie od tego, czy jeste\u015b na si\u0142owni, czy p\u0119dzisz na spotkanie. <strong data-start=\"777\" data-end=\"795\">Bluetooth Call<\/strong>, wbudowany mikrofon i g\u0142o\u015bnik pozwalaj\u0105 odbiera\u0107 po\u0142\u0105czenia w ruchu \u2013 bez stresu, bez zatrzymywania si\u0119, z pe\u0142n\u0105 swobod\u0105.<\/span><\/p>\n<p data-start=\"921\" data-end=\"1227\" data-is-last-node=\"\"><span style=\"font-size: 12pt;\"><strong data-start=\"921\" data-end=\"939\">Rubicon RNCF35<\/strong> to nie tylko smartwatch, to Tw\u00f3j codzienny towarzysz \u2013 subtelny, ale wyrazisty. Pe\u0142en technologii, ale niezwykle intuicyjny. Dopasowuje si\u0119 do Ciebie, do Twojego tempa, Twojego stylu i Twojego dnia \u2013 niezale\u017cnie od tego, czy biegniesz na spotkanie, czy delektujesz si\u0119 chwil\u0105 dla siebie.<\/span><\/p>\n<p>\u00a0<\/p>\n<p><span style=\"font-size: 12pt;\"><br \/><strong>Opis produktu:<\/strong><\/span><\/p>\n<p>\u00a0<\/p>\n<ul style=\"margin-top: 0cm;\" type=\"disc\">\n<li class=\"MsoNormal\" style=\"font-size: 12pt;\"><span style=\"font-size: 12pt;\">\u041c\u0435\u043d\u044e\u00a0<b>( 8\u00a0motyw\u00f3w\u00a0)\u00a0\u00a0<\/b>i aplikacja w j\u0119zyku polskim !<\/span><\/li>\n<li class=\"MsoNormal\" style=\"font-size: 12pt;\"><span style=\"font-size: 12pt;\">wy\u015bwietlacz MULTIdotyk \u00a0<b>AMOLED\u00a0HD display!<\/b>\u00a0<b>1,46\u201d<\/b><\/span><\/li>\n<li class=\"MsoNormal\" style=\"font-size: 12pt;\"><span style=\"font-size: 12pt;\">wysoka rozdzielczo\u015b\u0107:\u00a0<b>466*466<\/b>\u00a0pikseli !<\/span><\/li>\n<li class=\"MsoNormal\" style=\"font-size: 12pt;\"><span style=\"font-size: 12pt;\"><b>NOWO\u015a\u0106! &#8211; ALWAYS ON DISPLAY !!!\u00a0<\/b>(<b>\u00a0<\/b>Funkcja ta polega na sta\u0142ym wy\u015bwietlaniu na\u00a0ekranie smartwatcha w trybie czuwania zegara , 2 tryby &#8211; zegar analogowy lub cyfrowy , mo\u017cliwo\u015b\u0107 w\u0142\/wy\u0142. funkcji )<\/span><\/li>\n<li class=\"MsoNormal\" style=\"font-size: 12pt;\"><span style=\"font-size: 12pt;\">tarcza: 8 motyw\u00f3w\u00a0do wyboru\u00a0<b>+ tarcze do pobrania z\u00a0aplikacji!\u00a0+ w\u0142asne tarcze! animowana grafika !<\/b><\/span><\/li>\n<li class=\"MsoNormal\" style=\"font-size: 12pt;\"><span style=\"font-size: 12pt;\"><b>Bluetooth Call ! wbudowany mikrofon i g\u0142o\u015bnik<\/b><\/span><\/li>\n<li class=\"MsoNormal\" style=\"font-size: 12pt;\"><span style=\"font-size: 12pt;\">odbieranie i wykonywanie po\u0142\u0105cze\u0144 + spis po\u0142\u0105cze\u0144<\/span><\/li>\n<li class=\"MsoNormal\" style=\"font-size: 12pt;\"><span style=\"font-size: 12pt;\">procesor: \u00a0JL7012A6S<\/span><\/li>\n<li class=\"MsoNormal\" style=\"font-size: 12pt;\"><span style=\"font-size: 12pt;\">Bluetooth\u00a0<b>5.3\u00a0 ( szybki i oszcz\u0119dny ! )<\/b><\/span><\/li>\n<li class=\"MsoNormal\" style=\"font-size: 12pt;\"><span style=\"font-size: 12pt;\">wodoszczelno\u015b\u0107: odporny na zachlapania\u00a0<\/span><\/li>\n<li class=\"MsoNormal\" style=\"font-size: 12pt;\"><span style=\"font-size: 12pt;\">koperta wykonana &#8211;\u00a0tworzywo ABS \u00a0, pokryta metod\u0105 IPS\/IPG,\u00a0\u00a0nie zawiera niklu, jest HiPOALERGiCZNA !<\/span><\/li>\n<li class=\"MsoNormal\" style=\"font-size: 12pt;\"><span style=\"font-size: 12pt;\">pasek bransoleta stalowa,\u00a0mo\u017cliwo\u015b\u0107 wymiany\u00a0( 22mm )<\/span><\/li>\n<li class=\"MsoNormal\" style=\"font-size: 12pt;\"><span style=\"font-size: 12pt;\">szkie\u0142ko mineralne\u00a0<b>2,5D<\/b><\/span><\/li>\n<li class=\"MsoNormal\" style=\"font-size: 12pt;\"><span style=\"font-size: 12pt;\">Super Bateria:\u00a0<b>litowo-polimerowa 260 mAh<\/b><\/span><\/li>\n<li class=\"MsoNormal\" style=\"font-size: 12pt;\"><span style=\"font-size: 12pt;\">wsp\u00f3\u0142praca z oprogramowaniem\u00a0iOS i Android<\/span><\/li>\n<li class=\"MsoNormal\" style=\"font-size: 12pt;\"><span style=\"font-size: 12pt;\">aplikacja: DaFit<\/span><\/li>\n<\/ul>\n<p>\u00a0<\/p>\n<p><span style=\"font-size: 12pt;\"><strong>Funkcje:<\/strong><\/span><\/p>\n<ul style=\"list-style-type: square;\">\n<li class=\"MsoNormal\" style=\"font-size: 12pt;\"><span style=\"font-size: 12pt;\">tryby\u00a0sportowe MULTI100+<\/span><\/li>\n<li class=\"MsoNormal\" style=\"font-size: 12pt;\"><span style=\"font-size: 12pt;\">krokomierz, licznik kalorii<\/span><\/li>\n<li class=\"MsoNormal\" style=\"font-size: 12pt;\"><span style=\"font-size: 12pt;\">pomiar t\u0119tna ( PULSOMETR ), pomiar ci\u015bnienia krwi, pomiar tlenu we krwi ( PULSOKSYMETR),<\/span><\/li>\n<li class=\"MsoNormal\" style=\"font-size: 12pt;\"><span style=\"font-size: 12pt;\">monitor snu<\/span><\/li>\n<li class=\"MsoNormal\" style=\"font-size: 12pt;\"><span style=\"font-size: 12pt;\">cykl miesi\u0105czkowy<\/span><\/li>\n<li class=\"MsoNormal\" style=\"font-size: 12pt;\"><span style=\"font-size: 12pt;\">przypomnienie o\u00a0wypiciu wody,\u00a0ruchu<\/span><\/li>\n<li class=\"MsoNormal\" style=\"font-size: 12pt;\"><span style=\"font-size: 12pt;\">powiadomienie po\u0142\u0105cze\u0144 przychodz\u0105cych<\/span><\/li>\n<li class=\"MsoNormal\" style=\"font-size: 12pt;\"><span style=\"font-size: 12pt;\">powiadomienia:\u00a0Facebook, SMS, Twitter, WhatsApp, itp.<\/span><\/li>\n<li class=\"MsoNormal\" style=\"font-size: 12pt;\"><span style=\"font-size: 12pt;\">alarm\u00a0\/ budzik \/ timer\u00a0<\/span><\/li>\n<li class=\"MsoNormal\" style=\"font-size: 12pt;\"><span style=\"font-size: 12pt;\">kalkulator<\/span><\/li>\n<li class=\"MsoNormal\" style=\"font-size: 12pt;\"><span style=\"font-size: 12pt;\">infrormacje o pogodzie<\/span><\/li>\n<li class=\"MsoNormal\" style=\"font-size: 12pt;\"><span style=\"font-size: 12pt;\">zdalne zdj\u0119cia<\/span><\/li>\n<li class=\"MsoNormal\" style=\"font-size: 12pt;\"><span style=\"font-size: 12pt;\">sterowanie odtwarzaczem MP3 w smartfonie<\/span><\/li>\n<li class=\"MsoNormal\" style=\"font-size: 12pt;\"><span style=\"font-size: 12pt;\">funkcja: znajd\u017a urz\u0105dzenie<\/span><\/li>\n<\/ul>\n<p style=\"font-size: 12pt;\">\u00a0<\/p>\n<ul style=\"margin-top: 0cm;\" type=\"disc\">\n<li class=\"MsoNormal\" style=\"font-size: 12pt;\"><span style=\"font-size: 12pt;\"><b>mo\u017cliwo\u015b\u0107 zmiany j\u0119zyka MEMU w\u00a0zegarku\u00a0! niezale\u017cnie od ustawie\u0144 j\u0119zyka MENU w aplikacji\u00a0smartfona\u00a0! \u00a0<\/b>( polski, angielski, czeski, rosyjski, francuski, niemiecki, w\u0142oski, turecki, chorwacki, rumu\u0144ski, hiszpa\u0144ski, portugalski, holenderski, grecki )<\/span><\/li>\n<\/ul>\n<p>\u00a0<\/p>\n<p>\u00a0<\/p>\n<p><strong><span style=\"font-size: 12pt;\">Wymiary dopasowane do kobiecego nadgarstka:<\/span><\/strong><\/p>\n<ul style=\"margin-top: 0cm;\" type=\"disc\">\n<li class=\"MsoNormal\" style=\"font-size: 12pt;\"><span style=\"font-size: 12pt;\">\u015arednica koperty: 46 mm<\/span><\/li>\n<li class=\"MsoNormal\" style=\"font-size: 12pt;\"><span style=\"font-size: 12pt;\">Grubo\u015b\u0107 koperty: 11 mm<\/span><\/li>\n<\/ul>\n<ul style=\"list-style-type: square;\">\n<li style=\"font-size: 12pt;\"><span style=\"font-size: 12pt;\">Bransoleta: 22 mm<\/span><\/li>\n<li style=\"font-size: 12pt;\"><span style=\"font-size: 12pt;\">Pasek: 22 mm<\/span><\/li>\n<\/ul>\n<p>\u00a0<\/p>\n<p><strong><span style=\"font-size: 12pt;\">Kolorystyka:<\/span><\/strong><\/p>\n<ul style=\"list-style-type: square;\">\n<li><span style=\"font-size: 12pt;\">Koperta: czarna<\/span><\/li>\n<li><span style=\"font-size: 12pt;\">Bransoleta mesh: czarna<\/span><\/li>\n<li><span style=\"font-size: 12pt;\">Pasek silikonowy: czarny<\/span><\/li>\n<\/ul>\n<p>\u00a0<\/p>\n<p><strong><span style=\"font-size: 12pt;\">W ZESTAWIE OTRZYMASZ:<\/span><\/strong><\/p>\n<ul>\n<li><span style=\"font-size: 12pt;\">smartwatch z paskiem i bransolet\u0105<\/span><\/li>\n<li><span style=\"font-size: 12pt;\">kabel \u0142adowania USB<\/span><\/li>\n<li><span style=\"font-size: 12pt;\">instrukcja PL<\/span><\/li>\n<\/ul>\n<p>\u00a0<\/p>\n<p>\u00a0<\/p>\n<p data-start=\"59\" data-end=\"267\"><span style=\"font-size: 14pt;\"><strong data-start=\"882\" data-end=\"923\" data-is-last-node=\"\">Nie mierz czasu \u2013 tw\u00f3rz go ze SMARTWATCHEM Rubicon<\/p>\n<p><\/strong><\/span><\/p>\n<p data-start=\"59\" data-end=\"267\"><span style=\"font-size: 12pt;\">Od 1998 roku\u00a0<strong data-start=\"72\" data-end=\"83\">Rubicon<\/strong> kreuje czas na w\u0142asnych zasadach, \u0142\u0105cz\u0105c precyzj\u0119 z wyrafinowanym designem. To marka dla tych, kt\u00f3rzy nie tylko pod\u0105\u017caj\u0105 za czasem, ale r\u00f3wnie\u017c chc\u0105 go prze\u017cywa\u0107 w najlepszym stylu.<\/span><\/p>\n<p data-start=\"269\" data-end=\"603\"><span style=\"font-size: 12pt;\"><strong>Rubicon smartwatch <\/strong>nie jest jedynie gad\u017cetem \u2013 to codzienny towarzysz, kt\u00f3ry subtelnie dopasowuje si\u0119 do Twojego tempa. Niezale\u017cnie od tego, czy p\u0119dzisz na spotkanie, prowadzisz wa\u017cn\u0105 rozmow\u0119, czy znajdujesz chwil\u0119 na relaks, Tw\u00f3j <strong data-start=\"521\" data-end=\"532\">Rubicon<\/strong> nad\u0105\u017ca za Tob\u0105, dodaj\u0105c elegancji i funkcjonalno\u015bci w ka\u017cdej chwili.<\/span><\/p>\n<p data-start=\"605\" data-end=\"878\"><span style=\"font-size: 12pt;\">Dla kobiet \u2013 subtelny, bi\u017cuteryjny akcent, kt\u00f3ry podkre\u015bla klas\u0119 i nowoczesny styl. Dla m\u0119\u017cczyzn \u2013 technologia w najlepszym wydaniu, kt\u00f3ra \u0142\u0105czy nowatorskie rozwi\u0105zania z perfekcyjn\u0105 jako\u015bci\u0105. <strong data-start=\"798\" data-end=\"809\">Rubicon<\/strong> to wi\u0119cej ni\u017c zegarek \u2013 to detal, kt\u00f3ry podkre\u015bla Twoj\u0105 osobowo\u015b\u0107.<\/span><\/p>\n<p data-start=\"1256\" data-end=\"1356\" data-is-last-node=\"\"><span style=\"font-size: 12pt;\">\u00a0<\/span><\/p>","protected":false},"excerpt":{"rendered":"<p>Smartwatch Damski Rubicon RNCF35 BLACK Bransoleta + Pasek Styl, wygoda, technologia \u2013 Tw\u00f3j dzie\u0144. Tw\u00f3j Rubicon RNCF35. Poranek zaczyna si\u0119 szybciej, ni\u017c by\u015b chcia\u0142a \u2013 kawa stygnie, telefon gdzie\u015b w torebce, a lista zada\u0144 ju\u017c czeka. Si\u0119gasz po Rubicon RNCF35, kt\u00f3ry otula Tw\u00f3j nadgarstek eleganck\u0105, czarn\u0105 bransolet\u0105 mesh, dodaj\u0105c szyku ka\u017cdej stylizacji. Wystarczy jedno spojrzenie [&hellip;]<\/p>","protected":false},"featured_media":994944,"template":"","meta":{"_acf_changed":false},"product_brand":[],"product_cat":[4850,4835],"product_tag":[],"class_list":{"0":"post-994942","1":"product","2":"type-product","3":"status-publish","4":"has-post-thumbnail","6":"product_cat-rubicon","7":"product_cat-smartwatch","9":"first","10":"instock","11":"taxable","12":"shipping-taxable","13":"purchasable","14":"product-type-simple"},"acf":[],"yoast_head":"<!-- This site is optimized with the Yoast SEO plugin v27.2 - https:\/\/yoast.com\/product\/yoast-seo-wordpress\/ -->\n<title>Smartwatch Damski Rubicon RNCF35 BLACK Bransoleta + Pasek<\/title>\n<meta name=\"robots\" content=\"index, follow, max-snippet:-1, max-image-preview:large, max-video-preview:-1\" \/>\n<link rel=\"canonical\" href=\"https:\/\/pauzza.pl\/uk\/\u043f\u0440\u043e\u0434\u0443\u043a\u0442\/smartwatch-damski-rubicon-rncf35-black-bransoleta-pasek\/\" \/>\n<meta property=\"og:locale\" content=\"uk_UA\" \/>\n<meta property=\"og:type\" content=\"article\" \/>\n<meta property=\"og:title\" content=\"Smartwatch Damski Rubicon RNCF35 BLACK Bransoleta + Pasek\" \/>\n<meta property=\"og:description\" content=\"Smartwatch Damski Rubicon RNCF35 BLACK Bransoleta + Pasek Styl, wygoda, technologia \u2013 Tw\u00f3j dzie\u0144. Tw\u00f3j Rubicon RNCF35. Poranek zaczyna si\u0119 szybciej, ni\u017c by\u015b chcia\u0142a \u2013 kawa stygnie, telefon gdzie\u015b w torebce, a lista zada\u0144 ju\u017c czeka. Si\u0119gasz po Rubicon RNCF35, kt\u00f3ry otula Tw\u00f3j nadgarstek eleganck\u0105, czarn\u0105 bransolet\u0105 mesh, dodaj\u0105c szyku ka\u017cdej stylizacji. Wystarczy jedno spojrzenie [&hellip;]\" \/>\n<meta property=\"og:url\" content=\"https:\/\/pauzza.pl\/uk\/\u043f\u0440\u043e\u0434\u0443\u043a\u0442\/smartwatch-damski-rubicon-rncf35-black-bransoleta-pasek\/\" \/>\n<meta property=\"og:site_name\" content=\"Sklep online z damsk\u0105 odzie\u017c\u0105 Pauzza: Damska odzie\u017c. Nowa Kolekcja\" \/>\n<meta property=\"article:modified_time\" content=\"2026-04-13T08:10:43+00:00\" \/>\n<meta property=\"og:image\" content=\"https:\/\/pauzza.pl\/wp-content\/uploads\/2025\/11\/1_max-416.jpg\" \/>\n\t<meta property=\"og:image:width\" content=\"810\" \/>\n\t<meta property=\"og:image:height\" content=\"800\" \/>\n\t<meta property=\"og:image:type\" content=\"image\/jpeg\" \/>\n<meta name=\"twitter:card\" content=\"summary_large_image\" \/>\n<meta name=\"twitter:label1\" content=\"\u041f\u0440\u0438\u0431\u043b. \u0447\u0430\u0441 \u0447\u0438\u0442\u0430\u043d\u043d\u044f\" \/>\n\t<meta name=\"twitter:data1\" content=\"3 \u0445\u0432\u0438\u043b\u0438\u043d\u0438\" \/>\n<script type=\"application\/ld+json\" class=\"yoast-schema-graph\">{\"@context\":\"https:\/\/schema.org\",\"@graph\":[{\"@type\":\"WebPage\",\"@id\":\"https:\/\/pauzza.pl\/produkt\/smartwatch-damski-rubicon-rncf35-black-bransoleta-pasek\/\",\"url\":\"https:\/\/pauzza.pl\/produkt\/smartwatch-damski-rubicon-rncf35-black-bransoleta-pasek\/\",\"name\":\"Smartwatch Damski Rubicon RNCF35 BLACK Bransoleta + Pasek\",\"isPartOf\":{\"@id\":\"https:\/\/pauzza.pl\/#website\"},\"primaryImageOfPage\":{\"@id\":\"https:\/\/pauzza.pl\/produkt\/smartwatch-damski-rubicon-rncf35-black-bransoleta-pasek\/#primaryimage\"},\"image\":{\"@id\":\"https:\/\/pauzza.pl\/produkt\/smartwatch-damski-rubicon-rncf35-black-bransoleta-pasek\/#primaryimage\"},\"thumbnailUrl\":\"https:\/\/pauzza.pl\/wp-content\/uploads\/2025\/11\/1_max-416.jpg\",\"datePublished\":\"2025-11-24T17:29:21+00:00\",\"dateModified\":\"2026-04-13T08:10:43+00:00\",\"breadcrumb\":{\"@id\":\"https:\/\/pauzza.pl\/produkt\/smartwatch-damski-rubicon-rncf35-black-bransoleta-pasek\/#breadcrumb\"},\"inLanguage\":\"uk\",\"potentialAction\":[{\"@type\":\"ReadAction\",\"target\":[\"https:\/\/pauzza.pl\/produkt\/smartwatch-damski-rubicon-rncf35-black-bransoleta-pasek\/\"]}]},{\"@type\":\"ImageObject\",\"inLanguage\":\"uk\",\"@id\":\"https:\/\/pauzza.pl\/produkt\/smartwatch-damski-rubicon-rncf35-black-bransoleta-pasek\/#primaryimage\",\"url\":\"https:\/\/pauzza.pl\/wp-content\/uploads\/2025\/11\/1_max-416.jpg\",\"contentUrl\":\"https:\/\/pauzza.pl\/wp-content\/uploads\/2025\/11\/1_max-416.jpg\",\"width\":810,\"height\":800},{\"@type\":\"BreadcrumbList\",\"@id\":\"https:\/\/pauzza.pl\/produkt\/smartwatch-damski-rubicon-rncf35-black-bransoleta-pasek\/#breadcrumb\",\"itemListElement\":[{\"@type\":\"ListItem\",\"position\":1,\"name\":\"Strona g\u0142\u00f3wna\",\"item\":\"https:\/\/pauzza.pl\/\"},{\"@type\":\"ListItem\",\"position\":2,\"name\":\"Sklep\",\"item\":\"https:\/\/pauzza.pl\/sklep\/\"},{\"@type\":\"ListItem\",\"position\":3,\"name\":\"Smartwatch Damski Rubicon RNCF35 BLACK Bransoleta + Pasek\"}]},{\"@type\":\"WebSite\",\"@id\":\"https:\/\/pauzza.pl\/#website\",\"url\":\"https:\/\/pauzza.pl\/\",\"name\":\"Sklep online z damsk\u0105 odzie\u017c\u0105 Pauzza: Damska odzie\u017c. Nowa Kolekcja\",\"description\":\"Je\u015bli chcesz zadba\u0107 o sw\u00f3j profesjonalny i pe\u0142en klasy wygl\u0105d w pracy butik online Pauzza, to strza\u0142 w dziesi\u0105tk\u0119! U nas znajdziesz szeroki wyb\u00f3r \u017cakiet\u00f3w, koszul, kurtek, sukienek, sp\u00f3dnic i wiele wiecej\",\"publisher\":{\"@id\":\"https:\/\/pauzza.pl\/#organization\"},\"potentialAction\":[{\"@type\":\"SearchAction\",\"target\":{\"@type\":\"EntryPoint\",\"urlTemplate\":\"https:\/\/pauzza.pl\/?s={search_term_string}\"},\"query-input\":{\"@type\":\"PropertyValueSpecification\",\"valueRequired\":true,\"valueName\":\"search_term_string\"}}],\"inLanguage\":\"uk\"},{\"@type\":\"Organization\",\"@id\":\"https:\/\/pauzza.pl\/#organization\",\"name\":\"Sklep online z damsk\u0105 odzie\u017c\u0105 Pauzza: Damska odzie\u017c. Nowa Kolekcja\",\"url\":\"https:\/\/pauzza.pl\/\",\"logo\":{\"@type\":\"ImageObject\",\"inLanguage\":\"uk\",\"@id\":\"https:\/\/pauzza.pl\/#\/schema\/logo\/image\/\",\"url\":\"https:\/\/pauzza.pl\/wp-content\/uploads\/2024\/01\/pauzzaw.png\",\"contentUrl\":\"https:\/\/pauzza.pl\/wp-content\/uploads\/2024\/01\/pauzzaw.png\",\"width\":350,\"height\":100,\"caption\":\"Sklep online z damsk\u0105 odzie\u017c\u0105 Pauzza: Damska odzie\u017c. Nowa Kolekcja\"},\"image\":{\"@id\":\"https:\/\/pauzza.pl\/#\/schema\/logo\/image\/\"}}]}<\/script>\n<!-- \/ Yoast SEO plugin. -->","yoast_head_json":{"title":"Smartwatch Damski Rubicon RNCF35 BLACK Bransoleta + Pasek","robots":{"index":"index","follow":"follow","max-snippet":"max-snippet:-1","max-image-preview":"max-image-preview:large","max-video-preview":"max-video-preview:-1"},"canonical":"https:\/\/pauzza.pl\/uk\/\u043f\u0440\u043e\u0434\u0443\u043a\u0442\/smartwatch-damski-rubicon-rncf35-black-bransoleta-pasek\/","og_locale":"uk_UA","og_type":"article","og_title":"Smartwatch Damski Rubicon RNCF35 BLACK Bransoleta + Pasek","og_description":"Smartwatch Damski Rubicon RNCF35 BLACK Bransoleta + Pasek Styl, wygoda, technologia \u2013 Tw\u00f3j dzie\u0144. Tw\u00f3j Rubicon RNCF35. Poranek zaczyna si\u0119 szybciej, ni\u017c by\u015b chcia\u0142a \u2013 kawa stygnie, telefon gdzie\u015b w torebce, a lista zada\u0144 ju\u017c czeka. Si\u0119gasz po Rubicon RNCF35, kt\u00f3ry otula Tw\u00f3j nadgarstek eleganck\u0105, czarn\u0105 bransolet\u0105 mesh, dodaj\u0105c szyku ka\u017cdej stylizacji. Wystarczy jedno spojrzenie [&hellip;]","og_url":"https:\/\/pauzza.pl\/uk\/\u043f\u0440\u043e\u0434\u0443\u043a\u0442\/smartwatch-damski-rubicon-rncf35-black-bransoleta-pasek\/","og_site_name":"Sklep online z damsk\u0105 odzie\u017c\u0105 Pauzza: Damska odzie\u017c. Nowa Kolekcja","article_modified_time":"2026-04-13T08:10:43+00:00","og_image":[{"width":810,"height":800,"url":"https:\/\/pauzza.pl\/wp-content\/uploads\/2025\/11\/1_max-416.jpg","type":"image\/jpeg"}],"twitter_card":"summary_large_image","twitter_misc":{"\u041f\u0440\u0438\u0431\u043b. \u0447\u0430\u0441 \u0447\u0438\u0442\u0430\u043d\u043d\u044f":"3 \u0445\u0432\u0438\u043b\u0438\u043d\u0438"},"schema":{"@context":"https:\/\/schema.org","@graph":[{"@type":"WebPage","@id":"https:\/\/pauzza.pl\/produkt\/smartwatch-damski-rubicon-rncf35-black-bransoleta-pasek\/","url":"https:\/\/pauzza.pl\/produkt\/smartwatch-damski-rubicon-rncf35-black-bransoleta-pasek\/","name":"Smartwatch Damski Rubicon RNCF35 BLACK Bransoleta + Pasek","isPartOf":{"@id":"https:\/\/pauzza.pl\/#website"},"primaryImageOfPage":{"@id":"https:\/\/pauzza.pl\/produkt\/smartwatch-damski-rubicon-rncf35-black-bransoleta-pasek\/#primaryimage"},"image":{"@id":"https:\/\/pauzza.pl\/produkt\/smartwatch-damski-rubicon-rncf35-black-bransoleta-pasek\/#primaryimage"},"thumbnailUrl":"https:\/\/pauzza.pl\/wp-content\/uploads\/2025\/11\/1_max-416.jpg","datePublished":"2025-11-24T17:29:21+00:00","dateModified":"2026-04-13T08:10:43+00:00","breadcrumb":{"@id":"https:\/\/pauzza.pl\/produkt\/smartwatch-damski-rubicon-rncf35-black-bransoleta-pasek\/#breadcrumb"},"inLanguage":"uk","potentialAction":[{"@type":"ReadAction","target":["https:\/\/pauzza.pl\/produkt\/smartwatch-damski-rubicon-rncf35-black-bransoleta-pasek\/"]}]},{"@type":"ImageObject","inLanguage":"uk","@id":"https:\/\/pauzza.pl\/produkt\/smartwatch-damski-rubicon-rncf35-black-bransoleta-pasek\/#primaryimage","url":"https:\/\/pauzza.pl\/wp-content\/uploads\/2025\/11\/1_max-416.jpg","contentUrl":"https:\/\/pauzza.pl\/wp-content\/uploads\/2025\/11\/1_max-416.jpg","width":810,"height":800},{"@type":"BreadcrumbList","@id":"https:\/\/pauzza.pl\/produkt\/smartwatch-damski-rubicon-rncf35-black-bransoleta-pasek\/#breadcrumb","itemListElement":[{"@type":"ListItem","position":1,"name":"Strona g\u0142\u00f3wna","item":"https:\/\/pauzza.pl\/"},{"@type":"ListItem","position":2,"name":"Sklep","item":"https:\/\/pauzza.pl\/sklep\/"},{"@type":"ListItem","position":3,"name":"Smartwatch Damski Rubicon RNCF35 BLACK Bransoleta + Pasek"}]},{"@type":"WebSite","@id":"https:\/\/pauzza.pl\/#website","url":"https:\/\/pauzza.pl\/","name":"\u0406\u043d\u0442\u0435\u0440\u043d\u0435\u0442 \u043c\u0430\u0433\u0430\u0437\u0438\u043d \u0436\u0456\u043d\u043e\u0447\u043e\u0433\u043e \u043e\u0434\u044f\u0433\u0443 Pauzza: \u0416\u0456\u043d\u043e\u0447\u0438\u0439 \u043e\u0434\u044f\u0433. \u041d\u043e\u0432\u0430 \u043a\u043e\u043b\u0435\u043a\u0446\u0456\u044f","description":"\u042f\u043a\u0449\u043e \u0432\u0438 \u0445\u043e\u0447\u0435\u0442\u0435 \u043f\u043e\u0434\u0431\u0430\u0442\u0438 \u043f\u0440\u043e \u0441\u0432\u0456\u0439 \u043f\u0440\u043e\u0444\u0435\u0441\u0456\u0439\u043d\u0438\u0439 \u0442\u0430 \u0441\u0442\u0438\u043b\u044c\u043d\u0438\u0439 \u0432\u0438\u0433\u043b\u044f\u0434 \u043d\u0430 \u0440\u043e\u0431\u043e\u0442\u0456, \u043e\u043d\u043b\u0430\u0439\u043d-\u0431\u0443\u0442\u0456\u043a Pauzza - \u0446\u0435 \u0445\u0456\u0442! \u0422\u0443\u0442 \u0432\u0438 \u0437\u043d\u0430\u0439\u0434\u0435\u0442\u0435 \u0448\u0438\u0440\u043e\u043a\u0438\u0439 \u0432\u0438\u0431\u0456\u0440 \u043f\u0456\u0434\u0436\u0430\u043a\u0456\u0432, \u0441\u043e\u0440\u043e\u0447\u043e\u043a, \u0436\u0430\u043a\u0435\u0442\u0456\u0432, \u0441\u0443\u043a\u043e\u043d\u044c, \u0441\u043f\u0456\u0434\u043d\u0438\u0446\u044c \u0442\u0430 \u0431\u0430\u0433\u0430\u0442\u043e \u0456\u043d\u0448\u043e\u0433\u043e.","publisher":{"@id":"https:\/\/pauzza.pl\/#organization"},"potentialAction":[{"@type":"SearchAction","target":{"@type":"EntryPoint","urlTemplate":"https:\/\/pauzza.pl\/?s={search_term_string}"},"query-input":{"@type":"PropertyValueSpecification","valueRequired":true,"valueName":"search_term_string"}}],"inLanguage":"uk"},{"@type":"Organization","@id":"https:\/\/pauzza.pl\/#organization","name":"\u0406\u043d\u0442\u0435\u0440\u043d\u0435\u0442 \u043c\u0430\u0433\u0430\u0437\u0438\u043d \u0436\u0456\u043d\u043e\u0447\u043e\u0433\u043e \u043e\u0434\u044f\u0433\u0443 Pauzza: \u0416\u0456\u043d\u043e\u0447\u0438\u0439 \u043e\u0434\u044f\u0433. \u041d\u043e\u0432\u0430 \u043a\u043e\u043b\u0435\u043a\u0446\u0456\u044f","url":"https:\/\/pauzza.pl\/","logo":{"@type":"ImageObject","inLanguage":"uk","@id":"https:\/\/pauzza.pl\/#\/schema\/logo\/image\/","url":"https:\/\/pauzza.pl\/wp-content\/uploads\/2024\/01\/pauzzaw.png","contentUrl":"https:\/\/pauzza.pl\/wp-content\/uploads\/2024\/01\/pauzzaw.png","width":350,"height":100,"caption":"Sklep online z damsk\u0105 odzie\u017c\u0105 Pauzza: Damska odzie\u017c. Nowa Kolekcja"},"image":{"@id":"https:\/\/pauzza.pl\/#\/schema\/logo\/image\/"}}]}},"_links":{"self":[{"href":"https:\/\/pauzza.pl\/uk\/wp-json\/wp\/v2\/product\/994942","targetHints":{"allow":["GET"]}}],"collection":[{"href":"https:\/\/pauzza.pl\/uk\/wp-json\/wp\/v2\/product"}],"about":[{"href":"https:\/\/pauzza.pl\/uk\/wp-json\/wp\/v2\/types\/product"}],"wp:featuredmedia":[{"embeddable":true,"href":"https:\/\/pauzza.pl\/uk\/wp-json\/wp\/v2\/media\/994944"}],"wp:attachment":[{"href":"https:\/\/pauzza.pl\/uk\/wp-json\/wp\/v2\/media?parent=994942"}],"wp:term":[{"taxonomy":"product_brand","embeddable":true,"href":"https:\/\/pauzza.pl\/uk\/wp-json\/wp\/v2\/product_brand?post=994942"},{"taxonomy":"product_cat","embeddable":true,"href":"https:\/\/pauzza.pl\/uk\/wp-json\/wp\/v2\/product_cat?post=994942"},{"taxonomy":"product_tag","embeddable":true,"href":"https:\/\/pauzza.pl\/uk\/wp-json\/wp\/v2\/product_tag?post=994942"}],"curies":[{"name":"wp","href":"https:\/\/api.w.org\/{rel}","templated":true}]}}