{"id":994888,"date":"2025-11-24T18:28:53","date_gmt":"2025-11-24T17:28:53","guid":{"rendered":"https:\/\/pauzza.pl\/produkt\/smartwatch-damski-rubicon-rncf31-rose-gold-bransoleta-2-paski\/"},"modified":"2026-05-06T18:39:35","modified_gmt":"2026-05-06T16:39:35","slug":"smartwatch-damski-rubicon-rncf31-rose-gold-bransoleta-2-paski","status":"publish","type":"product","link":"https:\/\/pauzza.pl\/uk\/%d0%bf%d1%80%d0%be%d0%b4%d1%83%d0%ba%d1%82\/smartwatch-damski-rubicon-rncf31-rose-gold-bransoleta-2-paski\/","title":{"rendered":"Smartwatch Damski Rubicon RNCF31 ROSE GOLD Bransoleta + 2 Paski"},"content":{"rendered":"<p class=\"def\"><strong><span style=\"font-size: 18pt;\"><br \/>Smartwatch Damski Rubicon RNCF31 ROSE GOLD Bransoleta + 2 Paski<br \/><\/span><\/strong><\/p>\n<p class=\"def\">\u00a0<\/p>\n<p class=\"def\"><strong><span style=\"font-size: 12pt;\">\u017byj w swoim stylu, z lekko\u015bci\u0105 i klas\u0105 \u2013 Tw\u00f3j Rubicon RNCF31.<\/span><\/strong><\/p>\n<p data-start=\"59\" data-end=\"617\"><span style=\"font-size: 12pt;\">Tw\u00f3j dzie\u0144 zaczyna si\u0119 szybko, ale Ty wci\u0105\u017c masz wszystko pod kontrol\u0105. <strong data-start=\"131\" data-end=\"149\">Rubicon RNCF31<\/strong> subtelnie oplata Tw\u00f3j nadgarstek <strong data-start=\"183\" data-end=\"232\">delikatn\u0105 bransolet\u0105 w kolorze r\u00f3\u017cowego z\u0142ota<\/strong>, podkre\u015blaj\u0105c smuk\u0142o\u015b\u0107 Twojej d\u0142oni. Jego <strong data-start=\"275\" data-end=\"303\">lekka i kompaktowa forma<\/strong> sprawia, \u017ce niemal zapominasz, \u017ce masz go na r\u0119ce \u2013 a\u017c do momentu, gdy jedno mu\u015bni\u0119cie <strong data-start=\"391\" data-end=\"451\">multidotykowego wy\u015bwietlacza AMOLED 1.75\u201d (390 x 450 px)<\/strong> pozwala sprawdzi\u0107 powiadomienia lub dopasowa\u0107 tarcz\u0119 do Twojego nastroju. <strong data-start=\"526\" data-end=\"615\">Dzie\u0144 pe\u0142en spotka\u0144? Klasyczna elegancja. Weekendowy luz? Minimalistyczna subtelno\u015b\u0107.<\/strong><\/span><\/p>\n<p data-start=\"619\" data-end=\"995\"><span style=\"font-size: 12pt;\">W biegu mi\u0119dzy obowi\u0105zkami telefon mo\u017ce spokojnie zosta\u0107 w torebce \u2013 <strong data-start=\"688\" data-end=\"736\">Bluetooth Call, wbudowany mikrofon i g\u0142o\u015bnik<\/strong> pozwalaj\u0105 odbiera\u0107 po\u0142\u0105czenia z poziomu nadgarstka, zapewniaj\u0105c wygod\u0119 i dyskrecj\u0119. A gdy wieczorem masz ochot\u0119 na lekk\u0105 zmian\u0119, <strong data-start=\"866\" data-end=\"945\">wystarczy wymieni\u0107 bransolet\u0119 na r\u00f3\u017cowy lub jasnofioletowy pasek silikonowy<\/strong>, by doda\u0107 stylizacji odrobiny \u015bwie\u017co\u015bci i luzu.<\/span><\/p>\n<p data-start=\"619\" data-end=\"995\"><span style=\"font-size: 12pt;\"><strong data-start=\"0\" data-end=\"18\">Rubicon RNCF31<\/strong> wspiera r\u00f3wnie\u017c Tw\u00f3j aktywny styl \u017cycia dzi\u0119ki\u00a0<strong data-start=\"53\" data-end=\"77\">100 trybom sportowym<\/strong>, kt\u00f3re dopasuj\u0105 si\u0119 do ka\u017cdej formy ruchu \u2013 od jogi, przez bieganie, a\u017c po intensywne treningi si\u0142owe. Po wysi\u0142ku <strong data-start=\"192\" data-end=\"224\">funkcja treningu oddechowego<\/strong> pomo\u017ce Ci si\u0119 zrelaksowa\u0107, przywracaj\u0105c harmoni\u0119 cia\u0142u i umys\u0142owi.<\/span><\/p>\n<p data-start=\"997\" data-end=\"1226\"><span style=\"font-size: 12pt;\"><strong data-start=\"997\" data-end=\"1015\">Rubicon RNCF31<\/strong> to wi\u0119cej ni\u017c smartwatch \u2013 to delikatny akcent luksusu, kt\u00f3ry harmonijnie dopasowuje si\u0119 do Twojego rytmu. Elegancki, lekki i pe\u0142en nowoczesnych rozwi\u0105za\u0144, jest idealnym towarzyszem od \u015bwitu do zmierzchu.<\/span><\/p>\n<p>\u00a0<\/p>\n<p><span style=\"font-size: 12pt;\"><br \/><strong>Opis produktu:<\/strong><\/span><\/p>\n<ul style=\"margin-top: 0cm;\" type=\"disc\">\n<li class=\"MsoNormal\" style=\"font-size: 12pt;\"><span style=\"font-size: 12pt;\">\u041c\u0435\u043d\u044e\u00a0<b>( 4\u00a0motywy\u00a0)<\/b>\u00a0i aplikacja w j\u0119zyku polskim !<\/span><\/li>\n<li class=\"MsoNormal\" style=\"font-size: 12pt;\"><span style=\"font-size: 12pt;\">wy\u015bwietlacz MULTIdotyk\u00a0<b>AMOLED<\/b>\u00a0<b>1.75\u201d !!!\u00a0<\/b>( REWELACYJNA jasno\u015b\u0107 , kolory i rozdzielczo\u015b\u0107 !!! )<\/span><\/li>\n<li class=\"MsoNormal\" style=\"font-size: 12pt;\"><span style=\"font-size: 12pt;\">wysoka rozdzielczo\u015b\u0107:\u00a0<b>390*450<\/b>\u00a0pikseli<\/span><\/li>\n<li class=\"MsoNormal\" style=\"font-size: 12pt;\"><span style=\"font-size: 12pt;\">tarcza: 7\u00a0motyw\u00f3w\u00a0do wyboru\u00a0<b>+ tarcze do pobrania z\u00a0aplikacji!\u00a0+ w\u0142asne tarcze! animowana grafika !<\/b><\/span><\/li>\n<li class=\"MsoNormal\" style=\"font-size: 12pt;\"><span style=\"font-size: 12pt;\"><b>NOWO\u015a\u0106! w trybie TARCZY &#8211;\u00a0\u00a0boczny wysuwany Panel szybkiego dost\u0119pu do aplikacji w smartfonie !<\/b><\/span><\/li>\n<li class=\"MsoNormal\" style=\"font-size: 12pt;\"><span style=\"font-size: 12pt;\"><b>NOWO\u015a\u0106! &#8211; ALWAYS ON DISPLAY !!!\u00a0<\/b>(<b>\u00a0<\/b>Funkcja ta polega na sta\u0142ym wy\u015bwietlaniu na\u00a0ekranie smartwatcha w trybie czuwania zegara , 2 tryby &#8211; zegar analogowy lub cyfrowy , mo\u017cliwo\u015b\u0107 w\u0142\/wy\u0142. funkcji )<\/span><\/li>\n<li class=\"MsoNormal\" style=\"font-size: 12pt;\"><span style=\"font-size: 12pt;\"><b>Bluetooth Call ! wbudowany mikrofon i g\u0142o\u015bnik\u00a0<\/b>( mo\u017cliwo\u015b\u0107 szybkiego w\u0142 \/ wy\u0142 z pozycji smartwatcha ! )<\/span><\/li>\n<li class=\"MsoNormal\" style=\"font-size: 12pt;\"><span style=\"font-size: 12pt;\">odbieranie i wykonywanie po\u0142\u0105cze\u0144 + spis po\u0142\u0105cze\u0144<\/span><\/li>\n<li class=\"MsoNormal\" style=\"font-size: 12pt;\"><span style=\"font-size: 12pt;\">procesor: BT8959<\/span><\/li>\n<li class=\"MsoNormal\" style=\"font-size: 12pt;\"><span style=\"font-size: 12pt;\">Bluetooth\u00a0<b>5.3! ( oszcz\u0119dny i szybki )<\/b><\/span><\/li>\n<li class=\"MsoNormal\" style=\"font-size: 12pt;\"><span style=\"font-size: 12pt;\">wodoszczelno\u015b\u0107:\u00a0odporny na zachlapania<\/span><\/li>\n<li class=\"MsoNormal\" style=\"font-size: 12pt;\"><span style=\"font-size: 12pt;\">koperta wykonana stopu metalu, pokryta metod\u0105 IPS\/IPG,\u00a0\u00a0nie zawiera niklu, jest HiPOALERGiCZNA !<\/span><\/li>\n<li class=\"MsoNormal\" style=\"font-size: 12pt;\"><span style=\"font-size: 12pt;\">mo\u017cliwo\u015b\u0107 wymiany paska \u00a0( 20mm )<\/span><\/li>\n<li class=\"MsoNormal\" style=\"font-size: 12pt;\"><span style=\"font-size: 12pt;\">szkie\u0142ko mineralne<b>\u00a02.5D<\/b><\/span><\/li>\n<li class=\"MsoNormal\" style=\"font-size: 12pt;\"><span style=\"font-size: 12pt;\">Super Bateria:\u00a0<b>230 mAh !<\/b><\/span><\/li>\n<li class=\"MsoNormal\" style=\"font-size: 12pt;\"><span style=\"font-size: 12pt;\">wsp\u00f3\u0142praca z oprogramowaniem\u00a0iOS i Android<\/span><\/li>\n<li class=\"MsoNormal\" style=\"font-size: 12pt;\"><span style=\"font-size: 12pt;\">aplikacja: FitCloudPro<\/span><\/li>\n<\/ul>\n<p>\u00a0<\/p>\n<p>\u00a0<\/p>\n<p><span style=\"font-size: 12pt;\"><strong>Funkcje:<\/strong><\/span><\/p>\n<ul style=\"list-style-type: square;\">\n<li class=\"MsoNormal\" style=\"font-size: 12pt;\"><span style=\"font-size: 12pt;\">100+\u00a0tryb\u00f3w\u00a0sportowych\u00a0+ trening oddechu\u00a0<\/span><\/li>\n<li class=\"MsoNormal\" style=\"font-size: 12pt;\"><span style=\"font-size: 12pt;\">krokomierz, licznik kalorii<\/span><\/li>\n<li class=\"MsoNormal\" style=\"font-size: 12pt;\"><span style=\"font-size: 12pt;\">pomiar t\u0119tna ( PULSOMETR ),\u00a0pomiar tlenu we krwi ( PULSOKSYMETR), pomiar ci\u015bnienia<\/span><\/li>\n<li class=\"MsoNormal\" style=\"font-size: 12pt;\"><span style=\"font-size: 12pt;\">monitor snu<\/span><\/li>\n<li class=\"MsoNormal\" style=\"font-size: 12pt;\"><span style=\"font-size: 12pt;\">cykl miesi\u0105czkowy<\/span><\/li>\n<li class=\"MsoNormal\" style=\"font-size: 12pt;\"><span style=\"font-size: 12pt;\">przypomnienie o\u00a0wypiciu wody,\u00a0ruchu<\/span><\/li>\n<li class=\"MsoNormal\" style=\"font-size: 12pt;\"><span style=\"font-size: 12pt;\">powiadomienie po\u0142\u0105cze\u0144 przychodz\u0105cych<\/span><\/li>\n<li class=\"MsoNormal\" style=\"font-size: 12pt;\"><span style=\"font-size: 12pt;\">powiadomienia:\u00a0Facebook, SMS, Twitter, WhatsApp, itp.<\/span><\/li>\n<li class=\"MsoNormal\" style=\"font-size: 12pt;\"><span style=\"font-size: 12pt;\">alarm\u00a0\/ budzik \/ timer\u00a0<\/span><\/li>\n<li class=\"MsoNormal\" style=\"font-size: 12pt;\"><span style=\"font-size: 12pt;\">kalkulator<\/span><\/li>\n<li class=\"MsoNormal\" style=\"font-size: 12pt;\"><span style=\"font-size: 12pt;\">gra<\/span><\/li>\n<li class=\"MsoNormal\" style=\"font-size: 12pt;\"><span style=\"font-size: 12pt;\">kompas<\/span><\/li>\n<li class=\"MsoNormal\" style=\"font-size: 12pt;\"><span style=\"font-size: 12pt;\">infrormacje o pogodzie<\/span><\/li>\n<li class=\"MsoNormal\" style=\"font-size: 12pt;\"><span style=\"font-size: 12pt;\">zdalne zdj\u0119cia<\/span><\/li>\n<li class=\"MsoNormal\" style=\"font-size: 12pt;\"><span style=\"font-size: 12pt;\">sterowanie odtwarzaczem MP3 w telefonie dodatkowo z funkcj\u0105\u00a0<b>volume control !<\/b><\/span><\/li>\n<li class=\"MsoNormal\" style=\"font-size: 12pt;\"><span style=\"font-size: 12pt;\">funkcja: znajd\u017a\u00a0urz\u0105dzenie<\/span><\/li>\n<\/ul>\n<p>\u00a0<\/p>\n<p>\u00a0<\/p>\n<p><strong><span style=\"font-size: 12pt;\">Wymiary dopasowane do kobiecego nadgarstka:<\/span><\/strong><\/p>\n<ul style=\"margin-top: 0cm;\" type=\"disc\">\n<li class=\"MsoNormal\" style=\"font-size: 12pt;\"><span style=\"font-size: 12pt;\">\u015arednica koperty: 40 mm x 35 mm<\/span><\/li>\n<li class=\"MsoNormal\" style=\"font-size: 12pt;\"><span style=\"font-size: 12pt;\">Grubo\u015b\u0107 koperty: 10 mm<\/span><\/li>\n<\/ul>\n<ul style=\"list-style-type: square;\">\n<li style=\"font-size: 12pt;\"><span style=\"font-size: 12pt;\">Bransoleta: 20 mm<\/span><\/li>\n<li style=\"font-size: 12pt;\"><span style=\"font-size: 12pt;\">Pasek: 20 mm<\/span><\/li>\n<\/ul>\n<p>\u00a0<\/p>\n<p><strong><span style=\"font-size: 12pt;\">Kolorystyka:<\/span><\/strong><\/p>\n<ul style=\"list-style-type: square;\">\n<li><span style=\"font-size: 12pt;\">Koperta: r\u00f3\u017cowe z\u0142oto<\/span><\/li>\n<li><span style=\"font-size: 12pt;\">Bransoleta mesh: r\u00f3\u017cowe z\u0142oto<br \/><\/span><\/li>\n<li><span style=\"font-size: 12pt;\">Pasek silikonowy: r\u00f3\u017cowy + jasnofioletowy<\/span><\/li>\n<\/ul>\n<p>\u00a0<\/p>\n<p><strong><span style=\"font-size: 12pt;\">W ZESTAWIE OTRZYMASZ:<\/span><\/strong><\/p>\n<ul>\n<li><span style=\"font-size: 12pt;\">smartwatch + bransoleta mesh + pasek silikonowy ( 2 szt. )<\/span><\/li>\n<li><span style=\"font-size: 12pt;\">kabel \u0142adowania USB<\/span><\/li>\n<li><span style=\"font-size: 12pt;\">instrukcja PL<\/span><\/li>\n<\/ul>\n<p>\u00a0<\/p>\n<p>\u00a0<\/p>\n<p data-start=\"59\" data-end=\"267\"><span style=\"font-size: 14pt;\"><strong data-start=\"882\" data-end=\"923\" data-is-last-node=\"\">Nie mierz czasu \u2013 tw\u00f3rz go ze SMARTWATCHEM Rubicon<\/p>\n<p><\/strong><\/span><\/p>\n<p data-start=\"59\" data-end=\"267\"><span style=\"font-size: 12pt;\">Od 1998 roku\u00a0<strong data-start=\"72\" data-end=\"83\">Rubicon<\/strong> kreuje czas na w\u0142asnych zasadach, \u0142\u0105cz\u0105c precyzj\u0119 z wyrafinowanym designem. To marka dla tych, kt\u00f3rzy nie tylko pod\u0105\u017caj\u0105 za czasem, ale r\u00f3wnie\u017c chc\u0105 go prze\u017cywa\u0107 w najlepszym stylu.<\/span><\/p>\n<p data-start=\"269\" data-end=\"603\"><span style=\"font-size: 12pt;\"><strong>Rubicon smartwatch <\/strong>nie jest jedynie gad\u017cetem \u2013 to codzienny towarzysz, kt\u00f3ry subtelnie dopasowuje si\u0119 do Twojego tempa. Niezale\u017cnie od tego, czy p\u0119dzisz na spotkanie, prowadzisz wa\u017cn\u0105 rozmow\u0119, czy znajdujesz chwil\u0119 na relaks, Tw\u00f3j <strong data-start=\"521\" data-end=\"532\">Rubicon<\/strong> nad\u0105\u017ca za Tob\u0105, dodaj\u0105c elegancji i funkcjonalno\u015bci w ka\u017cdej chwili.<\/span><\/p>\n<p data-start=\"605\" data-end=\"878\"><span style=\"font-size: 12pt;\">Dla kobiet \u2013 subtelny, bi\u017cuteryjny akcent, kt\u00f3ry podkre\u015bla klas\u0119 i nowoczesny styl. Dla m\u0119\u017cczyzn \u2013 technologia w <\/span><\/p>\n<p data-start=\"605\" data-end=\"878\"><span style=\"font-size: 12pt;\">najlepszym wydaniu, kt\u00f3ra \u0142\u0105czy nowatorskie rozwi\u0105zania z perfekcyjn\u0105 jako\u015bci\u0105.\u00a0<strong data-start=\"798\" data-end=\"809\">Rubicon<\/strong> to wi\u0119cej ni\u017c zegarek \u2013 to detal, kt\u00f3ry podkre\u015bla Twoj\u0105 oso<\/span><\/p>\n<p data-start=\"1256\" data-end=\"1356\" data-is-last-node=\"\"><span style=\"font-size: 12pt;\">\u00a0<\/span><\/p>","protected":false},"excerpt":{"rendered":"<p>Smartwatch Damski Rubicon RNCF31 ROSE GOLD Bransoleta + 2 Paski \u00a0 \u017byj w swoim stylu, z lekko\u015bci\u0105 i klas\u0105 \u2013 Tw\u00f3j Rubicon RNCF31. Tw\u00f3j dzie\u0144 zaczyna si\u0119 szybko, ale Ty wci\u0105\u017c masz wszystko pod kontrol\u0105. Rubicon RNCF31 subtelnie oplata Tw\u00f3j nadgarstek delikatn\u0105 bransolet\u0105 w kolorze r\u00f3\u017cowego z\u0142ota, podkre\u015blaj\u0105c smuk\u0142o\u015b\u0107 Twojej d\u0142oni. Jego lekka i kompaktowa [&hellip;]<\/p>","protected":false},"featured_media":994890,"template":"","meta":{"_acf_changed":false},"product_brand":[],"product_cat":[4850,4835],"product_tag":[],"class_list":{"0":"post-994888","1":"product","2":"type-product","3":"status-publish","4":"has-post-thumbnail","6":"product_cat-rubicon","7":"product_cat-smartwatch","9":"first","10":"outofstock","11":"taxable","12":"shipping-taxable","13":"purchasable","14":"product-type-simple"},"acf":[],"yoast_head":"<!-- This site is optimized with the Yoast SEO plugin v27.2 - https:\/\/yoast.com\/product\/yoast-seo-wordpress\/ -->\n<title>Smartwatch Damski Rubicon RNCF31 ROSE GOLD Bransoleta + 2 Paski<\/title>\n<meta name=\"robots\" content=\"index, follow, max-snippet:-1, max-image-preview:large, max-video-preview:-1\" \/>\n<link rel=\"canonical\" href=\"https:\/\/pauzza.pl\/uk\/\u043f\u0440\u043e\u0434\u0443\u043a\u0442\/smartwatch-damski-rubicon-rncf31-rose-gold-bransoleta-2-paski\/\" \/>\n<meta property=\"og:locale\" content=\"uk_UA\" \/>\n<meta property=\"og:type\" content=\"article\" \/>\n<meta property=\"og:title\" content=\"Smartwatch Damski Rubicon RNCF31 ROSE GOLD Bransoleta + 2 Paski\" \/>\n<meta property=\"og:description\" content=\"Smartwatch Damski Rubicon RNCF31 ROSE GOLD Bransoleta + 2 Paski \u00a0 \u017byj w swoim stylu, z lekko\u015bci\u0105 i klas\u0105 \u2013 Tw\u00f3j Rubicon RNCF31. Tw\u00f3j dzie\u0144 zaczyna si\u0119 szybko, ale Ty wci\u0105\u017c masz wszystko pod kontrol\u0105. Rubicon RNCF31 subtelnie oplata Tw\u00f3j nadgarstek delikatn\u0105 bransolet\u0105 w kolorze r\u00f3\u017cowego z\u0142ota, podkre\u015blaj\u0105c smuk\u0142o\u015b\u0107 Twojej d\u0142oni. Jego lekka i kompaktowa [&hellip;]\" \/>\n<meta property=\"og:url\" content=\"https:\/\/pauzza.pl\/uk\/\u043f\u0440\u043e\u0434\u0443\u043a\u0442\/smartwatch-damski-rubicon-rncf31-rose-gold-bransoleta-2-paski\/\" \/>\n<meta property=\"og:site_name\" content=\"Sklep online z damsk\u0105 odzie\u017c\u0105 Pauzza: Damska odzie\u017c. Nowa Kolekcja\" \/>\n<meta property=\"article:modified_time\" content=\"2026-05-06T16:39:35+00:00\" \/>\n<meta property=\"og:image\" content=\"https:\/\/pauzza.pl\/wp-content\/uploads\/2025\/11\/1_max-412.jpg\" \/>\n\t<meta property=\"og:image:width\" content=\"810\" \/>\n\t<meta property=\"og:image:height\" content=\"800\" \/>\n\t<meta property=\"og:image:type\" content=\"image\/jpeg\" \/>\n<meta name=\"twitter:card\" content=\"summary_large_image\" \/>\n<meta name=\"twitter:label1\" content=\"\u041f\u0440\u0438\u0431\u043b. \u0447\u0430\u0441 \u0447\u0438\u0442\u0430\u043d\u043d\u044f\" \/>\n\t<meta name=\"twitter:data1\" content=\"3 \u0445\u0432\u0438\u043b\u0438\u043d\u0438\" \/>\n<script type=\"application\/ld+json\" class=\"yoast-schema-graph\">{\"@context\":\"https:\/\/schema.org\",\"@graph\":[{\"@type\":\"WebPage\",\"@id\":\"https:\/\/pauzza.pl\/produkt\/smartwatch-damski-rubicon-rncf31-rose-gold-bransoleta-2-paski\/\",\"url\":\"https:\/\/pauzza.pl\/produkt\/smartwatch-damski-rubicon-rncf31-rose-gold-bransoleta-2-paski\/\",\"name\":\"Smartwatch Damski Rubicon RNCF31 ROSE GOLD Bransoleta + 2 Paski\",\"isPartOf\":{\"@id\":\"https:\/\/pauzza.pl\/#website\"},\"primaryImageOfPage\":{\"@id\":\"https:\/\/pauzza.pl\/produkt\/smartwatch-damski-rubicon-rncf31-rose-gold-bransoleta-2-paski\/#primaryimage\"},\"image\":{\"@id\":\"https:\/\/pauzza.pl\/produkt\/smartwatch-damski-rubicon-rncf31-rose-gold-bransoleta-2-paski\/#primaryimage\"},\"thumbnailUrl\":\"https:\/\/pauzza.pl\/wp-content\/uploads\/2025\/11\/1_max-412.jpg\",\"datePublished\":\"2025-11-24T17:28:53+00:00\",\"dateModified\":\"2026-05-06T16:39:35+00:00\",\"breadcrumb\":{\"@id\":\"https:\/\/pauzza.pl\/produkt\/smartwatch-damski-rubicon-rncf31-rose-gold-bransoleta-2-paski\/#breadcrumb\"},\"inLanguage\":\"uk\",\"potentialAction\":[{\"@type\":\"ReadAction\",\"target\":[\"https:\/\/pauzza.pl\/produkt\/smartwatch-damski-rubicon-rncf31-rose-gold-bransoleta-2-paski\/\"]}]},{\"@type\":\"ImageObject\",\"inLanguage\":\"uk\",\"@id\":\"https:\/\/pauzza.pl\/produkt\/smartwatch-damski-rubicon-rncf31-rose-gold-bransoleta-2-paski\/#primaryimage\",\"url\":\"https:\/\/pauzza.pl\/wp-content\/uploads\/2025\/11\/1_max-412.jpg\",\"contentUrl\":\"https:\/\/pauzza.pl\/wp-content\/uploads\/2025\/11\/1_max-412.jpg\",\"width\":810,\"height\":800},{\"@type\":\"BreadcrumbList\",\"@id\":\"https:\/\/pauzza.pl\/produkt\/smartwatch-damski-rubicon-rncf31-rose-gold-bransoleta-2-paski\/#breadcrumb\",\"itemListElement\":[{\"@type\":\"ListItem\",\"position\":1,\"name\":\"Strona g\u0142\u00f3wna\",\"item\":\"https:\/\/pauzza.pl\/\"},{\"@type\":\"ListItem\",\"position\":2,\"name\":\"Sklep\",\"item\":\"https:\/\/pauzza.pl\/sklep\/\"},{\"@type\":\"ListItem\",\"position\":3,\"name\":\"Smartwatch Damski Rubicon RNCF31 ROSE GOLD Bransoleta + 2 Paski\"}]},{\"@type\":\"WebSite\",\"@id\":\"https:\/\/pauzza.pl\/#website\",\"url\":\"https:\/\/pauzza.pl\/\",\"name\":\"Sklep online z damsk\u0105 odzie\u017c\u0105 Pauzza: Damska odzie\u017c. Nowa Kolekcja\",\"description\":\"Je\u015bli chcesz zadba\u0107 o sw\u00f3j profesjonalny i pe\u0142en klasy wygl\u0105d w pracy butik online Pauzza, to strza\u0142 w dziesi\u0105tk\u0119! U nas znajdziesz szeroki wyb\u00f3r \u017cakiet\u00f3w, koszul, kurtek, sukienek, sp\u00f3dnic i wiele wiecej\",\"publisher\":{\"@id\":\"https:\/\/pauzza.pl\/#organization\"},\"potentialAction\":[{\"@type\":\"SearchAction\",\"target\":{\"@type\":\"EntryPoint\",\"urlTemplate\":\"https:\/\/pauzza.pl\/?s={search_term_string}\"},\"query-input\":{\"@type\":\"PropertyValueSpecification\",\"valueRequired\":true,\"valueName\":\"search_term_string\"}}],\"inLanguage\":\"uk\"},{\"@type\":\"Organization\",\"@id\":\"https:\/\/pauzza.pl\/#organization\",\"name\":\"Sklep online z damsk\u0105 odzie\u017c\u0105 Pauzza: Damska odzie\u017c. Nowa Kolekcja\",\"url\":\"https:\/\/pauzza.pl\/\",\"logo\":{\"@type\":\"ImageObject\",\"inLanguage\":\"uk\",\"@id\":\"https:\/\/pauzza.pl\/#\/schema\/logo\/image\/\",\"url\":\"https:\/\/pauzza.pl\/wp-content\/uploads\/2024\/01\/pauzzaw.png\",\"contentUrl\":\"https:\/\/pauzza.pl\/wp-content\/uploads\/2024\/01\/pauzzaw.png\",\"width\":350,\"height\":100,\"caption\":\"Sklep online z damsk\u0105 odzie\u017c\u0105 Pauzza: Damska odzie\u017c. Nowa Kolekcja\"},\"image\":{\"@id\":\"https:\/\/pauzza.pl\/#\/schema\/logo\/image\/\"}}]}<\/script>\n<!-- \/ Yoast SEO plugin. -->","yoast_head_json":{"title":"Smartwatch Damski Rubicon RNCF31 ROSE GOLD Bransoleta + 2 Paski","robots":{"index":"index","follow":"follow","max-snippet":"max-snippet:-1","max-image-preview":"max-image-preview:large","max-video-preview":"max-video-preview:-1"},"canonical":"https:\/\/pauzza.pl\/uk\/\u043f\u0440\u043e\u0434\u0443\u043a\u0442\/smartwatch-damski-rubicon-rncf31-rose-gold-bransoleta-2-paski\/","og_locale":"uk_UA","og_type":"article","og_title":"Smartwatch Damski Rubicon RNCF31 ROSE GOLD Bransoleta + 2 Paski","og_description":"Smartwatch Damski Rubicon RNCF31 ROSE GOLD Bransoleta + 2 Paski \u00a0 \u017byj w swoim stylu, z lekko\u015bci\u0105 i klas\u0105 \u2013 Tw\u00f3j Rubicon RNCF31. Tw\u00f3j dzie\u0144 zaczyna si\u0119 szybko, ale Ty wci\u0105\u017c masz wszystko pod kontrol\u0105. Rubicon RNCF31 subtelnie oplata Tw\u00f3j nadgarstek delikatn\u0105 bransolet\u0105 w kolorze r\u00f3\u017cowego z\u0142ota, podkre\u015blaj\u0105c smuk\u0142o\u015b\u0107 Twojej d\u0142oni. Jego lekka i kompaktowa [&hellip;]","og_url":"https:\/\/pauzza.pl\/uk\/\u043f\u0440\u043e\u0434\u0443\u043a\u0442\/smartwatch-damski-rubicon-rncf31-rose-gold-bransoleta-2-paski\/","og_site_name":"Sklep online z damsk\u0105 odzie\u017c\u0105 Pauzza: Damska odzie\u017c. Nowa Kolekcja","article_modified_time":"2026-05-06T16:39:35+00:00","og_image":[{"width":810,"height":800,"url":"https:\/\/pauzza.pl\/wp-content\/uploads\/2025\/11\/1_max-412.jpg","type":"image\/jpeg"}],"twitter_card":"summary_large_image","twitter_misc":{"\u041f\u0440\u0438\u0431\u043b. \u0447\u0430\u0441 \u0447\u0438\u0442\u0430\u043d\u043d\u044f":"3 \u0445\u0432\u0438\u043b\u0438\u043d\u0438"},"schema":{"@context":"https:\/\/schema.org","@graph":[{"@type":"WebPage","@id":"https:\/\/pauzza.pl\/produkt\/smartwatch-damski-rubicon-rncf31-rose-gold-bransoleta-2-paski\/","url":"https:\/\/pauzza.pl\/produkt\/smartwatch-damski-rubicon-rncf31-rose-gold-bransoleta-2-paski\/","name":"Smartwatch Damski Rubicon RNCF31 ROSE GOLD Bransoleta + 2 Paski","isPartOf":{"@id":"https:\/\/pauzza.pl\/#website"},"primaryImageOfPage":{"@id":"https:\/\/pauzza.pl\/produkt\/smartwatch-damski-rubicon-rncf31-rose-gold-bransoleta-2-paski\/#primaryimage"},"image":{"@id":"https:\/\/pauzza.pl\/produkt\/smartwatch-damski-rubicon-rncf31-rose-gold-bransoleta-2-paski\/#primaryimage"},"thumbnailUrl":"https:\/\/pauzza.pl\/wp-content\/uploads\/2025\/11\/1_max-412.jpg","datePublished":"2025-11-24T17:28:53+00:00","dateModified":"2026-05-06T16:39:35+00:00","breadcrumb":{"@id":"https:\/\/pauzza.pl\/produkt\/smartwatch-damski-rubicon-rncf31-rose-gold-bransoleta-2-paski\/#breadcrumb"},"inLanguage":"uk","potentialAction":[{"@type":"ReadAction","target":["https:\/\/pauzza.pl\/produkt\/smartwatch-damski-rubicon-rncf31-rose-gold-bransoleta-2-paski\/"]}]},{"@type":"ImageObject","inLanguage":"uk","@id":"https:\/\/pauzza.pl\/produkt\/smartwatch-damski-rubicon-rncf31-rose-gold-bransoleta-2-paski\/#primaryimage","url":"https:\/\/pauzza.pl\/wp-content\/uploads\/2025\/11\/1_max-412.jpg","contentUrl":"https:\/\/pauzza.pl\/wp-content\/uploads\/2025\/11\/1_max-412.jpg","width":810,"height":800},{"@type":"BreadcrumbList","@id":"https:\/\/pauzza.pl\/produkt\/smartwatch-damski-rubicon-rncf31-rose-gold-bransoleta-2-paski\/#breadcrumb","itemListElement":[{"@type":"ListItem","position":1,"name":"Strona g\u0142\u00f3wna","item":"https:\/\/pauzza.pl\/"},{"@type":"ListItem","position":2,"name":"Sklep","item":"https:\/\/pauzza.pl\/sklep\/"},{"@type":"ListItem","position":3,"name":"Smartwatch Damski Rubicon RNCF31 ROSE GOLD Bransoleta + 2 Paski"}]},{"@type":"WebSite","@id":"https:\/\/pauzza.pl\/#website","url":"https:\/\/pauzza.pl\/","name":"\u0406\u043d\u0442\u0435\u0440\u043d\u0435\u0442 \u043c\u0430\u0433\u0430\u0437\u0438\u043d \u0436\u0456\u043d\u043e\u0447\u043e\u0433\u043e \u043e\u0434\u044f\u0433\u0443 Pauzza: \u0416\u0456\u043d\u043e\u0447\u0438\u0439 \u043e\u0434\u044f\u0433. \u041d\u043e\u0432\u0430 \u043a\u043e\u043b\u0435\u043a\u0446\u0456\u044f","description":"\u042f\u043a\u0449\u043e \u0432\u0438 \u0445\u043e\u0447\u0435\u0442\u0435 \u043f\u043e\u0434\u0431\u0430\u0442\u0438 \u043f\u0440\u043e \u0441\u0432\u0456\u0439 \u043f\u0440\u043e\u0444\u0435\u0441\u0456\u0439\u043d\u0438\u0439 \u0442\u0430 \u0441\u0442\u0438\u043b\u044c\u043d\u0438\u0439 \u0432\u0438\u0433\u043b\u044f\u0434 \u043d\u0430 \u0440\u043e\u0431\u043e\u0442\u0456, \u043e\u043d\u043b\u0430\u0439\u043d-\u0431\u0443\u0442\u0456\u043a Pauzza - \u0446\u0435 \u0445\u0456\u0442! \u0422\u0443\u0442 \u0432\u0438 \u0437\u043d\u0430\u0439\u0434\u0435\u0442\u0435 \u0448\u0438\u0440\u043e\u043a\u0438\u0439 \u0432\u0438\u0431\u0456\u0440 \u043f\u0456\u0434\u0436\u0430\u043a\u0456\u0432, \u0441\u043e\u0440\u043e\u0447\u043e\u043a, \u0436\u0430\u043a\u0435\u0442\u0456\u0432, \u0441\u0443\u043a\u043e\u043d\u044c, \u0441\u043f\u0456\u0434\u043d\u0438\u0446\u044c \u0442\u0430 \u0431\u0430\u0433\u0430\u0442\u043e \u0456\u043d\u0448\u043e\u0433\u043e.","publisher":{"@id":"https:\/\/pauzza.pl\/#organization"},"potentialAction":[{"@type":"SearchAction","target":{"@type":"EntryPoint","urlTemplate":"https:\/\/pauzza.pl\/?s={search_term_string}"},"query-input":{"@type":"PropertyValueSpecification","valueRequired":true,"valueName":"search_term_string"}}],"inLanguage":"uk"},{"@type":"Organization","@id":"https:\/\/pauzza.pl\/#organization","name":"\u0406\u043d\u0442\u0435\u0440\u043d\u0435\u0442 \u043c\u0430\u0433\u0430\u0437\u0438\u043d \u0436\u0456\u043d\u043e\u0447\u043e\u0433\u043e \u043e\u0434\u044f\u0433\u0443 Pauzza: \u0416\u0456\u043d\u043e\u0447\u0438\u0439 \u043e\u0434\u044f\u0433. \u041d\u043e\u0432\u0430 \u043a\u043e\u043b\u0435\u043a\u0446\u0456\u044f","url":"https:\/\/pauzza.pl\/","logo":{"@type":"ImageObject","inLanguage":"uk","@id":"https:\/\/pauzza.pl\/#\/schema\/logo\/image\/","url":"https:\/\/pauzza.pl\/wp-content\/uploads\/2024\/01\/pauzzaw.png","contentUrl":"https:\/\/pauzza.pl\/wp-content\/uploads\/2024\/01\/pauzzaw.png","width":350,"height":100,"caption":"Sklep online z damsk\u0105 odzie\u017c\u0105 Pauzza: Damska odzie\u017c. Nowa Kolekcja"},"image":{"@id":"https:\/\/pauzza.pl\/#\/schema\/logo\/image\/"}}]}},"_links":{"self":[{"href":"https:\/\/pauzza.pl\/uk\/wp-json\/wp\/v2\/product\/994888","targetHints":{"allow":["GET"]}}],"collection":[{"href":"https:\/\/pauzza.pl\/uk\/wp-json\/wp\/v2\/product"}],"about":[{"href":"https:\/\/pauzza.pl\/uk\/wp-json\/wp\/v2\/types\/product"}],"wp:featuredmedia":[{"embeddable":true,"href":"https:\/\/pauzza.pl\/uk\/wp-json\/wp\/v2\/media\/994890"}],"wp:attachment":[{"href":"https:\/\/pauzza.pl\/uk\/wp-json\/wp\/v2\/media?parent=994888"}],"wp:term":[{"taxonomy":"product_brand","embeddable":true,"href":"https:\/\/pauzza.pl\/uk\/wp-json\/wp\/v2\/product_brand?post=994888"},{"taxonomy":"product_cat","embeddable":true,"href":"https:\/\/pauzza.pl\/uk\/wp-json\/wp\/v2\/product_cat?post=994888"},{"taxonomy":"product_tag","embeddable":true,"href":"https:\/\/pauzza.pl\/uk\/wp-json\/wp\/v2\/product_tag?post=994888"}],"curies":[{"name":"wp","href":"https:\/\/api.w.org\/{rel}","templated":true}]}}