{"id":994884,"date":"2025-11-24T18:28:52","date_gmt":"2025-11-24T17:28:52","guid":{"rendered":"https:\/\/pauzza.pl\/produkt\/smartwatch-meski-rubicon-rncf27-black-orange\/"},"modified":"2026-04-06T09:31:32","modified_gmt":"2026-04-06T07:31:32","slug":"smartwatch-meski-rubicon-rncf27-black-orange","status":"publish","type":"product","link":"https:\/\/pauzza.pl\/uk\/%d0%bf%d1%80%d0%be%d0%b4%d1%83%d0%ba%d1%82\/smartwatch-meski-rubicon-rncf27-black-orange\/","title":{"rendered":"Smartwatch M\u0119ski Rubicon RNCF27 BLACK\/ORANGE"},"content":{"rendered":"<p class=\"def\"><span style=\"background-color: transparent; color: #131313; font-family: verdana, geneva; font-size: x-large; font-weight: bold;\" class=\"def\"><br \/>Smartwatch M\u0119ski Rubicon RNCF27 BLACK\/ORANGE<\/p>\n<p><\/span><\/p>\n<p><span style=\"font-size: 12pt;\"><strong data-start=\"1650\" data-end=\"1692\">Nie zwalniaj. Dzia\u0142aj. Rubicon RNCF27. Model SMARRUB28 9z metalicznymi pomara\u0144czowymi panelami na kopercie (obudowie) zegarka.\u00a0<br \/><\/strong><\/span><\/p>\n<p>\u00a0<\/p>\n<p data-start=\"66\" data-end=\"453\"><span style=\"font-size: 12pt;\">Dzie\u0144 zaczyna si\u0119 wcze\u015bnie, ale Ty jeste\u015b ju\u017c o krok do przodu. Pierwszy \u0142yk kawy, szybki przegl\u0105d planu dnia i gotowo\u015b\u0107 do dzia\u0142ania. W \u015bwiecie, gdzie czas to najwi\u0119ksza waluta, potrzebujesz narz\u0119dzia, kt\u00f3re nie zwolni tempa, gdy Ty przyspieszasz. <strong data-start=\"315\" data-end=\"333\">Rubicon RNCF27<\/strong> to smartwatch, kt\u00f3ry \u0142\u0105czy w sobie <strong data-start=\"369\" data-end=\"414\">m\u0119ski styl, niezawodno\u015b\u0107 i funkcjonalno\u015b\u0107<\/strong>, dostosowan\u0105 do Twojego rytmu \u017cycia.<\/span><\/p>\n<p data-start=\"455\" data-end=\"754\"><span style=\"font-size: 12pt;\"><strong data-start=\"483\" data-end=\"531\">Bluetooth Call, wbudowany mikrofon i g\u0142o\u015bnik<\/strong> pozwalaj\u0105 prowadzi\u0107 rozmowy w biegu, bez potrzeby si\u0119gania po telefon. A dzi\u0119ki <strong data-start=\"612\" data-end=\"664\">funkcji szybkiego w\u0142\u0105czania i wy\u0142\u0105czania BT Call<\/strong> z poziomu zegarka, masz pe\u0142n\u0105 kontrol\u0119 nad swoimi po\u0142\u0105czeniami \u2013 dyskretnie i wygodnie.\u00a0Czy to si\u0142ownia, poranny jogging czy napi\u0119ty grafik w pracy, <strong data-start=\"847\" data-end=\"865\">Rubicon RNCF27<\/strong> monitoruje Twoj\u0105 aktywno\u015b\u0107 przez ca\u0142y dzie\u0144. <strong data-start=\"911\" data-end=\"955\">Pulsometr, pulsoksymetr i ci\u015bnieniomierz<\/strong> czuwaj\u0105 nad Twoim organizmem, a <strong data-start=\"988\" data-end=\"1026\">tryby sportowe i trening oddechowy<\/strong> pomog\u0105 wycisn\u0105\u0107 maksimum z ka\u017cdej sesji treningowej.<\/span><\/p>\n<p data-start=\"1083\" data-end=\"1417\"><span style=\"font-size: 12pt;\"><strong data-start=\"1130\" data-end=\"1148\">Bateria 380mAh<\/strong> gwarantuje d\u0142ug\u0105 prac\u0119, a <strong data-start=\"1175\" data-end=\"1193\">dotykowy ekran<\/strong> z intuicyjnym menu w j\u0119zyku polskim sprawia, \u017ce wszystko masz dos\u0142ownie pod palcem. <strong data-start=\"1278\" data-end=\"1306\">Solidny silikonowy pasek<\/strong> dopasowuje si\u0119 do Twojego nadgarstka, zapewniaj\u0105c komfort nawet przy najbardziej wymagaj\u0105cych aktywno\u015bciach.<\/span><\/p>\n<p data-start=\"1419\" data-end=\"1648\"><span style=\"font-size: 12pt;\">Powiadomienia z aplikacji, monitor snu, przypomnienia o piciu wody i ruchu \u2013 <strong data-start=\"1530\" data-end=\"1548\">Rubicon RNCF27<\/strong> to co\u015b wi\u0119cej ni\u017c zegarek. To <strong data-start=\"1579\" data-end=\"1645\">inteligentny asystent, kt\u00f3ry wspiera Ci\u0119 na ka\u017cdym etapie dnia<\/strong>.<\/span><\/p>\n<p>\u00a0<\/p>\n<p>\u00a0<\/p>\n<p><span style=\"font-size: 12pt;\"><strong>Opis produktu:<\/strong><\/span><\/p>\n<ul style=\"margin-top: 0cm;\" type=\"disc\">\n<li class=\"MsoNormal\" style=\"font-size: 12pt;\"><span style=\"font-size: 12pt;\">\u041c\u0435\u043d\u044e\u00a0<b>( 8\u00a0motyw\u00f3w!\u00a0)\u00a0<\/b>i aplikacja w j\u0119zyku polskim !<\/span><\/li>\n<li class=\"MsoNormal\" style=\"font-size: 12pt;\"><span style=\"font-size: 12pt;\">wy\u015bwietlacz MULTIdotyk\u00a0 TFT\u00a0<b>IPS full\u00a0display!<\/b>\u00a0<b>1,83\u201d<\/b><\/span><\/li>\n<li class=\"MsoNormal\" style=\"font-size: 12pt;\"><span style=\"font-size: 12pt;\">wysoka rozdzielczo\u015b\u0107: 240*286 pikseli<\/span><\/li>\n<li class=\"MsoNormal\" style=\"font-size: 12pt;\"><span style=\"font-size: 12pt;\">tarcza: 11 motyw\u00f3w\u00a0do wyboru\u00a0<b>+ tarcze do pobrania z\u00a0aplikacji!\u00a0+ w\u0142asne tarcze! animowana grafika !<\/b><\/span><\/li>\n<li class=\"MsoNormal\" style=\"font-size: 12pt;\"><span style=\"font-size: 12pt;\"><b>Bluetooth Call ! wbudowany mikrofon i g\u0142o\u015bnik ( NOWO\u015a\u0106! &#8211; mo\u017cliwo\u015b\u0107 szybkiego w\u0142\u0105czania i wy\u0142\u0105czania funkcji BT call z pozycji smartwatcha ! )<\/b><\/span><\/li>\n<li class=\"MsoNormal\" style=\"font-size: 12pt;\"><span style=\"font-size: 12pt;\">odbieranie i wykonywanie po\u0142\u0105cze\u0144 + spis po\u0142\u0105cze\u0144<\/span><\/li>\n<li class=\"MsoNormal\" style=\"font-size: 12pt;\"><span style=\"font-size: 12pt;\">procesor: \u00a0realtek 8763EWE<\/span><\/li>\n<li class=\"MsoNormal\" style=\"font-size: 12pt;\"><span style=\"font-size: 12pt;\">Bluetooth\u00a0<b>5.0 ( szybki i oszcz\u0119dny ! )<\/b><\/span><\/li>\n<li class=\"MsoNormal\" style=\"font-size: 12pt;\"><span style=\"font-size: 12pt;\">wodoszczelno\u015b\u0107: odporny na zachlapania<\/span><\/li>\n<li class=\"MsoNormal\" style=\"font-size: 12pt;\"><span style=\"font-size: 12pt;\">koperta &#8211; tworzywo PCV\u00a0pokryte\u00a0metod\u0105 IPS\/IPG,\u00a0\u00a0nie zawiera niklu, jest HiPOALERGiCZNA !<\/span><\/li>\n<li class=\"MsoNormal\" style=\"font-size: 12pt;\"><span style=\"font-size: 12pt;\">pasek silikonowy,\u00a0mo\u017cliwo\u015b\u0107 wymiany paska \u00a0( 22mm )<\/span><\/li>\n<li class=\"MsoNormal\" style=\"font-size: 12pt;\"><span style=\"font-size: 12pt;\">szkie\u0142ko wzmacniane<\/span><\/li>\n<li class=\"MsoNormal\" style=\"font-size: 12pt;\"><span style=\"font-size: 12pt;\">Super Bateria: litowo-polimerowa\u00a0<b>380 mAh<\/b>\u00a0!<\/span><\/li>\n<li class=\"MsoNormal\" style=\"font-size: 12pt;\"><span style=\"font-size: 12pt;\">wsp\u00f3\u0142praca z oprogramowaniem\u00a0iOS i Android<\/span><\/li>\n<li class=\"MsoNormal\" style=\"font-size: 12pt;\"><span style=\"font-size: 12pt;\">aplikacja: DaFit<\/span><\/li>\n<\/ul>\n<p>\u00a0<\/p>\n<p><strong><span style=\"font-size: 12pt;\">Funkcje:<\/span><\/strong><\/p>\n<ul style=\"list-style-type: square;\">\n<li class=\"MsoNormal\" style=\"font-size: 12pt;\"><span style=\"font-size: 12pt;\">100+ tryb\u00f3w sportowych + trening oddechu !<\/span><\/li>\n<li class=\"MsoNormal\" style=\"font-size: 12pt;\"><span style=\"font-size: 12pt;\">krokomierz, licznik kalorii<\/span><\/li>\n<li class=\"MsoNormal\" style=\"font-size: 12pt;\"><span style=\"font-size: 12pt;\">pomiar t\u0119tna VC30F (PULSOMETR)<\/span><\/li>\n<li class=\"MsoNormal\" style=\"font-size: 12pt;\"><span style=\"font-size: 12pt;\">pomiar ci\u015bnienia krwi<\/span><\/li>\n<li class=\"MsoNormal\" style=\"font-size: 12pt;\"><span style=\"font-size: 12pt;\">pomiar tlenu we krwi ( PULSOKSYMETR)<\/span><\/li>\n<li class=\"MsoNormal\" style=\"font-size: 12pt;\"><span style=\"font-size: 12pt;\">monitor snu<\/span><\/li>\n<li class=\"MsoNormal\" style=\"font-size: 12pt;\"><span style=\"font-size: 12pt;\">cykl miesi\u0105czkowy<\/span><\/li>\n<li class=\"MsoNormal\" style=\"font-size: 12pt;\"><span style=\"font-size: 12pt;\">przypomnienie o\u00a0wypiciu wody,\u00a0ruchu<\/span><\/li>\n<li class=\"MsoNormal\" style=\"font-size: 12pt;\"><span style=\"font-size: 12pt;\">powiadomienie po\u0142\u0105cze\u0144 przychodz\u0105cych<\/span><\/li>\n<li class=\"MsoNormal\" style=\"font-size: 12pt;\"><span style=\"font-size: 12pt;\">powiadomienia:\u00a0Facebook, SMS, Twitter, WhatsApp, itp.<\/span><\/li>\n<li class=\"MsoNormal\" style=\"font-size: 12pt;\"><span style=\"font-size: 12pt;\">alarm\u00a0\/ budzik \/ timer<\/span><\/li>\n<li class=\"MsoNormal\" style=\"font-size: 12pt;\"><span style=\"font-size: 12pt;\">kalkulator\u00a0<\/span><\/li>\n<li class=\"MsoNormal\" style=\"font-size: 12pt;\"><span style=\"font-size: 12pt;\">infrormacje o pogodzie<\/span><\/li>\n<li class=\"MsoNormal\" style=\"font-size: 12pt;\"><span style=\"font-size: 12pt;\">zdalne zdj\u0119cia<\/span><\/li>\n<li class=\"MsoNormal\" style=\"font-size: 12pt;\"><span style=\"font-size: 12pt;\">sterowanie odtwarzaczem MP3 w smartfonie<\/span><\/li>\n<li class=\"MsoNormal\" style=\"font-size: 12pt;\"><span style=\"font-size: 12pt;\">funkcja: znajd\u017a\u00a0urz\u0105dzenie<\/span><\/li>\n<\/ul>\n<p class=\"MsoNormal\">\u00a0<\/p>\n<p>\u00a0<\/p>\n<p><strong><span style=\"font-size: 12pt;\">\u0420\u043e\u0437\u043c\u0456\u0440\u0438:<\/span><\/strong><\/p>\n<ul style=\"margin-top: 0cm;\" type=\"disc\">\n<li class=\"MsoNormal\" style=\"font-size: 12pt;\"><span style=\"font-size: 12pt;\">Wymiary koperty: 54 mm x <\/span><span style=\"font-size: 12pt;\">43 mm<br \/><\/span><\/li>\n<li class=\"MsoNormal\" style=\"font-size: 12pt;\"><span style=\"font-size: 12pt;\">Grubo\u015b\u0107 koperty: 12,9 mm<\/span><\/li>\n<li class=\"MsoNormal\" style=\"font-size: 12pt;\"><span style=\"font-size: 12pt;\">Szeroko\u015b\u0107 paska: 22 mm<\/span><\/li>\n<\/ul>\n<p>\u00a0<\/p>\n<p><strong><span style=\"font-size: 12pt;\">Kolorystyka:<\/span><\/strong><\/p>\n<ul style=\"list-style-type: square;\">\n<li><span style=\"font-size: 12pt;\">Koperta: czarna\u00a0<\/span><span style=\"font-size: 12pt;\"><br \/><\/span><\/li>\n<li><span style=\"font-size: 12pt;\">Metaliczne pomara\u0144czowe panele na obudowie zegarka<\/span><\/li>\n<li><span style=\"font-size: 12pt;\">Pasek silikonowy: czarny<\/span><\/li>\n<\/ul>\n<p>\u00a0<\/p>\n<p><strong><span style=\"font-size: 12pt;\">W ZESTAWIE OTRZYMASZ:<\/span><\/strong><\/p>\n<ul>\n<li><span style=\"font-size: 12pt;\">smartwatch + pasek silikonowy\u00a0<\/span><\/li>\n<li><span style=\"font-size: 12pt;\">kabel \u0142adowania USB<\/span><\/li>\n<li><span style=\"font-size: 12pt;\">instrukcja PL<\/span><\/li>\n<\/ul>\n<p>\u00a0<\/p>\n<p>\u00a0<\/p>\n<p data-start=\"59\" data-end=\"267\"><span style=\"font-size: 14pt;\"><strong data-start=\"882\" data-end=\"923\" data-is-last-node=\"\">Nie mierz czasu \u2013 tw\u00f3rz go ze SMARTWATCHEM Rubicon<\/p>\n<p><\/strong><\/span><\/p>\n<p data-start=\"59\" data-end=\"267\"><span style=\"font-size: 12pt;\">Od 1998 roku\u00a0<strong data-start=\"72\" data-end=\"83\">Rubicon<\/strong> kreuje czas na w\u0142asnych zasadach, \u0142\u0105cz\u0105c precyzj\u0119 z wyrafinowanym designem. To marka dla tych, kt\u00f3rzy nie tylko pod\u0105\u017caj\u0105 za czasem, ale r\u00f3wnie\u017c chc\u0105 go prze\u017cywa\u0107 w najlepszym stylu.<\/span><\/p>\n<p data-start=\"269\" data-end=\"603\"><span style=\"font-size: 12pt;\"><strong data-start=\"269\" data-end=\"287\">Rubicon<\/strong> smartwatch nie jest jedynie gad\u017cetem \u2013 to codzienny towarzysz, kt\u00f3ry subtelnie dopasowuje si\u0119 do Twojego tempa. Niezale\u017cnie od tego, czy p\u0119dzisz na spotkanie, prowadzisz wa\u017cn\u0105 rozmow\u0119, czy znajdujesz chwil\u0119 na relaks, Tw\u00f3j\u00a0<strong data-start=\"521\" data-end=\"532\">Rubicon<\/strong> nad\u0105\u017ca za Tob\u0105, dodaj\u0105c elegancji i funkcjonalno\u015bci w ka\u017cdej chwili.<\/span><\/p>\n<p data-start=\"605\" data-end=\"878\"><span style=\"font-size: 12pt;\">Dla kobiet \u2013 subtelny, bi\u017cuteryjny akcent, kt\u00f3ry podkre\u015bla klas\u0119 i nowoczesny styl. Dla m\u0119\u017cczyzn \u2013 technologia w najlepszym wydaniu, kt\u00f3ra \u0142\u0105czy nowatorskie rozwi\u0105zania z perfekcyjn\u0105 jako\u015bci\u0105. <strong data-start=\"798\" data-end=\"809\">Rubicon<\/strong> to wi\u0119cej ni\u017c zegarek \u2013 to detal, kt\u00f3ry podkre\u015bla Twoj\u0105 osobowo\u015b\u0107.<\/span><\/p>\n<p data-start=\"605\" data-end=\"878\">\u00a0<\/p>\n<p data-start=\"1256\" data-end=\"1356\" data-is-last-node=\"\">\u00a0<\/p>","protected":false},"excerpt":{"rendered":"<p>Smartwatch M\u0119ski Rubicon RNCF27 BLACK\/ORANGE Nie zwalniaj. Dzia\u0142aj. Rubicon RNCF27. Model SMARRUB28 9z metalicznymi pomara\u0144czowymi panelami na kopercie (obudowie) zegarka.\u00a0 \u00a0 Dzie\u0144 zaczyna si\u0119 wcze\u015bnie, ale Ty jeste\u015b ju\u017c o krok do przodu. Pierwszy \u0142yk kawy, szybki przegl\u0105d planu dnia i gotowo\u015b\u0107 do dzia\u0142ania. W \u015bwiecie, gdzie czas to najwi\u0119ksza waluta, potrzebujesz narz\u0119dzia, kt\u00f3re nie [&hellip;]<\/p>","protected":false},"featured_media":994886,"template":"","meta":{"_acf_changed":false},"product_brand":[],"product_cat":[4850,4835],"product_tag":[],"class_list":{"0":"post-994884","1":"product","2":"type-product","3":"status-publish","4":"has-post-thumbnail","6":"product_cat-rubicon","7":"product_cat-smartwatch","9":"first","10":"instock","11":"taxable","12":"shipping-taxable","13":"purchasable","14":"product-type-simple"},"acf":[],"yoast_head":"<!-- This site is optimized with the Yoast SEO plugin v27.2 - https:\/\/yoast.com\/product\/yoast-seo-wordpress\/ -->\n<title>Smartwatch M\u0119ski Rubicon RNCF27 BLACK\/ORANGE<\/title>\n<meta name=\"robots\" content=\"index, follow, max-snippet:-1, max-image-preview:large, max-video-preview:-1\" \/>\n<link rel=\"canonical\" href=\"https:\/\/pauzza.pl\/uk\/\u043f\u0440\u043e\u0434\u0443\u043a\u0442\/smartwatch-meski-rubicon-rncf27-black-orange\/\" \/>\n<meta property=\"og:locale\" content=\"uk_UA\" \/>\n<meta property=\"og:type\" content=\"article\" \/>\n<meta property=\"og:title\" content=\"Smartwatch M\u0119ski Rubicon RNCF27 BLACK\/ORANGE\" \/>\n<meta property=\"og:description\" content=\"Smartwatch M\u0119ski Rubicon RNCF27 BLACK\/ORANGE Nie zwalniaj. Dzia\u0142aj. Rubicon RNCF27. Model SMARRUB28 9z metalicznymi pomara\u0144czowymi panelami na kopercie (obudowie) zegarka.\u00a0 \u00a0 Dzie\u0144 zaczyna si\u0119 wcze\u015bnie, ale Ty jeste\u015b ju\u017c o krok do przodu. Pierwszy \u0142yk kawy, szybki przegl\u0105d planu dnia i gotowo\u015b\u0107 do dzia\u0142ania. W \u015bwiecie, gdzie czas to najwi\u0119ksza waluta, potrzebujesz narz\u0119dzia, kt\u00f3re nie [&hellip;]\" \/>\n<meta property=\"og:url\" content=\"https:\/\/pauzza.pl\/uk\/\u043f\u0440\u043e\u0434\u0443\u043a\u0442\/smartwatch-meski-rubicon-rncf27-black-orange\/\" \/>\n<meta property=\"og:site_name\" content=\"Sklep online z damsk\u0105 odzie\u017c\u0105 Pauzza: Damska odzie\u017c. Nowa Kolekcja\" \/>\n<meta property=\"article:modified_time\" content=\"2026-04-06T07:31:32+00:00\" \/>\n<meta property=\"og:image\" content=\"https:\/\/pauzza.pl\/wp-content\/uploads\/2025\/11\/1_max-411.jpg\" \/>\n\t<meta property=\"og:image:width\" content=\"680\" \/>\n\t<meta property=\"og:image:height\" content=\"800\" \/>\n\t<meta property=\"og:image:type\" content=\"image\/jpeg\" \/>\n<meta name=\"twitter:card\" content=\"summary_large_image\" \/>\n<meta name=\"twitter:label1\" content=\"\u041f\u0440\u0438\u0431\u043b. \u0447\u0430\u0441 \u0447\u0438\u0442\u0430\u043d\u043d\u044f\" \/>\n\t<meta name=\"twitter:data1\" content=\"3 \u0445\u0432\u0438\u043b\u0438\u043d\u0438\" \/>\n<script type=\"application\/ld+json\" class=\"yoast-schema-graph\">{\"@context\":\"https:\/\/schema.org\",\"@graph\":[{\"@type\":\"WebPage\",\"@id\":\"https:\/\/pauzza.pl\/produkt\/smartwatch-meski-rubicon-rncf27-black-orange\/\",\"url\":\"https:\/\/pauzza.pl\/produkt\/smartwatch-meski-rubicon-rncf27-black-orange\/\",\"name\":\"Smartwatch M\u0119ski Rubicon RNCF27 BLACK\/ORANGE\",\"isPartOf\":{\"@id\":\"https:\/\/pauzza.pl\/#website\"},\"primaryImageOfPage\":{\"@id\":\"https:\/\/pauzza.pl\/produkt\/smartwatch-meski-rubicon-rncf27-black-orange\/#primaryimage\"},\"image\":{\"@id\":\"https:\/\/pauzza.pl\/produkt\/smartwatch-meski-rubicon-rncf27-black-orange\/#primaryimage\"},\"thumbnailUrl\":\"https:\/\/pauzza.pl\/wp-content\/uploads\/2025\/11\/1_max-411.jpg\",\"datePublished\":\"2025-11-24T17:28:52+00:00\",\"dateModified\":\"2026-04-06T07:31:32+00:00\",\"breadcrumb\":{\"@id\":\"https:\/\/pauzza.pl\/produkt\/smartwatch-meski-rubicon-rncf27-black-orange\/#breadcrumb\"},\"inLanguage\":\"uk\",\"potentialAction\":[{\"@type\":\"ReadAction\",\"target\":[\"https:\/\/pauzza.pl\/produkt\/smartwatch-meski-rubicon-rncf27-black-orange\/\"]}]},{\"@type\":\"ImageObject\",\"inLanguage\":\"uk\",\"@id\":\"https:\/\/pauzza.pl\/produkt\/smartwatch-meski-rubicon-rncf27-black-orange\/#primaryimage\",\"url\":\"https:\/\/pauzza.pl\/wp-content\/uploads\/2025\/11\/1_max-411.jpg\",\"contentUrl\":\"https:\/\/pauzza.pl\/wp-content\/uploads\/2025\/11\/1_max-411.jpg\",\"width\":680,\"height\":800},{\"@type\":\"BreadcrumbList\",\"@id\":\"https:\/\/pauzza.pl\/produkt\/smartwatch-meski-rubicon-rncf27-black-orange\/#breadcrumb\",\"itemListElement\":[{\"@type\":\"ListItem\",\"position\":1,\"name\":\"Strona g\u0142\u00f3wna\",\"item\":\"https:\/\/pauzza.pl\/\"},{\"@type\":\"ListItem\",\"position\":2,\"name\":\"Sklep\",\"item\":\"https:\/\/pauzza.pl\/sklep\/\"},{\"@type\":\"ListItem\",\"position\":3,\"name\":\"Smartwatch M\u0119ski Rubicon RNCF27 BLACK\/ORANGE\"}]},{\"@type\":\"WebSite\",\"@id\":\"https:\/\/pauzza.pl\/#website\",\"url\":\"https:\/\/pauzza.pl\/\",\"name\":\"Sklep online z damsk\u0105 odzie\u017c\u0105 Pauzza: Damska odzie\u017c. Nowa Kolekcja\",\"description\":\"Je\u015bli chcesz zadba\u0107 o sw\u00f3j profesjonalny i pe\u0142en klasy wygl\u0105d w pracy butik online Pauzza, to strza\u0142 w dziesi\u0105tk\u0119! U nas znajdziesz szeroki wyb\u00f3r \u017cakiet\u00f3w, koszul, kurtek, sukienek, sp\u00f3dnic i wiele wiecej\",\"publisher\":{\"@id\":\"https:\/\/pauzza.pl\/#organization\"},\"potentialAction\":[{\"@type\":\"SearchAction\",\"target\":{\"@type\":\"EntryPoint\",\"urlTemplate\":\"https:\/\/pauzza.pl\/?s={search_term_string}\"},\"query-input\":{\"@type\":\"PropertyValueSpecification\",\"valueRequired\":true,\"valueName\":\"search_term_string\"}}],\"inLanguage\":\"uk\"},{\"@type\":\"Organization\",\"@id\":\"https:\/\/pauzza.pl\/#organization\",\"name\":\"Sklep online z damsk\u0105 odzie\u017c\u0105 Pauzza: Damska odzie\u017c. Nowa Kolekcja\",\"url\":\"https:\/\/pauzza.pl\/\",\"logo\":{\"@type\":\"ImageObject\",\"inLanguage\":\"uk\",\"@id\":\"https:\/\/pauzza.pl\/#\/schema\/logo\/image\/\",\"url\":\"https:\/\/pauzza.pl\/wp-content\/uploads\/2024\/01\/pauzzaw.png\",\"contentUrl\":\"https:\/\/pauzza.pl\/wp-content\/uploads\/2024\/01\/pauzzaw.png\",\"width\":350,\"height\":100,\"caption\":\"Sklep online z damsk\u0105 odzie\u017c\u0105 Pauzza: Damska odzie\u017c. Nowa Kolekcja\"},\"image\":{\"@id\":\"https:\/\/pauzza.pl\/#\/schema\/logo\/image\/\"}}]}<\/script>\n<!-- \/ Yoast SEO plugin. -->","yoast_head_json":{"title":"Smartwatch M\u0119ski Rubicon RNCF27 BLACK\/ORANGE","robots":{"index":"index","follow":"follow","max-snippet":"max-snippet:-1","max-image-preview":"max-image-preview:large","max-video-preview":"max-video-preview:-1"},"canonical":"https:\/\/pauzza.pl\/uk\/\u043f\u0440\u043e\u0434\u0443\u043a\u0442\/smartwatch-meski-rubicon-rncf27-black-orange\/","og_locale":"uk_UA","og_type":"article","og_title":"Smartwatch M\u0119ski Rubicon RNCF27 BLACK\/ORANGE","og_description":"Smartwatch M\u0119ski Rubicon RNCF27 BLACK\/ORANGE Nie zwalniaj. Dzia\u0142aj. Rubicon RNCF27. Model SMARRUB28 9z metalicznymi pomara\u0144czowymi panelami na kopercie (obudowie) zegarka.\u00a0 \u00a0 Dzie\u0144 zaczyna si\u0119 wcze\u015bnie, ale Ty jeste\u015b ju\u017c o krok do przodu. Pierwszy \u0142yk kawy, szybki przegl\u0105d planu dnia i gotowo\u015b\u0107 do dzia\u0142ania. W \u015bwiecie, gdzie czas to najwi\u0119ksza waluta, potrzebujesz narz\u0119dzia, kt\u00f3re nie [&hellip;]","og_url":"https:\/\/pauzza.pl\/uk\/\u043f\u0440\u043e\u0434\u0443\u043a\u0442\/smartwatch-meski-rubicon-rncf27-black-orange\/","og_site_name":"Sklep online z damsk\u0105 odzie\u017c\u0105 Pauzza: Damska odzie\u017c. Nowa Kolekcja","article_modified_time":"2026-04-06T07:31:32+00:00","og_image":[{"width":680,"height":800,"url":"https:\/\/pauzza.pl\/wp-content\/uploads\/2025\/11\/1_max-411.jpg","type":"image\/jpeg"}],"twitter_card":"summary_large_image","twitter_misc":{"\u041f\u0440\u0438\u0431\u043b. \u0447\u0430\u0441 \u0447\u0438\u0442\u0430\u043d\u043d\u044f":"3 \u0445\u0432\u0438\u043b\u0438\u043d\u0438"},"schema":{"@context":"https:\/\/schema.org","@graph":[{"@type":"WebPage","@id":"https:\/\/pauzza.pl\/produkt\/smartwatch-meski-rubicon-rncf27-black-orange\/","url":"https:\/\/pauzza.pl\/produkt\/smartwatch-meski-rubicon-rncf27-black-orange\/","name":"Smartwatch M\u0119ski Rubicon RNCF27 BLACK\/ORANGE","isPartOf":{"@id":"https:\/\/pauzza.pl\/#website"},"primaryImageOfPage":{"@id":"https:\/\/pauzza.pl\/produkt\/smartwatch-meski-rubicon-rncf27-black-orange\/#primaryimage"},"image":{"@id":"https:\/\/pauzza.pl\/produkt\/smartwatch-meski-rubicon-rncf27-black-orange\/#primaryimage"},"thumbnailUrl":"https:\/\/pauzza.pl\/wp-content\/uploads\/2025\/11\/1_max-411.jpg","datePublished":"2025-11-24T17:28:52+00:00","dateModified":"2026-04-06T07:31:32+00:00","breadcrumb":{"@id":"https:\/\/pauzza.pl\/produkt\/smartwatch-meski-rubicon-rncf27-black-orange\/#breadcrumb"},"inLanguage":"uk","potentialAction":[{"@type":"ReadAction","target":["https:\/\/pauzza.pl\/produkt\/smartwatch-meski-rubicon-rncf27-black-orange\/"]}]},{"@type":"ImageObject","inLanguage":"uk","@id":"https:\/\/pauzza.pl\/produkt\/smartwatch-meski-rubicon-rncf27-black-orange\/#primaryimage","url":"https:\/\/pauzza.pl\/wp-content\/uploads\/2025\/11\/1_max-411.jpg","contentUrl":"https:\/\/pauzza.pl\/wp-content\/uploads\/2025\/11\/1_max-411.jpg","width":680,"height":800},{"@type":"BreadcrumbList","@id":"https:\/\/pauzza.pl\/produkt\/smartwatch-meski-rubicon-rncf27-black-orange\/#breadcrumb","itemListElement":[{"@type":"ListItem","position":1,"name":"Strona g\u0142\u00f3wna","item":"https:\/\/pauzza.pl\/"},{"@type":"ListItem","position":2,"name":"Sklep","item":"https:\/\/pauzza.pl\/sklep\/"},{"@type":"ListItem","position":3,"name":"Smartwatch M\u0119ski Rubicon RNCF27 BLACK\/ORANGE"}]},{"@type":"WebSite","@id":"https:\/\/pauzza.pl\/#website","url":"https:\/\/pauzza.pl\/","name":"\u0406\u043d\u0442\u0435\u0440\u043d\u0435\u0442 \u043c\u0430\u0433\u0430\u0437\u0438\u043d \u0436\u0456\u043d\u043e\u0447\u043e\u0433\u043e \u043e\u0434\u044f\u0433\u0443 Pauzza: \u0416\u0456\u043d\u043e\u0447\u0438\u0439 \u043e\u0434\u044f\u0433. \u041d\u043e\u0432\u0430 \u043a\u043e\u043b\u0435\u043a\u0446\u0456\u044f","description":"\u042f\u043a\u0449\u043e \u0432\u0438 \u0445\u043e\u0447\u0435\u0442\u0435 \u043f\u043e\u0434\u0431\u0430\u0442\u0438 \u043f\u0440\u043e \u0441\u0432\u0456\u0439 \u043f\u0440\u043e\u0444\u0435\u0441\u0456\u0439\u043d\u0438\u0439 \u0442\u0430 \u0441\u0442\u0438\u043b\u044c\u043d\u0438\u0439 \u0432\u0438\u0433\u043b\u044f\u0434 \u043d\u0430 \u0440\u043e\u0431\u043e\u0442\u0456, \u043e\u043d\u043b\u0430\u0439\u043d-\u0431\u0443\u0442\u0456\u043a Pauzza - \u0446\u0435 \u0445\u0456\u0442! \u0422\u0443\u0442 \u0432\u0438 \u0437\u043d\u0430\u0439\u0434\u0435\u0442\u0435 \u0448\u0438\u0440\u043e\u043a\u0438\u0439 \u0432\u0438\u0431\u0456\u0440 \u043f\u0456\u0434\u0436\u0430\u043a\u0456\u0432, \u0441\u043e\u0440\u043e\u0447\u043e\u043a, \u0436\u0430\u043a\u0435\u0442\u0456\u0432, \u0441\u0443\u043a\u043e\u043d\u044c, \u0441\u043f\u0456\u0434\u043d\u0438\u0446\u044c \u0442\u0430 \u0431\u0430\u0433\u0430\u0442\u043e \u0456\u043d\u0448\u043e\u0433\u043e.","publisher":{"@id":"https:\/\/pauzza.pl\/#organization"},"potentialAction":[{"@type":"SearchAction","target":{"@type":"EntryPoint","urlTemplate":"https:\/\/pauzza.pl\/?s={search_term_string}"},"query-input":{"@type":"PropertyValueSpecification","valueRequired":true,"valueName":"search_term_string"}}],"inLanguage":"uk"},{"@type":"Organization","@id":"https:\/\/pauzza.pl\/#organization","name":"\u0406\u043d\u0442\u0435\u0440\u043d\u0435\u0442 \u043c\u0430\u0433\u0430\u0437\u0438\u043d \u0436\u0456\u043d\u043e\u0447\u043e\u0433\u043e \u043e\u0434\u044f\u0433\u0443 Pauzza: \u0416\u0456\u043d\u043e\u0447\u0438\u0439 \u043e\u0434\u044f\u0433. \u041d\u043e\u0432\u0430 \u043a\u043e\u043b\u0435\u043a\u0446\u0456\u044f","url":"https:\/\/pauzza.pl\/","logo":{"@type":"ImageObject","inLanguage":"uk","@id":"https:\/\/pauzza.pl\/#\/schema\/logo\/image\/","url":"https:\/\/pauzza.pl\/wp-content\/uploads\/2024\/01\/pauzzaw.png","contentUrl":"https:\/\/pauzza.pl\/wp-content\/uploads\/2024\/01\/pauzzaw.png","width":350,"height":100,"caption":"Sklep online z damsk\u0105 odzie\u017c\u0105 Pauzza: Damska odzie\u017c. Nowa Kolekcja"},"image":{"@id":"https:\/\/pauzza.pl\/#\/schema\/logo\/image\/"}}]}},"_links":{"self":[{"href":"https:\/\/pauzza.pl\/uk\/wp-json\/wp\/v2\/product\/994884","targetHints":{"allow":["GET"]}}],"collection":[{"href":"https:\/\/pauzza.pl\/uk\/wp-json\/wp\/v2\/product"}],"about":[{"href":"https:\/\/pauzza.pl\/uk\/wp-json\/wp\/v2\/types\/product"}],"wp:featuredmedia":[{"embeddable":true,"href":"https:\/\/pauzza.pl\/uk\/wp-json\/wp\/v2\/media\/994886"}],"wp:attachment":[{"href":"https:\/\/pauzza.pl\/uk\/wp-json\/wp\/v2\/media?parent=994884"}],"wp:term":[{"taxonomy":"product_brand","embeddable":true,"href":"https:\/\/pauzza.pl\/uk\/wp-json\/wp\/v2\/product_brand?post=994884"},{"taxonomy":"product_cat","embeddable":true,"href":"https:\/\/pauzza.pl\/uk\/wp-json\/wp\/v2\/product_cat?post=994884"},{"taxonomy":"product_tag","embeddable":true,"href":"https:\/\/pauzza.pl\/uk\/wp-json\/wp\/v2\/product_tag?post=994884"}],"curies":[{"name":"wp","href":"https:\/\/api.w.org\/{rel}","templated":true}]}}