{"id":994558,"date":"2025-11-24T18:25:58","date_gmt":"2025-11-24T17:25:58","guid":{"rendered":"https:\/\/pauzza.pl\/produkt\/zegarek-damski-michael-kors-slim-runway-mk7474-box\/"},"modified":"2026-04-22T17:05:58","modified_gmt":"2026-04-22T15:05:58","slug":"zegarek-damski-michael-kors-slim-runway-mk7474-box","status":"publish","type":"product","link":"https:\/\/pauzza.pl\/uk\/%d0%bf%d1%80%d0%be%d0%b4%d1%83%d0%ba%d1%82\/zegarek-damski-michael-kors-slim-runway-mk7474-box\/","title":{"rendered":"Zegarek Damski Michael Kors Slim Runway MK7474 + BOX"},"content":{"rendered":"<p class=\"def\">\u00a0<\/p>\n<p class=\"def\"><strong class=\"def\"><span class=\"def\" style=\"font-size: 12pt; font-family: verdana,geneva;\" _mce_style=\"font-size: 12pt; font-family: verdana,geneva;\"><span class=\"def\" style=\"font-size: 14pt;\" _mce_style=\"font-size: 14pt;\"><span class=\"def\" style=\"font-size: x-large;\" _mce_style=\"font-size: x-large;\">Oryginalny Zegarek Damski Michael Kors <span>Slim Runway<\/span> MK7474 + BOX<\/span><br class=\"def\"><\/span><\/span><\/strong><\/p>\n<p class=\"def\">\u00a0<\/p>\n<p class=\"def\"><span style=\"font-size: 12pt;\">Zegarek damski Michael Kors to prawdziwa pere\u0142ka, kt\u00f3ra podkre\u015bla elegancj\u0119 i wyrafinowanie ka\u017cdej kobiety. To dodatek, kt\u00f3ry subtelnie przypomina, \u017ce prawdziwe pi\u0119kno tkwi w detalach, a elegancja nigdy nie przemija. Ka\u017cdy model zosta\u0142 stworzony z my\u015bl\u0105 o delikatno\u015bci kobiecej d\u0142oni, \u0142\u0105cz\u0105c subtelny design z doskona\u0142ym dopasowaniem i wyj\u0105tkow\u0105 wygod\u0105 noszenia. Zestaw zawiera eleganckie pude\u0142ko i torebk\u0119 prezentow\u0105.\u00a0<\/span><\/p>\n<p class=\"def\">\u00a0<\/p>\n<p class=\"def\" style=\"text-align: left;\"><span style=\"font-size: 11pt;\"><strong class=\"def\"><span class=\"def\"><span style=\"color: #222222;\" class=\"def\"><span style=\"font-family: 'Open Sans', sans-serif;\" class=\"def\"><span style=\"background-color: transparent;\" class=\"def\"><span style=\"font-family: verdana, geneva;\" class=\"def\">Opis produktu:<\/span><\/span><\/span><\/span><\/span><\/strong><\/span><\/p>\n<ul class=\"def\" style=\"text-align: left;\">\n<li class=\"def\"><span style=\"background-color: transparent; font-size: 11pt;\" class=\"def\"><span style=\"font-family: verdana, geneva;\" class=\"def\"><span class=\"def\"><strong class=\"def\">Marka<\/strong>: Michael Kors<br \/><\/span><\/span><\/span><\/li>\n<li><span style=\"background-color: transparent; font-size: 11pt;\" class=\"def\"><span style=\"font-family: verdana, geneva;\" class=\"def\"><span class=\"def\"><strong class=\"def\">Symbol<\/strong>: MK7474<br \/><\/span><\/span><\/span><\/li>\n<li class=\"def\"><span style=\"background-color: transparent; font-size: 11pt;\" class=\"def\"><span style=\"font-family: verdana, geneva;\" class=\"def\"><span class=\"def\"><strong class=\"def\">Mechanizm<\/strong>: Kwarcowy<br \/><\/span><\/span><\/span><\/li>\n<li class=\"def\"><span style=\"background-color: transparent; font-size: 11pt;\" class=\"def\"><span style=\"font-family: verdana, geneva;\" class=\"def\"><span class=\"def\"><strong class=\"def\">Tarcza:<\/strong> Analogowa<br class=\"def\"><\/span><\/span><\/span><\/li>\n<li class=\"def\"><span style=\"background-color: transparent; font-size: 11pt;\" class=\"def\"><span style=\"font-family: verdana, geneva;\" class=\"def\"><span class=\"def\"><strong class=\"def\">Koperta<\/strong>: Stal szlachetna <br \/><\/span><\/span><\/span><\/li>\n<li class=\"def\"><span style=\"background-color: transparent; font-size: 11pt;\" class=\"def\"><span style=\"font-family: verdana, geneva;\" class=\"def\"><span class=\"def\"><strong class=\"def\">Szkie\u0142ko<\/strong>: Mineralne<\/span><\/span><\/span><\/li>\n<li class=\"def\"><span style=\"background-color: transparent; font-size: 11pt;\" class=\"def\"><span style=\"font-family: verdana, geneva;\" class=\"def\"><span class=\"def\"><strong class=\"def\">Bransoleta<\/strong>: Stal szlachetna &#8211; regulowana<\/span><\/span><\/span><span style=\"background-color: transparent; font-size: 11pt;\" class=\"def\"><span style=\"font-family: verdana, geneva;\" class=\"def\"><span class=\"def\"><span style=\"background-color: transparent; font-size: 11pt;\" class=\"def\"><br \/><\/span><\/span><\/span><\/span><\/li>\n<li class=\"def\"><span style=\"background-color: transparent; font-size: 11pt;\" class=\"def\"><span style=\"font-family: verdana, geneva;\" class=\"def\"><span class=\"def\"><strong>Pod\u015bwietlenie<\/strong>: Nie<br \/><\/span><\/span><\/span><\/li>\n<li class=\"def\"><span style=\"background-color: transparent; font-size: 11pt;\" class=\"def\"><span class=\"def\"><span style=\"background-color: transparent;\" class=\"def\"><span style=\"font-family: verdana, geneva;\" class=\"def\"><strong class=\"def\">Wodoszczelno\u015b\u0107<\/strong>: 3 ATM<br \/><\/span><\/span><\/span><\/span><\/li>\n<li class=\"def\"><span style=\"background-color: transparent; font-size: 11pt;\" class=\"def\"><span style=\"font-family: verdana, geneva;\" class=\"def\"><span class=\"def\"><strong class=\"def\">Antyalergiczny<\/strong>: Tak &#8211; nie zawiera niklu<\/span><\/span><\/span><\/li>\n<\/ul>\n<p>\u00a0<\/p>\n<p class=\"def\">\u00a0<\/p>\n<p class=\"def\"><span class=\"def\" style=\"font-size: 11pt;\" _mce_style=\"font-size: medium;\"><strong class=\"def\">Wymiary w mm:<\/strong><\/span><\/p>\n<ul style=\"list-style-type: disc;\">\n<li><span class=\"def\" style=\"background-color: transparent; font-size: 11pt;\"><span class=\"def\"><span class=\"def\" style=\"font-family: verdana, geneva;\"><span class=\"def\"><strong class=\"def\">Koperta<\/strong>: 38<br class=\"def\"><\/span><\/span><\/span><\/span><\/li>\n<li><span class=\"def\" style=\"background-color: transparent; font-size: 11pt;\"><span class=\"def\"><span class=\"def\" style=\"font-family: verdana, geneva;\"><span class=\"def\"><strong class=\"def\">Tarcza<\/strong>: 32<br class=\"def\"><\/span><\/span><\/span><\/span><\/li>\n<li><span class=\"def\" style=\"background-color: transparent; font-size: 11pt;\"><span class=\"def\"><span class=\"def\" style=\"font-family: verdana, geneva;\"><span class=\"def\"><strong class=\"def\">Grubo\u015b\u0107<\/strong>: 8,0<br class=\"def\"><\/span><\/span><\/span><\/span><\/li>\n<li><span class=\"def\" style=\"background-color: transparent; font-size: 11pt;\"><span class=\"def\"><span class=\"def\" style=\"font-family: verdana, geneva;\"><span class=\"def\"><strong class=\"def\">Bransoleta<\/strong>: 17<br class=\"def\"><\/span><\/span><\/span><\/span><\/li>\n<li><span class=\"def\" style=\"background-color: transparent; font-size: 11pt;\"><span class=\"def\"><span class=\"def\" style=\"font-family: verdana, geneva;\"><span class=\"def\"><strong class=\"def\">Obw\u00f3d<\/strong>: max.190<\/span><\/span><\/span><\/span><\/li>\n<\/ul>\n<p class=\"def\">\u00a0<\/p>\n<p class=\"def\"><span class=\"def\" style=\"font-size: 11pt;\" _mce_style=\"font-size: medium;\"><strong class=\"def\">Kolorystyka:<\/strong><\/span><\/p>\n<ul style=\"list-style-type: disc;\">\n<li><span class=\"def\" style=\"background-color: transparent; font-size: 11pt;\"><span class=\"def\"><span class=\"def\" style=\"font-family: verdana, geneva;\"><span class=\"def\"><strong class=\"def\">Koperta<\/strong>: srebrna<br class=\"def\"><\/span><\/span><\/span><\/span><\/li>\n<li><span style=\"font-size: 11pt;\"><span class=\"def\" style=\"background-color: transparent;\"><span class=\"def\"><span class=\"def\" style=\"font-family: verdana, geneva;\"><span class=\"def\"><strong class=\"def\">Tarcza<\/strong>: srebrna<\/span><\/span><\/span><\/span><span class=\"def\" style=\"background-color: transparent;\"><span class=\"def\"><span class=\"def\" style=\"font-family: verdana, geneva;\"><span class=\"def\"><br class=\"def\"><\/span><\/span><\/span><\/span><\/span><\/li>\n<li><span class=\"def\" style=\"background-color: transparent; font-size: 11pt;\"><span class=\"def\"><span class=\"def\" style=\"font-family: verdana, geneva;\"><span class=\"def\"><strong class=\"def\">Indeksy<\/strong>: srebrne<br class=\"def\"><\/span><\/span><\/span><\/span><\/li>\n<li><span style=\"font-size: 11pt;\"><span class=\"def\" style=\"background-color: transparent;\"><span class=\"def\"><span class=\"def\" style=\"font-family: verdana, geneva;\"><span class=\"def\"><strong class=\"def\">Wskaz\u00f3wki<\/strong>: srebrne<\/span><\/span><\/span><\/span><\/span><span style=\"font-size: 11pt;\"><span class=\"def\" style=\"background-color: transparent;\"><span class=\"def\"><span class=\"def\" style=\"font-family: verdana, geneva;\"><span class=\"def\"><br \/><\/span><\/span><\/span><\/span><\/span><\/li>\n<li><span style=\"font-size: 11pt;\"><span class=\"def\" style=\"background-color: transparent;\"><span class=\"def\"><span class=\"def\" style=\"font-family: verdana, geneva;\"><span class=\"def\"><strong>Sekundnik<\/strong>: srebrny<br \/><\/span><\/span><\/span><\/span><\/span><\/li>\n<li><span class=\"def\" style=\"background-color: transparent;\"><span class=\"def\" style=\"font-size: 10pt;\"><span class=\"def\" style=\"font-family: verdana, geneva;\"><span class=\"def\"><span style=\"font-size: 11pt;\"><strong class=\"def\">Bransoleta<\/strong>: srebrna<\/span><br class=\"def\"><\/span><\/span><\/span><\/span><\/li>\n<\/ul>\n<p>\u00a0<\/p>\n<div class=\"additional-description__item additional-description__text\">\n<div class=\"additional-description__item additional-description__text\">\n<div class=\"additional-description__item additional-description__text\">\n<p><span style=\"font-size: 12pt;\"><strong>MECHANIZM KWARCOWY<\/strong><\/span><\/p>\n<p><span style=\"font-size: 12pt;\">Mechanizm kwarcowy zastosowany w zegarku Michael Kors to synonim precyzji i niezawodno\u015bci. Jest odporny na zmiany temperatury i wstrz\u0105sy, co sprawia, \u017ce jest doskona\u0142ym wyborem dla os\u00f3b ceni\u0105cych sobie nie tylko elegancj\u0119, ale i bezproblemowe u\u017cytkowanie. Dzi\u0119ki stabilnym drganiom kryszta\u0142u kwarcu, zegarek utrzymuje wyj\u0105tkow\u0105 dok\u0142adno\u015b\u0107 i niezawodno\u015b\u0107, minimalizuj\u0105c potrzeb\u0119 regulacji.<\/span><\/p>\n<p>\u00a0<\/p>\n<div class=\"additional-description__item additional-description__text\">\n<p><span style=\"font-size: 12pt;\"><strong>MINERALNE SZKIE\u0141KO<\/strong><\/span><\/p>\n<p><span style=\"font-size: 12pt;\">Mineralne szkie\u0142ko w zegarku to doskona\u0142y wyb\u00f3r dla os\u00f3b ceni\u0105cych trwa\u0142o\u015b\u0107 i wygod\u0119. Wytwarzane z krzemionki, \u0142\u0105czy w sobie wyj\u0105tkow\u0105 twardo\u015b\u0107 i elastyczno\u015b\u0107, co czyni je znacznie bardziej odpornym na zarysowania i st\u0142uczenia ni\u017c szk\u0142o syntetyczne. Dzi\u0119ki tym w\u0142a\u015bciwo\u015bciom skutecznie chroni tarcz\u0119 zegarka przed codziennymi uszkodzeniami, zapewniaj\u0105c jednocze\u015bnie elegancki wygl\u0105d.\u00a0<\/span><\/p>\n<p>\u00a0<\/p>\n<div class=\"additional-description__item additional-description__text\">\n<p><span style=\"font-size: 12pt;\"><strong>BRANSOLETA Z OGNIWAMI &#8211; ZMYS\u0141OWO\u015a\u0106 KOBIECEGO STYLU<br \/><\/strong><\/span><\/p>\n<p><span style=\"font-size: 12pt;\">Odkryj magi\u0119 bransolety z ogniwami, kt\u00f3ra niczym bi\u017cuteryjny akcent dodaje Twoim stylizacjom szyku i wyrafinowania. Jej harmonijna konstrukcja zachwyca elegancj\u0105 i ponadczasowym pi\u0119knem, idealnie komponuj\u0105c si\u0119 z delikatno\u015bci\u0105 kobiecego nadgarstka. Ka\u017cde ogniwo tej bransolety to ma\u0142e dzie\u0142o sztuki \u2013 precyzyjnie wykonane, tworzy wyj\u0105tkow\u0105 ca\u0142o\u015b\u0107, kt\u00f3ra emanuje luksusem i pewno\u015bci\u0105 siebie. Wykonana z najwy\u017cszej jako\u015bci stali nierdzewnej, bransoleta nie tylko cieszy oko, ale tak\u017ce otula Twoj\u0105 sk\u00f3r\u0119 komfortem, zapewniaj\u0105c wygod\u0119 przez ca\u0142y dzie\u0144. To idealny wyb\u00f3r dla kobiet, kt\u00f3re pragn\u0105 wyrazi\u0107 sw\u00f3j styl subtelnie, a jednocze\u015bnie z charakterem. Bransoleta z ogniwami Michael Kors pi\u0119knie komponuje si\u0119 zar\u00f3wno z eleganck\u0105 sukni\u0105 wieczorow\u0105, jak i minimalistycznym zestawem casualowym, dodaj\u0105c im nuty luksusu i klasy.\u00a0<br \/><\/span><\/p>\n<p>\u00a0<\/p>\n<p><span style=\"font-size: 12pt;\"><strong>WODOODPORNO\u015a\u0106 5 ATM<\/strong><\/span><\/p>\n<p><span style=\"font-size: 12pt;\">Zegarek Michael Kors jest odporny na przypadkowe zachlapania i kontakt z wod\u0105, ale nie jest przeznaczony do zanurzenia si\u0119 w wodzie, np. podczas p\u0142ywania. Zegarek jest wystarczaj\u0105co odporny na codzienne sytuacje, takie jak mycie r\u0105k, przypadkowe zachlapania podczas deszczu czy kontakt z wod\u0105 podczas mycia naczy\u0144. Zegarki Michael Kors s\u0105 zaprojektowane tak, aby wytrzyma\u0142y r\u00f3\u017cne warunki atmosferyczne, co zwi\u0119ksza ich trwa\u0142o\u015b\u0107 i \u017cywotno\u015b\u0107.<\/span><\/p>\n<\/div>\n<\/div>\n<\/div>\n<\/div>\n<\/div>\n<p>\u00a0<\/p>\n<p><span style=\"font-size: 12pt;\"><strong>W ZESTAWIE OTRZYMASZ:<\/strong><\/span><\/p>\n<p><span style=\"font-size: 12pt;\">\u00a0&#8211;\u00a0 Oryginalny zegarek Michael Kors<\/span><br \/><span style=\"font-size: 12pt;\">\u00a0&#8211;\u00a0 Oryginalne pude\u0142ko Michael Kors<\/span><br \/><span style=\"font-size: 12pt;\">\u00a0 &#8211; Kart\u0119 gwarancyjn\u0105<\/span><\/p>","protected":false},"excerpt":{"rendered":"<p>\u00a0 Oryginalny Zegarek Damski Michael Kors Slim Runway MK7474 + BOX \u00a0 Zegarek damski Michael Kors to prawdziwa pere\u0142ka, kt\u00f3ra podkre\u015bla elegancj\u0119 i wyrafinowanie ka\u017cdej kobiety. To dodatek, kt\u00f3ry subtelnie przypomina, \u017ce prawdziwe pi\u0119kno tkwi w detalach, a elegancja nigdy nie przemija. Ka\u017cdy model zosta\u0142 stworzony z my\u015bl\u0105 o delikatno\u015bci kobiecej d\u0142oni, \u0142\u0105cz\u0105c subtelny design [&hellip;]<\/p>","protected":false},"featured_media":994560,"template":"","meta":{"_acf_changed":false},"product_brand":[],"product_cat":[4917,4918,4838],"product_tag":[],"class_list":{"0":"post-994558","1":"product","2":"type-product","3":"status-publish","4":"has-post-thumbnail","6":"product_cat-michael-kors","7":"product_cat-na-bransolecie-michael-kors","8":"product_cat-zegarki-damskie","10":"first","11":"instock","12":"taxable","13":"shipping-taxable","14":"purchasable","15":"product-type-simple"},"acf":[],"yoast_head":"<!-- This site is optimized with the Yoast SEO plugin v27.2 - https:\/\/yoast.com\/product\/yoast-seo-wordpress\/ -->\n<title>Zegarek Damski Michael Kors Slim Runway MK7474 + BOX<\/title>\n<meta name=\"robots\" content=\"index, follow, max-snippet:-1, max-image-preview:large, max-video-preview:-1\" \/>\n<link rel=\"canonical\" href=\"https:\/\/pauzza.pl\/uk\/\u043f\u0440\u043e\u0434\u0443\u043a\u0442\/zegarek-damski-michael-kors-slim-runway-mk7474-box\/\" \/>\n<meta property=\"og:locale\" content=\"uk_UA\" \/>\n<meta property=\"og:type\" content=\"article\" \/>\n<meta property=\"og:title\" content=\"Zegarek Damski Michael Kors Slim Runway MK7474 + BOX\" \/>\n<meta property=\"og:description\" content=\"\u00a0 Oryginalny Zegarek Damski Michael Kors Slim Runway MK7474 + BOX \u00a0 Zegarek damski Michael Kors to prawdziwa pere\u0142ka, kt\u00f3ra podkre\u015bla elegancj\u0119 i wyrafinowanie ka\u017cdej kobiety. To dodatek, kt\u00f3ry subtelnie przypomina, \u017ce prawdziwe pi\u0119kno tkwi w detalach, a elegancja nigdy nie przemija. Ka\u017cdy model zosta\u0142 stworzony z my\u015bl\u0105 o delikatno\u015bci kobiecej d\u0142oni, \u0142\u0105cz\u0105c subtelny design [&hellip;]\" \/>\n<meta property=\"og:url\" content=\"https:\/\/pauzza.pl\/uk\/\u043f\u0440\u043e\u0434\u0443\u043a\u0442\/zegarek-damski-michael-kors-slim-runway-mk7474-box\/\" \/>\n<meta property=\"og:site_name\" content=\"Sklep online z damsk\u0105 odzie\u017c\u0105 Pauzza: Damska odzie\u017c. Nowa Kolekcja\" \/>\n<meta property=\"article:modified_time\" content=\"2026-04-22T15:05:58+00:00\" \/>\n<meta property=\"og:image\" content=\"https:\/\/pauzza.pl\/wp-content\/uploads\/2025\/11\/48_max-87.jpg\" \/>\n\t<meta property=\"og:image:width\" content=\"833\" \/>\n\t<meta property=\"og:image:height\" content=\"1600\" \/>\n\t<meta property=\"og:image:type\" content=\"image\/jpeg\" \/>\n<meta name=\"twitter:card\" content=\"summary_large_image\" \/>\n<meta name=\"twitter:label1\" content=\"\u041f\u0440\u0438\u0431\u043b. \u0447\u0430\u0441 \u0447\u0438\u0442\u0430\u043d\u043d\u044f\" \/>\n\t<meta name=\"twitter:data1\" content=\"3 \u0445\u0432\u0438\u043b\u0438\u043d\u0438\" \/>\n<script type=\"application\/ld+json\" class=\"yoast-schema-graph\">{\"@context\":\"https:\/\/schema.org\",\"@graph\":[{\"@type\":\"WebPage\",\"@id\":\"https:\/\/pauzza.pl\/produkt\/zegarek-damski-michael-kors-slim-runway-mk7474-box\/\",\"url\":\"https:\/\/pauzza.pl\/produkt\/zegarek-damski-michael-kors-slim-runway-mk7474-box\/\",\"name\":\"Zegarek Damski Michael Kors Slim Runway MK7474 + BOX\",\"isPartOf\":{\"@id\":\"https:\/\/pauzza.pl\/#website\"},\"primaryImageOfPage\":{\"@id\":\"https:\/\/pauzza.pl\/produkt\/zegarek-damski-michael-kors-slim-runway-mk7474-box\/#primaryimage\"},\"image\":{\"@id\":\"https:\/\/pauzza.pl\/produkt\/zegarek-damski-michael-kors-slim-runway-mk7474-box\/#primaryimage\"},\"thumbnailUrl\":\"https:\/\/pauzza.pl\/wp-content\/uploads\/2025\/11\/48_max-87.jpg\",\"datePublished\":\"2025-11-24T17:25:58+00:00\",\"dateModified\":\"2026-04-22T15:05:58+00:00\",\"breadcrumb\":{\"@id\":\"https:\/\/pauzza.pl\/produkt\/zegarek-damski-michael-kors-slim-runway-mk7474-box\/#breadcrumb\"},\"inLanguage\":\"uk\",\"potentialAction\":[{\"@type\":\"ReadAction\",\"target\":[\"https:\/\/pauzza.pl\/produkt\/zegarek-damski-michael-kors-slim-runway-mk7474-box\/\"]}]},{\"@type\":\"ImageObject\",\"inLanguage\":\"uk\",\"@id\":\"https:\/\/pauzza.pl\/produkt\/zegarek-damski-michael-kors-slim-runway-mk7474-box\/#primaryimage\",\"url\":\"https:\/\/pauzza.pl\/wp-content\/uploads\/2025\/11\/48_max-87.jpg\",\"contentUrl\":\"https:\/\/pauzza.pl\/wp-content\/uploads\/2025\/11\/48_max-87.jpg\",\"width\":833,\"height\":1600},{\"@type\":\"BreadcrumbList\",\"@id\":\"https:\/\/pauzza.pl\/produkt\/zegarek-damski-michael-kors-slim-runway-mk7474-box\/#breadcrumb\",\"itemListElement\":[{\"@type\":\"ListItem\",\"position\":1,\"name\":\"Strona g\u0142\u00f3wna\",\"item\":\"https:\/\/pauzza.pl\/\"},{\"@type\":\"ListItem\",\"position\":2,\"name\":\"Sklep\",\"item\":\"https:\/\/pauzza.pl\/sklep\/\"},{\"@type\":\"ListItem\",\"position\":3,\"name\":\"Zegarek Damski Michael Kors Slim Runway MK7474 + BOX\"}]},{\"@type\":\"WebSite\",\"@id\":\"https:\/\/pauzza.pl\/#website\",\"url\":\"https:\/\/pauzza.pl\/\",\"name\":\"Sklep online z damsk\u0105 odzie\u017c\u0105 Pauzza: Damska odzie\u017c. Nowa Kolekcja\",\"description\":\"Je\u015bli chcesz zadba\u0107 o sw\u00f3j profesjonalny i pe\u0142en klasy wygl\u0105d w pracy butik online Pauzza, to strza\u0142 w dziesi\u0105tk\u0119! U nas znajdziesz szeroki wyb\u00f3r \u017cakiet\u00f3w, koszul, kurtek, sukienek, sp\u00f3dnic i wiele wiecej\",\"publisher\":{\"@id\":\"https:\/\/pauzza.pl\/#organization\"},\"potentialAction\":[{\"@type\":\"SearchAction\",\"target\":{\"@type\":\"EntryPoint\",\"urlTemplate\":\"https:\/\/pauzza.pl\/?s={search_term_string}\"},\"query-input\":{\"@type\":\"PropertyValueSpecification\",\"valueRequired\":true,\"valueName\":\"search_term_string\"}}],\"inLanguage\":\"uk\"},{\"@type\":\"Organization\",\"@id\":\"https:\/\/pauzza.pl\/#organization\",\"name\":\"Sklep online z damsk\u0105 odzie\u017c\u0105 Pauzza: Damska odzie\u017c. Nowa Kolekcja\",\"url\":\"https:\/\/pauzza.pl\/\",\"logo\":{\"@type\":\"ImageObject\",\"inLanguage\":\"uk\",\"@id\":\"https:\/\/pauzza.pl\/#\/schema\/logo\/image\/\",\"url\":\"https:\/\/pauzza.pl\/wp-content\/uploads\/2024\/01\/pauzzaw.png\",\"contentUrl\":\"https:\/\/pauzza.pl\/wp-content\/uploads\/2024\/01\/pauzzaw.png\",\"width\":350,\"height\":100,\"caption\":\"Sklep online z damsk\u0105 odzie\u017c\u0105 Pauzza: Damska odzie\u017c. Nowa Kolekcja\"},\"image\":{\"@id\":\"https:\/\/pauzza.pl\/#\/schema\/logo\/image\/\"}}]}<\/script>\n<!-- \/ Yoast SEO plugin. -->","yoast_head_json":{"title":"Zegarek Damski Michael Kors Slim Runway MK7474 + BOX","robots":{"index":"index","follow":"follow","max-snippet":"max-snippet:-1","max-image-preview":"max-image-preview:large","max-video-preview":"max-video-preview:-1"},"canonical":"https:\/\/pauzza.pl\/uk\/\u043f\u0440\u043e\u0434\u0443\u043a\u0442\/zegarek-damski-michael-kors-slim-runway-mk7474-box\/","og_locale":"uk_UA","og_type":"article","og_title":"Zegarek Damski Michael Kors Slim Runway MK7474 + BOX","og_description":"\u00a0 Oryginalny Zegarek Damski Michael Kors Slim Runway MK7474 + BOX \u00a0 Zegarek damski Michael Kors to prawdziwa pere\u0142ka, kt\u00f3ra podkre\u015bla elegancj\u0119 i wyrafinowanie ka\u017cdej kobiety. To dodatek, kt\u00f3ry subtelnie przypomina, \u017ce prawdziwe pi\u0119kno tkwi w detalach, a elegancja nigdy nie przemija. Ka\u017cdy model zosta\u0142 stworzony z my\u015bl\u0105 o delikatno\u015bci kobiecej d\u0142oni, \u0142\u0105cz\u0105c subtelny design [&hellip;]","og_url":"https:\/\/pauzza.pl\/uk\/\u043f\u0440\u043e\u0434\u0443\u043a\u0442\/zegarek-damski-michael-kors-slim-runway-mk7474-box\/","og_site_name":"Sklep online z damsk\u0105 odzie\u017c\u0105 Pauzza: Damska odzie\u017c. Nowa Kolekcja","article_modified_time":"2026-04-22T15:05:58+00:00","og_image":[{"width":833,"height":1600,"url":"https:\/\/pauzza.pl\/wp-content\/uploads\/2025\/11\/48_max-87.jpg","type":"image\/jpeg"}],"twitter_card":"summary_large_image","twitter_misc":{"\u041f\u0440\u0438\u0431\u043b. \u0447\u0430\u0441 \u0447\u0438\u0442\u0430\u043d\u043d\u044f":"3 \u0445\u0432\u0438\u043b\u0438\u043d\u0438"},"schema":{"@context":"https:\/\/schema.org","@graph":[{"@type":"WebPage","@id":"https:\/\/pauzza.pl\/produkt\/zegarek-damski-michael-kors-slim-runway-mk7474-box\/","url":"https:\/\/pauzza.pl\/produkt\/zegarek-damski-michael-kors-slim-runway-mk7474-box\/","name":"Zegarek Damski Michael Kors Slim Runway MK7474 + BOX","isPartOf":{"@id":"https:\/\/pauzza.pl\/#website"},"primaryImageOfPage":{"@id":"https:\/\/pauzza.pl\/produkt\/zegarek-damski-michael-kors-slim-runway-mk7474-box\/#primaryimage"},"image":{"@id":"https:\/\/pauzza.pl\/produkt\/zegarek-damski-michael-kors-slim-runway-mk7474-box\/#primaryimage"},"thumbnailUrl":"https:\/\/pauzza.pl\/wp-content\/uploads\/2025\/11\/48_max-87.jpg","datePublished":"2025-11-24T17:25:58+00:00","dateModified":"2026-04-22T15:05:58+00:00","breadcrumb":{"@id":"https:\/\/pauzza.pl\/produkt\/zegarek-damski-michael-kors-slim-runway-mk7474-box\/#breadcrumb"},"inLanguage":"uk","potentialAction":[{"@type":"ReadAction","target":["https:\/\/pauzza.pl\/produkt\/zegarek-damski-michael-kors-slim-runway-mk7474-box\/"]}]},{"@type":"ImageObject","inLanguage":"uk","@id":"https:\/\/pauzza.pl\/produkt\/zegarek-damski-michael-kors-slim-runway-mk7474-box\/#primaryimage","url":"https:\/\/pauzza.pl\/wp-content\/uploads\/2025\/11\/48_max-87.jpg","contentUrl":"https:\/\/pauzza.pl\/wp-content\/uploads\/2025\/11\/48_max-87.jpg","width":833,"height":1600},{"@type":"BreadcrumbList","@id":"https:\/\/pauzza.pl\/produkt\/zegarek-damski-michael-kors-slim-runway-mk7474-box\/#breadcrumb","itemListElement":[{"@type":"ListItem","position":1,"name":"Strona g\u0142\u00f3wna","item":"https:\/\/pauzza.pl\/"},{"@type":"ListItem","position":2,"name":"Sklep","item":"https:\/\/pauzza.pl\/sklep\/"},{"@type":"ListItem","position":3,"name":"Zegarek Damski Michael Kors Slim Runway MK7474 + BOX"}]},{"@type":"WebSite","@id":"https:\/\/pauzza.pl\/#website","url":"https:\/\/pauzza.pl\/","name":"\u0406\u043d\u0442\u0435\u0440\u043d\u0435\u0442 \u043c\u0430\u0433\u0430\u0437\u0438\u043d \u0436\u0456\u043d\u043e\u0447\u043e\u0433\u043e \u043e\u0434\u044f\u0433\u0443 Pauzza: \u0416\u0456\u043d\u043e\u0447\u0438\u0439 \u043e\u0434\u044f\u0433. \u041d\u043e\u0432\u0430 \u043a\u043e\u043b\u0435\u043a\u0446\u0456\u044f","description":"\u042f\u043a\u0449\u043e \u0432\u0438 \u0445\u043e\u0447\u0435\u0442\u0435 \u043f\u043e\u0434\u0431\u0430\u0442\u0438 \u043f\u0440\u043e \u0441\u0432\u0456\u0439 \u043f\u0440\u043e\u0444\u0435\u0441\u0456\u0439\u043d\u0438\u0439 \u0442\u0430 \u0441\u0442\u0438\u043b\u044c\u043d\u0438\u0439 \u0432\u0438\u0433\u043b\u044f\u0434 \u043d\u0430 \u0440\u043e\u0431\u043e\u0442\u0456, \u043e\u043d\u043b\u0430\u0439\u043d-\u0431\u0443\u0442\u0456\u043a Pauzza - \u0446\u0435 \u0445\u0456\u0442! \u0422\u0443\u0442 \u0432\u0438 \u0437\u043d\u0430\u0439\u0434\u0435\u0442\u0435 \u0448\u0438\u0440\u043e\u043a\u0438\u0439 \u0432\u0438\u0431\u0456\u0440 \u043f\u0456\u0434\u0436\u0430\u043a\u0456\u0432, \u0441\u043e\u0440\u043e\u0447\u043e\u043a, \u0436\u0430\u043a\u0435\u0442\u0456\u0432, \u0441\u0443\u043a\u043e\u043d\u044c, \u0441\u043f\u0456\u0434\u043d\u0438\u0446\u044c \u0442\u0430 \u0431\u0430\u0433\u0430\u0442\u043e \u0456\u043d\u0448\u043e\u0433\u043e.","publisher":{"@id":"https:\/\/pauzza.pl\/#organization"},"potentialAction":[{"@type":"SearchAction","target":{"@type":"EntryPoint","urlTemplate":"https:\/\/pauzza.pl\/?s={search_term_string}"},"query-input":{"@type":"PropertyValueSpecification","valueRequired":true,"valueName":"search_term_string"}}],"inLanguage":"uk"},{"@type":"Organization","@id":"https:\/\/pauzza.pl\/#organization","name":"\u0406\u043d\u0442\u0435\u0440\u043d\u0435\u0442 \u043c\u0430\u0433\u0430\u0437\u0438\u043d \u0436\u0456\u043d\u043e\u0447\u043e\u0433\u043e \u043e\u0434\u044f\u0433\u0443 Pauzza: \u0416\u0456\u043d\u043e\u0447\u0438\u0439 \u043e\u0434\u044f\u0433. \u041d\u043e\u0432\u0430 \u043a\u043e\u043b\u0435\u043a\u0446\u0456\u044f","url":"https:\/\/pauzza.pl\/","logo":{"@type":"ImageObject","inLanguage":"uk","@id":"https:\/\/pauzza.pl\/#\/schema\/logo\/image\/","url":"https:\/\/pauzza.pl\/wp-content\/uploads\/2024\/01\/pauzzaw.png","contentUrl":"https:\/\/pauzza.pl\/wp-content\/uploads\/2024\/01\/pauzzaw.png","width":350,"height":100,"caption":"Sklep online z damsk\u0105 odzie\u017c\u0105 Pauzza: Damska odzie\u017c. Nowa Kolekcja"},"image":{"@id":"https:\/\/pauzza.pl\/#\/schema\/logo\/image\/"}}]}},"_links":{"self":[{"href":"https:\/\/pauzza.pl\/uk\/wp-json\/wp\/v2\/product\/994558","targetHints":{"allow":["GET"]}}],"collection":[{"href":"https:\/\/pauzza.pl\/uk\/wp-json\/wp\/v2\/product"}],"about":[{"href":"https:\/\/pauzza.pl\/uk\/wp-json\/wp\/v2\/types\/product"}],"wp:featuredmedia":[{"embeddable":true,"href":"https:\/\/pauzza.pl\/uk\/wp-json\/wp\/v2\/media\/994560"}],"wp:attachment":[{"href":"https:\/\/pauzza.pl\/uk\/wp-json\/wp\/v2\/media?parent=994558"}],"wp:term":[{"taxonomy":"product_brand","embeddable":true,"href":"https:\/\/pauzza.pl\/uk\/wp-json\/wp\/v2\/product_brand?post=994558"},{"taxonomy":"product_cat","embeddable":true,"href":"https:\/\/pauzza.pl\/uk\/wp-json\/wp\/v2\/product_cat?post=994558"},{"taxonomy":"product_tag","embeddable":true,"href":"https:\/\/pauzza.pl\/uk\/wp-json\/wp\/v2\/product_tag?post=994558"}],"curies":[{"name":"wp","href":"https:\/\/api.w.org\/{rel}","templated":true}]}}