{"id":989532,"date":"2025-11-24T17:40:58","date_gmt":"2025-11-24T16:40:58","guid":{"rendered":"https:\/\/pauzza.pl\/produkt\/zegarek-meski-perfect-r50-05\/"},"modified":"2026-04-07T03:33:20","modified_gmt":"2026-04-07T01:33:20","slug":"zegarek-meski-perfect-r50-05","status":"publish","type":"product","link":"https:\/\/pauzza.pl\/uk\/%d0%bf%d1%80%d0%be%d0%b4%d1%83%d0%ba%d1%82\/zegarek-meski-perfect-r50-05\/","title":{"rendered":"Zegarek M\u0119ski PERFECT R50-05"},"content":{"rendered":"<p><span style=\"font-size: 12pt;\"><strong><span class=\"def\"><span style=\"color: #222222;\" class=\"def\"><span style=\"font-family: 'Open Sans', sans-serif;\" class=\"def\"><span style=\"font-size: 11px;\" class=\"def\"><span style=\"background-color: transparent;\" class=\"def\"><span style=\"font-family: verdana, geneva;\" class=\"def\"><span style=\"font-size: 12pt;\" class=\"def\"><span style=\"background-color: transparent;\" class=\"def\"><span style=\"font-size: 10pt;\" class=\"def\"><span style=\"background-color: transparent;\" class=\"def\"><span style=\"font-size: 12pt;\" class=\"def\"><span style=\"font-size: 14pt;\" class=\"def\"><strong class=\"def\"><span style=\"font-size: x-large;\" class=\"def\">Zegarek M\u0119ski PERFECT <span style=\"background-color: transparent;\" class=\"def\"><span style=\"font-size: 12pt;\" class=\"def\"><span style=\"font-size: 14pt;\" class=\"def\"><span style=\"font-size: x-large;\" class=\"def\">R50-05<\/span><\/span><\/span><\/span><\/span><\/strong><\/span><\/span><\/span><\/span><\/span><\/span><\/span><\/span><\/span><\/span><\/span><\/span><\/strong><\/span><\/p>\n<p>\u00a0<\/p>\n<p><span style=\"font-size: 12pt;\"><strong>Zegarki marki Perfect <\/strong>to esencja ponadczasowego stylu, w kt\u00f3rym elegancja spotyka si\u0119 z wyrafinowan\u0105 harmoni\u0105. To modele, kt\u00f3re nie tylko odmierzaj\u0105 czas, ale staj\u0105 si\u0119 wyrazem osobowo\u015bci i klasy, oferuj\u0105c co\u015b wyj\u0105tkowego zar\u00f3wno dla kobiet, jak i m\u0119\u017cczyzn. Design zegark\u00f3w marki Perfect harmonia pomi\u0119dzy klasyk\u0105 a nowoczesnym designem \u2013 dla tych, kt\u00f3rzy szukaj\u0105 czego\u015b wi\u0119cej ni\u017c tylko sposobu na odmierzanie czasu.<\/span><\/p>\n<p>\u00a0<\/p>\n<p><span style=\"font-size: 12pt;\">Ten zegarek to idealne po\u0142\u0105czenie elegancji i nowoczesno\u015bci. Srebrna koperta otacza klasyczn\u0105 czarn\u0105 tarcz\u0119, kt\u00f3rej bia\u0142e indeksy zapewniaj\u0105 doskona\u0142\u0105 czytelno\u015b\u0107. Srebrne, fluorescencyjne wskaz\u00f3wki gwarantuj\u0105 widoczno\u015b\u0107 w ka\u017cdych warunkach, a srebrny sekundnik dodaje dynamiki. Ca\u0142o\u015b\u0107 dope\u0142nia srebrna bransoleta, kt\u00f3ra \u0142\u0105czy komfort z klas\u0105. To doskona\u0142y wyb\u00f3r dla m\u0119\u017cczyzny, kt\u00f3ry pragnie podkre\u015bli\u0107 swoj\u0105 osobowo\u015b\u0107 eleganckim akcesorium.<\/span><\/p>\n<p>\u00a0<\/p>\n<p><strong><span style=\"font-size: 12pt;\">Opis produktu:<\/span><\/strong><\/p>\n<p><span style=\"font-size: 12pt;\">\u00a0 \u00a0 Marka: Perfect<\/span><br \/><span style=\"font-size: 12pt;\">\u00a0 \u00a0 Mechanizm: Kwarcowy<\/span><br \/><span style=\"font-size: 12pt;\">\u00a0 \u00a0 Tarcza: Analogowa<\/span><br \/><span style=\"font-size: 12pt;\">\u00a0 \u00a0 Koperta: Wysokogatunkowa stal<\/span><br \/><span style=\"font-size: 12pt;\">\u00a0 \u00a0 Szkie\u0142ko: Mineralne<\/span><br \/><span style=\"font-size: 12pt;\">\u00a0 \u00a0 Bransoleta: Stal szlachetna- regulowana<\/span><br \/><span style=\"font-size: 12pt;\">\u00a0 \u00a0 Pod\u015bwietlenie: Fluorescencja<\/span><br \/><span style=\"font-size: 12pt;\">\u00a0 \u00a0 Wodoszczelno\u015b\u0107: 3 ATM<\/span><\/p>\n<p>\u00a0<\/p>\n<p>\u00a0<\/p>\n<p><strong><span style=\"font-size: 12pt;\">Wymiary w mm:<\/span><\/strong><\/p>\n<p><span style=\"font-size: 12pt;\">\u00a0 \u00a0 Koperta: \u015brednica: 38<\/span><br \/><span style=\"font-size: 12pt;\">\u00a0 \u00a0 Tarcza: \u015brednica: 32<\/span><br \/><span style=\"font-size: 12pt;\">\u00a0 \u00a0 Grubo\u015b\u0107: 7,8<\/span><br \/><span style=\"font-size: 12pt;\">\u00a0 \u00a0 Bransoleta: 20<\/span><br \/><span style=\"font-size: 12pt;\">\u00a0 \u00a0 Obw\u00f3d: max.220<\/span><\/p>\n<p>\u00a0<\/p>\n<p>\u00a0<\/p>\n<p class=\"def\"><span style=\"font-size: 11pt;\"><strong class=\"def\">Kolorystyka:<\/strong><\/span><\/p>\n<ul class=\"def\">\n<li class=\"def\"><span style=\"background-color: transparent; font-size: 11pt;\" class=\"def\"><span class=\"def\"><span style=\"background-color: transparent;\" class=\"def\"><span style=\"font-family: verdana, geneva;\" class=\"def\"><strong class=\"def\">Koperta<\/strong>: srebrna<\/span><\/span><\/span><\/span><\/li>\n<li class=\"def\"><span style=\"background-color: transparent; font-size: 11pt;\" class=\"def\"><span class=\"def\"><span style=\"background-color: transparent;\" class=\"def\"><span style=\"font-family: verdana, geneva;\" class=\"def\"><strong class=\"def\">Tarcza<\/strong>: czarna<br \/><\/span><\/span><\/span><\/span><\/li>\n<li class=\"def\"><span style=\"background-color: transparent; font-size: 11pt;\" class=\"def\"><span class=\"def\"><span style=\"background-color: transparent;\" class=\"def\"><span style=\"font-family: verdana, geneva;\" class=\"def\"><strong class=\"def\">Indeksy<\/strong>: bia\u0142e<br class=\"def\"><\/span><\/span><\/span><\/span><\/li>\n<li class=\"def\"><span style=\"background-color: transparent; font-size: 11pt;\" class=\"def\"><span class=\"def\"><span style=\"background-color: transparent;\" class=\"def\"><span style=\"font-family: verdana, geneva;\" class=\"def\"><strong class=\"def\">Wskaz\u00f3wki<\/strong>: srebrne, fluorescencja<\/span><\/span><\/span><\/span><span style=\"background-color: transparent; font-size: 11pt;\" class=\"def\"><span class=\"def\"><span style=\"background-color: transparent;\" class=\"def\"><span style=\"font-family: verdana, geneva;\" class=\"def\"><br class=\"def\"><\/span><\/span><\/span><\/span><\/li>\n<li class=\"def\"><span style=\"background-color: transparent; font-size: 11pt;\" class=\"def\"><span class=\"def\"><span style=\"background-color: transparent;\" class=\"def\"><span style=\"font-family: verdana, geneva;\" class=\"def\"><strong>Sekundnik<\/strong>: srebrny<br \/><\/span><\/span><\/span><\/span><\/li>\n<li class=\"def\"><span style=\"background-color: transparent; font-size: 11pt;\" class=\"def\"><span class=\"def\"><span style=\"background-color: transparent;\" class=\"def\"><span style=\"font-family: verdana, geneva;\" class=\"def\"><strong class=\"def\">Bransoleta<\/strong>: srebrna<\/span><\/span><\/span><\/span><\/li>\n<\/ul>\n<p>\u00a0<\/p>\n<p>\u00a0<\/p>\n<p>\u00a0<\/p>\n<p><strong><span style=\"font-size: 12pt;\">MECHANIZM KWARCOWY<\/span><\/strong><\/p>\n<p><span style=\"font-size: 12pt;\">Mechanizm kwarcowy w zegarku to synonim precyzji i niezawodno\u015bci. Jest odporny na zmiany temperatury i wstrz\u0105sy, co sprawia, \u017ce jest doskona\u0142ym wyborem dla os\u00f3b ceni\u0105cych sobie nie tylko elegancj\u0119, ale i bezproblemowe u\u017cytkowanie. Dzi\u0119ki stabilnym drganiom kryszta\u0142u kwarcu, zegarek utrzymuje wyj\u0105tkow\u0105 dok\u0142adno\u015b\u0107 i niezawodno\u015b\u0107, minimalizuj\u0105c potrzeb\u0119 regulacji.<\/span><\/p>\n<p>\u00a0<\/p>\n<p><strong><span style=\"font-size: 12pt;\">FUNKCJE ZEGARKA\u00a0<\/span><\/strong><\/p>\n<p><span style=\"font-size: 12pt;\">M\u0119ski zegarek Perfect wyr\u00f3\u017cnia si\u0119 minimalistycznym designem, z klasycznym wskazaniem godzin i minut oraz sekund. To proste, a zarazem eleganckie rozwi\u0105zanie, kt\u00f3re dodaje m\u0119skiej d\u0142oni wyj\u0105tkowego szyku, ale tak\u017ce podkre\u015bla jej charakter i klas\u0119.<\/span><br \/><span style=\"font-size: 12pt;\">\u00a0<\/span><\/p>\n<p><strong><span style=\"font-size: 12pt;\">WSKAZ\u00d3WKI FLUORESCENCYJNE<\/span><\/strong><\/p>\n<p><span style=\"font-size: 12pt;\">Dzi\u0119ki ich zdolno\u015bci do \u015bwiecenia w ciemno\u015bci, zegarek oferuje doskona\u0142\u0105 czytelno\u015b\u0107 w ka\u017cdych warunkach. Ten efekt nie tylko dodaje nowoczesnego charakteru, ale tak\u017ce zapewnia praktyczno\u015b\u0107, umo\u017cliwiaj\u0105c \u0142atwe odczytanie godziny w pe\u0142nym mroku.<\/span><\/p>\n<p>\u00a0<\/p>\n<p><strong><span style=\"font-size: 12pt;\">METALOWA BRANSOLETA\u00a0<\/span><\/strong><\/p>\n<p><span style=\"font-size: 12pt;\">Dzi\u0119ki precyzyjnemu wykonaniu z wysokiej jako\u015bci stali nierdzewnej, bransoleta \u0142\u0105czy w sobie wytrzyma\u0142o\u015b\u0107 i luksusowy wygl\u0105d, tworz\u0105c idealne akcesorium na ka\u017cd\u0105 okazj\u0119. Jej solidna konstrukcja oferuje komfort noszenia przez ca\u0142y dzie\u0144 dzi\u0119ki doskonale dopasowanemu zapi\u0119ciu. Ka\u017cdy detal bransolety zosta\u0142 starannie dopracowany, aby zapewni\u0107 zar\u00f3wno estetyczny, jak i praktyczny wymiar, idealnie komponuj\u0105c si\u0119 z nowoczesnym stylem \u017cycia i podkre\u015blaj\u0105c indywidualny charakter w\u0142a\u015bciciela.<\/span><\/p>\n<p>\u00a0<\/p>\n<p><strong><span style=\"font-size: 12pt;\">MINERALNE SZKIE\u0141KO<\/span><\/strong><\/p>\n<p><span style=\"font-size: 12pt;\">Mineralne szkie\u0142ko w zegarku to doskona\u0142y wyb\u00f3r dla os\u00f3b ceni\u0105cych trwa\u0142o\u015b\u0107 i wygod\u0119. Wytwarzane z krzemionki, \u0142\u0105czy w sobie wyj\u0105tkow\u0105 twardo\u015b\u0107 i elastyczno\u015b\u0107, co czyni je znacznie bardziej odpornym na zarysowania i st\u0142uczenia ni\u017c szk\u0142o syntetyczne. Dzi\u0119ki tym w\u0142a\u015bciwo\u015bciom skutecznie chroni tarcz\u0119 zegarka przed codziennymi uszkodzeniami, zapewniaj\u0105c jednocze\u015bnie elegancki wygl\u0105d. To idealna opcja dla tych, kt\u00f3rzy szukaj\u0105 po\u0142\u0105czenia estetyki z niezawodno\u015bci\u0105 w codziennym u\u017cytkowaniu.<\/span><\/p>\n<p>\u00a0<\/p>\n<p><strong><span style=\"font-size: 12pt;\">WODOODPORNO\u015a\u0106 3 ATM<\/span><\/strong><\/p>\n<p><span style=\"font-size: 12pt;\">Zegarek Perfect jest odporny na przypadkowe zachlapania i kontakt z wod\u0105, ale nie jest przeznaczony do zanurzenia si\u0119 w wodzie, np. podczas p\u0142ywania. Zegarek \u00a0jest wystarczaj\u0105co odporny na codzienne sytuacje, takie jak mycie r\u0105k, przypadkowe zachlapania podczas deszczu czy kontakt z wod\u0105 podczas mycia naczy\u0144. Zegarki Perfect s\u0105 zaprojektowane tak, aby wytrzyma\u0142y r\u00f3\u017cne warunki atmosferyczne, co zwi\u0119ksza ich trwa\u0142o\u015b\u0107 i \u017cywotno\u015b\u0107.<\/span><\/p>\n<p>\u00a0<\/p>\n<p><strong><span style=\"font-size: 12pt;\">M\u0119skie zegarki Perfect &#8211; synonim klasy i pewno\u015bci siebie<\/span><\/strong><\/p>\n<p><span style=\"font-size: 12pt;\">Klasyczna forma po\u0142\u0105czona z nowoczesn\u0105 funkcjonalno\u015bci\u0105 to modele m\u0119skich zegark\u00f3w, kt\u00f3re nie tylko \u015bwietnie si\u0119 prezentuj\u0105, ale i sprawdzaj\u0105 w dynamicznym rytmie \u017cycia. Du\u017ce, wyraziste tarcze w metalowych kopertach emanuj\u0105 zdecydowaniem, a solidne bransolety lub sk\u00f3rzane paski dodaj\u0105 im m\u0119skiego uroku. Zegarki m\u0119skie Perfect cz\u0119sto wzbogacone s\u0105 o praktyczne funkcje, jak datownik, sekundnik czy fluorescencyjne wskaz\u00f3wki, staj\u0105c si\u0119 nie tylko stylowym dodatkiem, ale r\u00f3wnie\u017c narz\u0119dziem dla m\u0119\u017cczyzny ceni\u0105cego precyzj\u0119.\u00a0<\/span><\/p>","protected":false},"excerpt":{"rendered":"<p>Zegarek M\u0119ski PERFECT R50-05 \u00a0 Zegarki marki Perfect to esencja ponadczasowego stylu, w kt\u00f3rym elegancja spotyka si\u0119 z wyrafinowan\u0105 harmoni\u0105. To modele, kt\u00f3re nie tylko odmierzaj\u0105 czas, ale staj\u0105 si\u0119 wyrazem osobowo\u015bci i klasy, oferuj\u0105c co\u015b wyj\u0105tkowego zar\u00f3wno dla kobiet, jak i m\u0119\u017cczyzn. Design zegark\u00f3w marki Perfect harmonia pomi\u0119dzy klasyk\u0105 a nowoczesnym designem \u2013 dla [&hellip;]<\/p>","protected":false},"featured_media":989534,"template":"","meta":{"_acf_changed":false},"product_brand":[],"product_cat":[4895,4870,4838],"product_tag":[],"class_list":{"0":"post-989532","1":"product","2":"type-product","3":"status-publish","4":"has-post-thumbnail","6":"product_cat-na-bransolecie-perfect-zegarki-damskie","7":"product_cat-perfect","8":"product_cat-zegarki-damskie","10":"first","11":"outofstock","12":"taxable","13":"shipping-taxable","14":"purchasable","15":"product-type-simple"},"acf":[],"yoast_head":"<!-- This site is optimized with the Yoast SEO plugin v27.2 - https:\/\/yoast.com\/product\/yoast-seo-wordpress\/ -->\n<title>Zegarek M\u0119ski PERFECT R50-05<\/title>\n<meta name=\"robots\" content=\"index, follow, max-snippet:-1, max-image-preview:large, max-video-preview:-1\" \/>\n<link rel=\"canonical\" href=\"https:\/\/pauzza.pl\/uk\/\u043f\u0440\u043e\u0434\u0443\u043a\u0442\/zegarek-meski-perfect-r50-05\/\" \/>\n<meta property=\"og:locale\" content=\"uk_UA\" \/>\n<meta property=\"og:type\" content=\"article\" \/>\n<meta property=\"og:title\" content=\"Zegarek M\u0119ski PERFECT R50-05\" \/>\n<meta property=\"og:description\" content=\"Zegarek M\u0119ski PERFECT R50-05 \u00a0 Zegarki marki Perfect to esencja ponadczasowego stylu, w kt\u00f3rym elegancja spotyka si\u0119 z wyrafinowan\u0105 harmoni\u0105. To modele, kt\u00f3re nie tylko odmierzaj\u0105 czas, ale staj\u0105 si\u0119 wyrazem osobowo\u015bci i klasy, oferuj\u0105c co\u015b wyj\u0105tkowego zar\u00f3wno dla kobiet, jak i m\u0119\u017cczyzn. Design zegark\u00f3w marki Perfect harmonia pomi\u0119dzy klasyk\u0105 a nowoczesnym designem \u2013 dla [&hellip;]\" \/>\n<meta property=\"og:url\" content=\"https:\/\/pauzza.pl\/uk\/\u043f\u0440\u043e\u0434\u0443\u043a\u0442\/zegarek-meski-perfect-r50-05\/\" \/>\n<meta property=\"og:site_name\" content=\"Sklep online z damsk\u0105 odzie\u017c\u0105 Pauzza: Damska odzie\u017c. Nowa Kolekcja\" \/>\n<meta property=\"article:modified_time\" content=\"2026-04-07T01:33:20+00:00\" \/>\n<meta property=\"og:image\" content=\"https:\/\/pauzza.pl\/wp-content\/uploads\/2025\/11\/19_max-123.jpg\" \/>\n\t<meta property=\"og:image:width\" content=\"576\" \/>\n\t<meta property=\"og:image:height\" content=\"768\" \/>\n\t<meta property=\"og:image:type\" content=\"image\/jpeg\" \/>\n<meta name=\"twitter:card\" content=\"summary_large_image\" \/>\n<meta name=\"twitter:label1\" content=\"\u041f\u0440\u0438\u0431\u043b. \u0447\u0430\u0441 \u0447\u0438\u0442\u0430\u043d\u043d\u044f\" \/>\n\t<meta name=\"twitter:data1\" content=\"3 \u0445\u0432\u0438\u043b\u0438\u043d\u0438\" \/>\n<script type=\"application\/ld+json\" class=\"yoast-schema-graph\">{\"@context\":\"https:\/\/schema.org\",\"@graph\":[{\"@type\":\"WebPage\",\"@id\":\"https:\/\/pauzza.pl\/produkt\/zegarek-meski-perfect-r50-05\/\",\"url\":\"https:\/\/pauzza.pl\/produkt\/zegarek-meski-perfect-r50-05\/\",\"name\":\"Zegarek M\u0119ski PERFECT R50-05\",\"isPartOf\":{\"@id\":\"https:\/\/pauzza.pl\/#website\"},\"primaryImageOfPage\":{\"@id\":\"https:\/\/pauzza.pl\/produkt\/zegarek-meski-perfect-r50-05\/#primaryimage\"},\"image\":{\"@id\":\"https:\/\/pauzza.pl\/produkt\/zegarek-meski-perfect-r50-05\/#primaryimage\"},\"thumbnailUrl\":\"https:\/\/pauzza.pl\/wp-content\/uploads\/2025\/11\/19_max-123.jpg\",\"datePublished\":\"2025-11-24T16:40:58+00:00\",\"dateModified\":\"2026-04-07T01:33:20+00:00\",\"breadcrumb\":{\"@id\":\"https:\/\/pauzza.pl\/produkt\/zegarek-meski-perfect-r50-05\/#breadcrumb\"},\"inLanguage\":\"uk\",\"potentialAction\":[{\"@type\":\"ReadAction\",\"target\":[\"https:\/\/pauzza.pl\/produkt\/zegarek-meski-perfect-r50-05\/\"]}]},{\"@type\":\"ImageObject\",\"inLanguage\":\"uk\",\"@id\":\"https:\/\/pauzza.pl\/produkt\/zegarek-meski-perfect-r50-05\/#primaryimage\",\"url\":\"https:\/\/pauzza.pl\/wp-content\/uploads\/2025\/11\/19_max-123.jpg\",\"contentUrl\":\"https:\/\/pauzza.pl\/wp-content\/uploads\/2025\/11\/19_max-123.jpg\",\"width\":576,\"height\":768},{\"@type\":\"BreadcrumbList\",\"@id\":\"https:\/\/pauzza.pl\/produkt\/zegarek-meski-perfect-r50-05\/#breadcrumb\",\"itemListElement\":[{\"@type\":\"ListItem\",\"position\":1,\"name\":\"Strona g\u0142\u00f3wna\",\"item\":\"https:\/\/pauzza.pl\/\"},{\"@type\":\"ListItem\",\"position\":2,\"name\":\"Sklep\",\"item\":\"https:\/\/pauzza.pl\/sklep\/\"},{\"@type\":\"ListItem\",\"position\":3,\"name\":\"Zegarek M\u0119ski PERFECT R50-05\"}]},{\"@type\":\"WebSite\",\"@id\":\"https:\/\/pauzza.pl\/#website\",\"url\":\"https:\/\/pauzza.pl\/\",\"name\":\"Sklep online z damsk\u0105 odzie\u017c\u0105 Pauzza: Damska odzie\u017c. Nowa Kolekcja\",\"description\":\"Je\u015bli chcesz zadba\u0107 o sw\u00f3j profesjonalny i pe\u0142en klasy wygl\u0105d w pracy butik online Pauzza, to strza\u0142 w dziesi\u0105tk\u0119! U nas znajdziesz szeroki wyb\u00f3r \u017cakiet\u00f3w, koszul, kurtek, sukienek, sp\u00f3dnic i wiele wiecej\",\"publisher\":{\"@id\":\"https:\/\/pauzza.pl\/#organization\"},\"potentialAction\":[{\"@type\":\"SearchAction\",\"target\":{\"@type\":\"EntryPoint\",\"urlTemplate\":\"https:\/\/pauzza.pl\/?s={search_term_string}\"},\"query-input\":{\"@type\":\"PropertyValueSpecification\",\"valueRequired\":true,\"valueName\":\"search_term_string\"}}],\"inLanguage\":\"uk\"},{\"@type\":\"Organization\",\"@id\":\"https:\/\/pauzza.pl\/#organization\",\"name\":\"Sklep online z damsk\u0105 odzie\u017c\u0105 Pauzza: Damska odzie\u017c. Nowa Kolekcja\",\"url\":\"https:\/\/pauzza.pl\/\",\"logo\":{\"@type\":\"ImageObject\",\"inLanguage\":\"uk\",\"@id\":\"https:\/\/pauzza.pl\/#\/schema\/logo\/image\/\",\"url\":\"https:\/\/pauzza.pl\/wp-content\/uploads\/2024\/01\/pauzzaw.png\",\"contentUrl\":\"https:\/\/pauzza.pl\/wp-content\/uploads\/2024\/01\/pauzzaw.png\",\"width\":350,\"height\":100,\"caption\":\"Sklep online z damsk\u0105 odzie\u017c\u0105 Pauzza: Damska odzie\u017c. Nowa Kolekcja\"},\"image\":{\"@id\":\"https:\/\/pauzza.pl\/#\/schema\/logo\/image\/\"}}]}<\/script>\n<!-- \/ Yoast SEO plugin. -->","yoast_head_json":{"title":"Zegarek M\u0119ski PERFECT R50-05","robots":{"index":"index","follow":"follow","max-snippet":"max-snippet:-1","max-image-preview":"max-image-preview:large","max-video-preview":"max-video-preview:-1"},"canonical":"https:\/\/pauzza.pl\/uk\/\u043f\u0440\u043e\u0434\u0443\u043a\u0442\/zegarek-meski-perfect-r50-05\/","og_locale":"uk_UA","og_type":"article","og_title":"Zegarek M\u0119ski PERFECT R50-05","og_description":"Zegarek M\u0119ski PERFECT R50-05 \u00a0 Zegarki marki Perfect to esencja ponadczasowego stylu, w kt\u00f3rym elegancja spotyka si\u0119 z wyrafinowan\u0105 harmoni\u0105. To modele, kt\u00f3re nie tylko odmierzaj\u0105 czas, ale staj\u0105 si\u0119 wyrazem osobowo\u015bci i klasy, oferuj\u0105c co\u015b wyj\u0105tkowego zar\u00f3wno dla kobiet, jak i m\u0119\u017cczyzn. Design zegark\u00f3w marki Perfect harmonia pomi\u0119dzy klasyk\u0105 a nowoczesnym designem \u2013 dla [&hellip;]","og_url":"https:\/\/pauzza.pl\/uk\/\u043f\u0440\u043e\u0434\u0443\u043a\u0442\/zegarek-meski-perfect-r50-05\/","og_site_name":"Sklep online z damsk\u0105 odzie\u017c\u0105 Pauzza: Damska odzie\u017c. Nowa Kolekcja","article_modified_time":"2026-04-07T01:33:20+00:00","og_image":[{"width":576,"height":768,"url":"https:\/\/pauzza.pl\/wp-content\/uploads\/2025\/11\/19_max-123.jpg","type":"image\/jpeg"}],"twitter_card":"summary_large_image","twitter_misc":{"\u041f\u0440\u0438\u0431\u043b. \u0447\u0430\u0441 \u0447\u0438\u0442\u0430\u043d\u043d\u044f":"3 \u0445\u0432\u0438\u043b\u0438\u043d\u0438"},"schema":{"@context":"https:\/\/schema.org","@graph":[{"@type":"WebPage","@id":"https:\/\/pauzza.pl\/produkt\/zegarek-meski-perfect-r50-05\/","url":"https:\/\/pauzza.pl\/produkt\/zegarek-meski-perfect-r50-05\/","name":"Zegarek M\u0119ski PERFECT R50-05","isPartOf":{"@id":"https:\/\/pauzza.pl\/#website"},"primaryImageOfPage":{"@id":"https:\/\/pauzza.pl\/produkt\/zegarek-meski-perfect-r50-05\/#primaryimage"},"image":{"@id":"https:\/\/pauzza.pl\/produkt\/zegarek-meski-perfect-r50-05\/#primaryimage"},"thumbnailUrl":"https:\/\/pauzza.pl\/wp-content\/uploads\/2025\/11\/19_max-123.jpg","datePublished":"2025-11-24T16:40:58+00:00","dateModified":"2026-04-07T01:33:20+00:00","breadcrumb":{"@id":"https:\/\/pauzza.pl\/produkt\/zegarek-meski-perfect-r50-05\/#breadcrumb"},"inLanguage":"uk","potentialAction":[{"@type":"ReadAction","target":["https:\/\/pauzza.pl\/produkt\/zegarek-meski-perfect-r50-05\/"]}]},{"@type":"ImageObject","inLanguage":"uk","@id":"https:\/\/pauzza.pl\/produkt\/zegarek-meski-perfect-r50-05\/#primaryimage","url":"https:\/\/pauzza.pl\/wp-content\/uploads\/2025\/11\/19_max-123.jpg","contentUrl":"https:\/\/pauzza.pl\/wp-content\/uploads\/2025\/11\/19_max-123.jpg","width":576,"height":768},{"@type":"BreadcrumbList","@id":"https:\/\/pauzza.pl\/produkt\/zegarek-meski-perfect-r50-05\/#breadcrumb","itemListElement":[{"@type":"ListItem","position":1,"name":"Strona g\u0142\u00f3wna","item":"https:\/\/pauzza.pl\/"},{"@type":"ListItem","position":2,"name":"Sklep","item":"https:\/\/pauzza.pl\/sklep\/"},{"@type":"ListItem","position":3,"name":"Zegarek M\u0119ski PERFECT R50-05"}]},{"@type":"WebSite","@id":"https:\/\/pauzza.pl\/#website","url":"https:\/\/pauzza.pl\/","name":"\u0406\u043d\u0442\u0435\u0440\u043d\u0435\u0442 \u043c\u0430\u0433\u0430\u0437\u0438\u043d \u0436\u0456\u043d\u043e\u0447\u043e\u0433\u043e \u043e\u0434\u044f\u0433\u0443 Pauzza: \u0416\u0456\u043d\u043e\u0447\u0438\u0439 \u043e\u0434\u044f\u0433. \u041d\u043e\u0432\u0430 \u043a\u043e\u043b\u0435\u043a\u0446\u0456\u044f","description":"\u042f\u043a\u0449\u043e \u0432\u0438 \u0445\u043e\u0447\u0435\u0442\u0435 \u043f\u043e\u0434\u0431\u0430\u0442\u0438 \u043f\u0440\u043e \u0441\u0432\u0456\u0439 \u043f\u0440\u043e\u0444\u0435\u0441\u0456\u0439\u043d\u0438\u0439 \u0442\u0430 \u0441\u0442\u0438\u043b\u044c\u043d\u0438\u0439 \u0432\u0438\u0433\u043b\u044f\u0434 \u043d\u0430 \u0440\u043e\u0431\u043e\u0442\u0456, \u043e\u043d\u043b\u0430\u0439\u043d-\u0431\u0443\u0442\u0456\u043a Pauzza - \u0446\u0435 \u0445\u0456\u0442! \u0422\u0443\u0442 \u0432\u0438 \u0437\u043d\u0430\u0439\u0434\u0435\u0442\u0435 \u0448\u0438\u0440\u043e\u043a\u0438\u0439 \u0432\u0438\u0431\u0456\u0440 \u043f\u0456\u0434\u0436\u0430\u043a\u0456\u0432, \u0441\u043e\u0440\u043e\u0447\u043e\u043a, \u0436\u0430\u043a\u0435\u0442\u0456\u0432, \u0441\u0443\u043a\u043e\u043d\u044c, \u0441\u043f\u0456\u0434\u043d\u0438\u0446\u044c \u0442\u0430 \u0431\u0430\u0433\u0430\u0442\u043e \u0456\u043d\u0448\u043e\u0433\u043e.","publisher":{"@id":"https:\/\/pauzza.pl\/#organization"},"potentialAction":[{"@type":"SearchAction","target":{"@type":"EntryPoint","urlTemplate":"https:\/\/pauzza.pl\/?s={search_term_string}"},"query-input":{"@type":"PropertyValueSpecification","valueRequired":true,"valueName":"search_term_string"}}],"inLanguage":"uk"},{"@type":"Organization","@id":"https:\/\/pauzza.pl\/#organization","name":"\u0406\u043d\u0442\u0435\u0440\u043d\u0435\u0442 \u043c\u0430\u0433\u0430\u0437\u0438\u043d \u0436\u0456\u043d\u043e\u0447\u043e\u0433\u043e \u043e\u0434\u044f\u0433\u0443 Pauzza: \u0416\u0456\u043d\u043e\u0447\u0438\u0439 \u043e\u0434\u044f\u0433. \u041d\u043e\u0432\u0430 \u043a\u043e\u043b\u0435\u043a\u0446\u0456\u044f","url":"https:\/\/pauzza.pl\/","logo":{"@type":"ImageObject","inLanguage":"uk","@id":"https:\/\/pauzza.pl\/#\/schema\/logo\/image\/","url":"https:\/\/pauzza.pl\/wp-content\/uploads\/2024\/01\/pauzzaw.png","contentUrl":"https:\/\/pauzza.pl\/wp-content\/uploads\/2024\/01\/pauzzaw.png","width":350,"height":100,"caption":"Sklep online z damsk\u0105 odzie\u017c\u0105 Pauzza: Damska odzie\u017c. Nowa Kolekcja"},"image":{"@id":"https:\/\/pauzza.pl\/#\/schema\/logo\/image\/"}}]}},"_links":{"self":[{"href":"https:\/\/pauzza.pl\/uk\/wp-json\/wp\/v2\/product\/989532","targetHints":{"allow":["GET"]}}],"collection":[{"href":"https:\/\/pauzza.pl\/uk\/wp-json\/wp\/v2\/product"}],"about":[{"href":"https:\/\/pauzza.pl\/uk\/wp-json\/wp\/v2\/types\/product"}],"wp:featuredmedia":[{"embeddable":true,"href":"https:\/\/pauzza.pl\/uk\/wp-json\/wp\/v2\/media\/989534"}],"wp:attachment":[{"href":"https:\/\/pauzza.pl\/uk\/wp-json\/wp\/v2\/media?parent=989532"}],"wp:term":[{"taxonomy":"product_brand","embeddable":true,"href":"https:\/\/pauzza.pl\/uk\/wp-json\/wp\/v2\/product_brand?post=989532"},{"taxonomy":"product_cat","embeddable":true,"href":"https:\/\/pauzza.pl\/uk\/wp-json\/wp\/v2\/product_cat?post=989532"},{"taxonomy":"product_tag","embeddable":true,"href":"https:\/\/pauzza.pl\/uk\/wp-json\/wp\/v2\/product_tag?post=989532"}],"curies":[{"name":"wp","href":"https:\/\/api.w.org\/{rel}","templated":true}]}}