{"id":984567,"date":"2025-11-24T16:16:41","date_gmt":"2025-11-24T15:16:41","guid":{"rendered":"https:\/\/pauzza.pl\/produkt\/pasek-giewont-fitgo-do-gw200-gwp200-10-black\/"},"modified":"2026-04-15T04:16:36","modified_gmt":"2026-04-15T02:16:36","slug":"pasek-giewont-fitgo-do-gw200-gwp200-10-black","status":"publish","type":"product","link":"https:\/\/pauzza.pl\/uk\/%d0%bf%d1%80%d0%be%d0%b4%d1%83%d0%ba%d1%82\/pasek-giewont-fitgo-do-gw200-gwp200-10-black\/","title":{"rendered":"Pasek GIEWONT Fit&#038;GO do GW200 GWP200-10 &#8211; Black"},"content":{"rendered":"<p class=\"def\"><span style=\"font-size: x-large;\" class=\"def\"><b>Pasek do Smartwatch Giewont GW200 Silikonowy CZARNY GWP200-10<br \/><\/b><\/span><\/p>\n<p class=\"def\">\u00a0<\/p>\n<p class=\"def\"><strong class=\"def\" style=\"font-size: small;\">\u00a0<\/strong><\/p>\n<p class=\"def\" style=\"box-sizing: border-box; outline: none; color: #131313; font-family: Roboto, sans-serif; font-size: 14px;\"><span style=\"box-sizing: border-box; outline: currentcolor none medium; font-weight: bold; font-size: 11pt;\" class=\"def\">Opis:<\/span><\/p>\n<ul class=\"def\" style=\"box-sizing: border-box; outline: none; color: #131313; margin: 15px 0px; padding: 0px 0px 0px 40px; line-height: 1.5; font-family: Lato, Arial, sans-serif; font-size: 14.994px;\">\n<li class=\"def\" style=\"box-sizing: border-box; outline: none;\"><span style=\"box-sizing: border-box; outline: currentcolor none medium; font-size: 11pt;\" class=\"def\"><strong>Kolor paska:<\/strong> \u0447\u043e\u0440\u043d\u0438\u0439<\/span><span style=\"box-sizing: border-box; outline: currentcolor none medium; font-size: 11pt;\" class=\"def\"><br class=\"def\" \/> <\/span><\/li>\n<li class=\"def\" style=\"box-sizing: border-box; outline: none;\"><span style=\"box-sizing: border-box; outline: currentcolor none medium; font-family: Verdana, Arial, Helvetica, sans-serif; font-size: 11pt;\" class=\"def\"><strong>Materia\u0142:<\/strong> silikon \u00a0 <br class=\"def\" \/> <\/span><\/li>\n<li class=\"def\" style=\"box-sizing: border-box; outline: none;\"><span style=\"box-sizing: border-box; outline: currentcolor none medium; font-size: 11pt;\" class=\"def\"><strong>Sprz\u0105czka:<\/strong>\u00a0 stal szlachetna w kolorze srebrnym z firmowym logo<\/span><\/li>\n<\/ul>\n<p class=\"def\" style=\"box-sizing: border-box; outline: none; color: #131313; font-family: Roboto, sans-serif; font-size: 14px;\">\u00a0<\/p>\n<p class=\"def\" style=\"box-sizing: border-box; outline: none; color: #131313; font-family: Roboto, sans-serif; font-size: 14px;\"><span style=\"box-sizing: border-box; outline: currentcolor none medium; font-size: 11pt;\" class=\"def\"><span style=\"box-sizing: border-box; outline: none; font-weight: bold;\" class=\"def\">\u0420\u043e\u0437\u043c\u0456\u0440\u0438:<\/span><\/span><\/p>\n<ul class=\"def\" style=\"box-sizing: border-box; outline: none; color: #131313; margin: 15px 0px; padding: 0px 0px 0px 40px; line-height: 1.5; font-family: Lato, Arial, sans-serif; font-size: 14.994px;\">\n<li class=\"def\" style=\"box-sizing: border-box; outline: none;\"><span style=\"box-sizing: border-box; outline: currentcolor none medium; font-size: 11pt;\" class=\"def\"><strong>Szeroko\u015b\u0107 przy mocowaniu:<\/strong> 20 mm<\/span><\/li>\n<li class=\"def\" style=\"box-sizing: border-box; outline: none;\"><span style=\"box-sizing: border-box; outline: currentcolor none medium; font-size: 11pt;\" class=\"def\"><strong>D\u0142ugo\u015b\u0107 cz\u0119\u015bci z sprz\u0105czk\u0105:<\/strong> 95 mm<\/span><\/li>\n<li class=\"def\" style=\"box-sizing: border-box; outline: none;\"><span style=\"box-sizing: border-box; outline: currentcolor none medium; font-size: 11pt;\" class=\"def\"><strong>D\u0142ugo\u015b\u0107 cz\u0119\u015bci z dziurkami:<\/strong> 125 mm \u00a0 \u00a0 \u00a0 \u00a0 \u00a0 \u00a0 \u00a0 \u00a0 \u00a0 \u00a0 \u00a0 \u00a0 \u00a0 \u00a0 \u00a0 \u00a0 \u00a0 \u00a0 \u00a0 \u00a0 \u00a0 \u00a0 \u00a0 \u00a0 \u00a0 \u00a0 \u00a0 \u00a0 \u00a0 \u00a0 \u00a0 \u00a0 \u00a0 \u00a0 \u00a0 \u00a0 \u00a0 \u00a0 \u00a0 \u00a0 \u00a0 \u00a0 \u00a0\u00a0<\/span><\/li>\n<li class=\"def\" style=\"box-sizing: border-box; outline: none;\"><span style=\"box-sizing: border-box; outline: currentcolor none medium; font-size: 11pt;\" class=\"def\"><strong>D\u0142ugo\u015b\u0107 minimalna po zapi\u0119ciu na pierwsz\u0105 dziurk\u0119:<\/strong> 130 mm<\/span><\/li>\n<li class=\"def\" style=\"box-sizing: border-box; outline: none;\"><span style=\"box-sizing: border-box; outline: currentcolor none medium; font-size: 11pt;\" class=\"def\"><strong>D\u0142ugo\u015b\u0107 maksymalna po zapi\u0119ciu na ostatni\u0105 dziurk\u0119: <\/strong>205 mm\u00a0<\/span><\/li>\n<\/ul>","protected":false},"excerpt":{"rendered":"<p>Pasek do Smartwatch Giewont GW200 Silikonowy CZARNY GWP200-10 \u00a0 \u00a0 Opis: Kolor paska: czarny Materia\u0142: silikon \u00a0 Sprz\u0105czka:\u00a0 stal szlachetna w kolorze srebrnym z firmowym logo \u00a0 Wymiary: Szeroko\u015b\u0107 przy mocowaniu: 20 mm D\u0142ugo\u015b\u0107 cz\u0119\u015bci z sprz\u0105czk\u0105: 95 mm D\u0142ugo\u015b\u0107 cz\u0119\u015bci z dziurkami: 125 mm \u00a0 \u00a0 \u00a0 \u00a0 \u00a0 \u00a0 \u00a0 \u00a0 \u00a0 \u00a0 [&hellip;]<\/p>","protected":false},"featured_media":984569,"template":"","meta":{"_acf_changed":false},"product_brand":[],"product_cat":[4834,4849],"product_tag":[],"class_list":{"0":"post-984567","1":"product","2":"type-product","3":"status-publish","4":"has-post-thumbnail","6":"product_cat-akcesoria","7":"product_cat-pasek","9":"first","10":"instock","11":"taxable","12":"shipping-taxable","13":"purchasable","14":"product-type-simple"},"acf":[],"yoast_head":"<!-- This site is optimized with the Yoast SEO plugin v27.2 - https:\/\/yoast.com\/product\/yoast-seo-wordpress\/ -->\n<title>Pasek do Smartwatch Giewont GW200 Silikonowy CZARNY GWP200-10<\/title>\n<meta name=\"robots\" content=\"index, follow, max-snippet:-1, max-image-preview:large, max-video-preview:-1\" \/>\n<link rel=\"canonical\" href=\"https:\/\/pauzza.pl\/uk\/\u043f\u0440\u043e\u0434\u0443\u043a\u0442\/pasek-giewont-fitgo-do-gw200-gwp200-10-black\/\" \/>\n<meta property=\"og:locale\" content=\"uk_UA\" \/>\n<meta property=\"og:type\" content=\"article\" \/>\n<meta property=\"og:title\" content=\"Pasek do Smartwatch Giewont GW200 Silikonowy CZARNY GWP200-10\" \/>\n<meta property=\"og:description\" content=\"Pasek do Smartwatch Giewont GW200 Silikonowy CZARNY GWP200-10 \u00a0 \u00a0 Opis: Kolor paska: czarny Materia\u0142: silikon \u00a0 Sprz\u0105czka:\u00a0 stal szlachetna w kolorze srebrnym z firmowym logo \u00a0 Wymiary: Szeroko\u015b\u0107 przy mocowaniu: 20 mm D\u0142ugo\u015b\u0107 cz\u0119\u015bci z sprz\u0105czk\u0105: 95 mm D\u0142ugo\u015b\u0107 cz\u0119\u015bci z dziurkami: 125 mm \u00a0 \u00a0 \u00a0 \u00a0 \u00a0 \u00a0 \u00a0 \u00a0 \u00a0 \u00a0 [&hellip;]\" \/>\n<meta property=\"og:url\" content=\"https:\/\/pauzza.pl\/uk\/\u043f\u0440\u043e\u0434\u0443\u043a\u0442\/pasek-giewont-fitgo-do-gw200-gwp200-10-black\/\" \/>\n<meta property=\"og:site_name\" content=\"Sklep online z damsk\u0105 odzie\u017c\u0105 Pauzza: Damska odzie\u017c. Nowa Kolekcja\" \/>\n<meta property=\"article:modified_time\" content=\"2026-04-15T02:16:36+00:00\" \/>\n<meta property=\"og:image\" content=\"https:\/\/pauzza.pl\/wp-content\/uploads\/2025\/11\/56_max-34.jpg\" \/>\n\t<meta property=\"og:image:width\" content=\"2000\" \/>\n\t<meta property=\"og:image:height\" content=\"2000\" \/>\n\t<meta property=\"og:image:type\" content=\"image\/jpeg\" \/>\n<meta name=\"twitter:card\" content=\"summary_large_image\" \/>\n<script type=\"application\/ld+json\" class=\"yoast-schema-graph\">{\"@context\":\"https:\/\/schema.org\",\"@graph\":[{\"@type\":\"WebPage\",\"@id\":\"https:\/\/pauzza.pl\/produkt\/pasek-giewont-fitgo-do-gw200-gwp200-10-black\/\",\"url\":\"https:\/\/pauzza.pl\/produkt\/pasek-giewont-fitgo-do-gw200-gwp200-10-black\/\",\"name\":\"Pasek do Smartwatch Giewont GW200 Silikonowy CZARNY GWP200-10\",\"isPartOf\":{\"@id\":\"https:\/\/pauzza.pl\/#website\"},\"primaryImageOfPage\":{\"@id\":\"https:\/\/pauzza.pl\/produkt\/pasek-giewont-fitgo-do-gw200-gwp200-10-black\/#primaryimage\"},\"image\":{\"@id\":\"https:\/\/pauzza.pl\/produkt\/pasek-giewont-fitgo-do-gw200-gwp200-10-black\/#primaryimage\"},\"thumbnailUrl\":\"https:\/\/pauzza.pl\/wp-content\/uploads\/2025\/11\/56_max-34.jpg\",\"datePublished\":\"2025-11-24T15:16:41+00:00\",\"dateModified\":\"2026-04-15T02:16:36+00:00\",\"breadcrumb\":{\"@id\":\"https:\/\/pauzza.pl\/produkt\/pasek-giewont-fitgo-do-gw200-gwp200-10-black\/#breadcrumb\"},\"inLanguage\":\"uk\",\"potentialAction\":[{\"@type\":\"ReadAction\",\"target\":[\"https:\/\/pauzza.pl\/produkt\/pasek-giewont-fitgo-do-gw200-gwp200-10-black\/\"]}]},{\"@type\":\"ImageObject\",\"inLanguage\":\"uk\",\"@id\":\"https:\/\/pauzza.pl\/produkt\/pasek-giewont-fitgo-do-gw200-gwp200-10-black\/#primaryimage\",\"url\":\"https:\/\/pauzza.pl\/wp-content\/uploads\/2025\/11\/56_max-34.jpg\",\"contentUrl\":\"https:\/\/pauzza.pl\/wp-content\/uploads\/2025\/11\/56_max-34.jpg\",\"width\":2000,\"height\":2000},{\"@type\":\"BreadcrumbList\",\"@id\":\"https:\/\/pauzza.pl\/produkt\/pasek-giewont-fitgo-do-gw200-gwp200-10-black\/#breadcrumb\",\"itemListElement\":[{\"@type\":\"ListItem\",\"position\":1,\"name\":\"Strona g\u0142\u00f3wna\",\"item\":\"https:\/\/pauzza.pl\/\"},{\"@type\":\"ListItem\",\"position\":2,\"name\":\"Sklep\",\"item\":\"https:\/\/pauzza.pl\/sklep\/\"},{\"@type\":\"ListItem\",\"position\":3,\"name\":\"Pasek GIEWONT Fit&#038;GO do GW200 GWP200-10 &#8211; Black\"}]},{\"@type\":\"WebSite\",\"@id\":\"https:\/\/pauzza.pl\/#website\",\"url\":\"https:\/\/pauzza.pl\/\",\"name\":\"Sklep online z damsk\u0105 odzie\u017c\u0105 Pauzza: Damska odzie\u017c. Nowa Kolekcja\",\"description\":\"Je\u015bli chcesz zadba\u0107 o sw\u00f3j profesjonalny i pe\u0142en klasy wygl\u0105d w pracy butik online Pauzza, to strza\u0142 w dziesi\u0105tk\u0119! U nas znajdziesz szeroki wyb\u00f3r \u017cakiet\u00f3w, koszul, kurtek, sukienek, sp\u00f3dnic i wiele wiecej\",\"publisher\":{\"@id\":\"https:\/\/pauzza.pl\/#organization\"},\"potentialAction\":[{\"@type\":\"SearchAction\",\"target\":{\"@type\":\"EntryPoint\",\"urlTemplate\":\"https:\/\/pauzza.pl\/?s={search_term_string}\"},\"query-input\":{\"@type\":\"PropertyValueSpecification\",\"valueRequired\":true,\"valueName\":\"search_term_string\"}}],\"inLanguage\":\"uk\"},{\"@type\":\"Organization\",\"@id\":\"https:\/\/pauzza.pl\/#organization\",\"name\":\"Sklep online z damsk\u0105 odzie\u017c\u0105 Pauzza: Damska odzie\u017c. Nowa Kolekcja\",\"url\":\"https:\/\/pauzza.pl\/\",\"logo\":{\"@type\":\"ImageObject\",\"inLanguage\":\"uk\",\"@id\":\"https:\/\/pauzza.pl\/#\/schema\/logo\/image\/\",\"url\":\"https:\/\/pauzza.pl\/wp-content\/uploads\/2024\/01\/pauzzaw.png\",\"contentUrl\":\"https:\/\/pauzza.pl\/wp-content\/uploads\/2024\/01\/pauzzaw.png\",\"width\":350,\"height\":100,\"caption\":\"Sklep online z damsk\u0105 odzie\u017c\u0105 Pauzza: Damska odzie\u017c. Nowa Kolekcja\"},\"image\":{\"@id\":\"https:\/\/pauzza.pl\/#\/schema\/logo\/image\/\"}}]}<\/script>\n<!-- \/ Yoast SEO plugin. -->","yoast_head_json":{"title":"Pasek do Smartwatch Giewont GW200 Silikonowy CZARNY GWP200-10","robots":{"index":"index","follow":"follow","max-snippet":"max-snippet:-1","max-image-preview":"max-image-preview:large","max-video-preview":"max-video-preview:-1"},"canonical":"https:\/\/pauzza.pl\/uk\/\u043f\u0440\u043e\u0434\u0443\u043a\u0442\/pasek-giewont-fitgo-do-gw200-gwp200-10-black\/","og_locale":"uk_UA","og_type":"article","og_title":"Pasek do Smartwatch Giewont GW200 Silikonowy CZARNY GWP200-10","og_description":"Pasek do Smartwatch Giewont GW200 Silikonowy CZARNY GWP200-10 \u00a0 \u00a0 Opis: Kolor paska: czarny Materia\u0142: silikon \u00a0 Sprz\u0105czka:\u00a0 stal szlachetna w kolorze srebrnym z firmowym logo \u00a0 Wymiary: Szeroko\u015b\u0107 przy mocowaniu: 20 mm D\u0142ugo\u015b\u0107 cz\u0119\u015bci z sprz\u0105czk\u0105: 95 mm D\u0142ugo\u015b\u0107 cz\u0119\u015bci z dziurkami: 125 mm \u00a0 \u00a0 \u00a0 \u00a0 \u00a0 \u00a0 \u00a0 \u00a0 \u00a0 \u00a0 [&hellip;]","og_url":"https:\/\/pauzza.pl\/uk\/\u043f\u0440\u043e\u0434\u0443\u043a\u0442\/pasek-giewont-fitgo-do-gw200-gwp200-10-black\/","og_site_name":"Sklep online z damsk\u0105 odzie\u017c\u0105 Pauzza: Damska odzie\u017c. Nowa Kolekcja","article_modified_time":"2026-04-15T02:16:36+00:00","og_image":[{"width":2000,"height":2000,"url":"https:\/\/pauzza.pl\/wp-content\/uploads\/2025\/11\/56_max-34.jpg","type":"image\/jpeg"}],"twitter_card":"summary_large_image","schema":{"@context":"https:\/\/schema.org","@graph":[{"@type":"WebPage","@id":"https:\/\/pauzza.pl\/produkt\/pasek-giewont-fitgo-do-gw200-gwp200-10-black\/","url":"https:\/\/pauzza.pl\/produkt\/pasek-giewont-fitgo-do-gw200-gwp200-10-black\/","name":"Pasek do Smartwatch Giewont GW200 Silikonowy CZARNY GWP200-10","isPartOf":{"@id":"https:\/\/pauzza.pl\/#website"},"primaryImageOfPage":{"@id":"https:\/\/pauzza.pl\/produkt\/pasek-giewont-fitgo-do-gw200-gwp200-10-black\/#primaryimage"},"image":{"@id":"https:\/\/pauzza.pl\/produkt\/pasek-giewont-fitgo-do-gw200-gwp200-10-black\/#primaryimage"},"thumbnailUrl":"https:\/\/pauzza.pl\/wp-content\/uploads\/2025\/11\/56_max-34.jpg","datePublished":"2025-11-24T15:16:41+00:00","dateModified":"2026-04-15T02:16:36+00:00","breadcrumb":{"@id":"https:\/\/pauzza.pl\/produkt\/pasek-giewont-fitgo-do-gw200-gwp200-10-black\/#breadcrumb"},"inLanguage":"uk","potentialAction":[{"@type":"ReadAction","target":["https:\/\/pauzza.pl\/produkt\/pasek-giewont-fitgo-do-gw200-gwp200-10-black\/"]}]},{"@type":"ImageObject","inLanguage":"uk","@id":"https:\/\/pauzza.pl\/produkt\/pasek-giewont-fitgo-do-gw200-gwp200-10-black\/#primaryimage","url":"https:\/\/pauzza.pl\/wp-content\/uploads\/2025\/11\/56_max-34.jpg","contentUrl":"https:\/\/pauzza.pl\/wp-content\/uploads\/2025\/11\/56_max-34.jpg","width":2000,"height":2000},{"@type":"BreadcrumbList","@id":"https:\/\/pauzza.pl\/produkt\/pasek-giewont-fitgo-do-gw200-gwp200-10-black\/#breadcrumb","itemListElement":[{"@type":"ListItem","position":1,"name":"Strona g\u0142\u00f3wna","item":"https:\/\/pauzza.pl\/"},{"@type":"ListItem","position":2,"name":"Sklep","item":"https:\/\/pauzza.pl\/sklep\/"},{"@type":"ListItem","position":3,"name":"Pasek GIEWONT Fit&#038;GO do GW200 GWP200-10 &#8211; Black"}]},{"@type":"WebSite","@id":"https:\/\/pauzza.pl\/#website","url":"https:\/\/pauzza.pl\/","name":"\u0406\u043d\u0442\u0435\u0440\u043d\u0435\u0442 \u043c\u0430\u0433\u0430\u0437\u0438\u043d \u0436\u0456\u043d\u043e\u0447\u043e\u0433\u043e \u043e\u0434\u044f\u0433\u0443 Pauzza: \u0416\u0456\u043d\u043e\u0447\u0438\u0439 \u043e\u0434\u044f\u0433. \u041d\u043e\u0432\u0430 \u043a\u043e\u043b\u0435\u043a\u0446\u0456\u044f","description":"\u042f\u043a\u0449\u043e \u0432\u0438 \u0445\u043e\u0447\u0435\u0442\u0435 \u043f\u043e\u0434\u0431\u0430\u0442\u0438 \u043f\u0440\u043e \u0441\u0432\u0456\u0439 \u043f\u0440\u043e\u0444\u0435\u0441\u0456\u0439\u043d\u0438\u0439 \u0442\u0430 \u0441\u0442\u0438\u043b\u044c\u043d\u0438\u0439 \u0432\u0438\u0433\u043b\u044f\u0434 \u043d\u0430 \u0440\u043e\u0431\u043e\u0442\u0456, \u043e\u043d\u043b\u0430\u0439\u043d-\u0431\u0443\u0442\u0456\u043a Pauzza - \u0446\u0435 \u0445\u0456\u0442! \u0422\u0443\u0442 \u0432\u0438 \u0437\u043d\u0430\u0439\u0434\u0435\u0442\u0435 \u0448\u0438\u0440\u043e\u043a\u0438\u0439 \u0432\u0438\u0431\u0456\u0440 \u043f\u0456\u0434\u0436\u0430\u043a\u0456\u0432, \u0441\u043e\u0440\u043e\u0447\u043e\u043a, \u0436\u0430\u043a\u0435\u0442\u0456\u0432, \u0441\u0443\u043a\u043e\u043d\u044c, \u0441\u043f\u0456\u0434\u043d\u0438\u0446\u044c \u0442\u0430 \u0431\u0430\u0433\u0430\u0442\u043e \u0456\u043d\u0448\u043e\u0433\u043e.","publisher":{"@id":"https:\/\/pauzza.pl\/#organization"},"potentialAction":[{"@type":"SearchAction","target":{"@type":"EntryPoint","urlTemplate":"https:\/\/pauzza.pl\/?s={search_term_string}"},"query-input":{"@type":"PropertyValueSpecification","valueRequired":true,"valueName":"search_term_string"}}],"inLanguage":"uk"},{"@type":"Organization","@id":"https:\/\/pauzza.pl\/#organization","name":"\u0406\u043d\u0442\u0435\u0440\u043d\u0435\u0442 \u043c\u0430\u0433\u0430\u0437\u0438\u043d \u0436\u0456\u043d\u043e\u0447\u043e\u0433\u043e \u043e\u0434\u044f\u0433\u0443 Pauzza: \u0416\u0456\u043d\u043e\u0447\u0438\u0439 \u043e\u0434\u044f\u0433. \u041d\u043e\u0432\u0430 \u043a\u043e\u043b\u0435\u043a\u0446\u0456\u044f","url":"https:\/\/pauzza.pl\/","logo":{"@type":"ImageObject","inLanguage":"uk","@id":"https:\/\/pauzza.pl\/#\/schema\/logo\/image\/","url":"https:\/\/pauzza.pl\/wp-content\/uploads\/2024\/01\/pauzzaw.png","contentUrl":"https:\/\/pauzza.pl\/wp-content\/uploads\/2024\/01\/pauzzaw.png","width":350,"height":100,"caption":"Sklep online z damsk\u0105 odzie\u017c\u0105 Pauzza: Damska odzie\u017c. Nowa Kolekcja"},"image":{"@id":"https:\/\/pauzza.pl\/#\/schema\/logo\/image\/"}}]}},"_links":{"self":[{"href":"https:\/\/pauzza.pl\/uk\/wp-json\/wp\/v2\/product\/984567","targetHints":{"allow":["GET"]}}],"collection":[{"href":"https:\/\/pauzza.pl\/uk\/wp-json\/wp\/v2\/product"}],"about":[{"href":"https:\/\/pauzza.pl\/uk\/wp-json\/wp\/v2\/types\/product"}],"wp:featuredmedia":[{"embeddable":true,"href":"https:\/\/pauzza.pl\/uk\/wp-json\/wp\/v2\/media\/984569"}],"wp:attachment":[{"href":"https:\/\/pauzza.pl\/uk\/wp-json\/wp\/v2\/media?parent=984567"}],"wp:term":[{"taxonomy":"product_brand","embeddable":true,"href":"https:\/\/pauzza.pl\/uk\/wp-json\/wp\/v2\/product_brand?post=984567"},{"taxonomy":"product_cat","embeddable":true,"href":"https:\/\/pauzza.pl\/uk\/wp-json\/wp\/v2\/product_cat?post=984567"},{"taxonomy":"product_tag","embeddable":true,"href":"https:\/\/pauzza.pl\/uk\/wp-json\/wp\/v2\/product_tag?post=984567"}],"curies":[{"name":"wp","href":"https:\/\/api.w.org\/{rel}","templated":true}]}}