{"id":982940,"date":"2025-11-24T16:05:23","date_gmt":"2025-11-24T15:05:23","guid":{"rendered":"https:\/\/pauzza.pl\/produkt\/smartwatch-damski-rubicon-rncf02-2-zloty-pasek-rozowy\/"},"modified":"2026-05-15T07:32:41","modified_gmt":"2026-05-15T05:32:41","slug":"smartwatch-damski-rubicon-rncf02-2-zloty-pasek-rozowy","status":"publish","type":"product","link":"https:\/\/pauzza.pl\/uk\/%d0%bf%d1%80%d0%be%d0%b4%d1%83%d0%ba%d1%82\/smartwatch-damski-rubicon-rncf02-2-zloty-pasek-rozowy\/","title":{"rendered":"Smartwatch Damski Rubicon RNCF02-2 Z\u0142oty + Pasek R\u00f3\u017cowy"},"content":{"rendered":"<p class=\"def\"><span style=\"background-color: transparent; color: #131313; font-family: verdana, geneva; font-size: x-large; font-weight: bold;\" class=\"def\"><br \/>Smartwatch Damski Rubicon RNCF02-2 Z\u0142oty + Pasek R\u00f3\u017cowy<\/p>\n<p><\/span><\/p>\n<p data-start=\"236\" data-end=\"666\"><span style=\"font-size: 12pt;\">Wyobra\u017a sobie poranek pe\u0142en po\u015bpiechu \u2013 kawa stygnie na blacie, telefon wci\u0105\u017c dzwoni, a Ty pr\u00f3bujesz znale\u017a\u0107 chwil\u0119 dla siebie. Si\u0119gasz po <strong data-start=\"375\" data-end=\"386\">Rubicon<\/strong>, kt\u00f3ry z delikatnym blaskiem otula Tw\u00f3j nadgarstek z\u0142ot\u0105 bransolet\u0105 mesh. Na smuk\u0142ym, okr\u0105g\u0142ym wy\u015bwietlaczu <strong data-start=\"495\" data-end=\"530\">MULTIdotyk TFT IPS full display<\/strong> jednym ruchem wybierasz tarcz\u0119, kt\u00f3ra odzwierciedla Tw\u00f3j nastr\u00f3j \u2013 czy to klasyczna elegancja, czy odrobina nowoczesnego minimalizmu.<\/span><\/p>\n<p data-start=\"668\" data-end=\"988\"><span style=\"font-size: 12pt;\">W drodze na spotkanie odbierasz po\u0142\u0105czenie jednym dotkni\u0119ciem \u2013 <strong data-start=\"732\" data-end=\"750\">Bluetooth Call<\/strong>, wbudowany mikrofon i g\u0142o\u015bnik sprawiaj\u0105, \u017ce ka\u017cda rozmowa jest wygodna i dyskretna. Po pracy czas na odrobin\u0119 ruchu \u2013 zegarek pod\u0105\u017ca za Tob\u0105, monitoruj\u0105c aktywno\u015b\u0107 i dostosowuj\u0105c si\u0119 do Twojego tempa dzi\u0119ki r\u00f3\u017cnym <strong data-start=\"965\" data-end=\"985\">trybom sportowym<\/strong>.<\/span><\/p>\n<p data-start=\"990\" data-end=\"1254\"><span style=\"font-size: 12pt;\">A gdy nadejdzie wiecz\u00f3r i zapragniesz subtelnej zmiany? Wymie\u0144 pasek na <strong data-start=\"1062\" data-end=\"1072\">r\u00f3\u017cowy<\/strong>, dodaj\u0105c lekko\u015bci i \u015bwie\u017co\u015bci swojemu stylowi. <strong data-start=\"1120\" data-end=\"1138\">Rubicon RNCF02<\/strong> to nie tylko zegarek, to element Twojej codziennej harmonii \u2013 od porannego biegu po wieczorne chwile wytchnienia.<\/span><\/p>\n<p data-start=\"1256\" data-end=\"1356\" data-is-last-node=\"\"><span style=\"font-size: 12pt;\">Otul sw\u00f3j dzie\u0144 pi\u0119knem, funkcjonalno\u015bci\u0105 i odrobin\u0105 luksusu \u2013 bo zas\u0142ugujesz na to, co najlepsze.\u00a0<\/span><\/p>\n<p><span style=\"font-size: 12pt;\"><br \/><strong>Opis produktu:<\/strong><\/span><\/p>\n<p>\u00a0<\/p>\n<ul>\n<li><span style=\"font-size: 12pt;\">Menu: 2 motywy i aplikacja w <strong>j\u0119zyku polskim<\/strong><\/span><\/li>\n<li><span style=\"font-size: 12pt;\">Wy\u015bwietlacz:<strong> MULTIdotyk \u00a0TFT IPS<\/strong> full display! 1.32\u201d<\/span><\/li>\n<li><span style=\"font-size: 12pt;\">Rozdzielczo\u015b\u0107: 360*360 pikseli<\/span><\/li>\n<li><span style=\"font-size: 12pt;\">Tarcza:<strong> 5 motyw\u00f3w do wyboru<\/strong> + tarcze do pobrania z aplikacji! + w\u0142asne tarcze! animowana grafika<\/span><\/li>\n<li><span style=\"font-size: 12pt;\"><strong>Bluetooth Call:<\/strong> wbudowany mikrofon i g\u0142o\u015bnik<\/span><\/li>\n<li><span style=\"font-size: 12pt;\">Pol\u0105czenia: Odbieranie i wykonywanie po\u0142\u0105cze\u0144 + spis po\u0142\u0105cze\u0144<\/span><\/li>\n<li><span style=\"font-size: 12pt;\">Procesor:\u00a0<strong>Realtek 8762DT<\/strong><\/span><\/li>\n<li><span style=\"font-size: 12pt;\"><strong>Bluetooth: 5.1<\/strong> ( szybki i oszcz\u0119dny ! )<\/span><\/li>\n<li><span style=\"font-size: 12pt;\">Wodoszczelno\u015b\u0107: <strong>IP67<\/strong> odporny na zachlapania<\/span><\/li>\n<li><span style=\"font-size: 12pt;\">Koperta: Stop aluminium, pokryta metod\u0105 IPS\/IPG<\/span><\/li>\n<li><span style=\"font-size: 12pt;\">Bransoleta: Stal szlachetna, typu Mesh, regulowana<\/span><\/li>\n<li><span style=\"font-size: 12pt;\">Pasek: Silikonowy<\/span><\/li>\n<li><span style=\"font-size: 12pt;\">Szkie\u0142ko: <strong>Szkie\u0142ko sferyczne 3D\u00a0<\/strong><\/span><\/li>\n<li><span style=\"font-size: 12pt;\">Bateria: litowo-polimerowa 210 mAh<\/span><\/li>\n<li><span style=\"font-size: 12pt;\">Oprogramowanie:<strong> iOS i Android<\/strong><\/span><\/li>\n<li><span style=\"font-size: 12pt;\">Aplikacja: <strong>DaFit<\/strong><\/span><\/li>\n<\/ul>\n<p>\u00a0<\/p>\n<p><strong><span style=\"font-size: 12pt;\">Funkcje:<\/span><\/strong><\/p>\n<ul style=\"list-style-type: square;\">\n<li><span style=\"font-size: 12pt;\">tryby sportowe<\/span><\/li>\n<li><span style=\"font-size: 12pt;\">krokomierz, licznik kalorii<\/span><\/li>\n<li><span style=\"font-size: 12pt;\">pomiar t\u0119tna HRS3300 (PULSOMETR)<\/span><\/li>\n<li><span style=\"font-size: 12pt;\">pomiar ci\u015bnienia krwi<\/span><\/li>\n<li><span style=\"font-size: 12pt;\">pomiar tlenu we krwi (PULSOKSYMETR)<\/span><\/li>\n<li><span style=\"font-size: 12pt;\">monitor snu<\/span><\/li>\n<li><span style=\"font-size: 12pt;\">cykl miesi\u0105czkowy<\/span><\/li>\n<li><span style=\"font-size: 12pt;\">przypomnienie o wypiciu wody, ruchu<\/span><\/li>\n<li><span style=\"font-size: 12pt;\">powiadomienie po\u0142\u0105cze\u0144 przychodz\u0105cych<\/span><\/li>\n<li><span style=\"font-size: 12pt;\">powiadomienia: Facebook, SMS, Twitter, WhatsApp, itp.<\/span><\/li>\n<li><span style=\"font-size: 12pt;\">alarm \/ budzik \/ timer <\/span><\/li>\n<li><span style=\"font-size: 12pt;\">informacje o pogodzie<\/span><\/li>\n<li><span style=\"font-size: 12pt;\">zdalne zdj\u0119cia<\/span><\/li>\n<li><span style=\"font-size: 12pt;\">sterowanie odtwarzaczem MP3 w telefonie dodatkowo z funkcj\u0105 volume control !<\/span><\/li>\n<\/ul>\n<p>\u00a0<\/p>\n<p><strong><span style=\"font-size: 12pt;\">Wymiary dopasowane do kobiecego nadgarstka:<\/span><\/strong><\/p>\n<ul style=\"list-style-type: square;\">\n<li><span style=\"font-size: 12pt;\">Koperta: 44 mm<\/span><\/li>\n<li><span style=\"font-size: 12pt;\">Tarcza: 37 mm<\/span><\/li>\n<li><span style=\"font-size: 12pt;\">Grubo\u015b\u0107: 12,3 mm<\/span><\/li>\n<li><span style=\"font-size: 12pt;\">Bransoleta: 20 mm<\/span><\/li>\n<li><span style=\"font-size: 12pt;\">Pasek: 20 mm<\/span><\/li>\n<\/ul>\n<p>\u00a0<\/p>\n<p><strong><span style=\"font-size: 12pt;\">Kolorystyka:<\/span><\/strong><\/p>\n<ul style=\"list-style-type: square;\">\n<li><span style=\"font-size: 12pt;\">Koperta: z\u0142ota<\/span><\/li>\n<li><span style=\"font-size: 12pt;\">Bransoleta: z\u0142ota<\/span><\/li>\n<li><span style=\"font-size: 12pt;\">Pasek: r\u00f3\u017cowy<\/span><\/li>\n<\/ul>\n<p>\u00a0<\/p>\n<p><strong><span style=\"font-size: 12pt;\">W ZESTAWIE OTRZYMASZ:<\/span><\/strong><\/p>\n<ul>\n<li><span style=\"font-size: 12pt;\">smartwatch z paskiem i bransolet\u0105\u00a0<\/span><\/li>\n<li><span style=\"font-size: 12pt;\">kabel \u0142adowania USB<\/span><\/li>\n<li><span style=\"font-size: 12pt;\">instrukcja PL<\/span><\/li>\n<\/ul>\n<p>\u00a0<\/p>\n<p>\u00a0<\/p>\n<p data-start=\"59\" data-end=\"267\"><span style=\"font-size: 14pt;\"><strong data-start=\"882\" data-end=\"923\" data-is-last-node=\"\">Nie mierz czasu \u2013 tw\u00f3rz go ze SMARTWATCHEM Rubicon<\/p>\n<p><\/strong><\/span><\/p>\n<p data-start=\"59\" data-end=\"267\"><span style=\"font-size: 12pt;\">Od 1998 roku\u00a0<strong data-start=\"72\" data-end=\"83\">Rubicon<\/strong> kreuje czas na w\u0142asnych zasadach, \u0142\u0105cz\u0105c precyzj\u0119 z wyrafinowanym designem. To marka dla tych, kt\u00f3rzy nie tylko pod\u0105\u017caj\u0105 za czasem, ale r\u00f3wnie\u017c chc\u0105 go prze\u017cywa\u0107 w najlepszym stylu.<\/span><\/p>\n<p data-start=\"269\" data-end=\"603\"><span style=\"font-size: 12pt;\"><strong data-start=\"269\" data-end=\"287\">Rubicon\u00a0<\/strong> smartwatch, kt\u00f3ry nie jest jedynie gad\u017cetem \u2013 to codzienny towarzysz, kt\u00f3ry subtelnie dopasowuje si\u0119 do Twojego tempa. Niezale\u017cnie od tego, czy p\u0119dzisz na spotkanie, prowadzisz wa\u017cn\u0105 rozmow\u0119, czy znajdujesz chwil\u0119 na relaks, Tw\u00f3j <strong data-start=\"521\" data-end=\"532\">Rubicon<\/strong> nad\u0105\u017ca za Tob\u0105, dodaj\u0105c elegancji i funkcjonalno\u015bci w ka\u017cdej chwili.<\/span><\/p>\n<p data-start=\"605\" data-end=\"878\"><span style=\"font-size: 12pt;\">Dla kobiet \u2013 subtelny, bi\u017cuteryjny akcent, kt\u00f3ry podkre\u015bla klas\u0119 i nowoczesny styl. Dla m\u0119\u017cczyzn \u2013 technologia w najlepszym wydaniu, kt\u00f3ra \u0142\u0105czy nowatorskie rozwi\u0105zania z perfekcyjn\u0105 jako\u015bci\u0105. <strong data-start=\"798\" data-end=\"809\">Rubicon<\/strong> to wi\u0119cej ni\u017c zegarek \u2013 to detal, kt\u00f3ry podkre\u015bla Twoj\u0105 osobowo\u015b\u0107.<\/span><\/p>\n<p data-start=\"1256\" data-end=\"1356\" data-is-last-node=\"\"><span style=\"font-size: 12pt;\">\u00a0<\/span><\/p>","protected":false},"excerpt":{"rendered":"<p>Smartwatch Damski Rubicon RNCF02-2 Z\u0142oty + Pasek R\u00f3\u017cowy Wyobra\u017a sobie poranek pe\u0142en po\u015bpiechu \u2013 kawa stygnie na blacie, telefon wci\u0105\u017c dzwoni, a Ty pr\u00f3bujesz znale\u017a\u0107 chwil\u0119 dla siebie. Si\u0119gasz po Rubicon, kt\u00f3ry z delikatnym blaskiem otula Tw\u00f3j nadgarstek z\u0142ot\u0105 bransolet\u0105 mesh. Na smuk\u0142ym, okr\u0105g\u0142ym wy\u015bwietlaczu MULTIdotyk TFT IPS full display jednym ruchem wybierasz tarcz\u0119, kt\u00f3ra [&hellip;]<\/p>","protected":false},"featured_media":982942,"template":"","meta":{"_acf_changed":false},"product_brand":[],"product_cat":[4850,4835],"product_tag":[],"class_list":{"0":"post-982940","1":"product","2":"type-product","3":"status-publish","4":"has-post-thumbnail","6":"product_cat-rubicon","7":"product_cat-smartwatch","9":"first","10":"instock","11":"taxable","12":"shipping-taxable","13":"purchasable","14":"product-type-simple"},"acf":[],"yoast_head":"<!-- This site is optimized with the Yoast SEO plugin v27.2 - https:\/\/yoast.com\/product\/yoast-seo-wordpress\/ -->\n<title>Smartwatch Damski Rubicon RNCF02-2 Z\u0142oty Pasek R\u00f3\u017cowy<\/title>\n<meta name=\"robots\" content=\"index, follow, max-snippet:-1, max-image-preview:large, max-video-preview:-1\" \/>\n<link rel=\"canonical\" href=\"https:\/\/pauzza.pl\/uk\/\u043f\u0440\u043e\u0434\u0443\u043a\u0442\/smartwatch-damski-rubicon-rncf02-2-zloty-pasek-rozowy\/\" \/>\n<meta property=\"og:locale\" content=\"uk_UA\" \/>\n<meta property=\"og:type\" content=\"article\" \/>\n<meta property=\"og:title\" content=\"Smartwatch Damski Rubicon RNCF02-2 Z\u0142oty Pasek R\u00f3\u017cowy\" \/>\n<meta property=\"og:description\" content=\"Smartwatch Damski Rubicon RNCF02-2 Z\u0142oty + Pasek R\u00f3\u017cowy Wyobra\u017a sobie poranek pe\u0142en po\u015bpiechu \u2013 kawa stygnie na blacie, telefon wci\u0105\u017c dzwoni, a Ty pr\u00f3bujesz znale\u017a\u0107 chwil\u0119 dla siebie. Si\u0119gasz po Rubicon, kt\u00f3ry z delikatnym blaskiem otula Tw\u00f3j nadgarstek z\u0142ot\u0105 bransolet\u0105 mesh. Na smuk\u0142ym, okr\u0105g\u0142ym wy\u015bwietlaczu MULTIdotyk TFT IPS full display jednym ruchem wybierasz tarcz\u0119, kt\u00f3ra [&hellip;]\" \/>\n<meta property=\"og:url\" content=\"https:\/\/pauzza.pl\/uk\/\u043f\u0440\u043e\u0434\u0443\u043a\u0442\/smartwatch-damski-rubicon-rncf02-2-zloty-pasek-rozowy\/\" \/>\n<meta property=\"og:site_name\" content=\"Sklep online z damsk\u0105 odzie\u017c\u0105 Pauzza: Damska odzie\u017c. Nowa Kolekcja\" \/>\n<meta property=\"article:modified_time\" content=\"2026-05-15T05:32:41+00:00\" \/>\n<meta property=\"og:image\" content=\"https:\/\/pauzza.pl\/wp-content\/uploads\/2025\/11\/2_max-230.jpg\" \/>\n\t<meta property=\"og:image:width\" content=\"900\" \/>\n\t<meta property=\"og:image:height\" content=\"800\" \/>\n\t<meta property=\"og:image:type\" content=\"image\/jpeg\" \/>\n<meta name=\"twitter:card\" content=\"summary_large_image\" \/>\n<meta name=\"twitter:label1\" content=\"\u041f\u0440\u0438\u0431\u043b. \u0447\u0430\u0441 \u0447\u0438\u0442\u0430\u043d\u043d\u044f\" \/>\n\t<meta name=\"twitter:data1\" content=\"3 \u0445\u0432\u0438\u043b\u0438\u043d\u0438\" \/>\n<script type=\"application\/ld+json\" class=\"yoast-schema-graph\">{\"@context\":\"https:\/\/schema.org\",\"@graph\":[{\"@type\":\"WebPage\",\"@id\":\"https:\/\/pauzza.pl\/produkt\/smartwatch-damski-rubicon-rncf02-2-zloty-pasek-rozowy\/\",\"url\":\"https:\/\/pauzza.pl\/produkt\/smartwatch-damski-rubicon-rncf02-2-zloty-pasek-rozowy\/\",\"name\":\"Smartwatch Damski Rubicon RNCF02-2 Z\u0142oty Pasek R\u00f3\u017cowy\",\"isPartOf\":{\"@id\":\"https:\/\/pauzza.pl\/#website\"},\"primaryImageOfPage\":{\"@id\":\"https:\/\/pauzza.pl\/produkt\/smartwatch-damski-rubicon-rncf02-2-zloty-pasek-rozowy\/#primaryimage\"},\"image\":{\"@id\":\"https:\/\/pauzza.pl\/produkt\/smartwatch-damski-rubicon-rncf02-2-zloty-pasek-rozowy\/#primaryimage\"},\"thumbnailUrl\":\"https:\/\/pauzza.pl\/wp-content\/uploads\/2025\/11\/2_max-230.jpg\",\"datePublished\":\"2025-11-24T15:05:23+00:00\",\"dateModified\":\"2026-05-15T05:32:41+00:00\",\"breadcrumb\":{\"@id\":\"https:\/\/pauzza.pl\/produkt\/smartwatch-damski-rubicon-rncf02-2-zloty-pasek-rozowy\/#breadcrumb\"},\"inLanguage\":\"uk\",\"potentialAction\":[{\"@type\":\"ReadAction\",\"target\":[\"https:\/\/pauzza.pl\/produkt\/smartwatch-damski-rubicon-rncf02-2-zloty-pasek-rozowy\/\"]}]},{\"@type\":\"ImageObject\",\"inLanguage\":\"uk\",\"@id\":\"https:\/\/pauzza.pl\/produkt\/smartwatch-damski-rubicon-rncf02-2-zloty-pasek-rozowy\/#primaryimage\",\"url\":\"https:\/\/pauzza.pl\/wp-content\/uploads\/2025\/11\/2_max-230.jpg\",\"contentUrl\":\"https:\/\/pauzza.pl\/wp-content\/uploads\/2025\/11\/2_max-230.jpg\",\"width\":900,\"height\":800},{\"@type\":\"BreadcrumbList\",\"@id\":\"https:\/\/pauzza.pl\/produkt\/smartwatch-damski-rubicon-rncf02-2-zloty-pasek-rozowy\/#breadcrumb\",\"itemListElement\":[{\"@type\":\"ListItem\",\"position\":1,\"name\":\"Strona g\u0142\u00f3wna\",\"item\":\"https:\/\/pauzza.pl\/\"},{\"@type\":\"ListItem\",\"position\":2,\"name\":\"Sklep\",\"item\":\"https:\/\/pauzza.pl\/sklep\/\"},{\"@type\":\"ListItem\",\"position\":3,\"name\":\"Smartwatch Damski Rubicon RNCF02-2 Z\u0142oty + Pasek R\u00f3\u017cowy\"}]},{\"@type\":\"WebSite\",\"@id\":\"https:\/\/pauzza.pl\/#website\",\"url\":\"https:\/\/pauzza.pl\/\",\"name\":\"Sklep online z damsk\u0105 odzie\u017c\u0105 Pauzza: Damska odzie\u017c. Nowa Kolekcja\",\"description\":\"Je\u015bli chcesz zadba\u0107 o sw\u00f3j profesjonalny i pe\u0142en klasy wygl\u0105d w pracy butik online Pauzza, to strza\u0142 w dziesi\u0105tk\u0119! U nas znajdziesz szeroki wyb\u00f3r \u017cakiet\u00f3w, koszul, kurtek, sukienek, sp\u00f3dnic i wiele wiecej\",\"publisher\":{\"@id\":\"https:\/\/pauzza.pl\/#organization\"},\"potentialAction\":[{\"@type\":\"SearchAction\",\"target\":{\"@type\":\"EntryPoint\",\"urlTemplate\":\"https:\/\/pauzza.pl\/?s={search_term_string}\"},\"query-input\":{\"@type\":\"PropertyValueSpecification\",\"valueRequired\":true,\"valueName\":\"search_term_string\"}}],\"inLanguage\":\"uk\"},{\"@type\":\"Organization\",\"@id\":\"https:\/\/pauzza.pl\/#organization\",\"name\":\"Sklep online z damsk\u0105 odzie\u017c\u0105 Pauzza: Damska odzie\u017c. Nowa Kolekcja\",\"url\":\"https:\/\/pauzza.pl\/\",\"logo\":{\"@type\":\"ImageObject\",\"inLanguage\":\"uk\",\"@id\":\"https:\/\/pauzza.pl\/#\/schema\/logo\/image\/\",\"url\":\"https:\/\/pauzza.pl\/wp-content\/uploads\/2024\/01\/pauzzaw.png\",\"contentUrl\":\"https:\/\/pauzza.pl\/wp-content\/uploads\/2024\/01\/pauzzaw.png\",\"width\":350,\"height\":100,\"caption\":\"Sklep online z damsk\u0105 odzie\u017c\u0105 Pauzza: Damska odzie\u017c. Nowa Kolekcja\"},\"image\":{\"@id\":\"https:\/\/pauzza.pl\/#\/schema\/logo\/image\/\"}}]}<\/script>\n<!-- \/ Yoast SEO plugin. -->","yoast_head_json":{"title":"Smartwatch Damski Rubicon RNCF02-2 Z\u0142oty Pasek R\u00f3\u017cowy","robots":{"index":"index","follow":"follow","max-snippet":"max-snippet:-1","max-image-preview":"max-image-preview:large","max-video-preview":"max-video-preview:-1"},"canonical":"https:\/\/pauzza.pl\/uk\/\u043f\u0440\u043e\u0434\u0443\u043a\u0442\/smartwatch-damski-rubicon-rncf02-2-zloty-pasek-rozowy\/","og_locale":"uk_UA","og_type":"article","og_title":"Smartwatch Damski Rubicon RNCF02-2 Z\u0142oty Pasek R\u00f3\u017cowy","og_description":"Smartwatch Damski Rubicon RNCF02-2 Z\u0142oty + Pasek R\u00f3\u017cowy Wyobra\u017a sobie poranek pe\u0142en po\u015bpiechu \u2013 kawa stygnie na blacie, telefon wci\u0105\u017c dzwoni, a Ty pr\u00f3bujesz znale\u017a\u0107 chwil\u0119 dla siebie. Si\u0119gasz po Rubicon, kt\u00f3ry z delikatnym blaskiem otula Tw\u00f3j nadgarstek z\u0142ot\u0105 bransolet\u0105 mesh. Na smuk\u0142ym, okr\u0105g\u0142ym wy\u015bwietlaczu MULTIdotyk TFT IPS full display jednym ruchem wybierasz tarcz\u0119, kt\u00f3ra [&hellip;]","og_url":"https:\/\/pauzza.pl\/uk\/\u043f\u0440\u043e\u0434\u0443\u043a\u0442\/smartwatch-damski-rubicon-rncf02-2-zloty-pasek-rozowy\/","og_site_name":"Sklep online z damsk\u0105 odzie\u017c\u0105 Pauzza: Damska odzie\u017c. Nowa Kolekcja","article_modified_time":"2026-05-15T05:32:41+00:00","og_image":[{"width":900,"height":800,"url":"https:\/\/pauzza.pl\/wp-content\/uploads\/2025\/11\/2_max-230.jpg","type":"image\/jpeg"}],"twitter_card":"summary_large_image","twitter_misc":{"\u041f\u0440\u0438\u0431\u043b. \u0447\u0430\u0441 \u0447\u0438\u0442\u0430\u043d\u043d\u044f":"3 \u0445\u0432\u0438\u043b\u0438\u043d\u0438"},"schema":{"@context":"https:\/\/schema.org","@graph":[{"@type":"WebPage","@id":"https:\/\/pauzza.pl\/produkt\/smartwatch-damski-rubicon-rncf02-2-zloty-pasek-rozowy\/","url":"https:\/\/pauzza.pl\/produkt\/smartwatch-damski-rubicon-rncf02-2-zloty-pasek-rozowy\/","name":"Smartwatch Damski Rubicon RNCF02-2 Z\u0142oty Pasek R\u00f3\u017cowy","isPartOf":{"@id":"https:\/\/pauzza.pl\/#website"},"primaryImageOfPage":{"@id":"https:\/\/pauzza.pl\/produkt\/smartwatch-damski-rubicon-rncf02-2-zloty-pasek-rozowy\/#primaryimage"},"image":{"@id":"https:\/\/pauzza.pl\/produkt\/smartwatch-damski-rubicon-rncf02-2-zloty-pasek-rozowy\/#primaryimage"},"thumbnailUrl":"https:\/\/pauzza.pl\/wp-content\/uploads\/2025\/11\/2_max-230.jpg","datePublished":"2025-11-24T15:05:23+00:00","dateModified":"2026-05-15T05:32:41+00:00","breadcrumb":{"@id":"https:\/\/pauzza.pl\/produkt\/smartwatch-damski-rubicon-rncf02-2-zloty-pasek-rozowy\/#breadcrumb"},"inLanguage":"uk","potentialAction":[{"@type":"ReadAction","target":["https:\/\/pauzza.pl\/produkt\/smartwatch-damski-rubicon-rncf02-2-zloty-pasek-rozowy\/"]}]},{"@type":"ImageObject","inLanguage":"uk","@id":"https:\/\/pauzza.pl\/produkt\/smartwatch-damski-rubicon-rncf02-2-zloty-pasek-rozowy\/#primaryimage","url":"https:\/\/pauzza.pl\/wp-content\/uploads\/2025\/11\/2_max-230.jpg","contentUrl":"https:\/\/pauzza.pl\/wp-content\/uploads\/2025\/11\/2_max-230.jpg","width":900,"height":800},{"@type":"BreadcrumbList","@id":"https:\/\/pauzza.pl\/produkt\/smartwatch-damski-rubicon-rncf02-2-zloty-pasek-rozowy\/#breadcrumb","itemListElement":[{"@type":"ListItem","position":1,"name":"Strona g\u0142\u00f3wna","item":"https:\/\/pauzza.pl\/"},{"@type":"ListItem","position":2,"name":"Sklep","item":"https:\/\/pauzza.pl\/sklep\/"},{"@type":"ListItem","position":3,"name":"Smartwatch Damski Rubicon RNCF02-2 Z\u0142oty + Pasek R\u00f3\u017cowy"}]},{"@type":"WebSite","@id":"https:\/\/pauzza.pl\/#website","url":"https:\/\/pauzza.pl\/","name":"\u0406\u043d\u0442\u0435\u0440\u043d\u0435\u0442 \u043c\u0430\u0433\u0430\u0437\u0438\u043d \u0436\u0456\u043d\u043e\u0447\u043e\u0433\u043e \u043e\u0434\u044f\u0433\u0443 Pauzza: \u0416\u0456\u043d\u043e\u0447\u0438\u0439 \u043e\u0434\u044f\u0433. \u041d\u043e\u0432\u0430 \u043a\u043e\u043b\u0435\u043a\u0446\u0456\u044f","description":"\u042f\u043a\u0449\u043e \u0432\u0438 \u0445\u043e\u0447\u0435\u0442\u0435 \u043f\u043e\u0434\u0431\u0430\u0442\u0438 \u043f\u0440\u043e \u0441\u0432\u0456\u0439 \u043f\u0440\u043e\u0444\u0435\u0441\u0456\u0439\u043d\u0438\u0439 \u0442\u0430 \u0441\u0442\u0438\u043b\u044c\u043d\u0438\u0439 \u0432\u0438\u0433\u043b\u044f\u0434 \u043d\u0430 \u0440\u043e\u0431\u043e\u0442\u0456, \u043e\u043d\u043b\u0430\u0439\u043d-\u0431\u0443\u0442\u0456\u043a Pauzza - \u0446\u0435 \u0445\u0456\u0442! \u0422\u0443\u0442 \u0432\u0438 \u0437\u043d\u0430\u0439\u0434\u0435\u0442\u0435 \u0448\u0438\u0440\u043e\u043a\u0438\u0439 \u0432\u0438\u0431\u0456\u0440 \u043f\u0456\u0434\u0436\u0430\u043a\u0456\u0432, \u0441\u043e\u0440\u043e\u0447\u043e\u043a, \u0436\u0430\u043a\u0435\u0442\u0456\u0432, \u0441\u0443\u043a\u043e\u043d\u044c, \u0441\u043f\u0456\u0434\u043d\u0438\u0446\u044c \u0442\u0430 \u0431\u0430\u0433\u0430\u0442\u043e \u0456\u043d\u0448\u043e\u0433\u043e.","publisher":{"@id":"https:\/\/pauzza.pl\/#organization"},"potentialAction":[{"@type":"SearchAction","target":{"@type":"EntryPoint","urlTemplate":"https:\/\/pauzza.pl\/?s={search_term_string}"},"query-input":{"@type":"PropertyValueSpecification","valueRequired":true,"valueName":"search_term_string"}}],"inLanguage":"uk"},{"@type":"Organization","@id":"https:\/\/pauzza.pl\/#organization","name":"\u0406\u043d\u0442\u0435\u0440\u043d\u0435\u0442 \u043c\u0430\u0433\u0430\u0437\u0438\u043d \u0436\u0456\u043d\u043e\u0447\u043e\u0433\u043e \u043e\u0434\u044f\u0433\u0443 Pauzza: \u0416\u0456\u043d\u043e\u0447\u0438\u0439 \u043e\u0434\u044f\u0433. \u041d\u043e\u0432\u0430 \u043a\u043e\u043b\u0435\u043a\u0446\u0456\u044f","url":"https:\/\/pauzza.pl\/","logo":{"@type":"ImageObject","inLanguage":"uk","@id":"https:\/\/pauzza.pl\/#\/schema\/logo\/image\/","url":"https:\/\/pauzza.pl\/wp-content\/uploads\/2024\/01\/pauzzaw.png","contentUrl":"https:\/\/pauzza.pl\/wp-content\/uploads\/2024\/01\/pauzzaw.png","width":350,"height":100,"caption":"Sklep online z damsk\u0105 odzie\u017c\u0105 Pauzza: Damska odzie\u017c. Nowa Kolekcja"},"image":{"@id":"https:\/\/pauzza.pl\/#\/schema\/logo\/image\/"}}]}},"_links":{"self":[{"href":"https:\/\/pauzza.pl\/uk\/wp-json\/wp\/v2\/product\/982940","targetHints":{"allow":["GET"]}}],"collection":[{"href":"https:\/\/pauzza.pl\/uk\/wp-json\/wp\/v2\/product"}],"about":[{"href":"https:\/\/pauzza.pl\/uk\/wp-json\/wp\/v2\/types\/product"}],"wp:featuredmedia":[{"embeddable":true,"href":"https:\/\/pauzza.pl\/uk\/wp-json\/wp\/v2\/media\/982942"}],"wp:attachment":[{"href":"https:\/\/pauzza.pl\/uk\/wp-json\/wp\/v2\/media?parent=982940"}],"wp:term":[{"taxonomy":"product_brand","embeddable":true,"href":"https:\/\/pauzza.pl\/uk\/wp-json\/wp\/v2\/product_brand?post=982940"},{"taxonomy":"product_cat","embeddable":true,"href":"https:\/\/pauzza.pl\/uk\/wp-json\/wp\/v2\/product_cat?post=982940"},{"taxonomy":"product_tag","embeddable":true,"href":"https:\/\/pauzza.pl\/uk\/wp-json\/wp\/v2\/product_tag?post=982940"}],"curies":[{"name":"wp","href":"https:\/\/api.w.org\/{rel}","templated":true}]}}