{"id":982903,"date":"2025-11-24T16:05:12","date_gmt":"2025-11-24T15:05:12","guid":{"rendered":"https:\/\/pauzza.pl\/produkt\/smartwatch-rubicon-rnce99-black-metal-silicon-smarub194\/"},"modified":"2026-04-21T04:57:13","modified_gmt":"2026-04-21T02:57:13","slug":"smartwatch-rubicon-rnce99-black-metal-silicon-smarub194","status":"publish","type":"product","link":"https:\/\/pauzza.pl\/uk\/%d0%bf%d1%80%d0%be%d0%b4%d1%83%d0%ba%d1%82\/smartwatch-rubicon-rnce99-black-metal-silicon-smarub194\/","title":{"rendered":"Smartwatch Rubicon RNCE99 Black Metal + Silicon SMARUB194"},"content":{"rendered":"<p class=\"def\"><span style=\"background-color: transparent; color: #131313; font-family: verdana, geneva; font-size: x-large; font-weight: bold;\" class=\"def\"><br \/>Smartwatch Rubicon RNCE99-2 Black Bransoleta + Pasek Silikonowy<\/span><\/p>\n<p class=\"def\" style=\"box-sizing: border-box; outline: none; color: #131313; font-family: Roboto, sans-serif; font-size: 14px;\">\u00a0<\/p>\n<p class=\"def\" style=\"box-sizing: border-box; outline: none; color: #131313; font-family: Roboto, sans-serif; font-size: 14px;\"><span style=\"box-sizing: border-box; outline: none; font-weight: bold; font-size: 11pt;\" class=\"def\"><span style=\"box-sizing: border-box; outline: none;\" class=\"def\"><span style=\"color: #222222;\" class=\"def\"><span style=\"font-family: 'Open Sans', sans-serif;\" class=\"def\"><span class=\"def\"><span style=\"background-color: transparent;\" class=\"def\"><span style=\"font-family: verdana, geneva;\" class=\"def\"><span class=\"def\">Opis produktu:<\/span><\/span><\/span><\/span><\/span><\/span><\/span><\/span><span style=\"background-color: transparent; font-size: 11pt;\" class=\"def\"><span class=\"def\"><span style=\"background-color: transparent;\" class=\"def\"><span style=\"font-family: verdana, geneva;\" class=\"def\"><span class=\"def\"><\/span><\/span><\/span><\/span><\/span><\/p>\n<p class=\"def\" style=\"box-sizing: border-box; outline: none; color: #131313; font-family: Roboto, sans-serif; font-size: 14px;\">\u00a0<\/p>\n<ul>\n<li style=\"font-size: 12pt;\"><span style=\"font-size: 12pt;\"><strong>\u041c\u0435\u043d\u044e<\/strong>: 7 motyw\u00f3w w j\u0119zyku polskim oraz aplikacja<br \/><\/span><\/li>\n<li style=\"font-size: 12pt;\"><span style=\"font-size: 12pt;\"><strong>Wy\u015bwietlacz:<\/strong> MULTIdotyk\u00a0\u00a0<strong>TFT IPS<\/strong>\u00a0full touch round screen!<strong>\u00a0BIG!\u00a01.5\u201d<\/strong><br \/><\/span><\/li>\n<li style=\"font-size: 12pt;\"><span style=\"font-size: 12pt;\"><strong>Rozdzielczo\u015b\u0107<\/strong>: 454*454 pikseli<br \/><\/span><\/li>\n<li style=\"font-size: 12pt;\"><span style=\"font-size: 12pt;\"><strong>Tarcza<\/strong>: 7\u00a0motyw\u00f3w\u00a0do wyboru\u00a0<strong>+ tarcze do pobrania z\u00a0aplikacji!\u00a0+ w\u0142asne tarcze! Animowana grafika !<\/strong><br \/><\/span><\/li>\n<li style=\"font-size: 12pt;\"><span style=\"font-size: 12pt;\"><strong>Bluetooth Call:\u00a0<\/strong> <strong>Bluetooth Call &#8211;<\/strong> wbudowany mikrofon i g\u0142o\u015bnik !<br \/><\/span><\/li>\n<li style=\"font-size: 12pt;\"><span style=\"font-size: 12pt;\"><strong>Pol\u0105czenia<\/strong>: Odbieranie i wykonywanie po\u0142\u0105cze\u0144 + spis po\u0142\u0105cze\u0144<\/span><\/li>\n<li style=\"font-size: 12pt;\"><span style=\"font-size: 12pt;\"><strong>Procesor<\/strong>: RTK8762DK<br \/><\/span><\/li>\n<li style=\"font-size: 12pt;\"><span style=\"font-size: 12pt;\"><strong>Bluetooth<\/strong>: 5.0dual<br \/><\/span><\/li>\n<li style=\"font-size: 12pt;\"><span style=\"font-size: 12pt;\"><strong>Wodoszczelno\u015b\u0107<\/strong>: IP68 odporny na zachlapania<\/span><\/li>\n<li style=\"font-size: 12pt;\"><span style=\"font-size: 12pt;\"><strong>Koperta<\/strong>: Stal szlachetna, pokryta metod\u0105 IPS\/IPG<br \/><\/span><\/li>\n<li style=\"font-size: 12pt;\"><span style=\"font-size: 12pt;\"><strong>Bransoleta<\/strong>: Stal szlachetna, regulowana, zabezpieczenie przed ewentualnym odpi\u0119ciem<br \/><\/span><\/li>\n<li style=\"font-size: 12pt;\"><span style=\"font-size: 12pt;\"><strong>Pasek<\/strong>: Silikonowy<\/span><\/li>\n<li style=\"font-size: 12pt;\"><span style=\"font-size: 12pt;\"><strong>Szkie\u0142ko<\/strong>: Mineralne 2.5D<br \/><\/span><\/li>\n<li style=\"font-size: 12pt;\"><span style=\"font-size: 12pt;\"><strong>Bateria<\/strong>: 320mAh &#8211;\u00a0 <strong>NOWO\u015a\u0106! \u0141adowanie bezprzewodowe !<\/strong><br \/><\/span><\/li>\n<li style=\"font-size: 12pt;\"><span style=\"font-size: 12pt;\"><strong>Oprogramowanie<\/strong>: iOS i Android<\/span><\/li>\n<li style=\"font-size: 12pt;\"><span style=\"font-size: 12pt;\"><strong>Aplikacja<\/strong>: WearPRO<br \/><\/span><\/li>\n<\/ul>\n<p>\u00a0<\/p>\n<p><span style=\"font-size: 12pt;\"><strong>Funkcje:<\/strong><\/span><\/p>\n<ul>\n<li style=\"font-size: 12pt;\"><span style=\"font-size: 12pt;\">11\u00a0tryb\u00f3w sportowych!<\/span><\/li>\n<li style=\"font-size: 12pt;\"><span style=\"font-size: 12pt;\">krokomierz, licznik kalorii<\/span><\/li>\n<li style=\"font-size: 12pt;\"><span style=\"font-size: 12pt;\">pomiar t\u0119tna, pomiar ci\u015bnienia krwi, pomiar tlenu we krwi ( PULSOKSYMETR),EKG<\/span><\/li>\n<li style=\"font-size: 12pt;\"><span style=\"font-size: 12pt;\">\u00a0monitor snu<\/span><\/li>\n<li style=\"font-size: 12pt;\"><span style=\"font-size: 12pt;\">przypomnienie o\u00a0wypiciu wody,\u00a0ruchu<\/span><\/li>\n<li style=\"font-size: 12pt;\"><span style=\"font-size: 12pt;\">powiadomienie po\u0142\u0105cze\u0144 przychodz\u0105cych<\/span><\/li>\n<li style=\"font-size: 12pt;\"><span style=\"font-size: 12pt;\">powiadomienia:\u00a0Facebook, SMS, Twitter, WhatsApp, gmail\u00a0\u00a0itp.<\/span><\/li>\n<li style=\"font-size: 12pt;\"><span style=\"font-size: 12pt;\">alarm\u00a0\/ budzik \/ timer<\/span><\/li>\n<li style=\"font-size: 12pt;\"><span style=\"font-size: 12pt;\">tryb latarki\u00a0<\/span><\/li>\n<li style=\"font-size: 12pt;\"><span style=\"font-size: 12pt;\">kalkulator<\/span><\/li>\n<li style=\"font-size: 12pt;\"><span style=\"font-size: 12pt;\">informacje o pogodzie<\/span><\/li>\n<li style=\"font-size: 12pt;\"><span style=\"font-size: 12pt;\">zdalne zdj\u0119cia<\/span><\/li>\n<li style=\"font-size: 12pt;\"><span style=\"font-size: 12pt;\">sterowanie odtwarzaczem MP3 w telefonie !<\/span><\/li>\n<li style=\"font-size: 12pt;\"><span style=\"font-size: 12pt;\">funkcja: znajd\u017a\u00a0smartwatch<\/span><\/li>\n<\/ul>\n<p>\u00a0<\/p>\n<p><strong><span style=\"font-size: 12pt;\">\u0420\u043e\u0437\u043c\u0456\u0440\u0438:<\/span><\/strong><\/p>\n<ul style=\"margin-top: 0cm;\" type=\"disc\">\n<li class=\"MsoNormal\" style=\"font-size: 12pt;\"><span style=\"font-size: 12pt;\">\u015arednica koperty: 48 mm<\/span><\/li>\n<li class=\"MsoNormal\" style=\"font-size: 12pt;\"><span style=\"font-size: 12pt;\">Grubo\u015b\u0107: 13 mm<\/span><\/li>\n<li style=\"font-size: 12pt;\"><span style=\"font-size: 12pt;\">Pasek: 22 mm<\/span><\/li>\n<li style=\"font-size: 12pt;\"><span style=\"font-size: 12pt;\">Obw\u00f3d: max 250 mm<\/span><\/li>\n<\/ul>\n<p>\u00a0<\/p>\n<p><strong><span style=\"font-size: 12pt;\">Kolorystyka:<\/span><\/strong><\/p>\n<ul style=\"list-style-type: square;\">\n<li><span style=\"font-size: 12pt;\">Koperta: czarna<\/span><\/li>\n<li><span style=\"font-size: 12pt;\">Pasek silikonowy: czarny<\/span><\/li>\n<li><span style=\"font-size: 12pt;\">Bransoleta metalowa: czarna<\/span><\/li>\n<\/ul>\n<p>\u00a0<\/p>\n<p><strong><span style=\"font-size: 12pt;\">W ZESTAWIE OTRZYMASZ:<\/span><\/strong><\/p>\n<ul>\n<li><span style=\"font-size: 12pt;\">smartwatch z paskiem + bransoleta<\/span><\/li>\n<li><span style=\"font-size: 12pt;\">kabel \u0142adowania USB<\/span><\/li>\n<li><span style=\"font-size: 12pt;\">instrukcja PL<\/span><\/li>\n<\/ul>\n<p>\u00a0<\/p>\n<p><span style=\"font-size: 12pt;\">Uwagi:\u00a0<\/span><\/p>\n<p><span style=\"font-size: 12pt;\"><strong>mo\u017cliwo\u015b\u0107 zmiany j\u0119zyka MEMU w\u00a0zegarku\u00a0! niezale\u017cnie od ustawie\u0144 j\u0119zyka MENU w aplikacji\u00a0smartfona\u00a0!\u00a0<\/strong><\/span><\/p>\n<p><span style=\"font-size: 12pt;\">( polski, angielski, czeski, rosyjski, francuski, niemiecki, w\u0142oski, turecki, chorwacki, rumu\u0144ski,\u00a0hiszpa\u0144ski, portugalski, holenderski, grecki )<\/span><\/p>\n<p>\u00a0<\/p>","protected":false},"excerpt":{"rendered":"<p>Smartwatch Rubicon RNCE99-2 Black Bransoleta + Pasek Silikonowy \u00a0 Opis produktu: \u00a0 Menu: 7 motyw\u00f3w w j\u0119zyku polskim oraz aplikacja Wy\u015bwietlacz: MULTIdotyk\u00a0\u00a0TFT IPS\u00a0full touch round screen!\u00a0BIG!\u00a01.5\u201d Rozdzielczo\u015b\u0107: 454*454 pikseli Tarcza: 7\u00a0motyw\u00f3w\u00a0do wyboru\u00a0+ tarcze do pobrania z\u00a0aplikacji!\u00a0+ w\u0142asne tarcze! Animowana grafika ! Bluetooth Call:\u00a0 Bluetooth Call &#8211; wbudowany mikrofon i g\u0142o\u015bnik ! Pol\u0105czenia: Odbieranie i wykonywanie [&hellip;]<\/p>","protected":false},"featured_media":982905,"template":"","meta":{"_acf_changed":false},"product_brand":[],"product_cat":[4850,4835],"product_tag":[],"class_list":{"0":"post-982903","1":"product","2":"type-product","3":"status-publish","4":"has-post-thumbnail","6":"product_cat-rubicon","7":"product_cat-smartwatch","9":"first","10":"instock","11":"taxable","12":"shipping-taxable","13":"purchasable","14":"product-type-simple"},"acf":[],"yoast_head":"<!-- This site is optimized with the Yoast SEO plugin v27.2 - https:\/\/yoast.com\/product\/yoast-seo-wordpress\/ -->\n<title>Smartwatch Rubicon RNCE99 Black Metal + Silicon SMARUB194<\/title>\n<meta name=\"robots\" content=\"index, follow, max-snippet:-1, max-image-preview:large, max-video-preview:-1\" \/>\n<link rel=\"canonical\" href=\"https:\/\/pauzza.pl\/uk\/\u043f\u0440\u043e\u0434\u0443\u043a\u0442\/smartwatch-rubicon-rnce99-black-metal-silicon-smarub194\/\" \/>\n<meta property=\"og:locale\" content=\"uk_UA\" \/>\n<meta property=\"og:type\" content=\"article\" \/>\n<meta property=\"og:title\" content=\"Smartwatch Rubicon RNCE99 Black Metal + Silicon SMARUB194\" \/>\n<meta property=\"og:description\" content=\"Smartwatch Rubicon RNCE99-2 Black Bransoleta + Pasek Silikonowy \u00a0 Opis produktu: \u00a0 Menu: 7 motyw\u00f3w w j\u0119zyku polskim oraz aplikacja Wy\u015bwietlacz: MULTIdotyk\u00a0\u00a0TFT IPS\u00a0full touch round screen!\u00a0BIG!\u00a01.5\u201d Rozdzielczo\u015b\u0107: 454*454 pikseli Tarcza: 7\u00a0motyw\u00f3w\u00a0do wyboru\u00a0+ tarcze do pobrania z\u00a0aplikacji!\u00a0+ w\u0142asne tarcze! Animowana grafika ! Bluetooth Call:\u00a0 Bluetooth Call &#8211; wbudowany mikrofon i g\u0142o\u015bnik ! Pol\u0105czenia: Odbieranie i wykonywanie [&hellip;]\" \/>\n<meta property=\"og:url\" content=\"https:\/\/pauzza.pl\/uk\/\u043f\u0440\u043e\u0434\u0443\u043a\u0442\/smartwatch-rubicon-rnce99-black-metal-silicon-smarub194\/\" \/>\n<meta property=\"og:site_name\" content=\"Sklep online z damsk\u0105 odzie\u017c\u0105 Pauzza: Damska odzie\u017c. Nowa Kolekcja\" \/>\n<meta property=\"article:modified_time\" content=\"2026-04-21T02:57:13+00:00\" \/>\n<meta property=\"og:image\" content=\"https:\/\/pauzza.pl\/wp-content\/uploads\/2025\/11\/18_max-61.jpg\" \/>\n\t<meta property=\"og:image:width\" content=\"900\" \/>\n\t<meta property=\"og:image:height\" content=\"800\" \/>\n\t<meta property=\"og:image:type\" content=\"image\/jpeg\" \/>\n<meta name=\"twitter:card\" content=\"summary_large_image\" \/>\n<meta name=\"twitter:label1\" content=\"\u041f\u0440\u0438\u0431\u043b. \u0447\u0430\u0441 \u0447\u0438\u0442\u0430\u043d\u043d\u044f\" \/>\n\t<meta name=\"twitter:data1\" content=\"1 \u0445\u0432\u0438\u043b\u0438\u043d\u0430\" \/>\n<script type=\"application\/ld+json\" class=\"yoast-schema-graph\">{\"@context\":\"https:\/\/schema.org\",\"@graph\":[{\"@type\":\"WebPage\",\"@id\":\"https:\/\/pauzza.pl\/produkt\/smartwatch-rubicon-rnce99-black-metal-silicon-smarub194\/\",\"url\":\"https:\/\/pauzza.pl\/produkt\/smartwatch-rubicon-rnce99-black-metal-silicon-smarub194\/\",\"name\":\"Smartwatch Rubicon RNCE99 Black Metal + Silicon SMARUB194\",\"isPartOf\":{\"@id\":\"https:\/\/pauzza.pl\/#website\"},\"primaryImageOfPage\":{\"@id\":\"https:\/\/pauzza.pl\/produkt\/smartwatch-rubicon-rnce99-black-metal-silicon-smarub194\/#primaryimage\"},\"image\":{\"@id\":\"https:\/\/pauzza.pl\/produkt\/smartwatch-rubicon-rnce99-black-metal-silicon-smarub194\/#primaryimage\"},\"thumbnailUrl\":\"https:\/\/pauzza.pl\/wp-content\/uploads\/2025\/11\/18_max-61.jpg\",\"datePublished\":\"2025-11-24T15:05:12+00:00\",\"dateModified\":\"2026-04-21T02:57:13+00:00\",\"breadcrumb\":{\"@id\":\"https:\/\/pauzza.pl\/produkt\/smartwatch-rubicon-rnce99-black-metal-silicon-smarub194\/#breadcrumb\"},\"inLanguage\":\"uk\",\"potentialAction\":[{\"@type\":\"ReadAction\",\"target\":[\"https:\/\/pauzza.pl\/produkt\/smartwatch-rubicon-rnce99-black-metal-silicon-smarub194\/\"]}]},{\"@type\":\"ImageObject\",\"inLanguage\":\"uk\",\"@id\":\"https:\/\/pauzza.pl\/produkt\/smartwatch-rubicon-rnce99-black-metal-silicon-smarub194\/#primaryimage\",\"url\":\"https:\/\/pauzza.pl\/wp-content\/uploads\/2025\/11\/18_max-61.jpg\",\"contentUrl\":\"https:\/\/pauzza.pl\/wp-content\/uploads\/2025\/11\/18_max-61.jpg\",\"width\":900,\"height\":800},{\"@type\":\"BreadcrumbList\",\"@id\":\"https:\/\/pauzza.pl\/produkt\/smartwatch-rubicon-rnce99-black-metal-silicon-smarub194\/#breadcrumb\",\"itemListElement\":[{\"@type\":\"ListItem\",\"position\":1,\"name\":\"Strona g\u0142\u00f3wna\",\"item\":\"https:\/\/pauzza.pl\/\"},{\"@type\":\"ListItem\",\"position\":2,\"name\":\"Sklep\",\"item\":\"https:\/\/pauzza.pl\/sklep\/\"},{\"@type\":\"ListItem\",\"position\":3,\"name\":\"Smartwatch Rubicon RNCE99 Black Metal + Silicon SMARUB194\"}]},{\"@type\":\"WebSite\",\"@id\":\"https:\/\/pauzza.pl\/#website\",\"url\":\"https:\/\/pauzza.pl\/\",\"name\":\"Sklep online z damsk\u0105 odzie\u017c\u0105 Pauzza: Damska odzie\u017c. Nowa Kolekcja\",\"description\":\"Je\u015bli chcesz zadba\u0107 o sw\u00f3j profesjonalny i pe\u0142en klasy wygl\u0105d w pracy butik online Pauzza, to strza\u0142 w dziesi\u0105tk\u0119! U nas znajdziesz szeroki wyb\u00f3r \u017cakiet\u00f3w, koszul, kurtek, sukienek, sp\u00f3dnic i wiele wiecej\",\"publisher\":{\"@id\":\"https:\/\/pauzza.pl\/#organization\"},\"potentialAction\":[{\"@type\":\"SearchAction\",\"target\":{\"@type\":\"EntryPoint\",\"urlTemplate\":\"https:\/\/pauzza.pl\/?s={search_term_string}\"},\"query-input\":{\"@type\":\"PropertyValueSpecification\",\"valueRequired\":true,\"valueName\":\"search_term_string\"}}],\"inLanguage\":\"uk\"},{\"@type\":\"Organization\",\"@id\":\"https:\/\/pauzza.pl\/#organization\",\"name\":\"Sklep online z damsk\u0105 odzie\u017c\u0105 Pauzza: Damska odzie\u017c. Nowa Kolekcja\",\"url\":\"https:\/\/pauzza.pl\/\",\"logo\":{\"@type\":\"ImageObject\",\"inLanguage\":\"uk\",\"@id\":\"https:\/\/pauzza.pl\/#\/schema\/logo\/image\/\",\"url\":\"https:\/\/pauzza.pl\/wp-content\/uploads\/2024\/01\/pauzzaw.png\",\"contentUrl\":\"https:\/\/pauzza.pl\/wp-content\/uploads\/2024\/01\/pauzzaw.png\",\"width\":350,\"height\":100,\"caption\":\"Sklep online z damsk\u0105 odzie\u017c\u0105 Pauzza: Damska odzie\u017c. Nowa Kolekcja\"},\"image\":{\"@id\":\"https:\/\/pauzza.pl\/#\/schema\/logo\/image\/\"}}]}<\/script>\n<!-- \/ Yoast SEO plugin. -->","yoast_head_json":{"title":"Smartwatch Rubicon RNCE99 Black Metal + Silicon SMARUB194","robots":{"index":"index","follow":"follow","max-snippet":"max-snippet:-1","max-image-preview":"max-image-preview:large","max-video-preview":"max-video-preview:-1"},"canonical":"https:\/\/pauzza.pl\/uk\/\u043f\u0440\u043e\u0434\u0443\u043a\u0442\/smartwatch-rubicon-rnce99-black-metal-silicon-smarub194\/","og_locale":"uk_UA","og_type":"article","og_title":"Smartwatch Rubicon RNCE99 Black Metal + Silicon SMARUB194","og_description":"Smartwatch Rubicon RNCE99-2 Black Bransoleta + Pasek Silikonowy \u00a0 Opis produktu: \u00a0 Menu: 7 motyw\u00f3w w j\u0119zyku polskim oraz aplikacja Wy\u015bwietlacz: MULTIdotyk\u00a0\u00a0TFT IPS\u00a0full touch round screen!\u00a0BIG!\u00a01.5\u201d Rozdzielczo\u015b\u0107: 454*454 pikseli Tarcza: 7\u00a0motyw\u00f3w\u00a0do wyboru\u00a0+ tarcze do pobrania z\u00a0aplikacji!\u00a0+ w\u0142asne tarcze! Animowana grafika ! Bluetooth Call:\u00a0 Bluetooth Call &#8211; wbudowany mikrofon i g\u0142o\u015bnik ! Pol\u0105czenia: Odbieranie i wykonywanie [&hellip;]","og_url":"https:\/\/pauzza.pl\/uk\/\u043f\u0440\u043e\u0434\u0443\u043a\u0442\/smartwatch-rubicon-rnce99-black-metal-silicon-smarub194\/","og_site_name":"Sklep online z damsk\u0105 odzie\u017c\u0105 Pauzza: Damska odzie\u017c. Nowa Kolekcja","article_modified_time":"2026-04-21T02:57:13+00:00","og_image":[{"width":900,"height":800,"url":"https:\/\/pauzza.pl\/wp-content\/uploads\/2025\/11\/18_max-61.jpg","type":"image\/jpeg"}],"twitter_card":"summary_large_image","twitter_misc":{"\u041f\u0440\u0438\u0431\u043b. \u0447\u0430\u0441 \u0447\u0438\u0442\u0430\u043d\u043d\u044f":"1 \u0445\u0432\u0438\u043b\u0438\u043d\u0430"},"schema":{"@context":"https:\/\/schema.org","@graph":[{"@type":"WebPage","@id":"https:\/\/pauzza.pl\/produkt\/smartwatch-rubicon-rnce99-black-metal-silicon-smarub194\/","url":"https:\/\/pauzza.pl\/produkt\/smartwatch-rubicon-rnce99-black-metal-silicon-smarub194\/","name":"Smartwatch Rubicon RNCE99 Black Metal + Silicon SMARUB194","isPartOf":{"@id":"https:\/\/pauzza.pl\/#website"},"primaryImageOfPage":{"@id":"https:\/\/pauzza.pl\/produkt\/smartwatch-rubicon-rnce99-black-metal-silicon-smarub194\/#primaryimage"},"image":{"@id":"https:\/\/pauzza.pl\/produkt\/smartwatch-rubicon-rnce99-black-metal-silicon-smarub194\/#primaryimage"},"thumbnailUrl":"https:\/\/pauzza.pl\/wp-content\/uploads\/2025\/11\/18_max-61.jpg","datePublished":"2025-11-24T15:05:12+00:00","dateModified":"2026-04-21T02:57:13+00:00","breadcrumb":{"@id":"https:\/\/pauzza.pl\/produkt\/smartwatch-rubicon-rnce99-black-metal-silicon-smarub194\/#breadcrumb"},"inLanguage":"uk","potentialAction":[{"@type":"ReadAction","target":["https:\/\/pauzza.pl\/produkt\/smartwatch-rubicon-rnce99-black-metal-silicon-smarub194\/"]}]},{"@type":"ImageObject","inLanguage":"uk","@id":"https:\/\/pauzza.pl\/produkt\/smartwatch-rubicon-rnce99-black-metal-silicon-smarub194\/#primaryimage","url":"https:\/\/pauzza.pl\/wp-content\/uploads\/2025\/11\/18_max-61.jpg","contentUrl":"https:\/\/pauzza.pl\/wp-content\/uploads\/2025\/11\/18_max-61.jpg","width":900,"height":800},{"@type":"BreadcrumbList","@id":"https:\/\/pauzza.pl\/produkt\/smartwatch-rubicon-rnce99-black-metal-silicon-smarub194\/#breadcrumb","itemListElement":[{"@type":"ListItem","position":1,"name":"Strona g\u0142\u00f3wna","item":"https:\/\/pauzza.pl\/"},{"@type":"ListItem","position":2,"name":"Sklep","item":"https:\/\/pauzza.pl\/sklep\/"},{"@type":"ListItem","position":3,"name":"Smartwatch Rubicon RNCE99 Black Metal + Silicon SMARUB194"}]},{"@type":"WebSite","@id":"https:\/\/pauzza.pl\/#website","url":"https:\/\/pauzza.pl\/","name":"\u0406\u043d\u0442\u0435\u0440\u043d\u0435\u0442 \u043c\u0430\u0433\u0430\u0437\u0438\u043d \u0436\u0456\u043d\u043e\u0447\u043e\u0433\u043e \u043e\u0434\u044f\u0433\u0443 Pauzza: \u0416\u0456\u043d\u043e\u0447\u0438\u0439 \u043e\u0434\u044f\u0433. \u041d\u043e\u0432\u0430 \u043a\u043e\u043b\u0435\u043a\u0446\u0456\u044f","description":"\u042f\u043a\u0449\u043e \u0432\u0438 \u0445\u043e\u0447\u0435\u0442\u0435 \u043f\u043e\u0434\u0431\u0430\u0442\u0438 \u043f\u0440\u043e \u0441\u0432\u0456\u0439 \u043f\u0440\u043e\u0444\u0435\u0441\u0456\u0439\u043d\u0438\u0439 \u0442\u0430 \u0441\u0442\u0438\u043b\u044c\u043d\u0438\u0439 \u0432\u0438\u0433\u043b\u044f\u0434 \u043d\u0430 \u0440\u043e\u0431\u043e\u0442\u0456, \u043e\u043d\u043b\u0430\u0439\u043d-\u0431\u0443\u0442\u0456\u043a Pauzza - \u0446\u0435 \u0445\u0456\u0442! \u0422\u0443\u0442 \u0432\u0438 \u0437\u043d\u0430\u0439\u0434\u0435\u0442\u0435 \u0448\u0438\u0440\u043e\u043a\u0438\u0439 \u0432\u0438\u0431\u0456\u0440 \u043f\u0456\u0434\u0436\u0430\u043a\u0456\u0432, \u0441\u043e\u0440\u043e\u0447\u043e\u043a, \u0436\u0430\u043a\u0435\u0442\u0456\u0432, \u0441\u0443\u043a\u043e\u043d\u044c, \u0441\u043f\u0456\u0434\u043d\u0438\u0446\u044c \u0442\u0430 \u0431\u0430\u0433\u0430\u0442\u043e \u0456\u043d\u0448\u043e\u0433\u043e.","publisher":{"@id":"https:\/\/pauzza.pl\/#organization"},"potentialAction":[{"@type":"SearchAction","target":{"@type":"EntryPoint","urlTemplate":"https:\/\/pauzza.pl\/?s={search_term_string}"},"query-input":{"@type":"PropertyValueSpecification","valueRequired":true,"valueName":"search_term_string"}}],"inLanguage":"uk"},{"@type":"Organization","@id":"https:\/\/pauzza.pl\/#organization","name":"\u0406\u043d\u0442\u0435\u0440\u043d\u0435\u0442 \u043c\u0430\u0433\u0430\u0437\u0438\u043d \u0436\u0456\u043d\u043e\u0447\u043e\u0433\u043e \u043e\u0434\u044f\u0433\u0443 Pauzza: \u0416\u0456\u043d\u043e\u0447\u0438\u0439 \u043e\u0434\u044f\u0433. \u041d\u043e\u0432\u0430 \u043a\u043e\u043b\u0435\u043a\u0446\u0456\u044f","url":"https:\/\/pauzza.pl\/","logo":{"@type":"ImageObject","inLanguage":"uk","@id":"https:\/\/pauzza.pl\/#\/schema\/logo\/image\/","url":"https:\/\/pauzza.pl\/wp-content\/uploads\/2024\/01\/pauzzaw.png","contentUrl":"https:\/\/pauzza.pl\/wp-content\/uploads\/2024\/01\/pauzzaw.png","width":350,"height":100,"caption":"Sklep online z damsk\u0105 odzie\u017c\u0105 Pauzza: Damska odzie\u017c. Nowa Kolekcja"},"image":{"@id":"https:\/\/pauzza.pl\/#\/schema\/logo\/image\/"}}]}},"_links":{"self":[{"href":"https:\/\/pauzza.pl\/uk\/wp-json\/wp\/v2\/product\/982903","targetHints":{"allow":["GET"]}}],"collection":[{"href":"https:\/\/pauzza.pl\/uk\/wp-json\/wp\/v2\/product"}],"about":[{"href":"https:\/\/pauzza.pl\/uk\/wp-json\/wp\/v2\/types\/product"}],"wp:featuredmedia":[{"embeddable":true,"href":"https:\/\/pauzza.pl\/uk\/wp-json\/wp\/v2\/media\/982905"}],"wp:attachment":[{"href":"https:\/\/pauzza.pl\/uk\/wp-json\/wp\/v2\/media?parent=982903"}],"wp:term":[{"taxonomy":"product_brand","embeddable":true,"href":"https:\/\/pauzza.pl\/uk\/wp-json\/wp\/v2\/product_brand?post=982903"},{"taxonomy":"product_cat","embeddable":true,"href":"https:\/\/pauzza.pl\/uk\/wp-json\/wp\/v2\/product_cat?post=982903"},{"taxonomy":"product_tag","embeddable":true,"href":"https:\/\/pauzza.pl\/uk\/wp-json\/wp\/v2\/product_tag?post=982903"}],"curies":[{"name":"wp","href":"https:\/\/api.w.org\/{rel}","templated":true}]}}