{"id":982872,"date":"2025-11-24T16:05:03","date_gmt":"2025-11-24T15:05:03","guid":{"rendered":"https:\/\/pauzza.pl\/produkt\/smartwatch-rubicon-rnce89-black-smarub162\/"},"modified":"2026-04-07T15:35:15","modified_gmt":"2026-04-07T13:35:15","slug":"smartwatch-rubicon-rnce89-black-smarub162","status":"publish","type":"product","link":"https:\/\/pauzza.pl\/uk\/%d0%bf%d1%80%d0%be%d0%b4%d1%83%d0%ba%d1%82\/smartwatch-rubicon-rnce89-black-smarub162\/","title":{"rendered":"Smartwatch Rubicon RNCE89 Black SMARUB162"},"content":{"rendered":"<p class=\"def\"><strong><span style=\"font-size: 18pt;\"><br \/>Smartwatch Rubicon RNCE89-6 Black Metal Czarno-Czarny<\/span><\/strong><\/p>\n<p class=\"def\">\u00a0<\/p>\n<p class=\"def\"><strong><span style=\"font-size: 18pt;\">Tw\u00f3j rytm. Tw\u00f3j czas. Tw\u00f3j Rubicon.<\/span><\/strong><\/p>\n<p class=\"def\">\u00a0<\/p>\n<p class=\"\" data-start=\"124\" data-end=\"409\"><span style=\"font-size: 12pt;\"><strong data-start=\"124\" data-end=\"335\">Rano budzik, potem \u017cycie na pe\u0142nych obrotach. Kawa w biegu, powiadomienia lec\u0105 jedno po drugim, a Ty? <\/strong>Ju\u017c na starcie. W tym tempie nie masz czasu na p\u00f3\u0142\u015brodki \u2013 potrzebujesz sprz\u0119tu, kt\u00f3ry dotrzyma Ci kroku.\u00a0Poznaj smartwatch, kt\u00f3ry nie tylko wygl\u0105da \u2013 on dzia\u0142a. <strong>Tak jak Ty.<\/strong><\/span><\/p>\n<p class=\"\" data-start=\"411\" data-end=\"741\"><span style=\"font-size: 12pt;\">Metalowa koperta z wytrzyma\u0142ym szk\u0142em 2.5D i silikonowy pasek to po\u0142\u0105czenie, kt\u00f3re nie boi si\u0119 intensywnego dnia. <strong data-start=\"525\" data-end=\"578\">Dotykowy, pe\u0142noekranowy wy\u015bwietlacz TFT IPS 1.69\u201d<\/strong> zachwyca ostro\u015bci\u0105 i szybko\u015bci\u0105 reakcji. Do tego <strong data-start=\"628\" data-end=\"666\">5 motyw\u00f3w tarczy + w\u0142asne projekty<\/strong> i animacje z aplikacji \u2013 codziennie mo\u017cesz by\u0107 inny, ale zawsze na czasie.<\/span><\/p>\n<p class=\"\" data-start=\"743\" data-end=\"955\"><span style=\"font-size: 12pt;\"><strong data-start=\"746\" data-end=\"764\">Bluetooth Call<\/strong> z mikrofonem i g\u0142o\u015bnikiem to Twoja sekretna bro\u0144 \u2013 <strong data-start=\"816\" data-end=\"877\">odbierasz i wykonujesz po\u0142\u0105czenia bez si\u0119gania po telefon<\/strong>, a szybki prze\u0142\u0105cznik BT call w zegarku daje Ci kontrol\u0119 jednym ruchem palca.<\/span><\/p>\n<p class=\"\" data-start=\"957\" data-end=\"1106\"><span style=\"font-size: 12pt;\">W \u015brodku? <strong data-start=\"967\" data-end=\"984\">Realtek8762DK<\/strong> \u2013 procesor, kt\u00f3ry dba o p\u0142ynno\u015b\u0107 dzia\u0142ania.<\/span><br data-start=\"1028\" data-end=\"1031\"><span style=\"font-size: 12pt;\">Na zewn\u0105trz? <strong data-start=\"1044\" data-end=\"1052\">IP67<\/strong> \u2013 zegarek, kt\u00f3ry nie boi si\u0119 deszczu ani zachlapania.<\/span><\/p>\n<p class=\"\" data-start=\"957\" data-end=\"1106\"><span style=\"font-size: 12pt;\">A to dopiero pocz\u0105tek.<\/span><\/p>\n<p class=\"def\" style=\"box-sizing: border-box; outline: none; color: #131313; font-family: Roboto, sans-serif; font-size: 14px;\">\u00a0<\/p>\n<p class=\"def\" style=\"box-sizing: border-box; outline: none; color: #131313; font-family: Roboto, sans-serif; font-size: 14px;\"><span style=\"font-size: 12pt;\"><strong>Opis produktu:<\/strong><\/span><\/p>\n<ul>\n<li style=\"font-size: 12pt;\"><span style=\"font-size: 12pt;\"><strong>\u041c\u0435\u043d\u044e<\/strong>: 2 motywy w j\u0119zyku polskim oraz aplikacja<br \/><\/span><\/li>\n<li style=\"font-size: 12pt;\"><span style=\"font-size: 12pt;\"><strong>Wy\u015bwietlacz:<\/strong> <strong>MULTIdotyk\u00a0<\/strong> TFT\u00a0IPS full round display!\u00a01.69\u201d<br \/><\/span><\/li>\n<li style=\"font-size: 12pt;\"><span style=\"font-size: 12pt;\"><strong>Rozdzielczo\u015b\u0107<\/strong>: 240*280 pikseli<br \/><\/span><\/li>\n<li style=\"font-size: 12pt;\"><span style=\"font-size: 12pt;\"><strong>Tarcza<\/strong>: 5\u00a0motyw\u00f3w\u00a0do wyboru\u00a0<strong>+ tarcze do pobrania z\u00a0aplikacji!\u00a0+ w\u0142asne tarcze! animowana grafika !<\/strong><br \/><\/span><\/li>\n<li style=\"font-size: 12pt;\"><span style=\"font-size: 12pt;\"><strong>Bluetooth Call:\u00a0 wbudowany mikrofon i g\u0142o\u015bnik<\/strong> ( NOWO\u015a\u0106! &#8211; mo\u017cliwo\u015b\u0107 szybkiego w\u0142\u0105czania i wy\u0142\u0105czania funkcji BT call z pozycji smartwatcha ! )<br \/><\/span><\/li>\n<li style=\"font-size: 12pt;\"><span style=\"font-size: 12pt;\"><strong>Po\u0142\u0105czenia<\/strong>: Odbieranie i wykonywanie po\u0142\u0105cze\u0144 + spis po\u0142\u0105cze\u0144<\/span><\/li>\n<li style=\"font-size: 12pt;\"><span style=\"font-size: 12pt;\"><strong>Procesor<\/strong>: Realtek8762DK<br \/><\/span><\/li>\n<li style=\"font-size: 12pt;\"><span style=\"font-size: 12pt;\"><strong>Bluetooth<\/strong>:\u00a0 4.0 \/ 5.1!<br \/><\/span><\/li>\n<li style=\"font-size: 12pt;\"><span style=\"font-size: 12pt;\"><strong>Wodoszczelno\u015b\u0107<\/strong>: IP67 odporny na zachlapania<\/span><\/li>\n<li style=\"font-size: 12pt;\"><span style=\"font-size: 12pt;\"><strong>Koperta<\/strong>: wykonana stopu metalu, pokryta metod\u0105 IPS\/IPG<br \/><\/span><\/li>\n<li style=\"font-size: 12pt;\"><span style=\"font-size: 12pt;\"><strong>Bransoleta<\/strong>: Stal szlachetna, regulowana<br \/><\/span><\/li>\n<li style=\"font-size: 12pt;\"><span style=\"font-size: 12pt;\"><strong>Szkie\u0142ko<\/strong>: Mineralne 2.5D<br \/><\/span><\/li>\n<li style=\"font-size: 12pt;\"><span style=\"font-size: 12pt;\"><strong>Bateria<\/strong>: litowo-polimerowa 210\u00a0mAh <br \/><\/span><\/li>\n<li style=\"font-size: 12pt;\"><span style=\"font-size: 12pt;\"><strong>Oprogramowanie<\/strong>: iOS i Android<\/span><\/li>\n<li style=\"font-size: 12pt;\"><span style=\"font-size: 12pt;\"><strong>Aplikacja<\/strong>: DaFit<br \/><\/span><\/li>\n<\/ul>\n<p>\u00a0<\/p>\n<p><span style=\"font-size: 12pt;\"><strong>Funkcje:<\/strong><\/span><\/p>\n<ul>\n<li style=\"font-size: 12pt;\"><span style=\"font-size: 12pt;\">7 tryb\u00f3w sportowych + trening oddechu<\/span><\/li>\n<li style=\"font-size: 12pt;\"><span style=\"font-size: 12pt;\">krokomierz, licznik kalorii<\/span><\/li>\n<li style=\"font-size: 12pt;\"><span style=\"font-size: 12pt;\">pomiar t\u0119tna HRS3300( <strong>PULSOMETR<\/strong> ), pomiar ci\u015bnienia krwi, pomiar tlenu we krwi<strong> ( PULSOKSYMETR),<\/strong><\/span><\/li>\n<li style=\"font-size: 12pt;\"><span style=\"font-size: 12pt;\">pomiar temperatury cia\u0142a<strong>\u00a0( Cyfrowy TERMOMETR! )<\/strong><\/span><\/li>\n<li style=\"font-size: 12pt;\"><span style=\"font-size: 12pt;\">monitor snu<\/span><\/li>\n<li style=\"font-size: 12pt;\"><span style=\"font-size: 12pt;\">cykl miesi\u0105czkowy<\/span><\/li>\n<li style=\"font-size: 12pt;\"><span style=\"font-size: 12pt;\">przypomnienie o\u00a0wypiciu wody,\u00a0ruchu<\/span><\/li>\n<li style=\"font-size: 12pt;\"><span style=\"font-size: 12pt;\">powiadomienie po\u0142\u0105cze\u0144 przychodz\u0105cych<\/span><\/li>\n<li style=\"font-size: 12pt;\"><span style=\"font-size: 12pt;\">powiadomienia:\u00a0Facebook, SMS, Twitter, WhatsApp, itp.<\/span><\/li>\n<li style=\"font-size: 12pt;\"><span style=\"font-size: 12pt;\">alarm\u00a0\/ budzik \/ timer\u00a0<\/span><\/li>\n<li style=\"font-size: 12pt;\"><span style=\"font-size: 12pt;\">informacje o pogodzie<\/span><\/li>\n<li style=\"font-size: 12pt;\"><span style=\"font-size: 12pt;\">zdalne zdj\u0119cia<\/span><\/li>\n<li style=\"font-size: 12pt;\"><span style=\"font-size: 12pt;\">tryb latarki<\/span><\/li>\n<li style=\"font-size: 12pt;\"><span style=\"font-size: 12pt;\">sterowanie odtwarzaczem MP3 w smartfonie<\/span><\/li>\n<li style=\"font-size: 12pt;\"><span style=\"font-size: 12pt;\">funkcja: znajd\u017a\u00a0urz\u0105dzenie<\/span><\/li>\n<\/ul>\n<p>\u00a0<\/p>\n<p><strong><span style=\"font-size: 12pt;\">\u0420\u043e\u0437\u043c\u0456\u0440\u0438:<\/span><\/strong><\/p>\n<ul style=\"margin-top: 0cm;\" type=\"disc\">\n<li class=\"MsoNormal\" style=\"font-size: 12pt;\"><span style=\"font-size: 12pt;\">Wielko\u015b\u0107 koperty: 37 mm x 48 mm<\/span><\/li>\n<li class=\"MsoNormal\" style=\"font-size: 12pt;\"><span style=\"font-size: 12pt;\">Grubo\u015b\u0107 koperty: 12 mm<\/span><\/li>\n<\/ul>\n<ul style=\"list-style-type: square;\">\n<li style=\"font-size: 12pt;\"><span style=\"font-size: 12pt;\">Bransoleta: 20 mm<\/span><\/li>\n<li style=\"font-size: 12pt;\"><span style=\"font-size: 12pt;\">Obw\u00f3d: masz 240 mm<\/span><\/li>\n<\/ul>\n<p>\u00a0<\/p>\n<p><strong><span style=\"font-size: 12pt;\">Kolorystyka:<\/span><\/strong><\/p>\n<ul style=\"list-style-type: square;\">\n<li><span style=\"font-size: 12pt;\">Koperta: czarna<\/span><\/li>\n<li><span style=\"font-size: 12pt;\">Tarcza: czarna<\/span><\/li>\n<li><span style=\"font-size: 12pt;\">Bransoleta metalowa: czarna<\/span><\/li>\n<\/ul>\n<p>\u00a0<\/p>\n<p><strong><span style=\"font-size: 12pt;\">W ZESTAWIE OTRZYMASZ:<\/span><\/strong><\/p>\n<ul>\n<li><span style=\"font-size: 12pt;\">smartwatch z bransolet\u0105\u00a0<\/span><\/li>\n<li><span style=\"font-size: 12pt;\">kabel \u0142adowania USB<\/span><\/li>\n<li><span style=\"font-size: 12pt;\">instrukcja PL<\/span><\/li>\n<\/ul>\n<p>\u00a0<\/p>","protected":false},"excerpt":{"rendered":"<p>Smartwatch Rubicon RNCE89-6 Black Metal Czarno-Czarny \u00a0 Tw\u00f3j rytm. Tw\u00f3j czas. Tw\u00f3j Rubicon. \u00a0 Rano budzik, potem \u017cycie na pe\u0142nych obrotach. Kawa w biegu, powiadomienia lec\u0105 jedno po drugim, a Ty? Ju\u017c na starcie. W tym tempie nie masz czasu na p\u00f3\u0142\u015brodki \u2013 potrzebujesz sprz\u0119tu, kt\u00f3ry dotrzyma Ci kroku.\u00a0Poznaj smartwatch, kt\u00f3ry nie tylko wygl\u0105da \u2013 [&hellip;]<\/p>","protected":false},"featured_media":982874,"template":"","meta":{"_acf_changed":false},"product_brand":[],"product_cat":[4850,4835],"product_tag":[],"class_list":{"0":"post-982872","1":"product","2":"type-product","3":"status-publish","4":"has-post-thumbnail","6":"product_cat-rubicon","7":"product_cat-smartwatch","9":"first","10":"outofstock","11":"taxable","12":"shipping-taxable","13":"purchasable","14":"product-type-simple"},"acf":[],"yoast_head":"<!-- This site is optimized with the Yoast SEO plugin v27.2 - https:\/\/yoast.com\/product\/yoast-seo-wordpress\/ -->\n<title>Smartwatch Rubicon RNCE89 Black SMARUB162<\/title>\n<meta name=\"robots\" content=\"index, follow, max-snippet:-1, max-image-preview:large, max-video-preview:-1\" \/>\n<link rel=\"canonical\" href=\"https:\/\/pauzza.pl\/uk\/\u043f\u0440\u043e\u0434\u0443\u043a\u0442\/smartwatch-rubicon-rnce89-black-smarub162\/\" \/>\n<meta property=\"og:locale\" content=\"uk_UA\" \/>\n<meta property=\"og:type\" content=\"article\" \/>\n<meta property=\"og:title\" content=\"Smartwatch Rubicon RNCE89 Black SMARUB162\" \/>\n<meta property=\"og:description\" content=\"Smartwatch Rubicon RNCE89-6 Black Metal Czarno-Czarny \u00a0 Tw\u00f3j rytm. Tw\u00f3j czas. Tw\u00f3j Rubicon. \u00a0 Rano budzik, potem \u017cycie na pe\u0142nych obrotach. Kawa w biegu, powiadomienia lec\u0105 jedno po drugim, a Ty? Ju\u017c na starcie. W tym tempie nie masz czasu na p\u00f3\u0142\u015brodki \u2013 potrzebujesz sprz\u0119tu, kt\u00f3ry dotrzyma Ci kroku.\u00a0Poznaj smartwatch, kt\u00f3ry nie tylko wygl\u0105da \u2013 [&hellip;]\" \/>\n<meta property=\"og:url\" content=\"https:\/\/pauzza.pl\/uk\/\u043f\u0440\u043e\u0434\u0443\u043a\u0442\/smartwatch-rubicon-rnce89-black-smarub162\/\" \/>\n<meta property=\"og:site_name\" content=\"Sklep online z damsk\u0105 odzie\u017c\u0105 Pauzza: Damska odzie\u017c. Nowa Kolekcja\" \/>\n<meta property=\"article:modified_time\" content=\"2026-04-07T13:35:15+00:00\" \/>\n<meta property=\"og:image\" content=\"https:\/\/pauzza.pl\/wp-content\/uploads\/2025\/11\/1_max-318.jpg\" \/>\n\t<meta property=\"og:image:width\" content=\"791\" \/>\n\t<meta property=\"og:image:height\" content=\"800\" \/>\n\t<meta property=\"og:image:type\" content=\"image\/jpeg\" \/>\n<meta name=\"twitter:card\" content=\"summary_large_image\" \/>\n<meta name=\"twitter:label1\" content=\"\u041f\u0440\u0438\u0431\u043b. \u0447\u0430\u0441 \u0447\u0438\u0442\u0430\u043d\u043d\u044f\" \/>\n\t<meta name=\"twitter:data1\" content=\"2 \u0445\u0432\u0438\u043b\u0438\u043d\u0438\" \/>\n<script type=\"application\/ld+json\" class=\"yoast-schema-graph\">{\"@context\":\"https:\/\/schema.org\",\"@graph\":[{\"@type\":\"WebPage\",\"@id\":\"https:\/\/pauzza.pl\/produkt\/smartwatch-rubicon-rnce89-black-smarub162\/\",\"url\":\"https:\/\/pauzza.pl\/produkt\/smartwatch-rubicon-rnce89-black-smarub162\/\",\"name\":\"Smartwatch Rubicon RNCE89 Black SMARUB162\",\"isPartOf\":{\"@id\":\"https:\/\/pauzza.pl\/#website\"},\"primaryImageOfPage\":{\"@id\":\"https:\/\/pauzza.pl\/produkt\/smartwatch-rubicon-rnce89-black-smarub162\/#primaryimage\"},\"image\":{\"@id\":\"https:\/\/pauzza.pl\/produkt\/smartwatch-rubicon-rnce89-black-smarub162\/#primaryimage\"},\"thumbnailUrl\":\"https:\/\/pauzza.pl\/wp-content\/uploads\/2025\/11\/1_max-318.jpg\",\"datePublished\":\"2025-11-24T15:05:03+00:00\",\"dateModified\":\"2026-04-07T13:35:15+00:00\",\"breadcrumb\":{\"@id\":\"https:\/\/pauzza.pl\/produkt\/smartwatch-rubicon-rnce89-black-smarub162\/#breadcrumb\"},\"inLanguage\":\"uk\",\"potentialAction\":[{\"@type\":\"ReadAction\",\"target\":[\"https:\/\/pauzza.pl\/produkt\/smartwatch-rubicon-rnce89-black-smarub162\/\"]}]},{\"@type\":\"ImageObject\",\"inLanguage\":\"uk\",\"@id\":\"https:\/\/pauzza.pl\/produkt\/smartwatch-rubicon-rnce89-black-smarub162\/#primaryimage\",\"url\":\"https:\/\/pauzza.pl\/wp-content\/uploads\/2025\/11\/1_max-318.jpg\",\"contentUrl\":\"https:\/\/pauzza.pl\/wp-content\/uploads\/2025\/11\/1_max-318.jpg\",\"width\":791,\"height\":800},{\"@type\":\"BreadcrumbList\",\"@id\":\"https:\/\/pauzza.pl\/produkt\/smartwatch-rubicon-rnce89-black-smarub162\/#breadcrumb\",\"itemListElement\":[{\"@type\":\"ListItem\",\"position\":1,\"name\":\"Strona g\u0142\u00f3wna\",\"item\":\"https:\/\/pauzza.pl\/\"},{\"@type\":\"ListItem\",\"position\":2,\"name\":\"Sklep\",\"item\":\"https:\/\/pauzza.pl\/sklep\/\"},{\"@type\":\"ListItem\",\"position\":3,\"name\":\"Smartwatch Rubicon RNCE89 Black SMARUB162\"}]},{\"@type\":\"WebSite\",\"@id\":\"https:\/\/pauzza.pl\/#website\",\"url\":\"https:\/\/pauzza.pl\/\",\"name\":\"Sklep online z damsk\u0105 odzie\u017c\u0105 Pauzza: Damska odzie\u017c. Nowa Kolekcja\",\"description\":\"Je\u015bli chcesz zadba\u0107 o sw\u00f3j profesjonalny i pe\u0142en klasy wygl\u0105d w pracy butik online Pauzza, to strza\u0142 w dziesi\u0105tk\u0119! U nas znajdziesz szeroki wyb\u00f3r \u017cakiet\u00f3w, koszul, kurtek, sukienek, sp\u00f3dnic i wiele wiecej\",\"publisher\":{\"@id\":\"https:\/\/pauzza.pl\/#organization\"},\"potentialAction\":[{\"@type\":\"SearchAction\",\"target\":{\"@type\":\"EntryPoint\",\"urlTemplate\":\"https:\/\/pauzza.pl\/?s={search_term_string}\"},\"query-input\":{\"@type\":\"PropertyValueSpecification\",\"valueRequired\":true,\"valueName\":\"search_term_string\"}}],\"inLanguage\":\"uk\"},{\"@type\":\"Organization\",\"@id\":\"https:\/\/pauzza.pl\/#organization\",\"name\":\"Sklep online z damsk\u0105 odzie\u017c\u0105 Pauzza: Damska odzie\u017c. Nowa Kolekcja\",\"url\":\"https:\/\/pauzza.pl\/\",\"logo\":{\"@type\":\"ImageObject\",\"inLanguage\":\"uk\",\"@id\":\"https:\/\/pauzza.pl\/#\/schema\/logo\/image\/\",\"url\":\"https:\/\/pauzza.pl\/wp-content\/uploads\/2024\/01\/pauzzaw.png\",\"contentUrl\":\"https:\/\/pauzza.pl\/wp-content\/uploads\/2024\/01\/pauzzaw.png\",\"width\":350,\"height\":100,\"caption\":\"Sklep online z damsk\u0105 odzie\u017c\u0105 Pauzza: Damska odzie\u017c. Nowa Kolekcja\"},\"image\":{\"@id\":\"https:\/\/pauzza.pl\/#\/schema\/logo\/image\/\"}}]}<\/script>\n<!-- \/ Yoast SEO plugin. -->","yoast_head_json":{"title":"Smartwatch Rubicon RNCE89 Black SMARUB162","robots":{"index":"index","follow":"follow","max-snippet":"max-snippet:-1","max-image-preview":"max-image-preview:large","max-video-preview":"max-video-preview:-1"},"canonical":"https:\/\/pauzza.pl\/uk\/\u043f\u0440\u043e\u0434\u0443\u043a\u0442\/smartwatch-rubicon-rnce89-black-smarub162\/","og_locale":"uk_UA","og_type":"article","og_title":"Smartwatch Rubicon RNCE89 Black SMARUB162","og_description":"Smartwatch Rubicon RNCE89-6 Black Metal Czarno-Czarny \u00a0 Tw\u00f3j rytm. Tw\u00f3j czas. Tw\u00f3j Rubicon. \u00a0 Rano budzik, potem \u017cycie na pe\u0142nych obrotach. Kawa w biegu, powiadomienia lec\u0105 jedno po drugim, a Ty? Ju\u017c na starcie. W tym tempie nie masz czasu na p\u00f3\u0142\u015brodki \u2013 potrzebujesz sprz\u0119tu, kt\u00f3ry dotrzyma Ci kroku.\u00a0Poznaj smartwatch, kt\u00f3ry nie tylko wygl\u0105da \u2013 [&hellip;]","og_url":"https:\/\/pauzza.pl\/uk\/\u043f\u0440\u043e\u0434\u0443\u043a\u0442\/smartwatch-rubicon-rnce89-black-smarub162\/","og_site_name":"Sklep online z damsk\u0105 odzie\u017c\u0105 Pauzza: Damska odzie\u017c. Nowa Kolekcja","article_modified_time":"2026-04-07T13:35:15+00:00","og_image":[{"width":791,"height":800,"url":"https:\/\/pauzza.pl\/wp-content\/uploads\/2025\/11\/1_max-318.jpg","type":"image\/jpeg"}],"twitter_card":"summary_large_image","twitter_misc":{"\u041f\u0440\u0438\u0431\u043b. \u0447\u0430\u0441 \u0447\u0438\u0442\u0430\u043d\u043d\u044f":"2 \u0445\u0432\u0438\u043b\u0438\u043d\u0438"},"schema":{"@context":"https:\/\/schema.org","@graph":[{"@type":"WebPage","@id":"https:\/\/pauzza.pl\/produkt\/smartwatch-rubicon-rnce89-black-smarub162\/","url":"https:\/\/pauzza.pl\/produkt\/smartwatch-rubicon-rnce89-black-smarub162\/","name":"Smartwatch Rubicon RNCE89 Black SMARUB162","isPartOf":{"@id":"https:\/\/pauzza.pl\/#website"},"primaryImageOfPage":{"@id":"https:\/\/pauzza.pl\/produkt\/smartwatch-rubicon-rnce89-black-smarub162\/#primaryimage"},"image":{"@id":"https:\/\/pauzza.pl\/produkt\/smartwatch-rubicon-rnce89-black-smarub162\/#primaryimage"},"thumbnailUrl":"https:\/\/pauzza.pl\/wp-content\/uploads\/2025\/11\/1_max-318.jpg","datePublished":"2025-11-24T15:05:03+00:00","dateModified":"2026-04-07T13:35:15+00:00","breadcrumb":{"@id":"https:\/\/pauzza.pl\/produkt\/smartwatch-rubicon-rnce89-black-smarub162\/#breadcrumb"},"inLanguage":"uk","potentialAction":[{"@type":"ReadAction","target":["https:\/\/pauzza.pl\/produkt\/smartwatch-rubicon-rnce89-black-smarub162\/"]}]},{"@type":"ImageObject","inLanguage":"uk","@id":"https:\/\/pauzza.pl\/produkt\/smartwatch-rubicon-rnce89-black-smarub162\/#primaryimage","url":"https:\/\/pauzza.pl\/wp-content\/uploads\/2025\/11\/1_max-318.jpg","contentUrl":"https:\/\/pauzza.pl\/wp-content\/uploads\/2025\/11\/1_max-318.jpg","width":791,"height":800},{"@type":"BreadcrumbList","@id":"https:\/\/pauzza.pl\/produkt\/smartwatch-rubicon-rnce89-black-smarub162\/#breadcrumb","itemListElement":[{"@type":"ListItem","position":1,"name":"Strona g\u0142\u00f3wna","item":"https:\/\/pauzza.pl\/"},{"@type":"ListItem","position":2,"name":"Sklep","item":"https:\/\/pauzza.pl\/sklep\/"},{"@type":"ListItem","position":3,"name":"Smartwatch Rubicon RNCE89 Black SMARUB162"}]},{"@type":"WebSite","@id":"https:\/\/pauzza.pl\/#website","url":"https:\/\/pauzza.pl\/","name":"\u0406\u043d\u0442\u0435\u0440\u043d\u0435\u0442 \u043c\u0430\u0433\u0430\u0437\u0438\u043d \u0436\u0456\u043d\u043e\u0447\u043e\u0433\u043e \u043e\u0434\u044f\u0433\u0443 Pauzza: \u0416\u0456\u043d\u043e\u0447\u0438\u0439 \u043e\u0434\u044f\u0433. \u041d\u043e\u0432\u0430 \u043a\u043e\u043b\u0435\u043a\u0446\u0456\u044f","description":"\u042f\u043a\u0449\u043e \u0432\u0438 \u0445\u043e\u0447\u0435\u0442\u0435 \u043f\u043e\u0434\u0431\u0430\u0442\u0438 \u043f\u0440\u043e \u0441\u0432\u0456\u0439 \u043f\u0440\u043e\u0444\u0435\u0441\u0456\u0439\u043d\u0438\u0439 \u0442\u0430 \u0441\u0442\u0438\u043b\u044c\u043d\u0438\u0439 \u0432\u0438\u0433\u043b\u044f\u0434 \u043d\u0430 \u0440\u043e\u0431\u043e\u0442\u0456, \u043e\u043d\u043b\u0430\u0439\u043d-\u0431\u0443\u0442\u0456\u043a Pauzza - \u0446\u0435 \u0445\u0456\u0442! \u0422\u0443\u0442 \u0432\u0438 \u0437\u043d\u0430\u0439\u0434\u0435\u0442\u0435 \u0448\u0438\u0440\u043e\u043a\u0438\u0439 \u0432\u0438\u0431\u0456\u0440 \u043f\u0456\u0434\u0436\u0430\u043a\u0456\u0432, \u0441\u043e\u0440\u043e\u0447\u043e\u043a, \u0436\u0430\u043a\u0435\u0442\u0456\u0432, \u0441\u0443\u043a\u043e\u043d\u044c, \u0441\u043f\u0456\u0434\u043d\u0438\u0446\u044c \u0442\u0430 \u0431\u0430\u0433\u0430\u0442\u043e \u0456\u043d\u0448\u043e\u0433\u043e.","publisher":{"@id":"https:\/\/pauzza.pl\/#organization"},"potentialAction":[{"@type":"SearchAction","target":{"@type":"EntryPoint","urlTemplate":"https:\/\/pauzza.pl\/?s={search_term_string}"},"query-input":{"@type":"PropertyValueSpecification","valueRequired":true,"valueName":"search_term_string"}}],"inLanguage":"uk"},{"@type":"Organization","@id":"https:\/\/pauzza.pl\/#organization","name":"\u0406\u043d\u0442\u0435\u0440\u043d\u0435\u0442 \u043c\u0430\u0433\u0430\u0437\u0438\u043d \u0436\u0456\u043d\u043e\u0447\u043e\u0433\u043e \u043e\u0434\u044f\u0433\u0443 Pauzza: \u0416\u0456\u043d\u043e\u0447\u0438\u0439 \u043e\u0434\u044f\u0433. \u041d\u043e\u0432\u0430 \u043a\u043e\u043b\u0435\u043a\u0446\u0456\u044f","url":"https:\/\/pauzza.pl\/","logo":{"@type":"ImageObject","inLanguage":"uk","@id":"https:\/\/pauzza.pl\/#\/schema\/logo\/image\/","url":"https:\/\/pauzza.pl\/wp-content\/uploads\/2024\/01\/pauzzaw.png","contentUrl":"https:\/\/pauzza.pl\/wp-content\/uploads\/2024\/01\/pauzzaw.png","width":350,"height":100,"caption":"Sklep online z damsk\u0105 odzie\u017c\u0105 Pauzza: Damska odzie\u017c. Nowa Kolekcja"},"image":{"@id":"https:\/\/pauzza.pl\/#\/schema\/logo\/image\/"}}]}},"_links":{"self":[{"href":"https:\/\/pauzza.pl\/uk\/wp-json\/wp\/v2\/product\/982872","targetHints":{"allow":["GET"]}}],"collection":[{"href":"https:\/\/pauzza.pl\/uk\/wp-json\/wp\/v2\/product"}],"about":[{"href":"https:\/\/pauzza.pl\/uk\/wp-json\/wp\/v2\/types\/product"}],"wp:featuredmedia":[{"embeddable":true,"href":"https:\/\/pauzza.pl\/uk\/wp-json\/wp\/v2\/media\/982874"}],"wp:attachment":[{"href":"https:\/\/pauzza.pl\/uk\/wp-json\/wp\/v2\/media?parent=982872"}],"wp:term":[{"taxonomy":"product_brand","embeddable":true,"href":"https:\/\/pauzza.pl\/uk\/wp-json\/wp\/v2\/product_brand?post=982872"},{"taxonomy":"product_cat","embeddable":true,"href":"https:\/\/pauzza.pl\/uk\/wp-json\/wp\/v2\/product_cat?post=982872"},{"taxonomy":"product_tag","embeddable":true,"href":"https:\/\/pauzza.pl\/uk\/wp-json\/wp\/v2\/product_tag?post=982872"}],"curies":[{"name":"wp","href":"https:\/\/api.w.org\/{rel}","templated":true}]}}