{"id":978680,"date":"2025-11-24T15:00:17","date_gmt":"2025-11-24T14:00:17","guid":{"rendered":"https:\/\/pauzza.pl\/produkt\/teleskop-stalowy-do-paska-lub-bransolety-8-mm-tcdf8\/"},"modified":"2026-04-11T03:59:15","modified_gmt":"2026-04-11T01:59:15","slug":"teleskop-stalowy-do-paska-lub-bransolety-8-mm-tcdf8","status":"publish","type":"product","link":"https:\/\/pauzza.pl\/uk\/%d0%bf%d1%80%d0%be%d0%b4%d1%83%d0%ba%d1%82\/teleskop-stalowy-do-paska-lub-bransolety-8-mm-tcdf8\/","title":{"rendered":"Teleskop stalowy do paska lub bransolety 8 mm TCDF8"},"content":{"rendered":"<p class=\"def\">\u00a0<\/p>\n<p class=\"def\"><strong class=\"def\"><span class=\"def\" style=\"font-size: 12pt; font-family: verdana,geneva;\" _mce_style=\"font-size: 12pt; font-family: verdana,geneva;\"><span class=\"def\" style=\"font-size: 14pt;\" _mce_style=\"font-size: 14pt;\"><span class=\"def\" style=\"font-size: x-large;\" _mce_style=\"font-size: x-large;\">Teleskop stalowy do paska lub bransolety 8 mm TCDF8<\/span><br class=\"def\" \/> <\/span><\/span><\/strong><\/p>\n<p class=\"def\"><strong>Teleskop stalowy do zegarka lub smartwatcha<\/strong><\/p>\n<p class=\"def\">\u00a0<\/p>\n<p class=\"def\"><span class=\"def\" style=\"font-size: 11pt;\" _mce_style=\"font-size: medium;\"><strong class=\"def\">Opis:<\/strong><\/span><\/p>\n<ul style=\"list-style-type: disc;\">\n<li><span class=\"def\" style=\"background-color: transparent; font-size: 11pt;\"><span class=\"def\"><span class=\"def\" style=\"font-family: verdana, geneva;\"><strong>Model: <\/strong>CDF-150S<\/span><\/span><\/span><span class=\"def\" style=\"background-color: transparent; font-size: 11pt;\"><span class=\"def\"><span class=\"def\" style=\"font-family: verdana, geneva;\"><\/span><\/span><\/span><\/li>\n<li><span class=\"def\" style=\"background-color: transparent; font-size: 11pt;\"><span class=\"def\"><span class=\"def\" style=\"font-family: verdana, geneva;\"><strong><strong class=\"def\">Materia\u0142<\/strong>: <\/strong>stal nierdzewna<\/span><\/span><\/span><\/li>\n<li><span class=\"def\" style=\"background-color: transparent; font-size: 11pt;\"><span class=\"def\"><span class=\"def\" style=\"font-family: verdana, geneva;\"><strong><strong class=\"def\">Przeznaczenie: <\/strong><\/strong>do pask\u00f3w i bransolet<\/span><\/span><\/span><\/li>\n<\/ul>\n<p class=\"def\">\u00a0<\/p>\n<p class=\"def\"><span class=\"def\" style=\"font-size: 11pt;\" _mce_style=\"font-size: medium;\"><strong class=\"def\">Wymiary w mm:<\/strong><\/span><\/p>\n<ul style=\"list-style-type: disc;\">\n<li><span class=\"def\" style=\"background-color: transparent; font-size: 11pt;\"><span class=\"def\"><span class=\"def\" style=\"font-family: verdana, geneva;\"><span class=\"def\"><strong>\u0417\u0430\u0433\u0430\u043b\u044c\u043d\u0430 \u0434\u043e\u0432\u0436\u0438\u043d\u0430<\/strong>: 10<\/span><\/span><\/span><\/span><span class=\"def\" style=\"background-color: transparent; font-size: 11pt;\"><span class=\"def\"><span class=\"def\" style=\"font-family: verdana, geneva;\"><span class=\"def\"><\/span><\/span><\/span><\/span><\/li>\n<li><strong><span class=\"def\" style=\"background-color: transparent; font-size: 11pt;\"><span class=\"def\"><span class=\"def\" style=\"font-family: verdana, geneva;\"><span class=\"def\">Szeroko\u015b\u0107 paska\/bransolety: <\/span><\/span><\/span><\/span><\/strong><span class=\"def\" style=\"background-color: transparent; font-size: 11pt;\"><span class=\"def\"><span class=\"def\" style=\"font-family: verdana, geneva;\"><span class=\"def\">8<\/span><\/span><\/span><\/span><span class=\"def\" style=\"background-color: transparent; font-size: 11pt;\"><span class=\"def\"><span class=\"def\" style=\"font-family: verdana, geneva;\"><span class=\"def\"><\/span><\/span><\/span><\/span><\/li>\n<li><span class=\"def\" style=\"background-color: transparent; font-size: 11pt;\"><span class=\"def\"><span class=\"def\" style=\"font-family: verdana, geneva;\"><span class=\"def\"><strong class=\"def\">Grubo\u015b\u0107<\/strong>: 1,5<br class=\"def\" \/> <\/span><\/span><\/span><\/span><\/li>\n<\/ul>\n<p>\u00a0<\/p>","protected":false},"excerpt":{"rendered":"<p>\u00a0 Teleskop stalowy do paska lub bransolety 8 mm TCDF8 Teleskop stalowy do zegarka lub smartwatcha \u00a0 Opis: Model: CDF-150S Materia\u0142: stal nierdzewna Przeznaczenie: do pask\u00f3w i bransolet \u00a0 Wymiary w mm: D\u0142ugo\u015b\u0107 ca\u0142kowita: 10 Szeroko\u015b\u0107 paska\/bransolety: 8 Grubo\u015b\u0107: 1,5 \u00a0<\/p>","protected":false},"featured_media":978682,"template":"","meta":{"_acf_changed":false},"product_brand":[],"product_cat":[4834,4912],"product_tag":[],"class_list":{"0":"post-978680","1":"product","2":"type-product","3":"status-publish","4":"has-post-thumbnail","6":"product_cat-akcesoria","7":"product_cat-teleskopy","9":"first","10":"instock","11":"taxable","12":"shipping-taxable","13":"purchasable","14":"product-type-simple"},"acf":[],"yoast_head":"<!-- This site is optimized with the Yoast SEO plugin v27.2 - https:\/\/yoast.com\/product\/yoast-seo-wordpress\/ -->\n<title>Teleskop stalowy do paska lub bransolety 8 mm TCDF8<\/title>\n<meta name=\"robots\" content=\"index, follow, max-snippet:-1, max-image-preview:large, max-video-preview:-1\" \/>\n<link rel=\"canonical\" href=\"https:\/\/pauzza.pl\/uk\/\u043f\u0440\u043e\u0434\u0443\u043a\u0442\/teleskop-stalowy-do-paska-lub-bransolety-8-mm-tcdf8\/\" \/>\n<meta property=\"og:locale\" content=\"uk_UA\" \/>\n<meta property=\"og:type\" content=\"article\" \/>\n<meta property=\"og:title\" content=\"Teleskop stalowy do paska lub bransolety 8 mm TCDF8\" \/>\n<meta property=\"og:description\" content=\"\u00a0 Teleskop stalowy do paska lub bransolety 8 mm TCDF8 Teleskop stalowy do zegarka lub smartwatcha \u00a0 Opis: Model: CDF-150S Materia\u0142: stal nierdzewna Przeznaczenie: do pask\u00f3w i bransolet \u00a0 Wymiary w mm: D\u0142ugo\u015b\u0107 ca\u0142kowita: 10 Szeroko\u015b\u0107 paska\/bransolety: 8 Grubo\u015b\u0107: 1,5 \u00a0\" \/>\n<meta property=\"og:url\" content=\"https:\/\/pauzza.pl\/uk\/\u043f\u0440\u043e\u0434\u0443\u043a\u0442\/teleskop-stalowy-do-paska-lub-bransolety-8-mm-tcdf8\/\" \/>\n<meta property=\"og:site_name\" content=\"Sklep online z damsk\u0105 odzie\u017c\u0105 Pauzza: Damska odzie\u017c. Nowa Kolekcja\" \/>\n<meta property=\"article:modified_time\" content=\"2026-04-11T01:59:15+00:00\" \/>\n<meta property=\"og:image\" content=\"https:\/\/pauzza.pl\/wp-content\/uploads\/2025\/11\/1_max-232.jpg\" \/>\n\t<meta property=\"og:image:width\" content=\"1030\" \/>\n\t<meta property=\"og:image:height\" content=\"686\" \/>\n\t<meta property=\"og:image:type\" content=\"image\/jpeg\" \/>\n<meta name=\"twitter:card\" content=\"summary_large_image\" \/>\n<script type=\"application\/ld+json\" class=\"yoast-schema-graph\">{\"@context\":\"https:\/\/schema.org\",\"@graph\":[{\"@type\":\"WebPage\",\"@id\":\"https:\/\/pauzza.pl\/produkt\/teleskop-stalowy-do-paska-lub-bransolety-8-mm-tcdf8\/\",\"url\":\"https:\/\/pauzza.pl\/produkt\/teleskop-stalowy-do-paska-lub-bransolety-8-mm-tcdf8\/\",\"name\":\"Teleskop stalowy do paska lub bransolety 8 mm TCDF8\",\"isPartOf\":{\"@id\":\"https:\/\/pauzza.pl\/#website\"},\"primaryImageOfPage\":{\"@id\":\"https:\/\/pauzza.pl\/produkt\/teleskop-stalowy-do-paska-lub-bransolety-8-mm-tcdf8\/#primaryimage\"},\"image\":{\"@id\":\"https:\/\/pauzza.pl\/produkt\/teleskop-stalowy-do-paska-lub-bransolety-8-mm-tcdf8\/#primaryimage\"},\"thumbnailUrl\":\"https:\/\/pauzza.pl\/wp-content\/uploads\/2025\/11\/1_max-232.jpg\",\"datePublished\":\"2025-11-24T14:00:17+00:00\",\"dateModified\":\"2026-04-11T01:59:15+00:00\",\"breadcrumb\":{\"@id\":\"https:\/\/pauzza.pl\/produkt\/teleskop-stalowy-do-paska-lub-bransolety-8-mm-tcdf8\/#breadcrumb\"},\"inLanguage\":\"uk\",\"potentialAction\":[{\"@type\":\"ReadAction\",\"target\":[\"https:\/\/pauzza.pl\/produkt\/teleskop-stalowy-do-paska-lub-bransolety-8-mm-tcdf8\/\"]}]},{\"@type\":\"ImageObject\",\"inLanguage\":\"uk\",\"@id\":\"https:\/\/pauzza.pl\/produkt\/teleskop-stalowy-do-paska-lub-bransolety-8-mm-tcdf8\/#primaryimage\",\"url\":\"https:\/\/pauzza.pl\/wp-content\/uploads\/2025\/11\/1_max-232.jpg\",\"contentUrl\":\"https:\/\/pauzza.pl\/wp-content\/uploads\/2025\/11\/1_max-232.jpg\",\"width\":1030,\"height\":686},{\"@type\":\"BreadcrumbList\",\"@id\":\"https:\/\/pauzza.pl\/produkt\/teleskop-stalowy-do-paska-lub-bransolety-8-mm-tcdf8\/#breadcrumb\",\"itemListElement\":[{\"@type\":\"ListItem\",\"position\":1,\"name\":\"Strona g\u0142\u00f3wna\",\"item\":\"https:\/\/pauzza.pl\/\"},{\"@type\":\"ListItem\",\"position\":2,\"name\":\"Sklep\",\"item\":\"https:\/\/pauzza.pl\/sklep\/\"},{\"@type\":\"ListItem\",\"position\":3,\"name\":\"Teleskop stalowy do paska lub bransolety 8 mm TCDF8\"}]},{\"@type\":\"WebSite\",\"@id\":\"https:\/\/pauzza.pl\/#website\",\"url\":\"https:\/\/pauzza.pl\/\",\"name\":\"Sklep online z damsk\u0105 odzie\u017c\u0105 Pauzza: Damska odzie\u017c. Nowa Kolekcja\",\"description\":\"Je\u015bli chcesz zadba\u0107 o sw\u00f3j profesjonalny i pe\u0142en klasy wygl\u0105d w pracy butik online Pauzza, to strza\u0142 w dziesi\u0105tk\u0119! U nas znajdziesz szeroki wyb\u00f3r \u017cakiet\u00f3w, koszul, kurtek, sukienek, sp\u00f3dnic i wiele wiecej\",\"publisher\":{\"@id\":\"https:\/\/pauzza.pl\/#organization\"},\"potentialAction\":[{\"@type\":\"SearchAction\",\"target\":{\"@type\":\"EntryPoint\",\"urlTemplate\":\"https:\/\/pauzza.pl\/?s={search_term_string}\"},\"query-input\":{\"@type\":\"PropertyValueSpecification\",\"valueRequired\":true,\"valueName\":\"search_term_string\"}}],\"inLanguage\":\"uk\"},{\"@type\":\"Organization\",\"@id\":\"https:\/\/pauzza.pl\/#organization\",\"name\":\"Sklep online z damsk\u0105 odzie\u017c\u0105 Pauzza: Damska odzie\u017c. Nowa Kolekcja\",\"url\":\"https:\/\/pauzza.pl\/\",\"logo\":{\"@type\":\"ImageObject\",\"inLanguage\":\"uk\",\"@id\":\"https:\/\/pauzza.pl\/#\/schema\/logo\/image\/\",\"url\":\"https:\/\/pauzza.pl\/wp-content\/uploads\/2024\/01\/pauzzaw.png\",\"contentUrl\":\"https:\/\/pauzza.pl\/wp-content\/uploads\/2024\/01\/pauzzaw.png\",\"width\":350,\"height\":100,\"caption\":\"Sklep online z damsk\u0105 odzie\u017c\u0105 Pauzza: Damska odzie\u017c. Nowa Kolekcja\"},\"image\":{\"@id\":\"https:\/\/pauzza.pl\/#\/schema\/logo\/image\/\"}}]}<\/script>\n<!-- \/ Yoast SEO plugin. -->","yoast_head_json":{"title":"Teleskop stalowy do paska lub bransolety 8 mm TCDF8","robots":{"index":"index","follow":"follow","max-snippet":"max-snippet:-1","max-image-preview":"max-image-preview:large","max-video-preview":"max-video-preview:-1"},"canonical":"https:\/\/pauzza.pl\/uk\/\u043f\u0440\u043e\u0434\u0443\u043a\u0442\/teleskop-stalowy-do-paska-lub-bransolety-8-mm-tcdf8\/","og_locale":"uk_UA","og_type":"article","og_title":"Teleskop stalowy do paska lub bransolety 8 mm TCDF8","og_description":"\u00a0 Teleskop stalowy do paska lub bransolety 8 mm TCDF8 Teleskop stalowy do zegarka lub smartwatcha \u00a0 Opis: Model: CDF-150S Materia\u0142: stal nierdzewna Przeznaczenie: do pask\u00f3w i bransolet \u00a0 Wymiary w mm: D\u0142ugo\u015b\u0107 ca\u0142kowita: 10 Szeroko\u015b\u0107 paska\/bransolety: 8 Grubo\u015b\u0107: 1,5 \u00a0","og_url":"https:\/\/pauzza.pl\/uk\/\u043f\u0440\u043e\u0434\u0443\u043a\u0442\/teleskop-stalowy-do-paska-lub-bransolety-8-mm-tcdf8\/","og_site_name":"Sklep online z damsk\u0105 odzie\u017c\u0105 Pauzza: Damska odzie\u017c. Nowa Kolekcja","article_modified_time":"2026-04-11T01:59:15+00:00","og_image":[{"width":1030,"height":686,"url":"https:\/\/pauzza.pl\/wp-content\/uploads\/2025\/11\/1_max-232.jpg","type":"image\/jpeg"}],"twitter_card":"summary_large_image","schema":{"@context":"https:\/\/schema.org","@graph":[{"@type":"WebPage","@id":"https:\/\/pauzza.pl\/produkt\/teleskop-stalowy-do-paska-lub-bransolety-8-mm-tcdf8\/","url":"https:\/\/pauzza.pl\/produkt\/teleskop-stalowy-do-paska-lub-bransolety-8-mm-tcdf8\/","name":"Teleskop stalowy do paska lub bransolety 8 mm TCDF8","isPartOf":{"@id":"https:\/\/pauzza.pl\/#website"},"primaryImageOfPage":{"@id":"https:\/\/pauzza.pl\/produkt\/teleskop-stalowy-do-paska-lub-bransolety-8-mm-tcdf8\/#primaryimage"},"image":{"@id":"https:\/\/pauzza.pl\/produkt\/teleskop-stalowy-do-paska-lub-bransolety-8-mm-tcdf8\/#primaryimage"},"thumbnailUrl":"https:\/\/pauzza.pl\/wp-content\/uploads\/2025\/11\/1_max-232.jpg","datePublished":"2025-11-24T14:00:17+00:00","dateModified":"2026-04-11T01:59:15+00:00","breadcrumb":{"@id":"https:\/\/pauzza.pl\/produkt\/teleskop-stalowy-do-paska-lub-bransolety-8-mm-tcdf8\/#breadcrumb"},"inLanguage":"uk","potentialAction":[{"@type":"ReadAction","target":["https:\/\/pauzza.pl\/produkt\/teleskop-stalowy-do-paska-lub-bransolety-8-mm-tcdf8\/"]}]},{"@type":"ImageObject","inLanguage":"uk","@id":"https:\/\/pauzza.pl\/produkt\/teleskop-stalowy-do-paska-lub-bransolety-8-mm-tcdf8\/#primaryimage","url":"https:\/\/pauzza.pl\/wp-content\/uploads\/2025\/11\/1_max-232.jpg","contentUrl":"https:\/\/pauzza.pl\/wp-content\/uploads\/2025\/11\/1_max-232.jpg","width":1030,"height":686},{"@type":"BreadcrumbList","@id":"https:\/\/pauzza.pl\/produkt\/teleskop-stalowy-do-paska-lub-bransolety-8-mm-tcdf8\/#breadcrumb","itemListElement":[{"@type":"ListItem","position":1,"name":"Strona g\u0142\u00f3wna","item":"https:\/\/pauzza.pl\/"},{"@type":"ListItem","position":2,"name":"Sklep","item":"https:\/\/pauzza.pl\/sklep\/"},{"@type":"ListItem","position":3,"name":"Teleskop stalowy do paska lub bransolety 8 mm TCDF8"}]},{"@type":"WebSite","@id":"https:\/\/pauzza.pl\/#website","url":"https:\/\/pauzza.pl\/","name":"\u0406\u043d\u0442\u0435\u0440\u043d\u0435\u0442 \u043c\u0430\u0433\u0430\u0437\u0438\u043d \u0436\u0456\u043d\u043e\u0447\u043e\u0433\u043e \u043e\u0434\u044f\u0433\u0443 Pauzza: \u0416\u0456\u043d\u043e\u0447\u0438\u0439 \u043e\u0434\u044f\u0433. \u041d\u043e\u0432\u0430 \u043a\u043e\u043b\u0435\u043a\u0446\u0456\u044f","description":"\u042f\u043a\u0449\u043e \u0432\u0438 \u0445\u043e\u0447\u0435\u0442\u0435 \u043f\u043e\u0434\u0431\u0430\u0442\u0438 \u043f\u0440\u043e \u0441\u0432\u0456\u0439 \u043f\u0440\u043e\u0444\u0435\u0441\u0456\u0439\u043d\u0438\u0439 \u0442\u0430 \u0441\u0442\u0438\u043b\u044c\u043d\u0438\u0439 \u0432\u0438\u0433\u043b\u044f\u0434 \u043d\u0430 \u0440\u043e\u0431\u043e\u0442\u0456, \u043e\u043d\u043b\u0430\u0439\u043d-\u0431\u0443\u0442\u0456\u043a Pauzza - \u0446\u0435 \u0445\u0456\u0442! \u0422\u0443\u0442 \u0432\u0438 \u0437\u043d\u0430\u0439\u0434\u0435\u0442\u0435 \u0448\u0438\u0440\u043e\u043a\u0438\u0439 \u0432\u0438\u0431\u0456\u0440 \u043f\u0456\u0434\u0436\u0430\u043a\u0456\u0432, \u0441\u043e\u0440\u043e\u0447\u043e\u043a, \u0436\u0430\u043a\u0435\u0442\u0456\u0432, \u0441\u0443\u043a\u043e\u043d\u044c, \u0441\u043f\u0456\u0434\u043d\u0438\u0446\u044c \u0442\u0430 \u0431\u0430\u0433\u0430\u0442\u043e \u0456\u043d\u0448\u043e\u0433\u043e.","publisher":{"@id":"https:\/\/pauzza.pl\/#organization"},"potentialAction":[{"@type":"SearchAction","target":{"@type":"EntryPoint","urlTemplate":"https:\/\/pauzza.pl\/?s={search_term_string}"},"query-input":{"@type":"PropertyValueSpecification","valueRequired":true,"valueName":"search_term_string"}}],"inLanguage":"uk"},{"@type":"Organization","@id":"https:\/\/pauzza.pl\/#organization","name":"\u0406\u043d\u0442\u0435\u0440\u043d\u0435\u0442 \u043c\u0430\u0433\u0430\u0437\u0438\u043d \u0436\u0456\u043d\u043e\u0447\u043e\u0433\u043e \u043e\u0434\u044f\u0433\u0443 Pauzza: \u0416\u0456\u043d\u043e\u0447\u0438\u0439 \u043e\u0434\u044f\u0433. \u041d\u043e\u0432\u0430 \u043a\u043e\u043b\u0435\u043a\u0446\u0456\u044f","url":"https:\/\/pauzza.pl\/","logo":{"@type":"ImageObject","inLanguage":"uk","@id":"https:\/\/pauzza.pl\/#\/schema\/logo\/image\/","url":"https:\/\/pauzza.pl\/wp-content\/uploads\/2024\/01\/pauzzaw.png","contentUrl":"https:\/\/pauzza.pl\/wp-content\/uploads\/2024\/01\/pauzzaw.png","width":350,"height":100,"caption":"Sklep online z damsk\u0105 odzie\u017c\u0105 Pauzza: Damska odzie\u017c. Nowa Kolekcja"},"image":{"@id":"https:\/\/pauzza.pl\/#\/schema\/logo\/image\/"}}]}},"_links":{"self":[{"href":"https:\/\/pauzza.pl\/uk\/wp-json\/wp\/v2\/product\/978680","targetHints":{"allow":["GET"]}}],"collection":[{"href":"https:\/\/pauzza.pl\/uk\/wp-json\/wp\/v2\/product"}],"about":[{"href":"https:\/\/pauzza.pl\/uk\/wp-json\/wp\/v2\/types\/product"}],"wp:featuredmedia":[{"embeddable":true,"href":"https:\/\/pauzza.pl\/uk\/wp-json\/wp\/v2\/media\/978682"}],"wp:attachment":[{"href":"https:\/\/pauzza.pl\/uk\/wp-json\/wp\/v2\/media?parent=978680"}],"wp:term":[{"taxonomy":"product_brand","embeddable":true,"href":"https:\/\/pauzza.pl\/uk\/wp-json\/wp\/v2\/product_brand?post=978680"},{"taxonomy":"product_cat","embeddable":true,"href":"https:\/\/pauzza.pl\/uk\/wp-json\/wp\/v2\/product_cat?post=978680"},{"taxonomy":"product_tag","embeddable":true,"href":"https:\/\/pauzza.pl\/uk\/wp-json\/wp\/v2\/product_tag?post=978680"}],"curies":[{"name":"wp","href":"https:\/\/api.w.org\/{rel}","templated":true}]}}