{"id":978600,"date":"2025-11-24T14:59:46","date_gmt":"2025-11-24T13:59:46","guid":{"rendered":"https:\/\/pauzza.pl\/produkt\/zegarek-damski-g-rossi-8154b-4d1\/"},"modified":"2026-04-07T21:37:59","modified_gmt":"2026-04-07T19:37:59","slug":"zegarek-damski-g-rossi-8154b-4d1","status":"publish","type":"product","link":"https:\/\/pauzza.pl\/uk\/%d0%bf%d1%80%d0%be%d0%b4%d1%83%d0%ba%d1%82\/zegarek-damski-g-rossi-8154b-4d1\/","title":{"rendered":"Zegarek Damski G.Rossi 8154B-4D1"},"content":{"rendered":"<p class=\"def\">\u00a0<\/p>\n<p class=\"def\"><strong class=\"def\"><span class=\"def\" style=\"font-size: 12pt; font-family: verdana,geneva;\" _mce_style=\"font-size: 12pt; font-family: verdana,geneva;\"><span class=\"def\" style=\"font-size: 14pt;\" _mce_style=\"font-size: 14pt;\"><span class=\"def\" style=\"font-size: x-large;\" _mce_style=\"font-size: x-large;\">Zegarek Damski G.Rossi 8154B-4D1<\/span><br class=\"def\"><\/span><\/span><\/strong><\/p>\n<p class=\"def\"><strong class=\"def\"><span class=\"def\" style=\"font-size: 12pt; font-family: verdana,geneva;\" _mce_style=\"font-size: 12pt; font-family: verdana,geneva;\"><span class=\"def\" style=\"font-size: 10pt;\" _mce_style=\"font-size: 10pt;\">Oficjalna Polska dystrybucja &#8211; produkt oryginalny <\/span><\/span><\/strong><\/p>\n<p class=\"def\"><span class=\"def\" style=\"font-size: 12pt; font-family: verdana,geneva;\" _mce_style=\"font-size: 12pt; font-family: verdana,geneva;\"><span class=\"def\" style=\"font-size: 10pt;\" _mce_style=\"font-size: 10pt;\">\u00a0<\/span><\/span><\/p>\n<p class=\"def\">\u00a0<\/p>\n<ul style=\"list-style-type: disc;\">\n<li><span style=\"font-size: 11pt;\"><span class=\"def\" style=\"font-family: verdana, geneva;\" _mce_style=\"font-size: 10pt; font-family: verdana,geneva;\"><span class=\"def\" style=\"font-family: verdana,geneva;\" _mce_style=\"font-family: verdana,geneva;\"><b>Marka<\/b>: G.Rossi<\/span><\/span><span class=\"def\" style=\"font-family: verdana, geneva;\" _mce_style=\"font-size: 10pt; font-family: verdana,geneva;\"><span class=\"def\" style=\"font-family: verdana,geneva;\" _mce_style=\"font-family: verdana,geneva;\"><br class=\"def\"><\/span><\/span><\/span><\/li>\n<li><span class=\"def\" style=\"font-size: 11pt; font-family: verdana, geneva;\" _mce_style=\"font-size: 10pt; font-family: verdana,geneva;\"><strong class=\"def\">Mechanizm<\/strong>: Kwarcowy MIYOTA Citizen Japan<br class=\"def\"><\/span><\/li>\n<li><span class=\"def\" style=\"font-size: 11pt; font-family: verdana, geneva;\" _mce_style=\"font-size: 10pt; font-family: verdana,geneva;\"><span class=\"def\" style=\"font-family: verdana,geneva;\" _mce_style=\"font-family: verdana,geneva;\"><strong class=\"def\">Tarcza<\/strong>: Analogowa<br class=\"def\"><\/span><\/span><\/li>\n<li><span style=\"font-size: 11pt;\"><span class=\"def\" style=\"font-family: verdana, geneva;\" _mce_style=\"font-size: 10pt; font-family: verdana,geneva;\"><span class=\"def\" style=\"font-family: verdana,geneva;\" _mce_style=\"font-family: verdana,geneva;\"><strong class=\"def\">Koperta<\/strong>: Wysokogatunkowa stal pokryta specjaln\u0105 pow\u0142ok\u0105 PLATING o podwy\u017cszonej odporno\u015bci na \u015bcieranie <\/span><\/span><span class=\"def\" _mce_style=\"font-size: 10pt;\"><span class=\"def\" style=\"font-family: verdana,geneva;\" _mce_style=\"font-family: verdana,geneva;\"><br class=\"def\"><\/span><\/span><\/span><\/li>\n<li><span class=\"def\" style=\"font-size: 11pt; font-family: verdana, geneva;\" _mce_style=\"font-size: 10pt; font-family: verdana,geneva;\"><strong class=\"def\">Szkie\u0142ko<\/strong>: Mineralne o podwy\u017cszonej odporno\u015bci na zarysowania i przypadkowe uderzenia.<br class=\"def\"><\/span><\/li>\n<li><span style=\"font-size: 11pt;\"><span class=\"def\" style=\"font-family: verdana, geneva;\" _mce_style=\"font-size: 13.3333px; font-family: verdana, geneva;\"><b>Bransoleta<\/b>: <\/span><span class=\"def\" style=\"font-family: verdana, geneva;\" _mce_style=\"font-size: 13.3333px; font-family: verdana, geneva;\"><span class=\"def\" style=\"font-family: verdana, geneva;\" _mce_style=\"font-size: 13.3333px; font-family: verdana, geneva;\">Stal szlachetna<\/span><\/span><span class=\"def\" style=\"font-family: verdana, geneva;\" _mce_style=\"font-size: 13.3333px; font-family: verdana, geneva;\"><span class=\"def\" style=\"font-family: verdana, geneva;\" _mce_style=\"font-size: 13.3333px; font-family: verdana, geneva;\">, siatka, <\/span><span class=\"def\" style=\"font-family: verdana, geneva;\" _mce_style=\"font-size: 13.3333px; font-family: verdana, geneva;\"><span class=\"def\" _mce_style=\"font-size: small;\">zapi\u0119cie z dodatkowym zabezpieczaniem przed odpinaniem<\/span><\/span><\/span><\/span><span style=\"font-size: 11pt;\"><span class=\"def\" style=\"font-family: verdana, geneva;\" _mce_style=\"font-size: 13.3333px; font-family: verdana, geneva;\"><span class=\"def\" style=\"font-family: verdana, geneva;\" _mce_style=\"font-size: 13.3333px; font-family: verdana, geneva;\"><span class=\"def\" _mce_style=\"font-size: small;\"><br \/><\/span><\/span><\/span><\/span><\/li>\n<li><span class=\"def\" style=\"font-size: 11pt;\" _mce_style=\"font-size: 10pt;\"><span class=\"def\" style=\"font-family: verdana,geneva;\" _mce_style=\"font-family: verdana,geneva;\"><strong class=\"def\">Wodoszczelno\u015b\u0107<\/strong>: 3 BAR<\/span><span class=\"def\" style=\"font-family: verdana,geneva;\" _mce_style=\"font-family: verdana,geneva;\"><br class=\"def\"><\/span><\/span><\/li>\n<li><span class=\"def\" style=\"font-size: 11pt; font-family: verdana, geneva;\" _mce_style=\"font-size: 10pt; font-family: verdana,geneva;\"><strong class=\"def\">Technologia PLATING<\/strong>\u00a0&#8211; Nowatorska jonowa metoda napylania pow\u0142oki zegarka, pozwalaj\u0105ca uzyska\u0107 jednolit\u0105, g\u0142adk\u0105 powierzchni\u0119 o podwy\u017cszon\u0105 odporno\u015b\u0107 na \u015bcieranie<\/span><\/li>\n<li><span class=\"def\" style=\"font-size: 11pt; font-family: verdana, geneva;\" _mce_style=\"font-size: 10pt; font-family: verdana,geneva;\"><strong class=\"def\">Antyalergiczny<\/strong>: Tak &#8211; nie zawiera niklu<\/span><\/li>\n<\/ul>\n<p class=\"def\">\u00a0<\/p>\n<p class=\"def\">\u00a0<\/p>\n<p class=\"def\"><span class=\"def\" style=\"font-size: 11pt;\" _mce_style=\"font-size: medium;\"><strong class=\"def\">Wymiary w mm:<\/strong><\/span><\/p>\n<ul style=\"list-style-type: disc;\">\n<li><span class=\"def\" style=\"background-color: transparent; font-size: 11pt;\"><span class=\"def\"><span class=\"def\" style=\"font-family: verdana, geneva;\"><span class=\"def\"><strong class=\"def\">Koperta<\/strong>: 29<br class=\"def\"><\/span><\/span><\/span><\/span><\/li>\n<li><span class=\"def\" style=\"background-color: transparent; font-size: 11pt;\"><span class=\"def\"><span class=\"def\" style=\"font-family: verdana, geneva;\"><span class=\"def\"><strong class=\"def\">Tarcza<\/strong>: 26<br class=\"def\"><\/span><\/span><\/span><\/span><\/li>\n<li><span class=\"def\" style=\"background-color: transparent; font-size: 11pt;\"><span class=\"def\"><span class=\"def\" style=\"font-family: verdana, geneva;\"><span class=\"def\"><strong class=\"def\">Grubo\u015b\u0107<\/strong>: 9,9<br class=\"def\"><\/span><\/span><\/span><\/span><\/li>\n<li><span class=\"def\" style=\"background-color: transparent; font-size: 11pt;\"><span class=\"def\"><span class=\"def\" style=\"font-family: verdana, geneva;\"><span class=\"def\"><strong class=\"def\">Bransoleta<\/strong>: 10<br class=\"def\"><\/span><\/span><\/span><\/span><\/li>\n<li><span class=\"def\" style=\"background-color: transparent; font-size: 11pt;\"><span class=\"def\"><span class=\"def\" style=\"font-family: verdana, geneva;\"><span class=\"def\"><strong class=\"def\">Obw\u00f3d<\/strong>: max. 205<\/span><\/span><\/span><\/span><\/li>\n<\/ul>\n<p class=\"def\">\u00a0<\/p>\n<p class=\"def\"><span class=\"def\" style=\"font-size: 11pt;\" _mce_style=\"font-size: medium;\"><strong class=\"def\">Kolorystyka:<\/strong><\/span><\/p>\n<ul style=\"list-style-type: disc;\">\n<li><span class=\"def\" style=\"background-color: transparent; font-size: 11pt;\"><span class=\"def\"><span class=\"def\" style=\"font-family: verdana, geneva;\"><span class=\"def\"><strong class=\"def\">Koperta<\/strong>: z\u0142ota<br class=\"def\"><\/span><\/span><\/span><\/span><\/li>\n<li><span style=\"font-size: 11pt;\"><span class=\"def\" style=\"background-color: transparent;\"><span class=\"def\"><span class=\"def\" style=\"font-family: verdana, geneva;\"><span class=\"def\"><strong class=\"def\">Tarcza<\/strong>: z\u0142ota<\/span><\/span><\/span><\/span><span class=\"def\" style=\"background-color: transparent;\"><span class=\"def\"><span class=\"def\" style=\"font-family: verdana, geneva;\"><span class=\"def\"><br class=\"def\"><\/span><\/span><\/span><\/span><\/span><\/li>\n<li><span class=\"def\" style=\"background-color: transparent; font-size: 11pt;\"><span class=\"def\"><span class=\"def\" style=\"font-family: verdana, geneva;\"><span class=\"def\"><strong class=\"def\">Indeksy<\/strong>: czarne<br class=\"def\"><\/span><\/span><\/span><\/span><\/li>\n<li><span style=\"font-size: 11pt;\"><span class=\"def\" style=\"background-color: transparent;\"><span class=\"def\"><span class=\"def\" style=\"font-family: verdana, geneva;\"><span class=\"def\"><strong class=\"def\">Wskaz\u00f3wki<\/strong>: z\u0142ote<\/span><\/span><\/span><\/span><\/span><span style=\"font-size: 11pt;\"><span class=\"def\" style=\"background-color: transparent;\"><span class=\"def\"><span class=\"def\" style=\"font-family: verdana, geneva;\"><span class=\"def\"><br \/><\/span><\/span><\/span><\/span><\/span><\/li>\n<li><span class=\"def\" style=\"background-color: transparent;\"><span class=\"def\" style=\"font-size: 10pt;\"><span class=\"def\" style=\"font-family: verdana, geneva;\"><span class=\"def\"><span style=\"font-size: 11pt;\"><strong class=\"def\">Bransoleta<\/strong>: z\u0142ota<\/span><br class=\"def\"><\/span><\/span><\/span><\/span><\/li>\n<\/ul>","protected":false},"excerpt":{"rendered":"<p>\u00a0 Zegarek Damski G.Rossi 8154B-4D1 Oficjalna Polska dystrybucja &#8211; produkt oryginalny \u00a0 \u00a0 Marka: G.Rossi Mechanizm: Kwarcowy MIYOTA Citizen Japan Tarcza: Analogowa Koperta: Wysokogatunkowa stal pokryta specjaln\u0105 pow\u0142ok\u0105 PLATING o podwy\u017cszonej odporno\u015bci na \u015bcieranie Szkie\u0142ko: Mineralne o podwy\u017cszonej odporno\u015bci na zarysowania i przypadkowe uderzenia. Bransoleta: Stal szlachetna, siatka, zapi\u0119cie z dodatkowym zabezpieczaniem przed odpinaniem Wodoszczelno\u015b\u0107: [&hellip;]<\/p>","protected":false},"featured_media":978602,"template":"","meta":{"_acf_changed":false},"product_brand":[],"product_cat":[4846,4863,4835],"product_tag":[],"class_list":{"0":"post-978600","1":"product","2":"type-product","3":"status-publish","4":"has-post-thumbnail","6":"product_cat-g-rossi","7":"product_cat-na-bransolecie-g-rossi","8":"product_cat-smartwatch","10":"first","11":"instock","12":"taxable","13":"shipping-taxable","14":"purchasable","15":"product-type-simple"},"acf":[],"yoast_head":"<!-- This site is optimized with the Yoast SEO plugin v27.2 - https:\/\/yoast.com\/product\/yoast-seo-wordpress\/ -->\n<title>Zegarek Damski G.Rossi 8154B-4D1<\/title>\n<meta name=\"robots\" content=\"index, follow, max-snippet:-1, max-image-preview:large, max-video-preview:-1\" \/>\n<link rel=\"canonical\" href=\"https:\/\/pauzza.pl\/uk\/\u043f\u0440\u043e\u0434\u0443\u043a\u0442\/zegarek-damski-g-rossi-8154b-4d1\/\" \/>\n<meta property=\"og:locale\" content=\"uk_UA\" \/>\n<meta property=\"og:type\" content=\"article\" \/>\n<meta property=\"og:title\" content=\"Zegarek Damski G.Rossi 8154B-4D1\" \/>\n<meta property=\"og:description\" content=\"\u00a0 Zegarek Damski G.Rossi 8154B-4D1 Oficjalna Polska dystrybucja &#8211; produkt oryginalny \u00a0 \u00a0 Marka: G.Rossi Mechanizm: Kwarcowy MIYOTA Citizen Japan Tarcza: Analogowa Koperta: Wysokogatunkowa stal pokryta specjaln\u0105 pow\u0142ok\u0105 PLATING o podwy\u017cszonej odporno\u015bci na \u015bcieranie Szkie\u0142ko: Mineralne o podwy\u017cszonej odporno\u015bci na zarysowania i przypadkowe uderzenia. Bransoleta: Stal szlachetna, siatka, zapi\u0119cie z dodatkowym zabezpieczaniem przed odpinaniem Wodoszczelno\u015b\u0107: [&hellip;]\" \/>\n<meta property=\"og:url\" content=\"https:\/\/pauzza.pl\/uk\/\u043f\u0440\u043e\u0434\u0443\u043a\u0442\/zegarek-damski-g-rossi-8154b-4d1\/\" \/>\n<meta property=\"og:site_name\" content=\"Sklep online z damsk\u0105 odzie\u017c\u0105 Pauzza: Damska odzie\u017c. Nowa Kolekcja\" \/>\n<meta property=\"article:modified_time\" content=\"2026-04-07T19:37:59+00:00\" \/>\n<meta property=\"og:image\" content=\"https:\/\/pauzza.pl\/wp-content\/uploads\/2025\/11\/79_max.jpg\" \/>\n\t<meta property=\"og:image:width\" content=\"597\" \/>\n\t<meta property=\"og:image:height\" content=\"1000\" \/>\n\t<meta property=\"og:image:type\" content=\"image\/jpeg\" \/>\n<meta name=\"twitter:card\" content=\"summary_large_image\" \/>\n<meta name=\"twitter:label1\" content=\"\u041f\u0440\u0438\u0431\u043b. \u0447\u0430\u0441 \u0447\u0438\u0442\u0430\u043d\u043d\u044f\" \/>\n\t<meta name=\"twitter:data1\" content=\"1 \u0445\u0432\u0438\u043b\u0438\u043d\u0430\" \/>\n<script type=\"application\/ld+json\" class=\"yoast-schema-graph\">{\"@context\":\"https:\/\/schema.org\",\"@graph\":[{\"@type\":\"WebPage\",\"@id\":\"https:\/\/pauzza.pl\/produkt\/zegarek-damski-g-rossi-8154b-4d1\/\",\"url\":\"https:\/\/pauzza.pl\/produkt\/zegarek-damski-g-rossi-8154b-4d1\/\",\"name\":\"Zegarek Damski G.Rossi 8154B-4D1\",\"isPartOf\":{\"@id\":\"https:\/\/pauzza.pl\/#website\"},\"primaryImageOfPage\":{\"@id\":\"https:\/\/pauzza.pl\/produkt\/zegarek-damski-g-rossi-8154b-4d1\/#primaryimage\"},\"image\":{\"@id\":\"https:\/\/pauzza.pl\/produkt\/zegarek-damski-g-rossi-8154b-4d1\/#primaryimage\"},\"thumbnailUrl\":\"https:\/\/pauzza.pl\/wp-content\/uploads\/2025\/11\/79_max.jpg\",\"datePublished\":\"2025-11-24T13:59:46+00:00\",\"dateModified\":\"2026-04-07T19:37:59+00:00\",\"breadcrumb\":{\"@id\":\"https:\/\/pauzza.pl\/produkt\/zegarek-damski-g-rossi-8154b-4d1\/#breadcrumb\"},\"inLanguage\":\"uk\",\"potentialAction\":[{\"@type\":\"ReadAction\",\"target\":[\"https:\/\/pauzza.pl\/produkt\/zegarek-damski-g-rossi-8154b-4d1\/\"]}]},{\"@type\":\"ImageObject\",\"inLanguage\":\"uk\",\"@id\":\"https:\/\/pauzza.pl\/produkt\/zegarek-damski-g-rossi-8154b-4d1\/#primaryimage\",\"url\":\"https:\/\/pauzza.pl\/wp-content\/uploads\/2025\/11\/79_max.jpg\",\"contentUrl\":\"https:\/\/pauzza.pl\/wp-content\/uploads\/2025\/11\/79_max.jpg\",\"width\":597,\"height\":1000},{\"@type\":\"BreadcrumbList\",\"@id\":\"https:\/\/pauzza.pl\/produkt\/zegarek-damski-g-rossi-8154b-4d1\/#breadcrumb\",\"itemListElement\":[{\"@type\":\"ListItem\",\"position\":1,\"name\":\"Strona g\u0142\u00f3wna\",\"item\":\"https:\/\/pauzza.pl\/\"},{\"@type\":\"ListItem\",\"position\":2,\"name\":\"Sklep\",\"item\":\"https:\/\/pauzza.pl\/sklep\/\"},{\"@type\":\"ListItem\",\"position\":3,\"name\":\"Zegarek Damski G.Rossi 8154B-4D1\"}]},{\"@type\":\"WebSite\",\"@id\":\"https:\/\/pauzza.pl\/#website\",\"url\":\"https:\/\/pauzza.pl\/\",\"name\":\"Sklep online z damsk\u0105 odzie\u017c\u0105 Pauzza: Damska odzie\u017c. Nowa Kolekcja\",\"description\":\"Je\u015bli chcesz zadba\u0107 o sw\u00f3j profesjonalny i pe\u0142en klasy wygl\u0105d w pracy butik online Pauzza, to strza\u0142 w dziesi\u0105tk\u0119! U nas znajdziesz szeroki wyb\u00f3r \u017cakiet\u00f3w, koszul, kurtek, sukienek, sp\u00f3dnic i wiele wiecej\",\"publisher\":{\"@id\":\"https:\/\/pauzza.pl\/#organization\"},\"potentialAction\":[{\"@type\":\"SearchAction\",\"target\":{\"@type\":\"EntryPoint\",\"urlTemplate\":\"https:\/\/pauzza.pl\/?s={search_term_string}\"},\"query-input\":{\"@type\":\"PropertyValueSpecification\",\"valueRequired\":true,\"valueName\":\"search_term_string\"}}],\"inLanguage\":\"uk\"},{\"@type\":\"Organization\",\"@id\":\"https:\/\/pauzza.pl\/#organization\",\"name\":\"Sklep online z damsk\u0105 odzie\u017c\u0105 Pauzza: Damska odzie\u017c. Nowa Kolekcja\",\"url\":\"https:\/\/pauzza.pl\/\",\"logo\":{\"@type\":\"ImageObject\",\"inLanguage\":\"uk\",\"@id\":\"https:\/\/pauzza.pl\/#\/schema\/logo\/image\/\",\"url\":\"https:\/\/pauzza.pl\/wp-content\/uploads\/2024\/01\/pauzzaw.png\",\"contentUrl\":\"https:\/\/pauzza.pl\/wp-content\/uploads\/2024\/01\/pauzzaw.png\",\"width\":350,\"height\":100,\"caption\":\"Sklep online z damsk\u0105 odzie\u017c\u0105 Pauzza: Damska odzie\u017c. Nowa Kolekcja\"},\"image\":{\"@id\":\"https:\/\/pauzza.pl\/#\/schema\/logo\/image\/\"}}]}<\/script>\n<!-- \/ Yoast SEO plugin. -->","yoast_head_json":{"title":"Zegarek Damski G.Rossi 8154B-4D1","robots":{"index":"index","follow":"follow","max-snippet":"max-snippet:-1","max-image-preview":"max-image-preview:large","max-video-preview":"max-video-preview:-1"},"canonical":"https:\/\/pauzza.pl\/uk\/\u043f\u0440\u043e\u0434\u0443\u043a\u0442\/zegarek-damski-g-rossi-8154b-4d1\/","og_locale":"uk_UA","og_type":"article","og_title":"Zegarek Damski G.Rossi 8154B-4D1","og_description":"\u00a0 Zegarek Damski G.Rossi 8154B-4D1 Oficjalna Polska dystrybucja &#8211; produkt oryginalny \u00a0 \u00a0 Marka: G.Rossi Mechanizm: Kwarcowy MIYOTA Citizen Japan Tarcza: Analogowa Koperta: Wysokogatunkowa stal pokryta specjaln\u0105 pow\u0142ok\u0105 PLATING o podwy\u017cszonej odporno\u015bci na \u015bcieranie Szkie\u0142ko: Mineralne o podwy\u017cszonej odporno\u015bci na zarysowania i przypadkowe uderzenia. Bransoleta: Stal szlachetna, siatka, zapi\u0119cie z dodatkowym zabezpieczaniem przed odpinaniem Wodoszczelno\u015b\u0107: [&hellip;]","og_url":"https:\/\/pauzza.pl\/uk\/\u043f\u0440\u043e\u0434\u0443\u043a\u0442\/zegarek-damski-g-rossi-8154b-4d1\/","og_site_name":"Sklep online z damsk\u0105 odzie\u017c\u0105 Pauzza: Damska odzie\u017c. Nowa Kolekcja","article_modified_time":"2026-04-07T19:37:59+00:00","og_image":[{"width":597,"height":1000,"url":"https:\/\/pauzza.pl\/wp-content\/uploads\/2025\/11\/79_max.jpg","type":"image\/jpeg"}],"twitter_card":"summary_large_image","twitter_misc":{"\u041f\u0440\u0438\u0431\u043b. \u0447\u0430\u0441 \u0447\u0438\u0442\u0430\u043d\u043d\u044f":"1 \u0445\u0432\u0438\u043b\u0438\u043d\u0430"},"schema":{"@context":"https:\/\/schema.org","@graph":[{"@type":"WebPage","@id":"https:\/\/pauzza.pl\/produkt\/zegarek-damski-g-rossi-8154b-4d1\/","url":"https:\/\/pauzza.pl\/produkt\/zegarek-damski-g-rossi-8154b-4d1\/","name":"Zegarek Damski G.Rossi 8154B-4D1","isPartOf":{"@id":"https:\/\/pauzza.pl\/#website"},"primaryImageOfPage":{"@id":"https:\/\/pauzza.pl\/produkt\/zegarek-damski-g-rossi-8154b-4d1\/#primaryimage"},"image":{"@id":"https:\/\/pauzza.pl\/produkt\/zegarek-damski-g-rossi-8154b-4d1\/#primaryimage"},"thumbnailUrl":"https:\/\/pauzza.pl\/wp-content\/uploads\/2025\/11\/79_max.jpg","datePublished":"2025-11-24T13:59:46+00:00","dateModified":"2026-04-07T19:37:59+00:00","breadcrumb":{"@id":"https:\/\/pauzza.pl\/produkt\/zegarek-damski-g-rossi-8154b-4d1\/#breadcrumb"},"inLanguage":"uk","potentialAction":[{"@type":"ReadAction","target":["https:\/\/pauzza.pl\/produkt\/zegarek-damski-g-rossi-8154b-4d1\/"]}]},{"@type":"ImageObject","inLanguage":"uk","@id":"https:\/\/pauzza.pl\/produkt\/zegarek-damski-g-rossi-8154b-4d1\/#primaryimage","url":"https:\/\/pauzza.pl\/wp-content\/uploads\/2025\/11\/79_max.jpg","contentUrl":"https:\/\/pauzza.pl\/wp-content\/uploads\/2025\/11\/79_max.jpg","width":597,"height":1000},{"@type":"BreadcrumbList","@id":"https:\/\/pauzza.pl\/produkt\/zegarek-damski-g-rossi-8154b-4d1\/#breadcrumb","itemListElement":[{"@type":"ListItem","position":1,"name":"Strona g\u0142\u00f3wna","item":"https:\/\/pauzza.pl\/"},{"@type":"ListItem","position":2,"name":"Sklep","item":"https:\/\/pauzza.pl\/sklep\/"},{"@type":"ListItem","position":3,"name":"Zegarek Damski G.Rossi 8154B-4D1"}]},{"@type":"WebSite","@id":"https:\/\/pauzza.pl\/#website","url":"https:\/\/pauzza.pl\/","name":"\u0406\u043d\u0442\u0435\u0440\u043d\u0435\u0442 \u043c\u0430\u0433\u0430\u0437\u0438\u043d \u0436\u0456\u043d\u043e\u0447\u043e\u0433\u043e \u043e\u0434\u044f\u0433\u0443 Pauzza: \u0416\u0456\u043d\u043e\u0447\u0438\u0439 \u043e\u0434\u044f\u0433. \u041d\u043e\u0432\u0430 \u043a\u043e\u043b\u0435\u043a\u0446\u0456\u044f","description":"\u042f\u043a\u0449\u043e \u0432\u0438 \u0445\u043e\u0447\u0435\u0442\u0435 \u043f\u043e\u0434\u0431\u0430\u0442\u0438 \u043f\u0440\u043e \u0441\u0432\u0456\u0439 \u043f\u0440\u043e\u0444\u0435\u0441\u0456\u0439\u043d\u0438\u0439 \u0442\u0430 \u0441\u0442\u0438\u043b\u044c\u043d\u0438\u0439 \u0432\u0438\u0433\u043b\u044f\u0434 \u043d\u0430 \u0440\u043e\u0431\u043e\u0442\u0456, \u043e\u043d\u043b\u0430\u0439\u043d-\u0431\u0443\u0442\u0456\u043a Pauzza - \u0446\u0435 \u0445\u0456\u0442! \u0422\u0443\u0442 \u0432\u0438 \u0437\u043d\u0430\u0439\u0434\u0435\u0442\u0435 \u0448\u0438\u0440\u043e\u043a\u0438\u0439 \u0432\u0438\u0431\u0456\u0440 \u043f\u0456\u0434\u0436\u0430\u043a\u0456\u0432, \u0441\u043e\u0440\u043e\u0447\u043e\u043a, \u0436\u0430\u043a\u0435\u0442\u0456\u0432, \u0441\u0443\u043a\u043e\u043d\u044c, \u0441\u043f\u0456\u0434\u043d\u0438\u0446\u044c \u0442\u0430 \u0431\u0430\u0433\u0430\u0442\u043e \u0456\u043d\u0448\u043e\u0433\u043e.","publisher":{"@id":"https:\/\/pauzza.pl\/#organization"},"potentialAction":[{"@type":"SearchAction","target":{"@type":"EntryPoint","urlTemplate":"https:\/\/pauzza.pl\/?s={search_term_string}"},"query-input":{"@type":"PropertyValueSpecification","valueRequired":true,"valueName":"search_term_string"}}],"inLanguage":"uk"},{"@type":"Organization","@id":"https:\/\/pauzza.pl\/#organization","name":"\u0406\u043d\u0442\u0435\u0440\u043d\u0435\u0442 \u043c\u0430\u0433\u0430\u0437\u0438\u043d \u0436\u0456\u043d\u043e\u0447\u043e\u0433\u043e \u043e\u0434\u044f\u0433\u0443 Pauzza: \u0416\u0456\u043d\u043e\u0447\u0438\u0439 \u043e\u0434\u044f\u0433. \u041d\u043e\u0432\u0430 \u043a\u043e\u043b\u0435\u043a\u0446\u0456\u044f","url":"https:\/\/pauzza.pl\/","logo":{"@type":"ImageObject","inLanguage":"uk","@id":"https:\/\/pauzza.pl\/#\/schema\/logo\/image\/","url":"https:\/\/pauzza.pl\/wp-content\/uploads\/2024\/01\/pauzzaw.png","contentUrl":"https:\/\/pauzza.pl\/wp-content\/uploads\/2024\/01\/pauzzaw.png","width":350,"height":100,"caption":"Sklep online z damsk\u0105 odzie\u017c\u0105 Pauzza: Damska odzie\u017c. Nowa Kolekcja"},"image":{"@id":"https:\/\/pauzza.pl\/#\/schema\/logo\/image\/"}}]}},"_links":{"self":[{"href":"https:\/\/pauzza.pl\/uk\/wp-json\/wp\/v2\/product\/978600","targetHints":{"allow":["GET"]}}],"collection":[{"href":"https:\/\/pauzza.pl\/uk\/wp-json\/wp\/v2\/product"}],"about":[{"href":"https:\/\/pauzza.pl\/uk\/wp-json\/wp\/v2\/types\/product"}],"wp:featuredmedia":[{"embeddable":true,"href":"https:\/\/pauzza.pl\/uk\/wp-json\/wp\/v2\/media\/978602"}],"wp:attachment":[{"href":"https:\/\/pauzza.pl\/uk\/wp-json\/wp\/v2\/media?parent=978600"}],"wp:term":[{"taxonomy":"product_brand","embeddable":true,"href":"https:\/\/pauzza.pl\/uk\/wp-json\/wp\/v2\/product_brand?post=978600"},{"taxonomy":"product_cat","embeddable":true,"href":"https:\/\/pauzza.pl\/uk\/wp-json\/wp\/v2\/product_cat?post=978600"},{"taxonomy":"product_tag","embeddable":true,"href":"https:\/\/pauzza.pl\/uk\/wp-json\/wp\/v2\/product_tag?post=978600"}],"curies":[{"name":"wp","href":"https:\/\/api.w.org\/{rel}","templated":true}]}}