{"id":977445,"date":"2025-11-24T14:25:56","date_gmt":"2025-11-24T13:25:56","guid":{"rendered":"https:\/\/pauzza.pl\/produkt\/zegarek-meski-perfect-m154-5\/"},"modified":"2026-05-13T19:24:26","modified_gmt":"2026-05-13T17:24:26","slug":"zegarek-meski-perfect-m154-5","status":"publish","type":"product","link":"https:\/\/pauzza.pl\/uk\/%d0%bf%d1%80%d0%be%d0%b4%d1%83%d0%ba%d1%82\/zegarek-meski-perfect-m154-5\/","title":{"rendered":"Zegarek M\u0119ski PERFECT M154-5"},"content":{"rendered":"<p class=\"def\">\u00a0<\/p>\n<table class=\"def\" style=\"border: 0px solid; margin-left: auto; margin-right: auto; height: 126px; width: 700px;\">\n<tbody class=\"def\">\n<tr class=\"def\" style=\"height: 17px;\">\n<td class=\"def\" style=\"text-align: left; height: 17px;\"><span style=\"color: #808080;\" class=\"def\"><span style=\"font-size: small;\" class=\"def\"><strong class=\"def\">PERFECT \u00a0\u00a0 <\/strong><\/span><span style=\"font-size: small;\" class=\"def\"><strong class=\"def\"><br class=\"def\"><\/strong><\/span><\/span><\/td>\n<td class=\"def\" style=\"text-align: left; height: 17px;\"><span style=\"font-size: small; color: #808080;\" class=\"def\"><strong class=\"def\">MONTRE<br class=\"def\"><\/strong><\/span><\/td>\n<\/tr>\n<tr class=\"def\" style=\"height: 17px;\">\n<td class=\"def\" style=\"height: 17px;\">\u00a0\u00a0\u00a0\u00a0\u00a0\u00a0\u00a0\u00a0\u00a0\u00a0\u00a0\u00a0\u00a0\u00a0\u00a0\u00a0\u00a0\u00a0\u00a0\u00a0\u00a0\u00a0\u00a0\u00a0\u00a0\u00a0\u00a0\u00a0\u00a0\u00a0\u00a0\u00a0\u00a0\u00a0\u00a0\u00a0\u00a0\u00a0\u00a0\u00a0\u00a0\u00a0\u00a0\u00a0\u00a0\u00a0<\/td>\n<td class=\"def\" style=\"height: 17px;\">\u00a0<\/td>\n<\/tr>\n<tr class=\"def\" style=\"height: 17px;\">\n<td class=\"def\" style=\"height: 17px;\">\u00a0<\/td>\n<td class=\"def\" style=\"height: 17px;\">\u00a0<\/td>\n<\/tr>\n<tr class=\"def\" style=\"height: 17px;\">\n<td class=\"def\" style=\"height: 17px;\"><span style=\"font-size: small; color: #808080;\" class=\"def\"><strong class=\"def\">HIGH QUALITY:<\/strong><strong class=\"def\">\u00a0 <\/strong><\/span><\/td>\n<td class=\"def\" style=\"height: 17px;\"><span style=\"font-size: small; color: #808080;\" class=\"def\">Wysoka jako\u015b\u0107 wykonania<\/span><\/td>\n<\/tr>\n<tr class=\"def\" style=\"height: 17px;\">\n<td class=\"def\" style=\"height: 17px;\"><span style=\"font-size: small; color: #808080;\" class=\"def\"><strong class=\"def\">MECHANIZM:<\/strong> <\/span><\/td>\n<td class=\"def\" style=\"height: 17px;\"><span style=\"font-size: small; color: #808080;\" class=\"def\">Kwarcowy<\/span><\/td>\n<\/tr>\n<tr class=\"def\" style=\"height: 17px;\">\n<td class=\"def\" style=\"height: 17px;\"><span style=\"font-size: small; color: #808080;\" class=\"def\"><strong class=\"def\">BATERIA:<\/strong> <br class=\"def\"><\/span><\/td>\n<td class=\"def\" style=\"height: 17px;\"><span style=\"font-size: small; color: #808080;\" class=\"def\">\u0422\u0430\u043a.<\/span><\/td>\n<\/tr>\n<tr class=\"def\" style=\"height: 17px;\">\n<td class=\"def\" style=\"height: 17px;\"><span style=\"font-size: small; color: #808080;\" class=\"def\"><strong class=\"def\">TARCZA:<\/strong>\u00a0 <br class=\"def\"><\/span><\/td>\n<td class=\"def\" style=\"height: 17px;\"><span style=\"font-size: small; color: #808080;\" class=\"def\">Analogowa. Ma\u0142e zegary stanowi\u0105 funkcj\u0119 ozdobn\u0105.\u00a0<br class=\"def\"><\/span><\/td>\n<\/tr>\n<tr class=\"def\" style=\"height: 17px;\">\n<td class=\"def\" style=\"height: 17px;\"><span style=\"font-size: small; color: #808080;\" class=\"def\"><strong class=\"def\">KOPERTA:<\/strong> \u00a0 <\/span><\/td>\n<td class=\"def\" style=\"height: 17px;\"><span style=\"font-size: small; color: #808080;\" class=\"def\">Wysokogatunkowa stal<br class=\"def\"><\/span><\/td>\n<\/tr>\n<tr class=\"def\" style=\"height: 17px;\">\n<td class=\"def\" style=\"height: 17px;\"><span style=\"font-size: small; color: #808080;\" class=\"def\"><strong class=\"def\">SZKIE\u0141KO:<\/strong> <br class=\"def\"><\/span><\/td>\n<td class=\"def\" style=\"height: 17px;\"><span style=\"font-size: small; color: #808080;\" class=\"def\">Mineralne o podwy\u017cszonej odporno\u015bci na zarysowania<br class=\"def\"><\/span><\/td>\n<\/tr>\n<tr class=\"def\" style=\"height: 17px;\">\n<td class=\"def\" style=\"height: 17px;\"><span style=\"font-size: small; color: #808080;\" class=\"def\"><strong class=\"def\">BRANSOLETA:<\/strong> <br class=\"def\"><\/span><\/td>\n<td class=\"def\" style=\"height: 17px;\"><span style=\"font-size: small; color: #808080;\" class=\"def\">Wysokogatunkowa stal, regulowana<br class=\"def\"><\/span><\/td>\n<\/tr>\n<tr class=\"def\" style=\"height: 35px;\">\n<td class=\"def\" style=\"height: 35px;\"><span style=\"font-size: small; color: #808080;\" class=\"def\"><strong class=\"def\">ION PLATING SILVER\/GOLD:<\/strong><\/span><\/td>\n<td class=\"def\" style=\"height: 35px;\"><span style=\"font-size: small; color: #808080;\" class=\"def\"><span style=\"font-family: Arial, Helvetica, sans-serif;\" class=\"def\">Zegarek wykonano w nowoczesnej jonowej metodzie, pozwalaj\u0105cej uzyska\u0107 bardzo g\u0142adk\u0105 i jednolit\u0105 powierzchni\u0119.<br class=\"def\"><\/span><\/span><\/td>\n<\/tr>\n<tr class=\"def\" style=\"height: 17px;\">\n<td class=\"def\" style=\"height: 17px;\"><span style=\"font-size: small; color: #808080;\" class=\"def\"><strong class=\"def\">WODOSZCZELNO\u015a\u0106:<\/strong> <br class=\"def\"><\/span><\/td>\n<td class=\"def\" style=\"height: 17px;\"><span style=\"font-size: small; color: #808080;\" class=\"def\">3 bar<br class=\"def\"><\/span><\/td>\n<\/tr>\n<tr class=\"def\" style=\"height: 17px;\">\n<td class=\"def\" style=\"height: 17px;\"><span style=\"font-size: small; color: #808080;\" class=\"def\"><strong class=\"def\">ANTYALERGICZNY:<\/strong> <br class=\"def\"><\/span><\/td>\n<td class=\"def\" style=\"height: 17px;\"><span style=\"font-size: small; color: #808080;\" class=\"def\">Zegarek nie zawiera niklu<\/span><\/td>\n<\/tr>\n<tr class=\"def\" style=\"height: 17px;\">\n<td class=\"def\" style=\"height: 17px;\"><span style=\"font-size: small; color: #808080;\" class=\"def\"><strong class=\"def\">POD\u015aWIETLANIE:<\/strong> <br class=\"def\"><\/span><\/td>\n<td class=\"def\" style=\"height: 17px;\"><span style=\"font-size: small; color: #808080;\" class=\"def\">Fluorescencyjne<br class=\"def\"><\/span><\/td>\n<\/tr>\n<tr class=\"def\" style=\"height: 34px;\">\n<td class=\"def\" style=\"height: 34px;\"><span style=\"font-size: small; color: #808080;\" class=\"def\"><strong class=\"def\">ORYGINALNO\u015a\u0106:<\/strong><\/span><\/td>\n<td class=\"def\" style=\"height: 34px;\"><span style=\"font-size: small; color: #808080;\" class=\"def\"><span style=\"font-size: small; color: #808080;\" class=\"def\">Na denku zegarek ma wygrawerowane informacje od producenta \u015bwiadcz\u0105ce o oryginalno\u015bci<br class=\"def\"><\/span><\/span><\/td>\n<\/tr>\n<tr class=\"def\" style=\"height: 17px;\">\n<td class=\"def\" style=\"height: 17px;\">\u00a0<\/td>\n<td class=\"def\" style=\"height: 17px;\"><span style=\"font-size: small; color: #808080;\" class=\"def\">\u00a0<\/span><\/td>\n<\/tr>\n<tr class=\"def\" style=\"height: 17px;\">\n<td class=\"def\" style=\"height: 17px;\"><span style=\"font-size: small; color: #808080;\" class=\"def\"><strong class=\"def\">WYMIARY w mm:<\/strong><\/span><\/td>\n<td class=\"def\" style=\"height: 17px;\">\u00a0<\/td>\n<\/tr>\n<tr class=\"def\" style=\"height: 17px;\">\n<td class=\"def\" style=\"height: 17px;\"><span style=\"font-size: small; color: #808080;\" class=\"def\">koperta &#8211; \u015brednica bez koronki<br class=\"def\"><\/span><\/td>\n<td class=\"def\" style=\"height: 17px;\"><span style=\"font-size: small; color: #808080;\" class=\"def\">44<br class=\"def\"><\/span><\/td>\n<\/tr>\n<tr class=\"def\" style=\"height: 45px;\">\n<td class=\"def\" style=\"height: 45px;\">\n<p class=\"def\"><span style=\"font-size: small; color: #808080;\" class=\"def\">tarcza \u015brednica<br class=\"def\"><\/span><\/p>\n<\/td>\n<td class=\"def\" style=\"height: 45px;\"><span style=\"color: #808080; font-size: small;\" class=\"def\">34<\/span><\/td>\n<\/tr>\n<tr class=\"def\" style=\"height: 17px;\">\n<td class=\"def\" style=\"height: 17px;\"><span style=\"font-size: small; color: #808080;\" class=\"def\">grubo\u015b\u0107<br class=\"def\"><\/span><\/td>\n<td class=\"def\" style=\"height: 17px;\"><span style=\"font-size: small; color: #808080;\" class=\"def\">9<br class=\"def\"><\/span><\/td>\n<\/tr>\n<tr class=\"def\" style=\"height: 17px;\">\n<td class=\"def\" style=\"height: 17px;\"><span style=\"font-size: small; color: #808080;\" class=\"def\">bransoleta szeroko\u015b\u0107<\/span><\/td>\n<td class=\"def\" style=\"height: 17px;\"><span style=\"color: #808080; font-size: small;\" class=\"def\">25<\/span><\/td>\n<\/tr>\n<tr class=\"def\" style=\"height: 17px;\">\n<td class=\"def\" style=\"height: 17px;\"><span style=\"font-size: small; color: #808080;\" class=\"def\">bransoleta obw\u00f3d<br class=\"def\"><\/span><\/td>\n<td class=\"def\" style=\"height: 17px;\"><span style=\"font-size: small; color: #808080;\" class=\"def\">240<\/span><\/td>\n<\/tr>\n<tr class=\"def\" style=\"height: 17px;\">\n<td class=\"def\" style=\"height: 17px;\"><span style=\"font-size: small; color: #808080;\" class=\"def\">ca\u0142kowita d\u0142ugo\u015b\u0107<br class=\"def\"><\/span><\/td>\n<td class=\"def\" style=\"height: 17px;\"><span style=\"font-size: small; color: #808080;\" class=\"def\">240<\/span><\/td>\n<\/tr>\n<\/tbody>\n<\/table>\n<p class=\"def\">\u00a0<\/p>\n<p class=\"def\" style=\"text-align: left;\">\u00a0<\/p>\n<p class=\"def\" style=\"text-align: left;\">\u00a0<\/p>","protected":false},"excerpt":{"rendered":"<p>\u00a0 PERFECT \u00a0\u00a0 MONTRE \u00a0\u00a0\u00a0\u00a0\u00a0\u00a0\u00a0\u00a0\u00a0\u00a0\u00a0\u00a0\u00a0\u00a0\u00a0\u00a0\u00a0\u00a0\u00a0\u00a0\u00a0\u00a0\u00a0\u00a0\u00a0\u00a0\u00a0\u00a0\u00a0\u00a0\u00a0\u00a0\u00a0\u00a0\u00a0\u00a0\u00a0\u00a0\u00a0\u00a0\u00a0\u00a0\u00a0\u00a0\u00a0\u00a0 \u00a0 \u00a0 \u00a0 HIGH QUALITY:\u00a0 Wysoka jako\u015b\u0107 wykonania MECHANIZM: Kwarcowy BATERIA: Tak TARCZA:\u00a0 Analogowa. Ma\u0142e zegary stanowi\u0105 funkcj\u0119 ozdobn\u0105.\u00a0 KOPERTA: \u00a0 Wysokogatunkowa stal SZKIE\u0141KO: Mineralne o podwy\u017cszonej odporno\u015bci na zarysowania BRANSOLETA: Wysokogatunkowa stal, regulowana ION PLATING SILVER\/GOLD: Zegarek wykonano w nowoczesnej jonowej metodzie, pozwalaj\u0105cej uzyska\u0107 bardzo g\u0142adk\u0105 i jednolit\u0105 powierzchni\u0119. [&hellip;]<\/p>","protected":false},"featured_media":977447,"template":"","meta":{"_acf_changed":false},"product_brand":[],"product_cat":[4895,4870,4838],"product_tag":[],"class_list":{"0":"post-977445","1":"product","2":"type-product","3":"status-publish","4":"has-post-thumbnail","6":"product_cat-na-bransolecie-perfect-zegarki-damskie","7":"product_cat-perfect","8":"product_cat-zegarki-damskie","10":"first","11":"instock","12":"taxable","13":"shipping-taxable","14":"purchasable","15":"product-type-simple"},"acf":[],"yoast_head":"<!-- This site is optimized with the Yoast SEO plugin v27.2 - https:\/\/yoast.com\/product\/yoast-seo-wordpress\/ -->\n<title>Zegarek M\u0119ski PERFECT MONTRE M154-5<\/title>\n<meta name=\"robots\" content=\"index, follow, max-snippet:-1, max-image-preview:large, max-video-preview:-1\" \/>\n<link rel=\"canonical\" href=\"https:\/\/pauzza.pl\/uk\/\u043f\u0440\u043e\u0434\u0443\u043a\u0442\/zegarek-meski-perfect-m154-5\/\" \/>\n<meta property=\"og:locale\" content=\"uk_UA\" \/>\n<meta property=\"og:type\" content=\"article\" \/>\n<meta property=\"og:title\" content=\"Zegarek M\u0119ski PERFECT MONTRE M154-5\" \/>\n<meta property=\"og:description\" content=\"\u00a0 PERFECT \u00a0\u00a0 MONTRE \u00a0\u00a0\u00a0\u00a0\u00a0\u00a0\u00a0\u00a0\u00a0\u00a0\u00a0\u00a0\u00a0\u00a0\u00a0\u00a0\u00a0\u00a0\u00a0\u00a0\u00a0\u00a0\u00a0\u00a0\u00a0\u00a0\u00a0\u00a0\u00a0\u00a0\u00a0\u00a0\u00a0\u00a0\u00a0\u00a0\u00a0\u00a0\u00a0\u00a0\u00a0\u00a0\u00a0\u00a0\u00a0\u00a0 \u00a0 \u00a0 \u00a0 HIGH QUALITY:\u00a0 Wysoka jako\u015b\u0107 wykonania MECHANIZM: Kwarcowy BATERIA: Tak TARCZA:\u00a0 Analogowa. Ma\u0142e zegary stanowi\u0105 funkcj\u0119 ozdobn\u0105.\u00a0 KOPERTA: \u00a0 Wysokogatunkowa stal SZKIE\u0141KO: Mineralne o podwy\u017cszonej odporno\u015bci na zarysowania BRANSOLETA: Wysokogatunkowa stal, regulowana ION PLATING SILVER\/GOLD: Zegarek wykonano w nowoczesnej jonowej metodzie, pozwalaj\u0105cej uzyska\u0107 bardzo g\u0142adk\u0105 i jednolit\u0105 powierzchni\u0119. [&hellip;]\" \/>\n<meta property=\"og:url\" content=\"https:\/\/pauzza.pl\/uk\/\u043f\u0440\u043e\u0434\u0443\u043a\u0442\/zegarek-meski-perfect-m154-5\/\" \/>\n<meta property=\"og:site_name\" content=\"Sklep online z damsk\u0105 odzie\u017c\u0105 Pauzza: Damska odzie\u017c. Nowa Kolekcja\" \/>\n<meta property=\"article:modified_time\" content=\"2026-05-13T17:24:26+00:00\" \/>\n<meta property=\"og:image\" content=\"https:\/\/pauzza.pl\/wp-content\/uploads\/2025\/11\/3_max-90.jpg\" \/>\n\t<meta property=\"og:image:width\" content=\"758\" \/>\n\t<meta property=\"og:image:height\" content=\"1200\" \/>\n\t<meta property=\"og:image:type\" content=\"image\/jpeg\" \/>\n<meta name=\"twitter:card\" content=\"summary_large_image\" \/>\n<script type=\"application\/ld+json\" class=\"yoast-schema-graph\">{\"@context\":\"https:\/\/schema.org\",\"@graph\":[{\"@type\":\"WebPage\",\"@id\":\"https:\/\/pauzza.pl\/produkt\/zegarek-meski-perfect-m154-5\/\",\"url\":\"https:\/\/pauzza.pl\/produkt\/zegarek-meski-perfect-m154-5\/\",\"name\":\"Zegarek M\u0119ski PERFECT MONTRE M154-5\",\"isPartOf\":{\"@id\":\"https:\/\/pauzza.pl\/#website\"},\"primaryImageOfPage\":{\"@id\":\"https:\/\/pauzza.pl\/produkt\/zegarek-meski-perfect-m154-5\/#primaryimage\"},\"image\":{\"@id\":\"https:\/\/pauzza.pl\/produkt\/zegarek-meski-perfect-m154-5\/#primaryimage\"},\"thumbnailUrl\":\"https:\/\/pauzza.pl\/wp-content\/uploads\/2025\/11\/3_max-90.jpg\",\"datePublished\":\"2025-11-24T13:25:56+00:00\",\"dateModified\":\"2026-05-13T17:24:26+00:00\",\"breadcrumb\":{\"@id\":\"https:\/\/pauzza.pl\/produkt\/zegarek-meski-perfect-m154-5\/#breadcrumb\"},\"inLanguage\":\"uk\",\"potentialAction\":[{\"@type\":\"ReadAction\",\"target\":[\"https:\/\/pauzza.pl\/produkt\/zegarek-meski-perfect-m154-5\/\"]}]},{\"@type\":\"ImageObject\",\"inLanguage\":\"uk\",\"@id\":\"https:\/\/pauzza.pl\/produkt\/zegarek-meski-perfect-m154-5\/#primaryimage\",\"url\":\"https:\/\/pauzza.pl\/wp-content\/uploads\/2025\/11\/3_max-90.jpg\",\"contentUrl\":\"https:\/\/pauzza.pl\/wp-content\/uploads\/2025\/11\/3_max-90.jpg\",\"width\":758,\"height\":1200},{\"@type\":\"BreadcrumbList\",\"@id\":\"https:\/\/pauzza.pl\/produkt\/zegarek-meski-perfect-m154-5\/#breadcrumb\",\"itemListElement\":[{\"@type\":\"ListItem\",\"position\":1,\"name\":\"Strona g\u0142\u00f3wna\",\"item\":\"https:\/\/pauzza.pl\/\"},{\"@type\":\"ListItem\",\"position\":2,\"name\":\"Sklep\",\"item\":\"https:\/\/pauzza.pl\/sklep\/\"},{\"@type\":\"ListItem\",\"position\":3,\"name\":\"Zegarek M\u0119ski PERFECT M154-5\"}]},{\"@type\":\"WebSite\",\"@id\":\"https:\/\/pauzza.pl\/#website\",\"url\":\"https:\/\/pauzza.pl\/\",\"name\":\"Sklep online z damsk\u0105 odzie\u017c\u0105 Pauzza: Damska odzie\u017c. Nowa Kolekcja\",\"description\":\"Je\u015bli chcesz zadba\u0107 o sw\u00f3j profesjonalny i pe\u0142en klasy wygl\u0105d w pracy butik online Pauzza, to strza\u0142 w dziesi\u0105tk\u0119! U nas znajdziesz szeroki wyb\u00f3r \u017cakiet\u00f3w, koszul, kurtek, sukienek, sp\u00f3dnic i wiele wiecej\",\"publisher\":{\"@id\":\"https:\/\/pauzza.pl\/#organization\"},\"potentialAction\":[{\"@type\":\"SearchAction\",\"target\":{\"@type\":\"EntryPoint\",\"urlTemplate\":\"https:\/\/pauzza.pl\/?s={search_term_string}\"},\"query-input\":{\"@type\":\"PropertyValueSpecification\",\"valueRequired\":true,\"valueName\":\"search_term_string\"}}],\"inLanguage\":\"uk\"},{\"@type\":\"Organization\",\"@id\":\"https:\/\/pauzza.pl\/#organization\",\"name\":\"Sklep online z damsk\u0105 odzie\u017c\u0105 Pauzza: Damska odzie\u017c. Nowa Kolekcja\",\"url\":\"https:\/\/pauzza.pl\/\",\"logo\":{\"@type\":\"ImageObject\",\"inLanguage\":\"uk\",\"@id\":\"https:\/\/pauzza.pl\/#\/schema\/logo\/image\/\",\"url\":\"https:\/\/pauzza.pl\/wp-content\/uploads\/2024\/01\/pauzzaw.png\",\"contentUrl\":\"https:\/\/pauzza.pl\/wp-content\/uploads\/2024\/01\/pauzzaw.png\",\"width\":350,\"height\":100,\"caption\":\"Sklep online z damsk\u0105 odzie\u017c\u0105 Pauzza: Damska odzie\u017c. Nowa Kolekcja\"},\"image\":{\"@id\":\"https:\/\/pauzza.pl\/#\/schema\/logo\/image\/\"}}]}<\/script>\n<!-- \/ Yoast SEO plugin. -->","yoast_head_json":{"title":"Zegarek M\u0119ski PERFECT MONTRE M154-5","robots":{"index":"index","follow":"follow","max-snippet":"max-snippet:-1","max-image-preview":"max-image-preview:large","max-video-preview":"max-video-preview:-1"},"canonical":"https:\/\/pauzza.pl\/uk\/\u043f\u0440\u043e\u0434\u0443\u043a\u0442\/zegarek-meski-perfect-m154-5\/","og_locale":"uk_UA","og_type":"article","og_title":"Zegarek M\u0119ski PERFECT MONTRE M154-5","og_description":"\u00a0 PERFECT \u00a0\u00a0 MONTRE \u00a0\u00a0\u00a0\u00a0\u00a0\u00a0\u00a0\u00a0\u00a0\u00a0\u00a0\u00a0\u00a0\u00a0\u00a0\u00a0\u00a0\u00a0\u00a0\u00a0\u00a0\u00a0\u00a0\u00a0\u00a0\u00a0\u00a0\u00a0\u00a0\u00a0\u00a0\u00a0\u00a0\u00a0\u00a0\u00a0\u00a0\u00a0\u00a0\u00a0\u00a0\u00a0\u00a0\u00a0\u00a0\u00a0 \u00a0 \u00a0 \u00a0 HIGH QUALITY:\u00a0 Wysoka jako\u015b\u0107 wykonania MECHANIZM: Kwarcowy BATERIA: Tak TARCZA:\u00a0 Analogowa. Ma\u0142e zegary stanowi\u0105 funkcj\u0119 ozdobn\u0105.\u00a0 KOPERTA: \u00a0 Wysokogatunkowa stal SZKIE\u0141KO: Mineralne o podwy\u017cszonej odporno\u015bci na zarysowania BRANSOLETA: Wysokogatunkowa stal, regulowana ION PLATING SILVER\/GOLD: Zegarek wykonano w nowoczesnej jonowej metodzie, pozwalaj\u0105cej uzyska\u0107 bardzo g\u0142adk\u0105 i jednolit\u0105 powierzchni\u0119. [&hellip;]","og_url":"https:\/\/pauzza.pl\/uk\/\u043f\u0440\u043e\u0434\u0443\u043a\u0442\/zegarek-meski-perfect-m154-5\/","og_site_name":"Sklep online z damsk\u0105 odzie\u017c\u0105 Pauzza: Damska odzie\u017c. Nowa Kolekcja","article_modified_time":"2026-05-13T17:24:26+00:00","og_image":[{"width":758,"height":1200,"url":"https:\/\/pauzza.pl\/wp-content\/uploads\/2025\/11\/3_max-90.jpg","type":"image\/jpeg"}],"twitter_card":"summary_large_image","schema":{"@context":"https:\/\/schema.org","@graph":[{"@type":"WebPage","@id":"https:\/\/pauzza.pl\/produkt\/zegarek-meski-perfect-m154-5\/","url":"https:\/\/pauzza.pl\/produkt\/zegarek-meski-perfect-m154-5\/","name":"Zegarek M\u0119ski PERFECT MONTRE M154-5","isPartOf":{"@id":"https:\/\/pauzza.pl\/#website"},"primaryImageOfPage":{"@id":"https:\/\/pauzza.pl\/produkt\/zegarek-meski-perfect-m154-5\/#primaryimage"},"image":{"@id":"https:\/\/pauzza.pl\/produkt\/zegarek-meski-perfect-m154-5\/#primaryimage"},"thumbnailUrl":"https:\/\/pauzza.pl\/wp-content\/uploads\/2025\/11\/3_max-90.jpg","datePublished":"2025-11-24T13:25:56+00:00","dateModified":"2026-05-13T17:24:26+00:00","breadcrumb":{"@id":"https:\/\/pauzza.pl\/produkt\/zegarek-meski-perfect-m154-5\/#breadcrumb"},"inLanguage":"uk","potentialAction":[{"@type":"ReadAction","target":["https:\/\/pauzza.pl\/produkt\/zegarek-meski-perfect-m154-5\/"]}]},{"@type":"ImageObject","inLanguage":"uk","@id":"https:\/\/pauzza.pl\/produkt\/zegarek-meski-perfect-m154-5\/#primaryimage","url":"https:\/\/pauzza.pl\/wp-content\/uploads\/2025\/11\/3_max-90.jpg","contentUrl":"https:\/\/pauzza.pl\/wp-content\/uploads\/2025\/11\/3_max-90.jpg","width":758,"height":1200},{"@type":"BreadcrumbList","@id":"https:\/\/pauzza.pl\/produkt\/zegarek-meski-perfect-m154-5\/#breadcrumb","itemListElement":[{"@type":"ListItem","position":1,"name":"Strona g\u0142\u00f3wna","item":"https:\/\/pauzza.pl\/"},{"@type":"ListItem","position":2,"name":"Sklep","item":"https:\/\/pauzza.pl\/sklep\/"},{"@type":"ListItem","position":3,"name":"Zegarek M\u0119ski PERFECT M154-5"}]},{"@type":"WebSite","@id":"https:\/\/pauzza.pl\/#website","url":"https:\/\/pauzza.pl\/","name":"\u0406\u043d\u0442\u0435\u0440\u043d\u0435\u0442 \u043c\u0430\u0433\u0430\u0437\u0438\u043d \u0436\u0456\u043d\u043e\u0447\u043e\u0433\u043e \u043e\u0434\u044f\u0433\u0443 Pauzza: \u0416\u0456\u043d\u043e\u0447\u0438\u0439 \u043e\u0434\u044f\u0433. \u041d\u043e\u0432\u0430 \u043a\u043e\u043b\u0435\u043a\u0446\u0456\u044f","description":"\u042f\u043a\u0449\u043e \u0432\u0438 \u0445\u043e\u0447\u0435\u0442\u0435 \u043f\u043e\u0434\u0431\u0430\u0442\u0438 \u043f\u0440\u043e \u0441\u0432\u0456\u0439 \u043f\u0440\u043e\u0444\u0435\u0441\u0456\u0439\u043d\u0438\u0439 \u0442\u0430 \u0441\u0442\u0438\u043b\u044c\u043d\u0438\u0439 \u0432\u0438\u0433\u043b\u044f\u0434 \u043d\u0430 \u0440\u043e\u0431\u043e\u0442\u0456, \u043e\u043d\u043b\u0430\u0439\u043d-\u0431\u0443\u0442\u0456\u043a Pauzza - \u0446\u0435 \u0445\u0456\u0442! \u0422\u0443\u0442 \u0432\u0438 \u0437\u043d\u0430\u0439\u0434\u0435\u0442\u0435 \u0448\u0438\u0440\u043e\u043a\u0438\u0439 \u0432\u0438\u0431\u0456\u0440 \u043f\u0456\u0434\u0436\u0430\u043a\u0456\u0432, \u0441\u043e\u0440\u043e\u0447\u043e\u043a, \u0436\u0430\u043a\u0435\u0442\u0456\u0432, \u0441\u0443\u043a\u043e\u043d\u044c, \u0441\u043f\u0456\u0434\u043d\u0438\u0446\u044c \u0442\u0430 \u0431\u0430\u0433\u0430\u0442\u043e \u0456\u043d\u0448\u043e\u0433\u043e.","publisher":{"@id":"https:\/\/pauzza.pl\/#organization"},"potentialAction":[{"@type":"SearchAction","target":{"@type":"EntryPoint","urlTemplate":"https:\/\/pauzza.pl\/?s={search_term_string}"},"query-input":{"@type":"PropertyValueSpecification","valueRequired":true,"valueName":"search_term_string"}}],"inLanguage":"uk"},{"@type":"Organization","@id":"https:\/\/pauzza.pl\/#organization","name":"\u0406\u043d\u0442\u0435\u0440\u043d\u0435\u0442 \u043c\u0430\u0433\u0430\u0437\u0438\u043d \u0436\u0456\u043d\u043e\u0447\u043e\u0433\u043e \u043e\u0434\u044f\u0433\u0443 Pauzza: \u0416\u0456\u043d\u043e\u0447\u0438\u0439 \u043e\u0434\u044f\u0433. \u041d\u043e\u0432\u0430 \u043a\u043e\u043b\u0435\u043a\u0446\u0456\u044f","url":"https:\/\/pauzza.pl\/","logo":{"@type":"ImageObject","inLanguage":"uk","@id":"https:\/\/pauzza.pl\/#\/schema\/logo\/image\/","url":"https:\/\/pauzza.pl\/wp-content\/uploads\/2024\/01\/pauzzaw.png","contentUrl":"https:\/\/pauzza.pl\/wp-content\/uploads\/2024\/01\/pauzzaw.png","width":350,"height":100,"caption":"Sklep online z damsk\u0105 odzie\u017c\u0105 Pauzza: Damska odzie\u017c. Nowa Kolekcja"},"image":{"@id":"https:\/\/pauzza.pl\/#\/schema\/logo\/image\/"}}]}},"_links":{"self":[{"href":"https:\/\/pauzza.pl\/uk\/wp-json\/wp\/v2\/product\/977445","targetHints":{"allow":["GET"]}}],"collection":[{"href":"https:\/\/pauzza.pl\/uk\/wp-json\/wp\/v2\/product"}],"about":[{"href":"https:\/\/pauzza.pl\/uk\/wp-json\/wp\/v2\/types\/product"}],"wp:featuredmedia":[{"embeddable":true,"href":"https:\/\/pauzza.pl\/uk\/wp-json\/wp\/v2\/media\/977447"}],"wp:attachment":[{"href":"https:\/\/pauzza.pl\/uk\/wp-json\/wp\/v2\/media?parent=977445"}],"wp:term":[{"taxonomy":"product_brand","embeddable":true,"href":"https:\/\/pauzza.pl\/uk\/wp-json\/wp\/v2\/product_brand?post=977445"},{"taxonomy":"product_cat","embeddable":true,"href":"https:\/\/pauzza.pl\/uk\/wp-json\/wp\/v2\/product_cat?post=977445"},{"taxonomy":"product_tag","embeddable":true,"href":"https:\/\/pauzza.pl\/uk\/wp-json\/wp\/v2\/product_tag?post=977445"}],"curies":[{"name":"wp","href":"https:\/\/api.w.org\/{rel}","templated":true}]}}