{"id":976887,"date":"2025-11-24T14:22:21","date_gmt":"2025-11-24T13:22:21","guid":{"rendered":"https:\/\/pauzza.pl\/produkt\/zegarek-damski-perfect-fluorescencja-063\/"},"modified":"2026-04-03T15:11:46","modified_gmt":"2026-04-03T13:11:46","slug":"zegarek-damski-perfect-fluorescencja-063","status":"publish","type":"product","link":"https:\/\/pauzza.pl\/uk\/%d0%bf%d1%80%d0%be%d0%b4%d1%83%d0%ba%d1%82\/zegarek-damski-perfect-fluorescencja-063\/","title":{"rendered":"Zegarek Damski PERFECT Fluorescencja 063"},"content":{"rendered":"<div class=\"def\" style=\"font-size: 14px;\">\n<div class=\"def\">\n<div class=\"additional-description__item additional-description__text\">\n<h2 class=\"def\"><span style=\"font-size: 11pt;\"><strong class=\"def\"><span class=\"def\"><span style=\"color: #222222;\" class=\"def\"><span style=\"font-family: 'Open Sans', sans-serif;\" class=\"def\"><span style=\"background-color: transparent;\" class=\"def\"><span style=\"font-family: verdana, geneva;\" class=\"def\"><span style=\"font-size: 14pt;\">!! ATRAKCYJNA CENA !!<\/span> <span style=\"font-size: 14pt;\">OSTATNIE SZTUKI!!<\/span><\/p>\n<p>Damski zegarek Pefect to idealny czasomierz stworzony dla kobiet w ka\u017cdym wieku. Ten model jest wspania\u0142\u0105 propozycj\u0105 na prezent.\u00a0<br \/><\/span><\/span><\/span><\/span><\/span><\/strong><\/span><\/h2>\n<p><span style=\"font-size: 12pt;\"><strong class=\"def\"><span class=\"def\"><span style=\"color: #222222;\" class=\"def\"><span style=\"font-family: 'Open Sans', sans-serif;\" class=\"def\"><span style=\"background-color: transparent;\" class=\"def\"><span style=\"font-family: verdana, geneva;\" class=\"def\"><span style=\"font-size: 11pt;\"><strong>Opis produktu:<\/strong><\/span><\/p>\n<p><\/span><\/span><\/span><\/span><\/span><\/strong><\/span><\/p>\n<ul class=\"def\" style=\"text-align: left;\">\n<li class=\"def\" style=\"font-size: 12pt;\"><span style=\"font-size: 12pt;\"><strong>Marka:<\/strong> Perfect<\/span><\/li>\n<li class=\"def\" style=\"font-size: 12pt;\"><span style=\"font-size: 12pt;\"><strong>Model:<\/strong> 063<\/span><\/li>\n<li class=\"def\" style=\"font-size: 12pt;\"><span style=\"font-size: 12pt;\"><strong>Mechanizm:<\/strong> Precyzyjny kwarcowy, zasilany bateri\u0105<\/span><\/li>\n<li class=\"def\" style=\"font-size: 12pt;\"><span style=\"font-size: 12pt;\"><strong>Rodzaj tarczy:<\/strong> Analogowa z trzema wskaz\u00f3wkami: godzinow\u0105, minutow\u0105 i sekundow\u0105\u00a0<\/span><\/li>\n<li class=\"def\" style=\"font-size: 12pt;\"><span style=\"font-size: 12pt;\"><strong>Koperta:<\/strong> Okr\u0105g\u0142a<\/span><\/li>\n<li class=\"def\" style=\"font-size: 12pt;\"><span style=\"font-size: 12pt;\"><strong>Szkie\u0142ko:<\/strong> Mineralne<\/span><\/li>\n<li class=\"def\" style=\"font-size: 12pt;\"><span style=\"font-size: 12pt;\"><strong>Pasek:<\/strong> Sk\u00f3ra naturalna\u00a0<\/span><\/li>\n<li class=\"def\" style=\"font-size: 12pt;\"><span style=\"font-size: 12pt;\"><strong>Wodoszczelno\u015b\u0107:<\/strong> 3 ATM\/3 BAR \u2013 odporny na zachlapania<\/span><\/li>\n<li class=\"def\" style=\"font-size: 12pt;\"><span style=\"font-size: 12pt;\"><strong>Antyalergiczny:<\/strong> Tak \u2013 nie zawiera niklu, bezpieczny dla sk\u00f3ry<\/span><\/li>\n<\/ul>\n<p style=\"font-size: 12pt;\">\u00a0<\/p>\n<\/div>\n<p class=\"def\">\u00a0<\/p>\n<p class=\"def\"><span class=\"def\" style=\"font-size: 11pt;\" _mce_style=\"font-size: medium;\"><strong class=\"def\">Wymiary w mm:<\/strong><\/span><\/p>\n<ul style=\"list-style-type: disc;\">\n<li><span class=\"def\" style=\"background-color: transparent; font-size: 11pt;\"><span class=\"def\"><span class=\"def\" style=\"font-family: verdana, geneva;\"><strong>Koperta:<\/strong> 26 mm<\/span><\/span><\/span><\/li>\n<li><span class=\"def\" style=\"background-color: transparent; font-size: 11pt;\"><span class=\"def\"><span class=\"def\" style=\"font-family: verdana, geneva;\"><strong>Tarcza: <\/strong>20 mm\u00a0<\/span><\/span><\/span><\/li>\n<li><span class=\"def\" style=\"background-color: transparent; font-size: 11pt;\"><span class=\"def\"><span class=\"def\" style=\"font-family: verdana, geneva;\"><strong>Grubo\u015b\u0107:<\/strong> 8 mm\u00a0<\/span><\/span><\/span><\/li>\n<li><span class=\"def\" style=\"background-color: transparent; font-size: 11pt;\"><span class=\"def\"><span class=\"def\" style=\"font-family: verdana, geneva;\"><strong>Pasek szeroko\u015b\u0107:<\/strong> 12 mm<\/span><\/span><\/span><\/li>\n<\/ul>\n<p class=\"def\">\u00a0<\/p>\n<p class=\"def\"><span class=\"def\" style=\"font-size: 11pt;\" _mce_style=\"font-size: medium;\"><strong class=\"def\">Kolorystyka:<\/strong><\/span><\/p>\n<ul style=\"list-style-type: disc;\">\n<li><span class=\"def\" style=\"background-color: transparent; font-size: 11pt;\"><span class=\"def\"><span class=\"def\" style=\"font-family: verdana, geneva;\"><strong>Koperta:<\/strong> srebrna<\/span><\/span><\/span><\/li>\n<li><span style=\"font-size: 11pt;\"><span class=\"def\" style=\"background-color: transparent;\"><span class=\"def\"><span class=\"def\" style=\"font-family: verdana, geneva;\"><strong>Tarcza:<\/strong> fluorescencja<\/span><\/span><\/span><span class=\"def\" style=\"background-color: transparent;\"><span class=\"def\"><span class=\"def\" style=\"font-family: verdana, geneva;\"><br class=\"def\"><\/span><\/span><\/span><\/span><\/li>\n<li><span class=\"def\" style=\"background-color: transparent; font-size: 11pt;\"><span class=\"def\"><span class=\"def\" style=\"font-family: verdana, geneva;\"><strong>Indeksy\/Cyfry\/Wskaz\u00f3wki:<\/strong> czarne<\/span><\/span><\/span><span style=\"font-size: 11pt;\"><span class=\"def\" style=\"background-color: transparent;\"><span class=\"def\"><span class=\"def\" style=\"font-family: verdana, geneva;\"><span class=\"def\" style=\"background-color: transparent; font-size: 11pt;\"><\/span><\/span><\/span><\/span><\/span><span class=\"def\" style=\"background-color: transparent; font-size: 11pt;\"><span class=\"def\"><span class=\"def\" style=\"font-family: verdana, geneva;\"><\/span><\/span><\/span><\/li>\n<li><span class=\"def\" style=\"background-color: transparent;\"><span class=\"def\" style=\"font-size: 10pt;\"><span class=\"def\" style=\"font-family: verdana, geneva;\"><span class=\"def\"><span style=\"font-size: 11pt;\"><strong>Pasek:<\/strong> \u0447\u043e\u0440\u043d\u0438\u0439<\/span><\/span><\/span><\/span><\/span><\/li>\n<\/ul>\n<p>\u00a0<\/p>\n<p><span class=\"def\" style=\"background-color: transparent;\"><span class=\"def\" style=\"font-size: 10pt;\"><span class=\"def\" style=\"font-family: verdana, geneva;\"><span class=\"def\"><span style=\"font-size: 11pt;\"><span style=\"font-size: 12pt;\">Na zegarek marki Perfect udzielana jest 12-miesi\u0119czna gwarancja.\u00a0<\/span><\/span><\/span><\/span><\/span><\/span><\/p>\n<p class=\"def\"><strong class=\"def\">\u00a0<\/strong><\/p>\n<\/div>\n<\/div>","protected":false},"excerpt":{"rendered":"<p>!! ATRAKCYJNA CENA !! OSTATNIE SZTUKI!! Damski zegarek Pefect to idealny czasomierz stworzony dla kobiet w ka\u017cdym wieku. Ten model jest wspania\u0142\u0105 propozycj\u0105 na prezent.\u00a0 Opis produktu: Marka: Perfect Model: 063 Mechanizm: Precyzyjny kwarcowy, zasilany bateri\u0105 Rodzaj tarczy: Analogowa z trzema wskaz\u00f3wkami: godzinow\u0105, minutow\u0105 i sekundow\u0105\u00a0 Koperta: Okr\u0105g\u0142a Szkie\u0142ko: Mineralne Pasek: Sk\u00f3ra naturalna\u00a0 Wodoszczelno\u015b\u0107: 3 [&hellip;]<\/p>","protected":false},"featured_media":976889,"template":"","meta":{"_acf_changed":false},"product_brand":[],"product_cat":[4871,4870,4838],"product_tag":[],"class_list":{"0":"post-976887","1":"product","2":"type-product","3":"status-publish","4":"has-post-thumbnail","6":"product_cat-na-pasku-perfect","7":"product_cat-perfect","8":"product_cat-zegarki-damskie","10":"first","11":"outofstock","12":"taxable","13":"shipping-taxable","14":"purchasable","15":"product-type-simple"},"acf":[],"yoast_head":"<!-- This site is optimized with the Yoast SEO plugin v27.2 - https:\/\/yoast.com\/product\/yoast-seo-wordpress\/ -->\n<title>Zegarek Damski PERFECT Fluorescencja 063<\/title>\n<meta name=\"robots\" content=\"index, follow, max-snippet:-1, max-image-preview:large, max-video-preview:-1\" \/>\n<link rel=\"canonical\" href=\"https:\/\/pauzza.pl\/uk\/\u043f\u0440\u043e\u0434\u0443\u043a\u0442\/zegarek-damski-perfect-fluorescencja-063\/\" \/>\n<meta property=\"og:locale\" content=\"uk_UA\" \/>\n<meta property=\"og:type\" content=\"article\" \/>\n<meta property=\"og:title\" content=\"Zegarek Damski PERFECT Fluorescencja 063\" \/>\n<meta property=\"og:description\" content=\"!! ATRAKCYJNA CENA !! OSTATNIE SZTUKI!! Damski zegarek Pefect to idealny czasomierz stworzony dla kobiet w ka\u017cdym wieku. Ten model jest wspania\u0142\u0105 propozycj\u0105 na prezent.\u00a0 Opis produktu: Marka: Perfect Model: 063 Mechanizm: Precyzyjny kwarcowy, zasilany bateri\u0105 Rodzaj tarczy: Analogowa z trzema wskaz\u00f3wkami: godzinow\u0105, minutow\u0105 i sekundow\u0105\u00a0 Koperta: Okr\u0105g\u0142a Szkie\u0142ko: Mineralne Pasek: Sk\u00f3ra naturalna\u00a0 Wodoszczelno\u015b\u0107: 3 [&hellip;]\" \/>\n<meta property=\"og:url\" content=\"https:\/\/pauzza.pl\/uk\/\u043f\u0440\u043e\u0434\u0443\u043a\u0442\/zegarek-damski-perfect-fluorescencja-063\/\" \/>\n<meta property=\"og:site_name\" content=\"Sklep online z damsk\u0105 odzie\u017c\u0105 Pauzza: Damska odzie\u017c. Nowa Kolekcja\" \/>\n<meta property=\"article:modified_time\" content=\"2026-04-03T13:11:46+00:00\" \/>\n<meta property=\"og:image\" content=\"https:\/\/pauzza.pl\/wp-content\/uploads\/2025\/11\/1_max-79.jpg\" \/>\n\t<meta property=\"og:image:width\" content=\"900\" \/>\n\t<meta property=\"og:image:height\" content=\"1200\" \/>\n\t<meta property=\"og:image:type\" content=\"image\/jpeg\" \/>\n<meta name=\"twitter:card\" content=\"summary_large_image\" \/>\n<meta name=\"twitter:label1\" content=\"\u041f\u0440\u0438\u0431\u043b. \u0447\u0430\u0441 \u0447\u0438\u0442\u0430\u043d\u043d\u044f\" \/>\n\t<meta name=\"twitter:data1\" content=\"1 \u0445\u0432\u0438\u043b\u0438\u043d\u0430\" \/>\n<script type=\"application\/ld+json\" class=\"yoast-schema-graph\">{\"@context\":\"https:\/\/schema.org\",\"@graph\":[{\"@type\":\"WebPage\",\"@id\":\"https:\/\/pauzza.pl\/produkt\/zegarek-damski-perfect-fluorescencja-063\/\",\"url\":\"https:\/\/pauzza.pl\/produkt\/zegarek-damski-perfect-fluorescencja-063\/\",\"name\":\"Zegarek Damski PERFECT Fluorescencja 063\",\"isPartOf\":{\"@id\":\"https:\/\/pauzza.pl\/#website\"},\"primaryImageOfPage\":{\"@id\":\"https:\/\/pauzza.pl\/produkt\/zegarek-damski-perfect-fluorescencja-063\/#primaryimage\"},\"image\":{\"@id\":\"https:\/\/pauzza.pl\/produkt\/zegarek-damski-perfect-fluorescencja-063\/#primaryimage\"},\"thumbnailUrl\":\"https:\/\/pauzza.pl\/wp-content\/uploads\/2025\/11\/1_max-79.jpg\",\"datePublished\":\"2025-11-24T13:22:21+00:00\",\"dateModified\":\"2026-04-03T13:11:46+00:00\",\"breadcrumb\":{\"@id\":\"https:\/\/pauzza.pl\/produkt\/zegarek-damski-perfect-fluorescencja-063\/#breadcrumb\"},\"inLanguage\":\"uk\",\"potentialAction\":[{\"@type\":\"ReadAction\",\"target\":[\"https:\/\/pauzza.pl\/produkt\/zegarek-damski-perfect-fluorescencja-063\/\"]}]},{\"@type\":\"ImageObject\",\"inLanguage\":\"uk\",\"@id\":\"https:\/\/pauzza.pl\/produkt\/zegarek-damski-perfect-fluorescencja-063\/#primaryimage\",\"url\":\"https:\/\/pauzza.pl\/wp-content\/uploads\/2025\/11\/1_max-79.jpg\",\"contentUrl\":\"https:\/\/pauzza.pl\/wp-content\/uploads\/2025\/11\/1_max-79.jpg\",\"width\":900,\"height\":1200},{\"@type\":\"BreadcrumbList\",\"@id\":\"https:\/\/pauzza.pl\/produkt\/zegarek-damski-perfect-fluorescencja-063\/#breadcrumb\",\"itemListElement\":[{\"@type\":\"ListItem\",\"position\":1,\"name\":\"Strona g\u0142\u00f3wna\",\"item\":\"https:\/\/pauzza.pl\/\"},{\"@type\":\"ListItem\",\"position\":2,\"name\":\"Sklep\",\"item\":\"https:\/\/pauzza.pl\/sklep\/\"},{\"@type\":\"ListItem\",\"position\":3,\"name\":\"Zegarek Damski PERFECT Fluorescencja 063\"}]},{\"@type\":\"WebSite\",\"@id\":\"https:\/\/pauzza.pl\/#website\",\"url\":\"https:\/\/pauzza.pl\/\",\"name\":\"Sklep online z damsk\u0105 odzie\u017c\u0105 Pauzza: Damska odzie\u017c. Nowa Kolekcja\",\"description\":\"Je\u015bli chcesz zadba\u0107 o sw\u00f3j profesjonalny i pe\u0142en klasy wygl\u0105d w pracy butik online Pauzza, to strza\u0142 w dziesi\u0105tk\u0119! U nas znajdziesz szeroki wyb\u00f3r \u017cakiet\u00f3w, koszul, kurtek, sukienek, sp\u00f3dnic i wiele wiecej\",\"publisher\":{\"@id\":\"https:\/\/pauzza.pl\/#organization\"},\"potentialAction\":[{\"@type\":\"SearchAction\",\"target\":{\"@type\":\"EntryPoint\",\"urlTemplate\":\"https:\/\/pauzza.pl\/?s={search_term_string}\"},\"query-input\":{\"@type\":\"PropertyValueSpecification\",\"valueRequired\":true,\"valueName\":\"search_term_string\"}}],\"inLanguage\":\"uk\"},{\"@type\":\"Organization\",\"@id\":\"https:\/\/pauzza.pl\/#organization\",\"name\":\"Sklep online z damsk\u0105 odzie\u017c\u0105 Pauzza: Damska odzie\u017c. Nowa Kolekcja\",\"url\":\"https:\/\/pauzza.pl\/\",\"logo\":{\"@type\":\"ImageObject\",\"inLanguage\":\"uk\",\"@id\":\"https:\/\/pauzza.pl\/#\/schema\/logo\/image\/\",\"url\":\"https:\/\/pauzza.pl\/wp-content\/uploads\/2024\/01\/pauzzaw.png\",\"contentUrl\":\"https:\/\/pauzza.pl\/wp-content\/uploads\/2024\/01\/pauzzaw.png\",\"width\":350,\"height\":100,\"caption\":\"Sklep online z damsk\u0105 odzie\u017c\u0105 Pauzza: Damska odzie\u017c. Nowa Kolekcja\"},\"image\":{\"@id\":\"https:\/\/pauzza.pl\/#\/schema\/logo\/image\/\"}}]}<\/script>\n<!-- \/ Yoast SEO plugin. -->","yoast_head_json":{"title":"Zegarek Damski PERFECT Fluorescencja 063","robots":{"index":"index","follow":"follow","max-snippet":"max-snippet:-1","max-image-preview":"max-image-preview:large","max-video-preview":"max-video-preview:-1"},"canonical":"https:\/\/pauzza.pl\/uk\/\u043f\u0440\u043e\u0434\u0443\u043a\u0442\/zegarek-damski-perfect-fluorescencja-063\/","og_locale":"uk_UA","og_type":"article","og_title":"Zegarek Damski PERFECT Fluorescencja 063","og_description":"!! ATRAKCYJNA CENA !! OSTATNIE SZTUKI!! Damski zegarek Pefect to idealny czasomierz stworzony dla kobiet w ka\u017cdym wieku. Ten model jest wspania\u0142\u0105 propozycj\u0105 na prezent.\u00a0 Opis produktu: Marka: Perfect Model: 063 Mechanizm: Precyzyjny kwarcowy, zasilany bateri\u0105 Rodzaj tarczy: Analogowa z trzema wskaz\u00f3wkami: godzinow\u0105, minutow\u0105 i sekundow\u0105\u00a0 Koperta: Okr\u0105g\u0142a Szkie\u0142ko: Mineralne Pasek: Sk\u00f3ra naturalna\u00a0 Wodoszczelno\u015b\u0107: 3 [&hellip;]","og_url":"https:\/\/pauzza.pl\/uk\/\u043f\u0440\u043e\u0434\u0443\u043a\u0442\/zegarek-damski-perfect-fluorescencja-063\/","og_site_name":"Sklep online z damsk\u0105 odzie\u017c\u0105 Pauzza: Damska odzie\u017c. Nowa Kolekcja","article_modified_time":"2026-04-03T13:11:46+00:00","og_image":[{"width":900,"height":1200,"url":"https:\/\/pauzza.pl\/wp-content\/uploads\/2025\/11\/1_max-79.jpg","type":"image\/jpeg"}],"twitter_card":"summary_large_image","twitter_misc":{"\u041f\u0440\u0438\u0431\u043b. \u0447\u0430\u0441 \u0447\u0438\u0442\u0430\u043d\u043d\u044f":"1 \u0445\u0432\u0438\u043b\u0438\u043d\u0430"},"schema":{"@context":"https:\/\/schema.org","@graph":[{"@type":"WebPage","@id":"https:\/\/pauzza.pl\/produkt\/zegarek-damski-perfect-fluorescencja-063\/","url":"https:\/\/pauzza.pl\/produkt\/zegarek-damski-perfect-fluorescencja-063\/","name":"Zegarek Damski PERFECT Fluorescencja 063","isPartOf":{"@id":"https:\/\/pauzza.pl\/#website"},"primaryImageOfPage":{"@id":"https:\/\/pauzza.pl\/produkt\/zegarek-damski-perfect-fluorescencja-063\/#primaryimage"},"image":{"@id":"https:\/\/pauzza.pl\/produkt\/zegarek-damski-perfect-fluorescencja-063\/#primaryimage"},"thumbnailUrl":"https:\/\/pauzza.pl\/wp-content\/uploads\/2025\/11\/1_max-79.jpg","datePublished":"2025-11-24T13:22:21+00:00","dateModified":"2026-04-03T13:11:46+00:00","breadcrumb":{"@id":"https:\/\/pauzza.pl\/produkt\/zegarek-damski-perfect-fluorescencja-063\/#breadcrumb"},"inLanguage":"uk","potentialAction":[{"@type":"ReadAction","target":["https:\/\/pauzza.pl\/produkt\/zegarek-damski-perfect-fluorescencja-063\/"]}]},{"@type":"ImageObject","inLanguage":"uk","@id":"https:\/\/pauzza.pl\/produkt\/zegarek-damski-perfect-fluorescencja-063\/#primaryimage","url":"https:\/\/pauzza.pl\/wp-content\/uploads\/2025\/11\/1_max-79.jpg","contentUrl":"https:\/\/pauzza.pl\/wp-content\/uploads\/2025\/11\/1_max-79.jpg","width":900,"height":1200},{"@type":"BreadcrumbList","@id":"https:\/\/pauzza.pl\/produkt\/zegarek-damski-perfect-fluorescencja-063\/#breadcrumb","itemListElement":[{"@type":"ListItem","position":1,"name":"Strona g\u0142\u00f3wna","item":"https:\/\/pauzza.pl\/"},{"@type":"ListItem","position":2,"name":"Sklep","item":"https:\/\/pauzza.pl\/sklep\/"},{"@type":"ListItem","position":3,"name":"Zegarek Damski PERFECT Fluorescencja 063"}]},{"@type":"WebSite","@id":"https:\/\/pauzza.pl\/#website","url":"https:\/\/pauzza.pl\/","name":"\u0406\u043d\u0442\u0435\u0440\u043d\u0435\u0442 \u043c\u0430\u0433\u0430\u0437\u0438\u043d \u0436\u0456\u043d\u043e\u0447\u043e\u0433\u043e \u043e\u0434\u044f\u0433\u0443 Pauzza: \u0416\u0456\u043d\u043e\u0447\u0438\u0439 \u043e\u0434\u044f\u0433. \u041d\u043e\u0432\u0430 \u043a\u043e\u043b\u0435\u043a\u0446\u0456\u044f","description":"\u042f\u043a\u0449\u043e \u0432\u0438 \u0445\u043e\u0447\u0435\u0442\u0435 \u043f\u043e\u0434\u0431\u0430\u0442\u0438 \u043f\u0440\u043e \u0441\u0432\u0456\u0439 \u043f\u0440\u043e\u0444\u0435\u0441\u0456\u0439\u043d\u0438\u0439 \u0442\u0430 \u0441\u0442\u0438\u043b\u044c\u043d\u0438\u0439 \u0432\u0438\u0433\u043b\u044f\u0434 \u043d\u0430 \u0440\u043e\u0431\u043e\u0442\u0456, \u043e\u043d\u043b\u0430\u0439\u043d-\u0431\u0443\u0442\u0456\u043a Pauzza - \u0446\u0435 \u0445\u0456\u0442! \u0422\u0443\u0442 \u0432\u0438 \u0437\u043d\u0430\u0439\u0434\u0435\u0442\u0435 \u0448\u0438\u0440\u043e\u043a\u0438\u0439 \u0432\u0438\u0431\u0456\u0440 \u043f\u0456\u0434\u0436\u0430\u043a\u0456\u0432, \u0441\u043e\u0440\u043e\u0447\u043e\u043a, \u0436\u0430\u043a\u0435\u0442\u0456\u0432, \u0441\u0443\u043a\u043e\u043d\u044c, \u0441\u043f\u0456\u0434\u043d\u0438\u0446\u044c \u0442\u0430 \u0431\u0430\u0433\u0430\u0442\u043e \u0456\u043d\u0448\u043e\u0433\u043e.","publisher":{"@id":"https:\/\/pauzza.pl\/#organization"},"potentialAction":[{"@type":"SearchAction","target":{"@type":"EntryPoint","urlTemplate":"https:\/\/pauzza.pl\/?s={search_term_string}"},"query-input":{"@type":"PropertyValueSpecification","valueRequired":true,"valueName":"search_term_string"}}],"inLanguage":"uk"},{"@type":"Organization","@id":"https:\/\/pauzza.pl\/#organization","name":"\u0406\u043d\u0442\u0435\u0440\u043d\u0435\u0442 \u043c\u0430\u0433\u0430\u0437\u0438\u043d \u0436\u0456\u043d\u043e\u0447\u043e\u0433\u043e \u043e\u0434\u044f\u0433\u0443 Pauzza: \u0416\u0456\u043d\u043e\u0447\u0438\u0439 \u043e\u0434\u044f\u0433. \u041d\u043e\u0432\u0430 \u043a\u043e\u043b\u0435\u043a\u0446\u0456\u044f","url":"https:\/\/pauzza.pl\/","logo":{"@type":"ImageObject","inLanguage":"uk","@id":"https:\/\/pauzza.pl\/#\/schema\/logo\/image\/","url":"https:\/\/pauzza.pl\/wp-content\/uploads\/2024\/01\/pauzzaw.png","contentUrl":"https:\/\/pauzza.pl\/wp-content\/uploads\/2024\/01\/pauzzaw.png","width":350,"height":100,"caption":"Sklep online z damsk\u0105 odzie\u017c\u0105 Pauzza: Damska odzie\u017c. Nowa Kolekcja"},"image":{"@id":"https:\/\/pauzza.pl\/#\/schema\/logo\/image\/"}}]}},"_links":{"self":[{"href":"https:\/\/pauzza.pl\/uk\/wp-json\/wp\/v2\/product\/976887","targetHints":{"allow":["GET"]}}],"collection":[{"href":"https:\/\/pauzza.pl\/uk\/wp-json\/wp\/v2\/product"}],"about":[{"href":"https:\/\/pauzza.pl\/uk\/wp-json\/wp\/v2\/types\/product"}],"wp:featuredmedia":[{"embeddable":true,"href":"https:\/\/pauzza.pl\/uk\/wp-json\/wp\/v2\/media\/976889"}],"wp:attachment":[{"href":"https:\/\/pauzza.pl\/uk\/wp-json\/wp\/v2\/media?parent=976887"}],"wp:term":[{"taxonomy":"product_brand","embeddable":true,"href":"https:\/\/pauzza.pl\/uk\/wp-json\/wp\/v2\/product_brand?post=976887"},{"taxonomy":"product_cat","embeddable":true,"href":"https:\/\/pauzza.pl\/uk\/wp-json\/wp\/v2\/product_cat?post=976887"},{"taxonomy":"product_tag","embeddable":true,"href":"https:\/\/pauzza.pl\/uk\/wp-json\/wp\/v2\/product_tag?post=976887"}],"curies":[{"name":"wp","href":"https:\/\/api.w.org\/{rel}","templated":true}]}}