{"id":976846,"date":"2025-11-24T14:22:03","date_gmt":"2025-11-24T13:22:03","guid":{"rendered":"https:\/\/pauzza.pl\/produkt\/zegarek-damski-jordan-kerr-jeans-fw035w-4\/"},"modified":"2026-04-14T16:14:11","modified_gmt":"2026-04-14T14:14:11","slug":"zegarek-damski-jordan-kerr-jeans-fw035w-4","status":"publish","type":"product","link":"https:\/\/pauzza.pl\/uk\/%d0%bf%d1%80%d0%be%d0%b4%d1%83%d0%ba%d1%82\/zegarek-damski-jordan-kerr-jeans-fw035w-4\/","title":{"rendered":"Zegarek Damski JORDAN KERR JEANS FW035W-4"},"content":{"rendered":"<p class=\"def\"><span style=\"font-size: 10pt; font-family: verdana, geneva;\" class=\"def\"><strong class=\"def\">Zegarek\u00a0Damski JORDAN KERR\u00a0JEANS<br class=\"def\" \/> <\/strong><\/span><\/p>\n<p class=\"def\"><span style=\"font-size: 10pt; font-family: verdana, geneva;\" class=\"def\">Oficjalna Polska dystrybucja &#8211; produkt oryginalny<\/span><\/p>\n<p class=\"def\"><span style=\"font-size: 10pt; font-family: verdana, geneva;\" class=\"def\">\u00a0<\/span><\/p>\n<p class=\"def\"><span style=\"font-size: 10pt; font-family: verdana,geneva;\" class=\"def\">Opis produktu:<\/span><\/p>\n<ul class=\"def\">\n<li class=\"def\"><span style=\"font-size: 10pt; font-family: verdana,geneva;\" class=\"def\"><strong class=\"def\">Producent<\/strong><span style=\"font-family: verdana,geneva;\" class=\"def\">: Jordan Kerr<\/span><\/span><\/li>\n<li class=\"def\"><span style=\"font-size: 10pt; font-family: verdana,geneva;\" class=\"def\"><span style=\"font-family: verdana,geneva;\" class=\"def\"><strong class=\"def\">Model<\/strong>: Jeans<\/span><\/span><\/li>\n<li class=\"def\"><span style=\"font-size: 10pt; font-family: verdana,geneva;\" class=\"def\"><strong class=\"def\">Mechanizm<\/strong>: Kwarcowy <br \/><\/span><\/li>\n<li class=\"def\"><span style=\"font-size: 10pt; font-family: verdana,geneva;\" class=\"def\"><span style=\"font-family: verdana,geneva;\" class=\"def\"><strong class=\"def\">Tarcza<\/strong>: Analogowa.<br class=\"def\" \/> <\/span><\/span><\/li>\n<li class=\"def\"><span style=\"font-size: 10pt; font-family: verdana,geneva;\" class=\"def\"><span style=\"font-family: verdana,geneva;\" class=\"def\"><span style=\"font-family: verdana,geneva;\" class=\"def\"><strong class=\"def\">Koperta<\/strong>:\u00a0Wysokogatunkowa stal, szlachetna.<\/span><\/span><\/span><\/li>\n<li class=\"def\"><strong class=\"def\" style=\"font-size: 13.3333px; font-family: verdana, geneva;\">Pasek<\/strong><span style=\"font-size: 13.3333px; font-family: verdana, geneva;\" class=\"def\">:<\/span>\u00a0Sk\u00f3ra.<\/li>\n<li class=\"def\"><span style=\"font-size: 10pt; font-family: verdana,geneva;\" class=\"def\"><strong class=\"def\">Szkie\u0142ko<\/strong>: Mineralne o podwy\u017cszonej odporno\u015bci na zarysowania.<br class=\"def\" \/> <\/span><\/li>\n<li class=\"def\"><span style=\"font-size: 10pt;\" class=\"def\"><span style=\"font-family: verdana,geneva;\" class=\"def\"><strong class=\"def\">Wodoszczelno\u015b\u0107<\/strong>: 3 Bar<\/span><span style=\"font-family: verdana,geneva;\" class=\"def\"><br class=\"def\" \/> <\/span><\/span><\/li>\n<li class=\"def\"><span style=\"font-size: 10pt; font-family: verdana,geneva;\" class=\"def\"><strong class=\"def\">Technologia PLATING IPG\/IPS<\/strong> &#8211; Nowatorska jonowa metoda napylania pow\u0142oki zegarka, pozwalaj\u0105ca uzyska\u0107 jednolit\u0105, g\u0142adk\u0105 powierzchni\u0119 o podwy\u017cszon\u0105 odporno\u015b\u0107 na \u015bcieranie<\/span><\/li>\n<li class=\"def\"><span style=\"font-size: 10pt; font-family: verdana,geneva;\" class=\"def\"><strong class=\"def\">Antyalergiczny<\/strong>: Tak &#8211; nie zawiera niklu<\/span><\/li>\n<li class=\"def\"><span style=\"font-size: 10pt;\" class=\"def\"><span style=\"font-family: verdana,geneva;\" class=\"def\"><strong class=\"def\">Wymiary w mm<\/strong>: <\/span><span style=\"font-family: verdana,geneva;\" class=\"def\">koperta &#8211; \u015brednica : 35\u00a0| tarcza &#8211; \u015brednica: 33\u00a0| grubo\u015b\u0107 : 6\u00a0| paska\/bransolety &#8211; szeroko\u015b\u0107 przy teleskopie: 18\u00a0<span style=\"font-family: verdana,geneva;\" class=\"def\">| obw\u00f3d max:\u00a0215<\/span><\/span><\/span><span style=\"font-size: 10pt;\" class=\"def\"><strong class=\"def\"><span style=\"font-family: verdana,geneva;\" class=\"def\"><span style=\"font-family: verdana,geneva;\" class=\"def\"><br class=\"def\" \/> <\/span><\/span><\/strong><\/span><\/li>\n<\/ul>","protected":false},"excerpt":{"rendered":"<p>Zegarek\u00a0Damski JORDAN KERR\u00a0JEANS Oficjalna Polska dystrybucja &#8211; produkt oryginalny \u00a0 Opis produktu: Producent: Jordan Kerr Model: Jeans Mechanizm: Kwarcowy Tarcza: Analogowa. Koperta:\u00a0Wysokogatunkowa stal, szlachetna. Pasek:\u00a0Sk\u00f3ra. Szkie\u0142ko: Mineralne o podwy\u017cszonej odporno\u015bci na zarysowania. Wodoszczelno\u015b\u0107: 3 Bar Technologia PLATING IPG\/IPS &#8211; Nowatorska jonowa metoda napylania pow\u0142oki zegarka, pozwalaj\u0105ca uzyska\u0107 jednolit\u0105, g\u0142adk\u0105 powierzchni\u0119 o podwy\u017cszon\u0105 odporno\u015b\u0107 na \u015bcieranie [&hellip;]<\/p>","protected":false},"featured_media":976848,"template":"","meta":{"_acf_changed":false},"product_brand":[],"product_cat":[4864,4865,4838],"product_tag":[],"class_list":{"0":"post-976846","1":"product","2":"type-product","3":"status-publish","4":"has-post-thumbnail","6":"product_cat-jordan-kerr","7":"product_cat-na-pasku-jordan-kerr","8":"product_cat-zegarki-damskie","10":"first","11":"outofstock","12":"taxable","13":"shipping-taxable","14":"purchasable","15":"product-type-simple"},"acf":[],"yoast_head":"<!-- This site is optimized with the Yoast SEO plugin v27.2 - https:\/\/yoast.com\/product\/yoast-seo-wordpress\/ -->\n<title>Zegarek Damski JORDAN KERR JEANS FW035W-4<\/title>\n<meta name=\"robots\" content=\"index, follow, max-snippet:-1, max-image-preview:large, max-video-preview:-1\" \/>\n<link rel=\"canonical\" href=\"https:\/\/pauzza.pl\/uk\/\u043f\u0440\u043e\u0434\u0443\u043a\u0442\/zegarek-damski-jordan-kerr-jeans-fw035w-4\/\" \/>\n<meta property=\"og:locale\" content=\"uk_UA\" \/>\n<meta property=\"og:type\" content=\"article\" \/>\n<meta property=\"og:title\" content=\"Zegarek Damski JORDAN KERR JEANS FW035W-4\" \/>\n<meta property=\"og:description\" content=\"Zegarek\u00a0Damski JORDAN KERR\u00a0JEANS Oficjalna Polska dystrybucja &#8211; produkt oryginalny \u00a0 Opis produktu: Producent: Jordan Kerr Model: Jeans Mechanizm: Kwarcowy Tarcza: Analogowa. Koperta:\u00a0Wysokogatunkowa stal, szlachetna. Pasek:\u00a0Sk\u00f3ra. Szkie\u0142ko: Mineralne o podwy\u017cszonej odporno\u015bci na zarysowania. Wodoszczelno\u015b\u0107: 3 Bar Technologia PLATING IPG\/IPS &#8211; Nowatorska jonowa metoda napylania pow\u0142oki zegarka, pozwalaj\u0105ca uzyska\u0107 jednolit\u0105, g\u0142adk\u0105 powierzchni\u0119 o podwy\u017cszon\u0105 odporno\u015b\u0107 na \u015bcieranie [&hellip;]\" \/>\n<meta property=\"og:url\" content=\"https:\/\/pauzza.pl\/uk\/\u043f\u0440\u043e\u0434\u0443\u043a\u0442\/zegarek-damski-jordan-kerr-jeans-fw035w-4\/\" \/>\n<meta property=\"og:site_name\" content=\"Sklep online z damsk\u0105 odzie\u017c\u0105 Pauzza: Damska odzie\u017c. Nowa Kolekcja\" \/>\n<meta property=\"article:modified_time\" content=\"2026-04-14T14:14:11+00:00\" \/>\n<meta property=\"og:image\" content=\"https:\/\/pauzza.pl\/wp-content\/uploads\/2025\/11\/7_max-51.jpg\" \/>\n\t<meta property=\"og:image:width\" content=\"900\" \/>\n\t<meta property=\"og:image:height\" content=\"600\" \/>\n\t<meta property=\"og:image:type\" content=\"image\/jpeg\" \/>\n<meta name=\"twitter:card\" content=\"summary_large_image\" \/>\n<script type=\"application\/ld+json\" class=\"yoast-schema-graph\">{\"@context\":\"https:\/\/schema.org\",\"@graph\":[{\"@type\":\"WebPage\",\"@id\":\"https:\/\/pauzza.pl\/produkt\/zegarek-damski-jordan-kerr-jeans-fw035w-4\/\",\"url\":\"https:\/\/pauzza.pl\/produkt\/zegarek-damski-jordan-kerr-jeans-fw035w-4\/\",\"name\":\"Zegarek Damski JORDAN KERR JEANS FW035W-4\",\"isPartOf\":{\"@id\":\"https:\/\/pauzza.pl\/#website\"},\"primaryImageOfPage\":{\"@id\":\"https:\/\/pauzza.pl\/produkt\/zegarek-damski-jordan-kerr-jeans-fw035w-4\/#primaryimage\"},\"image\":{\"@id\":\"https:\/\/pauzza.pl\/produkt\/zegarek-damski-jordan-kerr-jeans-fw035w-4\/#primaryimage\"},\"thumbnailUrl\":\"https:\/\/pauzza.pl\/wp-content\/uploads\/2025\/11\/7_max-51.jpg\",\"datePublished\":\"2025-11-24T13:22:03+00:00\",\"dateModified\":\"2026-04-14T14:14:11+00:00\",\"breadcrumb\":{\"@id\":\"https:\/\/pauzza.pl\/produkt\/zegarek-damski-jordan-kerr-jeans-fw035w-4\/#breadcrumb\"},\"inLanguage\":\"uk\",\"potentialAction\":[{\"@type\":\"ReadAction\",\"target\":[\"https:\/\/pauzza.pl\/produkt\/zegarek-damski-jordan-kerr-jeans-fw035w-4\/\"]}]},{\"@type\":\"ImageObject\",\"inLanguage\":\"uk\",\"@id\":\"https:\/\/pauzza.pl\/produkt\/zegarek-damski-jordan-kerr-jeans-fw035w-4\/#primaryimage\",\"url\":\"https:\/\/pauzza.pl\/wp-content\/uploads\/2025\/11\/7_max-51.jpg\",\"contentUrl\":\"https:\/\/pauzza.pl\/wp-content\/uploads\/2025\/11\/7_max-51.jpg\",\"width\":900,\"height\":600},{\"@type\":\"BreadcrumbList\",\"@id\":\"https:\/\/pauzza.pl\/produkt\/zegarek-damski-jordan-kerr-jeans-fw035w-4\/#breadcrumb\",\"itemListElement\":[{\"@type\":\"ListItem\",\"position\":1,\"name\":\"Strona g\u0142\u00f3wna\",\"item\":\"https:\/\/pauzza.pl\/\"},{\"@type\":\"ListItem\",\"position\":2,\"name\":\"Sklep\",\"item\":\"https:\/\/pauzza.pl\/sklep\/\"},{\"@type\":\"ListItem\",\"position\":3,\"name\":\"Zegarek Damski JORDAN KERR JEANS FW035W-4\"}]},{\"@type\":\"WebSite\",\"@id\":\"https:\/\/pauzza.pl\/#website\",\"url\":\"https:\/\/pauzza.pl\/\",\"name\":\"Sklep online z damsk\u0105 odzie\u017c\u0105 Pauzza: Damska odzie\u017c. Nowa Kolekcja\",\"description\":\"Je\u015bli chcesz zadba\u0107 o sw\u00f3j profesjonalny i pe\u0142en klasy wygl\u0105d w pracy butik online Pauzza, to strza\u0142 w dziesi\u0105tk\u0119! U nas znajdziesz szeroki wyb\u00f3r \u017cakiet\u00f3w, koszul, kurtek, sukienek, sp\u00f3dnic i wiele wiecej\",\"publisher\":{\"@id\":\"https:\/\/pauzza.pl\/#organization\"},\"potentialAction\":[{\"@type\":\"SearchAction\",\"target\":{\"@type\":\"EntryPoint\",\"urlTemplate\":\"https:\/\/pauzza.pl\/?s={search_term_string}\"},\"query-input\":{\"@type\":\"PropertyValueSpecification\",\"valueRequired\":true,\"valueName\":\"search_term_string\"}}],\"inLanguage\":\"uk\"},{\"@type\":\"Organization\",\"@id\":\"https:\/\/pauzza.pl\/#organization\",\"name\":\"Sklep online z damsk\u0105 odzie\u017c\u0105 Pauzza: Damska odzie\u017c. Nowa Kolekcja\",\"url\":\"https:\/\/pauzza.pl\/\",\"logo\":{\"@type\":\"ImageObject\",\"inLanguage\":\"uk\",\"@id\":\"https:\/\/pauzza.pl\/#\/schema\/logo\/image\/\",\"url\":\"https:\/\/pauzza.pl\/wp-content\/uploads\/2024\/01\/pauzzaw.png\",\"contentUrl\":\"https:\/\/pauzza.pl\/wp-content\/uploads\/2024\/01\/pauzzaw.png\",\"width\":350,\"height\":100,\"caption\":\"Sklep online z damsk\u0105 odzie\u017c\u0105 Pauzza: Damska odzie\u017c. Nowa Kolekcja\"},\"image\":{\"@id\":\"https:\/\/pauzza.pl\/#\/schema\/logo\/image\/\"}}]}<\/script>\n<!-- \/ Yoast SEO plugin. -->","yoast_head_json":{"title":"Zegarek Damski JORDAN KERR JEANS FW035W-4","robots":{"index":"index","follow":"follow","max-snippet":"max-snippet:-1","max-image-preview":"max-image-preview:large","max-video-preview":"max-video-preview:-1"},"canonical":"https:\/\/pauzza.pl\/uk\/\u043f\u0440\u043e\u0434\u0443\u043a\u0442\/zegarek-damski-jordan-kerr-jeans-fw035w-4\/","og_locale":"uk_UA","og_type":"article","og_title":"Zegarek Damski JORDAN KERR JEANS FW035W-4","og_description":"Zegarek\u00a0Damski JORDAN KERR\u00a0JEANS Oficjalna Polska dystrybucja &#8211; produkt oryginalny \u00a0 Opis produktu: Producent: Jordan Kerr Model: Jeans Mechanizm: Kwarcowy Tarcza: Analogowa. Koperta:\u00a0Wysokogatunkowa stal, szlachetna. Pasek:\u00a0Sk\u00f3ra. Szkie\u0142ko: Mineralne o podwy\u017cszonej odporno\u015bci na zarysowania. Wodoszczelno\u015b\u0107: 3 Bar Technologia PLATING IPG\/IPS &#8211; Nowatorska jonowa metoda napylania pow\u0142oki zegarka, pozwalaj\u0105ca uzyska\u0107 jednolit\u0105, g\u0142adk\u0105 powierzchni\u0119 o podwy\u017cszon\u0105 odporno\u015b\u0107 na \u015bcieranie [&hellip;]","og_url":"https:\/\/pauzza.pl\/uk\/\u043f\u0440\u043e\u0434\u0443\u043a\u0442\/zegarek-damski-jordan-kerr-jeans-fw035w-4\/","og_site_name":"Sklep online z damsk\u0105 odzie\u017c\u0105 Pauzza: Damska odzie\u017c. Nowa Kolekcja","article_modified_time":"2026-04-14T14:14:11+00:00","og_image":[{"width":900,"height":600,"url":"https:\/\/pauzza.pl\/wp-content\/uploads\/2025\/11\/7_max-51.jpg","type":"image\/jpeg"}],"twitter_card":"summary_large_image","schema":{"@context":"https:\/\/schema.org","@graph":[{"@type":"WebPage","@id":"https:\/\/pauzza.pl\/produkt\/zegarek-damski-jordan-kerr-jeans-fw035w-4\/","url":"https:\/\/pauzza.pl\/produkt\/zegarek-damski-jordan-kerr-jeans-fw035w-4\/","name":"Zegarek Damski JORDAN KERR JEANS FW035W-4","isPartOf":{"@id":"https:\/\/pauzza.pl\/#website"},"primaryImageOfPage":{"@id":"https:\/\/pauzza.pl\/produkt\/zegarek-damski-jordan-kerr-jeans-fw035w-4\/#primaryimage"},"image":{"@id":"https:\/\/pauzza.pl\/produkt\/zegarek-damski-jordan-kerr-jeans-fw035w-4\/#primaryimage"},"thumbnailUrl":"https:\/\/pauzza.pl\/wp-content\/uploads\/2025\/11\/7_max-51.jpg","datePublished":"2025-11-24T13:22:03+00:00","dateModified":"2026-04-14T14:14:11+00:00","breadcrumb":{"@id":"https:\/\/pauzza.pl\/produkt\/zegarek-damski-jordan-kerr-jeans-fw035w-4\/#breadcrumb"},"inLanguage":"uk","potentialAction":[{"@type":"ReadAction","target":["https:\/\/pauzza.pl\/produkt\/zegarek-damski-jordan-kerr-jeans-fw035w-4\/"]}]},{"@type":"ImageObject","inLanguage":"uk","@id":"https:\/\/pauzza.pl\/produkt\/zegarek-damski-jordan-kerr-jeans-fw035w-4\/#primaryimage","url":"https:\/\/pauzza.pl\/wp-content\/uploads\/2025\/11\/7_max-51.jpg","contentUrl":"https:\/\/pauzza.pl\/wp-content\/uploads\/2025\/11\/7_max-51.jpg","width":900,"height":600},{"@type":"BreadcrumbList","@id":"https:\/\/pauzza.pl\/produkt\/zegarek-damski-jordan-kerr-jeans-fw035w-4\/#breadcrumb","itemListElement":[{"@type":"ListItem","position":1,"name":"Strona g\u0142\u00f3wna","item":"https:\/\/pauzza.pl\/"},{"@type":"ListItem","position":2,"name":"Sklep","item":"https:\/\/pauzza.pl\/sklep\/"},{"@type":"ListItem","position":3,"name":"Zegarek Damski JORDAN KERR JEANS FW035W-4"}]},{"@type":"WebSite","@id":"https:\/\/pauzza.pl\/#website","url":"https:\/\/pauzza.pl\/","name":"\u0406\u043d\u0442\u0435\u0440\u043d\u0435\u0442 \u043c\u0430\u0433\u0430\u0437\u0438\u043d \u0436\u0456\u043d\u043e\u0447\u043e\u0433\u043e \u043e\u0434\u044f\u0433\u0443 Pauzza: \u0416\u0456\u043d\u043e\u0447\u0438\u0439 \u043e\u0434\u044f\u0433. \u041d\u043e\u0432\u0430 \u043a\u043e\u043b\u0435\u043a\u0446\u0456\u044f","description":"\u042f\u043a\u0449\u043e \u0432\u0438 \u0445\u043e\u0447\u0435\u0442\u0435 \u043f\u043e\u0434\u0431\u0430\u0442\u0438 \u043f\u0440\u043e \u0441\u0432\u0456\u0439 \u043f\u0440\u043e\u0444\u0435\u0441\u0456\u0439\u043d\u0438\u0439 \u0442\u0430 \u0441\u0442\u0438\u043b\u044c\u043d\u0438\u0439 \u0432\u0438\u0433\u043b\u044f\u0434 \u043d\u0430 \u0440\u043e\u0431\u043e\u0442\u0456, \u043e\u043d\u043b\u0430\u0439\u043d-\u0431\u0443\u0442\u0456\u043a Pauzza - \u0446\u0435 \u0445\u0456\u0442! \u0422\u0443\u0442 \u0432\u0438 \u0437\u043d\u0430\u0439\u0434\u0435\u0442\u0435 \u0448\u0438\u0440\u043e\u043a\u0438\u0439 \u0432\u0438\u0431\u0456\u0440 \u043f\u0456\u0434\u0436\u0430\u043a\u0456\u0432, \u0441\u043e\u0440\u043e\u0447\u043e\u043a, \u0436\u0430\u043a\u0435\u0442\u0456\u0432, \u0441\u0443\u043a\u043e\u043d\u044c, \u0441\u043f\u0456\u0434\u043d\u0438\u0446\u044c \u0442\u0430 \u0431\u0430\u0433\u0430\u0442\u043e \u0456\u043d\u0448\u043e\u0433\u043e.","publisher":{"@id":"https:\/\/pauzza.pl\/#organization"},"potentialAction":[{"@type":"SearchAction","target":{"@type":"EntryPoint","urlTemplate":"https:\/\/pauzza.pl\/?s={search_term_string}"},"query-input":{"@type":"PropertyValueSpecification","valueRequired":true,"valueName":"search_term_string"}}],"inLanguage":"uk"},{"@type":"Organization","@id":"https:\/\/pauzza.pl\/#organization","name":"\u0406\u043d\u0442\u0435\u0440\u043d\u0435\u0442 \u043c\u0430\u0433\u0430\u0437\u0438\u043d \u0436\u0456\u043d\u043e\u0447\u043e\u0433\u043e \u043e\u0434\u044f\u0433\u0443 Pauzza: \u0416\u0456\u043d\u043e\u0447\u0438\u0439 \u043e\u0434\u044f\u0433. \u041d\u043e\u0432\u0430 \u043a\u043e\u043b\u0435\u043a\u0446\u0456\u044f","url":"https:\/\/pauzza.pl\/","logo":{"@type":"ImageObject","inLanguage":"uk","@id":"https:\/\/pauzza.pl\/#\/schema\/logo\/image\/","url":"https:\/\/pauzza.pl\/wp-content\/uploads\/2024\/01\/pauzzaw.png","contentUrl":"https:\/\/pauzza.pl\/wp-content\/uploads\/2024\/01\/pauzzaw.png","width":350,"height":100,"caption":"Sklep online z damsk\u0105 odzie\u017c\u0105 Pauzza: Damska odzie\u017c. Nowa Kolekcja"},"image":{"@id":"https:\/\/pauzza.pl\/#\/schema\/logo\/image\/"}}]}},"_links":{"self":[{"href":"https:\/\/pauzza.pl\/uk\/wp-json\/wp\/v2\/product\/976846","targetHints":{"allow":["GET"]}}],"collection":[{"href":"https:\/\/pauzza.pl\/uk\/wp-json\/wp\/v2\/product"}],"about":[{"href":"https:\/\/pauzza.pl\/uk\/wp-json\/wp\/v2\/types\/product"}],"wp:featuredmedia":[{"embeddable":true,"href":"https:\/\/pauzza.pl\/uk\/wp-json\/wp\/v2\/media\/976848"}],"wp:attachment":[{"href":"https:\/\/pauzza.pl\/uk\/wp-json\/wp\/v2\/media?parent=976846"}],"wp:term":[{"taxonomy":"product_brand","embeddable":true,"href":"https:\/\/pauzza.pl\/uk\/wp-json\/wp\/v2\/product_brand?post=976846"},{"taxonomy":"product_cat","embeddable":true,"href":"https:\/\/pauzza.pl\/uk\/wp-json\/wp\/v2\/product_cat?post=976846"},{"taxonomy":"product_tag","embeddable":true,"href":"https:\/\/pauzza.pl\/uk\/wp-json\/wp\/v2\/product_tag?post=976846"}],"curies":[{"name":"wp","href":"https:\/\/api.w.org\/{rel}","templated":true}]}}