{"id":976182,"date":"2025-11-24T10:31:23","date_gmt":"2025-11-24T09:31:23","guid":{"rendered":"https:\/\/pauzza.pl\/produkt\/pudelko-metalowe-z-otworkami-pgrn-1\/"},"modified":"2026-04-20T04:51:32","modified_gmt":"2026-04-20T02:51:32","slug":"pudelko-metalowe-z-otworkami-pgrn-1","status":"publish","type":"product","link":"https:\/\/pauzza.pl\/uk\/%d0%bf%d1%80%d0%be%d0%b4%d1%83%d0%ba%d1%82\/pudelko-metalowe-z-otworkami-pgrn-1\/","title":{"rendered":"PUDE\u0141KO METALOWE z otworkami PGRN-1"},"content":{"rendered":"<p class=\"def\" style=\"text-align: center;\">\u00a0<\/p>\n<p class=\"def\" style=\"text-align: center;\">\u00a0<\/p>\n<p class=\"def\" style=\"text-align: center;\"><span style=\"font-size: 11pt;\" class=\"def\"><strong class=\"def\">\u00a0PUDE\u0141KO\u00a0\u00a0 METALOWE z okienkiem<br class=\"def\"><\/strong><\/span><\/p>\n<p class=\"def\" style=\"text-align: center;\"><span style=\"font-size: 11pt;\" class=\"def\"><strong class=\"def\">\u00a0<\/strong><\/span><\/p>\n<p class=\"def\" style=\"text-align: center;\">\u00a0<\/p>\n<p class=\"def\" style=\"padding-left: 210px;\">\u00a0<\/p>\n<p class=\"def\" style=\"padding-left: 270px;\"><span style=\"font-size: 11pt;\" class=\"def\">&#8211; pude\u0142ko stalowe<\/span><br class=\"def\"><span style=\"font-size: 11pt;\" class=\"def\"> &#8211; konstrukcja owalna<\/span><br class=\"def\"><span style=\"font-size: 11pt;\" class=\"def\"> &#8211; w kolorze metaliczno srebrnym<\/span><br class=\"def\"><span style=\"font-size: 11pt;\" class=\"def\"> &#8211; wewn\u0105trz pude\u0142ko jest metaliczne<\/span><br class=\"def\"><span style=\"font-size: 11pt;\" class=\"def\"> &#8211; w \u015brodku specjalna popielata g\u0105bka na zegarek<\/span><br class=\"def\"><span style=\"font-size: 11pt;\" class=\"def\"> &#8211; wszystko w tonacji przyjemnej dla oka<\/span><br class=\"def\"><span style=\"font-size: 11pt;\" class=\"def\"> &#8211; pude\u0142ko doskona\u0142e na wyj\u0105tkowy prezent<\/span><\/p>\n<p class=\"def\" style=\"padding-left: 270px;\"><span style=\"text-align: center; font-size: 11pt;\" class=\"def\">Wymiary;<\/span><\/p>\n<p class=\"def\" style=\"padding-left: 270px;\"><span style=\"text-align: center; font-size: 11pt;\" class=\"def\">&#8211; \u015brednica 90 mm<\/span><\/p>\n<p class=\"def\" style=\"padding-left: 270px;\"><span style=\"text-align: center; font-size: 11pt;\" class=\"def\">&#8211; wysoko\u015b\u0107 55 mm<\/span><\/p>\n<p class=\"def\" style=\"text-align: center;\">\u00a0<\/p>\n<p class=\"def\" style=\"text-align: center;\"><span style=\"font-size: 11pt;\" class=\"def\"><strong class=\"def\">Pude\u0142ko pasuje do zegark\u00f3w na pasku i bransolecie, damskie i m\u0119skie.<\/strong><\/span><\/p>\n<p class=\"def\" style=\"text-align: center;\">\u00a0<\/p>\n<p class=\"def\" style=\"text-align: center;\">\u00a0<\/p>\n<p class=\"def\" style=\"text-align: center;\">\u00a0<\/p>\n<p class=\"def\" style=\"text-align: center;\"><span style=\"font-size: medium;\" class=\"def\"><strong class=\"def\">W takim pude\u0142ku ka\u017cdy chcia\u0142by dosta\u0107 zegarek!<\/strong><\/span><\/p>\n<p class=\"def\" style=\"text-align: center;\"><span style=\"font-size: medium;\" class=\"def\"><strong class=\"def\">POLECAMY<br class=\"def\"><\/strong><\/span><\/p>\n<p class=\"def\" style=\"text-align: center;\">\u00a0<\/p>\n<p class=\"def\" style=\"text-align: center;\">\u00a0<\/p>\n<p class=\"def\" style=\"text-align: center;\"><span style=\"font-size: medium;\" class=\"def\"><strong class=\"def\">\u00a0<\/strong><\/span><\/p>","protected":false},"excerpt":{"rendered":"<p>\u00a0 \u00a0 \u00a0PUDE\u0141KO\u00a0\u00a0 METALOWE z okienkiem \u00a0 \u00a0 \u00a0 &#8211; pude\u0142ko stalowe &#8211; konstrukcja owalna &#8211; w kolorze metaliczno srebrnym &#8211; wewn\u0105trz pude\u0142ko jest metaliczne &#8211; w \u015brodku specjalna popielata g\u0105bka na zegarek &#8211; wszystko w tonacji przyjemnej dla oka &#8211; pude\u0142ko doskona\u0142e na wyj\u0105tkowy prezent Wymiary; &#8211; \u015brednica 90 mm &#8211; wysoko\u015b\u0107 55 mm [&hellip;]<\/p>","protected":false},"featured_media":976184,"template":"","meta":{"_acf_changed":false},"product_brand":[],"product_cat":[4834,4848],"product_tag":[],"class_list":{"0":"post-976182","1":"product","2":"type-product","3":"status-publish","4":"has-post-thumbnail","6":"product_cat-akcesoria","7":"product_cat-pudelko","9":"first","10":"instock","11":"taxable","12":"shipping-taxable","13":"purchasable","14":"product-type-simple"},"acf":[],"yoast_head":"<!-- This site is optimized with the Yoast SEO plugin v27.2 - https:\/\/yoast.com\/product\/yoast-seo-wordpress\/ -->\n<title>PUDE\u0141KO METALOWE z otworkami PGRN-1 m - puszka<\/title>\n<meta name=\"robots\" content=\"index, follow, max-snippet:-1, max-image-preview:large, max-video-preview:-1\" \/>\n<link rel=\"canonical\" href=\"https:\/\/pauzza.pl\/uk\/\u043f\u0440\u043e\u0434\u0443\u043a\u0442\/pudelko-metalowe-z-otworkami-pgrn-1\/\" \/>\n<meta property=\"og:locale\" content=\"uk_UA\" \/>\n<meta property=\"og:type\" content=\"article\" \/>\n<meta property=\"og:title\" content=\"PUDE\u0141KO METALOWE z otworkami PGRN-1 m - puszka\" \/>\n<meta property=\"og:description\" content=\"\u00a0 \u00a0 \u00a0PUDE\u0141KO\u00a0\u00a0 METALOWE z okienkiem \u00a0 \u00a0 \u00a0 &#8211; pude\u0142ko stalowe &#8211; konstrukcja owalna &#8211; w kolorze metaliczno srebrnym &#8211; wewn\u0105trz pude\u0142ko jest metaliczne &#8211; w \u015brodku specjalna popielata g\u0105bka na zegarek &#8211; wszystko w tonacji przyjemnej dla oka &#8211; pude\u0142ko doskona\u0142e na wyj\u0105tkowy prezent Wymiary; &#8211; \u015brednica 90 mm &#8211; wysoko\u015b\u0107 55 mm [&hellip;]\" \/>\n<meta property=\"og:url\" content=\"https:\/\/pauzza.pl\/uk\/\u043f\u0440\u043e\u0434\u0443\u043a\u0442\/pudelko-metalowe-z-otworkami-pgrn-1\/\" \/>\n<meta property=\"og:site_name\" content=\"Sklep online z damsk\u0105 odzie\u017c\u0105 Pauzza: Damska odzie\u017c. Nowa Kolekcja\" \/>\n<meta property=\"article:modified_time\" content=\"2026-04-20T02:51:32+00:00\" \/>\n<meta property=\"og:image\" content=\"https:\/\/pauzza.pl\/wp-content\/uploads\/2025\/11\/1_max-22.jpg\" \/>\n\t<meta property=\"og:image:width\" content=\"900\" \/>\n\t<meta property=\"og:image:height\" content=\"970\" \/>\n\t<meta property=\"og:image:type\" content=\"image\/jpeg\" \/>\n<meta name=\"twitter:card\" content=\"summary_large_image\" \/>\n<script type=\"application\/ld+json\" class=\"yoast-schema-graph\">{\"@context\":\"https:\/\/schema.org\",\"@graph\":[{\"@type\":\"WebPage\",\"@id\":\"https:\/\/pauzza.pl\/produkt\/pudelko-metalowe-z-otworkami-pgrn-1\/\",\"url\":\"https:\/\/pauzza.pl\/produkt\/pudelko-metalowe-z-otworkami-pgrn-1\/\",\"name\":\"PUDE\u0141KO METALOWE z otworkami PGRN-1 m - puszka\",\"isPartOf\":{\"@id\":\"https:\/\/pauzza.pl\/#website\"},\"primaryImageOfPage\":{\"@id\":\"https:\/\/pauzza.pl\/produkt\/pudelko-metalowe-z-otworkami-pgrn-1\/#primaryimage\"},\"image\":{\"@id\":\"https:\/\/pauzza.pl\/produkt\/pudelko-metalowe-z-otworkami-pgrn-1\/#primaryimage\"},\"thumbnailUrl\":\"https:\/\/pauzza.pl\/wp-content\/uploads\/2025\/11\/1_max-22.jpg\",\"datePublished\":\"2025-11-24T09:31:23+00:00\",\"dateModified\":\"2026-04-20T02:51:32+00:00\",\"breadcrumb\":{\"@id\":\"https:\/\/pauzza.pl\/produkt\/pudelko-metalowe-z-otworkami-pgrn-1\/#breadcrumb\"},\"inLanguage\":\"uk\",\"potentialAction\":[{\"@type\":\"ReadAction\",\"target\":[\"https:\/\/pauzza.pl\/produkt\/pudelko-metalowe-z-otworkami-pgrn-1\/\"]}]},{\"@type\":\"ImageObject\",\"inLanguage\":\"uk\",\"@id\":\"https:\/\/pauzza.pl\/produkt\/pudelko-metalowe-z-otworkami-pgrn-1\/#primaryimage\",\"url\":\"https:\/\/pauzza.pl\/wp-content\/uploads\/2025\/11\/1_max-22.jpg\",\"contentUrl\":\"https:\/\/pauzza.pl\/wp-content\/uploads\/2025\/11\/1_max-22.jpg\",\"width\":900,\"height\":970},{\"@type\":\"BreadcrumbList\",\"@id\":\"https:\/\/pauzza.pl\/produkt\/pudelko-metalowe-z-otworkami-pgrn-1\/#breadcrumb\",\"itemListElement\":[{\"@type\":\"ListItem\",\"position\":1,\"name\":\"Strona g\u0142\u00f3wna\",\"item\":\"https:\/\/pauzza.pl\/\"},{\"@type\":\"ListItem\",\"position\":2,\"name\":\"Sklep\",\"item\":\"https:\/\/pauzza.pl\/sklep\/\"},{\"@type\":\"ListItem\",\"position\":3,\"name\":\"PUDE\u0141KO METALOWE z otworkami PGRN-1\"}]},{\"@type\":\"WebSite\",\"@id\":\"https:\/\/pauzza.pl\/#website\",\"url\":\"https:\/\/pauzza.pl\/\",\"name\":\"Sklep online z damsk\u0105 odzie\u017c\u0105 Pauzza: Damska odzie\u017c. Nowa Kolekcja\",\"description\":\"Je\u015bli chcesz zadba\u0107 o sw\u00f3j profesjonalny i pe\u0142en klasy wygl\u0105d w pracy butik online Pauzza, to strza\u0142 w dziesi\u0105tk\u0119! U nas znajdziesz szeroki wyb\u00f3r \u017cakiet\u00f3w, koszul, kurtek, sukienek, sp\u00f3dnic i wiele wiecej\",\"publisher\":{\"@id\":\"https:\/\/pauzza.pl\/#organization\"},\"potentialAction\":[{\"@type\":\"SearchAction\",\"target\":{\"@type\":\"EntryPoint\",\"urlTemplate\":\"https:\/\/pauzza.pl\/?s={search_term_string}\"},\"query-input\":{\"@type\":\"PropertyValueSpecification\",\"valueRequired\":true,\"valueName\":\"search_term_string\"}}],\"inLanguage\":\"uk\"},{\"@type\":\"Organization\",\"@id\":\"https:\/\/pauzza.pl\/#organization\",\"name\":\"Sklep online z damsk\u0105 odzie\u017c\u0105 Pauzza: Damska odzie\u017c. Nowa Kolekcja\",\"url\":\"https:\/\/pauzza.pl\/\",\"logo\":{\"@type\":\"ImageObject\",\"inLanguage\":\"uk\",\"@id\":\"https:\/\/pauzza.pl\/#\/schema\/logo\/image\/\",\"url\":\"https:\/\/pauzza.pl\/wp-content\/uploads\/2024\/01\/pauzzaw.png\",\"contentUrl\":\"https:\/\/pauzza.pl\/wp-content\/uploads\/2024\/01\/pauzzaw.png\",\"width\":350,\"height\":100,\"caption\":\"Sklep online z damsk\u0105 odzie\u017c\u0105 Pauzza: Damska odzie\u017c. Nowa Kolekcja\"},\"image\":{\"@id\":\"https:\/\/pauzza.pl\/#\/schema\/logo\/image\/\"}}]}<\/script>\n<!-- \/ Yoast SEO plugin. -->","yoast_head_json":{"title":"PUDE\u0141KO METALOWE z otworkami PGRN-1 m - puszka","robots":{"index":"index","follow":"follow","max-snippet":"max-snippet:-1","max-image-preview":"max-image-preview:large","max-video-preview":"max-video-preview:-1"},"canonical":"https:\/\/pauzza.pl\/uk\/\u043f\u0440\u043e\u0434\u0443\u043a\u0442\/pudelko-metalowe-z-otworkami-pgrn-1\/","og_locale":"uk_UA","og_type":"article","og_title":"PUDE\u0141KO METALOWE z otworkami PGRN-1 m - puszka","og_description":"\u00a0 \u00a0 \u00a0PUDE\u0141KO\u00a0\u00a0 METALOWE z okienkiem \u00a0 \u00a0 \u00a0 &#8211; pude\u0142ko stalowe &#8211; konstrukcja owalna &#8211; w kolorze metaliczno srebrnym &#8211; wewn\u0105trz pude\u0142ko jest metaliczne &#8211; w \u015brodku specjalna popielata g\u0105bka na zegarek &#8211; wszystko w tonacji przyjemnej dla oka &#8211; pude\u0142ko doskona\u0142e na wyj\u0105tkowy prezent Wymiary; &#8211; \u015brednica 90 mm &#8211; wysoko\u015b\u0107 55 mm [&hellip;]","og_url":"https:\/\/pauzza.pl\/uk\/\u043f\u0440\u043e\u0434\u0443\u043a\u0442\/pudelko-metalowe-z-otworkami-pgrn-1\/","og_site_name":"Sklep online z damsk\u0105 odzie\u017c\u0105 Pauzza: Damska odzie\u017c. Nowa Kolekcja","article_modified_time":"2026-04-20T02:51:32+00:00","og_image":[{"width":900,"height":970,"url":"https:\/\/pauzza.pl\/wp-content\/uploads\/2025\/11\/1_max-22.jpg","type":"image\/jpeg"}],"twitter_card":"summary_large_image","schema":{"@context":"https:\/\/schema.org","@graph":[{"@type":"WebPage","@id":"https:\/\/pauzza.pl\/produkt\/pudelko-metalowe-z-otworkami-pgrn-1\/","url":"https:\/\/pauzza.pl\/produkt\/pudelko-metalowe-z-otworkami-pgrn-1\/","name":"PUDE\u0141KO METALOWE z otworkami PGRN-1 m - puszka","isPartOf":{"@id":"https:\/\/pauzza.pl\/#website"},"primaryImageOfPage":{"@id":"https:\/\/pauzza.pl\/produkt\/pudelko-metalowe-z-otworkami-pgrn-1\/#primaryimage"},"image":{"@id":"https:\/\/pauzza.pl\/produkt\/pudelko-metalowe-z-otworkami-pgrn-1\/#primaryimage"},"thumbnailUrl":"https:\/\/pauzza.pl\/wp-content\/uploads\/2025\/11\/1_max-22.jpg","datePublished":"2025-11-24T09:31:23+00:00","dateModified":"2026-04-20T02:51:32+00:00","breadcrumb":{"@id":"https:\/\/pauzza.pl\/produkt\/pudelko-metalowe-z-otworkami-pgrn-1\/#breadcrumb"},"inLanguage":"uk","potentialAction":[{"@type":"ReadAction","target":["https:\/\/pauzza.pl\/produkt\/pudelko-metalowe-z-otworkami-pgrn-1\/"]}]},{"@type":"ImageObject","inLanguage":"uk","@id":"https:\/\/pauzza.pl\/produkt\/pudelko-metalowe-z-otworkami-pgrn-1\/#primaryimage","url":"https:\/\/pauzza.pl\/wp-content\/uploads\/2025\/11\/1_max-22.jpg","contentUrl":"https:\/\/pauzza.pl\/wp-content\/uploads\/2025\/11\/1_max-22.jpg","width":900,"height":970},{"@type":"BreadcrumbList","@id":"https:\/\/pauzza.pl\/produkt\/pudelko-metalowe-z-otworkami-pgrn-1\/#breadcrumb","itemListElement":[{"@type":"ListItem","position":1,"name":"Strona g\u0142\u00f3wna","item":"https:\/\/pauzza.pl\/"},{"@type":"ListItem","position":2,"name":"Sklep","item":"https:\/\/pauzza.pl\/sklep\/"},{"@type":"ListItem","position":3,"name":"PUDE\u0141KO METALOWE z otworkami PGRN-1"}]},{"@type":"WebSite","@id":"https:\/\/pauzza.pl\/#website","url":"https:\/\/pauzza.pl\/","name":"\u0406\u043d\u0442\u0435\u0440\u043d\u0435\u0442 \u043c\u0430\u0433\u0430\u0437\u0438\u043d \u0436\u0456\u043d\u043e\u0447\u043e\u0433\u043e \u043e\u0434\u044f\u0433\u0443 Pauzza: \u0416\u0456\u043d\u043e\u0447\u0438\u0439 \u043e\u0434\u044f\u0433. \u041d\u043e\u0432\u0430 \u043a\u043e\u043b\u0435\u043a\u0446\u0456\u044f","description":"\u042f\u043a\u0449\u043e \u0432\u0438 \u0445\u043e\u0447\u0435\u0442\u0435 \u043f\u043e\u0434\u0431\u0430\u0442\u0438 \u043f\u0440\u043e \u0441\u0432\u0456\u0439 \u043f\u0440\u043e\u0444\u0435\u0441\u0456\u0439\u043d\u0438\u0439 \u0442\u0430 \u0441\u0442\u0438\u043b\u044c\u043d\u0438\u0439 \u0432\u0438\u0433\u043b\u044f\u0434 \u043d\u0430 \u0440\u043e\u0431\u043e\u0442\u0456, \u043e\u043d\u043b\u0430\u0439\u043d-\u0431\u0443\u0442\u0456\u043a Pauzza - \u0446\u0435 \u0445\u0456\u0442! \u0422\u0443\u0442 \u0432\u0438 \u0437\u043d\u0430\u0439\u0434\u0435\u0442\u0435 \u0448\u0438\u0440\u043e\u043a\u0438\u0439 \u0432\u0438\u0431\u0456\u0440 \u043f\u0456\u0434\u0436\u0430\u043a\u0456\u0432, \u0441\u043e\u0440\u043e\u0447\u043e\u043a, \u0436\u0430\u043a\u0435\u0442\u0456\u0432, \u0441\u0443\u043a\u043e\u043d\u044c, \u0441\u043f\u0456\u0434\u043d\u0438\u0446\u044c \u0442\u0430 \u0431\u0430\u0433\u0430\u0442\u043e \u0456\u043d\u0448\u043e\u0433\u043e.","publisher":{"@id":"https:\/\/pauzza.pl\/#organization"},"potentialAction":[{"@type":"SearchAction","target":{"@type":"EntryPoint","urlTemplate":"https:\/\/pauzza.pl\/?s={search_term_string}"},"query-input":{"@type":"PropertyValueSpecification","valueRequired":true,"valueName":"search_term_string"}}],"inLanguage":"uk"},{"@type":"Organization","@id":"https:\/\/pauzza.pl\/#organization","name":"\u0406\u043d\u0442\u0435\u0440\u043d\u0435\u0442 \u043c\u0430\u0433\u0430\u0437\u0438\u043d \u0436\u0456\u043d\u043e\u0447\u043e\u0433\u043e \u043e\u0434\u044f\u0433\u0443 Pauzza: \u0416\u0456\u043d\u043e\u0447\u0438\u0439 \u043e\u0434\u044f\u0433. \u041d\u043e\u0432\u0430 \u043a\u043e\u043b\u0435\u043a\u0446\u0456\u044f","url":"https:\/\/pauzza.pl\/","logo":{"@type":"ImageObject","inLanguage":"uk","@id":"https:\/\/pauzza.pl\/#\/schema\/logo\/image\/","url":"https:\/\/pauzza.pl\/wp-content\/uploads\/2024\/01\/pauzzaw.png","contentUrl":"https:\/\/pauzza.pl\/wp-content\/uploads\/2024\/01\/pauzzaw.png","width":350,"height":100,"caption":"Sklep online z damsk\u0105 odzie\u017c\u0105 Pauzza: Damska odzie\u017c. Nowa Kolekcja"},"image":{"@id":"https:\/\/pauzza.pl\/#\/schema\/logo\/image\/"}}]}},"_links":{"self":[{"href":"https:\/\/pauzza.pl\/uk\/wp-json\/wp\/v2\/product\/976182","targetHints":{"allow":["GET"]}}],"collection":[{"href":"https:\/\/pauzza.pl\/uk\/wp-json\/wp\/v2\/product"}],"about":[{"href":"https:\/\/pauzza.pl\/uk\/wp-json\/wp\/v2\/types\/product"}],"wp:featuredmedia":[{"embeddable":true,"href":"https:\/\/pauzza.pl\/uk\/wp-json\/wp\/v2\/media\/976184"}],"wp:attachment":[{"href":"https:\/\/pauzza.pl\/uk\/wp-json\/wp\/v2\/media?parent=976182"}],"wp:term":[{"taxonomy":"product_brand","embeddable":true,"href":"https:\/\/pauzza.pl\/uk\/wp-json\/wp\/v2\/product_brand?post=976182"},{"taxonomy":"product_cat","embeddable":true,"href":"https:\/\/pauzza.pl\/uk\/wp-json\/wp\/v2\/product_cat?post=976182"},{"taxonomy":"product_tag","embeddable":true,"href":"https:\/\/pauzza.pl\/uk\/wp-json\/wp\/v2\/product_tag?post=976182"}],"curies":[{"name":"wp","href":"https:\/\/api.w.org\/{rel}","templated":true}]}}