{"id":976140,"date":"2025-11-24T10:31:04","date_gmt":"2025-11-24T09:31:04","guid":{"rendered":"https:\/\/pauzza.pl\/produkt\/pasek-do-zegarka-classic-skora-24-mm-4999-24xxl-2s-brazowy\/"},"modified":"2026-05-16T19:41:43","modified_gmt":"2026-05-16T17:41:43","slug":"pasek-do-zegarka-classic-skora-24-mm-4999-24xxl-2s-brazowy","status":"publish","type":"product","link":"https:\/\/pauzza.pl\/uk\/%d0%bf%d1%80%d0%be%d0%b4%d1%83%d0%ba%d1%82\/pasek-do-zegarka-classic-skora-24-mm-4999-24xxl-2s-brazowy\/","title":{"rendered":"Pasek do zegarka CLASSIC &#8211; sk\u00f3ra 24 mm 4999-24XXL-2S Br\u0105zowy"},"content":{"rendered":"<p class=\"def\" style=\"box-sizing: border-box; outline: none; color: #131313; font-family: Roboto, sans-serif; font-size: 14px;\"><strong class=\"def\" style=\"font-size: large; color: #000000; font-family: Verdana, Arial, Helvetica, sans-serif;\">Pasek do zegarka CLASSIC &#8211; sk\u00f3ra, 24mm, 4999-24XXL-2S Br\u0105zowy<\/strong><\/p>\n<p class=\"def\" style=\"box-sizing: border-box; outline: none; color: #131313; font-family: Roboto, sans-serif; font-size: 14px;\"><strong class=\"def\" style=\"font-size: large; color: #000000; font-family: Verdana, Arial, Helvetica, sans-serif;\"><strong class=\"def\">\u00a0<\/strong><\/strong><\/p>\n<p class=\"def\">\u00a0<\/p>\n<p class=\"def\" style=\"box-sizing: border-box; outline: none; color: #131313; font-family: Roboto, sans-serif; font-size: 14px;\"><span style=\"box-sizing: border-box; outline: none; font-weight: bold; font-size: small;\" class=\"def\">Opis:<\/span><\/p>\n<ul class=\"def\" style=\"margin: 15px 0px; padding: 0px 0px 0px 40px; box-sizing: border-box; line-height: 1.5; font-family: Lato, Arial, sans-serif; font-size: 14.994px;\">\n<li class=\"def\"><span style=\"font-size: small;\" class=\"def\">Kolor: br\u0105zowy\u00a0 \u00a0 \u00a0 \u00a0 \u00a0 \u00a0 \u00a0 \u00a0 \u00a0 \u00a0 \u00a0 \u00a0 \u00a0 \u00a0 \u00a0 \u00a0 \u00a0 \u00a0 \u00a0 \u00a0 \u00a0 \u00a0 \u00a0 \u00a0 \u00a0 \u00a0 \u00a0 \u00a0 \u00a0 \u00a0 \u00a0 \u00a0 \u00a0 <br class=\"def\"><\/span><\/li>\n<li class=\"def\"><span style=\"font-family: Verdana, Arial, Helvetica, sans-serif; font-size: small;\" class=\"def\">Sk\u00f3ra naturalna\u00a0 \u00a0 \u00a0 \u00a0<\/span><\/li>\n<li class=\"def\"><span style=\"font-size: small;\" class=\"def\">Sprz\u0105czka ze stali szlachetnej w kolorze srebrny<\/span><\/li>\n<li class=\"def\"><span style=\"font-size: small;\" class=\"def\">Nitka: br\u0105zowa<br class=\"def\"><\/span><\/li>\n<\/ul>\n<p class=\"def\">\u00a0<\/p>\n<p class=\"def\" style=\"box-sizing: border-box; outline: none; color: #131313; font-family: Roboto, sans-serif; font-size: 14px;\"><span style=\"box-sizing: border-box; outline: none; font-size: small;\" class=\"def\"><span style=\"box-sizing: border-box; outline: none; font-weight: bold;\" class=\"def\">\u0420\u043e\u0437\u043c\u0456\u0440\u0438:<\/span><\/span><\/p>\n<ul class=\"def\" style=\"margin: 15px 0px; padding: 0px 0px 0px 40px; box-sizing: border-box; line-height: 1.5; font-family: Lato, Arial, sans-serif; font-size: 14.994px;\">\n<li class=\"def\"><span style=\"font-size: small;\" class=\"def\">szeroko\u015b\u0107 przy teleskopach &#8211; mocowaniu: 24 mm<\/span><\/li>\n<li class=\"def\"><span style=\"font-size: small;\" class=\"def\">d\u0142ugo\u015b\u0107 cz\u0119\u015bci z sprz\u0105czk\u0105: 85 mm<\/span><\/li>\n<li class=\"def\"><span style=\"font-size: small;\" class=\"def\">d\u0142ugo\u015b\u0107 cz\u0119\u015bci z dziurkami: 125 mm \u00a0 \u00a0 \u00a0 \u00a0 \u00a0 \u00a0 \u00a0 \u00a0 \u00a0 \u00a0 \u00a0 \u00a0 \u00a0 \u00a0 \u00a0 \u00a0 \u00a0 \u00a0 \u00a0 \u00a0 \u00a0 \u00a0 \u00a0 \u00a0 \u00a0 \u00a0 \u00a0 \u00a0 \u00a0 \u00a0 \u00a0 \u00a0 \u00a0 \u00a0 \u00a0 \u00a0 \u00a0 \u00a0 \u00a0 \u00a0 \u00a0 \u00a0 \u00a0\u00a0<\/span><\/li>\n<li class=\"def\"><span style=\"font-size: small;\" class=\"def\">d\u0142ugo\u015b\u0107 minimalna: 145 mm<\/span><\/li>\n<li class=\"def\"><span style=\"font-size: small;\" class=\"def\">d\u0142ugo\u015b\u0107 maksymalna:190 mm\u00a0<\/span><\/li>\n<\/ul>","protected":false},"excerpt":{"rendered":"<p>Pasek do zegarka CLASSIC &#8211; sk\u00f3ra, 24mm, 4999-24XXL-2S Br\u0105zowy \u00a0 \u00a0 Opis: Kolor: br\u0105zowy\u00a0 \u00a0 \u00a0 \u00a0 \u00a0 \u00a0 \u00a0 \u00a0 \u00a0 \u00a0 \u00a0 \u00a0 \u00a0 \u00a0 \u00a0 \u00a0 \u00a0 \u00a0 \u00a0 \u00a0 \u00a0 \u00a0 \u00a0 \u00a0 \u00a0 \u00a0 \u00a0 \u00a0 \u00a0 \u00a0 \u00a0 \u00a0 \u00a0 Sk\u00f3ra naturalna\u00a0 \u00a0 \u00a0 \u00a0 Sprz\u0105czka ze stali szlachetnej [&hellip;]<\/p>","protected":false},"featured_media":976142,"template":"","meta":{"_acf_changed":false},"product_brand":[],"product_cat":[4834,4849],"product_tag":[],"class_list":{"0":"post-976140","1":"product","2":"type-product","3":"status-publish","4":"has-post-thumbnail","6":"product_cat-akcesoria","7":"product_cat-pasek","9":"first","10":"instock","11":"taxable","12":"shipping-taxable","13":"purchasable","14":"product-type-simple"},"acf":[],"yoast_head":"<!-- This site is optimized with the Yoast SEO plugin v27.2 - https:\/\/yoast.com\/product\/yoast-seo-wordpress\/ -->\n<title>Pasek do zegarka CLASSIC - sk\u00f3ra 24 mm 4999-24XXL-2S Br\u0105zowy<\/title>\n<meta name=\"robots\" content=\"index, follow, max-snippet:-1, max-image-preview:large, max-video-preview:-1\" \/>\n<link rel=\"canonical\" href=\"https:\/\/pauzza.pl\/uk\/\u043f\u0440\u043e\u0434\u0443\u043a\u0442\/pasek-do-zegarka-classic-skora-24-mm-4999-24xxl-2s-brazowy\/\" \/>\n<meta property=\"og:locale\" content=\"uk_UA\" \/>\n<meta property=\"og:type\" content=\"article\" \/>\n<meta property=\"og:title\" content=\"Pasek do zegarka CLASSIC - sk\u00f3ra 24 mm 4999-24XXL-2S Br\u0105zowy\" \/>\n<meta property=\"og:description\" content=\"Pasek do zegarka CLASSIC &#8211; sk\u00f3ra, 24mm, 4999-24XXL-2S Br\u0105zowy \u00a0 \u00a0 Opis: Kolor: br\u0105zowy\u00a0 \u00a0 \u00a0 \u00a0 \u00a0 \u00a0 \u00a0 \u00a0 \u00a0 \u00a0 \u00a0 \u00a0 \u00a0 \u00a0 \u00a0 \u00a0 \u00a0 \u00a0 \u00a0 \u00a0 \u00a0 \u00a0 \u00a0 \u00a0 \u00a0 \u00a0 \u00a0 \u00a0 \u00a0 \u00a0 \u00a0 \u00a0 \u00a0 Sk\u00f3ra naturalna\u00a0 \u00a0 \u00a0 \u00a0 Sprz\u0105czka ze stali szlachetnej [&hellip;]\" \/>\n<meta property=\"og:url\" content=\"https:\/\/pauzza.pl\/uk\/\u043f\u0440\u043e\u0434\u0443\u043a\u0442\/pasek-do-zegarka-classic-skora-24-mm-4999-24xxl-2s-brazowy\/\" \/>\n<meta property=\"og:site_name\" content=\"Sklep online z damsk\u0105 odzie\u017c\u0105 Pauzza: Damska odzie\u017c. Nowa Kolekcja\" \/>\n<meta property=\"article:modified_time\" content=\"2026-05-16T17:41:43+00:00\" \/>\n<meta property=\"og:image\" content=\"https:\/\/pauzza.pl\/wp-content\/uploads\/2025\/11\/1_max-13.jpg\" \/>\n\t<meta property=\"og:image:width\" content=\"1030\" \/>\n\t<meta property=\"og:image:height\" content=\"528\" \/>\n\t<meta property=\"og:image:type\" content=\"image\/jpeg\" \/>\n<meta name=\"twitter:card\" content=\"summary_large_image\" \/>\n<script type=\"application\/ld+json\" class=\"yoast-schema-graph\">{\"@context\":\"https:\/\/schema.org\",\"@graph\":[{\"@type\":\"WebPage\",\"@id\":\"https:\/\/pauzza.pl\/produkt\/pasek-do-zegarka-classic-skora-24-mm-4999-24xxl-2s-brazowy\/\",\"url\":\"https:\/\/pauzza.pl\/produkt\/pasek-do-zegarka-classic-skora-24-mm-4999-24xxl-2s-brazowy\/\",\"name\":\"Pasek do zegarka CLASSIC - sk\u00f3ra 24 mm 4999-24XXL-2S Br\u0105zowy\",\"isPartOf\":{\"@id\":\"https:\/\/pauzza.pl\/#website\"},\"primaryImageOfPage\":{\"@id\":\"https:\/\/pauzza.pl\/produkt\/pasek-do-zegarka-classic-skora-24-mm-4999-24xxl-2s-brazowy\/#primaryimage\"},\"image\":{\"@id\":\"https:\/\/pauzza.pl\/produkt\/pasek-do-zegarka-classic-skora-24-mm-4999-24xxl-2s-brazowy\/#primaryimage\"},\"thumbnailUrl\":\"https:\/\/pauzza.pl\/wp-content\/uploads\/2025\/11\/1_max-13.jpg\",\"datePublished\":\"2025-11-24T09:31:04+00:00\",\"dateModified\":\"2026-05-16T17:41:43+00:00\",\"breadcrumb\":{\"@id\":\"https:\/\/pauzza.pl\/produkt\/pasek-do-zegarka-classic-skora-24-mm-4999-24xxl-2s-brazowy\/#breadcrumb\"},\"inLanguage\":\"uk\",\"potentialAction\":[{\"@type\":\"ReadAction\",\"target\":[\"https:\/\/pauzza.pl\/produkt\/pasek-do-zegarka-classic-skora-24-mm-4999-24xxl-2s-brazowy\/\"]}]},{\"@type\":\"ImageObject\",\"inLanguage\":\"uk\",\"@id\":\"https:\/\/pauzza.pl\/produkt\/pasek-do-zegarka-classic-skora-24-mm-4999-24xxl-2s-brazowy\/#primaryimage\",\"url\":\"https:\/\/pauzza.pl\/wp-content\/uploads\/2025\/11\/1_max-13.jpg\",\"contentUrl\":\"https:\/\/pauzza.pl\/wp-content\/uploads\/2025\/11\/1_max-13.jpg\",\"width\":1030,\"height\":528},{\"@type\":\"BreadcrumbList\",\"@id\":\"https:\/\/pauzza.pl\/produkt\/pasek-do-zegarka-classic-skora-24-mm-4999-24xxl-2s-brazowy\/#breadcrumb\",\"itemListElement\":[{\"@type\":\"ListItem\",\"position\":1,\"name\":\"Strona g\u0142\u00f3wna\",\"item\":\"https:\/\/pauzza.pl\/\"},{\"@type\":\"ListItem\",\"position\":2,\"name\":\"Sklep\",\"item\":\"https:\/\/pauzza.pl\/sklep\/\"},{\"@type\":\"ListItem\",\"position\":3,\"name\":\"Pasek do zegarka CLASSIC &#8211; sk\u00f3ra 24 mm 4999-24XXL-2S Br\u0105zowy\"}]},{\"@type\":\"WebSite\",\"@id\":\"https:\/\/pauzza.pl\/#website\",\"url\":\"https:\/\/pauzza.pl\/\",\"name\":\"Sklep online z damsk\u0105 odzie\u017c\u0105 Pauzza: Damska odzie\u017c. Nowa Kolekcja\",\"description\":\"Je\u015bli chcesz zadba\u0107 o sw\u00f3j profesjonalny i pe\u0142en klasy wygl\u0105d w pracy butik online Pauzza, to strza\u0142 w dziesi\u0105tk\u0119! U nas znajdziesz szeroki wyb\u00f3r \u017cakiet\u00f3w, koszul, kurtek, sukienek, sp\u00f3dnic i wiele wiecej\",\"publisher\":{\"@id\":\"https:\/\/pauzza.pl\/#organization\"},\"potentialAction\":[{\"@type\":\"SearchAction\",\"target\":{\"@type\":\"EntryPoint\",\"urlTemplate\":\"https:\/\/pauzza.pl\/?s={search_term_string}\"},\"query-input\":{\"@type\":\"PropertyValueSpecification\",\"valueRequired\":true,\"valueName\":\"search_term_string\"}}],\"inLanguage\":\"uk\"},{\"@type\":\"Organization\",\"@id\":\"https:\/\/pauzza.pl\/#organization\",\"name\":\"Sklep online z damsk\u0105 odzie\u017c\u0105 Pauzza: Damska odzie\u017c. Nowa Kolekcja\",\"url\":\"https:\/\/pauzza.pl\/\",\"logo\":{\"@type\":\"ImageObject\",\"inLanguage\":\"uk\",\"@id\":\"https:\/\/pauzza.pl\/#\/schema\/logo\/image\/\",\"url\":\"https:\/\/pauzza.pl\/wp-content\/uploads\/2024\/01\/pauzzaw.png\",\"contentUrl\":\"https:\/\/pauzza.pl\/wp-content\/uploads\/2024\/01\/pauzzaw.png\",\"width\":350,\"height\":100,\"caption\":\"Sklep online z damsk\u0105 odzie\u017c\u0105 Pauzza: Damska odzie\u017c. Nowa Kolekcja\"},\"image\":{\"@id\":\"https:\/\/pauzza.pl\/#\/schema\/logo\/image\/\"}}]}<\/script>\n<!-- \/ Yoast SEO plugin. -->","yoast_head_json":{"title":"Pasek do zegarka CLASSIC - sk\u00f3ra 24 mm 4999-24XXL-2S Br\u0105zowy","robots":{"index":"index","follow":"follow","max-snippet":"max-snippet:-1","max-image-preview":"max-image-preview:large","max-video-preview":"max-video-preview:-1"},"canonical":"https:\/\/pauzza.pl\/uk\/\u043f\u0440\u043e\u0434\u0443\u043a\u0442\/pasek-do-zegarka-classic-skora-24-mm-4999-24xxl-2s-brazowy\/","og_locale":"uk_UA","og_type":"article","og_title":"Pasek do zegarka CLASSIC - sk\u00f3ra 24 mm 4999-24XXL-2S Br\u0105zowy","og_description":"Pasek do zegarka CLASSIC &#8211; sk\u00f3ra, 24mm, 4999-24XXL-2S Br\u0105zowy \u00a0 \u00a0 Opis: Kolor: br\u0105zowy\u00a0 \u00a0 \u00a0 \u00a0 \u00a0 \u00a0 \u00a0 \u00a0 \u00a0 \u00a0 \u00a0 \u00a0 \u00a0 \u00a0 \u00a0 \u00a0 \u00a0 \u00a0 \u00a0 \u00a0 \u00a0 \u00a0 \u00a0 \u00a0 \u00a0 \u00a0 \u00a0 \u00a0 \u00a0 \u00a0 \u00a0 \u00a0 \u00a0 Sk\u00f3ra naturalna\u00a0 \u00a0 \u00a0 \u00a0 Sprz\u0105czka ze stali szlachetnej [&hellip;]","og_url":"https:\/\/pauzza.pl\/uk\/\u043f\u0440\u043e\u0434\u0443\u043a\u0442\/pasek-do-zegarka-classic-skora-24-mm-4999-24xxl-2s-brazowy\/","og_site_name":"Sklep online z damsk\u0105 odzie\u017c\u0105 Pauzza: Damska odzie\u017c. Nowa Kolekcja","article_modified_time":"2026-05-16T17:41:43+00:00","og_image":[{"width":1030,"height":528,"url":"https:\/\/pauzza.pl\/wp-content\/uploads\/2025\/11\/1_max-13.jpg","type":"image\/jpeg"}],"twitter_card":"summary_large_image","schema":{"@context":"https:\/\/schema.org","@graph":[{"@type":"WebPage","@id":"https:\/\/pauzza.pl\/produkt\/pasek-do-zegarka-classic-skora-24-mm-4999-24xxl-2s-brazowy\/","url":"https:\/\/pauzza.pl\/produkt\/pasek-do-zegarka-classic-skora-24-mm-4999-24xxl-2s-brazowy\/","name":"Pasek do zegarka CLASSIC - sk\u00f3ra 24 mm 4999-24XXL-2S Br\u0105zowy","isPartOf":{"@id":"https:\/\/pauzza.pl\/#website"},"primaryImageOfPage":{"@id":"https:\/\/pauzza.pl\/produkt\/pasek-do-zegarka-classic-skora-24-mm-4999-24xxl-2s-brazowy\/#primaryimage"},"image":{"@id":"https:\/\/pauzza.pl\/produkt\/pasek-do-zegarka-classic-skora-24-mm-4999-24xxl-2s-brazowy\/#primaryimage"},"thumbnailUrl":"https:\/\/pauzza.pl\/wp-content\/uploads\/2025\/11\/1_max-13.jpg","datePublished":"2025-11-24T09:31:04+00:00","dateModified":"2026-05-16T17:41:43+00:00","breadcrumb":{"@id":"https:\/\/pauzza.pl\/produkt\/pasek-do-zegarka-classic-skora-24-mm-4999-24xxl-2s-brazowy\/#breadcrumb"},"inLanguage":"uk","potentialAction":[{"@type":"ReadAction","target":["https:\/\/pauzza.pl\/produkt\/pasek-do-zegarka-classic-skora-24-mm-4999-24xxl-2s-brazowy\/"]}]},{"@type":"ImageObject","inLanguage":"uk","@id":"https:\/\/pauzza.pl\/produkt\/pasek-do-zegarka-classic-skora-24-mm-4999-24xxl-2s-brazowy\/#primaryimage","url":"https:\/\/pauzza.pl\/wp-content\/uploads\/2025\/11\/1_max-13.jpg","contentUrl":"https:\/\/pauzza.pl\/wp-content\/uploads\/2025\/11\/1_max-13.jpg","width":1030,"height":528},{"@type":"BreadcrumbList","@id":"https:\/\/pauzza.pl\/produkt\/pasek-do-zegarka-classic-skora-24-mm-4999-24xxl-2s-brazowy\/#breadcrumb","itemListElement":[{"@type":"ListItem","position":1,"name":"Strona g\u0142\u00f3wna","item":"https:\/\/pauzza.pl\/"},{"@type":"ListItem","position":2,"name":"Sklep","item":"https:\/\/pauzza.pl\/sklep\/"},{"@type":"ListItem","position":3,"name":"Pasek do zegarka CLASSIC &#8211; sk\u00f3ra 24 mm 4999-24XXL-2S Br\u0105zowy"}]},{"@type":"WebSite","@id":"https:\/\/pauzza.pl\/#website","url":"https:\/\/pauzza.pl\/","name":"\u0406\u043d\u0442\u0435\u0440\u043d\u0435\u0442 \u043c\u0430\u0433\u0430\u0437\u0438\u043d \u0436\u0456\u043d\u043e\u0447\u043e\u0433\u043e \u043e\u0434\u044f\u0433\u0443 Pauzza: \u0416\u0456\u043d\u043e\u0447\u0438\u0439 \u043e\u0434\u044f\u0433. \u041d\u043e\u0432\u0430 \u043a\u043e\u043b\u0435\u043a\u0446\u0456\u044f","description":"\u042f\u043a\u0449\u043e \u0432\u0438 \u0445\u043e\u0447\u0435\u0442\u0435 \u043f\u043e\u0434\u0431\u0430\u0442\u0438 \u043f\u0440\u043e \u0441\u0432\u0456\u0439 \u043f\u0440\u043e\u0444\u0435\u0441\u0456\u0439\u043d\u0438\u0439 \u0442\u0430 \u0441\u0442\u0438\u043b\u044c\u043d\u0438\u0439 \u0432\u0438\u0433\u043b\u044f\u0434 \u043d\u0430 \u0440\u043e\u0431\u043e\u0442\u0456, \u043e\u043d\u043b\u0430\u0439\u043d-\u0431\u0443\u0442\u0456\u043a Pauzza - \u0446\u0435 \u0445\u0456\u0442! \u0422\u0443\u0442 \u0432\u0438 \u0437\u043d\u0430\u0439\u0434\u0435\u0442\u0435 \u0448\u0438\u0440\u043e\u043a\u0438\u0439 \u0432\u0438\u0431\u0456\u0440 \u043f\u0456\u0434\u0436\u0430\u043a\u0456\u0432, \u0441\u043e\u0440\u043e\u0447\u043e\u043a, \u0436\u0430\u043a\u0435\u0442\u0456\u0432, \u0441\u0443\u043a\u043e\u043d\u044c, \u0441\u043f\u0456\u0434\u043d\u0438\u0446\u044c \u0442\u0430 \u0431\u0430\u0433\u0430\u0442\u043e \u0456\u043d\u0448\u043e\u0433\u043e.","publisher":{"@id":"https:\/\/pauzza.pl\/#organization"},"potentialAction":[{"@type":"SearchAction","target":{"@type":"EntryPoint","urlTemplate":"https:\/\/pauzza.pl\/?s={search_term_string}"},"query-input":{"@type":"PropertyValueSpecification","valueRequired":true,"valueName":"search_term_string"}}],"inLanguage":"uk"},{"@type":"Organization","@id":"https:\/\/pauzza.pl\/#organization","name":"\u0406\u043d\u0442\u0435\u0440\u043d\u0435\u0442 \u043c\u0430\u0433\u0430\u0437\u0438\u043d \u0436\u0456\u043d\u043e\u0447\u043e\u0433\u043e \u043e\u0434\u044f\u0433\u0443 Pauzza: \u0416\u0456\u043d\u043e\u0447\u0438\u0439 \u043e\u0434\u044f\u0433. \u041d\u043e\u0432\u0430 \u043a\u043e\u043b\u0435\u043a\u0446\u0456\u044f","url":"https:\/\/pauzza.pl\/","logo":{"@type":"ImageObject","inLanguage":"uk","@id":"https:\/\/pauzza.pl\/#\/schema\/logo\/image\/","url":"https:\/\/pauzza.pl\/wp-content\/uploads\/2024\/01\/pauzzaw.png","contentUrl":"https:\/\/pauzza.pl\/wp-content\/uploads\/2024\/01\/pauzzaw.png","width":350,"height":100,"caption":"Sklep online z damsk\u0105 odzie\u017c\u0105 Pauzza: Damska odzie\u017c. Nowa Kolekcja"},"image":{"@id":"https:\/\/pauzza.pl\/#\/schema\/logo\/image\/"}}]}},"_links":{"self":[{"href":"https:\/\/pauzza.pl\/uk\/wp-json\/wp\/v2\/product\/976140","targetHints":{"allow":["GET"]}}],"collection":[{"href":"https:\/\/pauzza.pl\/uk\/wp-json\/wp\/v2\/product"}],"about":[{"href":"https:\/\/pauzza.pl\/uk\/wp-json\/wp\/v2\/types\/product"}],"wp:featuredmedia":[{"embeddable":true,"href":"https:\/\/pauzza.pl\/uk\/wp-json\/wp\/v2\/media\/976142"}],"wp:attachment":[{"href":"https:\/\/pauzza.pl\/uk\/wp-json\/wp\/v2\/media?parent=976140"}],"wp:term":[{"taxonomy":"product_brand","embeddable":true,"href":"https:\/\/pauzza.pl\/uk\/wp-json\/wp\/v2\/product_brand?post=976140"},{"taxonomy":"product_cat","embeddable":true,"href":"https:\/\/pauzza.pl\/uk\/wp-json\/wp\/v2\/product_cat?post=976140"},{"taxonomy":"product_tag","embeddable":true,"href":"https:\/\/pauzza.pl\/uk\/wp-json\/wp\/v2\/product_tag?post=976140"}],"curies":[{"name":"wp","href":"https:\/\/api.w.org\/{rel}","templated":true}]}}