{"id":940570,"date":"2025-09-10T19:23:30","date_gmt":"2025-09-10T17:23:30","guid":{"rendered":"https:\/\/pauzza.pl\/?post_type=product&#038;p=940570"},"modified":"2025-10-27T16:43:30","modified_gmt":"2025-10-27T15:43:30","slug":"bawelniane-spodnie-dresowe-z-zamkami-black","status":"publish","type":"product","link":"https:\/\/pauzza.pl\/uk\/%d0%bf%d1%80%d0%be%d0%b4%d1%83%d0%ba%d1%82\/bawelniane-spodnie-dresowe-z-zamkami-black\/","title":{"rendered":"BAWE\u0141NIANE SPODNIE DRESOWE Z ZAMKAMI BLACK"},"content":{"rendered":"<p><strong>*\u0414\u0440\u0443\u043a\u0443\u0439:\u00a0<\/strong>\u00a0\u0429\u043e\u0434\u043d\u044f\u00a0<strong>*<\/strong><\/p>\n<p><strong>\u0423\u043c\u043e\u0432\u0430:\u00a0<\/strong>\u00a0wysoki *<\/p>\n<p><strong>\u0414\u0435\u0442\u0430\u043b\u0456:<\/strong> Bawe\u0142niane spodnie dresowe z zamkami<\/p>\n<p>\u0421\u043a\u043b\u0430\u0434: 95% \u0431\u0430\u0432\u043e\u0432\u043d\u0430, 5 % \u0435\u043b\u0430\u0441\u0442\u0430\u043d<\/p>\n<p><strong>\u0420\u043e\u0437\u043c\u0456\u0440\u0438 S-M:<\/strong><\/p>\n<div>\n<div>\n<div>\u041e\u0431\u0445\u0432\u0430\u0442 \u0442\u0430\u043b\u0456\u0457: 64 \u0441\u043c \/ 74 \u0441\u043c<\/div>\n<\/div>\n<\/div>\n<div>\u041e\u0431\u0445\u0432\u0430\u0442 \u0441\u0442\u0435\u0433\u043e\u043d: 96 \u0441\u043c \/ 104 \u0441\u043c<\/div>\n<div>\u0417\u0430\u0433\u0430\u043b\u044c\u043d\u0430 \u0434\u043e\u0432\u0436\u0438\u043d\u0430: 98 \u0441\u043c<\/div>\n<div>\u0417\u0440\u0456\u0441\u0442: 32 \u0441\u043c<\/div>\n<p><strong>\u0420\u043e\u0437\u043c\u0456\u0440\u0438 M-L:<\/strong><\/p>\n<div>\n<div>\n<div>\n<div>\u041e\u0431\u0445\u0432\u0430\u0442 \u0442\u0430\u043b\u0456\u0457: 70 \u0441\u043c \/ 80 \u0441\u043c<\/div>\n<\/div>\n<\/div>\n<div>Obw\u00f3d w biodrach: 102 cm \/ 108 cm<\/div>\n<div>\u0417\u0430\u0433\u0430\u043b\u044c\u043d\u0430 \u0434\u043e\u0432\u0436\u0438\u043d\u0430: 101 \u0441\u043c<\/div>\n<div>\u0417\u0440\u0456\u0441\u0442: 35 \u0441\u043c<\/div>\n<\/div>","protected":false},"excerpt":{"rendered":"<p>*Rodzaj:\u00a0\u00a0na co dzie\u0144\u00a0* Stan:\u00a0\u00a0wysoki * Szczeg\u00f3\u0142y: Bawe\u0142niane spodnie dresowe z zamkami Sk\u0142ad: 95% bawe\u0142na, 5 % elastan Wymiary S-M: Obw\u00f3d w pasie: 64 cm \/ 74 cm Obw\u00f3d w biodrach: 96 cm \/ 104 cm D\u0142ugo\u015b\u0107 ca\u0142kowita: 98 cm Wysoko\u015b\u0107 stanu: 32 cm Wymiary M-L: Obw\u00f3d w pasie: 70 cm \/ 80 cm Obw\u00f3d w [&hellip;]<\/p>","protected":false},"featured_media":940571,"template":"","meta":{"_acf_changed":false},"product_brand":[],"product_cat":[3131,3230,2937,3232,3130,3137],"product_tag":[],"class_list":{"0":"post-940570","1":"product","2":"type-product","3":"status-publish","4":"has-post-thumbnail","6":"product_cat-bojowki","7":"product_cat-nowosci","8":"product_cat-odziez","9":"product_cat-sale","10":"product_cat-spodnie","11":"product_cat-z-wysokim-stanem-spodnie","12":"pa_size-l_xl","13":"pa_size-s_m","15":"first","16":"instock","17":"sale","18":"taxable","19":"shipping-taxable","20":"purchasable","21":"product-type-variable"},"acf":[],"yoast_head":"<!-- This site is optimized with the Yoast SEO plugin v27.2 - https:\/\/yoast.com\/product\/yoast-seo-wordpress\/ -->\n<title>BAWE\u0141NIANE SPODNIE DRESOWE Z ZAMKAMI BLACK - Sklep online z damsk\u0105 odzie\u017c\u0105 Pauzza: Damska odzie\u017c. Nowa Kolekcja<\/title>\n<meta name=\"robots\" content=\"index, follow, max-snippet:-1, max-image-preview:large, max-video-preview:-1\" \/>\n<link rel=\"canonical\" href=\"https:\/\/pauzza.pl\/uk\/\u043f\u0440\u043e\u0434\u0443\u043a\u0442\/bawelniane-spodnie-dresowe-z-zamkami-black\/\" \/>\n<meta property=\"og:locale\" content=\"uk_UA\" \/>\n<meta property=\"og:type\" content=\"article\" \/>\n<meta property=\"og:title\" content=\"BAWE\u0141NIANE SPODNIE DRESOWE Z ZAMKAMI BLACK - Sklep online z damsk\u0105 odzie\u017c\u0105 Pauzza: Damska odzie\u017c. Nowa Kolekcja\" \/>\n<meta property=\"og:description\" content=\"*Rodzaj:\u00a0\u00a0na co dzie\u0144\u00a0* Stan:\u00a0\u00a0wysoki * Szczeg\u00f3\u0142y: Bawe\u0142niane spodnie dresowe z zamkami Sk\u0142ad: 95% bawe\u0142na, 5 % elastan Wymiary S-M: Obw\u00f3d w pasie: 64 cm \/ 74 cm Obw\u00f3d w biodrach: 96 cm \/ 104 cm D\u0142ugo\u015b\u0107 ca\u0142kowita: 98 cm Wysoko\u015b\u0107 stanu: 32 cm Wymiary M-L: Obw\u00f3d w pasie: 70 cm \/ 80 cm Obw\u00f3d w [&hellip;]\" \/>\n<meta property=\"og:url\" content=\"https:\/\/pauzza.pl\/uk\/\u043f\u0440\u043e\u0434\u0443\u043a\u0442\/bawelniane-spodnie-dresowe-z-zamkami-black\/\" \/>\n<meta property=\"og:site_name\" content=\"Sklep online z damsk\u0105 odzie\u017c\u0105 Pauzza: Damska odzie\u017c. Nowa Kolekcja\" \/>\n<meta property=\"article:modified_time\" content=\"2025-10-27T15:43:30+00:00\" \/>\n<meta property=\"og:image\" content=\"https:\/\/pauzza.pl\/wp-content\/uploads\/2025\/09\/Zdjecie-10.09.2025-07-20-02-49.jpg\" \/>\n\t<meta property=\"og:image:width\" content=\"720\" \/>\n\t<meta property=\"og:image:height\" content=\"1000\" \/>\n\t<meta property=\"og:image:type\" content=\"image\/jpeg\" \/>\n<meta name=\"twitter:card\" content=\"summary_large_image\" \/>\n<meta name=\"twitter:label1\" content=\"\u041f\u0440\u0438\u0431\u043b. \u0447\u0430\u0441 \u0447\u0438\u0442\u0430\u043d\u043d\u044f\" \/>\n\t<meta name=\"twitter:data1\" content=\"1 \u0445\u0432\u0438\u043b\u0438\u043d\u0430\" \/>\n<script type=\"application\/ld+json\" class=\"yoast-schema-graph\">{\"@context\":\"https:\/\/schema.org\",\"@graph\":[{\"@type\":\"WebPage\",\"@id\":\"https:\/\/pauzza.pl\/produkt\/bawelniane-spodnie-dresowe-z-zamkami-black\/\",\"url\":\"https:\/\/pauzza.pl\/produkt\/bawelniane-spodnie-dresowe-z-zamkami-black\/\",\"name\":\"BAWE\u0141NIANE SPODNIE DRESOWE Z ZAMKAMI BLACK - Sklep online z damsk\u0105 odzie\u017c\u0105 Pauzza: Damska odzie\u017c. Nowa Kolekcja\",\"isPartOf\":{\"@id\":\"https:\/\/pauzza.pl\/#website\"},\"primaryImageOfPage\":{\"@id\":\"https:\/\/pauzza.pl\/produkt\/bawelniane-spodnie-dresowe-z-zamkami-black\/#primaryimage\"},\"image\":{\"@id\":\"https:\/\/pauzza.pl\/produkt\/bawelniane-spodnie-dresowe-z-zamkami-black\/#primaryimage\"},\"thumbnailUrl\":\"https:\/\/pauzza.pl\/wp-content\/uploads\/2025\/09\/Zdjecie-10.09.2025-07-20-02-49.jpg\",\"datePublished\":\"2025-09-10T17:23:30+00:00\",\"dateModified\":\"2025-10-27T15:43:30+00:00\",\"breadcrumb\":{\"@id\":\"https:\/\/pauzza.pl\/produkt\/bawelniane-spodnie-dresowe-z-zamkami-black\/#breadcrumb\"},\"inLanguage\":\"uk\",\"potentialAction\":[{\"@type\":\"ReadAction\",\"target\":[\"https:\/\/pauzza.pl\/produkt\/bawelniane-spodnie-dresowe-z-zamkami-black\/\"]}]},{\"@type\":\"ImageObject\",\"inLanguage\":\"uk\",\"@id\":\"https:\/\/pauzza.pl\/produkt\/bawelniane-spodnie-dresowe-z-zamkami-black\/#primaryimage\",\"url\":\"https:\/\/pauzza.pl\/wp-content\/uploads\/2025\/09\/Zdjecie-10.09.2025-07-20-02-49.jpg\",\"contentUrl\":\"https:\/\/pauzza.pl\/wp-content\/uploads\/2025\/09\/Zdjecie-10.09.2025-07-20-02-49.jpg\",\"width\":720,\"height\":1000,\"caption\":\"BAWE\u0141NIANE SPODNIE DRESOWE Z ZAMKAMI BLACK\"},{\"@type\":\"BreadcrumbList\",\"@id\":\"https:\/\/pauzza.pl\/produkt\/bawelniane-spodnie-dresowe-z-zamkami-black\/#breadcrumb\",\"itemListElement\":[{\"@type\":\"ListItem\",\"position\":1,\"name\":\"Strona g\u0142\u00f3wna\",\"item\":\"https:\/\/pauzza.pl\/\"},{\"@type\":\"ListItem\",\"position\":2,\"name\":\"Sklep\",\"item\":\"https:\/\/pauzza.pl\/sklep\/\"},{\"@type\":\"ListItem\",\"position\":3,\"name\":\"BAWE\u0141NIANE SPODNIE DRESOWE Z ZAMKAMI BLACK\"}]},{\"@type\":\"WebSite\",\"@id\":\"https:\/\/pauzza.pl\/#website\",\"url\":\"https:\/\/pauzza.pl\/\",\"name\":\"Sklep online z damsk\u0105 odzie\u017c\u0105 Pauzza: Damska odzie\u017c. Nowa Kolekcja\",\"description\":\"Je\u015bli chcesz zadba\u0107 o sw\u00f3j profesjonalny i pe\u0142en klasy wygl\u0105d w pracy butik online Pauzza, to strza\u0142 w dziesi\u0105tk\u0119! U nas znajdziesz szeroki wyb\u00f3r \u017cakiet\u00f3w, koszul, kurtek, sukienek, sp\u00f3dnic i wiele wiecej\",\"publisher\":{\"@id\":\"https:\/\/pauzza.pl\/#organization\"},\"potentialAction\":[{\"@type\":\"SearchAction\",\"target\":{\"@type\":\"EntryPoint\",\"urlTemplate\":\"https:\/\/pauzza.pl\/?s={search_term_string}\"},\"query-input\":{\"@type\":\"PropertyValueSpecification\",\"valueRequired\":true,\"valueName\":\"search_term_string\"}}],\"inLanguage\":\"uk\"},{\"@type\":\"Organization\",\"@id\":\"https:\/\/pauzza.pl\/#organization\",\"name\":\"Sklep online z damsk\u0105 odzie\u017c\u0105 Pauzza: Damska odzie\u017c. Nowa Kolekcja\",\"url\":\"https:\/\/pauzza.pl\/\",\"logo\":{\"@type\":\"ImageObject\",\"inLanguage\":\"uk\",\"@id\":\"https:\/\/pauzza.pl\/#\/schema\/logo\/image\/\",\"url\":\"https:\/\/pauzza.pl\/wp-content\/uploads\/2024\/01\/pauzzaw.png\",\"contentUrl\":\"https:\/\/pauzza.pl\/wp-content\/uploads\/2024\/01\/pauzzaw.png\",\"width\":350,\"height\":100,\"caption\":\"Sklep online z damsk\u0105 odzie\u017c\u0105 Pauzza: Damska odzie\u017c. Nowa Kolekcja\"},\"image\":{\"@id\":\"https:\/\/pauzza.pl\/#\/schema\/logo\/image\/\"}}]}<\/script>\n<!-- \/ Yoast SEO plugin. -->","yoast_head_json":{"title":"BAWE\u0141NIANE SPODNIE DRESOWE Z ZAMKAMI BLACK - Sklep online z damsk\u0105 odzie\u017c\u0105 Pauzza: Damska odzie\u017c. Nowa Kolekcja","robots":{"index":"index","follow":"follow","max-snippet":"max-snippet:-1","max-image-preview":"max-image-preview:large","max-video-preview":"max-video-preview:-1"},"canonical":"https:\/\/pauzza.pl\/uk\/\u043f\u0440\u043e\u0434\u0443\u043a\u0442\/bawelniane-spodnie-dresowe-z-zamkami-black\/","og_locale":"uk_UA","og_type":"article","og_title":"BAWE\u0141NIANE SPODNIE DRESOWE Z ZAMKAMI BLACK - Sklep online z damsk\u0105 odzie\u017c\u0105 Pauzza: Damska odzie\u017c. Nowa Kolekcja","og_description":"*Rodzaj:\u00a0\u00a0na co dzie\u0144\u00a0* Stan:\u00a0\u00a0wysoki * Szczeg\u00f3\u0142y: Bawe\u0142niane spodnie dresowe z zamkami Sk\u0142ad: 95% bawe\u0142na, 5 % elastan Wymiary S-M: Obw\u00f3d w pasie: 64 cm \/ 74 cm Obw\u00f3d w biodrach: 96 cm \/ 104 cm D\u0142ugo\u015b\u0107 ca\u0142kowita: 98 cm Wysoko\u015b\u0107 stanu: 32 cm Wymiary M-L: Obw\u00f3d w pasie: 70 cm \/ 80 cm Obw\u00f3d w [&hellip;]","og_url":"https:\/\/pauzza.pl\/uk\/\u043f\u0440\u043e\u0434\u0443\u043a\u0442\/bawelniane-spodnie-dresowe-z-zamkami-black\/","og_site_name":"Sklep online z damsk\u0105 odzie\u017c\u0105 Pauzza: Damska odzie\u017c. Nowa Kolekcja","article_modified_time":"2025-10-27T15:43:30+00:00","og_image":[{"width":720,"height":1000,"url":"https:\/\/pauzza.pl\/wp-content\/uploads\/2025\/09\/Zdjecie-10.09.2025-07-20-02-49.jpg","type":"image\/jpeg"}],"twitter_card":"summary_large_image","twitter_misc":{"\u041f\u0440\u0438\u0431\u043b. \u0447\u0430\u0441 \u0447\u0438\u0442\u0430\u043d\u043d\u044f":"1 \u0445\u0432\u0438\u043b\u0438\u043d\u0430"},"schema":{"@context":"https:\/\/schema.org","@graph":[{"@type":"WebPage","@id":"https:\/\/pauzza.pl\/produkt\/bawelniane-spodnie-dresowe-z-zamkami-black\/","url":"https:\/\/pauzza.pl\/produkt\/bawelniane-spodnie-dresowe-z-zamkami-black\/","name":"BAWE\u0141NIANE SPODNIE DRESOWE Z ZAMKAMI BLACK - Sklep online z damsk\u0105 odzie\u017c\u0105 Pauzza: Damska odzie\u017c. Nowa Kolekcja","isPartOf":{"@id":"https:\/\/pauzza.pl\/#website"},"primaryImageOfPage":{"@id":"https:\/\/pauzza.pl\/produkt\/bawelniane-spodnie-dresowe-z-zamkami-black\/#primaryimage"},"image":{"@id":"https:\/\/pauzza.pl\/produkt\/bawelniane-spodnie-dresowe-z-zamkami-black\/#primaryimage"},"thumbnailUrl":"https:\/\/pauzza.pl\/wp-content\/uploads\/2025\/09\/Zdjecie-10.09.2025-07-20-02-49.jpg","datePublished":"2025-09-10T17:23:30+00:00","dateModified":"2025-10-27T15:43:30+00:00","breadcrumb":{"@id":"https:\/\/pauzza.pl\/produkt\/bawelniane-spodnie-dresowe-z-zamkami-black\/#breadcrumb"},"inLanguage":"uk","potentialAction":[{"@type":"ReadAction","target":["https:\/\/pauzza.pl\/produkt\/bawelniane-spodnie-dresowe-z-zamkami-black\/"]}]},{"@type":"ImageObject","inLanguage":"uk","@id":"https:\/\/pauzza.pl\/produkt\/bawelniane-spodnie-dresowe-z-zamkami-black\/#primaryimage","url":"https:\/\/pauzza.pl\/wp-content\/uploads\/2025\/09\/Zdjecie-10.09.2025-07-20-02-49.jpg","contentUrl":"https:\/\/pauzza.pl\/wp-content\/uploads\/2025\/09\/Zdjecie-10.09.2025-07-20-02-49.jpg","width":720,"height":1000,"caption":"BAWE\u0141NIANE SPODNIE DRESOWE Z ZAMKAMI BLACK"},{"@type":"BreadcrumbList","@id":"https:\/\/pauzza.pl\/produkt\/bawelniane-spodnie-dresowe-z-zamkami-black\/#breadcrumb","itemListElement":[{"@type":"ListItem","position":1,"name":"Strona g\u0142\u00f3wna","item":"https:\/\/pauzza.pl\/"},{"@type":"ListItem","position":2,"name":"Sklep","item":"https:\/\/pauzza.pl\/sklep\/"},{"@type":"ListItem","position":3,"name":"BAWE\u0141NIANE SPODNIE DRESOWE Z ZAMKAMI BLACK"}]},{"@type":"WebSite","@id":"https:\/\/pauzza.pl\/#website","url":"https:\/\/pauzza.pl\/","name":"\u0406\u043d\u0442\u0435\u0440\u043d\u0435\u0442 \u043c\u0430\u0433\u0430\u0437\u0438\u043d \u0436\u0456\u043d\u043e\u0447\u043e\u0433\u043e \u043e\u0434\u044f\u0433\u0443 Pauzza: \u0416\u0456\u043d\u043e\u0447\u0438\u0439 \u043e\u0434\u044f\u0433. \u041d\u043e\u0432\u0430 \u043a\u043e\u043b\u0435\u043a\u0446\u0456\u044f","description":"\u042f\u043a\u0449\u043e \u0432\u0438 \u0445\u043e\u0447\u0435\u0442\u0435 \u043f\u043e\u0434\u0431\u0430\u0442\u0438 \u043f\u0440\u043e \u0441\u0432\u0456\u0439 \u043f\u0440\u043e\u0444\u0435\u0441\u0456\u0439\u043d\u0438\u0439 \u0442\u0430 \u0441\u0442\u0438\u043b\u044c\u043d\u0438\u0439 \u0432\u0438\u0433\u043b\u044f\u0434 \u043d\u0430 \u0440\u043e\u0431\u043e\u0442\u0456, \u043e\u043d\u043b\u0430\u0439\u043d-\u0431\u0443\u0442\u0456\u043a Pauzza - \u0446\u0435 \u0445\u0456\u0442! \u0422\u0443\u0442 \u0432\u0438 \u0437\u043d\u0430\u0439\u0434\u0435\u0442\u0435 \u0448\u0438\u0440\u043e\u043a\u0438\u0439 \u0432\u0438\u0431\u0456\u0440 \u043f\u0456\u0434\u0436\u0430\u043a\u0456\u0432, \u0441\u043e\u0440\u043e\u0447\u043e\u043a, \u0436\u0430\u043a\u0435\u0442\u0456\u0432, \u0441\u0443\u043a\u043e\u043d\u044c, \u0441\u043f\u0456\u0434\u043d\u0438\u0446\u044c \u0442\u0430 \u0431\u0430\u0433\u0430\u0442\u043e \u0456\u043d\u0448\u043e\u0433\u043e.","publisher":{"@id":"https:\/\/pauzza.pl\/#organization"},"potentialAction":[{"@type":"SearchAction","target":{"@type":"EntryPoint","urlTemplate":"https:\/\/pauzza.pl\/?s={search_term_string}"},"query-input":{"@type":"PropertyValueSpecification","valueRequired":true,"valueName":"search_term_string"}}],"inLanguage":"uk"},{"@type":"Organization","@id":"https:\/\/pauzza.pl\/#organization","name":"\u0406\u043d\u0442\u0435\u0440\u043d\u0435\u0442 \u043c\u0430\u0433\u0430\u0437\u0438\u043d \u0436\u0456\u043d\u043e\u0447\u043e\u0433\u043e \u043e\u0434\u044f\u0433\u0443 Pauzza: \u0416\u0456\u043d\u043e\u0447\u0438\u0439 \u043e\u0434\u044f\u0433. \u041d\u043e\u0432\u0430 \u043a\u043e\u043b\u0435\u043a\u0446\u0456\u044f","url":"https:\/\/pauzza.pl\/","logo":{"@type":"ImageObject","inLanguage":"uk","@id":"https:\/\/pauzza.pl\/#\/schema\/logo\/image\/","url":"https:\/\/pauzza.pl\/wp-content\/uploads\/2024\/01\/pauzzaw.png","contentUrl":"https:\/\/pauzza.pl\/wp-content\/uploads\/2024\/01\/pauzzaw.png","width":350,"height":100,"caption":"Sklep online z damsk\u0105 odzie\u017c\u0105 Pauzza: Damska odzie\u017c. Nowa Kolekcja"},"image":{"@id":"https:\/\/pauzza.pl\/#\/schema\/logo\/image\/"}}]}},"_links":{"self":[{"href":"https:\/\/pauzza.pl\/uk\/wp-json\/wp\/v2\/product\/940570","targetHints":{"allow":["GET"]}}],"collection":[{"href":"https:\/\/pauzza.pl\/uk\/wp-json\/wp\/v2\/product"}],"about":[{"href":"https:\/\/pauzza.pl\/uk\/wp-json\/wp\/v2\/types\/product"}],"wp:featuredmedia":[{"embeddable":true,"href":"https:\/\/pauzza.pl\/uk\/wp-json\/wp\/v2\/media\/940571"}],"wp:attachment":[{"href":"https:\/\/pauzza.pl\/uk\/wp-json\/wp\/v2\/media?parent=940570"}],"wp:term":[{"taxonomy":"product_brand","embeddable":true,"href":"https:\/\/pauzza.pl\/uk\/wp-json\/wp\/v2\/product_brand?post=940570"},{"taxonomy":"product_cat","embeddable":true,"href":"https:\/\/pauzza.pl\/uk\/wp-json\/wp\/v2\/product_cat?post=940570"},{"taxonomy":"product_tag","embeddable":true,"href":"https:\/\/pauzza.pl\/uk\/wp-json\/wp\/v2\/product_tag?post=940570"}],"curies":[{"name":"wp","href":"https:\/\/api.w.org\/{rel}","templated":true}]}}