{"id":301274,"date":"2026-02-19T09:39:59","date_gmt":"2026-02-19T08:39:59","guid":{"rendered":"https:\/\/pauzza.pl\/produkt\/agatha-pucci-muslinowy-komplet-w-kwiaty\/"},"modified":"2026-02-22T20:49:10","modified_gmt":"2026-02-22T19:49:10","slug":"agatha-pucci-muslinowy-komplet-w-kwiaty","status":"publish","type":"product","link":"https:\/\/pauzza.pl\/uk\/%d0%bf%d1%80%d0%be%d0%b4%d1%83%d0%ba%d1%82\/agatha-pucci-muslinowy-komplet-w-kwiaty\/","title":{"rendered":"OUTLET\/AGATHA PUCCI \/ MU\u015aLINOWY KOMPLET W KWIATY"},"content":{"rendered":"<div>\n<div>\n<p align=\"center\"><strong><span style=\"color: #ce181e\"><span style=\"font-family: Liberation Serif, serif\"><span style=\"font-size: 300%\"><b>PRODUKTY Z KATEGORII OUTLET NIE PODLEGAJ\u0104 ZWROTOWI ANI REKLAMACJI!!!<\/b><\/span><\/span><\/span><\/strong><\/p>\n<p align=\"center\"><strong><span style=\"color: #ce181e\"><span style=\"font-family: Sansation, sans-serif\"><span style=\"font-size: large\"><b>PRODUKT POSIADA WAD\u0118 WIDOCZN\u0104 NA ZDJ\u0118CIU<\/b><\/span><\/span><\/span><\/strong><\/p>\n<p align=\"left\"><strong><span style=\"color: #81d41a\"><span style=\"font-family: Liberation Serif, serif\"><span style=\"font-size: xx-large\"><b>\u00a0 \u00a0 \u00a0 \u00a0 \u00a0 \u00a0 \u00a0 \u00a0 \u00a0 \u00a0 \u00a0 \u00a0 \u00a0 \u00a0 \u00a0 \u00a0 \u00a0 \u00a0 \u00a0 \u00a0 \u00a0 \u00a0WAD\u0104 <\/b><\/span><\/span><\/span><\/strong><strong><span style=\"color: #81d41a\"><span style=\"font-family: Liberation Serif, serif\"><span style=\"font-size: xx-large\"><b>JEST BARDZO MA\u0141O WIDOCZNA SKAZA NA BLUZCE<\/b><\/span><\/span><\/span><\/strong><b> <\/b><\/p>\n<p><strong>*\u0414\u0440\u0443\u043a\u0443\u0439:\u00a0<\/strong>\u00a0\u0429\u043e\u0434\u043d\u044f<\/p>\n<p><strong>*\u0424\u043e\u0440\u043c\u0430 \u043a\u043e\u043c\u0456\u0440\u0430:\u00a0<\/strong>\u043d\u0430\u043c\u0438\u0441\u0442\u043e<\/p>\n<p><strong>*\u0421\u0442\u0430\u0442\u0443\u0441:<\/strong>\u00a0\u0432\u0438\u0441\u043e\u043a\u0438\u0439<\/p>\n<p><strong>*\u0414\u0435\u0442\u0430\u043b\u0456:\u00a0<\/strong>Letni komplet sp\u00f3dnica + bluzka.<\/p>\n<p>\u0421\u043a\u043b\u0430\u0434: 100% \u0431\u0430\u0432\u043e\u0432\u043d\u0430<\/p>\n<\/div>\n<\/div>\n<div>\n<div><strong>\u0420\u043e\u0437\u043c\u0456\u0440\u0438<\/strong><\/div>\n<div><strong>\u0421\u0432\u0456\u0442\u0448\u043e\u0442:\u00a0<\/strong><\/div>\n<div>\u0417\u0430\u0433\u0430\u043b\u044c\u043d\u0430 \u0434\u043e\u0432\u0436\u0438\u043d\u0430: 52 \u0441\u043c<\/div>\n<div>Obw\u00f3d w biu\u015bcie: 98 cm \/ 112 cm<\/div>\n<div>\u0414\u043e\u0432\u0436\u0438\u043d\u0430 \u0440\u0443\u043a\u0430\u0432\u0430 \u0432\u0456\u0434 \u0433\u043e\u0440\u043b\u043e\u0432\u0438\u043d\u0438: 37 \u0441\u043c<\/div>\n<div><\/div>\n<div><strong>\u0428\u0442\u0430\u043d\u0438:<\/strong><\/div>\n<div>\u041e\u0431\u0445\u0432\u0430\u0442 \u0442\u0430\u043b\u0456\u0457: \u0432\u0456\u0434 60 \u0441\u043c \u0434\u043e 96 \u0441\u043c<\/div>\n<div>\u0417\u0430\u0433\u0430\u043b\u044c\u043d\u0430 \u0434\u043e\u0432\u0436\u0438\u043d\u0430: 42 \u0441\u043c<\/div>\n<div><\/div>\n<div>\n<div><strong>\u041e\u0434\u044f\u0433 \u0432\u0438\u043c\u0456\u0440\u044e\u0454\u0442\u044c\u0441\u044f \u0432 \u0440\u043e\u0437\u0433\u043e\u0440\u043d\u0443\u0442\u043e\u043c\u0443 \u0432\u0438\u0433\u043b\u044f\u0434\u0456! \u0420\u043e\u0437\u043c\u0456\u0440\u0438 \u043c\u043e\u0436\u0443\u0442\u044c \u0432\u0456\u0434\u0440\u0456\u0437\u043d\u044f\u0442\u0438\u0441\u044f \u043d\u0430 +\/- 2 \u0441\u043c.\u00a0<\/strong><\/div>\n<div>(1)<\/div>\n<\/div>\n<div>\u2764\ufe0f \u041f\u0456\u0434\u043f\u0438\u0448\u0456\u0442\u044c\u0441\u044f \u043d\u0430 \u0440\u043e\u0437\u0441\u0438\u043b\u043a\u0443 \u0442\u0430 \u0431\u0443\u0434\u044c\u0442\u0435 \u0432 \u043a\u0443\u0440\u0441\u0456 \u043d\u043e\u0432\u0438\u043d \u0442\u0430 \u0430\u043a\u0446\u0456\u0439 \u2764\ufe0f<\/div>\n<\/div>","protected":false},"excerpt":{"rendered":"<p>PRODUKTY Z KATEGORII OUTLET NIE PODLEGAJ\u0104 ZWROTOWI ANI REKLAMACJI!!! PRODUKT POSIADA WAD\u0118 WIDOCZN\u0104 NA ZDJ\u0118CIU \u00a0 \u00a0 \u00a0 \u00a0 \u00a0 \u00a0 \u00a0 \u00a0 \u00a0 \u00a0 \u00a0 \u00a0 \u00a0 \u00a0 \u00a0 \u00a0 \u00a0 \u00a0 \u00a0 \u00a0 \u00a0 \u00a0WAD\u0104 JEST BARDZO MA\u0141O WIDOCZNA SKAZA NA BLUZCE *Rodzaj:\u00a0\u00a0na co dzie\u0144 *Kszta\u0142t ko\u0142nierza:\u00a0naszyjnikowy *Stan:\u00a0wysoki *Szczeg\u00f3\u0142y:\u00a0Letni komplet sp\u00f3dnica + bluzka. [&hellip;]<\/p>","protected":false},"featured_media":301270,"template":"","meta":{"_acf_changed":false},"product_brand":[],"product_cat":[3241],"product_tag":[],"class_list":{"0":"post-301274","1":"product","2":"type-product","3":"status-publish","4":"has-post-thumbnail","6":"product_cat-premium","7":"pa_badge_promotion-nie","8":"pa_color-wielokolorowy","9":"pa_cost-119_000000","10":"pa_googleshopping_exclude-nie","11":"pa_is_fb_redirects_to_checkout-tak","12":"pa_is_resize_main_image_for_fb-nie","14":"first","15":"outofstock","16":"sale","17":"taxable","18":"shipping-taxable","19":"purchasable","20":"product-type-simple"},"acf":[],"yoast_head":"<!-- This site is optimized with the Yoast SEO plugin v27.2 - https:\/\/yoast.com\/product\/yoast-seo-wordpress\/ -->\n<title>OUTLET\/AGATHA PUCCI \/ MU\u015aLINOWY KOMPLET W KWIATY - Sklep online z damsk\u0105 odzie\u017c\u0105 Pauzza: Damska odzie\u017c. Nowa Kolekcja<\/title>\n<meta name=\"robots\" content=\"index, follow, max-snippet:-1, max-image-preview:large, max-video-preview:-1\" \/>\n<link rel=\"canonical\" href=\"https:\/\/pauzza.pl\/uk\/\u043f\u0440\u043e\u0434\u0443\u043a\u0442\/agatha-pucci-muslinowy-komplet-w-kwiaty\/\" \/>\n<meta property=\"og:locale\" content=\"uk_UA\" \/>\n<meta property=\"og:type\" content=\"article\" \/>\n<meta property=\"og:title\" content=\"OUTLET\/AGATHA PUCCI \/ MU\u015aLINOWY KOMPLET W KWIATY - Sklep online z damsk\u0105 odzie\u017c\u0105 Pauzza: Damska odzie\u017c. Nowa Kolekcja\" \/>\n<meta property=\"og:description\" content=\"PRODUKTY Z KATEGORII OUTLET NIE PODLEGAJ\u0104 ZWROTOWI ANI REKLAMACJI!!! PRODUKT POSIADA WAD\u0118 WIDOCZN\u0104 NA ZDJ\u0118CIU \u00a0 \u00a0 \u00a0 \u00a0 \u00a0 \u00a0 \u00a0 \u00a0 \u00a0 \u00a0 \u00a0 \u00a0 \u00a0 \u00a0 \u00a0 \u00a0 \u00a0 \u00a0 \u00a0 \u00a0 \u00a0 \u00a0WAD\u0104 JEST BARDZO MA\u0141O WIDOCZNA SKAZA NA BLUZCE *Rodzaj:\u00a0\u00a0na co dzie\u0144 *Kszta\u0142t ko\u0142nierza:\u00a0naszyjnikowy *Stan:\u00a0wysoki *Szczeg\u00f3\u0142y:\u00a0Letni komplet sp\u00f3dnica + bluzka. [&hellip;]\" \/>\n<meta property=\"og:url\" content=\"https:\/\/pauzza.pl\/uk\/\u043f\u0440\u043e\u0434\u0443\u043a\u0442\/agatha-pucci-muslinowy-komplet-w-kwiaty\/\" \/>\n<meta property=\"og:site_name\" content=\"Sklep online z damsk\u0105 odzie\u017c\u0105 Pauzza: Damska odzie\u017c. Nowa Kolekcja\" \/>\n<meta property=\"article:modified_time\" content=\"2026-02-22T19:49:10+00:00\" \/>\n<meta property=\"og:image\" content=\"https:\/\/pauzza.pl\/wp-content\/uploads\/2024\/06\/1715583116893.jpg\" \/>\n\t<meta property=\"og:image:width\" content=\"720\" \/>\n\t<meta property=\"og:image:height\" content=\"1000\" \/>\n\t<meta property=\"og:image:type\" content=\"image\/jpeg\" \/>\n<meta name=\"twitter:card\" content=\"summary_large_image\" \/>\n<meta name=\"twitter:label1\" content=\"\u041f\u0440\u0438\u0431\u043b. \u0447\u0430\u0441 \u0447\u0438\u0442\u0430\u043d\u043d\u044f\" \/>\n\t<meta name=\"twitter:data1\" content=\"1 \u0445\u0432\u0438\u043b\u0438\u043d\u0430\" \/>\n<script type=\"application\/ld+json\" class=\"yoast-schema-graph\">{\"@context\":\"https:\/\/schema.org\",\"@graph\":[{\"@type\":\"WebPage\",\"@id\":\"https:\/\/pauzza.pl\/produkt\/agatha-pucci-muslinowy-komplet-w-kwiaty\/\",\"url\":\"https:\/\/pauzza.pl\/produkt\/agatha-pucci-muslinowy-komplet-w-kwiaty\/\",\"name\":\"OUTLET\/AGATHA PUCCI \/ MU\u015aLINOWY KOMPLET W KWIATY - Sklep online z damsk\u0105 odzie\u017c\u0105 Pauzza: Damska odzie\u017c. Nowa Kolekcja\",\"isPartOf\":{\"@id\":\"https:\/\/pauzza.pl\/#website\"},\"primaryImageOfPage\":{\"@id\":\"https:\/\/pauzza.pl\/produkt\/agatha-pucci-muslinowy-komplet-w-kwiaty\/#primaryimage\"},\"image\":{\"@id\":\"https:\/\/pauzza.pl\/produkt\/agatha-pucci-muslinowy-komplet-w-kwiaty\/#primaryimage\"},\"thumbnailUrl\":\"https:\/\/pauzza.pl\/wp-content\/uploads\/2024\/06\/1715583116893.jpg\",\"datePublished\":\"2026-02-19T08:39:59+00:00\",\"dateModified\":\"2026-02-22T19:49:10+00:00\",\"breadcrumb\":{\"@id\":\"https:\/\/pauzza.pl\/produkt\/agatha-pucci-muslinowy-komplet-w-kwiaty\/#breadcrumb\"},\"inLanguage\":\"uk\",\"potentialAction\":[{\"@type\":\"ReadAction\",\"target\":[\"https:\/\/pauzza.pl\/produkt\/agatha-pucci-muslinowy-komplet-w-kwiaty\/\"]}]},{\"@type\":\"ImageObject\",\"inLanguage\":\"uk\",\"@id\":\"https:\/\/pauzza.pl\/produkt\/agatha-pucci-muslinowy-komplet-w-kwiaty\/#primaryimage\",\"url\":\"https:\/\/pauzza.pl\/wp-content\/uploads\/2024\/06\/1715583116893.jpg\",\"contentUrl\":\"https:\/\/pauzza.pl\/wp-content\/uploads\/2024\/06\/1715583116893.jpg\",\"width\":720,\"height\":1000,\"caption\":\"AGATHA PUCCI \/ MU\u015aLINOWY KOMPLET W KWIATY-0\"},{\"@type\":\"BreadcrumbList\",\"@id\":\"https:\/\/pauzza.pl\/produkt\/agatha-pucci-muslinowy-komplet-w-kwiaty\/#breadcrumb\",\"itemListElement\":[{\"@type\":\"ListItem\",\"position\":1,\"name\":\"Strona g\u0142\u00f3wna\",\"item\":\"https:\/\/pauzza.pl\/\"},{\"@type\":\"ListItem\",\"position\":2,\"name\":\"Sklep\",\"item\":\"https:\/\/pauzza.pl\/sklep\/\"},{\"@type\":\"ListItem\",\"position\":3,\"name\":\"OUTLET\/AGATHA PUCCI \/ MU\u015aLINOWY KOMPLET W KWIATY\"}]},{\"@type\":\"WebSite\",\"@id\":\"https:\/\/pauzza.pl\/#website\",\"url\":\"https:\/\/pauzza.pl\/\",\"name\":\"Sklep online z damsk\u0105 odzie\u017c\u0105 Pauzza: Damska odzie\u017c. Nowa Kolekcja\",\"description\":\"Je\u015bli chcesz zadba\u0107 o sw\u00f3j profesjonalny i pe\u0142en klasy wygl\u0105d w pracy butik online Pauzza, to strza\u0142 w dziesi\u0105tk\u0119! U nas znajdziesz szeroki wyb\u00f3r \u017cakiet\u00f3w, koszul, kurtek, sukienek, sp\u00f3dnic i wiele wiecej\",\"publisher\":{\"@id\":\"https:\/\/pauzza.pl\/#organization\"},\"potentialAction\":[{\"@type\":\"SearchAction\",\"target\":{\"@type\":\"EntryPoint\",\"urlTemplate\":\"https:\/\/pauzza.pl\/?s={search_term_string}\"},\"query-input\":{\"@type\":\"PropertyValueSpecification\",\"valueRequired\":true,\"valueName\":\"search_term_string\"}}],\"inLanguage\":\"uk\"},{\"@type\":\"Organization\",\"@id\":\"https:\/\/pauzza.pl\/#organization\",\"name\":\"Sklep online z damsk\u0105 odzie\u017c\u0105 Pauzza: Damska odzie\u017c. Nowa Kolekcja\",\"url\":\"https:\/\/pauzza.pl\/\",\"logo\":{\"@type\":\"ImageObject\",\"inLanguage\":\"uk\",\"@id\":\"https:\/\/pauzza.pl\/#\/schema\/logo\/image\/\",\"url\":\"https:\/\/pauzza.pl\/wp-content\/uploads\/2024\/01\/pauzzaw.png\",\"contentUrl\":\"https:\/\/pauzza.pl\/wp-content\/uploads\/2024\/01\/pauzzaw.png\",\"width\":350,\"height\":100,\"caption\":\"Sklep online z damsk\u0105 odzie\u017c\u0105 Pauzza: Damska odzie\u017c. Nowa Kolekcja\"},\"image\":{\"@id\":\"https:\/\/pauzza.pl\/#\/schema\/logo\/image\/\"}}]}<\/script>\n<!-- \/ Yoast SEO plugin. -->","yoast_head_json":{"title":"OUTLET\/AGATHA PUCCI \/ MU\u015aLINOWY KOMPLET W KWIATY - Sklep online z damsk\u0105 odzie\u017c\u0105 Pauzza: Damska odzie\u017c. Nowa Kolekcja","robots":{"index":"index","follow":"follow","max-snippet":"max-snippet:-1","max-image-preview":"max-image-preview:large","max-video-preview":"max-video-preview:-1"},"canonical":"https:\/\/pauzza.pl\/uk\/\u043f\u0440\u043e\u0434\u0443\u043a\u0442\/agatha-pucci-muslinowy-komplet-w-kwiaty\/","og_locale":"uk_UA","og_type":"article","og_title":"OUTLET\/AGATHA PUCCI \/ MU\u015aLINOWY KOMPLET W KWIATY - Sklep online z damsk\u0105 odzie\u017c\u0105 Pauzza: Damska odzie\u017c. Nowa Kolekcja","og_description":"PRODUKTY Z KATEGORII OUTLET NIE PODLEGAJ\u0104 ZWROTOWI ANI REKLAMACJI!!! PRODUKT POSIADA WAD\u0118 WIDOCZN\u0104 NA ZDJ\u0118CIU \u00a0 \u00a0 \u00a0 \u00a0 \u00a0 \u00a0 \u00a0 \u00a0 \u00a0 \u00a0 \u00a0 \u00a0 \u00a0 \u00a0 \u00a0 \u00a0 \u00a0 \u00a0 \u00a0 \u00a0 \u00a0 \u00a0WAD\u0104 JEST BARDZO MA\u0141O WIDOCZNA SKAZA NA BLUZCE *Rodzaj:\u00a0\u00a0na co dzie\u0144 *Kszta\u0142t ko\u0142nierza:\u00a0naszyjnikowy *Stan:\u00a0wysoki *Szczeg\u00f3\u0142y:\u00a0Letni komplet sp\u00f3dnica + bluzka. [&hellip;]","og_url":"https:\/\/pauzza.pl\/uk\/\u043f\u0440\u043e\u0434\u0443\u043a\u0442\/agatha-pucci-muslinowy-komplet-w-kwiaty\/","og_site_name":"Sklep online z damsk\u0105 odzie\u017c\u0105 Pauzza: Damska odzie\u017c. Nowa Kolekcja","article_modified_time":"2026-02-22T19:49:10+00:00","og_image":[{"width":720,"height":1000,"url":"https:\/\/pauzza.pl\/wp-content\/uploads\/2024\/06\/1715583116893.jpg","type":"image\/jpeg"}],"twitter_card":"summary_large_image","twitter_misc":{"\u041f\u0440\u0438\u0431\u043b. \u0447\u0430\u0441 \u0447\u0438\u0442\u0430\u043d\u043d\u044f":"1 \u0445\u0432\u0438\u043b\u0438\u043d\u0430"},"schema":{"@context":"https:\/\/schema.org","@graph":[{"@type":"WebPage","@id":"https:\/\/pauzza.pl\/produkt\/agatha-pucci-muslinowy-komplet-w-kwiaty\/","url":"https:\/\/pauzza.pl\/produkt\/agatha-pucci-muslinowy-komplet-w-kwiaty\/","name":"OUTLET\/AGATHA PUCCI \/ MU\u015aLINOWY KOMPLET W KWIATY - Sklep online z damsk\u0105 odzie\u017c\u0105 Pauzza: Damska odzie\u017c. Nowa Kolekcja","isPartOf":{"@id":"https:\/\/pauzza.pl\/#website"},"primaryImageOfPage":{"@id":"https:\/\/pauzza.pl\/produkt\/agatha-pucci-muslinowy-komplet-w-kwiaty\/#primaryimage"},"image":{"@id":"https:\/\/pauzza.pl\/produkt\/agatha-pucci-muslinowy-komplet-w-kwiaty\/#primaryimage"},"thumbnailUrl":"https:\/\/pauzza.pl\/wp-content\/uploads\/2024\/06\/1715583116893.jpg","datePublished":"2026-02-19T08:39:59+00:00","dateModified":"2026-02-22T19:49:10+00:00","breadcrumb":{"@id":"https:\/\/pauzza.pl\/produkt\/agatha-pucci-muslinowy-komplet-w-kwiaty\/#breadcrumb"},"inLanguage":"uk","potentialAction":[{"@type":"ReadAction","target":["https:\/\/pauzza.pl\/produkt\/agatha-pucci-muslinowy-komplet-w-kwiaty\/"]}]},{"@type":"ImageObject","inLanguage":"uk","@id":"https:\/\/pauzza.pl\/produkt\/agatha-pucci-muslinowy-komplet-w-kwiaty\/#primaryimage","url":"https:\/\/pauzza.pl\/wp-content\/uploads\/2024\/06\/1715583116893.jpg","contentUrl":"https:\/\/pauzza.pl\/wp-content\/uploads\/2024\/06\/1715583116893.jpg","width":720,"height":1000,"caption":"AGATHA PUCCI \/ MU\u015aLINOWY KOMPLET W KWIATY-0"},{"@type":"BreadcrumbList","@id":"https:\/\/pauzza.pl\/produkt\/agatha-pucci-muslinowy-komplet-w-kwiaty\/#breadcrumb","itemListElement":[{"@type":"ListItem","position":1,"name":"Strona g\u0142\u00f3wna","item":"https:\/\/pauzza.pl\/"},{"@type":"ListItem","position":2,"name":"Sklep","item":"https:\/\/pauzza.pl\/sklep\/"},{"@type":"ListItem","position":3,"name":"OUTLET\/AGATHA PUCCI \/ MU\u015aLINOWY KOMPLET W KWIATY"}]},{"@type":"WebSite","@id":"https:\/\/pauzza.pl\/#website","url":"https:\/\/pauzza.pl\/","name":"\u0406\u043d\u0442\u0435\u0440\u043d\u0435\u0442 \u043c\u0430\u0433\u0430\u0437\u0438\u043d \u0436\u0456\u043d\u043e\u0447\u043e\u0433\u043e \u043e\u0434\u044f\u0433\u0443 Pauzza: \u0416\u0456\u043d\u043e\u0447\u0438\u0439 \u043e\u0434\u044f\u0433. \u041d\u043e\u0432\u0430 \u043a\u043e\u043b\u0435\u043a\u0446\u0456\u044f","description":"\u042f\u043a\u0449\u043e \u0432\u0438 \u0445\u043e\u0447\u0435\u0442\u0435 \u043f\u043e\u0434\u0431\u0430\u0442\u0438 \u043f\u0440\u043e \u0441\u0432\u0456\u0439 \u043f\u0440\u043e\u0444\u0435\u0441\u0456\u0439\u043d\u0438\u0439 \u0442\u0430 \u0441\u0442\u0438\u043b\u044c\u043d\u0438\u0439 \u0432\u0438\u0433\u043b\u044f\u0434 \u043d\u0430 \u0440\u043e\u0431\u043e\u0442\u0456, \u043e\u043d\u043b\u0430\u0439\u043d-\u0431\u0443\u0442\u0456\u043a Pauzza - \u0446\u0435 \u0445\u0456\u0442! \u0422\u0443\u0442 \u0432\u0438 \u0437\u043d\u0430\u0439\u0434\u0435\u0442\u0435 \u0448\u0438\u0440\u043e\u043a\u0438\u0439 \u0432\u0438\u0431\u0456\u0440 \u043f\u0456\u0434\u0436\u0430\u043a\u0456\u0432, \u0441\u043e\u0440\u043e\u0447\u043e\u043a, \u0436\u0430\u043a\u0435\u0442\u0456\u0432, \u0441\u0443\u043a\u043e\u043d\u044c, \u0441\u043f\u0456\u0434\u043d\u0438\u0446\u044c \u0442\u0430 \u0431\u0430\u0433\u0430\u0442\u043e \u0456\u043d\u0448\u043e\u0433\u043e.","publisher":{"@id":"https:\/\/pauzza.pl\/#organization"},"potentialAction":[{"@type":"SearchAction","target":{"@type":"EntryPoint","urlTemplate":"https:\/\/pauzza.pl\/?s={search_term_string}"},"query-input":{"@type":"PropertyValueSpecification","valueRequired":true,"valueName":"search_term_string"}}],"inLanguage":"uk"},{"@type":"Organization","@id":"https:\/\/pauzza.pl\/#organization","name":"\u0406\u043d\u0442\u0435\u0440\u043d\u0435\u0442 \u043c\u0430\u0433\u0430\u0437\u0438\u043d \u0436\u0456\u043d\u043e\u0447\u043e\u0433\u043e \u043e\u0434\u044f\u0433\u0443 Pauzza: \u0416\u0456\u043d\u043e\u0447\u0438\u0439 \u043e\u0434\u044f\u0433. \u041d\u043e\u0432\u0430 \u043a\u043e\u043b\u0435\u043a\u0446\u0456\u044f","url":"https:\/\/pauzza.pl\/","logo":{"@type":"ImageObject","inLanguage":"uk","@id":"https:\/\/pauzza.pl\/#\/schema\/logo\/image\/","url":"https:\/\/pauzza.pl\/wp-content\/uploads\/2024\/01\/pauzzaw.png","contentUrl":"https:\/\/pauzza.pl\/wp-content\/uploads\/2024\/01\/pauzzaw.png","width":350,"height":100,"caption":"Sklep online z damsk\u0105 odzie\u017c\u0105 Pauzza: Damska odzie\u017c. Nowa Kolekcja"},"image":{"@id":"https:\/\/pauzza.pl\/#\/schema\/logo\/image\/"}}]}},"_links":{"self":[{"href":"https:\/\/pauzza.pl\/uk\/wp-json\/wp\/v2\/product\/301274","targetHints":{"allow":["GET"]}}],"collection":[{"href":"https:\/\/pauzza.pl\/uk\/wp-json\/wp\/v2\/product"}],"about":[{"href":"https:\/\/pauzza.pl\/uk\/wp-json\/wp\/v2\/types\/product"}],"wp:featuredmedia":[{"embeddable":true,"href":"https:\/\/pauzza.pl\/uk\/wp-json\/wp\/v2\/media\/301270"}],"wp:attachment":[{"href":"https:\/\/pauzza.pl\/uk\/wp-json\/wp\/v2\/media?parent=301274"}],"wp:term":[{"taxonomy":"product_brand","embeddable":true,"href":"https:\/\/pauzza.pl\/uk\/wp-json\/wp\/v2\/product_brand?post=301274"},{"taxonomy":"product_cat","embeddable":true,"href":"https:\/\/pauzza.pl\/uk\/wp-json\/wp\/v2\/product_cat?post=301274"},{"taxonomy":"product_tag","embeddable":true,"href":"https:\/\/pauzza.pl\/uk\/wp-json\/wp\/v2\/product_tag?post=301274"}],"curies":[{"name":"wp","href":"https:\/\/api.w.org\/{rel}","templated":true}]}}