{"id":298382,"date":"2024-04-30T14:29:43","date_gmt":"2024-04-30T14:29:43","guid":{"rendered":"https:\/\/pauzza.pl\/produkt\/komplet-poscieli-200x220-3cz-z-falbanka-light-grey\/"},"modified":"2025-01-05T00:07:35","modified_gmt":"2025-01-04T23:07:35","slug":"komplet-poscieli-200x220-3cz-z-falbanka-light-grey","status":"publish","type":"product","link":"https:\/\/pauzza.pl\/uk\/%d0%bf%d1%80%d0%be%d0%b4%d1%83%d0%ba%d1%82\/komplet-poscieli-200x220-3cz-z-falbanka-light-grey\/","title":{"rendered":"\u041a\u041e\u041c\u041f\u041b\u0415\u041a\u0422 \u041f\u041e\u0421\u0422\u0406\u041b\u042c\u041d\u041e\u0407 \u0411\u0406\u041b\u0418\u0417\u041d\u0418 200\u0425220 3\u0428\u0422. \u0417 \u041e\u0411\u041e\u0420\u041a\u041e\u042e \u0421\u0412\u0406\u0422\u041b\u041e-\u0421\u0406\u0420\u0418\u0419"},"content":{"rendered":"<div>\n<p><strong>\u0414\u0438\u0437\u0430\u0439\u043d:\u00a0<\/strong>komplet po\u015bcieli 3 cz\u0119\u015bciowy. Poszwa na po\u015bciel 200 x 220 cm, 2 poszewki na poduszk\u0119 70 cm x 80 cm.\u00a0<\/p>\n<p>Komplet jest g\u0142adki, zdobiony falbank\u0105. Kolor jasny szary.<\/p>\n<p>Sanforyzowana tkanina &#8211; nie kurczy si\u0119 w praniu.<\/p>\n<div class=\"dictionary__name col-6 d-flex flex-column align-items-end\"><strong>\u041a\u043e\u043c\u043f\u043e\u0437\u0438\u0446\u0456\u044f:<\/strong>\u00a0satyna-bawe\u0142niana<\/div>\n<\/div>\n<div>\u00a0<\/div>\n<div><strong>\u0421\u043f\u043e\u0441\u0456\u0431 \u043e\u0431\u0441\u043b\u0443\u0433\u043e\u0432\u0443\u0432\u0430\u043d\u043d\u044f:<\/strong><\/p>\n<p><img decoding=\"async\" src=\"https:\/\/skirtstory.pl\/images\/companies\/1\/Conservation%20icons\/icon-13.png?1484209184564\" width=\"18\" height=\"17\" \/>\u00a0pra\u0107 w temperaturze do 30 stopni<\/p>\n<p><img decoding=\"async\" src=\"https:\/\/skirtstory.pl\/images\/companies\/1\/Conservation%20icons\/icon-48.png?1484213451776\" width=\"18\" height=\"16\" \/>\u00a0\u043d\u0435 \u0432\u0456\u0434\u0431\u0456\u043b\u044e\u0432\u0430\u0442\u0438<\/p>\n<p><img decoding=\"async\" src=\"https:\/\/skirtstory.pl\/images\/companies\/1\/Conservation%20icons\/icon-48.png?1484213451776\" width=\"18\" height=\"16\" \/>\u00a0\u043d\u0435 \u0445\u043b\u043e\u0440\u0443\u0432\u0430\u0442\u0438<\/p>\n<p><img decoding=\"async\" src=\"https:\/\/skirtstory.pl\/images\/companies\/1\/Conservation%20icons\/icon-38.png?1484213342538\" width=\"15\" height=\"17\" \/>\u00a0suszy\u0107 w stanie rozwieszonym<\/p>\n<p><img loading=\"lazy\" decoding=\"async\" src=\"https:\/\/skirtstory.pl\/images\/companies\/1\/Conservation%20icons\/icon-28.png?1484213203664\" width=\"19\" height=\"19\" \/>\u00a0prasowa\u0107 w temperaturze do 100 stopni\u00a0<\/p>\n<p>100% \u043f\u043e\u0441\u0442\u0456\u043b\u044c\u043d\u0430 \u0431\u0456\u043b\u0438\u0437\u043d\u0430 \u0431\u0435\u0437 \u0431\u0430\u0440\u0432\u043d\u0438\u043a\u0456\u0432.\u00a0<\/p><\/div>\n<div>\u0414\u043e\u043f\u0443\u0441\u043a \u0440\u043e\u0437\u043c\u0456\u0440\u0456\u0432 +\/-3%<\/div>\n<div>\u00a0<\/div>\n<div>\u2764\ufe0f \u041f\u0456\u0434\u043f\u0438\u0448\u0456\u0442\u044c\u0441\u044f \u043d\u0430 \u0440\u043e\u0437\u0441\u0438\u043b\u043a\u0443 \u0442\u0430 \u0431\u0443\u0434\u044c\u0442\u0435 \u0432 \u043a\u0443\u0440\u0441\u0456 \u043d\u043e\u0432\u0438\u043d \u0442\u0430 \u0430\u043a\u0446\u0456\u0439 \u2764\ufe0f<\/div>","protected":false},"excerpt":{"rendered":"<p>Wz\u00f3r:\u00a0komplet po\u015bcieli 3 cz\u0119\u015bciowy. Poszwa na po\u015bciel 200 x 220 cm, 2 poszewki na poduszk\u0119 70 cm x 80 cm.\u00a0 Komplet jest g\u0142adki, zdobiony falbank\u0105. Kolor jasny szary. Sanforyzowana tkanina &#8211; nie kurczy si\u0119 w praniu. Sk\u0142ad:\u00a0satyna-bawe\u0142niana \u00a0 Spos\u00f3b konserwacji: \u00a0pra\u0107 w temperaturze do 30 stopni \u00a0nie bieli\u0107 \u00a0nie chlorowa\u0107 \u00a0suszy\u0107 w stanie rozwieszonym \u00a0prasowa\u0107 [&hellip;]<\/p>","protected":false},"featured_media":298380,"template":"","meta":{"_acf_changed":false},"product_brand":[],"product_cat":[3238,3291],"product_tag":[],"class_list":{"0":"post-298382","1":"product","2":"type-product","3":"status-publish","4":"has-post-thumbnail","6":"product_cat-home","7":"product_cat-komplety-poscieli","8":"pa_badge_promotion-tak","9":"pa_color-szary","10":"pa_cost-57_000000","11":"pa_googleshopping_exclude-nie","12":"pa_is_fb_redirects_to_checkout-tak","13":"pa_is_resize_main_image_for_fb-nie","14":"pa_size-200x220","16":"first","17":"outofstock","18":"sale","19":"taxable","20":"shipping-taxable","21":"purchasable","22":"product-type-simple"},"acf":[],"yoast_head":"<!-- This site is optimized with the Yoast SEO plugin v27.2 - https:\/\/yoast.com\/product\/yoast-seo-wordpress\/ -->\n<title>KOMPLET PO\u015aCIELI 200X220 3CZ. Z FALBANK\u0104 LIGHT GREY - Sklep online z damsk\u0105 odzie\u017c\u0105 Pauzza: Damska odzie\u017c. Nowa Kolekcja<\/title>\n<meta name=\"robots\" content=\"index, follow, max-snippet:-1, max-image-preview:large, max-video-preview:-1\" \/>\n<link rel=\"canonical\" href=\"https:\/\/pauzza.pl\/uk\/\u043f\u0440\u043e\u0434\u0443\u043a\u0442\/komplet-poscieli-200x220-3cz-z-falbanka-light-grey\/\" \/>\n<meta property=\"og:locale\" content=\"uk_UA\" \/>\n<meta property=\"og:type\" content=\"article\" \/>\n<meta property=\"og:title\" content=\"KOMPLET PO\u015aCIELI 200X220 3CZ. Z FALBANK\u0104 LIGHT GREY - Sklep online z damsk\u0105 odzie\u017c\u0105 Pauzza: Damska odzie\u017c. Nowa Kolekcja\" \/>\n<meta property=\"og:description\" content=\"Wz\u00f3r:\u00a0komplet po\u015bcieli 3 cz\u0119\u015bciowy. Poszwa na po\u015bciel 200 x 220 cm, 2 poszewki na poduszk\u0119 70 cm x 80 cm.\u00a0 Komplet jest g\u0142adki, zdobiony falbank\u0105. Kolor jasny szary. Sanforyzowana tkanina &#8211; nie kurczy si\u0119 w praniu. Sk\u0142ad:\u00a0satyna-bawe\u0142niana \u00a0 Spos\u00f3b konserwacji: \u00a0pra\u0107 w temperaturze do 30 stopni \u00a0nie bieli\u0107 \u00a0nie chlorowa\u0107 \u00a0suszy\u0107 w stanie rozwieszonym \u00a0prasowa\u0107 [&hellip;]\" \/>\n<meta property=\"og:url\" content=\"https:\/\/pauzza.pl\/uk\/\u043f\u0440\u043e\u0434\u0443\u043a\u0442\/komplet-poscieli-200x220-3cz-z-falbanka-light-grey\/\" \/>\n<meta property=\"og:site_name\" content=\"Sklep online z damsk\u0105 odzie\u017c\u0105 Pauzza: Damska odzie\u017c. Nowa Kolekcja\" \/>\n<meta property=\"article:modified_time\" content=\"2025-01-04T23:07:35+00:00\" \/>\n<meta property=\"og:image\" content=\"https:\/\/pauzza.pl\/wp-content\/uploads\/2024\/04\/projekt_bez_nazwy_94_.jpg\" \/>\n\t<meta property=\"og:image:width\" content=\"720\" \/>\n\t<meta property=\"og:image:height\" content=\"1000\" \/>\n\t<meta property=\"og:image:type\" content=\"image\/jpeg\" \/>\n<meta name=\"twitter:card\" content=\"summary_large_image\" \/>\n<script type=\"application\/ld+json\" class=\"yoast-schema-graph\">{\"@context\":\"https:\/\/schema.org\",\"@graph\":[{\"@type\":\"WebPage\",\"@id\":\"https:\/\/pauzza.pl\/produkt\/komplet-poscieli-200x220-3cz-z-falbanka-light-grey\/\",\"url\":\"https:\/\/pauzza.pl\/produkt\/komplet-poscieli-200x220-3cz-z-falbanka-light-grey\/\",\"name\":\"KOMPLET PO\u015aCIELI 200X220 3CZ. Z FALBANK\u0104 LIGHT GREY - Sklep online z damsk\u0105 odzie\u017c\u0105 Pauzza: Damska odzie\u017c. Nowa Kolekcja\",\"isPartOf\":{\"@id\":\"https:\/\/pauzza.pl\/#website\"},\"primaryImageOfPage\":{\"@id\":\"https:\/\/pauzza.pl\/produkt\/komplet-poscieli-200x220-3cz-z-falbanka-light-grey\/#primaryimage\"},\"image\":{\"@id\":\"https:\/\/pauzza.pl\/produkt\/komplet-poscieli-200x220-3cz-z-falbanka-light-grey\/#primaryimage\"},\"thumbnailUrl\":\"https:\/\/pauzza.pl\/wp-content\/uploads\/2024\/04\/projekt_bez_nazwy_94_.jpg\",\"datePublished\":\"2024-04-30T14:29:43+00:00\",\"dateModified\":\"2025-01-04T23:07:35+00:00\",\"breadcrumb\":{\"@id\":\"https:\/\/pauzza.pl\/produkt\/komplet-poscieli-200x220-3cz-z-falbanka-light-grey\/#breadcrumb\"},\"inLanguage\":\"uk\",\"potentialAction\":[{\"@type\":\"ReadAction\",\"target\":[\"https:\/\/pauzza.pl\/produkt\/komplet-poscieli-200x220-3cz-z-falbanka-light-grey\/\"]}]},{\"@type\":\"ImageObject\",\"inLanguage\":\"uk\",\"@id\":\"https:\/\/pauzza.pl\/produkt\/komplet-poscieli-200x220-3cz-z-falbanka-light-grey\/#primaryimage\",\"url\":\"https:\/\/pauzza.pl\/wp-content\/uploads\/2024\/04\/projekt_bez_nazwy_94_.jpg\",\"contentUrl\":\"https:\/\/pauzza.pl\/wp-content\/uploads\/2024\/04\/projekt_bez_nazwy_94_.jpg\",\"width\":720,\"height\":1000,\"caption\":\"KOMPLET PO\u015aCIELI 200X220 3CZ. Z FALBANK\u0104 LIGHT GREY-0\"},{\"@type\":\"BreadcrumbList\",\"@id\":\"https:\/\/pauzza.pl\/produkt\/komplet-poscieli-200x220-3cz-z-falbanka-light-grey\/#breadcrumb\",\"itemListElement\":[{\"@type\":\"ListItem\",\"position\":1,\"name\":\"Strona g\u0142\u00f3wna\",\"item\":\"https:\/\/pauzza.pl\/\"},{\"@type\":\"ListItem\",\"position\":2,\"name\":\"Sklep\",\"item\":\"https:\/\/pauzza.pl\/sklep\/\"},{\"@type\":\"ListItem\",\"position\":3,\"name\":\"KOMPLET PO\u015aCIELI 200X220 3CZ. Z FALBANK\u0104 LIGHT GREY\"}]},{\"@type\":\"WebSite\",\"@id\":\"https:\/\/pauzza.pl\/#website\",\"url\":\"https:\/\/pauzza.pl\/\",\"name\":\"Sklep online z damsk\u0105 odzie\u017c\u0105 Pauzza: Damska odzie\u017c. Nowa Kolekcja\",\"description\":\"Je\u015bli chcesz zadba\u0107 o sw\u00f3j profesjonalny i pe\u0142en klasy wygl\u0105d w pracy butik online Pauzza, to strza\u0142 w dziesi\u0105tk\u0119! U nas znajdziesz szeroki wyb\u00f3r \u017cakiet\u00f3w, koszul, kurtek, sukienek, sp\u00f3dnic i wiele wiecej\",\"publisher\":{\"@id\":\"https:\/\/pauzza.pl\/#organization\"},\"potentialAction\":[{\"@type\":\"SearchAction\",\"target\":{\"@type\":\"EntryPoint\",\"urlTemplate\":\"https:\/\/pauzza.pl\/?s={search_term_string}\"},\"query-input\":{\"@type\":\"PropertyValueSpecification\",\"valueRequired\":true,\"valueName\":\"search_term_string\"}}],\"inLanguage\":\"uk\"},{\"@type\":\"Organization\",\"@id\":\"https:\/\/pauzza.pl\/#organization\",\"name\":\"Sklep online z damsk\u0105 odzie\u017c\u0105 Pauzza: Damska odzie\u017c. Nowa Kolekcja\",\"url\":\"https:\/\/pauzza.pl\/\",\"logo\":{\"@type\":\"ImageObject\",\"inLanguage\":\"uk\",\"@id\":\"https:\/\/pauzza.pl\/#\/schema\/logo\/image\/\",\"url\":\"https:\/\/pauzza.pl\/wp-content\/uploads\/2024\/01\/pauzzaw.png\",\"contentUrl\":\"https:\/\/pauzza.pl\/wp-content\/uploads\/2024\/01\/pauzzaw.png\",\"width\":350,\"height\":100,\"caption\":\"Sklep online z damsk\u0105 odzie\u017c\u0105 Pauzza: Damska odzie\u017c. Nowa Kolekcja\"},\"image\":{\"@id\":\"https:\/\/pauzza.pl\/#\/schema\/logo\/image\/\"}}]}<\/script>\n<!-- \/ Yoast SEO plugin. -->","yoast_head_json":{"title":"KOMPLET PO\u015aCIELI 200X220 3CZ. Z FALBANK\u0104 LIGHT GREY - Sklep online z damsk\u0105 odzie\u017c\u0105 Pauzza: Damska odzie\u017c. Nowa Kolekcja","robots":{"index":"index","follow":"follow","max-snippet":"max-snippet:-1","max-image-preview":"max-image-preview:large","max-video-preview":"max-video-preview:-1"},"canonical":"https:\/\/pauzza.pl\/uk\/\u043f\u0440\u043e\u0434\u0443\u043a\u0442\/komplet-poscieli-200x220-3cz-z-falbanka-light-grey\/","og_locale":"uk_UA","og_type":"article","og_title":"KOMPLET PO\u015aCIELI 200X220 3CZ. Z FALBANK\u0104 LIGHT GREY - Sklep online z damsk\u0105 odzie\u017c\u0105 Pauzza: Damska odzie\u017c. Nowa Kolekcja","og_description":"Wz\u00f3r:\u00a0komplet po\u015bcieli 3 cz\u0119\u015bciowy. Poszwa na po\u015bciel 200 x 220 cm, 2 poszewki na poduszk\u0119 70 cm x 80 cm.\u00a0 Komplet jest g\u0142adki, zdobiony falbank\u0105. Kolor jasny szary. Sanforyzowana tkanina &#8211; nie kurczy si\u0119 w praniu. Sk\u0142ad:\u00a0satyna-bawe\u0142niana \u00a0 Spos\u00f3b konserwacji: \u00a0pra\u0107 w temperaturze do 30 stopni \u00a0nie bieli\u0107 \u00a0nie chlorowa\u0107 \u00a0suszy\u0107 w stanie rozwieszonym \u00a0prasowa\u0107 [&hellip;]","og_url":"https:\/\/pauzza.pl\/uk\/\u043f\u0440\u043e\u0434\u0443\u043a\u0442\/komplet-poscieli-200x220-3cz-z-falbanka-light-grey\/","og_site_name":"Sklep online z damsk\u0105 odzie\u017c\u0105 Pauzza: Damska odzie\u017c. Nowa Kolekcja","article_modified_time":"2025-01-04T23:07:35+00:00","og_image":[{"width":720,"height":1000,"url":"https:\/\/pauzza.pl\/wp-content\/uploads\/2024\/04\/projekt_bez_nazwy_94_.jpg","type":"image\/jpeg"}],"twitter_card":"summary_large_image","schema":{"@context":"https:\/\/schema.org","@graph":[{"@type":"WebPage","@id":"https:\/\/pauzza.pl\/produkt\/komplet-poscieli-200x220-3cz-z-falbanka-light-grey\/","url":"https:\/\/pauzza.pl\/produkt\/komplet-poscieli-200x220-3cz-z-falbanka-light-grey\/","name":"KOMPLET PO\u015aCIELI 200X220 3CZ. Z FALBANK\u0104 LIGHT GREY - Sklep online z damsk\u0105 odzie\u017c\u0105 Pauzza: Damska odzie\u017c. Nowa Kolekcja","isPartOf":{"@id":"https:\/\/pauzza.pl\/#website"},"primaryImageOfPage":{"@id":"https:\/\/pauzza.pl\/produkt\/komplet-poscieli-200x220-3cz-z-falbanka-light-grey\/#primaryimage"},"image":{"@id":"https:\/\/pauzza.pl\/produkt\/komplet-poscieli-200x220-3cz-z-falbanka-light-grey\/#primaryimage"},"thumbnailUrl":"https:\/\/pauzza.pl\/wp-content\/uploads\/2024\/04\/projekt_bez_nazwy_94_.jpg","datePublished":"2024-04-30T14:29:43+00:00","dateModified":"2025-01-04T23:07:35+00:00","breadcrumb":{"@id":"https:\/\/pauzza.pl\/produkt\/komplet-poscieli-200x220-3cz-z-falbanka-light-grey\/#breadcrumb"},"inLanguage":"uk","potentialAction":[{"@type":"ReadAction","target":["https:\/\/pauzza.pl\/produkt\/komplet-poscieli-200x220-3cz-z-falbanka-light-grey\/"]}]},{"@type":"ImageObject","inLanguage":"uk","@id":"https:\/\/pauzza.pl\/produkt\/komplet-poscieli-200x220-3cz-z-falbanka-light-grey\/#primaryimage","url":"https:\/\/pauzza.pl\/wp-content\/uploads\/2024\/04\/projekt_bez_nazwy_94_.jpg","contentUrl":"https:\/\/pauzza.pl\/wp-content\/uploads\/2024\/04\/projekt_bez_nazwy_94_.jpg","width":720,"height":1000,"caption":"KOMPLET PO\u015aCIELI 200X220 3CZ. Z FALBANK\u0104 LIGHT GREY-0"},{"@type":"BreadcrumbList","@id":"https:\/\/pauzza.pl\/produkt\/komplet-poscieli-200x220-3cz-z-falbanka-light-grey\/#breadcrumb","itemListElement":[{"@type":"ListItem","position":1,"name":"Strona g\u0142\u00f3wna","item":"https:\/\/pauzza.pl\/"},{"@type":"ListItem","position":2,"name":"Sklep","item":"https:\/\/pauzza.pl\/sklep\/"},{"@type":"ListItem","position":3,"name":"KOMPLET PO\u015aCIELI 200X220 3CZ. Z FALBANK\u0104 LIGHT GREY"}]},{"@type":"WebSite","@id":"https:\/\/pauzza.pl\/#website","url":"https:\/\/pauzza.pl\/","name":"\u0406\u043d\u0442\u0435\u0440\u043d\u0435\u0442 \u043c\u0430\u0433\u0430\u0437\u0438\u043d \u0436\u0456\u043d\u043e\u0447\u043e\u0433\u043e \u043e\u0434\u044f\u0433\u0443 Pauzza: \u0416\u0456\u043d\u043e\u0447\u0438\u0439 \u043e\u0434\u044f\u0433. \u041d\u043e\u0432\u0430 \u043a\u043e\u043b\u0435\u043a\u0446\u0456\u044f","description":"\u042f\u043a\u0449\u043e \u0432\u0438 \u0445\u043e\u0447\u0435\u0442\u0435 \u043f\u043e\u0434\u0431\u0430\u0442\u0438 \u043f\u0440\u043e \u0441\u0432\u0456\u0439 \u043f\u0440\u043e\u0444\u0435\u0441\u0456\u0439\u043d\u0438\u0439 \u0442\u0430 \u0441\u0442\u0438\u043b\u044c\u043d\u0438\u0439 \u0432\u0438\u0433\u043b\u044f\u0434 \u043d\u0430 \u0440\u043e\u0431\u043e\u0442\u0456, \u043e\u043d\u043b\u0430\u0439\u043d-\u0431\u0443\u0442\u0456\u043a Pauzza - \u0446\u0435 \u0445\u0456\u0442! \u0422\u0443\u0442 \u0432\u0438 \u0437\u043d\u0430\u0439\u0434\u0435\u0442\u0435 \u0448\u0438\u0440\u043e\u043a\u0438\u0439 \u0432\u0438\u0431\u0456\u0440 \u043f\u0456\u0434\u0436\u0430\u043a\u0456\u0432, \u0441\u043e\u0440\u043e\u0447\u043e\u043a, \u0436\u0430\u043a\u0435\u0442\u0456\u0432, \u0441\u0443\u043a\u043e\u043d\u044c, \u0441\u043f\u0456\u0434\u043d\u0438\u0446\u044c \u0442\u0430 \u0431\u0430\u0433\u0430\u0442\u043e \u0456\u043d\u0448\u043e\u0433\u043e.","publisher":{"@id":"https:\/\/pauzza.pl\/#organization"},"potentialAction":[{"@type":"SearchAction","target":{"@type":"EntryPoint","urlTemplate":"https:\/\/pauzza.pl\/?s={search_term_string}"},"query-input":{"@type":"PropertyValueSpecification","valueRequired":true,"valueName":"search_term_string"}}],"inLanguage":"uk"},{"@type":"Organization","@id":"https:\/\/pauzza.pl\/#organization","name":"\u0406\u043d\u0442\u0435\u0440\u043d\u0435\u0442 \u043c\u0430\u0433\u0430\u0437\u0438\u043d \u0436\u0456\u043d\u043e\u0447\u043e\u0433\u043e \u043e\u0434\u044f\u0433\u0443 Pauzza: \u0416\u0456\u043d\u043e\u0447\u0438\u0439 \u043e\u0434\u044f\u0433. \u041d\u043e\u0432\u0430 \u043a\u043e\u043b\u0435\u043a\u0446\u0456\u044f","url":"https:\/\/pauzza.pl\/","logo":{"@type":"ImageObject","inLanguage":"uk","@id":"https:\/\/pauzza.pl\/#\/schema\/logo\/image\/","url":"https:\/\/pauzza.pl\/wp-content\/uploads\/2024\/01\/pauzzaw.png","contentUrl":"https:\/\/pauzza.pl\/wp-content\/uploads\/2024\/01\/pauzzaw.png","width":350,"height":100,"caption":"Sklep online z damsk\u0105 odzie\u017c\u0105 Pauzza: Damska odzie\u017c. Nowa Kolekcja"},"image":{"@id":"https:\/\/pauzza.pl\/#\/schema\/logo\/image\/"}}]}},"_links":{"self":[{"href":"https:\/\/pauzza.pl\/uk\/wp-json\/wp\/v2\/product\/298382","targetHints":{"allow":["GET"]}}],"collection":[{"href":"https:\/\/pauzza.pl\/uk\/wp-json\/wp\/v2\/product"}],"about":[{"href":"https:\/\/pauzza.pl\/uk\/wp-json\/wp\/v2\/types\/product"}],"wp:featuredmedia":[{"embeddable":true,"href":"https:\/\/pauzza.pl\/uk\/wp-json\/wp\/v2\/media\/298380"}],"wp:attachment":[{"href":"https:\/\/pauzza.pl\/uk\/wp-json\/wp\/v2\/media?parent=298382"}],"wp:term":[{"taxonomy":"product_brand","embeddable":true,"href":"https:\/\/pauzza.pl\/uk\/wp-json\/wp\/v2\/product_brand?post=298382"},{"taxonomy":"product_cat","embeddable":true,"href":"https:\/\/pauzza.pl\/uk\/wp-json\/wp\/v2\/product_cat?post=298382"},{"taxonomy":"product_tag","embeddable":true,"href":"https:\/\/pauzza.pl\/uk\/wp-json\/wp\/v2\/product_tag?post=298382"}],"curies":[{"name":"wp","href":"https:\/\/api.w.org\/{rel}","templated":true}]}}