{"id":268232,"date":"2023-10-31T13:31:57","date_gmt":"2023-10-31T13:31:57","guid":{"rendered":"https:\/\/pauzza.pl\/produkt\/631-lovin-you-killia-platin-perfumy-unisex-50ml\/"},"modified":"2025-05-28T13:43:21","modified_gmt":"2025-05-28T11:43:21","slug":"631-lovin-you-killia-platin-perfumy-unisex-50ml","status":"publish","type":"product","link":"https:\/\/pauzza.pl\/uk\/%d0%bf%d1%80%d0%be%d0%b4%d1%83%d0%ba%d1%82\/631-lovin-you-killia-platin-perfumy-unisex-50ml\/","title":{"rendered":"631 LOVIN' YOU - KILLIA - PLATIN \u041f\u0410\u0420\u0424\u0423\u041c\u0418 \u0423\u041d\u0406\u0421\u0415\u041a\u0421 50\u041c\u041b"},"content":{"rendered":"<p><span style=\"color: #908f8f\"><span style=\"font-size: small\">(1980,00 z\u0142\/1000ml) w tym VAT <\/span><\/span><\/p>\n<p><strong>\u0414\u0435\u0442\u0430\u043b\u044c\u043d\u0430 \u0456\u043d\u0444\u043e\u0440\u043c\u0430\u0446\u0456\u044f \u043f\u0440\u043e \u0442\u043e\u0432\u0430\u0440:<\/strong><\/p>\n<p><span style=\"color: #000000\"><span style=\"font-family: Arial, sans-serif\"><span style=\"font-size: small\">631 &#8211; Inspirowane <strong>Kilian Can&#8217;t Stop Loving You<\/strong><\/span><\/span><\/span><\/p>\n<p><span style=\"color: #000000\"><span style=\"font-family: Arial, sans-serif\"><span style=\"font-size: small\">Zapach otwiera si\u0119 narkotycznym kwiatem pomara\u0144czy, wraz z Paradisonem, eterycznym zwi\u0105zkiem ja\u015bminu sugeruj\u0105cym czysty raj. Serce zapachu jest niewiarygodnie eleganckie. Wyczuwalny jest w nim Mi\u00f3d Prowansalski, kt\u00f3ry nadaje zapachowi francuskiego charakteru. Absolut wanilii z Madagaskaru dodaje podw\u00f3jnie smakowitej zach\u0119ty do przyjemno\u015bci, podczas gdy nuty mchu d\u0119bowego wnosz\u0105 ziemist\u0105 intensywno\u015b\u0107. Ekstrakt kadzid\u0142a z Somalii nadaje zmys\u0142owo\u015bci, obj\u0119to\u015bci i niesko\u0144czonej tajemnicy.<\/span><\/span><\/span><\/p>\n<p><span style=\"color: #000000\"><span style=\"font-family: Arial, sans-serif\"><span style=\"font-size: small\">Nuty g\u0142owy: kwiat pomara\u0144czy<\/span><\/span><\/span><\/p>\n<p><span style=\"color: #000000\"><span style=\"font-family: Avenir Next, Helvetica Neue, Helvetica, Arial, sans-serif\"><span style=\"font-size: small\"><span style=\"font-family: Arial, sans-serif\">Nuty serca: mi\u00f3d<\/span><\/span><\/span><\/span><\/p>\n<p><span style=\"color: #000000\"><span style=\"font-family: Avenir Next, Helvetica Neue, Helvetica, Arial, sans-serif\"><span style=\"font-size: small\"><span style=\"font-family: Arial, sans-serif\"><strong>\u2764\ufe0f\u00a0<\/strong><strong>Zapisujcie si\u0119 do newslettera i b\u0105d\u017acie na bie\u017c\u0105co z nowo\u015bciami i promocjami\u00a0\u2764\ufe0f<\/strong><\/span><\/span><\/span><\/span><\/p>","protected":false},"excerpt":{"rendered":"<p>(1980,00 z\u0142\/1000ml) w tym VAT Szczeg\u00f3\u0142y produktu: 631 &#8211; Inspirowane Kilian Can&#8217;t Stop Loving You Zapach otwiera si\u0119 narkotycznym kwiatem pomara\u0144czy, wraz z Paradisonem, eterycznym zwi\u0105zkiem ja\u015bminu sugeruj\u0105cym czysty raj. Serce zapachu jest niewiarygodnie eleganckie. Wyczuwalny jest w nim Mi\u00f3d Prowansalski, kt\u00f3ry nadaje zapachowi francuskiego charakteru. Absolut wanilii z Madagaskaru dodaje podw\u00f3jnie smakowitej zach\u0119ty do [&hellip;]<\/p>","protected":false},"featured_media":268231,"template":"","meta":{"_acf_changed":false},"product_brand":[],"product_cat":[3276,3279,3274],"product_tag":[],"class_list":{"0":"post-268232","1":"product","2":"type-product","3":"status-publish","4":"has-post-thumbnail","6":"product_cat-linia-platinium","7":"product_cat-perfumy-unisex","8":"product_cat-zapachy","9":"pa_badge_promotion-nie","10":"pa_cost-39_020000","11":"pa_googleshopping_exclude-nie","12":"pa_is_fb_redirects_to_checkout-tak","13":"pa_is_resize_main_image_for_fb-nie","15":"first","16":"outofstock","17":"taxable","18":"shipping-taxable","19":"purchasable","20":"product-type-simple"},"acf":[],"yoast_head":"<!-- This site is optimized with the Yoast SEO plugin v27.2 - https:\/\/yoast.com\/product\/yoast-seo-wordpress\/ -->\n<title>631 LOVIN YOU - KILLIA - PLATIN PERFUMY UNISEX 50ML - Sklep online z damsk\u0105 odzie\u017c\u0105 Pauzza: Damska odzie\u017c. Nowa Kolekcja<\/title>\n<meta name=\"robots\" content=\"index, follow, max-snippet:-1, max-image-preview:large, max-video-preview:-1\" \/>\n<link rel=\"canonical\" href=\"https:\/\/pauzza.pl\/uk\/\u043f\u0440\u043e\u0434\u0443\u043a\u0442\/631-lovin-you-killia-platin-perfumy-unisex-50ml\/\" \/>\n<meta property=\"og:locale\" content=\"uk_UA\" \/>\n<meta property=\"og:type\" content=\"article\" \/>\n<meta property=\"og:title\" content=\"631 LOVIN YOU - KILLIA - PLATIN PERFUMY UNISEX 50ML - Sklep online z damsk\u0105 odzie\u017c\u0105 Pauzza: Damska odzie\u017c. Nowa Kolekcja\" \/>\n<meta property=\"og:description\" content=\"(1980,00 z\u0142\/1000ml) w tym VAT Szczeg\u00f3\u0142y produktu: 631 &#8211; Inspirowane Kilian Can&#8217;t Stop Loving You Zapach otwiera si\u0119 narkotycznym kwiatem pomara\u0144czy, wraz z Paradisonem, eterycznym zwi\u0105zkiem ja\u015bminu sugeruj\u0105cym czysty raj. Serce zapachu jest niewiarygodnie eleganckie. Wyczuwalny jest w nim Mi\u00f3d Prowansalski, kt\u00f3ry nadaje zapachowi francuskiego charakteru. Absolut wanilii z Madagaskaru dodaje podw\u00f3jnie smakowitej zach\u0119ty do [&hellip;]\" \/>\n<meta property=\"og:url\" content=\"https:\/\/pauzza.pl\/uk\/\u043f\u0440\u043e\u0434\u0443\u043a\u0442\/631-lovin-you-killia-platin-perfumy-unisex-50ml\/\" \/>\n<meta property=\"og:site_name\" content=\"Sklep online z damsk\u0105 odzie\u017c\u0105 Pauzza: Damska odzie\u017c. Nowa Kolekcja\" \/>\n<meta property=\"article:modified_time\" content=\"2025-05-28T11:43:21+00:00\" \/>\n<meta property=\"og:image\" content=\"https:\/\/pauzza.pl\/wp-content\/uploads\/2023\/10\/121ro_631.jpg\" \/>\n\t<meta property=\"og:image:width\" content=\"720\" \/>\n\t<meta property=\"og:image:height\" content=\"1000\" \/>\n\t<meta property=\"og:image:type\" content=\"image\/jpeg\" \/>\n<meta name=\"twitter:card\" content=\"summary_large_image\" \/>\n<meta name=\"twitter:label1\" content=\"\u041f\u0440\u0438\u0431\u043b. \u0447\u0430\u0441 \u0447\u0438\u0442\u0430\u043d\u043d\u044f\" \/>\n\t<meta name=\"twitter:data1\" content=\"1 \u0445\u0432\u0438\u043b\u0438\u043d\u0430\" \/>\n<script type=\"application\/ld+json\" class=\"yoast-schema-graph\">{\"@context\":\"https:\/\/schema.org\",\"@graph\":[{\"@type\":\"WebPage\",\"@id\":\"https:\/\/pauzza.pl\/produkt\/631-lovin-you-killia-platin-perfumy-unisex-50ml\/\",\"url\":\"https:\/\/pauzza.pl\/produkt\/631-lovin-you-killia-platin-perfumy-unisex-50ml\/\",\"name\":\"631 LOVIN YOU - KILLIA - PLATIN PERFUMY UNISEX 50ML - Sklep online z damsk\u0105 odzie\u017c\u0105 Pauzza: Damska odzie\u017c. Nowa Kolekcja\",\"isPartOf\":{\"@id\":\"https:\/\/pauzza.pl\/#website\"},\"primaryImageOfPage\":{\"@id\":\"https:\/\/pauzza.pl\/produkt\/631-lovin-you-killia-platin-perfumy-unisex-50ml\/#primaryimage\"},\"image\":{\"@id\":\"https:\/\/pauzza.pl\/produkt\/631-lovin-you-killia-platin-perfumy-unisex-50ml\/#primaryimage\"},\"thumbnailUrl\":\"https:\/\/pauzza.pl\/wp-content\/uploads\/2023\/10\/121ro_631.jpg\",\"datePublished\":\"2023-10-31T13:31:57+00:00\",\"dateModified\":\"2025-05-28T11:43:21+00:00\",\"breadcrumb\":{\"@id\":\"https:\/\/pauzza.pl\/produkt\/631-lovin-you-killia-platin-perfumy-unisex-50ml\/#breadcrumb\"},\"inLanguage\":\"uk\",\"potentialAction\":[{\"@type\":\"ReadAction\",\"target\":[\"https:\/\/pauzza.pl\/produkt\/631-lovin-you-killia-platin-perfumy-unisex-50ml\/\"]}]},{\"@type\":\"ImageObject\",\"inLanguage\":\"uk\",\"@id\":\"https:\/\/pauzza.pl\/produkt\/631-lovin-you-killia-platin-perfumy-unisex-50ml\/#primaryimage\",\"url\":\"https:\/\/pauzza.pl\/wp-content\/uploads\/2023\/10\/121ro_631.jpg\",\"contentUrl\":\"https:\/\/pauzza.pl\/wp-content\/uploads\/2023\/10\/121ro_631.jpg\",\"width\":720,\"height\":1000,\"caption\":\"631 LOVIN YOU - KILLIA - PLATIN PERFUMY UNISEX 50ML-0\"},{\"@type\":\"BreadcrumbList\",\"@id\":\"https:\/\/pauzza.pl\/produkt\/631-lovin-you-killia-platin-perfumy-unisex-50ml\/#breadcrumb\",\"itemListElement\":[{\"@type\":\"ListItem\",\"position\":1,\"name\":\"Strona g\u0142\u00f3wna\",\"item\":\"https:\/\/pauzza.pl\/\"},{\"@type\":\"ListItem\",\"position\":2,\"name\":\"Sklep\",\"item\":\"https:\/\/pauzza.pl\/sklep\/\"},{\"@type\":\"ListItem\",\"position\":3,\"name\":\"631 LOVIN YOU &#8211; KILLIA &#8211; PLATIN PERFUMY UNISEX 50ML\"}]},{\"@type\":\"WebSite\",\"@id\":\"https:\/\/pauzza.pl\/#website\",\"url\":\"https:\/\/pauzza.pl\/\",\"name\":\"Sklep online z damsk\u0105 odzie\u017c\u0105 Pauzza: Damska odzie\u017c. Nowa Kolekcja\",\"description\":\"Je\u015bli chcesz zadba\u0107 o sw\u00f3j profesjonalny i pe\u0142en klasy wygl\u0105d w pracy butik online Pauzza, to strza\u0142 w dziesi\u0105tk\u0119! U nas znajdziesz szeroki wyb\u00f3r \u017cakiet\u00f3w, koszul, kurtek, sukienek, sp\u00f3dnic i wiele wiecej\",\"publisher\":{\"@id\":\"https:\/\/pauzza.pl\/#organization\"},\"potentialAction\":[{\"@type\":\"SearchAction\",\"target\":{\"@type\":\"EntryPoint\",\"urlTemplate\":\"https:\/\/pauzza.pl\/?s={search_term_string}\"},\"query-input\":{\"@type\":\"PropertyValueSpecification\",\"valueRequired\":true,\"valueName\":\"search_term_string\"}}],\"inLanguage\":\"uk\"},{\"@type\":\"Organization\",\"@id\":\"https:\/\/pauzza.pl\/#organization\",\"name\":\"Sklep online z damsk\u0105 odzie\u017c\u0105 Pauzza: Damska odzie\u017c. Nowa Kolekcja\",\"url\":\"https:\/\/pauzza.pl\/\",\"logo\":{\"@type\":\"ImageObject\",\"inLanguage\":\"uk\",\"@id\":\"https:\/\/pauzza.pl\/#\/schema\/logo\/image\/\",\"url\":\"https:\/\/pauzza.pl\/wp-content\/uploads\/2024\/01\/pauzzaw.png\",\"contentUrl\":\"https:\/\/pauzza.pl\/wp-content\/uploads\/2024\/01\/pauzzaw.png\",\"width\":350,\"height\":100,\"caption\":\"Sklep online z damsk\u0105 odzie\u017c\u0105 Pauzza: Damska odzie\u017c. Nowa Kolekcja\"},\"image\":{\"@id\":\"https:\/\/pauzza.pl\/#\/schema\/logo\/image\/\"}}]}<\/script>\n<!-- \/ Yoast SEO plugin. -->","yoast_head_json":{"title":"631 LOVIN YOU - KILLIA - PLATIN PERFUMY UNISEX 50ML - Sklep online z damsk\u0105 odzie\u017c\u0105 Pauzza: Damska odzie\u017c. Nowa Kolekcja","robots":{"index":"index","follow":"follow","max-snippet":"max-snippet:-1","max-image-preview":"max-image-preview:large","max-video-preview":"max-video-preview:-1"},"canonical":"https:\/\/pauzza.pl\/uk\/\u043f\u0440\u043e\u0434\u0443\u043a\u0442\/631-lovin-you-killia-platin-perfumy-unisex-50ml\/","og_locale":"uk_UA","og_type":"article","og_title":"631 LOVIN YOU - KILLIA - PLATIN PERFUMY UNISEX 50ML - Sklep online z damsk\u0105 odzie\u017c\u0105 Pauzza: Damska odzie\u017c. Nowa Kolekcja","og_description":"(1980,00 z\u0142\/1000ml) w tym VAT Szczeg\u00f3\u0142y produktu: 631 &#8211; Inspirowane Kilian Can&#8217;t Stop Loving You Zapach otwiera si\u0119 narkotycznym kwiatem pomara\u0144czy, wraz z Paradisonem, eterycznym zwi\u0105zkiem ja\u015bminu sugeruj\u0105cym czysty raj. Serce zapachu jest niewiarygodnie eleganckie. Wyczuwalny jest w nim Mi\u00f3d Prowansalski, kt\u00f3ry nadaje zapachowi francuskiego charakteru. Absolut wanilii z Madagaskaru dodaje podw\u00f3jnie smakowitej zach\u0119ty do [&hellip;]","og_url":"https:\/\/pauzza.pl\/uk\/\u043f\u0440\u043e\u0434\u0443\u043a\u0442\/631-lovin-you-killia-platin-perfumy-unisex-50ml\/","og_site_name":"Sklep online z damsk\u0105 odzie\u017c\u0105 Pauzza: Damska odzie\u017c. Nowa Kolekcja","article_modified_time":"2025-05-28T11:43:21+00:00","og_image":[{"width":720,"height":1000,"url":"https:\/\/pauzza.pl\/wp-content\/uploads\/2023\/10\/121ro_631.jpg","type":"image\/jpeg"}],"twitter_card":"summary_large_image","twitter_misc":{"\u041f\u0440\u0438\u0431\u043b. \u0447\u0430\u0441 \u0447\u0438\u0442\u0430\u043d\u043d\u044f":"1 \u0445\u0432\u0438\u043b\u0438\u043d\u0430"},"schema":{"@context":"https:\/\/schema.org","@graph":[{"@type":"WebPage","@id":"https:\/\/pauzza.pl\/produkt\/631-lovin-you-killia-platin-perfumy-unisex-50ml\/","url":"https:\/\/pauzza.pl\/produkt\/631-lovin-you-killia-platin-perfumy-unisex-50ml\/","name":"631 LOVIN YOU - KILLIA - PLATIN PERFUMY UNISEX 50ML - Sklep online z damsk\u0105 odzie\u017c\u0105 Pauzza: Damska odzie\u017c. Nowa Kolekcja","isPartOf":{"@id":"https:\/\/pauzza.pl\/#website"},"primaryImageOfPage":{"@id":"https:\/\/pauzza.pl\/produkt\/631-lovin-you-killia-platin-perfumy-unisex-50ml\/#primaryimage"},"image":{"@id":"https:\/\/pauzza.pl\/produkt\/631-lovin-you-killia-platin-perfumy-unisex-50ml\/#primaryimage"},"thumbnailUrl":"https:\/\/pauzza.pl\/wp-content\/uploads\/2023\/10\/121ro_631.jpg","datePublished":"2023-10-31T13:31:57+00:00","dateModified":"2025-05-28T11:43:21+00:00","breadcrumb":{"@id":"https:\/\/pauzza.pl\/produkt\/631-lovin-you-killia-platin-perfumy-unisex-50ml\/#breadcrumb"},"inLanguage":"uk","potentialAction":[{"@type":"ReadAction","target":["https:\/\/pauzza.pl\/produkt\/631-lovin-you-killia-platin-perfumy-unisex-50ml\/"]}]},{"@type":"ImageObject","inLanguage":"uk","@id":"https:\/\/pauzza.pl\/produkt\/631-lovin-you-killia-platin-perfumy-unisex-50ml\/#primaryimage","url":"https:\/\/pauzza.pl\/wp-content\/uploads\/2023\/10\/121ro_631.jpg","contentUrl":"https:\/\/pauzza.pl\/wp-content\/uploads\/2023\/10\/121ro_631.jpg","width":720,"height":1000,"caption":"631 LOVIN YOU - KILLIA - PLATIN PERFUMY UNISEX 50ML-0"},{"@type":"BreadcrumbList","@id":"https:\/\/pauzza.pl\/produkt\/631-lovin-you-killia-platin-perfumy-unisex-50ml\/#breadcrumb","itemListElement":[{"@type":"ListItem","position":1,"name":"Strona g\u0142\u00f3wna","item":"https:\/\/pauzza.pl\/"},{"@type":"ListItem","position":2,"name":"Sklep","item":"https:\/\/pauzza.pl\/sklep\/"},{"@type":"ListItem","position":3,"name":"631 LOVIN YOU &#8211; KILLIA &#8211; PLATIN PERFUMY UNISEX 50ML"}]},{"@type":"WebSite","@id":"https:\/\/pauzza.pl\/#website","url":"https:\/\/pauzza.pl\/","name":"\u0406\u043d\u0442\u0435\u0440\u043d\u0435\u0442 \u043c\u0430\u0433\u0430\u0437\u0438\u043d \u0436\u0456\u043d\u043e\u0447\u043e\u0433\u043e \u043e\u0434\u044f\u0433\u0443 Pauzza: \u0416\u0456\u043d\u043e\u0447\u0438\u0439 \u043e\u0434\u044f\u0433. \u041d\u043e\u0432\u0430 \u043a\u043e\u043b\u0435\u043a\u0446\u0456\u044f","description":"\u042f\u043a\u0449\u043e \u0432\u0438 \u0445\u043e\u0447\u0435\u0442\u0435 \u043f\u043e\u0434\u0431\u0430\u0442\u0438 \u043f\u0440\u043e \u0441\u0432\u0456\u0439 \u043f\u0440\u043e\u0444\u0435\u0441\u0456\u0439\u043d\u0438\u0439 \u0442\u0430 \u0441\u0442\u0438\u043b\u044c\u043d\u0438\u0439 \u0432\u0438\u0433\u043b\u044f\u0434 \u043d\u0430 \u0440\u043e\u0431\u043e\u0442\u0456, \u043e\u043d\u043b\u0430\u0439\u043d-\u0431\u0443\u0442\u0456\u043a Pauzza - \u0446\u0435 \u0445\u0456\u0442! \u0422\u0443\u0442 \u0432\u0438 \u0437\u043d\u0430\u0439\u0434\u0435\u0442\u0435 \u0448\u0438\u0440\u043e\u043a\u0438\u0439 \u0432\u0438\u0431\u0456\u0440 \u043f\u0456\u0434\u0436\u0430\u043a\u0456\u0432, \u0441\u043e\u0440\u043e\u0447\u043e\u043a, \u0436\u0430\u043a\u0435\u0442\u0456\u0432, \u0441\u0443\u043a\u043e\u043d\u044c, \u0441\u043f\u0456\u0434\u043d\u0438\u0446\u044c \u0442\u0430 \u0431\u0430\u0433\u0430\u0442\u043e \u0456\u043d\u0448\u043e\u0433\u043e.","publisher":{"@id":"https:\/\/pauzza.pl\/#organization"},"potentialAction":[{"@type":"SearchAction","target":{"@type":"EntryPoint","urlTemplate":"https:\/\/pauzza.pl\/?s={search_term_string}"},"query-input":{"@type":"PropertyValueSpecification","valueRequired":true,"valueName":"search_term_string"}}],"inLanguage":"uk"},{"@type":"Organization","@id":"https:\/\/pauzza.pl\/#organization","name":"\u0406\u043d\u0442\u0435\u0440\u043d\u0435\u0442 \u043c\u0430\u0433\u0430\u0437\u0438\u043d \u0436\u0456\u043d\u043e\u0447\u043e\u0433\u043e \u043e\u0434\u044f\u0433\u0443 Pauzza: \u0416\u0456\u043d\u043e\u0447\u0438\u0439 \u043e\u0434\u044f\u0433. \u041d\u043e\u0432\u0430 \u043a\u043e\u043b\u0435\u043a\u0446\u0456\u044f","url":"https:\/\/pauzza.pl\/","logo":{"@type":"ImageObject","inLanguage":"uk","@id":"https:\/\/pauzza.pl\/#\/schema\/logo\/image\/","url":"https:\/\/pauzza.pl\/wp-content\/uploads\/2024\/01\/pauzzaw.png","contentUrl":"https:\/\/pauzza.pl\/wp-content\/uploads\/2024\/01\/pauzzaw.png","width":350,"height":100,"caption":"Sklep online z damsk\u0105 odzie\u017c\u0105 Pauzza: Damska odzie\u017c. Nowa Kolekcja"},"image":{"@id":"https:\/\/pauzza.pl\/#\/schema\/logo\/image\/"}}]}},"_links":{"self":[{"href":"https:\/\/pauzza.pl\/uk\/wp-json\/wp\/v2\/product\/268232","targetHints":{"allow":["GET"]}}],"collection":[{"href":"https:\/\/pauzza.pl\/uk\/wp-json\/wp\/v2\/product"}],"about":[{"href":"https:\/\/pauzza.pl\/uk\/wp-json\/wp\/v2\/types\/product"}],"wp:featuredmedia":[{"embeddable":true,"href":"https:\/\/pauzza.pl\/uk\/wp-json\/wp\/v2\/media\/268231"}],"wp:attachment":[{"href":"https:\/\/pauzza.pl\/uk\/wp-json\/wp\/v2\/media?parent=268232"}],"wp:term":[{"taxonomy":"product_brand","embeddable":true,"href":"https:\/\/pauzza.pl\/uk\/wp-json\/wp\/v2\/product_brand?post=268232"},{"taxonomy":"product_cat","embeddable":true,"href":"https:\/\/pauzza.pl\/uk\/wp-json\/wp\/v2\/product_cat?post=268232"},{"taxonomy":"product_tag","embeddable":true,"href":"https:\/\/pauzza.pl\/uk\/wp-json\/wp\/v2\/product_tag?post=268232"}],"curies":[{"name":"wp","href":"https:\/\/api.w.org\/{rel}","templated":true}]}}