{"id":253836,"date":"2023-08-01T10:10:43","date_gmt":"2023-08-01T08:10:43","guid":{"rendered":"https:\/\/pauzza.pl\/?post_type=product&#038;p=253836"},"modified":"2025-01-04T20:04:04","modified_gmt":"2025-01-04T19:04:04","slug":"%d0%b1%d0%b0%d0%b2%d0%be%d0%b2%d0%bd%d1%8f%d0%bd%d0%b0-%d1%81%d1%83%d0%ba%d0%bd%d1%8f-%d1%82%d1%80%d0%b0%d0%bf%d0%b5%d1%86%d1%96%d1%8f-%d0%b2%d0%b5%d0%bb%d0%b8%d0%ba%d0%be%d0%b3%d0%be-%d1%80%d0%be","status":"publish","type":"product","link":"https:\/\/pauzza.pl\/uk\/%d0%bf%d1%80%d0%be%d0%b4%d1%83%d0%ba%d1%82\/%d0%b1%d0%b0%d0%b2%d0%be%d0%b2%d0%bd%d1%8f%d0%bd%d0%b0-%d1%81%d1%83%d0%ba%d0%bd%d1%8f-%d1%82%d1%80%d0%b0%d0%bf%d0%b5%d1%86%d1%96%d1%8f-%d0%b2%d0%b5%d0%bb%d0%b8%d0%ba%d0%be%d0%b3%d0%be-%d1%80%d0%be\/","title":{"rendered":"\u0411\u0410\u0412\u041e\u0412\u041d\u042f\u041d\u0410 \u0421\u0423\u041a\u041d\u042f-\u0422\u0420\u0410\u041f\u0415\u0426\u0406\u042f \u0412\u0415\u041b\u0418\u041a\u041e\u0413\u041e \u0420\u041e\u0417\u041c\u0406\u0420\u0423"},"content":{"rendered":"<div>\n<div><\/div>\n<div>\u00a0<\/div>\n<div><strong>\u0414\u0435\u0442\u0430\u043b\u044c\u043d\u0430 \u0456\u043d\u0444\u043e\u0440\u043c\u0430\u0446\u0456\u044f \u043f\u0440\u043e \u0442\u043e\u0432\u0430\u0440:<\/strong><\/div>\n<\/div>\n<div>\n<p><strong>*\u0414\u0440\u0443\u043a\u0443\u0439:\u00a0<\/strong>\u0429\u043e\u0434\u043d\u044f<\/p>\n<p><strong>*\u0414\u0435\u043a\u043e\u043b\u044f\u0446\u0456\u044f:\u00a0<\/strong>\u0441\u0442\u0435\u043d\u0434<\/p>\n<p><strong>*\u0428\u0430\u0431\u043b\u043e\u043d:\u00a0<\/strong>\u0411\u0430\u0432\u043e\u0432\u043d\u044f\u043d\u0430 \u0441\u0443\u043a\u043d\u044f \u043a\u0440\u0435\u043c\u043e\u0432\u043e\u0433\u043e \u043a\u043e\u043b\u044c\u043e\u0440\u0443 \u0456\u0437 \u0437\u0430\u0441\u0442\u0456\u0431\u043a\u043e\u044e \u043d\u0430 \u0491\u0443\u0434\u0437\u0438\u043a\u0438. \u0410\u0436\u0443\u0440\u043d\u0438\u0439 \u043f\u0435\u0440\u0435\u0434 \u0441\u0443\u043a\u043d\u0456, \u0441\u043f\u0438\u043d\u043a\u0430 \u043e\u0434\u043d\u043e\u0442\u043e\u043d\u043d\u0430<\/p>\n<p>\u0421\u043a\u043b\u0430\u0434: 100% \u0431\u0430\u0432\u043e\u0432\u043d\u0430<\/p>\n<\/div>\n<div>\n<div><strong>\u0420\u043e\u0437\u043c\u0456\u0440\u0438 :<\/strong><\/div>\n<div>\u0417\u0430\u0433\u0430\u043b\u044c\u043d\u0430 \u0434\u043e\u0432\u0436\u0438\u043d\u0430: 108 \u0441\u043c<\/div>\n<div>\u041e\u0431\u0445\u0432\u0430\u0442 \u0433\u0440\u0443\u0434\u0435\u0439: \u0432\u0456\u0434 132 \u0441\u043c \u0434\u043e 142 \u0441\u043c<\/div>\n<div>\u0414\u043e\u0432\u0436\u0438\u043d\u0430 \u0440\u0443\u043a\u0430\u0432\u0430: 35 \u0441\u043c<\/div>\n<div>\u00a0<\/div>\n<\/div>\n<div><strong>\u041e\u0434\u044f\u0433 \u0432\u0438\u043c\u0456\u0440\u044e\u0454\u0442\u044c\u0441\u044f \u0432 \u0440\u043e\u0437\u0433\u043e\u0440\u043d\u0443\u0442\u043e\u043c\u0443 \u0432\u0438\u0433\u043b\u044f\u0434\u0456! \u0420\u043e\u0437\u043c\u0456\u0440\u0438 \u043c\u043e\u0436\u0443\u0442\u044c \u0432\u0456\u0434\u0440\u0456\u0437\u043d\u044f\u0442\u0438\u0441\u044f \u043d\u0430 +\/- 2 \u0441\u043c.\u00a0<\/strong><\/div>\n<div>(1)<\/div>\n<div>\u2764\ufe0f \u041f\u0456\u0434\u043f\u0438\u0448\u0456\u0442\u044c\u0441\u044f \u043d\u0430 \u043d\u0430\u0448\u0443 \u0440\u043e\u0437\u0441\u0438\u043b\u043a\u0443 \u0442\u0430 \u0431\u0443\u0434\u044c\u0442\u0435 \u0432 \u043a\u0443\u0440\u0441\u0456 \u043d\u043e\u0432\u0438\u043d \u0442\u0430 \u0430\u043a\u0446\u0456\u0439 \u2764\ufe0f<\/div>","protected":false},"excerpt":{"rendered":"<p>\u00a0 Szczeg\u00f3\u0142y produktu: *Rodzaj:\u00a0na co dzie\u0144 *Dekolt:\u00a0st\u00f3jka *Wz\u00f3r:\u00a0sukienka bawe\u0142niana w kolorze \u015bmietankowym zapinana na guziki. Prz\u00f3d sukienki a\u017curowy, ty\u0142 g\u0142adki Sk\u0142ad: 100% bawe\u0142na Wymiary : D\u0142ugo\u015b\u0107 ca\u0142kowita: 108 cm Obw\u00f3d w biu\u015bcie: od 132 cm do 142 cm D\u0142. r\u0119kawa: 35 cm \u00a0 Ubrania sa mierzone na p\u0142asko! Wymiary mog\u0105 r\u00f3\u017cni\u0107 si\u0119 +\/- 2 cm.\u00a0 [&hellip;]<\/p>","protected":false},"featured_media":253830,"template":"","meta":{"_acf_changed":false},"product_brand":[],"product_cat":[3230,2937,3232,2966,3028,3108,3052,3020,3102,3122,3101,3060,2967,3103,3104,3119,3123,3093],"product_tag":[],"class_list":{"0":"post-253836","1":"product","2":"type-product","3":"status-publish","4":"has-post-thumbnail","6":"product_cat-nowosci","7":"product_cat-odziez","8":"product_cat-sale","9":"product_cat-sukienki","10":"product_cat-boho","11":"product_cat-do-pracy","12":"product_cat-eleganckie","13":"product_cat-koktajlowe","14":"product_cat-koronkowe","15":"product_cat-koszulowe","16":"product_cat-letnie","17":"product_cat-midi","18":"product_cat-na-wesele","19":"product_cat-plazowe","20":"product_cat-rozkloszowane-sukienki","21":"product_cat-trapezowe-sukienki","22":"product_cat-wiosenne","23":"product_cat-wizytowe","24":"pa_badge_promotion-tak","25":"pa_color-kremowy","26":"pa_cost-91_000000","27":"pa_googleshopping_exclude-nie","28":"pa_is_fb_redirects_to_checkout-tak","29":"pa_is_resize_main_image_for_fb-nie","31":"first","32":"outofstock","33":"sale","34":"taxable","35":"shipping-taxable","36":"purchasable","37":"product-type-simple"},"acf":[],"yoast_head":"<!-- This site is optimized with the Yoast SEO plugin v27.2 - https:\/\/yoast.com\/product\/yoast-seo-wordpress\/ -->\n<title>BAWE\u0141NIANA SUKIENKA TRAPEZOWA OVERSIZE - Sklep online z damsk\u0105 odzie\u017c\u0105 Pauzza: Damska odzie\u017c. Nowa Kolekcja<\/title>\n<meta name=\"robots\" content=\"index, follow, max-snippet:-1, max-image-preview:large, max-video-preview:-1\" \/>\n<link rel=\"canonical\" href=\"https:\/\/pauzza.pl\/uk\/\u043f\u0440\u043e\u0434\u0443\u043a\u0442\/\u0431\u0430\u0432\u043e\u0432\u043d\u044f\u043d\u0430-\u0441\u0443\u043a\u043d\u044f-\u0442\u0440\u0430\u043f\u0435\u0446\u0456\u044f-\u0432\u0435\u043b\u0438\u043a\u043e\u0433\u043e-\u0440\u043e\/\" \/>\n<meta property=\"og:locale\" content=\"uk_UA\" \/>\n<meta property=\"og:type\" content=\"article\" \/>\n<meta property=\"og:title\" content=\"BAWE\u0141NIANA SUKIENKA TRAPEZOWA OVERSIZE - Sklep online z damsk\u0105 odzie\u017c\u0105 Pauzza: Damska odzie\u017c. Nowa Kolekcja\" \/>\n<meta property=\"og:description\" content=\"\u00a0 Szczeg\u00f3\u0142y produktu: *Rodzaj:\u00a0na co dzie\u0144 *Dekolt:\u00a0st\u00f3jka *Wz\u00f3r:\u00a0sukienka bawe\u0142niana w kolorze \u015bmietankowym zapinana na guziki. Prz\u00f3d sukienki a\u017curowy, ty\u0142 g\u0142adki Sk\u0142ad: 100% bawe\u0142na Wymiary : D\u0142ugo\u015b\u0107 ca\u0142kowita: 108 cm Obw\u00f3d w biu\u015bcie: od 132 cm do 142 cm D\u0142. r\u0119kawa: 35 cm \u00a0 Ubrania sa mierzone na p\u0142asko! Wymiary mog\u0105 r\u00f3\u017cni\u0107 si\u0119 +\/- 2 cm.\u00a0 [&hellip;]\" \/>\n<meta property=\"og:url\" content=\"https:\/\/pauzza.pl\/uk\/\u043f\u0440\u043e\u0434\u0443\u043a\u0442\/\u0431\u0430\u0432\u043e\u0432\u043d\u044f\u043d\u0430-\u0441\u0443\u043a\u043d\u044f-\u0442\u0440\u0430\u043f\u0435\u0446\u0456\u044f-\u0432\u0435\u043b\u0438\u043a\u043e\u0433\u043e-\u0440\u043e\/\" \/>\n<meta property=\"og:site_name\" content=\"Sklep online z damsk\u0105 odzie\u017c\u0105 Pauzza: Damska odzie\u017c. Nowa Kolekcja\" \/>\n<meta property=\"article:modified_time\" content=\"2025-01-04T19:04:04+00:00\" \/>\n<meta property=\"og:image\" content=\"https:\/\/pauzza.pl\/wp-content\/uploads\/2023\/08\/12_127_9.jpg\" \/>\n\t<meta property=\"og:image:width\" content=\"720\" \/>\n\t<meta property=\"og:image:height\" content=\"1000\" \/>\n\t<meta property=\"og:image:type\" content=\"image\/jpeg\" \/>\n<meta name=\"twitter:card\" content=\"summary_large_image\" \/>\n<script type=\"application\/ld+json\" class=\"yoast-schema-graph\">{\"@context\":\"https:\/\/schema.org\",\"@graph\":[{\"@type\":\"WebPage\",\"@id\":\"https:\/\/pauzza.pl\/produkt\/bawelniana-sukienka-trapezowa-oversize-disabled\/\",\"url\":\"https:\/\/pauzza.pl\/produkt\/bawelniana-sukienka-trapezowa-oversize-disabled\/\",\"name\":\"BAWE\u0141NIANA SUKIENKA TRAPEZOWA OVERSIZE - Sklep online z damsk\u0105 odzie\u017c\u0105 Pauzza: Damska odzie\u017c. Nowa Kolekcja\",\"isPartOf\":{\"@id\":\"https:\/\/pauzza.pl\/#website\"},\"primaryImageOfPage\":{\"@id\":\"https:\/\/pauzza.pl\/produkt\/bawelniana-sukienka-trapezowa-oversize-disabled\/#primaryimage\"},\"image\":{\"@id\":\"https:\/\/pauzza.pl\/produkt\/bawelniana-sukienka-trapezowa-oversize-disabled\/#primaryimage\"},\"thumbnailUrl\":\"https:\/\/pauzza.pl\/wp-content\/uploads\/2023\/08\/12_127_9.jpg\",\"datePublished\":\"2023-08-01T08:10:43+00:00\",\"dateModified\":\"2025-01-04T19:04:04+00:00\",\"breadcrumb\":{\"@id\":\"https:\/\/pauzza.pl\/produkt\/bawelniana-sukienka-trapezowa-oversize-disabled\/#breadcrumb\"},\"inLanguage\":\"uk\",\"potentialAction\":[{\"@type\":\"ReadAction\",\"target\":[\"https:\/\/pauzza.pl\/produkt\/bawelniana-sukienka-trapezowa-oversize-disabled\/\"]}]},{\"@type\":\"ImageObject\",\"inLanguage\":\"uk\",\"@id\":\"https:\/\/pauzza.pl\/produkt\/bawelniana-sukienka-trapezowa-oversize-disabled\/#primaryimage\",\"url\":\"https:\/\/pauzza.pl\/wp-content\/uploads\/2023\/08\/12_127_9.jpg\",\"contentUrl\":\"https:\/\/pauzza.pl\/wp-content\/uploads\/2023\/08\/12_127_9.jpg\",\"width\":720,\"height\":1000,\"caption\":\"BAWE\u0141NIANA SUKIENKA TRAPEZOWA OVERSIZE-0\"},{\"@type\":\"BreadcrumbList\",\"@id\":\"https:\/\/pauzza.pl\/produkt\/bawelniana-sukienka-trapezowa-oversize-disabled\/#breadcrumb\",\"itemListElement\":[{\"@type\":\"ListItem\",\"position\":1,\"name\":\"Strona g\u0142\u00f3wna\",\"item\":\"https:\/\/pauzza.pl\/\"},{\"@type\":\"ListItem\",\"position\":2,\"name\":\"Sklep\",\"item\":\"https:\/\/pauzza.pl\/sklep\/\"},{\"@type\":\"ListItem\",\"position\":3,\"name\":\"BAWE\u0141NIANA SUKIENKA TRAPEZOWA OVERSIZE\"}]},{\"@type\":\"WebSite\",\"@id\":\"https:\/\/pauzza.pl\/#website\",\"url\":\"https:\/\/pauzza.pl\/\",\"name\":\"Sklep online z damsk\u0105 odzie\u017c\u0105 Pauzza: Damska odzie\u017c. Nowa Kolekcja\",\"description\":\"Je\u015bli chcesz zadba\u0107 o sw\u00f3j profesjonalny i pe\u0142en klasy wygl\u0105d w pracy butik online Pauzza, to strza\u0142 w dziesi\u0105tk\u0119! U nas znajdziesz szeroki wyb\u00f3r \u017cakiet\u00f3w, koszul, kurtek, sukienek, sp\u00f3dnic i wiele wiecej\",\"publisher\":{\"@id\":\"https:\/\/pauzza.pl\/#organization\"},\"potentialAction\":[{\"@type\":\"SearchAction\",\"target\":{\"@type\":\"EntryPoint\",\"urlTemplate\":\"https:\/\/pauzza.pl\/?s={search_term_string}\"},\"query-input\":{\"@type\":\"PropertyValueSpecification\",\"valueRequired\":true,\"valueName\":\"search_term_string\"}}],\"inLanguage\":\"uk\"},{\"@type\":\"Organization\",\"@id\":\"https:\/\/pauzza.pl\/#organization\",\"name\":\"Sklep online z damsk\u0105 odzie\u017c\u0105 Pauzza: Damska odzie\u017c. Nowa Kolekcja\",\"url\":\"https:\/\/pauzza.pl\/\",\"logo\":{\"@type\":\"ImageObject\",\"inLanguage\":\"uk\",\"@id\":\"https:\/\/pauzza.pl\/#\/schema\/logo\/image\/\",\"url\":\"https:\/\/pauzza.pl\/wp-content\/uploads\/2024\/01\/pauzzaw.png\",\"contentUrl\":\"https:\/\/pauzza.pl\/wp-content\/uploads\/2024\/01\/pauzzaw.png\",\"width\":350,\"height\":100,\"caption\":\"Sklep online z damsk\u0105 odzie\u017c\u0105 Pauzza: Damska odzie\u017c. Nowa Kolekcja\"},\"image\":{\"@id\":\"https:\/\/pauzza.pl\/#\/schema\/logo\/image\/\"}}]}<\/script>\n<!-- \/ Yoast SEO plugin. -->","yoast_head_json":{"title":"\u0416\u0456\u043d\u043e\u0447\u0438\u0439 \u043a\u043e\u0441\u0442\u044e\u043c OVERSIZE TRAPEZ - \u0406\u043d\u0442\u0435\u0440\u043d\u0435\u0442 \u043c\u0430\u0433\u0430\u0437\u0438\u043d \u0436\u0456\u043d\u043e\u0447\u043e\u0433\u043e \u043e\u0434\u044f\u0433\u0443 Pauzza: \u0416\u0456\u043d\u043e\u0447\u0438\u0439 \u043e\u0434\u044f\u0433. \u041d\u043e\u0432\u0430 \u043a\u043e\u043b\u0435\u043a\u0446\u0456\u044f","robots":{"index":"index","follow":"follow","max-snippet":"max-snippet:-1","max-image-preview":"max-image-preview:large","max-video-preview":"max-video-preview:-1"},"canonical":"https:\/\/pauzza.pl\/uk\/\u043f\u0440\u043e\u0434\u0443\u043a\u0442\/\u0431\u0430\u0432\u043e\u0432\u043d\u044f\u043d\u0430-\u0441\u0443\u043a\u043d\u044f-\u0442\u0440\u0430\u043f\u0435\u0446\u0456\u044f-\u0432\u0435\u043b\u0438\u043a\u043e\u0433\u043e-\u0440\u043e\/","og_locale":"uk_UA","og_type":"article","og_title":"BAWE\u0141NIANA SUKIENKA TRAPEZOWA OVERSIZE - Sklep online z damsk\u0105 odzie\u017c\u0105 Pauzza: Damska odzie\u017c. Nowa Kolekcja","og_description":"\u00a0 Szczeg\u00f3\u0142y produktu: *Rodzaj:\u00a0na co dzie\u0144 *Dekolt:\u00a0st\u00f3jka *Wz\u00f3r:\u00a0sukienka bawe\u0142niana w kolorze \u015bmietankowym zapinana na guziki. Prz\u00f3d sukienki a\u017curowy, ty\u0142 g\u0142adki Sk\u0142ad: 100% bawe\u0142na Wymiary : D\u0142ugo\u015b\u0107 ca\u0142kowita: 108 cm Obw\u00f3d w biu\u015bcie: od 132 cm do 142 cm D\u0142. r\u0119kawa: 35 cm \u00a0 Ubrania sa mierzone na p\u0142asko! Wymiary mog\u0105 r\u00f3\u017cni\u0107 si\u0119 +\/- 2 cm.\u00a0 [&hellip;]","og_url":"https:\/\/pauzza.pl\/uk\/\u043f\u0440\u043e\u0434\u0443\u043a\u0442\/\u0431\u0430\u0432\u043e\u0432\u043d\u044f\u043d\u0430-\u0441\u0443\u043a\u043d\u044f-\u0442\u0440\u0430\u043f\u0435\u0446\u0456\u044f-\u0432\u0435\u043b\u0438\u043a\u043e\u0433\u043e-\u0440\u043e\/","og_site_name":"Sklep online z damsk\u0105 odzie\u017c\u0105 Pauzza: Damska odzie\u017c. Nowa Kolekcja","article_modified_time":"2025-01-04T19:04:04+00:00","og_image":[{"width":720,"height":1000,"url":"https:\/\/pauzza.pl\/wp-content\/uploads\/2023\/08\/12_127_9.jpg","type":"image\/jpeg"}],"twitter_card":"summary_large_image","schema":{"@context":"https:\/\/schema.org","@graph":[{"@type":"WebPage","@id":"https:\/\/pauzza.pl\/produkt\/bawelniana-sukienka-trapezowa-oversize-disabled\/","url":"https:\/\/pauzza.pl\/produkt\/bawelniana-sukienka-trapezowa-oversize-disabled\/","name":"\u0416\u0456\u043d\u043e\u0447\u0438\u0439 \u043a\u043e\u0441\u0442\u044e\u043c OVERSIZE TRAPEZ - \u0406\u043d\u0442\u0435\u0440\u043d\u0435\u0442 \u043c\u0430\u0433\u0430\u0437\u0438\u043d \u0436\u0456\u043d\u043e\u0447\u043e\u0433\u043e \u043e\u0434\u044f\u0433\u0443 Pauzza: \u0416\u0456\u043d\u043e\u0447\u0438\u0439 \u043e\u0434\u044f\u0433. \u041d\u043e\u0432\u0430 \u043a\u043e\u043b\u0435\u043a\u0446\u0456\u044f","isPartOf":{"@id":"https:\/\/pauzza.pl\/#website"},"primaryImageOfPage":{"@id":"https:\/\/pauzza.pl\/produkt\/bawelniana-sukienka-trapezowa-oversize-disabled\/#primaryimage"},"image":{"@id":"https:\/\/pauzza.pl\/produkt\/bawelniana-sukienka-trapezowa-oversize-disabled\/#primaryimage"},"thumbnailUrl":"https:\/\/pauzza.pl\/wp-content\/uploads\/2023\/08\/12_127_9.jpg","datePublished":"2023-08-01T08:10:43+00:00","dateModified":"2025-01-04T19:04:04+00:00","breadcrumb":{"@id":"https:\/\/pauzza.pl\/produkt\/bawelniana-sukienka-trapezowa-oversize-disabled\/#breadcrumb"},"inLanguage":"uk","potentialAction":[{"@type":"ReadAction","target":["https:\/\/pauzza.pl\/produkt\/bawelniana-sukienka-trapezowa-oversize-disabled\/"]}]},{"@type":"ImageObject","inLanguage":"uk","@id":"https:\/\/pauzza.pl\/produkt\/bawelniana-sukienka-trapezowa-oversize-disabled\/#primaryimage","url":"https:\/\/pauzza.pl\/wp-content\/uploads\/2023\/08\/12_127_9.jpg","contentUrl":"https:\/\/pauzza.pl\/wp-content\/uploads\/2023\/08\/12_127_9.jpg","width":720,"height":1000,"caption":"BAWE\u0141NIANA SUKIENKA TRAPEZOWA OVERSIZE-0"},{"@type":"BreadcrumbList","@id":"https:\/\/pauzza.pl\/produkt\/bawelniana-sukienka-trapezowa-oversize-disabled\/#breadcrumb","itemListElement":[{"@type":"ListItem","position":1,"name":"Strona g\u0142\u00f3wna","item":"https:\/\/pauzza.pl\/"},{"@type":"ListItem","position":2,"name":"Sklep","item":"https:\/\/pauzza.pl\/sklep\/"},{"@type":"ListItem","position":3,"name":"BAWE\u0141NIANA SUKIENKA TRAPEZOWA OVERSIZE"}]},{"@type":"WebSite","@id":"https:\/\/pauzza.pl\/#website","url":"https:\/\/pauzza.pl\/","name":"\u0406\u043d\u0442\u0435\u0440\u043d\u0435\u0442 \u043c\u0430\u0433\u0430\u0437\u0438\u043d \u0436\u0456\u043d\u043e\u0447\u043e\u0433\u043e \u043e\u0434\u044f\u0433\u0443 Pauzza: \u0416\u0456\u043d\u043e\u0447\u0438\u0439 \u043e\u0434\u044f\u0433. \u041d\u043e\u0432\u0430 \u043a\u043e\u043b\u0435\u043a\u0446\u0456\u044f","description":"\u042f\u043a\u0449\u043e \u0432\u0438 \u0445\u043e\u0447\u0435\u0442\u0435 \u043f\u043e\u0434\u0431\u0430\u0442\u0438 \u043f\u0440\u043e \u0441\u0432\u0456\u0439 \u043f\u0440\u043e\u0444\u0435\u0441\u0456\u0439\u043d\u0438\u0439 \u0442\u0430 \u0441\u0442\u0438\u043b\u044c\u043d\u0438\u0439 \u0432\u0438\u0433\u043b\u044f\u0434 \u043d\u0430 \u0440\u043e\u0431\u043e\u0442\u0456, \u043e\u043d\u043b\u0430\u0439\u043d-\u0431\u0443\u0442\u0456\u043a Pauzza - \u0446\u0435 \u0445\u0456\u0442! \u0422\u0443\u0442 \u0432\u0438 \u0437\u043d\u0430\u0439\u0434\u0435\u0442\u0435 \u0448\u0438\u0440\u043e\u043a\u0438\u0439 \u0432\u0438\u0431\u0456\u0440 \u043f\u0456\u0434\u0436\u0430\u043a\u0456\u0432, \u0441\u043e\u0440\u043e\u0447\u043e\u043a, \u0436\u0430\u043a\u0435\u0442\u0456\u0432, \u0441\u0443\u043a\u043e\u043d\u044c, \u0441\u043f\u0456\u0434\u043d\u0438\u0446\u044c \u0442\u0430 \u0431\u0430\u0433\u0430\u0442\u043e \u0456\u043d\u0448\u043e\u0433\u043e.","publisher":{"@id":"https:\/\/pauzza.pl\/#organization"},"potentialAction":[{"@type":"SearchAction","target":{"@type":"EntryPoint","urlTemplate":"https:\/\/pauzza.pl\/?s={search_term_string}"},"query-input":{"@type":"PropertyValueSpecification","valueRequired":true,"valueName":"search_term_string"}}],"inLanguage":"uk"},{"@type":"Organization","@id":"https:\/\/pauzza.pl\/#organization","name":"\u0406\u043d\u0442\u0435\u0440\u043d\u0435\u0442 \u043c\u0430\u0433\u0430\u0437\u0438\u043d \u0436\u0456\u043d\u043e\u0447\u043e\u0433\u043e \u043e\u0434\u044f\u0433\u0443 Pauzza: \u0416\u0456\u043d\u043e\u0447\u0438\u0439 \u043e\u0434\u044f\u0433. \u041d\u043e\u0432\u0430 \u043a\u043e\u043b\u0435\u043a\u0446\u0456\u044f","url":"https:\/\/pauzza.pl\/","logo":{"@type":"ImageObject","inLanguage":"uk","@id":"https:\/\/pauzza.pl\/#\/schema\/logo\/image\/","url":"https:\/\/pauzza.pl\/wp-content\/uploads\/2024\/01\/pauzzaw.png","contentUrl":"https:\/\/pauzza.pl\/wp-content\/uploads\/2024\/01\/pauzzaw.png","width":350,"height":100,"caption":"Sklep online z damsk\u0105 odzie\u017c\u0105 Pauzza: Damska odzie\u017c. Nowa Kolekcja"},"image":{"@id":"https:\/\/pauzza.pl\/#\/schema\/logo\/image\/"}}]}},"_links":{"self":[{"href":"https:\/\/pauzza.pl\/uk\/wp-json\/wp\/v2\/product\/253836","targetHints":{"allow":["GET"]}}],"collection":[{"href":"https:\/\/pauzza.pl\/uk\/wp-json\/wp\/v2\/product"}],"about":[{"href":"https:\/\/pauzza.pl\/uk\/wp-json\/wp\/v2\/types\/product"}],"wp:featuredmedia":[{"embeddable":true,"href":"https:\/\/pauzza.pl\/uk\/wp-json\/wp\/v2\/media\/253830"}],"wp:attachment":[{"href":"https:\/\/pauzza.pl\/uk\/wp-json\/wp\/v2\/media?parent=253836"}],"wp:term":[{"taxonomy":"product_brand","embeddable":true,"href":"https:\/\/pauzza.pl\/uk\/wp-json\/wp\/v2\/product_brand?post=253836"},{"taxonomy":"product_cat","embeddable":true,"href":"https:\/\/pauzza.pl\/uk\/wp-json\/wp\/v2\/product_cat?post=253836"},{"taxonomy":"product_tag","embeddable":true,"href":"https:\/\/pauzza.pl\/uk\/wp-json\/wp\/v2\/product_tag?post=253836"}],"curies":[{"name":"wp","href":"https:\/\/api.w.org\/{rel}","templated":true}]}}