{"id":252509,"date":"2023-07-25T14:02:21","date_gmt":"2023-07-25T14:02:21","guid":{"rendered":"https:\/\/pauzza.pl\/produkt\/wattermelon-strawberry-zapach-do-pomieszczen-patyczki-120-ml\/"},"modified":"2025-05-28T14:28:07","modified_gmt":"2025-05-28T12:28:07","slug":"wattermelon-strawberry-zapach-do-pomieszczen-patyczki-120-ml","status":"publish","type":"product","link":"https:\/\/pauzza.pl\/uk\/%d0%bf%d1%80%d0%be%d0%b4%d1%83%d0%ba%d1%82\/wattermelon-strawberry-zapach-do-pomieszczen-patyczki-120-ml\/","title":{"rendered":"\u041a\u0410\u0412\u0423\u041d - \u041f\u041e\u041b\u0423\u041d\u0418\u0426\u042f - \u041a\u0406\u041c\u041d\u0410\u0422\u041d\u0418\u0419 \u0410\u0420\u041e\u041c\u0410\u0422\u0418\u0417\u0410\u0422\u041e\u0420 - \u0421\u0422\u0406\u041a\u0418 120 \u041c\u041b"},"content":{"rendered":"<p><span style=\"color: #908f8f;\"><span style=\"font-size: small;\">(575,00 z\u0142\/1000ml) w tym VAT <\/span><\/span><\/p>\n<p><span style=\"color: #000000;\">\u00a0<\/span><span style=\"color: #000000;\"><span style=\"font-family: Arial, sans-serif;\"><span style=\"font-size: small;\"><strong><span style=\"color: #cf9b4d;\">\u0414\u0435\u0442\u0430\u043b\u044c\u043d\u0430 \u0456\u043d\u0444\u043e\u0440\u043c\u0430\u0446\u0456\u044f \u043f\u0440\u043e \u0442\u043e\u0432\u0430\u0440:<\/span><\/strong><\/span><\/span><\/span><\/p>\n<p><span style=\"font-family: Times New Roman, serif;\"><span style=\"font-size: medium;\"><span style=\"color: #000000;\"><span style=\"font-family: Arial, sans-serif;\"><span style=\"font-size: small;\"><strong>Arbuz \u2013 Truskawka &#8211; <\/strong><\/span><\/span><\/span><span style=\"color: #000000;\"><span style=\"font-family: Arial, sans-serif;\"><span style=\"font-size: small;\">\u015awie\u017cy, wakacyjny zapach, kt\u00f3ry spe\u0142ni oczekiwania nawet najbardziej wymagaj\u0105cych klient\u00f3w. Turecki arbuz w po\u0142\u0105czeniu ze s\u0142odk\u0105 truskawk\u0105, otulone nut\u0105 mi\u0119ty sprawia, ze dom pachnie niesamowicie, letnio i \u015bwie\u017co.<\/span><\/span><\/span><\/span><\/span><\/p>\n<p><strong><span style=\"color: #000000;\"><span style=\"font-family: Arial, sans-serif;\"><span style=\"font-size: small;\">Zapach dedykowany na du\u017ce pomieszczenia. <\/span><\/span><\/span><\/strong><\/p>\n<p><span style=\"color: #000000;\"><span style=\"font-family: Arial, sans-serif;\"><span style=\"font-size: small;\">Wszystkie nasze produkty robione s\u0105 na bazie perfumowanych francuskich komponent\u00f3w. Intensywno\u015b\u0107 zapachu uzale\u017cniona jest od ilo\u015bci w\u0142o\u017conych patyczk\u00f3w trzcinowych. Po pierwszych 24 godzinach, nale\u017cy zmieni\u0107 je stron\u0105, tak aby ca\u0142e by\u0142y nas\u0105czone esencj\u0105 zapachow\u0105. Zalecane jest przek\u0142adanie patyczk\u00f3w co 5 dni.<\/span><\/span><\/span><\/p>\n<p><span style=\"color: #000000;\">\u2764\ufe0f <span style=\"font-family: Arial, sans-serif;\"><span style=\"font-size: small;\">Zapisujcie si\u0119 do newslettera i b\u0105d\u017ccie na bie\u017c\u0105co z nowo\u015bciami i promocjami\u00a0\u2764\ufe0f<\/span><\/span><\/span><\/p>","protected":false},"excerpt":{"rendered":"<p>(575,00 z\u0142\/1000ml) w tym VAT \u00a0Szczeg\u00f3\u0142y produktu: Arbuz \u2013 Truskawka &#8211; \u015awie\u017cy, wakacyjny zapach, kt\u00f3ry spe\u0142ni oczekiwania nawet najbardziej wymagaj\u0105cych klient\u00f3w. Turecki arbuz w po\u0142\u0105czeniu ze s\u0142odk\u0105 truskawk\u0105, otulone nut\u0105 mi\u0119ty sprawia, ze dom pachnie niesamowicie, letnio i \u015bwie\u017co. Zapach dedykowany na du\u017ce pomieszczenia. Wszystkie nasze produkty robione s\u0105 na bazie perfumowanych francuskich komponent\u00f3w. Intensywno\u015b\u0107 [&hellip;]<\/p>","protected":false},"featured_media":252508,"template":"","meta":{"_acf_changed":false},"product_brand":[],"product_cat":[3275,3274],"product_tag":[],"class_list":{"0":"post-252509","1":"product","2":"type-product","3":"status-publish","4":"has-post-thumbnail","6":"product_cat-dyfuzory-zapachowe","7":"product_cat-zapachy","8":"pa_badge_promotion-nie","9":"pa_cost-26_020000","10":"pa_googleshopping_exclude-nie","11":"pa_is_fb_redirects_to_checkout-tak","12":"pa_is_resize_main_image_for_fb-nie","14":"first","15":"outofstock","16":"taxable","17":"shipping-taxable","18":"purchasable","19":"product-type-simple"},"acf":[],"yoast_head":"<!-- This site is optimized with the Yoast SEO plugin v27.2 - https:\/\/yoast.com\/product\/yoast-seo-wordpress\/ -->\n<title>WATTERMELON - STRAWBERRY - ZAPACH DO POMIESZCZE\u0143 - PATYCZKI 120 ML - Sklep online z damsk\u0105 odzie\u017c\u0105 Pauzza: Damska odzie\u017c. Nowa Kolekcja<\/title>\n<meta name=\"robots\" content=\"index, follow, max-snippet:-1, max-image-preview:large, max-video-preview:-1\" \/>\n<link rel=\"canonical\" href=\"https:\/\/pauzza.pl\/uk\/\u043f\u0440\u043e\u0434\u0443\u043a\u0442\/wattermelon-strawberry-zapach-do-pomieszczen-patyczki-120-ml\/\" \/>\n<meta property=\"og:locale\" content=\"uk_UA\" \/>\n<meta property=\"og:type\" content=\"article\" \/>\n<meta property=\"og:title\" content=\"WATTERMELON - STRAWBERRY - ZAPACH DO POMIESZCZE\u0143 - PATYCZKI 120 ML - Sklep online z damsk\u0105 odzie\u017c\u0105 Pauzza: Damska odzie\u017c. Nowa Kolekcja\" \/>\n<meta property=\"og:description\" content=\"(575,00 z\u0142\/1000ml) w tym VAT \u00a0Szczeg\u00f3\u0142y produktu: Arbuz \u2013 Truskawka &#8211; \u015awie\u017cy, wakacyjny zapach, kt\u00f3ry spe\u0142ni oczekiwania nawet najbardziej wymagaj\u0105cych klient\u00f3w. Turecki arbuz w po\u0142\u0105czeniu ze s\u0142odk\u0105 truskawk\u0105, otulone nut\u0105 mi\u0119ty sprawia, ze dom pachnie niesamowicie, letnio i \u015bwie\u017co. Zapach dedykowany na du\u017ce pomieszczenia. Wszystkie nasze produkty robione s\u0105 na bazie perfumowanych francuskich komponent\u00f3w. Intensywno\u015b\u0107 [&hellip;]\" \/>\n<meta property=\"og:url\" content=\"https:\/\/pauzza.pl\/uk\/\u043f\u0440\u043e\u0434\u0443\u043a\u0442\/wattermelon-strawberry-zapach-do-pomieszczen-patyczki-120-ml\/\" \/>\n<meta property=\"og:site_name\" content=\"Sklep online z damsk\u0105 odzie\u017c\u0105 Pauzza: Damska odzie\u017c. Nowa Kolekcja\" \/>\n<meta property=\"article:modified_time\" content=\"2025-05-28T12:28:07+00:00\" \/>\n<meta property=\"og:image\" content=\"https:\/\/pauzza.pl\/wp-content\/uploads\/2023\/07\/arbuz-truskawka.jpg.webp\" \/>\n\t<meta property=\"og:image:width\" content=\"720\" \/>\n\t<meta property=\"og:image:height\" content=\"1000\" \/>\n\t<meta property=\"og:image:type\" content=\"image\/jpeg\" \/>\n<meta name=\"twitter:card\" content=\"summary_large_image\" \/>\n<meta name=\"twitter:label1\" content=\"\u041f\u0440\u0438\u0431\u043b. \u0447\u0430\u0441 \u0447\u0438\u0442\u0430\u043d\u043d\u044f\" \/>\n\t<meta name=\"twitter:data1\" content=\"1 \u0445\u0432\u0438\u043b\u0438\u043d\u0430\" \/>\n<script type=\"application\/ld+json\" class=\"yoast-schema-graph\">{\"@context\":\"https:\/\/schema.org\",\"@graph\":[{\"@type\":\"WebPage\",\"@id\":\"https:\/\/pauzza.pl\/produkt\/wattermelon-strawberry-zapach-do-pomieszczen-patyczki-120-ml\/\",\"url\":\"https:\/\/pauzza.pl\/produkt\/wattermelon-strawberry-zapach-do-pomieszczen-patyczki-120-ml\/\",\"name\":\"WATTERMELON - STRAWBERRY - ZAPACH DO POMIESZCZE\u0143 - PATYCZKI 120 ML - Sklep online z damsk\u0105 odzie\u017c\u0105 Pauzza: Damska odzie\u017c. Nowa Kolekcja\",\"isPartOf\":{\"@id\":\"https:\/\/pauzza.pl\/#website\"},\"primaryImageOfPage\":{\"@id\":\"https:\/\/pauzza.pl\/produkt\/wattermelon-strawberry-zapach-do-pomieszczen-patyczki-120-ml\/#primaryimage\"},\"image\":{\"@id\":\"https:\/\/pauzza.pl\/produkt\/wattermelon-strawberry-zapach-do-pomieszczen-patyczki-120-ml\/#primaryimage\"},\"thumbnailUrl\":\"https:\/\/pauzza.pl\/wp-content\/uploads\/2023\/07\/arbuz-truskawka.jpg\",\"datePublished\":\"2023-07-25T14:02:21+00:00\",\"dateModified\":\"2025-05-28T12:28:07+00:00\",\"breadcrumb\":{\"@id\":\"https:\/\/pauzza.pl\/produkt\/wattermelon-strawberry-zapach-do-pomieszczen-patyczki-120-ml\/#breadcrumb\"},\"inLanguage\":\"uk\",\"potentialAction\":[{\"@type\":\"ReadAction\",\"target\":[\"https:\/\/pauzza.pl\/produkt\/wattermelon-strawberry-zapach-do-pomieszczen-patyczki-120-ml\/\"]}]},{\"@type\":\"ImageObject\",\"inLanguage\":\"uk\",\"@id\":\"https:\/\/pauzza.pl\/produkt\/wattermelon-strawberry-zapach-do-pomieszczen-patyczki-120-ml\/#primaryimage\",\"url\":\"https:\/\/pauzza.pl\/wp-content\/uploads\/2023\/07\/arbuz-truskawka.jpg\",\"contentUrl\":\"https:\/\/pauzza.pl\/wp-content\/uploads\/2023\/07\/arbuz-truskawka.jpg\",\"width\":720,\"height\":1000,\"caption\":\"WATTERMELON - STRAWBERRY - ZAPACH DO POMIESZCZE\u0143 - PATYCZKI 120 ML-0\"},{\"@type\":\"BreadcrumbList\",\"@id\":\"https:\/\/pauzza.pl\/produkt\/wattermelon-strawberry-zapach-do-pomieszczen-patyczki-120-ml\/#breadcrumb\",\"itemListElement\":[{\"@type\":\"ListItem\",\"position\":1,\"name\":\"Strona g\u0142\u00f3wna\",\"item\":\"https:\/\/pauzza.pl\/\"},{\"@type\":\"ListItem\",\"position\":2,\"name\":\"Sklep\",\"item\":\"https:\/\/pauzza.pl\/sklep\/\"},{\"@type\":\"ListItem\",\"position\":3,\"name\":\"WATTERMELON &#8211; STRAWBERRY &#8211; ZAPACH DO POMIESZCZE\u0143 &#8211; PATYCZKI 120 ML\"}]},{\"@type\":\"WebSite\",\"@id\":\"https:\/\/pauzza.pl\/#website\",\"url\":\"https:\/\/pauzza.pl\/\",\"name\":\"Sklep online z damsk\u0105 odzie\u017c\u0105 Pauzza: Damska odzie\u017c. Nowa Kolekcja\",\"description\":\"Je\u015bli chcesz zadba\u0107 o sw\u00f3j profesjonalny i pe\u0142en klasy wygl\u0105d w pracy butik online Pauzza, to strza\u0142 w dziesi\u0105tk\u0119! U nas znajdziesz szeroki wyb\u00f3r \u017cakiet\u00f3w, koszul, kurtek, sukienek, sp\u00f3dnic i wiele wiecej\",\"publisher\":{\"@id\":\"https:\/\/pauzza.pl\/#organization\"},\"potentialAction\":[{\"@type\":\"SearchAction\",\"target\":{\"@type\":\"EntryPoint\",\"urlTemplate\":\"https:\/\/pauzza.pl\/?s={search_term_string}\"},\"query-input\":{\"@type\":\"PropertyValueSpecification\",\"valueRequired\":true,\"valueName\":\"search_term_string\"}}],\"inLanguage\":\"uk\"},{\"@type\":\"Organization\",\"@id\":\"https:\/\/pauzza.pl\/#organization\",\"name\":\"Sklep online z damsk\u0105 odzie\u017c\u0105 Pauzza: Damska odzie\u017c. Nowa Kolekcja\",\"url\":\"https:\/\/pauzza.pl\/\",\"logo\":{\"@type\":\"ImageObject\",\"inLanguage\":\"uk\",\"@id\":\"https:\/\/pauzza.pl\/#\/schema\/logo\/image\/\",\"url\":\"https:\/\/pauzza.pl\/wp-content\/uploads\/2024\/01\/pauzzaw.png\",\"contentUrl\":\"https:\/\/pauzza.pl\/wp-content\/uploads\/2024\/01\/pauzzaw.png\",\"width\":350,\"height\":100,\"caption\":\"Sklep online z damsk\u0105 odzie\u017c\u0105 Pauzza: Damska odzie\u017c. Nowa Kolekcja\"},\"image\":{\"@id\":\"https:\/\/pauzza.pl\/#\/schema\/logo\/image\/\"}}]}<\/script>\n<!-- \/ Yoast SEO plugin. -->","yoast_head_json":{"title":"WATTERMELON - STRAWBERRY - ZAPACH DO POMIESZCZE\u0143 - PATYCZKI 120 ML - Sklep online z damsk\u0105 odzie\u017c\u0105 Pauzza: Damska odzie\u017c. Nowa Kolekcja","robots":{"index":"index","follow":"follow","max-snippet":"max-snippet:-1","max-image-preview":"max-image-preview:large","max-video-preview":"max-video-preview:-1"},"canonical":"https:\/\/pauzza.pl\/uk\/\u043f\u0440\u043e\u0434\u0443\u043a\u0442\/wattermelon-strawberry-zapach-do-pomieszczen-patyczki-120-ml\/","og_locale":"uk_UA","og_type":"article","og_title":"WATTERMELON - STRAWBERRY - ZAPACH DO POMIESZCZE\u0143 - PATYCZKI 120 ML - Sklep online z damsk\u0105 odzie\u017c\u0105 Pauzza: Damska odzie\u017c. Nowa Kolekcja","og_description":"(575,00 z\u0142\/1000ml) w tym VAT \u00a0Szczeg\u00f3\u0142y produktu: Arbuz \u2013 Truskawka &#8211; \u015awie\u017cy, wakacyjny zapach, kt\u00f3ry spe\u0142ni oczekiwania nawet najbardziej wymagaj\u0105cych klient\u00f3w. Turecki arbuz w po\u0142\u0105czeniu ze s\u0142odk\u0105 truskawk\u0105, otulone nut\u0105 mi\u0119ty sprawia, ze dom pachnie niesamowicie, letnio i \u015bwie\u017co. Zapach dedykowany na du\u017ce pomieszczenia. Wszystkie nasze produkty robione s\u0105 na bazie perfumowanych francuskich komponent\u00f3w. Intensywno\u015b\u0107 [&hellip;]","og_url":"https:\/\/pauzza.pl\/uk\/\u043f\u0440\u043e\u0434\u0443\u043a\u0442\/wattermelon-strawberry-zapach-do-pomieszczen-patyczki-120-ml\/","og_site_name":"Sklep online z damsk\u0105 odzie\u017c\u0105 Pauzza: Damska odzie\u017c. Nowa Kolekcja","article_modified_time":"2025-05-28T12:28:07+00:00","og_image":[{"width":720,"height":1000,"url":"https:\/\/pauzza.pl\/wp-content\/uploads\/2023\/07\/arbuz-truskawka.jpg.webp","type":"image\/jpeg"}],"twitter_card":"summary_large_image","twitter_misc":{"\u041f\u0440\u0438\u0431\u043b. \u0447\u0430\u0441 \u0447\u0438\u0442\u0430\u043d\u043d\u044f":"1 \u0445\u0432\u0438\u043b\u0438\u043d\u0430"},"schema":{"@context":"https:\/\/schema.org","@graph":[{"@type":"WebPage","@id":"https:\/\/pauzza.pl\/produkt\/wattermelon-strawberry-zapach-do-pomieszczen-patyczki-120-ml\/","url":"https:\/\/pauzza.pl\/produkt\/wattermelon-strawberry-zapach-do-pomieszczen-patyczki-120-ml\/","name":"WATTERMELON - STRAWBERRY - ZAPACH DO POMIESZCZE\u0143 - PATYCZKI 120 ML - Sklep online z damsk\u0105 odzie\u017c\u0105 Pauzza: Damska odzie\u017c. Nowa Kolekcja","isPartOf":{"@id":"https:\/\/pauzza.pl\/#website"},"primaryImageOfPage":{"@id":"https:\/\/pauzza.pl\/produkt\/wattermelon-strawberry-zapach-do-pomieszczen-patyczki-120-ml\/#primaryimage"},"image":{"@id":"https:\/\/pauzza.pl\/produkt\/wattermelon-strawberry-zapach-do-pomieszczen-patyczki-120-ml\/#primaryimage"},"thumbnailUrl":"https:\/\/pauzza.pl\/wp-content\/uploads\/2023\/07\/arbuz-truskawka.jpg","datePublished":"2023-07-25T14:02:21+00:00","dateModified":"2025-05-28T12:28:07+00:00","breadcrumb":{"@id":"https:\/\/pauzza.pl\/produkt\/wattermelon-strawberry-zapach-do-pomieszczen-patyczki-120-ml\/#breadcrumb"},"inLanguage":"uk","potentialAction":[{"@type":"ReadAction","target":["https:\/\/pauzza.pl\/produkt\/wattermelon-strawberry-zapach-do-pomieszczen-patyczki-120-ml\/"]}]},{"@type":"ImageObject","inLanguage":"uk","@id":"https:\/\/pauzza.pl\/produkt\/wattermelon-strawberry-zapach-do-pomieszczen-patyczki-120-ml\/#primaryimage","url":"https:\/\/pauzza.pl\/wp-content\/uploads\/2023\/07\/arbuz-truskawka.jpg","contentUrl":"https:\/\/pauzza.pl\/wp-content\/uploads\/2023\/07\/arbuz-truskawka.jpg","width":720,"height":1000,"caption":"WATTERMELON - STRAWBERRY - ZAPACH DO POMIESZCZE\u0143 - PATYCZKI 120 ML-0"},{"@type":"BreadcrumbList","@id":"https:\/\/pauzza.pl\/produkt\/wattermelon-strawberry-zapach-do-pomieszczen-patyczki-120-ml\/#breadcrumb","itemListElement":[{"@type":"ListItem","position":1,"name":"Strona g\u0142\u00f3wna","item":"https:\/\/pauzza.pl\/"},{"@type":"ListItem","position":2,"name":"Sklep","item":"https:\/\/pauzza.pl\/sklep\/"},{"@type":"ListItem","position":3,"name":"WATTERMELON &#8211; STRAWBERRY &#8211; ZAPACH DO POMIESZCZE\u0143 &#8211; PATYCZKI 120 ML"}]},{"@type":"WebSite","@id":"https:\/\/pauzza.pl\/#website","url":"https:\/\/pauzza.pl\/","name":"\u0406\u043d\u0442\u0435\u0440\u043d\u0435\u0442 \u043c\u0430\u0433\u0430\u0437\u0438\u043d \u0436\u0456\u043d\u043e\u0447\u043e\u0433\u043e \u043e\u0434\u044f\u0433\u0443 Pauzza: \u0416\u0456\u043d\u043e\u0447\u0438\u0439 \u043e\u0434\u044f\u0433. \u041d\u043e\u0432\u0430 \u043a\u043e\u043b\u0435\u043a\u0446\u0456\u044f","description":"\u042f\u043a\u0449\u043e \u0432\u0438 \u0445\u043e\u0447\u0435\u0442\u0435 \u043f\u043e\u0434\u0431\u0430\u0442\u0438 \u043f\u0440\u043e \u0441\u0432\u0456\u0439 \u043f\u0440\u043e\u0444\u0435\u0441\u0456\u0439\u043d\u0438\u0439 \u0442\u0430 \u0441\u0442\u0438\u043b\u044c\u043d\u0438\u0439 \u0432\u0438\u0433\u043b\u044f\u0434 \u043d\u0430 \u0440\u043e\u0431\u043e\u0442\u0456, \u043e\u043d\u043b\u0430\u0439\u043d-\u0431\u0443\u0442\u0456\u043a Pauzza - \u0446\u0435 \u0445\u0456\u0442! \u0422\u0443\u0442 \u0432\u0438 \u0437\u043d\u0430\u0439\u0434\u0435\u0442\u0435 \u0448\u0438\u0440\u043e\u043a\u0438\u0439 \u0432\u0438\u0431\u0456\u0440 \u043f\u0456\u0434\u0436\u0430\u043a\u0456\u0432, \u0441\u043e\u0440\u043e\u0447\u043e\u043a, \u0436\u0430\u043a\u0435\u0442\u0456\u0432, \u0441\u0443\u043a\u043e\u043d\u044c, \u0441\u043f\u0456\u0434\u043d\u0438\u0446\u044c \u0442\u0430 \u0431\u0430\u0433\u0430\u0442\u043e \u0456\u043d\u0448\u043e\u0433\u043e.","publisher":{"@id":"https:\/\/pauzza.pl\/#organization"},"potentialAction":[{"@type":"SearchAction","target":{"@type":"EntryPoint","urlTemplate":"https:\/\/pauzza.pl\/?s={search_term_string}"},"query-input":{"@type":"PropertyValueSpecification","valueRequired":true,"valueName":"search_term_string"}}],"inLanguage":"uk"},{"@type":"Organization","@id":"https:\/\/pauzza.pl\/#organization","name":"\u0406\u043d\u0442\u0435\u0440\u043d\u0435\u0442 \u043c\u0430\u0433\u0430\u0437\u0438\u043d \u0436\u0456\u043d\u043e\u0447\u043e\u0433\u043e \u043e\u0434\u044f\u0433\u0443 Pauzza: \u0416\u0456\u043d\u043e\u0447\u0438\u0439 \u043e\u0434\u044f\u0433. \u041d\u043e\u0432\u0430 \u043a\u043e\u043b\u0435\u043a\u0446\u0456\u044f","url":"https:\/\/pauzza.pl\/","logo":{"@type":"ImageObject","inLanguage":"uk","@id":"https:\/\/pauzza.pl\/#\/schema\/logo\/image\/","url":"https:\/\/pauzza.pl\/wp-content\/uploads\/2024\/01\/pauzzaw.png","contentUrl":"https:\/\/pauzza.pl\/wp-content\/uploads\/2024\/01\/pauzzaw.png","width":350,"height":100,"caption":"Sklep online z damsk\u0105 odzie\u017c\u0105 Pauzza: Damska odzie\u017c. Nowa Kolekcja"},"image":{"@id":"https:\/\/pauzza.pl\/#\/schema\/logo\/image\/"}}]}},"_links":{"self":[{"href":"https:\/\/pauzza.pl\/uk\/wp-json\/wp\/v2\/product\/252509","targetHints":{"allow":["GET"]}}],"collection":[{"href":"https:\/\/pauzza.pl\/uk\/wp-json\/wp\/v2\/product"}],"about":[{"href":"https:\/\/pauzza.pl\/uk\/wp-json\/wp\/v2\/types\/product"}],"wp:featuredmedia":[{"embeddable":true,"href":"https:\/\/pauzza.pl\/uk\/wp-json\/wp\/v2\/media\/252508"}],"wp:attachment":[{"href":"https:\/\/pauzza.pl\/uk\/wp-json\/wp\/v2\/media?parent=252509"}],"wp:term":[{"taxonomy":"product_brand","embeddable":true,"href":"https:\/\/pauzza.pl\/uk\/wp-json\/wp\/v2\/product_brand?post=252509"},{"taxonomy":"product_cat","embeddable":true,"href":"https:\/\/pauzza.pl\/uk\/wp-json\/wp\/v2\/product_cat?post=252509"},{"taxonomy":"product_tag","embeddable":true,"href":"https:\/\/pauzza.pl\/uk\/wp-json\/wp\/v2\/product_tag?post=252509"}],"curies":[{"name":"wp","href":"https:\/\/api.w.org\/{rel}","templated":true}]}}