{"id":185168,"date":"2022-06-21T15:05:35","date_gmt":"2022-06-21T13:05:35","guid":{"rendered":"https:\/\/pauzza.pl\/produkt\/szorty-jeansowe-z-cyrkoniami-pink\/"},"modified":"2025-02-06T06:53:22","modified_gmt":"2025-02-06T05:53:22","slug":"%d0%b4%d0%b6%d0%b8%d0%bd%d1%81%d0%be%d0%b2%d1%96-%d1%88%d0%be%d1%80%d1%82%d0%b8-%d0%b7-%d1%86%d0%b8%d1%80%d0%ba%d0%be%d0%bd%d1%96%d1%94%d0%bc-%d1%80%d0%be%d0%b6%d0%b5%d0%b2%d0%be%d0%b3%d0%be-%d0%ba","status":"publish","type":"product","link":"https:\/\/pauzza.pl\/uk\/%d0%bf%d1%80%d0%be%d0%b4%d1%83%d0%ba%d1%82\/%d0%b4%d0%b6%d0%b8%d0%bd%d1%81%d0%be%d0%b2%d1%96-%d1%88%d0%be%d1%80%d1%82%d0%b8-%d0%b7-%d1%86%d0%b8%d1%80%d0%ba%d0%be%d0%bd%d1%96%d1%94%d0%bc-%d1%80%d0%be%d0%b6%d0%b5%d0%b2%d0%be%d0%b3%d0%be-%d0%ba\/","title":{"rendered":"\u0414\u0416\u0418\u041d\u0421\u041e\u0412\u0406 \u0428\u041e\u0420\u0422\u0418 \u0417 \u0426\u0418\u0420\u041a\u041e\u041d\u0406\u0404\u041c \u0420\u041e\u0416\u0415\u0412\u041e\u0413\u041e \u041a\u041e\u041b\u042c\u041e\u0420\u0423"},"content":{"rendered":"<div>\n<div><\/div>\n<div>\u00a0<\/div>\n<div><strong>\u0414\u0435\u0442\u0430\u043b\u044c\u043d\u0430 \u0456\u043d\u0444\u043e\u0440\u043c\u0430\u0446\u0456\u044f \u043f\u0440\u043e \u0442\u043e\u0432\u0430\u0440:<\/strong><\/div>\n<\/div>\n<div>\n<p><strong>*\u0414\u0440\u0443\u043a\u0443\u0439:\u00a0<\/strong>\u043f\u043e\u0432\u0441\u044f\u043a\u0434\u0435\u043d\u043d\u0438\u0439, \u0435\u043b\u0435\u0433\u0430\u043d\u0442\u043d\u0438\u0439<\/p>\n<p><strong>*\u0428\u0430\u0431\u043b\u043e\u043d:\u00a0<\/strong>\u0414\u0436\u0438\u043d\u0441\u043e\u0432\u0456 \u0448\u043e\u0440\u0442\u0438 \u0456\u0437 \u0437\u0430\u0432\u0438\u0449\u0435\u043d\u043e\u044e \u0442\u0430\u043b\u0456\u0454\u044e \u0440\u043e\u0436\u0435\u0432\u043e\u0433\u043e \u043a\u043e\u043b\u044c\u043e\u0440\u0443. \u041f\u0440\u0438\u043a\u0440\u0430\u0448\u0435\u043d\u0456 \u0446\u0438\u0440\u043a\u043e\u043d\u0430\u043c\u0438 \u0442\u0430 \u0431\u0456\u0441\u0435\u0440\u043e\u043c.<\/p>\n<\/div>\n<div>\n<div><strong>\u041a\u043e\u043c\u043f\u043e\u0437\u0438\u0446\u0456\u044f:\u00a0<\/strong>76% \u0431\u0430\u0432\u043e\u0432\u043d\u0430, 22.5% \u043f\u043e\u043b\u0456\u0435\u0441\u0442\u0435\u0440, 1.5% \u0441\u043f\u0430\u043d\u0434\u0435\u043a\u0441<\/div>\n<div>\u00a0<\/div>\n<div>\n<div>\n<div>\n<div><strong>\u0420\u043e\u0437\u043c\u0456\u0440\u0438 XS:<\/strong><\/div>\n<div>\u0417\u0430\u0433\u0430\u043b\u044c\u043d\u0430 \u0434\u043e\u0432\u0436\u0438\u043d\u0430: 32 \u0441\u043c<\/div>\n<div>\u0412\u0438\u0441\u043e\u0442\u0430: 32 \u0441\u043c<\/div>\n<\/div>\n<\/div>\n<div>\u041e\u0431\u0445\u0432\u0430\u0442 \u0441\u0442\u0435\u0433\u043e\u043d: \u0434\u043e 90 \u0441\u043c<\/div>\n<div>\u041e\u0431\u0445\u0432\u0430\u0442 \u0442\u0430\u043b\u0456\u0457: \u0434\u043e 70 \u0441\u043c<\/div>\n<\/div>\n<div>\u00a0<\/div>\n<div>\n<div><strong>S-\u043e\u0431\u0440\u0430\u0437\u043d\u0456 \u0440\u043e\u0437\u043c\u0456\u0440\u0438:<\/strong><\/div>\n<div>\u0417\u0430\u0433\u0430\u043b\u044c\u043d\u0430 \u0434\u043e\u0432\u0436\u0438\u043d\u0430: 33 \u0441\u043c<\/div>\n<div>\u0412\u0438\u0441\u043e\u0442\u0430: 32 \u0441\u043c<\/div>\n<\/div>\n<\/div>\n<div>\u041e\u0431\u0445\u0432\u0430\u0442 \u0441\u0442\u0435\u0433\u043e\u043d: \u0434\u043e 80 \u0441\u043c<\/div>\n<div>\u041e\u0431\u0445\u0432\u0430\u0442 \u0442\u0430\u043b\u0456\u0457: \u0434\u043e 74 \u0441\u043c<\/div>\n<div>\u00a0<\/div>\n<div>\n<div>\n<div>\n<div><strong>L-\u043e\u0431\u0440\u0430\u0437\u043d\u0456 \u0440\u043e\u0437\u043c\u0456\u0440\u0438:<\/strong><\/div>\n<div>\u0417\u0430\u0433\u0430\u043b\u044c\u043d\u0430 \u0434\u043e\u0432\u0436\u0438\u043d\u0430: 32 \u0441\u043c<\/div>\n<div>\u0412\u0438\u0441\u043e\u0442\u0430 \u0441\u0442\u0456\u0439\u043a\u0438: 33 \u0441\u043c<\/div>\n<\/div>\n<\/div>\n<div>\u041e\u0431\u0445\u0432\u0430\u0442 \u0441\u0442\u0435\u0433\u043e\u043d: \u0434\u043e 100 \u0441\u043c<\/div>\n<div>\u041e\u0431\u0445\u0432\u0430\u0442 \u0442\u0430\u043b\u0456\u0457: \u0434\u043e 80 \u0441\u043c<\/div>\n<div>\n<div>\u00a0<\/div>\n<\/div>\n<\/div>\n<div><strong>\u041e\u0434\u044f\u0433 \u0432\u0438\u043c\u0456\u0440\u044e\u0454\u0442\u044c\u0441\u044f \u0432 \u0440\u043e\u0437\u0433\u043e\u0440\u043d\u0443\u0442\u043e\u043c\u0443 \u0432\u0438\u0433\u043b\u044f\u0434\u0456! \u0420\u043e\u0437\u043c\u0456\u0440\u0438 \u043c\u043e\u0436\u0443\u0442\u044c \u0432\u0456\u0434\u0440\u0456\u0437\u043d\u044f\u0442\u0438\u0441\u044f \u043d\u0430 +\/- 2 \u0441\u043c.\u00a0<\/strong><\/div>\n<div>(21)<\/div>\n<div>\u2764\ufe0f \u041f\u0456\u0434\u043f\u0438\u0448\u0456\u0442\u044c\u0441\u044f \u043d\u0430 \u043d\u0430\u0448\u0443 \u0440\u043e\u0437\u0441\u0438\u043b\u043a\u0443 \u0442\u0430 \u0431\u0443\u0434\u044c\u0442\u0435 \u0432 \u043a\u0443\u0440\u0441\u0456 \u043d\u043e\u0432\u0438\u043d \u0442\u0430 \u0430\u043a\u0446\u0456\u0439 \u2764\ufe0f<\/div>","protected":false},"excerpt":{"rendered":"<p>Final Sale -20%<\/p>","protected":false},"featured_media":185156,"template":"","meta":{"_acf_changed":false},"product_brand":[],"product_cat":[3240],"product_tag":[],"class_list":{"0":"post-185168","1":"product","2":"type-product","3":"status-publish","4":"has-post-thumbnail","6":"product_cat-kolekcje-archiwalne","7":"pa_badge_promotion-nie","8":"pa_googleshopping_exclude-nie","9":"pa_is_fb_redirects_to_checkout-tak","10":"pa_is_resize_main_image_for_fb-nie","11":"pa_size-l","12":"pa_size-s","13":"pa_size-xs","15":"first","16":"outofstock","17":"taxable","18":"shipping-taxable","19":"purchasable","20":"product-type-variable"},"acf":[],"yoast_head":"<!-- This site is optimized with the Yoast SEO plugin v27.2 - https:\/\/yoast.com\/product\/yoast-seo-wordpress\/ -->\n<title>SZORTY JEANSOWE Z CYRKONIAMI PINK - Sklep online z damsk\u0105 odzie\u017c\u0105 Pauzza: Damska odzie\u017c. Nowa Kolekcja<\/title>\n<meta name=\"robots\" content=\"index, follow, max-snippet:-1, max-image-preview:large, max-video-preview:-1\" \/>\n<link rel=\"canonical\" href=\"https:\/\/pauzza.pl\/uk\/\u043f\u0440\u043e\u0434\u0443\u043a\u0442\/\u0434\u0436\u0438\u043d\u0441\u043e\u0432\u0456-\u0448\u043e\u0440\u0442\u0438-\u0437-\u0446\u0438\u0440\u043a\u043e\u043d\u0456\u0454\u043c-\u0440\u043e\u0436\u0435\u0432\u043e\u0433\u043e-\u043a\/\" \/>\n<meta property=\"og:locale\" content=\"uk_UA\" \/>\n<meta property=\"og:type\" content=\"article\" \/>\n<meta property=\"og:title\" content=\"SZORTY JEANSOWE Z CYRKONIAMI PINK - Sklep online z damsk\u0105 odzie\u017c\u0105 Pauzza: Damska odzie\u017c. Nowa Kolekcja\" \/>\n<meta property=\"og:description\" content=\"Final Sale -20%\" \/>\n<meta property=\"og:url\" content=\"https:\/\/pauzza.pl\/uk\/\u043f\u0440\u043e\u0434\u0443\u043a\u0442\/\u0434\u0436\u0438\u043d\u0441\u043e\u0432\u0456-\u0448\u043e\u0440\u0442\u0438-\u0437-\u0446\u0438\u0440\u043a\u043e\u043d\u0456\u0454\u043c-\u0440\u043e\u0436\u0435\u0432\u043e\u0433\u043e-\u043a\/\" \/>\n<meta property=\"og:site_name\" content=\"Sklep online z damsk\u0105 odzie\u017c\u0105 Pauzza: Damska odzie\u017c. Nowa Kolekcja\" \/>\n<meta property=\"article:modified_time\" content=\"2025-02-06T05:53:22+00:00\" \/>\n<meta property=\"og:image\" content=\"https:\/\/pauzza.pl\/wp-content\/uploads\/2022\/06\/3_18_6.jpg\" \/>\n\t<meta property=\"og:image:width\" content=\"720\" \/>\n\t<meta property=\"og:image:height\" content=\"1000\" \/>\n\t<meta property=\"og:image:type\" content=\"image\/jpeg\" \/>\n<meta name=\"twitter:card\" content=\"summary_large_image\" \/>\n<meta name=\"twitter:label1\" content=\"\u041f\u0440\u0438\u0431\u043b. \u0447\u0430\u0441 \u0447\u0438\u0442\u0430\u043d\u043d\u044f\" \/>\n\t<meta name=\"twitter:data1\" content=\"1 \u0445\u0432\u0438\u043b\u0438\u043d\u0430\" \/>\n<script type=\"application\/ld+json\" class=\"yoast-schema-graph\">{\"@context\":\"https:\/\/schema.org\",\"@graph\":[{\"@type\":\"WebPage\",\"@id\":\"https:\/\/pauzza.pl\/produkt\/szorty-jeansowe-z-cyrkoniami-pink\/\",\"url\":\"https:\/\/pauzza.pl\/produkt\/szorty-jeansowe-z-cyrkoniami-pink\/\",\"name\":\"SZORTY JEANSOWE Z CYRKONIAMI PINK - Sklep online z damsk\u0105 odzie\u017c\u0105 Pauzza: Damska odzie\u017c. Nowa Kolekcja\",\"isPartOf\":{\"@id\":\"https:\/\/pauzza.pl\/#website\"},\"primaryImageOfPage\":{\"@id\":\"https:\/\/pauzza.pl\/produkt\/szorty-jeansowe-z-cyrkoniami-pink\/#primaryimage\"},\"image\":{\"@id\":\"https:\/\/pauzza.pl\/produkt\/szorty-jeansowe-z-cyrkoniami-pink\/#primaryimage\"},\"thumbnailUrl\":\"https:\/\/pauzza.pl\/wp-content\/uploads\/2022\/06\/3_18_6.jpg\",\"datePublished\":\"2022-06-21T13:05:35+00:00\",\"dateModified\":\"2025-02-06T05:53:22+00:00\",\"breadcrumb\":{\"@id\":\"https:\/\/pauzza.pl\/produkt\/szorty-jeansowe-z-cyrkoniami-pink\/#breadcrumb\"},\"inLanguage\":\"uk\",\"potentialAction\":[{\"@type\":\"ReadAction\",\"target\":[\"https:\/\/pauzza.pl\/produkt\/szorty-jeansowe-z-cyrkoniami-pink\/\"]}]},{\"@type\":\"ImageObject\",\"inLanguage\":\"uk\",\"@id\":\"https:\/\/pauzza.pl\/produkt\/szorty-jeansowe-z-cyrkoniami-pink\/#primaryimage\",\"url\":\"https:\/\/pauzza.pl\/wp-content\/uploads\/2022\/06\/3_18_6.jpg\",\"contentUrl\":\"https:\/\/pauzza.pl\/wp-content\/uploads\/2022\/06\/3_18_6.jpg\",\"width\":720,\"height\":1000,\"caption\":\"SZORTY JEANSOWE Z CYRKONIAMI PINK-0\"},{\"@type\":\"BreadcrumbList\",\"@id\":\"https:\/\/pauzza.pl\/produkt\/szorty-jeansowe-z-cyrkoniami-pink\/#breadcrumb\",\"itemListElement\":[{\"@type\":\"ListItem\",\"position\":1,\"name\":\"Strona g\u0142\u00f3wna\",\"item\":\"https:\/\/pauzza.pl\/\"},{\"@type\":\"ListItem\",\"position\":2,\"name\":\"Sklep\",\"item\":\"https:\/\/pauzza.pl\/sklep\/\"},{\"@type\":\"ListItem\",\"position\":3,\"name\":\"SZORTY JEANSOWE Z CYRKONIAMI PINK\"}]},{\"@type\":\"WebSite\",\"@id\":\"https:\/\/pauzza.pl\/#website\",\"url\":\"https:\/\/pauzza.pl\/\",\"name\":\"Sklep online z damsk\u0105 odzie\u017c\u0105 Pauzza: Damska odzie\u017c. Nowa Kolekcja\",\"description\":\"Je\u015bli chcesz zadba\u0107 o sw\u00f3j profesjonalny i pe\u0142en klasy wygl\u0105d w pracy butik online Pauzza, to strza\u0142 w dziesi\u0105tk\u0119! U nas znajdziesz szeroki wyb\u00f3r \u017cakiet\u00f3w, koszul, kurtek, sukienek, sp\u00f3dnic i wiele wiecej\",\"publisher\":{\"@id\":\"https:\/\/pauzza.pl\/#organization\"},\"potentialAction\":[{\"@type\":\"SearchAction\",\"target\":{\"@type\":\"EntryPoint\",\"urlTemplate\":\"https:\/\/pauzza.pl\/?s={search_term_string}\"},\"query-input\":{\"@type\":\"PropertyValueSpecification\",\"valueRequired\":true,\"valueName\":\"search_term_string\"}}],\"inLanguage\":\"uk\"},{\"@type\":\"Organization\",\"@id\":\"https:\/\/pauzza.pl\/#organization\",\"name\":\"Sklep online z damsk\u0105 odzie\u017c\u0105 Pauzza: Damska odzie\u017c. Nowa Kolekcja\",\"url\":\"https:\/\/pauzza.pl\/\",\"logo\":{\"@type\":\"ImageObject\",\"inLanguage\":\"uk\",\"@id\":\"https:\/\/pauzza.pl\/#\/schema\/logo\/image\/\",\"url\":\"https:\/\/pauzza.pl\/wp-content\/uploads\/2024\/01\/pauzzaw.png\",\"contentUrl\":\"https:\/\/pauzza.pl\/wp-content\/uploads\/2024\/01\/pauzzaw.png\",\"width\":350,\"height\":100,\"caption\":\"Sklep online z damsk\u0105 odzie\u017c\u0105 Pauzza: Damska odzie\u017c. Nowa Kolekcja\"},\"image\":{\"@id\":\"https:\/\/pauzza.pl\/#\/schema\/logo\/image\/\"}}]}<\/script>\n<!-- \/ Yoast SEO plugin. -->","yoast_head_json":{"title":"\u0414\u0416\u0418\u041d\u0421\u041e\u0412\u0406 \u0428\u041e\u0420\u0422\u0418 \u0417 \u0420\u041e\u0416\u0415\u0412\u0418\u041c\u0418 \u0426\u0418\u0424\u0420\u0410\u041c\u0418 - \u0406\u043d\u0442\u0435\u0440\u043d\u0435\u0442 \u043c\u0430\u0433\u0430\u0437\u0438\u043d \u0436\u0456\u043d\u043e\u0447\u043e\u0433\u043e \u043e\u0434\u044f\u0433\u0443 Pauzza: \u0416\u0456\u043d\u043e\u0447\u0438\u0439 \u043e\u0434\u044f\u0433. \u041d\u043e\u0432\u0430 \u043a\u043e\u043b\u0435\u043a\u0446\u0456\u044f","robots":{"index":"index","follow":"follow","max-snippet":"max-snippet:-1","max-image-preview":"max-image-preview:large","max-video-preview":"max-video-preview:-1"},"canonical":"https:\/\/pauzza.pl\/uk\/\u043f\u0440\u043e\u0434\u0443\u043a\u0442\/\u0434\u0436\u0438\u043d\u0441\u043e\u0432\u0456-\u0448\u043e\u0440\u0442\u0438-\u0437-\u0446\u0438\u0440\u043a\u043e\u043d\u0456\u0454\u043c-\u0440\u043e\u0436\u0435\u0432\u043e\u0433\u043e-\u043a\/","og_locale":"uk_UA","og_type":"article","og_title":"SZORTY JEANSOWE Z CYRKONIAMI PINK - Sklep online z damsk\u0105 odzie\u017c\u0105 Pauzza: Damska odzie\u017c. Nowa Kolekcja","og_description":"Final Sale -20%","og_url":"https:\/\/pauzza.pl\/uk\/\u043f\u0440\u043e\u0434\u0443\u043a\u0442\/\u0434\u0436\u0438\u043d\u0441\u043e\u0432\u0456-\u0448\u043e\u0440\u0442\u0438-\u0437-\u0446\u0438\u0440\u043a\u043e\u043d\u0456\u0454\u043c-\u0440\u043e\u0436\u0435\u0432\u043e\u0433\u043e-\u043a\/","og_site_name":"Sklep online z damsk\u0105 odzie\u017c\u0105 Pauzza: Damska odzie\u017c. Nowa Kolekcja","article_modified_time":"2025-02-06T05:53:22+00:00","og_image":[{"width":720,"height":1000,"url":"https:\/\/pauzza.pl\/wp-content\/uploads\/2022\/06\/3_18_6.jpg","type":"image\/jpeg"}],"twitter_card":"summary_large_image","twitter_misc":{"\u041f\u0440\u0438\u0431\u043b. \u0447\u0430\u0441 \u0447\u0438\u0442\u0430\u043d\u043d\u044f":"1 \u0445\u0432\u0438\u043b\u0438\u043d\u0430"},"schema":{"@context":"https:\/\/schema.org","@graph":[{"@type":"WebPage","@id":"https:\/\/pauzza.pl\/produkt\/szorty-jeansowe-z-cyrkoniami-pink\/","url":"https:\/\/pauzza.pl\/produkt\/szorty-jeansowe-z-cyrkoniami-pink\/","name":"\u0414\u0416\u0418\u041d\u0421\u041e\u0412\u0406 \u0428\u041e\u0420\u0422\u0418 \u0417 \u0420\u041e\u0416\u0415\u0412\u0418\u041c\u0418 \u0426\u0418\u0424\u0420\u0410\u041c\u0418 - \u0406\u043d\u0442\u0435\u0440\u043d\u0435\u0442 \u043c\u0430\u0433\u0430\u0437\u0438\u043d \u0436\u0456\u043d\u043e\u0447\u043e\u0433\u043e \u043e\u0434\u044f\u0433\u0443 Pauzza: \u0416\u0456\u043d\u043e\u0447\u0438\u0439 \u043e\u0434\u044f\u0433. \u041d\u043e\u0432\u0430 \u043a\u043e\u043b\u0435\u043a\u0446\u0456\u044f","isPartOf":{"@id":"https:\/\/pauzza.pl\/#website"},"primaryImageOfPage":{"@id":"https:\/\/pauzza.pl\/produkt\/szorty-jeansowe-z-cyrkoniami-pink\/#primaryimage"},"image":{"@id":"https:\/\/pauzza.pl\/produkt\/szorty-jeansowe-z-cyrkoniami-pink\/#primaryimage"},"thumbnailUrl":"https:\/\/pauzza.pl\/wp-content\/uploads\/2022\/06\/3_18_6.jpg","datePublished":"2022-06-21T13:05:35+00:00","dateModified":"2025-02-06T05:53:22+00:00","breadcrumb":{"@id":"https:\/\/pauzza.pl\/produkt\/szorty-jeansowe-z-cyrkoniami-pink\/#breadcrumb"},"inLanguage":"uk","potentialAction":[{"@type":"ReadAction","target":["https:\/\/pauzza.pl\/produkt\/szorty-jeansowe-z-cyrkoniami-pink\/"]}]},{"@type":"ImageObject","inLanguage":"uk","@id":"https:\/\/pauzza.pl\/produkt\/szorty-jeansowe-z-cyrkoniami-pink\/#primaryimage","url":"https:\/\/pauzza.pl\/wp-content\/uploads\/2022\/06\/3_18_6.jpg","contentUrl":"https:\/\/pauzza.pl\/wp-content\/uploads\/2022\/06\/3_18_6.jpg","width":720,"height":1000,"caption":"SZORTY JEANSOWE Z CYRKONIAMI PINK-0"},{"@type":"BreadcrumbList","@id":"https:\/\/pauzza.pl\/produkt\/szorty-jeansowe-z-cyrkoniami-pink\/#breadcrumb","itemListElement":[{"@type":"ListItem","position":1,"name":"Strona g\u0142\u00f3wna","item":"https:\/\/pauzza.pl\/"},{"@type":"ListItem","position":2,"name":"Sklep","item":"https:\/\/pauzza.pl\/sklep\/"},{"@type":"ListItem","position":3,"name":"SZORTY JEANSOWE Z CYRKONIAMI PINK"}]},{"@type":"WebSite","@id":"https:\/\/pauzza.pl\/#website","url":"https:\/\/pauzza.pl\/","name":"\u0406\u043d\u0442\u0435\u0440\u043d\u0435\u0442 \u043c\u0430\u0433\u0430\u0437\u0438\u043d \u0436\u0456\u043d\u043e\u0447\u043e\u0433\u043e \u043e\u0434\u044f\u0433\u0443 Pauzza: \u0416\u0456\u043d\u043e\u0447\u0438\u0439 \u043e\u0434\u044f\u0433. \u041d\u043e\u0432\u0430 \u043a\u043e\u043b\u0435\u043a\u0446\u0456\u044f","description":"\u042f\u043a\u0449\u043e \u0432\u0438 \u0445\u043e\u0447\u0435\u0442\u0435 \u043f\u043e\u0434\u0431\u0430\u0442\u0438 \u043f\u0440\u043e \u0441\u0432\u0456\u0439 \u043f\u0440\u043e\u0444\u0435\u0441\u0456\u0439\u043d\u0438\u0439 \u0442\u0430 \u0441\u0442\u0438\u043b\u044c\u043d\u0438\u0439 \u0432\u0438\u0433\u043b\u044f\u0434 \u043d\u0430 \u0440\u043e\u0431\u043e\u0442\u0456, \u043e\u043d\u043b\u0430\u0439\u043d-\u0431\u0443\u0442\u0456\u043a Pauzza - \u0446\u0435 \u0445\u0456\u0442! \u0422\u0443\u0442 \u0432\u0438 \u0437\u043d\u0430\u0439\u0434\u0435\u0442\u0435 \u0448\u0438\u0440\u043e\u043a\u0438\u0439 \u0432\u0438\u0431\u0456\u0440 \u043f\u0456\u0434\u0436\u0430\u043a\u0456\u0432, \u0441\u043e\u0440\u043e\u0447\u043e\u043a, \u0436\u0430\u043a\u0435\u0442\u0456\u0432, \u0441\u0443\u043a\u043e\u043d\u044c, \u0441\u043f\u0456\u0434\u043d\u0438\u0446\u044c \u0442\u0430 \u0431\u0430\u0433\u0430\u0442\u043e \u0456\u043d\u0448\u043e\u0433\u043e.","publisher":{"@id":"https:\/\/pauzza.pl\/#organization"},"potentialAction":[{"@type":"SearchAction","target":{"@type":"EntryPoint","urlTemplate":"https:\/\/pauzza.pl\/?s={search_term_string}"},"query-input":{"@type":"PropertyValueSpecification","valueRequired":true,"valueName":"search_term_string"}}],"inLanguage":"uk"},{"@type":"Organization","@id":"https:\/\/pauzza.pl\/#organization","name":"\u0406\u043d\u0442\u0435\u0440\u043d\u0435\u0442 \u043c\u0430\u0433\u0430\u0437\u0438\u043d \u0436\u0456\u043d\u043e\u0447\u043e\u0433\u043e \u043e\u0434\u044f\u0433\u0443 Pauzza: \u0416\u0456\u043d\u043e\u0447\u0438\u0439 \u043e\u0434\u044f\u0433. \u041d\u043e\u0432\u0430 \u043a\u043e\u043b\u0435\u043a\u0446\u0456\u044f","url":"https:\/\/pauzza.pl\/","logo":{"@type":"ImageObject","inLanguage":"uk","@id":"https:\/\/pauzza.pl\/#\/schema\/logo\/image\/","url":"https:\/\/pauzza.pl\/wp-content\/uploads\/2024\/01\/pauzzaw.png","contentUrl":"https:\/\/pauzza.pl\/wp-content\/uploads\/2024\/01\/pauzzaw.png","width":350,"height":100,"caption":"Sklep online z damsk\u0105 odzie\u017c\u0105 Pauzza: Damska odzie\u017c. Nowa Kolekcja"},"image":{"@id":"https:\/\/pauzza.pl\/#\/schema\/logo\/image\/"}}]}},"_links":{"self":[{"href":"https:\/\/pauzza.pl\/uk\/wp-json\/wp\/v2\/product\/185168","targetHints":{"allow":["GET"]}}],"collection":[{"href":"https:\/\/pauzza.pl\/uk\/wp-json\/wp\/v2\/product"}],"about":[{"href":"https:\/\/pauzza.pl\/uk\/wp-json\/wp\/v2\/types\/product"}],"wp:featuredmedia":[{"embeddable":true,"href":"https:\/\/pauzza.pl\/uk\/wp-json\/wp\/v2\/media\/185156"}],"wp:attachment":[{"href":"https:\/\/pauzza.pl\/uk\/wp-json\/wp\/v2\/media?parent=185168"}],"wp:term":[{"taxonomy":"product_brand","embeddable":true,"href":"https:\/\/pauzza.pl\/uk\/wp-json\/wp\/v2\/product_brand?post=185168"},{"taxonomy":"product_cat","embeddable":true,"href":"https:\/\/pauzza.pl\/uk\/wp-json\/wp\/v2\/product_cat?post=185168"},{"taxonomy":"product_tag","embeddable":true,"href":"https:\/\/pauzza.pl\/uk\/wp-json\/wp\/v2\/product_tag?post=185168"}],"curies":[{"name":"wp","href":"https:\/\/api.w.org\/{rel}","templated":true}]}}