{"id":183395,"date":"2022-06-10T08:46:39","date_gmt":"2022-06-10T06:46:39","guid":{"rendered":"https:\/\/pauzza.pl\/?post_type=product&#038;p=183395"},"modified":"2025-01-04T14:09:21","modified_gmt":"2025-01-04T13:09:21","slug":"%d0%bb%d1%96%d1%82%d0%bd%d1%96%d0%b9-%d0%b4%d0%b6%d0%b5%d0%bc%d0%bf%d0%b5%d1%80-fraggia-%d0%b7-%d0%bf%d0%b0%d1%94%d1%82%d0%ba%d0%b0%d0%bc%d0%b8-%d0%b2%d0%b8%d0%bc%d0%ba%d0%bd%d0%b5%d0%bd%d0%be","status":"publish","type":"product","link":"https:\/\/pauzza.pl\/uk\/%d0%bf%d1%80%d0%be%d0%b4%d1%83%d0%ba%d1%82\/%d0%bb%d1%96%d1%82%d0%bd%d1%96%d0%b9-%d0%b4%d0%b6%d0%b5%d0%bc%d0%bf%d0%b5%d1%80-fraggia-%d0%b7-%d0%bf%d0%b0%d1%94%d1%82%d0%ba%d0%b0%d0%bc%d0%b8-%d0%b2%d0%b8%d0%bc%d0%ba%d0%bd%d0%b5%d0%bd%d0%be\/","title":{"rendered":"\u0424\u0420\u0410\u0413\u0413\u0406 \/ \u041b\u0406\u0422\u041d\u0406\u0419 \u0414\u0416\u0415\u041c\u041f\u0415\u0420 \u0417 \u041f\u0410\u0404\u0422\u041a\u0410\u041c\u0418"},"content":{"rendered":"<\/p>\n<p><strong>\u0414\u0435\u0442\u0430\u043b\u044c\u043d\u0430 \u0456\u043d\u0444\u043e\u0440\u043c\u0430\u0446\u0456\u044f \u043f\u0440\u043e \u0442\u043e\u0432\u0430\u0440:<\/strong><\/p>\n<p><strong>*\u0414\u0440\u0443\u043a\u0443\u0439:\u00a0<\/strong>\u0429\u043e\u0434\u043d\u044f<\/p>\n<p><strong>*\u0424\u043e\u0440\u043c\u0430*\u00a0<\/strong><strong>\u0440\u043e\u0437\u0449\u0435\u043f\u043b\u0435\u043d\u043d\u044f<\/strong><strong>:\u00a0<\/strong>v<\/p>\n<p><strong>*\u0428\u0430\u0431\u043b\u043e\u043d:\u00a0<\/strong>\u041b\u0456\u0442\u043d\u0456\u0439 \u0434\u0436\u0435\u043c\u043f\u0435\u0440 \u043c\u0430\u043b\u0438\u043d\u043e\u0432\u043e\u0433\u043e \u043a\u043e\u043b\u044c\u043e\u0440\u0443. \u041f\u0440\u0438\u043a\u0440\u0430\u0448\u0435\u043d\u0438\u0439 \u043f\u0430\u0454\u0442\u043a\u0430\u043c\u0438 \u0442\u0430 \u0437\u043e\u043b\u043e\u0442\u0438\u043c \u043b\u0430\u043d\u0446\u044e\u0436\u043a\u043e\u043c.<\/p>\n<p><strong>\u0421\u043a\u043b\u0430\u0434<\/strong>: 50% \u0432\u0456\u0441\u043a\u043e\u0437\u0430, 20% \u043d\u0435\u0439\u043b\u043e\u043d, 7% \u0432\u043e\u0432\u043d\u0430, 3% \u043a\u0430\u0448\u0435\u043c\u0456\u0440<\/p>\n<p><strong>\u0420\u043e\u0437\u043c\u0456\u0440\u0438:<\/strong>\u00a0<\/p>\n<p>\u0417\u0430\u0433\u0430\u043b\u044c\u043d\u0430 \u0434\u043e\u0432\u0436\u0438\u043d\u0430: 59 \u0441\u043c \/ 62 \u0441\u043c<\/p>\n<p>\u041e\u0431\u0445\u0432\u0430\u0442 \u0433\u0440\u0443\u0434\u0435\u0439: \u0432\u0456\u0434 130 \u0434\u043e 140 \u0441\u043c<\/p>\n<p>\u0414\u043e\u0432\u0436\u0438\u043d\u0430 \u0440\u0443\u043a\u0430\u0432\u0430 \u0432\u0456\u0434 \u0433\u043e\u0440\u043b\u043e\u0432\u0438\u043d\u0438: 46 \u0441\u043c<\/p>\n<p><strong>\u041e\u0434\u044f\u0433 \u0432\u0438\u043c\u0456\u0440\u044e\u0454\u0442\u044c\u0441\u044f \u0432 \u0440\u043e\u0437\u0433\u043e\u0440\u043d\u0443\u0442\u043e\u043c\u0443 \u0432\u0438\u0433\u043b\u044f\u0434\u0456! \u0420\u043e\u0437\u043c\u0456\u0440\u0438 \u043c\u043e\u0436\u0443\u0442\u044c \u0432\u0456\u0434\u0440\u0456\u0437\u043d\u044f\u0442\u0438\u0441\u044f \u043d\u0430 +\/- 2 \u0441\u043c.\u00a0<\/strong><\/p>\n<p>(39)<\/p>\n<p><span class=\"pq6dq46d tbxw36s4 knj5qynh kvgmc6g5 ditlmg2l oygrvhab nvdbi5me sf5mxxl7 gl3lb2sf hhz5lgdu\"><img decoding=\"async\" src=\"https:\/\/static.xx.fbcdn.net\/images\/emoji.php\/v9\/t6c\/1\/16\/2764.png\" alt=\"\u2764\ufe0f\" width=\"16\" height=\"16\" \/><\/span>\u041f\u0456\u0434\u043f\u0438\u0448\u0456\u0442\u044c\u0441\u044f \u043d\u0430 \u0440\u043e\u0437\u0441\u0438\u043b\u043a\u0443 \u0442\u0430 \u0431\u0443\u0434\u044c\u0442\u0435 \u0432 \u043a\u0443\u0440\u0441\u0456 \u043d\u043e\u0432\u0438\u043d \u0442\u0430 \u0430\u043a\u0446\u0456\u0439\u00a0<span class=\"pq6dq46d tbxw36s4 knj5qynh kvgmc6g5 ditlmg2l oygrvhab nvdbi5me sf5mxxl7 gl3lb2sf hhz5lgdu\"><img decoding=\"async\" src=\"https:\/\/static.xx.fbcdn.net\/images\/emoji.php\/v9\/t6c\/1\/16\/2764.png\" alt=\"\u2764\ufe0f\" width=\"16\" height=\"16\" \/><\/span><\/p>","protected":false},"excerpt":{"rendered":"<p>Szczeg\u00f3\u0142y produktu: *Rodzaj:\u00a0na co dzie\u0144 *Kszta\u0142t\u00a0dekoltu:\u00a0v *Wz\u00f3r:\u00a0letni sweterek w kolorze malinowym. Zdobiony cekinami oraz z\u0142otym \u0142a\u0144cuchem. Sk\u0142ad: 50% wiskoza, 20% nylon, 7% we\u0142na, 3% kaszmir Wymiary:\u00a0 D\u0142ugo\u015b\u0107 ca\u0142kowita: 59 cm \/ 62 cm Wymiary w biu\u015bcie: od 130 do 140 cm D\u0142ugo\u015b\u0107 r\u0119kawa od szyi: 46 cm Ubrania sa mierzone na p\u0142asko! Wymiary mog\u0105 r\u00f3\u017cni\u0107 [&hellip;]<\/p>","protected":false},"featured_media":183387,"template":"","meta":{"_acf_changed":false},"product_brand":[],"product_cat":[3268,3243,3230,2937,3185,3175],"product_tag":[],"class_list":{"0":"post-183395","1":"product","2":"type-product","3":"status-publish","4":"has-post-thumbnail","6":"product_cat-fraggia-italy","7":"product_cat-marki","8":"product_cat-nowosci","9":"product_cat-odziez","10":"product_cat-swetry-pudrowe","11":"product_cat-swetry","12":"pa_badge_promotion-nie","13":"pa_googleshopping_exclude-nie","14":"pa_is_fb_redirects_to_checkout-tak","15":"pa_is_resize_main_image_for_fb-nie","17":"first","18":"outofstock","19":"taxable","20":"shipping-taxable","21":"purchasable","22":"product-type-simple"},"acf":[],"yoast_head":"<!-- This site is optimized with the Yoast SEO plugin v27.2 - https:\/\/yoast.com\/product\/yoast-seo-wordpress\/ -->\n<title>FRAGGIA \/ LETNI SWETEREK Z CEKINAMI - Sklep online z damsk\u0105 odzie\u017c\u0105 Pauzza: Damska odzie\u017c. Nowa Kolekcja<\/title>\n<meta name=\"robots\" content=\"index, follow, max-snippet:-1, max-image-preview:large, max-video-preview:-1\" \/>\n<link rel=\"canonical\" href=\"https:\/\/pauzza.pl\/uk\/\u043f\u0440\u043e\u0434\u0443\u043a\u0442\/\u043b\u0456\u0442\u043d\u0456\u0439-\u0434\u0436\u0435\u043c\u043f\u0435\u0440-fraggia-\u0437-\u043f\u0430\u0454\u0442\u043a\u0430\u043c\u0438-\u0432\u0438\u043c\u043a\u043d\u0435\u043d\u043e\/\" \/>\n<meta property=\"og:locale\" content=\"uk_UA\" \/>\n<meta property=\"og:type\" content=\"article\" \/>\n<meta property=\"og:title\" content=\"FRAGGIA \/ LETNI SWETEREK Z CEKINAMI - Sklep online z damsk\u0105 odzie\u017c\u0105 Pauzza: Damska odzie\u017c. Nowa Kolekcja\" \/>\n<meta property=\"og:description\" content=\"Szczeg\u00f3\u0142y produktu: *Rodzaj:\u00a0na co dzie\u0144 *Kszta\u0142t\u00a0dekoltu:\u00a0v *Wz\u00f3r:\u00a0letni sweterek w kolorze malinowym. Zdobiony cekinami oraz z\u0142otym \u0142a\u0144cuchem. Sk\u0142ad: 50% wiskoza, 20% nylon, 7% we\u0142na, 3% kaszmir Wymiary:\u00a0 D\u0142ugo\u015b\u0107 ca\u0142kowita: 59 cm \/ 62 cm Wymiary w biu\u015bcie: od 130 do 140 cm D\u0142ugo\u015b\u0107 r\u0119kawa od szyi: 46 cm Ubrania sa mierzone na p\u0142asko! Wymiary mog\u0105 r\u00f3\u017cni\u0107 [&hellip;]\" \/>\n<meta property=\"og:url\" content=\"https:\/\/pauzza.pl\/uk\/\u043f\u0440\u043e\u0434\u0443\u043a\u0442\/\u043b\u0456\u0442\u043d\u0456\u0439-\u0434\u0436\u0435\u043c\u043f\u0435\u0440-fraggia-\u0437-\u043f\u0430\u0454\u0442\u043a\u0430\u043c\u0438-\u0432\u0438\u043c\u043a\u043d\u0435\u043d\u043e\/\" \/>\n<meta property=\"og:site_name\" content=\"Sklep online z damsk\u0105 odzie\u017c\u0105 Pauzza: Damska odzie\u017c. Nowa Kolekcja\" \/>\n<meta property=\"article:modified_time\" content=\"2025-01-04T13:09:21+00:00\" \/>\n<meta property=\"og:image\" content=\"https:\/\/pauzza.pl\/wp-content\/uploads\/2022\/06\/fd_2_2.jpg\" \/>\n\t<meta property=\"og:image:width\" content=\"720\" \/>\n\t<meta property=\"og:image:height\" content=\"1000\" \/>\n\t<meta property=\"og:image:type\" content=\"image\/jpeg\" \/>\n<meta name=\"twitter:card\" content=\"summary_large_image\" \/>\n<script type=\"application\/ld+json\" class=\"yoast-schema-graph\">{\"@context\":\"https:\/\/schema.org\",\"@graph\":[{\"@type\":\"WebPage\",\"@id\":\"https:\/\/pauzza.pl\/produkt\/fraggia-letni-sweterek-z-cekinami-disabled\/\",\"url\":\"https:\/\/pauzza.pl\/produkt\/fraggia-letni-sweterek-z-cekinami-disabled\/\",\"name\":\"FRAGGIA \/ LETNI SWETEREK Z CEKINAMI - Sklep online z damsk\u0105 odzie\u017c\u0105 Pauzza: Damska odzie\u017c. Nowa Kolekcja\",\"isPartOf\":{\"@id\":\"https:\/\/pauzza.pl\/#website\"},\"primaryImageOfPage\":{\"@id\":\"https:\/\/pauzza.pl\/produkt\/fraggia-letni-sweterek-z-cekinami-disabled\/#primaryimage\"},\"image\":{\"@id\":\"https:\/\/pauzza.pl\/produkt\/fraggia-letni-sweterek-z-cekinami-disabled\/#primaryimage\"},\"thumbnailUrl\":\"https:\/\/pauzza.pl\/wp-content\/uploads\/2022\/06\/fd_2_2.jpg\",\"datePublished\":\"2022-06-10T06:46:39+00:00\",\"dateModified\":\"2025-01-04T13:09:21+00:00\",\"breadcrumb\":{\"@id\":\"https:\/\/pauzza.pl\/produkt\/fraggia-letni-sweterek-z-cekinami-disabled\/#breadcrumb\"},\"inLanguage\":\"uk\",\"potentialAction\":[{\"@type\":\"ReadAction\",\"target\":[\"https:\/\/pauzza.pl\/produkt\/fraggia-letni-sweterek-z-cekinami-disabled\/\"]}]},{\"@type\":\"ImageObject\",\"inLanguage\":\"uk\",\"@id\":\"https:\/\/pauzza.pl\/produkt\/fraggia-letni-sweterek-z-cekinami-disabled\/#primaryimage\",\"url\":\"https:\/\/pauzza.pl\/wp-content\/uploads\/2022\/06\/fd_2_2.jpg\",\"contentUrl\":\"https:\/\/pauzza.pl\/wp-content\/uploads\/2022\/06\/fd_2_2.jpg\",\"width\":720,\"height\":1000,\"caption\":\"FRAGGIA \/ LETNI SWETEREK Z CEKINAMI-0\"},{\"@type\":\"BreadcrumbList\",\"@id\":\"https:\/\/pauzza.pl\/produkt\/fraggia-letni-sweterek-z-cekinami-disabled\/#breadcrumb\",\"itemListElement\":[{\"@type\":\"ListItem\",\"position\":1,\"name\":\"Strona g\u0142\u00f3wna\",\"item\":\"https:\/\/pauzza.pl\/\"},{\"@type\":\"ListItem\",\"position\":2,\"name\":\"Sklep\",\"item\":\"https:\/\/pauzza.pl\/sklep\/\"},{\"@type\":\"ListItem\",\"position\":3,\"name\":\"FRAGGIA \/ LETNI SWETEREK Z CEKINAMI\"}]},{\"@type\":\"WebSite\",\"@id\":\"https:\/\/pauzza.pl\/#website\",\"url\":\"https:\/\/pauzza.pl\/\",\"name\":\"Sklep online z damsk\u0105 odzie\u017c\u0105 Pauzza: Damska odzie\u017c. Nowa Kolekcja\",\"description\":\"Je\u015bli chcesz zadba\u0107 o sw\u00f3j profesjonalny i pe\u0142en klasy wygl\u0105d w pracy butik online Pauzza, to strza\u0142 w dziesi\u0105tk\u0119! U nas znajdziesz szeroki wyb\u00f3r \u017cakiet\u00f3w, koszul, kurtek, sukienek, sp\u00f3dnic i wiele wiecej\",\"publisher\":{\"@id\":\"https:\/\/pauzza.pl\/#organization\"},\"potentialAction\":[{\"@type\":\"SearchAction\",\"target\":{\"@type\":\"EntryPoint\",\"urlTemplate\":\"https:\/\/pauzza.pl\/?s={search_term_string}\"},\"query-input\":{\"@type\":\"PropertyValueSpecification\",\"valueRequired\":true,\"valueName\":\"search_term_string\"}}],\"inLanguage\":\"uk\"},{\"@type\":\"Organization\",\"@id\":\"https:\/\/pauzza.pl\/#organization\",\"name\":\"Sklep online z damsk\u0105 odzie\u017c\u0105 Pauzza: Damska odzie\u017c. Nowa Kolekcja\",\"url\":\"https:\/\/pauzza.pl\/\",\"logo\":{\"@type\":\"ImageObject\",\"inLanguage\":\"uk\",\"@id\":\"https:\/\/pauzza.pl\/#\/schema\/logo\/image\/\",\"url\":\"https:\/\/pauzza.pl\/wp-content\/uploads\/2024\/01\/pauzzaw.png\",\"contentUrl\":\"https:\/\/pauzza.pl\/wp-content\/uploads\/2024\/01\/pauzzaw.png\",\"width\":350,\"height\":100,\"caption\":\"Sklep online z damsk\u0105 odzie\u017c\u0105 Pauzza: Damska odzie\u017c. Nowa Kolekcja\"},\"image\":{\"@id\":\"https:\/\/pauzza.pl\/#\/schema\/logo\/image\/\"}}]}<\/script>\n<!-- \/ Yoast SEO plugin. -->","yoast_head_json":{"title":"FRAGGIA \/ \u041b\u0406\u0422\u041d\u042f \u0421\u041e\u041b\u041e\u0414\u041a\u0410 \u0417 \u0426\u0415\u041a\u0406\u041d\u0410\u041c\u0418 - \u0406\u043d\u0442\u0435\u0440\u043d\u0435\u0442 \u043c\u0430\u0433\u0430\u0437\u0438\u043d \u0436\u0456\u043d\u043e\u0447\u043e\u0433\u043e \u043e\u0434\u044f\u0433\u0443 Pauzza: \u0416\u0456\u043d\u043e\u0447\u0438\u0439 \u043e\u0434\u044f\u0433. \u041d\u043e\u0432\u0430 \u043a\u043e\u043b\u0435\u043a\u0446\u0456\u044f","robots":{"index":"index","follow":"follow","max-snippet":"max-snippet:-1","max-image-preview":"max-image-preview:large","max-video-preview":"max-video-preview:-1"},"canonical":"https:\/\/pauzza.pl\/uk\/\u043f\u0440\u043e\u0434\u0443\u043a\u0442\/\u043b\u0456\u0442\u043d\u0456\u0439-\u0434\u0436\u0435\u043c\u043f\u0435\u0440-fraggia-\u0437-\u043f\u0430\u0454\u0442\u043a\u0430\u043c\u0438-\u0432\u0438\u043c\u043a\u043d\u0435\u043d\u043e\/","og_locale":"uk_UA","og_type":"article","og_title":"FRAGGIA \/ LETNI SWETEREK Z CEKINAMI - Sklep online z damsk\u0105 odzie\u017c\u0105 Pauzza: Damska odzie\u017c. Nowa Kolekcja","og_description":"Szczeg\u00f3\u0142y produktu: *Rodzaj:\u00a0na co dzie\u0144 *Kszta\u0142t\u00a0dekoltu:\u00a0v *Wz\u00f3r:\u00a0letni sweterek w kolorze malinowym. Zdobiony cekinami oraz z\u0142otym \u0142a\u0144cuchem. Sk\u0142ad: 50% wiskoza, 20% nylon, 7% we\u0142na, 3% kaszmir Wymiary:\u00a0 D\u0142ugo\u015b\u0107 ca\u0142kowita: 59 cm \/ 62 cm Wymiary w biu\u015bcie: od 130 do 140 cm D\u0142ugo\u015b\u0107 r\u0119kawa od szyi: 46 cm Ubrania sa mierzone na p\u0142asko! Wymiary mog\u0105 r\u00f3\u017cni\u0107 [&hellip;]","og_url":"https:\/\/pauzza.pl\/uk\/\u043f\u0440\u043e\u0434\u0443\u043a\u0442\/\u043b\u0456\u0442\u043d\u0456\u0439-\u0434\u0436\u0435\u043c\u043f\u0435\u0440-fraggia-\u0437-\u043f\u0430\u0454\u0442\u043a\u0430\u043c\u0438-\u0432\u0438\u043c\u043a\u043d\u0435\u043d\u043e\/","og_site_name":"Sklep online z damsk\u0105 odzie\u017c\u0105 Pauzza: Damska odzie\u017c. Nowa Kolekcja","article_modified_time":"2025-01-04T13:09:21+00:00","og_image":[{"width":720,"height":1000,"url":"https:\/\/pauzza.pl\/wp-content\/uploads\/2022\/06\/fd_2_2.jpg","type":"image\/jpeg"}],"twitter_card":"summary_large_image","schema":{"@context":"https:\/\/schema.org","@graph":[{"@type":"WebPage","@id":"https:\/\/pauzza.pl\/produkt\/fraggia-letni-sweterek-z-cekinami-disabled\/","url":"https:\/\/pauzza.pl\/produkt\/fraggia-letni-sweterek-z-cekinami-disabled\/","name":"FRAGGIA \/ \u041b\u0406\u0422\u041d\u042f \u0421\u041e\u041b\u041e\u0414\u041a\u0410 \u0417 \u0426\u0415\u041a\u0406\u041d\u0410\u041c\u0418 - \u0406\u043d\u0442\u0435\u0440\u043d\u0435\u0442 \u043c\u0430\u0433\u0430\u0437\u0438\u043d \u0436\u0456\u043d\u043e\u0447\u043e\u0433\u043e \u043e\u0434\u044f\u0433\u0443 Pauzza: \u0416\u0456\u043d\u043e\u0447\u0438\u0439 \u043e\u0434\u044f\u0433. \u041d\u043e\u0432\u0430 \u043a\u043e\u043b\u0435\u043a\u0446\u0456\u044f","isPartOf":{"@id":"https:\/\/pauzza.pl\/#website"},"primaryImageOfPage":{"@id":"https:\/\/pauzza.pl\/produkt\/fraggia-letni-sweterek-z-cekinami-disabled\/#primaryimage"},"image":{"@id":"https:\/\/pauzza.pl\/produkt\/fraggia-letni-sweterek-z-cekinami-disabled\/#primaryimage"},"thumbnailUrl":"https:\/\/pauzza.pl\/wp-content\/uploads\/2022\/06\/fd_2_2.jpg","datePublished":"2022-06-10T06:46:39+00:00","dateModified":"2025-01-04T13:09:21+00:00","breadcrumb":{"@id":"https:\/\/pauzza.pl\/produkt\/fraggia-letni-sweterek-z-cekinami-disabled\/#breadcrumb"},"inLanguage":"uk","potentialAction":[{"@type":"ReadAction","target":["https:\/\/pauzza.pl\/produkt\/fraggia-letni-sweterek-z-cekinami-disabled\/"]}]},{"@type":"ImageObject","inLanguage":"uk","@id":"https:\/\/pauzza.pl\/produkt\/fraggia-letni-sweterek-z-cekinami-disabled\/#primaryimage","url":"https:\/\/pauzza.pl\/wp-content\/uploads\/2022\/06\/fd_2_2.jpg","contentUrl":"https:\/\/pauzza.pl\/wp-content\/uploads\/2022\/06\/fd_2_2.jpg","width":720,"height":1000,"caption":"FRAGGIA \/ LETNI SWETEREK Z CEKINAMI-0"},{"@type":"BreadcrumbList","@id":"https:\/\/pauzza.pl\/produkt\/fraggia-letni-sweterek-z-cekinami-disabled\/#breadcrumb","itemListElement":[{"@type":"ListItem","position":1,"name":"Strona g\u0142\u00f3wna","item":"https:\/\/pauzza.pl\/"},{"@type":"ListItem","position":2,"name":"Sklep","item":"https:\/\/pauzza.pl\/sklep\/"},{"@type":"ListItem","position":3,"name":"FRAGGIA \/ LETNI SWETEREK Z CEKINAMI"}]},{"@type":"WebSite","@id":"https:\/\/pauzza.pl\/#website","url":"https:\/\/pauzza.pl\/","name":"\u0406\u043d\u0442\u0435\u0440\u043d\u0435\u0442 \u043c\u0430\u0433\u0430\u0437\u0438\u043d \u0436\u0456\u043d\u043e\u0447\u043e\u0433\u043e \u043e\u0434\u044f\u0433\u0443 Pauzza: \u0416\u0456\u043d\u043e\u0447\u0438\u0439 \u043e\u0434\u044f\u0433. \u041d\u043e\u0432\u0430 \u043a\u043e\u043b\u0435\u043a\u0446\u0456\u044f","description":"\u042f\u043a\u0449\u043e \u0432\u0438 \u0445\u043e\u0447\u0435\u0442\u0435 \u043f\u043e\u0434\u0431\u0430\u0442\u0438 \u043f\u0440\u043e \u0441\u0432\u0456\u0439 \u043f\u0440\u043e\u0444\u0435\u0441\u0456\u0439\u043d\u0438\u0439 \u0442\u0430 \u0441\u0442\u0438\u043b\u044c\u043d\u0438\u0439 \u0432\u0438\u0433\u043b\u044f\u0434 \u043d\u0430 \u0440\u043e\u0431\u043e\u0442\u0456, \u043e\u043d\u043b\u0430\u0439\u043d-\u0431\u0443\u0442\u0456\u043a Pauzza - \u0446\u0435 \u0445\u0456\u0442! \u0422\u0443\u0442 \u0432\u0438 \u0437\u043d\u0430\u0439\u0434\u0435\u0442\u0435 \u0448\u0438\u0440\u043e\u043a\u0438\u0439 \u0432\u0438\u0431\u0456\u0440 \u043f\u0456\u0434\u0436\u0430\u043a\u0456\u0432, \u0441\u043e\u0440\u043e\u0447\u043e\u043a, \u0436\u0430\u043a\u0435\u0442\u0456\u0432, \u0441\u0443\u043a\u043e\u043d\u044c, \u0441\u043f\u0456\u0434\u043d\u0438\u0446\u044c \u0442\u0430 \u0431\u0430\u0433\u0430\u0442\u043e \u0456\u043d\u0448\u043e\u0433\u043e.","publisher":{"@id":"https:\/\/pauzza.pl\/#organization"},"potentialAction":[{"@type":"SearchAction","target":{"@type":"EntryPoint","urlTemplate":"https:\/\/pauzza.pl\/?s={search_term_string}"},"query-input":{"@type":"PropertyValueSpecification","valueRequired":true,"valueName":"search_term_string"}}],"inLanguage":"uk"},{"@type":"Organization","@id":"https:\/\/pauzza.pl\/#organization","name":"\u0406\u043d\u0442\u0435\u0440\u043d\u0435\u0442 \u043c\u0430\u0433\u0430\u0437\u0438\u043d \u0436\u0456\u043d\u043e\u0447\u043e\u0433\u043e \u043e\u0434\u044f\u0433\u0443 Pauzza: \u0416\u0456\u043d\u043e\u0447\u0438\u0439 \u043e\u0434\u044f\u0433. \u041d\u043e\u0432\u0430 \u043a\u043e\u043b\u0435\u043a\u0446\u0456\u044f","url":"https:\/\/pauzza.pl\/","logo":{"@type":"ImageObject","inLanguage":"uk","@id":"https:\/\/pauzza.pl\/#\/schema\/logo\/image\/","url":"https:\/\/pauzza.pl\/wp-content\/uploads\/2024\/01\/pauzzaw.png","contentUrl":"https:\/\/pauzza.pl\/wp-content\/uploads\/2024\/01\/pauzzaw.png","width":350,"height":100,"caption":"Sklep online z damsk\u0105 odzie\u017c\u0105 Pauzza: Damska odzie\u017c. Nowa Kolekcja"},"image":{"@id":"https:\/\/pauzza.pl\/#\/schema\/logo\/image\/"}}]}},"_links":{"self":[{"href":"https:\/\/pauzza.pl\/uk\/wp-json\/wp\/v2\/product\/183395","targetHints":{"allow":["GET"]}}],"collection":[{"href":"https:\/\/pauzza.pl\/uk\/wp-json\/wp\/v2\/product"}],"about":[{"href":"https:\/\/pauzza.pl\/uk\/wp-json\/wp\/v2\/types\/product"}],"wp:featuredmedia":[{"embeddable":true,"href":"https:\/\/pauzza.pl\/uk\/wp-json\/wp\/v2\/media\/183387"}],"wp:attachment":[{"href":"https:\/\/pauzza.pl\/uk\/wp-json\/wp\/v2\/media?parent=183395"}],"wp:term":[{"taxonomy":"product_brand","embeddable":true,"href":"https:\/\/pauzza.pl\/uk\/wp-json\/wp\/v2\/product_brand?post=183395"},{"taxonomy":"product_cat","embeddable":true,"href":"https:\/\/pauzza.pl\/uk\/wp-json\/wp\/v2\/product_cat?post=183395"},{"taxonomy":"product_tag","embeddable":true,"href":"https:\/\/pauzza.pl\/uk\/wp-json\/wp\/v2\/product_tag?post=183395"}],"curies":[{"name":"wp","href":"https:\/\/api.w.org\/{rel}","templated":true}]}}