{"id":1088958,"date":"2026-04-28T16:19:46","date_gmt":"2026-04-28T14:19:46","guid":{"rendered":"https:\/\/pauzza.pl\/produkt\/smartwatch-gravity-grafitowy-pasek-bransoleta-gt46-3\/"},"modified":"2026-04-29T05:47:15","modified_gmt":"2026-04-29T03:47:15","slug":"smartwatch-gravity-grafitowy-pasek-bransoleta-gt46-3","status":"publish","type":"product","link":"https:\/\/pauzza.pl\/uk\/%d0%bf%d1%80%d0%be%d0%b4%d1%83%d0%ba%d1%82\/smartwatch-gravity-grafitowy-pasek-bransoleta-gt46-3\/","title":{"rendered":"Smartwatch Gravity Grafitowy Pasek + Bransoleta GT46-3"},"content":{"rendered":"<p style=\"text-align: left\">\u00a0<\/p>\n<p style=\"text-align: left\"><strong><span style=\"font-size: 18pt\">Smartwatch Gravity Grafitowy Pasek + Bransoleta GT46-3<\/span><\/strong><\/p>\n<p style=\"text-align: center\">\u00a0<\/p>\n<p data-start=\"0\" data-end=\"426\"><span style=\"font-size: 12pt\">Smartwatch m\u0119ski <strong data-start=\"17\" data-end=\"35\">Gravity GT46-3<\/strong> to idealne po\u0142\u0105czenie nowoczesnej technologii, wyrazistego stylu i terenowego charakteru. Ten sportowy smartwatch z okr\u0105g\u0142\u0105 kopert\u0105 przyci\u0105ga uwag\u0119 mocnym, dynamicznym designem i \u015bwietnie prezentuje si\u0119 na nadgarstku. Czarno-grafitowa kolorystyka nadaje mu zdecydowany, m\u0119ski wygl\u0105d, a solidna forma sprawia, \u017ce doskonale pasuje zar\u00f3wno do codziennego ubioru, jak i stylizacji outdoorowych.<\/span><\/p>\n<p data-start=\"428\" data-end=\"917\"><span style=\"font-size: 12pt\"><strong data-start=\"428\" data-end=\"463\">Gravity GT46-3 smartwatch m\u0119ski<\/strong> zosta\u0142 stworzony dla os\u00f3b, kt\u00f3re ceni\u0105 funkcjonalno\u015b\u0107, wygod\u0119 i nowoczesny wygl\u0105d. W zestawie znajduje si\u0119 <strong data-start=\"571\" data-end=\"598\">czarny pasek silikonowy<\/strong> oraz dodatkowa <strong data-start=\"614\" data-end=\"643\">czarna stalowa bransoleta<\/strong>, dzi\u0119ki czemu mo\u017cesz \u0142atwo dopasowa\u0107 zegarek do okazji. Na silikonowym pasku model zyskuje bardziej sportowy i praktyczny charakter, idealny na co dzie\u0144, spacer, trening czy wyjazd. Po za\u0142o\u017ceniu stalowej bransolety prezentuje si\u0119 bardziej elegancko, nowocze\u015bnie i solidnie.<\/span><\/p>\n<p data-start=\"919\" data-end=\"1445\"><span style=\"font-size: 12pt\">To model dla m\u0119\u017cczyzn, kt\u00f3rzy chc\u0105 mie\u0107 na nadgarstku co\u015b wi\u0119cej ni\u017c zwyk\u0142y zegarek. Wyrazista tarcza, masywna koperta i sportowe detale sprawiaj\u0105, \u017ce <strong data-start=\"1070\" data-end=\"1080\">GT46-3<\/strong> \u015bwietnie wpisuje si\u0119 w styl aktywnego \u017cycia. Zegarek doskonale wygl\u0105da w plenerze, podczas spacer\u00f3w, wypraw, nad wod\u0105 czy w lesie, ale r\u00f3wnie dobrze sprawdzi si\u0119 w pracy i na co dzie\u0144. Na zdj\u0119ciach wida\u0107 tak\u017ce funkcje zwi\u0105zane z aktywno\u015bci\u0105, takie jak <strong data-start=\"1333\" data-end=\"1353\">monitoring t\u0119tna<\/strong>, <strong data-start=\"1355\" data-end=\"1373\">licznik krok\u00f3w<\/strong> oraz dane treningowe, co dodatkowo podkre\u015bla jego praktyczny charakter.<\/span><\/p>\n<p data-start=\"1447\" data-end=\"1872\"><span style=\"font-size: 12pt\">Du\u017cym atutem tego modelu s\u0105 r\u00f3wnie\u017c funkcje przydatne podczas wypraw i codziennego u\u017cytkowania. <strong data-start=\"1543\" data-end=\"1553\">Kompas<\/strong> u\u0142atwia orientacj\u0119 w terenie, <strong data-start=\"1584\" data-end=\"1609\">barometr wysoko\u015bciowy<\/strong> podkre\u015bla outdoorowy charakter zegarka, a <strong data-start=\"1652\" data-end=\"1669\">czas \u015bwiatowy<\/strong> pozwala wygodnie kontrolowa\u0107 godzin\u0119 w r\u00f3\u017cnych strefach czasowych. Dzi\u0119ki temu Gravity GT46-3 \u015bwietnie sprawdzi si\u0119 nie tylko jako stylowy smartwatch, ale tak\u017ce jako praktyczny towarzysz aktywnego dnia.<\/span><\/p>\n<p data-start=\"1874\" data-end=\"2281\" data-is-last-node=\"\" data-is-only-node=\"\"><span style=\"font-size: 12pt\">Je\u015bli szukasz produktu takiego jak <strong data-start=\"1909\" data-end=\"1938\">m\u0119ski smartwatch sportowy<\/strong>, <strong data-start=\"1940\" data-end=\"1984\">grafitowy smartwatch z bransolet\u0105 i paskiem<\/strong>, <strong data-start=\"1986\" data-end=\"2011\">smartwatch outdoorowy<\/strong>, <strong data-start=\"2013\" data-end=\"2038\">smartwatch z kompasem<\/strong>, <strong data-start=\"2040\" data-end=\"2081\">smartwatch z barometrem wysoko\u015bciowym<\/strong> albo <strong data-start=\"2087\" data-end=\"2123\">nowoczesny zegarek m\u0119ski Gravity<\/strong>, model <strong data-start=\"2131\" data-end=\"2149\">Gravity GT46-3<\/strong> b\u0119dzie doskona\u0142ym wyborem. To stylowy, solidny i uniwersalny smartwatch, kt\u00f3ry \u0142\u0105czy mocny wygl\u0105d z wygod\u0105 codziennego u\u017cytkowania.<\/span><\/p>\n<p>\u00a0<\/p>\n<p>\u00a0<\/p>\n<h2><span style=\"font-size: 14pt\">FUNKCJE<\/span><\/h2>\n<div class=\"_1voj4 _z9prt _1xzdi _ai5yc _5d6n2 _15lj1\">\n<div class=\"_2d49e_5pK0q\">\n<p><span style=\"font-size: 12pt\">&#8211;\u00a0 Wykonywanie i odbieranie po\u0142\u0105cze\u0144 telefonicznych z poziomu smartwatcha<\/span><\/p>\n<p><span style=\"font-size: 12pt\">&#8211;\u00a0 Kompas<\/span><\/p>\n<p><span style=\"font-size: 12pt\">&#8211;\u00a0 Barometr wysoko\u015bciowy<\/span><\/p>\n<p><span style=\"font-size: 12pt\">&#8211;\u00a0 Funkcja SOS<\/span><\/p>\n<p><span style=\"font-size: 12pt\">&#8211;\u00a0 Czas \u015bwiatowy<\/span><\/p>\n<p><span style=\"font-size: 12pt\">&#8211;\u00a0 Pogoda<\/span><\/p>\n<p><span style=\"font-size: 12pt\">&#8211;\u00a0 Monitorowanie pracy serca<\/span><\/p>\n<p><span style=\"font-size: 12pt\">&#8211; \u00a0Monitorowanie poziomu tlenu we krwi<\/span><\/p>\n<p><span style=\"font-size: 12pt\">&#8211;\u00a0 Raport aktywno\u015bci<\/span><\/p>\n<p><span style=\"font-size: 12pt\">&#8211;\u00a0 Monitorowanie snu<\/span><\/p>\n<p><span style=\"font-size: 12pt\">&#8211;\u00a0 Tryby sportowe<\/span><\/p>\n<p><span style=\"font-size: 12pt\">&#8211;\u00a0 Stoper<\/span><\/p>\n<p><span style=\"font-size: 12pt\">&#8211;\u00a0 Alarm<\/span><\/p>\n<p><span style=\"font-size: 12pt\">&#8211;\u00a0 Tryb kinowy (wyciszenie)<\/span><\/p>\n<p><span style=\"font-size: 12pt\">&#8211;\u00a0 Przypomnienie o ruchu<\/span><\/p>\n<p><span style=\"font-size: 12pt\">&#8211;\u00a0 Monitorowanie snu<\/span><\/p>\n<p><span style=\"font-size: 12pt\">&#8211;\u00a0 Sterowanie muzyk\u0105<\/span><\/p>\n<p><span style=\"font-size: 12pt\">&#8211;\u00a0 Przypomnienie o wiadomo\u015bciach<\/span><\/p>\n<p><span style=\"font-size: 12pt\">&#8211;\u00a0 Zdalne zdj\u0119cie<\/span><\/p>\n<p><span style=\"font-size: 12pt\">&#8211;\u00a0 Przypomnienie o wypiciu wody<\/span><\/p>\n<p><span style=\"font-size: 12pt\">&#8211;\u00a0 Poziom stresu<\/span><\/p>\n<p><span style=\"font-size: 12pt\">&#8211;\u00a0 \u0106wiczenia oddechowe<\/span><\/p>\n<p><span style=\"font-size: 12pt\">&#8211;\u00a0 Wyb\u00f3r jasno\u015bci ekranu<\/span><\/p>\n<p><span style=\"font-size: 12pt\">&#8211;\u00a0 Wzbudzanie ekranu ruchem nadgarstka<\/span><\/p>\n<p><span style=\"font-size: 12pt\">&#8211;\u00a0 Biblioteka tarcz &#8211; mo\u017cliwo\u015b\u0107 wgrania w\u0142asnego zdj\u0119cia<\/span><\/p>\n<p><span style=\"font-size: 12pt\">&#8211;\u00a0\u00a0Asystent g\u0142osowy &#8211; teraz mo\u017cesz sterowa\u0107 asystentem g\u0142osowym w twoim telefonie za pomoc\u0105 smartwatcha<\/span><\/p>\n<p><span style=\"font-size: 12pt\">&#8211;\u00a0 Znajd\u017a m\u00f3j smartwatch<\/span><\/p>\n<\/div>\n<\/div>\n<div class=\"_1voj4 _z9prt _1xzdi _ai5yc _5d6n2 _15lj1\">\n<div class=\"_2d49e_5pK0q\"><span style=\"font-size: 12pt\">&#8211;\u00a0 Format czasu \u2013 dwie opcje: 12 i 24 godziny<\/span><\/div>\n<div class=\"_2d49e_5pK0q\">\u00a0<\/div>\n<\/div>\n<h2><span style=\"font-size: 14pt\">SPECYFIKACJA<\/span><\/h2>\n<p><span style=\"font-size: 12pt\">&#8211;\u00a0 Wbudowany g\u0142o\u015bnik oraz mikrofon<\/span><\/p>\n<p><span style=\"font-size: 12pt\">&#8211;\u00a0 D<\/span><span style=\"font-size: 12pt\">otykowy wy\u015bwietlacz AMOLED 1.43&#8243; cala o rozdzielczo\u015bci 466&#215;466 px<\/span><\/p>\n<p><span style=\"font-size: 12pt\">&#8211;\u00a0 Procesor: ATS3085S<\/span><\/p>\n<p><span style=\"font-size: 12pt\">&#8211;\u00a0 Energooszcz\u0119dny Bluetooth Chip wersja: 5.3<\/span><\/p>\n<p><span style=\"font-size: 12pt\">&#8211;\u00a0 Pami\u0119\u0107: 128Mb<\/span><\/p>\n<p><span style=\"font-size: 12pt\">&#8211;\u00a0 Bateria: 530 mAh<\/span><\/p>\n<p><span style=\"font-size: 12pt\">&#8211;\u00a0 Czas pracy: 7-10 dni &#8211; w zale\u017cno\u015bci od intensywno\u015bci u\u017cytkowania<\/span><\/p>\n<p><span style=\"font-size: 12pt\">&#8211;\u00a0 Czas pracy w trybie czuwania 30-35 dni<\/span><\/p>\n<p><span style=\"font-size: 12pt\">&#8211;\u00a0 Wodoodporno\u015b\u0107: 1 ATM &#8211; odporny na przypadkowy kontakt z wod\u0105<\/span><\/p>\n<p><span style=\"font-size: 12pt\">&#8211;\u00a0 Pasek: silikonowy<\/span><\/p>\n<p><span style=\"font-size: 12pt\">&#8211;\u00a0 Bransoleta: stal szlachetna- regulowana<\/span><\/p>\n<p><span style=\"font-size: 12pt\">&#8211;\u00a0 Koperta: tworzywo sztuczne<\/span><\/p>\n<p><span style=\"font-size: 12pt\">&#8211;\u00a0 Kompatybilno\u015b\u0107: wszystkie smartfony Android (od wersji 5.0) i iPhone (od wersji iOS 9.0)<\/span><\/p>\n<p><span style=\"font-size: 12pt\">&#8211;\u00a0 Aplikacja: dedykowana w j\u0119zyku polskim<\/span><\/p>\n<p><span style=\"font-size: 12pt\">&#8211;\u00a0 Menu smartwatch&#8217;a: j\u0119zyk polski<\/span><\/p>\n<p><span style=\"font-size: 12pt\">&#8211;\u00a0 Instrukcja obs\u0142ugi: j\u0119zyk polski, j\u0119zyk angielski<\/span><\/p>\n<p>\u00a0<\/p>\n<p>\u00a0<\/p>\n<p><span style=\"font-size: 14pt\"><strong>WYMIARY w mm<\/strong><\/span><\/p>\n<p><span style=\"font-size: 12pt\">&#8211;\u00a0 Koperta \u015brednica: 49<\/span><\/p>\n<p><span style=\"font-size: 12pt\">&#8211;\u00a0 Grubo\u015b\u0107: 14<\/span><\/p>\n<p><span style=\"font-size: 12pt\">&#8211;\u00a0 Pasek szeroko\u015b\u0107: 24<\/span><\/p>\n<p><span style=\"font-size: 12pt\">&#8211;\u00a0 Pasek obw\u00f3d: 160-240<\/span><\/p>\n<p>\u00a0<\/p>\n<p><span style=\"font-size: 14pt\"><strong>KOLORYSTYKA<\/strong><\/span><\/p>\n<p><span style=\"font-size: 12pt\">&#8211;\u00a0 Koperta: grafitowa<\/span><\/p>\n<p><span style=\"font-size: 12pt\">&#8211;\u00a0 Pasek silikonowy: czarny<\/span><\/p>\n<p><span style=\"font-size: 12pt\">&#8211;\u00a0 Bransoleta: czarna<\/span><\/p>\n<p>\u00a0<\/p>\n<p><strong><span>\u00a0<\/span><\/strong><\/p>\n<p><span style=\"font-size: 14pt\"><strong>W ZESTAWIE OTRZYMASZ:<\/strong><\/span><\/p>\n<p><span style=\"font-size: 12pt\">&#8211;\u00a0 Oryginalny zegarek marki GRAVITY<\/span><\/p>\n<p><span style=\"font-size: 12pt\">&#8211;\u00a0 Pasek i bransoleta<\/span><\/p>\n<p><span style=\"font-size: 12pt\">&#8211;\u00a0 Zestaw do wymiany paska lub bransolety<\/span><\/p>\n<p><span style=\"font-size: 12pt\">&#8211;\u00a0 Zestaw do ochrony ekranu<\/span><\/p>\n<p><span style=\"font-size: 12pt\">&#8211;\u00a0 Kabel do \u0142adowania z ko\u0144c\u00f3wk\u0105 USB<\/span><\/p>\n<p><span style=\"font-size: 12pt\">&#8211;\u00a0 Oryginalne pude\u0142ko<\/span><\/p>\n<p><span style=\"font-size: 12pt\">&#8211;\u00a0 Instrukcja obs\u0142ugi w j\u0119zyku polskim<\/span><\/p>\n<p><span style=\"font-size: 12pt\">&#8211;\u00a0 Karta gwarancyjna<\/span><\/p>\n<p><strong><span>\u00a0<\/span><\/strong><\/p>\n<p>\u00a0<\/p>\n<p data-start=\"0\" data-end=\"58\"><span style=\"font-size: 12pt\"><strong data-start=\"0\" data-end=\"56\">SMARTWATCH GRAVITY \u2013 inteligencja, styl i niezawodno\u015b\u0107 w jednym zegarku<\/strong><\/span><\/p>\n<p data-start=\"60\" data-end=\"515\"><span style=\"font-size: 12pt\">Marka <strong data-start=\"66\" data-end=\"77\">GRAVITY<\/strong> to wi\u0119cej ni\u017c smartwatch \u2013 to partner, kt\u00f3ry towarzyszy Ci w ka\u017cdym ruchu, pulsie i my\u015bli. Stworzony dla os\u00f3b, kt\u00f3re \u017cyj\u0105 aktywnie, ceni\u0105 innowacje i nie boj\u0105 si\u0119 wyzwa\u0144, \u0142\u0105czy nowoczesny design z najnowsz\u0105 technologi\u0105, pomagaj\u0105c osi\u0105ga\u0107 wi\u0119cej ka\u017cdego dnia. Zorganizowany co do minuty, monitoruje Tw\u00f3j rytm dobowy, przypomina o aktywno\u015bci i troszczy si\u0119 o zdrowie, oferuj\u0105c zaawansowane funkcje \u015bledzenia parametr\u00f3w cia\u0142a.<\/span><\/p>","protected":false},"excerpt":{"rendered":"<p>\u00a0 Smartwatch Gravity Grafitowy Pasek + Bransoleta GT46-3 \u00a0 Smartwatch m\u0119ski Gravity GT46-3 to idealne po\u0142\u0105czenie nowoczesnej technologii, wyrazistego stylu i terenowego charakteru. Ten sportowy smartwatch z okr\u0105g\u0142\u0105 kopert\u0105 przyci\u0105ga uwag\u0119 mocnym, dynamicznym designem i \u015bwietnie prezentuje si\u0119 na nadgarstku. Czarno-grafitowa kolorystyka nadaje mu zdecydowany, m\u0119ski wygl\u0105d, a solidna forma sprawia, \u017ce doskonale pasuje zar\u00f3wno [&hellip;]<\/p>","protected":false},"featured_media":1088960,"template":"","meta":{"_acf_changed":false},"product_brand":[],"product_cat":[4923,4835],"product_tag":[],"class_list":{"0":"post-1088958","1":"product","2":"type-product","3":"status-publish","4":"has-post-thumbnail","6":"product_cat-gravity","7":"product_cat-smartwatch","9":"first","10":"instock","11":"taxable","12":"shipping-taxable","13":"purchasable","14":"product-type-simple"},"acf":[],"yoast_head":"<!-- This site is optimized with the Yoast SEO plugin v27.2 - https:\/\/yoast.com\/product\/yoast-seo-wordpress\/ -->\n<title>Smartwatch Gravity Grafitowy Pasek + Bransoleta GT46-3<\/title>\n<meta name=\"robots\" content=\"index, follow, max-snippet:-1, max-image-preview:large, max-video-preview:-1\" \/>\n<link rel=\"canonical\" href=\"https:\/\/pauzza.pl\/uk\/\u043f\u0440\u043e\u0434\u0443\u043a\u0442\/smartwatch-gravity-grafitowy-pasek-bransoleta-gt46-3\/\" \/>\n<meta property=\"og:locale\" content=\"uk_UA\" \/>\n<meta property=\"og:type\" content=\"article\" \/>\n<meta property=\"og:title\" content=\"Smartwatch Gravity Grafitowy Pasek + Bransoleta GT46-3\" \/>\n<meta property=\"og:description\" content=\"\u00a0 Smartwatch Gravity Grafitowy Pasek + Bransoleta GT46-3 \u00a0 Smartwatch m\u0119ski Gravity GT46-3 to idealne po\u0142\u0105czenie nowoczesnej technologii, wyrazistego stylu i terenowego charakteru. Ten sportowy smartwatch z okr\u0105g\u0142\u0105 kopert\u0105 przyci\u0105ga uwag\u0119 mocnym, dynamicznym designem i \u015bwietnie prezentuje si\u0119 na nadgarstku. Czarno-grafitowa kolorystyka nadaje mu zdecydowany, m\u0119ski wygl\u0105d, a solidna forma sprawia, \u017ce doskonale pasuje zar\u00f3wno [&hellip;]\" \/>\n<meta property=\"og:url\" content=\"https:\/\/pauzza.pl\/uk\/\u043f\u0440\u043e\u0434\u0443\u043a\u0442\/smartwatch-gravity-grafitowy-pasek-bransoleta-gt46-3\/\" \/>\n<meta property=\"og:site_name\" content=\"Sklep online z damsk\u0105 odzie\u017c\u0105 Pauzza: Damska odzie\u017c. Nowa Kolekcja\" \/>\n<meta property=\"article:modified_time\" content=\"2026-04-29T03:47:15+00:00\" \/>\n<meta property=\"og:image\" content=\"https:\/\/pauzza.pl\/wp-content\/uploads\/2026\/04\/1_max-36.jpg\" \/>\n\t<meta property=\"og:image:width\" content=\"1000\" \/>\n\t<meta property=\"og:image:height\" content=\"1000\" \/>\n\t<meta property=\"og:image:type\" content=\"image\/jpeg\" \/>\n<meta name=\"twitter:card\" content=\"summary_large_image\" \/>\n<meta name=\"twitter:label1\" content=\"\u041f\u0440\u0438\u0431\u043b. \u0447\u0430\u0441 \u0447\u0438\u0442\u0430\u043d\u043d\u044f\" \/>\n\t<meta name=\"twitter:data1\" content=\"4 \u0445\u0432\u0438\u043b\u0438\u043d\u0438\" \/>\n<script type=\"application\/ld+json\" class=\"yoast-schema-graph\">{\"@context\":\"https:\/\/schema.org\",\"@graph\":[{\"@type\":\"WebPage\",\"@id\":\"https:\/\/pauzza.pl\/produkt\/smartwatch-gravity-grafitowy-pasek-bransoleta-gt46-3\/\",\"url\":\"https:\/\/pauzza.pl\/produkt\/smartwatch-gravity-grafitowy-pasek-bransoleta-gt46-3\/\",\"name\":\"Smartwatch Gravity Grafitowy Pasek + Bransoleta GT46-3\",\"isPartOf\":{\"@id\":\"https:\/\/pauzza.pl\/#website\"},\"primaryImageOfPage\":{\"@id\":\"https:\/\/pauzza.pl\/produkt\/smartwatch-gravity-grafitowy-pasek-bransoleta-gt46-3\/#primaryimage\"},\"image\":{\"@id\":\"https:\/\/pauzza.pl\/produkt\/smartwatch-gravity-grafitowy-pasek-bransoleta-gt46-3\/#primaryimage\"},\"thumbnailUrl\":\"https:\/\/pauzza.pl\/wp-content\/uploads\/2026\/04\/1_max-36.jpg\",\"datePublished\":\"2026-04-28T14:19:46+00:00\",\"dateModified\":\"2026-04-29T03:47:15+00:00\",\"breadcrumb\":{\"@id\":\"https:\/\/pauzza.pl\/produkt\/smartwatch-gravity-grafitowy-pasek-bransoleta-gt46-3\/#breadcrumb\"},\"inLanguage\":\"uk\",\"potentialAction\":[{\"@type\":\"ReadAction\",\"target\":[\"https:\/\/pauzza.pl\/produkt\/smartwatch-gravity-grafitowy-pasek-bransoleta-gt46-3\/\"]}]},{\"@type\":\"ImageObject\",\"inLanguage\":\"uk\",\"@id\":\"https:\/\/pauzza.pl\/produkt\/smartwatch-gravity-grafitowy-pasek-bransoleta-gt46-3\/#primaryimage\",\"url\":\"https:\/\/pauzza.pl\/wp-content\/uploads\/2026\/04\/1_max-36.jpg\",\"contentUrl\":\"https:\/\/pauzza.pl\/wp-content\/uploads\/2026\/04\/1_max-36.jpg\",\"width\":1000,\"height\":1000},{\"@type\":\"BreadcrumbList\",\"@id\":\"https:\/\/pauzza.pl\/produkt\/smartwatch-gravity-grafitowy-pasek-bransoleta-gt46-3\/#breadcrumb\",\"itemListElement\":[{\"@type\":\"ListItem\",\"position\":1,\"name\":\"Strona g\u0142\u00f3wna\",\"item\":\"https:\/\/pauzza.pl\/\"},{\"@type\":\"ListItem\",\"position\":2,\"name\":\"Sklep\",\"item\":\"https:\/\/pauzza.pl\/sklep\/\"},{\"@type\":\"ListItem\",\"position\":3,\"name\":\"Smartwatch Gravity Grafitowy Pasek + Bransoleta GT46-3\"}]},{\"@type\":\"WebSite\",\"@id\":\"https:\/\/pauzza.pl\/#website\",\"url\":\"https:\/\/pauzza.pl\/\",\"name\":\"Sklep online z damsk\u0105 odzie\u017c\u0105 Pauzza: Damska odzie\u017c. Nowa Kolekcja\",\"description\":\"Je\u015bli chcesz zadba\u0107 o sw\u00f3j profesjonalny i pe\u0142en klasy wygl\u0105d w pracy butik online Pauzza, to strza\u0142 w dziesi\u0105tk\u0119! U nas znajdziesz szeroki wyb\u00f3r \u017cakiet\u00f3w, koszul, kurtek, sukienek, sp\u00f3dnic i wiele wiecej\",\"publisher\":{\"@id\":\"https:\/\/pauzza.pl\/#organization\"},\"potentialAction\":[{\"@type\":\"SearchAction\",\"target\":{\"@type\":\"EntryPoint\",\"urlTemplate\":\"https:\/\/pauzza.pl\/?s={search_term_string}\"},\"query-input\":{\"@type\":\"PropertyValueSpecification\",\"valueRequired\":true,\"valueName\":\"search_term_string\"}}],\"inLanguage\":\"uk\"},{\"@type\":\"Organization\",\"@id\":\"https:\/\/pauzza.pl\/#organization\",\"name\":\"Sklep online z damsk\u0105 odzie\u017c\u0105 Pauzza: Damska odzie\u017c. Nowa Kolekcja\",\"url\":\"https:\/\/pauzza.pl\/\",\"logo\":{\"@type\":\"ImageObject\",\"inLanguage\":\"uk\",\"@id\":\"https:\/\/pauzza.pl\/#\/schema\/logo\/image\/\",\"url\":\"https:\/\/pauzza.pl\/wp-content\/uploads\/2024\/01\/pauzzaw.png\",\"contentUrl\":\"https:\/\/pauzza.pl\/wp-content\/uploads\/2024\/01\/pauzzaw.png\",\"width\":350,\"height\":100,\"caption\":\"Sklep online z damsk\u0105 odzie\u017c\u0105 Pauzza: Damska odzie\u017c. Nowa Kolekcja\"},\"image\":{\"@id\":\"https:\/\/pauzza.pl\/#\/schema\/logo\/image\/\"}}]}<\/script>\n<!-- \/ Yoast SEO plugin. -->","yoast_head_json":{"title":"Smartwatch Gravity Grafitowy Pasek + Bransoleta GT46-3","robots":{"index":"index","follow":"follow","max-snippet":"max-snippet:-1","max-image-preview":"max-image-preview:large","max-video-preview":"max-video-preview:-1"},"canonical":"https:\/\/pauzza.pl\/uk\/\u043f\u0440\u043e\u0434\u0443\u043a\u0442\/smartwatch-gravity-grafitowy-pasek-bransoleta-gt46-3\/","og_locale":"uk_UA","og_type":"article","og_title":"Smartwatch Gravity Grafitowy Pasek + Bransoleta GT46-3","og_description":"\u00a0 Smartwatch Gravity Grafitowy Pasek + Bransoleta GT46-3 \u00a0 Smartwatch m\u0119ski Gravity GT46-3 to idealne po\u0142\u0105czenie nowoczesnej technologii, wyrazistego stylu i terenowego charakteru. Ten sportowy smartwatch z okr\u0105g\u0142\u0105 kopert\u0105 przyci\u0105ga uwag\u0119 mocnym, dynamicznym designem i \u015bwietnie prezentuje si\u0119 na nadgarstku. Czarno-grafitowa kolorystyka nadaje mu zdecydowany, m\u0119ski wygl\u0105d, a solidna forma sprawia, \u017ce doskonale pasuje zar\u00f3wno [&hellip;]","og_url":"https:\/\/pauzza.pl\/uk\/\u043f\u0440\u043e\u0434\u0443\u043a\u0442\/smartwatch-gravity-grafitowy-pasek-bransoleta-gt46-3\/","og_site_name":"Sklep online z damsk\u0105 odzie\u017c\u0105 Pauzza: Damska odzie\u017c. Nowa Kolekcja","article_modified_time":"2026-04-29T03:47:15+00:00","og_image":[{"width":1000,"height":1000,"url":"https:\/\/pauzza.pl\/wp-content\/uploads\/2026\/04\/1_max-36.jpg","type":"image\/jpeg"}],"twitter_card":"summary_large_image","twitter_misc":{"\u041f\u0440\u0438\u0431\u043b. \u0447\u0430\u0441 \u0447\u0438\u0442\u0430\u043d\u043d\u044f":"4 \u0445\u0432\u0438\u043b\u0438\u043d\u0438"},"schema":{"@context":"https:\/\/schema.org","@graph":[{"@type":"WebPage","@id":"https:\/\/pauzza.pl\/produkt\/smartwatch-gravity-grafitowy-pasek-bransoleta-gt46-3\/","url":"https:\/\/pauzza.pl\/produkt\/smartwatch-gravity-grafitowy-pasek-bransoleta-gt46-3\/","name":"Smartwatch Gravity Grafitowy Pasek + Bransoleta GT46-3","isPartOf":{"@id":"https:\/\/pauzza.pl\/#website"},"primaryImageOfPage":{"@id":"https:\/\/pauzza.pl\/produkt\/smartwatch-gravity-grafitowy-pasek-bransoleta-gt46-3\/#primaryimage"},"image":{"@id":"https:\/\/pauzza.pl\/produkt\/smartwatch-gravity-grafitowy-pasek-bransoleta-gt46-3\/#primaryimage"},"thumbnailUrl":"https:\/\/pauzza.pl\/wp-content\/uploads\/2026\/04\/1_max-36.jpg","datePublished":"2026-04-28T14:19:46+00:00","dateModified":"2026-04-29T03:47:15+00:00","breadcrumb":{"@id":"https:\/\/pauzza.pl\/produkt\/smartwatch-gravity-grafitowy-pasek-bransoleta-gt46-3\/#breadcrumb"},"inLanguage":"uk","potentialAction":[{"@type":"ReadAction","target":["https:\/\/pauzza.pl\/produkt\/smartwatch-gravity-grafitowy-pasek-bransoleta-gt46-3\/"]}]},{"@type":"ImageObject","inLanguage":"uk","@id":"https:\/\/pauzza.pl\/produkt\/smartwatch-gravity-grafitowy-pasek-bransoleta-gt46-3\/#primaryimage","url":"https:\/\/pauzza.pl\/wp-content\/uploads\/2026\/04\/1_max-36.jpg","contentUrl":"https:\/\/pauzza.pl\/wp-content\/uploads\/2026\/04\/1_max-36.jpg","width":1000,"height":1000},{"@type":"BreadcrumbList","@id":"https:\/\/pauzza.pl\/produkt\/smartwatch-gravity-grafitowy-pasek-bransoleta-gt46-3\/#breadcrumb","itemListElement":[{"@type":"ListItem","position":1,"name":"Strona g\u0142\u00f3wna","item":"https:\/\/pauzza.pl\/"},{"@type":"ListItem","position":2,"name":"Sklep","item":"https:\/\/pauzza.pl\/sklep\/"},{"@type":"ListItem","position":3,"name":"Smartwatch Gravity Grafitowy Pasek + Bransoleta GT46-3"}]},{"@type":"WebSite","@id":"https:\/\/pauzza.pl\/#website","url":"https:\/\/pauzza.pl\/","name":"\u0406\u043d\u0442\u0435\u0440\u043d\u0435\u0442 \u043c\u0430\u0433\u0430\u0437\u0438\u043d \u0436\u0456\u043d\u043e\u0447\u043e\u0433\u043e \u043e\u0434\u044f\u0433\u0443 Pauzza: \u0416\u0456\u043d\u043e\u0447\u0438\u0439 \u043e\u0434\u044f\u0433. \u041d\u043e\u0432\u0430 \u043a\u043e\u043b\u0435\u043a\u0446\u0456\u044f","description":"\u042f\u043a\u0449\u043e \u0432\u0438 \u0445\u043e\u0447\u0435\u0442\u0435 \u043f\u043e\u0434\u0431\u0430\u0442\u0438 \u043f\u0440\u043e \u0441\u0432\u0456\u0439 \u043f\u0440\u043e\u0444\u0435\u0441\u0456\u0439\u043d\u0438\u0439 \u0442\u0430 \u0441\u0442\u0438\u043b\u044c\u043d\u0438\u0439 \u0432\u0438\u0433\u043b\u044f\u0434 \u043d\u0430 \u0440\u043e\u0431\u043e\u0442\u0456, \u043e\u043d\u043b\u0430\u0439\u043d-\u0431\u0443\u0442\u0456\u043a Pauzza - \u0446\u0435 \u0445\u0456\u0442! \u0422\u0443\u0442 \u0432\u0438 \u0437\u043d\u0430\u0439\u0434\u0435\u0442\u0435 \u0448\u0438\u0440\u043e\u043a\u0438\u0439 \u0432\u0438\u0431\u0456\u0440 \u043f\u0456\u0434\u0436\u0430\u043a\u0456\u0432, \u0441\u043e\u0440\u043e\u0447\u043e\u043a, \u0436\u0430\u043a\u0435\u0442\u0456\u0432, \u0441\u0443\u043a\u043e\u043d\u044c, \u0441\u043f\u0456\u0434\u043d\u0438\u0446\u044c \u0442\u0430 \u0431\u0430\u0433\u0430\u0442\u043e \u0456\u043d\u0448\u043e\u0433\u043e.","publisher":{"@id":"https:\/\/pauzza.pl\/#organization"},"potentialAction":[{"@type":"SearchAction","target":{"@type":"EntryPoint","urlTemplate":"https:\/\/pauzza.pl\/?s={search_term_string}"},"query-input":{"@type":"PropertyValueSpecification","valueRequired":true,"valueName":"search_term_string"}}],"inLanguage":"uk"},{"@type":"Organization","@id":"https:\/\/pauzza.pl\/#organization","name":"\u0406\u043d\u0442\u0435\u0440\u043d\u0435\u0442 \u043c\u0430\u0433\u0430\u0437\u0438\u043d \u0436\u0456\u043d\u043e\u0447\u043e\u0433\u043e \u043e\u0434\u044f\u0433\u0443 Pauzza: \u0416\u0456\u043d\u043e\u0447\u0438\u0439 \u043e\u0434\u044f\u0433. \u041d\u043e\u0432\u0430 \u043a\u043e\u043b\u0435\u043a\u0446\u0456\u044f","url":"https:\/\/pauzza.pl\/","logo":{"@type":"ImageObject","inLanguage":"uk","@id":"https:\/\/pauzza.pl\/#\/schema\/logo\/image\/","url":"https:\/\/pauzza.pl\/wp-content\/uploads\/2024\/01\/pauzzaw.png","contentUrl":"https:\/\/pauzza.pl\/wp-content\/uploads\/2024\/01\/pauzzaw.png","width":350,"height":100,"caption":"Sklep online z damsk\u0105 odzie\u017c\u0105 Pauzza: Damska odzie\u017c. Nowa Kolekcja"},"image":{"@id":"https:\/\/pauzza.pl\/#\/schema\/logo\/image\/"}}]}},"_links":{"self":[{"href":"https:\/\/pauzza.pl\/uk\/wp-json\/wp\/v2\/product\/1088958","targetHints":{"allow":["GET"]}}],"collection":[{"href":"https:\/\/pauzza.pl\/uk\/wp-json\/wp\/v2\/product"}],"about":[{"href":"https:\/\/pauzza.pl\/uk\/wp-json\/wp\/v2\/types\/product"}],"wp:featuredmedia":[{"embeddable":true,"href":"https:\/\/pauzza.pl\/uk\/wp-json\/wp\/v2\/media\/1088960"}],"wp:attachment":[{"href":"https:\/\/pauzza.pl\/uk\/wp-json\/wp\/v2\/media?parent=1088958"}],"wp:term":[{"taxonomy":"product_brand","embeddable":true,"href":"https:\/\/pauzza.pl\/uk\/wp-json\/wp\/v2\/product_brand?post=1088958"},{"taxonomy":"product_cat","embeddable":true,"href":"https:\/\/pauzza.pl\/uk\/wp-json\/wp\/v2\/product_cat?post=1088958"},{"taxonomy":"product_tag","embeddable":true,"href":"https:\/\/pauzza.pl\/uk\/wp-json\/wp\/v2\/product_tag?post=1088958"}],"curies":[{"name":"wp","href":"https:\/\/api.w.org\/{rel}","templated":true}]}}