{"id":1088885,"date":"2026-04-28T16:19:27","date_gmt":"2026-04-28T14:19:27","guid":{"rendered":"https:\/\/pauzza.pl\/produkt\/smartwatch-gravity-srebrny-pasek-bransoleta-gt44-4\/"},"modified":"2026-04-28T23:47:31","modified_gmt":"2026-04-28T21:47:31","slug":"smartwatch-gravity-srebrny-pasek-bransoleta-gt44-4","status":"publish","type":"product","link":"https:\/\/pauzza.pl\/uk\/%d0%bf%d1%80%d0%be%d0%b4%d1%83%d0%ba%d1%82\/smartwatch-gravity-srebrny-pasek-bransoleta-gt44-4\/","title":{"rendered":"Smartwatch Gravity Srebrny Pasek + Bransoleta GT44-4"},"content":{"rendered":"<p style=\"text-align: left\">\u00a0<\/p>\n<p style=\"text-align: left\"><strong><span style=\"font-size: 18pt\">Smartwatch Gravity Srebrny Pasek + Bransoleta GT44-4<\/span><\/strong><\/p>\n<p style=\"text-align: center\">\u00a0<\/p>\n<p data-start=\"0\" data-end=\"517\"><span style=\"font-size: 12pt\">Smartwatch damski <strong data-start=\"18\" data-end=\"36\">Gravity GT44-4<\/strong> to idealne po\u0142\u0105czenie subtelnej elegancji, nowoczesnego stylu i codziennej wygody. Ten stylowy smartwatch z prostok\u0105tn\u0105 kopert\u0105 zachwyca smuk\u0142\u0105, kobiec\u0105 form\u0105 i pi\u0119knie prezentuje si\u0119 na nadgarstku. <strong data-start=\"236\" data-end=\"255\">Srebrna koperta<\/strong> nadaje mu nowoczesnego, \u015bwie\u017cego charakteru, a w zestawie znajduje si\u0119 <strong data-start=\"327\" data-end=\"353\">bia\u0142y pasek silikonowy<\/strong> oraz <strong data-start=\"359\" data-end=\"396\">dodatkowa srebrna bransoleta mesh<\/strong>, dzi\u0119ki czemu z \u0142atwo\u015bci\u0105 dopasujesz zegarek do codziennych stylizacji, pracy, spacer\u00f3w czy bardziej eleganckich okazji.<\/span><\/p>\n<p data-start=\"519\" data-end=\"1005\"><span style=\"font-size: 12pt\">Gravity <strong data-start=\"527\" data-end=\"537\">GT44-4<\/strong> smartwatch damski zosta\u0142 stworzony dla kobiet, kt\u00f3re ceni\u0105 modny wygl\u0105d, komfort noszenia i uniwersalno\u015b\u0107. Na <strong data-start=\"648\" data-end=\"676\">bia\u0142ym pasku silikonowym<\/strong> prezentuje si\u0119 lekko, \u015bwie\u017co i bardzo wygodnie, dlatego \u015bwietnie sprawdzi si\u0119 na co dzie\u0144, podczas aktywno\u015bci, spaceru, treningu czy relaksu. Po zmianie na <strong data-start=\"833\" data-end=\"860\">srebrn\u0105 bransolet\u0119 mesh<\/strong> zyskuje bardziej elegancki, bi\u017cuteryjny i nowoczesny charakter, kt\u00f3ry doskonale podkre\u015bla kobiece stylizacje i dodaje ca\u0142o\u015bci wyj\u0105tkowego szyku.<\/span><\/p>\n<p data-start=\"1007\" data-end=\"1454\"><span style=\"font-size: 12pt\">To model dla kobiet, kt\u00f3re chc\u0105 mie\u0107 na nadgarstku co\u015b wi\u0119cej ni\u017c zwyk\u0142y zegarek. Smuk\u0142a konstrukcja, jasna kolorystyka i estetyczne tarcze sprawiaj\u0105, \u017ce <strong data-start=\"1161\" data-end=\"1171\">GT44-4<\/strong> \u015bwietnie wpisuje si\u0119 zar\u00f3wno w styl casualowy, jak i bardziej elegancki. Na zdj\u0119ciach wida\u0107 tak\u017ce funkcje zwi\u0105zane z codzienn\u0105 aktywno\u015bci\u0105, takie jak <strong data-start=\"1322\" data-end=\"1342\">monitoring t\u0119tna<\/strong>, <strong data-start=\"1344\" data-end=\"1362\">licznik krok\u00f3w<\/strong> oraz nowoczesne dane widoczne na ekranie, co dodatkowo podkre\u015bla jego praktyczny charakter.<\/span><\/p>\n<p data-start=\"1456\" data-end=\"1818\" data-is-last-node=\"\" data-is-only-node=\"\"><span style=\"font-size: 12pt\">Je\u015bli szukasz produktu takiego jak <strong data-start=\"1491\" data-end=\"1522\">elegancki smartwatch damski<\/strong>, <strong data-start=\"1524\" data-end=\"1558\">srebrny smartwatch dla kobiety<\/strong>, <strong data-start=\"1560\" data-end=\"1604\">smartwatch damski z bransolet\u0105 i paskiem<\/strong> albo modny zegarek smart do codziennych stylizacji, model <strong data-start=\"1663\" data-end=\"1681\">Gravity GT44-4<\/strong> b\u0119dzie doskona\u0142ym wyborem. To kobiecy, stylowy i uniwersalny smartwatch, kt\u00f3ry \u0142\u0105czy atrakcyjny wygl\u0105d z wygod\u0105 codziennego u\u017cytkowania.<\/span><\/p>\n<p>\u00a0<\/p>\n<p>\u00a0<\/p>\n<h2><span style=\"font-size: 14pt\">FUNKCJE<\/span><\/h2>\n<div class=\"_1voj4 _z9prt _1xzdi _ai5yc _5d6n2 _15lj1\">\n<div class=\"_2d49e_5pK0q\">\n<p><span style=\"font-size: 12pt\">&#8211; Wykonywanie i odbieranie po\u0142\u0105cze\u0144 telefonicznych z poziomu smartwatcha<\/span><\/p>\n<p><span style=\"font-size: 12pt\">&#8211; \u00a0Monitorowanie ci\u015bnienia<\/span><\/p>\n<p><span style=\"font-size: 12pt\">&#8211;\u00a0 Monitorowanie poziomu tlenu we krwi<\/span><\/p>\n<p><span style=\"font-size: 12pt\">&#8211;\u00a0 Pogoda<\/span><\/p>\n<p><span style=\"font-size: 12pt\">&#8211;\u00a0 Monitorowanie pracy serca<\/span><\/p>\n<p><span style=\"font-size: 12pt\">&#8211;\u00a0 Raport aktywno\u015bci<\/span><\/p>\n<p><span style=\"font-size: 12pt\">&#8211;\u00a0 Monitorowanie snu<\/span><\/p>\n<p><span style=\"font-size: 12pt\">&#8211;\u00a0 Tryby sportowe<\/span><\/p>\n<p><span style=\"font-size: 12pt\">&#8211;\u00a0 Stoper<\/span><\/p>\n<p><span style=\"font-size: 12pt\">&#8211;\u00a0 Alarm<\/span><\/p>\n<p><span style=\"font-size: 12pt\">&#8211;\u00a0 Tryb kinowy (wyciszenie)<\/span><\/p>\n<p><span style=\"font-size: 12pt\">&#8211;\u00a0 Przypomnienie o ruchu<\/span><\/p>\n<p><span style=\"font-size: 12pt\">&#8211;\u00a0 Monitorowanie snu<\/span><\/p>\n<p><span style=\"font-size: 12pt\">&#8211;\u00a0 Sterowanie muzyk\u0105<\/span><\/p>\n<p><span style=\"font-size: 12pt\">&#8211;\u00a0 Przypomnienie o wiadomo\u015bciach<\/span><\/p>\n<p><span style=\"font-size: 12pt\">&#8211;\u00a0 Zdalne zdj\u0119cie<\/span><\/p>\n<p><span style=\"font-size: 12pt\">&#8211;\u00a0 Przypomnienie o wypiciu wody<\/span><\/p>\n<p><span style=\"font-size: 12pt\">&#8211;\u00a0 Poziom stresu<\/span><\/p>\n<p><span style=\"font-size: 12pt\">&#8211;\u00a0 \u0106wiczenia oddechowe<\/span><\/p>\n<p><span style=\"font-size: 12pt\">&#8211;\u00a0 Wyb\u00f3r jasno\u015bci ekranu<\/span><\/p>\n<p><span style=\"font-size: 12pt\">&#8211;\u00a0 Wzbudzanie ekranu ruchem nadgarstka<\/span><\/p>\n<p><span style=\"font-size: 12pt\">&#8211;\u00a0 Biblioteka tarcz &#8211; mo\u017cliwo\u015b\u0107 wgrania w\u0142asnego zdj\u0119cia<\/span><\/p>\n<p><span style=\"font-size: 12pt\">&#8211;\u00a0\u00a0Asystent g\u0142osowy &#8211; teraz mo\u017cesz sterowa\u0107 asystentem g\u0142osowym w twoim telefonie za pomoc\u0105 smartwatcha<\/span><\/p>\n<p><span style=\"font-size: 12pt\">&#8211;\u00a0 Znajd\u017a m\u00f3j smartwatch<\/span><\/p>\n<\/div>\n<\/div>\n<div class=\"_1voj4 _z9prt _1xzdi _ai5yc _5d6n2 _15lj1\">\n<div class=\"_2d49e_5pK0q\"><span style=\"font-size: 12pt\">&#8211;\u00a0 Format czasu \u2013 dwie opcje: 12 i 24 godziny<\/span><\/div>\n<div class=\"_2d49e_5pK0q\">\u00a0<\/div>\n<\/div>\n<h2><span style=\"font-size: 14pt\">SPECYFIKACJA<\/span><\/h2>\n<p><span style=\"font-size: 12pt\">&#8211;\u00a0 Wbudowany g\u0142o\u015bnik oraz mikrofon<\/span><\/p>\n<p><span style=\"font-size: 12pt\">&#8211;\u00a0 D<\/span><span style=\"font-size: 12pt\">otykowy wy\u015bwietlacz TFT 1.75&#8243; cala o rozdzielczo\u015bci 240&#215;296 px<\/span><\/p>\n<p><span style=\"font-size: 12pt\">&#8211;\u00a0 Procesor:<span> AB5691<\/span><\/span><\/p>\n<p><span style=\"font-size: 12pt\">&#8211;\u00a0 Energooszcz\u0119dny Bluetooth Chip wersja: 5.0<\/span><\/p>\n<p><span style=\"font-size: 12pt\">&#8211;\u00a0 Pami\u0119\u0107: 128Mb<\/span><\/p>\n<p><span style=\"font-size: 12pt\">&#8211;\u00a0 Bateria: 160 mAh<\/span><\/p>\n<p><span style=\"font-size: 12pt\">&#8211;\u00a0 Czas pracy: 3-7 dni &#8211; w zale\u017cno\u015bci od intensywno\u015bci u\u017cytkowania<\/span><\/p>\n<p><span style=\"font-size: 12pt\">&#8211;\u00a0 Czas pracy w trybie czuwania do 10 dni<\/span><\/p>\n<p><span style=\"font-size: 12pt\">&#8211;\u00a0 Wodoodporno\u015b\u0107: IP68 &#8211; odporny na przypadkowy kontakt z wod\u0105<\/span><\/p>\n<p><span style=\"font-size: 12pt\">&#8211;\u00a0 Pasek: silikonowy<\/span><\/p>\n<p><span style=\"font-size: 12pt\">&#8211;\u00a0 Bransoleta: stal szlachetna, typu mesh- regulowana<\/span><\/p>\n<p><span style=\"font-size: 12pt\">&#8211;\u00a0 Koperta: tworzywo sztuczne<\/span><\/p>\n<p><span style=\"font-size: 12pt\">&#8211;\u00a0 Kompatybilno\u015b\u0107: wszystkie smartfony Android (od wersji 4.0) i iPhone (od wersji iOS 8.0)<\/span><\/p>\n<p><span style=\"font-size: 12pt\">&#8211;\u00a0 Aplikacja: dedykowana w j\u0119zyku polskim<\/span><\/p>\n<p><span style=\"font-size: 12pt\">&#8211;\u00a0 Menu smartwatch&#8217;a: j\u0119zyk polski<\/span><\/p>\n<p><span style=\"font-size: 12pt\">&#8211;\u00a0 Instrukcja obs\u0142ugi: j\u0119zyk polski, j\u0119zyk angielski<\/span><\/p>\n<p>\u00a0<\/p>\n<p>\u00a0<\/p>\n<p><span style=\"font-size: 14pt\"><strong>WYMIARY w mm<\/strong><\/span><\/p>\n<p><span style=\"font-size: 12pt\">&#8211;\u00a0 Koperta \u015brednica: 44&#215;33<\/span><\/p>\n<p><span style=\"font-size: 12pt\">&#8211;\u00a0 Grubo\u015b\u0107: 8,7<\/span><\/p>\n<p><span style=\"font-size: 12pt\">&#8211;\u00a0 Pasek szeroko\u015b\u0107: 18<\/span><\/p>\n<p><span style=\"font-size: 12pt\">&#8211;\u00a0 Pasek obw\u00f3d: 170-225<\/span><\/p>\n<p>\u00a0<\/p>\n<p><span style=\"font-size: 14pt\"><strong>KOLORYSTYKA<\/strong><\/span><\/p>\n<p><span style=\"font-size: 12pt\">&#8211;\u00a0 Koperta: srebrna<\/span><\/p>\n<p><span style=\"font-size: 12pt\">&#8211;\u00a0 Pasek: bia\u0142y<\/span><span style=\"font-size: 12pt\"><\/span><\/p>\n<p><span style=\"font-size: 12pt\">&#8211;\u00a0 Bransoleta: srebrna<\/span><\/p>\n<p>\u00a0<\/p>\n<p><strong><span>\u00a0<\/span><\/strong><\/p>\n<p><span style=\"font-size: 14pt\"><strong>W ZESTAWIE OTRZYMASZ:<\/strong><\/span><\/p>\n<p><span style=\"font-size: 12pt\">&#8211;\u00a0 Oryginalny zegarek marki GRAVITY<\/span><\/p>\n<p><span style=\"font-size: 12pt\">&#8211;\u00a0 Pasek i bransolet\u0119<\/span><\/p>\n<p><span style=\"font-size: 12pt\">&#8211;\u00a0 Zestaw do ochrony ekranu<\/span><\/p>\n<p><span style=\"font-size: 12pt\">&#8211;\u00a0 Kabel do \u0142adowania z ko\u0144c\u00f3wk\u0105 USB<\/span><\/p>\n<p><span style=\"font-size: 12pt\">&#8211;\u00a0 Oryginalne pude\u0142ko<\/span><\/p>\n<p><span style=\"font-size: 12pt\">&#8211;\u00a0 Instrukcja obs\u0142ugi w j\u0119zyku polskim<\/span><\/p>\n<p><span style=\"font-size: 12pt\">&#8211;\u00a0 Karta gwarancyjna<\/span><\/p>\n<p><strong><span>\u00a0<\/span><\/strong><\/p>\n<p>\u00a0<\/p>\n<p data-start=\"0\" data-end=\"58\"><span style=\"font-size: 12pt\"><strong data-start=\"0\" data-end=\"56\">SMARTWATCH GRAVITY \u2013 inteligencja, styl i niezawodno\u015b\u0107 w jednym zegarku<\/strong><\/span><\/p>\n<p data-start=\"60\" data-end=\"515\"><span style=\"font-size: 12pt\">Marka <strong data-start=\"66\" data-end=\"77\">GRAVITY<\/strong> to wi\u0119cej ni\u017c smartwatch \u2013 to partner, kt\u00f3ry towarzyszy Ci w ka\u017cdym ruchu, pulsie i my\u015bli. Stworzony dla os\u00f3b, kt\u00f3re \u017cyj\u0105 aktywnie, ceni\u0105 innowacje i nie boj\u0105 si\u0119 wyzwa\u0144, \u0142\u0105czy nowoczesny design z najnowsz\u0105 technologi\u0105, pomagaj\u0105c osi\u0105ga\u0107 wi\u0119cej ka\u017cdego dnia. Zorganizowany co do minuty, monitoruje Tw\u00f3j rytm dobowy, przypomina o aktywno\u015bci i troszczy si\u0119 o zdrowie, oferuj\u0105c zaawansowane funkcje \u015bledzenia parametr\u00f3w cia\u0142a.<\/span><\/p>","protected":false},"excerpt":{"rendered":"<p>\u00a0 Smartwatch Gravity Srebrny Pasek + Bransoleta GT44-4 \u00a0 Smartwatch damski Gravity GT44-4 to idealne po\u0142\u0105czenie subtelnej elegancji, nowoczesnego stylu i codziennej wygody. Ten stylowy smartwatch z prostok\u0105tn\u0105 kopert\u0105 zachwyca smuk\u0142\u0105, kobiec\u0105 form\u0105 i pi\u0119knie prezentuje si\u0119 na nadgarstku. Srebrna koperta nadaje mu nowoczesnego, \u015bwie\u017cego charakteru, a w zestawie znajduje si\u0119 bia\u0142y pasek silikonowy oraz [&hellip;]<\/p>","protected":false},"featured_media":1088887,"template":"","meta":{"_acf_changed":false},"product_brand":[],"product_cat":[4923,4835],"product_tag":[],"class_list":{"0":"post-1088885","1":"product","2":"type-product","3":"status-publish","4":"has-post-thumbnail","6":"product_cat-gravity","7":"product_cat-smartwatch","9":"first","10":"instock","11":"taxable","12":"shipping-taxable","13":"purchasable","14":"product-type-simple"},"acf":[],"yoast_head":"<!-- This site is optimized with the Yoast SEO plugin v27.2 - https:\/\/yoast.com\/product\/yoast-seo-wordpress\/ -->\n<title>Smartwatch Gravity Srebrny Pasek + Bransoleta GT44-4<\/title>\n<meta name=\"robots\" content=\"index, follow, max-snippet:-1, max-image-preview:large, max-video-preview:-1\" \/>\n<link rel=\"canonical\" href=\"https:\/\/pauzza.pl\/uk\/\u043f\u0440\u043e\u0434\u0443\u043a\u0442\/smartwatch-gravity-srebrny-pasek-bransoleta-gt44-4\/\" \/>\n<meta property=\"og:locale\" content=\"uk_UA\" \/>\n<meta property=\"og:type\" content=\"article\" \/>\n<meta property=\"og:title\" content=\"Smartwatch Gravity Srebrny Pasek + Bransoleta GT44-4\" \/>\n<meta property=\"og:description\" content=\"\u00a0 Smartwatch Gravity Srebrny Pasek + Bransoleta GT44-4 \u00a0 Smartwatch damski Gravity GT44-4 to idealne po\u0142\u0105czenie subtelnej elegancji, nowoczesnego stylu i codziennej wygody. Ten stylowy smartwatch z prostok\u0105tn\u0105 kopert\u0105 zachwyca smuk\u0142\u0105, kobiec\u0105 form\u0105 i pi\u0119knie prezentuje si\u0119 na nadgarstku. Srebrna koperta nadaje mu nowoczesnego, \u015bwie\u017cego charakteru, a w zestawie znajduje si\u0119 bia\u0142y pasek silikonowy oraz [&hellip;]\" \/>\n<meta property=\"og:url\" content=\"https:\/\/pauzza.pl\/uk\/\u043f\u0440\u043e\u0434\u0443\u043a\u0442\/smartwatch-gravity-srebrny-pasek-bransoleta-gt44-4\/\" \/>\n<meta property=\"og:site_name\" content=\"Sklep online z damsk\u0105 odzie\u017c\u0105 Pauzza: Damska odzie\u017c. Nowa Kolekcja\" \/>\n<meta property=\"article:modified_time\" content=\"2026-04-28T21:47:31+00:00\" \/>\n<meta property=\"og:image\" content=\"https:\/\/pauzza.pl\/wp-content\/uploads\/2026\/04\/1_max-32.jpg\" \/>\n\t<meta property=\"og:image:width\" content=\"1000\" \/>\n\t<meta property=\"og:image:height\" content=\"1000\" \/>\n\t<meta property=\"og:image:type\" content=\"image\/jpeg\" \/>\n<meta name=\"twitter:card\" content=\"summary_large_image\" \/>\n<meta name=\"twitter:label1\" content=\"\u041f\u0440\u0438\u0431\u043b. \u0447\u0430\u0441 \u0447\u0438\u0442\u0430\u043d\u043d\u044f\" \/>\n\t<meta name=\"twitter:data1\" content=\"3 \u0445\u0432\u0438\u043b\u0438\u043d\u0438\" \/>\n<script type=\"application\/ld+json\" class=\"yoast-schema-graph\">{\"@context\":\"https:\/\/schema.org\",\"@graph\":[{\"@type\":\"WebPage\",\"@id\":\"https:\/\/pauzza.pl\/produkt\/smartwatch-gravity-srebrny-pasek-bransoleta-gt44-4\/\",\"url\":\"https:\/\/pauzza.pl\/produkt\/smartwatch-gravity-srebrny-pasek-bransoleta-gt44-4\/\",\"name\":\"Smartwatch Gravity Srebrny Pasek + Bransoleta GT44-4\",\"isPartOf\":{\"@id\":\"https:\/\/pauzza.pl\/#website\"},\"primaryImageOfPage\":{\"@id\":\"https:\/\/pauzza.pl\/produkt\/smartwatch-gravity-srebrny-pasek-bransoleta-gt44-4\/#primaryimage\"},\"image\":{\"@id\":\"https:\/\/pauzza.pl\/produkt\/smartwatch-gravity-srebrny-pasek-bransoleta-gt44-4\/#primaryimage\"},\"thumbnailUrl\":\"https:\/\/pauzza.pl\/wp-content\/uploads\/2026\/04\/1_max-32.jpg\",\"datePublished\":\"2026-04-28T14:19:27+00:00\",\"dateModified\":\"2026-04-28T21:47:31+00:00\",\"breadcrumb\":{\"@id\":\"https:\/\/pauzza.pl\/produkt\/smartwatch-gravity-srebrny-pasek-bransoleta-gt44-4\/#breadcrumb\"},\"inLanguage\":\"uk\",\"potentialAction\":[{\"@type\":\"ReadAction\",\"target\":[\"https:\/\/pauzza.pl\/produkt\/smartwatch-gravity-srebrny-pasek-bransoleta-gt44-4\/\"]}]},{\"@type\":\"ImageObject\",\"inLanguage\":\"uk\",\"@id\":\"https:\/\/pauzza.pl\/produkt\/smartwatch-gravity-srebrny-pasek-bransoleta-gt44-4\/#primaryimage\",\"url\":\"https:\/\/pauzza.pl\/wp-content\/uploads\/2026\/04\/1_max-32.jpg\",\"contentUrl\":\"https:\/\/pauzza.pl\/wp-content\/uploads\/2026\/04\/1_max-32.jpg\",\"width\":1000,\"height\":1000},{\"@type\":\"BreadcrumbList\",\"@id\":\"https:\/\/pauzza.pl\/produkt\/smartwatch-gravity-srebrny-pasek-bransoleta-gt44-4\/#breadcrumb\",\"itemListElement\":[{\"@type\":\"ListItem\",\"position\":1,\"name\":\"Strona g\u0142\u00f3wna\",\"item\":\"https:\/\/pauzza.pl\/\"},{\"@type\":\"ListItem\",\"position\":2,\"name\":\"Sklep\",\"item\":\"https:\/\/pauzza.pl\/sklep\/\"},{\"@type\":\"ListItem\",\"position\":3,\"name\":\"Smartwatch Gravity Srebrny Pasek + Bransoleta GT44-4\"}]},{\"@type\":\"WebSite\",\"@id\":\"https:\/\/pauzza.pl\/#website\",\"url\":\"https:\/\/pauzza.pl\/\",\"name\":\"Sklep online z damsk\u0105 odzie\u017c\u0105 Pauzza: Damska odzie\u017c. Nowa Kolekcja\",\"description\":\"Je\u015bli chcesz zadba\u0107 o sw\u00f3j profesjonalny i pe\u0142en klasy wygl\u0105d w pracy butik online Pauzza, to strza\u0142 w dziesi\u0105tk\u0119! U nas znajdziesz szeroki wyb\u00f3r \u017cakiet\u00f3w, koszul, kurtek, sukienek, sp\u00f3dnic i wiele wiecej\",\"publisher\":{\"@id\":\"https:\/\/pauzza.pl\/#organization\"},\"potentialAction\":[{\"@type\":\"SearchAction\",\"target\":{\"@type\":\"EntryPoint\",\"urlTemplate\":\"https:\/\/pauzza.pl\/?s={search_term_string}\"},\"query-input\":{\"@type\":\"PropertyValueSpecification\",\"valueRequired\":true,\"valueName\":\"search_term_string\"}}],\"inLanguage\":\"uk\"},{\"@type\":\"Organization\",\"@id\":\"https:\/\/pauzza.pl\/#organization\",\"name\":\"Sklep online z damsk\u0105 odzie\u017c\u0105 Pauzza: Damska odzie\u017c. Nowa Kolekcja\",\"url\":\"https:\/\/pauzza.pl\/\",\"logo\":{\"@type\":\"ImageObject\",\"inLanguage\":\"uk\",\"@id\":\"https:\/\/pauzza.pl\/#\/schema\/logo\/image\/\",\"url\":\"https:\/\/pauzza.pl\/wp-content\/uploads\/2024\/01\/pauzzaw.png\",\"contentUrl\":\"https:\/\/pauzza.pl\/wp-content\/uploads\/2024\/01\/pauzzaw.png\",\"width\":350,\"height\":100,\"caption\":\"Sklep online z damsk\u0105 odzie\u017c\u0105 Pauzza: Damska odzie\u017c. Nowa Kolekcja\"},\"image\":{\"@id\":\"https:\/\/pauzza.pl\/#\/schema\/logo\/image\/\"}}]}<\/script>\n<!-- \/ Yoast SEO plugin. -->","yoast_head_json":{"title":"Smartwatch Gravity Srebrny Pasek + Bransoleta GT44-4","robots":{"index":"index","follow":"follow","max-snippet":"max-snippet:-1","max-image-preview":"max-image-preview:large","max-video-preview":"max-video-preview:-1"},"canonical":"https:\/\/pauzza.pl\/uk\/\u043f\u0440\u043e\u0434\u0443\u043a\u0442\/smartwatch-gravity-srebrny-pasek-bransoleta-gt44-4\/","og_locale":"uk_UA","og_type":"article","og_title":"Smartwatch Gravity Srebrny Pasek + Bransoleta GT44-4","og_description":"\u00a0 Smartwatch Gravity Srebrny Pasek + Bransoleta GT44-4 \u00a0 Smartwatch damski Gravity GT44-4 to idealne po\u0142\u0105czenie subtelnej elegancji, nowoczesnego stylu i codziennej wygody. Ten stylowy smartwatch z prostok\u0105tn\u0105 kopert\u0105 zachwyca smuk\u0142\u0105, kobiec\u0105 form\u0105 i pi\u0119knie prezentuje si\u0119 na nadgarstku. Srebrna koperta nadaje mu nowoczesnego, \u015bwie\u017cego charakteru, a w zestawie znajduje si\u0119 bia\u0142y pasek silikonowy oraz [&hellip;]","og_url":"https:\/\/pauzza.pl\/uk\/\u043f\u0440\u043e\u0434\u0443\u043a\u0442\/smartwatch-gravity-srebrny-pasek-bransoleta-gt44-4\/","og_site_name":"Sklep online z damsk\u0105 odzie\u017c\u0105 Pauzza: Damska odzie\u017c. Nowa Kolekcja","article_modified_time":"2026-04-28T21:47:31+00:00","og_image":[{"width":1000,"height":1000,"url":"https:\/\/pauzza.pl\/wp-content\/uploads\/2026\/04\/1_max-32.jpg","type":"image\/jpeg"}],"twitter_card":"summary_large_image","twitter_misc":{"\u041f\u0440\u0438\u0431\u043b. \u0447\u0430\u0441 \u0447\u0438\u0442\u0430\u043d\u043d\u044f":"3 \u0445\u0432\u0438\u043b\u0438\u043d\u0438"},"schema":{"@context":"https:\/\/schema.org","@graph":[{"@type":"WebPage","@id":"https:\/\/pauzza.pl\/produkt\/smartwatch-gravity-srebrny-pasek-bransoleta-gt44-4\/","url":"https:\/\/pauzza.pl\/produkt\/smartwatch-gravity-srebrny-pasek-bransoleta-gt44-4\/","name":"Smartwatch Gravity Srebrny Pasek + Bransoleta GT44-4","isPartOf":{"@id":"https:\/\/pauzza.pl\/#website"},"primaryImageOfPage":{"@id":"https:\/\/pauzza.pl\/produkt\/smartwatch-gravity-srebrny-pasek-bransoleta-gt44-4\/#primaryimage"},"image":{"@id":"https:\/\/pauzza.pl\/produkt\/smartwatch-gravity-srebrny-pasek-bransoleta-gt44-4\/#primaryimage"},"thumbnailUrl":"https:\/\/pauzza.pl\/wp-content\/uploads\/2026\/04\/1_max-32.jpg","datePublished":"2026-04-28T14:19:27+00:00","dateModified":"2026-04-28T21:47:31+00:00","breadcrumb":{"@id":"https:\/\/pauzza.pl\/produkt\/smartwatch-gravity-srebrny-pasek-bransoleta-gt44-4\/#breadcrumb"},"inLanguage":"uk","potentialAction":[{"@type":"ReadAction","target":["https:\/\/pauzza.pl\/produkt\/smartwatch-gravity-srebrny-pasek-bransoleta-gt44-4\/"]}]},{"@type":"ImageObject","inLanguage":"uk","@id":"https:\/\/pauzza.pl\/produkt\/smartwatch-gravity-srebrny-pasek-bransoleta-gt44-4\/#primaryimage","url":"https:\/\/pauzza.pl\/wp-content\/uploads\/2026\/04\/1_max-32.jpg","contentUrl":"https:\/\/pauzza.pl\/wp-content\/uploads\/2026\/04\/1_max-32.jpg","width":1000,"height":1000},{"@type":"BreadcrumbList","@id":"https:\/\/pauzza.pl\/produkt\/smartwatch-gravity-srebrny-pasek-bransoleta-gt44-4\/#breadcrumb","itemListElement":[{"@type":"ListItem","position":1,"name":"Strona g\u0142\u00f3wna","item":"https:\/\/pauzza.pl\/"},{"@type":"ListItem","position":2,"name":"Sklep","item":"https:\/\/pauzza.pl\/sklep\/"},{"@type":"ListItem","position":3,"name":"Smartwatch Gravity Srebrny Pasek + Bransoleta GT44-4"}]},{"@type":"WebSite","@id":"https:\/\/pauzza.pl\/#website","url":"https:\/\/pauzza.pl\/","name":"\u0406\u043d\u0442\u0435\u0440\u043d\u0435\u0442 \u043c\u0430\u0433\u0430\u0437\u0438\u043d \u0436\u0456\u043d\u043e\u0447\u043e\u0433\u043e \u043e\u0434\u044f\u0433\u0443 Pauzza: \u0416\u0456\u043d\u043e\u0447\u0438\u0439 \u043e\u0434\u044f\u0433. \u041d\u043e\u0432\u0430 \u043a\u043e\u043b\u0435\u043a\u0446\u0456\u044f","description":"\u042f\u043a\u0449\u043e \u0432\u0438 \u0445\u043e\u0447\u0435\u0442\u0435 \u043f\u043e\u0434\u0431\u0430\u0442\u0438 \u043f\u0440\u043e \u0441\u0432\u0456\u0439 \u043f\u0440\u043e\u0444\u0435\u0441\u0456\u0439\u043d\u0438\u0439 \u0442\u0430 \u0441\u0442\u0438\u043b\u044c\u043d\u0438\u0439 \u0432\u0438\u0433\u043b\u044f\u0434 \u043d\u0430 \u0440\u043e\u0431\u043e\u0442\u0456, \u043e\u043d\u043b\u0430\u0439\u043d-\u0431\u0443\u0442\u0456\u043a Pauzza - \u0446\u0435 \u0445\u0456\u0442! \u0422\u0443\u0442 \u0432\u0438 \u0437\u043d\u0430\u0439\u0434\u0435\u0442\u0435 \u0448\u0438\u0440\u043e\u043a\u0438\u0439 \u0432\u0438\u0431\u0456\u0440 \u043f\u0456\u0434\u0436\u0430\u043a\u0456\u0432, \u0441\u043e\u0440\u043e\u0447\u043e\u043a, \u0436\u0430\u043a\u0435\u0442\u0456\u0432, \u0441\u0443\u043a\u043e\u043d\u044c, \u0441\u043f\u0456\u0434\u043d\u0438\u0446\u044c \u0442\u0430 \u0431\u0430\u0433\u0430\u0442\u043e \u0456\u043d\u0448\u043e\u0433\u043e.","publisher":{"@id":"https:\/\/pauzza.pl\/#organization"},"potentialAction":[{"@type":"SearchAction","target":{"@type":"EntryPoint","urlTemplate":"https:\/\/pauzza.pl\/?s={search_term_string}"},"query-input":{"@type":"PropertyValueSpecification","valueRequired":true,"valueName":"search_term_string"}}],"inLanguage":"uk"},{"@type":"Organization","@id":"https:\/\/pauzza.pl\/#organization","name":"\u0406\u043d\u0442\u0435\u0440\u043d\u0435\u0442 \u043c\u0430\u0433\u0430\u0437\u0438\u043d \u0436\u0456\u043d\u043e\u0447\u043e\u0433\u043e \u043e\u0434\u044f\u0433\u0443 Pauzza: \u0416\u0456\u043d\u043e\u0447\u0438\u0439 \u043e\u0434\u044f\u0433. \u041d\u043e\u0432\u0430 \u043a\u043e\u043b\u0435\u043a\u0446\u0456\u044f","url":"https:\/\/pauzza.pl\/","logo":{"@type":"ImageObject","inLanguage":"uk","@id":"https:\/\/pauzza.pl\/#\/schema\/logo\/image\/","url":"https:\/\/pauzza.pl\/wp-content\/uploads\/2024\/01\/pauzzaw.png","contentUrl":"https:\/\/pauzza.pl\/wp-content\/uploads\/2024\/01\/pauzzaw.png","width":350,"height":100,"caption":"Sklep online z damsk\u0105 odzie\u017c\u0105 Pauzza: Damska odzie\u017c. Nowa Kolekcja"},"image":{"@id":"https:\/\/pauzza.pl\/#\/schema\/logo\/image\/"}}]}},"_links":{"self":[{"href":"https:\/\/pauzza.pl\/uk\/wp-json\/wp\/v2\/product\/1088885","targetHints":{"allow":["GET"]}}],"collection":[{"href":"https:\/\/pauzza.pl\/uk\/wp-json\/wp\/v2\/product"}],"about":[{"href":"https:\/\/pauzza.pl\/uk\/wp-json\/wp\/v2\/types\/product"}],"wp:featuredmedia":[{"embeddable":true,"href":"https:\/\/pauzza.pl\/uk\/wp-json\/wp\/v2\/media\/1088887"}],"wp:attachment":[{"href":"https:\/\/pauzza.pl\/uk\/wp-json\/wp\/v2\/media?parent=1088885"}],"wp:term":[{"taxonomy":"product_brand","embeddable":true,"href":"https:\/\/pauzza.pl\/uk\/wp-json\/wp\/v2\/product_brand?post=1088885"},{"taxonomy":"product_cat","embeddable":true,"href":"https:\/\/pauzza.pl\/uk\/wp-json\/wp\/v2\/product_cat?post=1088885"},{"taxonomy":"product_tag","embeddable":true,"href":"https:\/\/pauzza.pl\/uk\/wp-json\/wp\/v2\/product_tag?post=1088885"}],"curies":[{"name":"wp","href":"https:\/\/api.w.org\/{rel}","templated":true}]}}