{"id":1088608,"date":"2026-04-28T16:18:15","date_gmt":"2026-04-28T14:18:15","guid":{"rendered":"https:\/\/pauzza.pl\/produkt\/smartwatch-gravity-czarny-niebieski-gt36-6\/"},"modified":"2026-04-28T23:47:30","modified_gmt":"2026-04-28T21:47:30","slug":"smartwatch-gravity-czarny-niebieski-gt36-6","status":"publish","type":"product","link":"https:\/\/pauzza.pl\/uk\/%d0%bf%d1%80%d0%be%d0%b4%d1%83%d0%ba%d1%82\/smartwatch-gravity-czarny-niebieski-gt36-6\/","title":{"rendered":"Smartwatch Gravity Czarny Niebieski GT36-6"},"content":{"rendered":"<p style=\"text-align: left\">\u00a0<\/p>\n<p style=\"text-align: left\"><strong><span style=\"font-size: 18pt\">Smartwatch Gravity Czarny Niebieski GT36-6<\/span><\/strong><\/p>\n<p style=\"text-align: center\">\u00a0<\/p>\n<p data-start=\"86\" data-end=\"510\"><span style=\"font-size: 12pt\"><strong data-start=\"86\" data-end=\"115\">Smartwatch Gravity GT36-6<\/strong> to po\u0142\u0105czenie nowoczesnego stylu, uniwersalnego designu i codziennej wygody. Ten <strong data-start=\"197\" data-end=\"251\">stylowy smartwatch w granatowo-czarnej kolorystyce<\/strong> zachwyca nowoczesnym wygl\u0105dem i \u015bwietnie prezentuje si\u0119 na nadgarstku. <strong data-start=\"323\" data-end=\"341\">Czarna koperta<\/strong> i <strong data-start=\"344\" data-end=\"374\" data-is-only-node=\"\">granatowy silikonowy pasek<\/strong> tworz\u0105 sp\u00f3jn\u0105, nowoczesn\u0105 i uniwersaln\u0105 ca\u0142o\u015b\u0107, kt\u00f3ra doskonale pasuje zar\u00f3wno do sportowych stylizacji, jak i do codziennych zestaw\u00f3w.<\/span><\/p>\n<p data-start=\"512\" data-end=\"901\"><span style=\"font-size: 12pt\"><strong data-start=\"512\" data-end=\"548\">Gravity GT36-6 smartwatch unisex<\/strong> zosta\u0142 stworzony dla os\u00f3b, kt\u00f3re ceni\u0105 modny wygl\u0105d, wygod\u0119 noszenia i nowoczesny design. Jego smuk\u0142a forma sprawia, \u017ce zegarek prezentuje si\u0119 lekko i stylowo, a <strong data-start=\"711\" data-end=\"743\">po\u0142\u0105czenie czerni z granatem<\/strong> dodaje mu wyrazisto\u015bci i nowoczesnego charakteru. To model, kt\u00f3ry doskonale uzupe\u0142nia casualowy outfit, sportowe stylizacje i nowoczesne zestawy na co dzie\u0144.<\/span><\/p>\n<p data-start=\"903\" data-end=\"1224\" data-is-last-node=\"\" data-is-only-node=\"\"><span style=\"font-size: 12pt\">Je\u015bli szukasz produktu takiego jak <strong data-start=\"938\" data-end=\"969\">elegancki smartwatch unisex<\/strong>, <strong data-start=\"971\" data-end=\"1016\">granatowy smartwatch na silikonowym pasku<\/strong> albo <strong data-start=\"1022\" data-end=\"1054\">modny smartwatch na co dzie\u0144<\/strong>, model <strong data-start=\"1062\" data-end=\"1080\">Gravity GT36-6<\/strong> b\u0119dzie doskona\u0142ym wyborem. To <strong data-start=\"1111\" data-end=\"1156\">nowoczesny, uniwersalny i wygodny dodatek<\/strong>, kt\u00f3ry \u0142\u0105czy atrakcyjny wygl\u0105d z komfortem codziennego u\u017cytkowania.<\/span><\/p>\n<p>\u00a0<\/p>\n<p>\u00a0<\/p>\n<h2><span style=\"font-size: 14pt\">FUNKCJE<\/span><\/h2>\n<div class=\"_1voj4 _z9prt _1xzdi _ai5yc _5d6n2 _15lj1\">\n<div class=\"_2d49e_5pK0q\">\n<p><span style=\"font-size: 12pt\">&#8211; Wykonywanie i odbieranie po\u0142\u0105cze\u0144 telefonicznych z poziomu smartwatcha<\/span><\/p>\n<p><span style=\"font-size: 12pt\">&#8211; \u00a0Monitorowanie ci\u015bnienia<\/span><\/p>\n<p><span style=\"font-size: 12pt\">&#8211;\u00a0 Monitorowanie poziomu tlenu we krwi<\/span><\/p>\n<p><span style=\"font-size: 12pt\">&#8211;\u00a0 Pogoda<\/span><\/p>\n<p><span style=\"font-size: 12pt\">&#8211;\u00a0 Monitorowanie pracy serca<\/span><\/p>\n<p><span style=\"font-size: 12pt\">&#8211;\u00a0 Raport aktywno\u015bci<\/span><\/p>\n<p><span style=\"font-size: 12pt\">&#8211;\u00a0 Monitorowanie snu<\/span><\/p>\n<p><span style=\"font-size: 12pt\">&#8211;\u00a0 Tryby sportowe<\/span><\/p>\n<p><span style=\"font-size: 12pt\">&#8211;\u00a0 Stoper<\/span><\/p>\n<p><span style=\"font-size: 12pt\">&#8211;\u00a0 Alarm<\/span><\/p>\n<p><span style=\"font-size: 12pt\">&#8211;\u00a0 Tryb kinowy (wyciszenie)<\/span><\/p>\n<p><span style=\"font-size: 12pt\">&#8211;\u00a0 Przypomnienie o ruchu<\/span><\/p>\n<p><span style=\"font-size: 12pt\">&#8211;\u00a0 Monitorowanie snu<\/span><\/p>\n<p><span style=\"font-size: 12pt\">&#8211;\u00a0 Sterowanie muzyk\u0105<\/span><\/p>\n<p><span style=\"font-size: 12pt\">&#8211;\u00a0 Przypomnienie o wiadomo\u015bciach<\/span><\/p>\n<p><span style=\"font-size: 12pt\">&#8211;\u00a0 Monitoring cyklu miesi\u0105czkowego<\/span><\/p>\n<p><span style=\"font-size: 12pt\">&#8211;\u00a0 Zdalne zdj\u0119cie<\/span><\/p>\n<p><span style=\"font-size: 12pt\">&#8211;\u00a0 Przypomnienie o wypiciu wody<\/span><\/p>\n<p><span style=\"font-size: 12pt\">&#8211;\u00a0 Poziom stresu<\/span><\/p>\n<p><span style=\"font-size: 12pt\">&#8211;\u00a0 \u0106wiczenia oddechowe<\/span><\/p>\n<p><span style=\"font-size: 12pt\">&#8211;\u00a0 Wyb\u00f3r jasno\u015bci ekranu<\/span><\/p>\n<p><span style=\"font-size: 12pt\">&#8211;\u00a0 Wzbudzanie ekranu ruchem nadgarstka<\/span><\/p>\n<p><span style=\"font-size: 12pt\">&#8211;\u00a0 Biblioteka tarcz &#8211; mo\u017cliwo\u015b\u0107 wgrania w\u0142asnego zdj\u0119cia<\/span><\/p>\n<p><span style=\"font-size: 12pt\">&#8211;\u00a0\u00a0Asystent g\u0142osowy &#8211; teraz mo\u017cesz sterowa\u0107 asystentem g\u0142osowym w twoim telefonie za pomoc\u0105 smartwatcha<\/span><\/p>\n<p><span style=\"font-size: 12pt\">&#8211;\u00a0 Znajd\u017a m\u00f3j smartwatch<\/span><\/p>\n<\/div>\n<\/div>\n<div class=\"_1voj4 _z9prt _1xzdi _ai5yc _5d6n2 _15lj1\">\n<div class=\"_2d49e_5pK0q\"><span style=\"font-size: 12pt\">&#8211;\u00a0 Format czasu \u2013 dwie opcje: 12 i 24 godziny<\/span><\/div>\n<div class=\"_2d49e_5pK0q\">\u00a0<\/div>\n<\/div>\n<h2><span style=\"font-size: 14pt\">SPECYFIKACJA<\/span><\/h2>\n<p><span style=\"font-size: 12pt\">&#8211;\u00a0 Wbudowany g\u0142o\u015bnik oraz mikrofon<\/span><\/p>\n<p><span style=\"font-size: 12pt\">&#8211;\u00a0 D<\/span><span style=\"font-size: 12pt\">otykowy wy\u015bwietlacz TFT 1.85&#8243; cala o rozdzielczo\u015bci 240&#215;280 px<\/span><\/p>\n<p><span style=\"font-size: 12pt\">&#8211;\u00a0 Procesor: <span>JL7012<\/span><\/span><\/p>\n<p><span style=\"font-size: 12pt\">&#8211;\u00a0 Energooszcz\u0119dny Bluetooth Chip wersja: 5.1<\/span><\/p>\n<p><span style=\"font-size: 12pt\">&#8211;\u00a0 Pami\u0119\u0107: 128Mb<\/span><\/p>\n<p><span style=\"font-size: 12pt\">&#8211;\u00a0 Bateria: 300 mAh<\/span><\/p>\n<p><span style=\"font-size: 12pt\">&#8211;\u00a0 Czas pracy: do 4-7 dni &#8211; w zale\u017cno\u015bci od intensywno\u015bci u\u017cytkowania<\/span><\/p>\n<p><span style=\"font-size: 12pt\">&#8211;\u00a0 Czas pracy w trybie czuwania do 15-25 dni<\/span><\/p>\n<p><span style=\"font-size: 12pt\">&#8211; \u00a0 Wodoodporno\u015b\u0107: IP68 &#8211; odporny na przypadkowy kontakt z wod\u0105<\/span><\/p>\n<p><span style=\"font-size: 12pt\">&#8211;\u00a0 Pasek: silikonowy<\/span><\/p>\n<p><span style=\"font-size: 12pt\">&#8211;\u00a0 Koperta: tworzywo sztuczne<\/span><\/p>\n<p><span style=\"font-size: 12pt\">&#8211;\u00a0 Kompatybilno\u015b\u0107: wszystkie smartfony Android (od wersji 5.0) i iPhone (od wersji iOS 9.0)<\/span><\/p>\n<p><span style=\"font-size: 12pt\">&#8211;\u00a0 Aplikacja: dedykowana w j\u0119zyku polskim<\/span><\/p>\n<p><span style=\"font-size: 12pt\">&#8211;\u00a0 Menu smartwatch&#8217;a: j\u0119zyk polski<\/span><\/p>\n<p><span style=\"font-size: 12pt\">&#8211;\u00a0 Instrukcja obs\u0142ugi: j\u0119zyk polski, j\u0119zyk angielski<\/span><\/p>\n<p>\u00a0<\/p>\n<p>\u00a0<\/p>\n<p><span style=\"font-size: 14pt\"><strong>WYMIARY w mm<\/strong><\/span><\/p>\n<p><span style=\"font-size: 12pt\">&#8211;\u00a0 Koperta \u015brednica: 45&#215;36<\/span><\/p>\n<p><span style=\"font-size: 12pt\">&#8211;\u00a0 Grubo\u015b\u0107: 12,4<\/span><\/p>\n<p><span style=\"font-size: 12pt\">&#8211;\u00a0 Pasek szeroko\u015b\u0107: 22<\/span><\/p>\n<p><span style=\"font-size: 12pt\">&#8211;\u00a0 Pasek obw\u00f3d: 150-240<\/span><\/p>\n<p>\u00a0<\/p>\n<p><span style=\"font-size: 14pt\"><strong>KOLORYSTYKA<\/strong><\/span><\/p>\n<p><span style=\"font-size: 12pt\">&#8211;\u00a0 Koperta: czarna<\/span><\/p>\n<p><span style=\"font-size: 12pt\">&#8211;\u00a0 Pasek: niebieski<\/span><span style=\"font-size: 12pt\"><\/span><\/p>\n<p>\u00a0<\/p>\n<p><strong><span>\u00a0<\/span><\/strong><\/p>\n<p><span style=\"font-size: 14pt\"><strong>W ZESTAWIE OTRZYMASZ:<\/strong><\/span><\/p>\n<p><span style=\"font-size: 12pt\">&#8211;\u00a0 Oryginalny zegarek marki GRAVITY<\/span><\/p>\n<p><span style=\"font-size: 12pt\">&#8211;\u00a0 Zestaw do ochrony ekranu<\/span><\/p>\n<p><span style=\"font-size: 12pt\">&#8211;\u00a0 Kabel do \u0142adowania z ko\u0144c\u00f3wk\u0105 USB<\/span><\/p>\n<p><span style=\"font-size: 12pt\">&#8211;\u00a0 Oryginalne pude\u0142ko<\/span><\/p>\n<p><span style=\"font-size: 12pt\">&#8211;\u00a0 Instrukcja obs\u0142ugi w j\u0119zyku polskim<\/span><\/p>\n<p><span style=\"font-size: 12pt\">&#8211;\u00a0 Karta gwarancyjna<\/span><\/p>\n<p><strong><span>\u00a0<\/span><\/strong><\/p>\n<p>\u00a0<\/p>\n<p data-start=\"0\" data-end=\"58\"><span style=\"font-size: 12pt\"><strong data-start=\"0\" data-end=\"56\">SMARTWATCH GRAVITY \u2013 inteligencja, styl i niezawodno\u015b\u0107 w jednym zegarku<\/strong><\/span><\/p>\n<p data-start=\"60\" data-end=\"515\"><span style=\"font-size: 12pt\">Marka <strong data-start=\"66\" data-end=\"77\">GRAVITY<\/strong> to wi\u0119cej ni\u017c smartwatch \u2013 to partner, kt\u00f3ry towarzyszy Ci w ka\u017cdym ruchu, pulsie i my\u015bli. Stworzony dla os\u00f3b, kt\u00f3re \u017cyj\u0105 aktywnie, ceni\u0105 innowacje i nie boj\u0105 si\u0119 wyzwa\u0144, \u0142\u0105czy nowoczesny design z najnowsz\u0105 technologi\u0105, pomagaj\u0105c osi\u0105ga\u0107 wi\u0119cej ka\u017cdego dnia. Zorganizowany co do minuty, monitoruje Tw\u00f3j rytm dobowy, przypomina o aktywno\u015bci i troszczy si\u0119 o zdrowie, oferuj\u0105c zaawansowane funkcje \u015bledzenia parametr\u00f3w cia\u0142a.<\/span><\/p>","protected":false},"excerpt":{"rendered":"<p>\u00a0 Smartwatch Gravity Czarny Niebieski GT36-6 \u00a0 Smartwatch Gravity GT36-6 to po\u0142\u0105czenie nowoczesnego stylu, uniwersalnego designu i codziennej wygody. Ten stylowy smartwatch w granatowo-czarnej kolorystyce zachwyca nowoczesnym wygl\u0105dem i \u015bwietnie prezentuje si\u0119 na nadgarstku. Czarna koperta i granatowy silikonowy pasek tworz\u0105 sp\u00f3jn\u0105, nowoczesn\u0105 i uniwersaln\u0105 ca\u0142o\u015b\u0107, kt\u00f3ra doskonale pasuje zar\u00f3wno do sportowych stylizacji, jak i [&hellip;]<\/p>","protected":false},"featured_media":1088610,"template":"","meta":{"_acf_changed":false},"product_brand":[],"product_cat":[4923,4835],"product_tag":[],"class_list":{"0":"post-1088608","1":"product","2":"type-product","3":"status-publish","4":"has-post-thumbnail","6":"product_cat-gravity","7":"product_cat-smartwatch","9":"first","10":"instock","11":"taxable","12":"shipping-taxable","13":"purchasable","14":"product-type-simple"},"acf":[],"yoast_head":"<!-- This site is optimized with the Yoast SEO plugin v27.2 - https:\/\/yoast.com\/product\/yoast-seo-wordpress\/ -->\n<title>Smartwatch Gravity Czarny GT36-6<\/title>\n<meta name=\"robots\" content=\"index, follow, max-snippet:-1, max-image-preview:large, max-video-preview:-1\" \/>\n<link rel=\"canonical\" href=\"https:\/\/pauzza.pl\/uk\/\u043f\u0440\u043e\u0434\u0443\u043a\u0442\/smartwatch-gravity-czarny-niebieski-gt36-6\/\" \/>\n<meta property=\"og:locale\" content=\"uk_UA\" \/>\n<meta property=\"og:type\" content=\"article\" \/>\n<meta property=\"og:title\" content=\"Smartwatch Gravity Czarny GT36-6\" \/>\n<meta property=\"og:description\" content=\"\u00a0 Smartwatch Gravity Czarny Niebieski GT36-6 \u00a0 Smartwatch Gravity GT36-6 to po\u0142\u0105czenie nowoczesnego stylu, uniwersalnego designu i codziennej wygody. Ten stylowy smartwatch w granatowo-czarnej kolorystyce zachwyca nowoczesnym wygl\u0105dem i \u015bwietnie prezentuje si\u0119 na nadgarstku. Czarna koperta i granatowy silikonowy pasek tworz\u0105 sp\u00f3jn\u0105, nowoczesn\u0105 i uniwersaln\u0105 ca\u0142o\u015b\u0107, kt\u00f3ra doskonale pasuje zar\u00f3wno do sportowych stylizacji, jak i [&hellip;]\" \/>\n<meta property=\"og:url\" content=\"https:\/\/pauzza.pl\/uk\/\u043f\u0440\u043e\u0434\u0443\u043a\u0442\/smartwatch-gravity-czarny-niebieski-gt36-6\/\" \/>\n<meta property=\"og:site_name\" content=\"Sklep online z damsk\u0105 odzie\u017c\u0105 Pauzza: Damska odzie\u017c. Nowa Kolekcja\" \/>\n<meta property=\"article:modified_time\" content=\"2026-04-28T21:47:30+00:00\" \/>\n<meta property=\"og:image\" content=\"https:\/\/pauzza.pl\/wp-content\/uploads\/2026\/04\/1_max-18.jpg\" \/>\n\t<meta property=\"og:image:width\" content=\"1000\" \/>\n\t<meta property=\"og:image:height\" content=\"1000\" \/>\n\t<meta property=\"og:image:type\" content=\"image\/jpeg\" \/>\n<meta name=\"twitter:card\" content=\"summary_large_image\" \/>\n<meta name=\"twitter:label1\" content=\"\u041f\u0440\u0438\u0431\u043b. \u0447\u0430\u0441 \u0447\u0438\u0442\u0430\u043d\u043d\u044f\" \/>\n\t<meta name=\"twitter:data1\" content=\"3 \u0445\u0432\u0438\u043b\u0438\u043d\u0438\" \/>\n<script type=\"application\/ld+json\" class=\"yoast-schema-graph\">{\"@context\":\"https:\/\/schema.org\",\"@graph\":[{\"@type\":\"WebPage\",\"@id\":\"https:\/\/pauzza.pl\/produkt\/smartwatch-gravity-czarny-niebieski-gt36-6\/\",\"url\":\"https:\/\/pauzza.pl\/produkt\/smartwatch-gravity-czarny-niebieski-gt36-6\/\",\"name\":\"Smartwatch Gravity Czarny GT36-6\",\"isPartOf\":{\"@id\":\"https:\/\/pauzza.pl\/#website\"},\"primaryImageOfPage\":{\"@id\":\"https:\/\/pauzza.pl\/produkt\/smartwatch-gravity-czarny-niebieski-gt36-6\/#primaryimage\"},\"image\":{\"@id\":\"https:\/\/pauzza.pl\/produkt\/smartwatch-gravity-czarny-niebieski-gt36-6\/#primaryimage\"},\"thumbnailUrl\":\"https:\/\/pauzza.pl\/wp-content\/uploads\/2026\/04\/1_max-18.jpg\",\"datePublished\":\"2026-04-28T14:18:15+00:00\",\"dateModified\":\"2026-04-28T21:47:30+00:00\",\"breadcrumb\":{\"@id\":\"https:\/\/pauzza.pl\/produkt\/smartwatch-gravity-czarny-niebieski-gt36-6\/#breadcrumb\"},\"inLanguage\":\"uk\",\"potentialAction\":[{\"@type\":\"ReadAction\",\"target\":[\"https:\/\/pauzza.pl\/produkt\/smartwatch-gravity-czarny-niebieski-gt36-6\/\"]}]},{\"@type\":\"ImageObject\",\"inLanguage\":\"uk\",\"@id\":\"https:\/\/pauzza.pl\/produkt\/smartwatch-gravity-czarny-niebieski-gt36-6\/#primaryimage\",\"url\":\"https:\/\/pauzza.pl\/wp-content\/uploads\/2026\/04\/1_max-18.jpg\",\"contentUrl\":\"https:\/\/pauzza.pl\/wp-content\/uploads\/2026\/04\/1_max-18.jpg\",\"width\":1000,\"height\":1000},{\"@type\":\"BreadcrumbList\",\"@id\":\"https:\/\/pauzza.pl\/produkt\/smartwatch-gravity-czarny-niebieski-gt36-6\/#breadcrumb\",\"itemListElement\":[{\"@type\":\"ListItem\",\"position\":1,\"name\":\"Strona g\u0142\u00f3wna\",\"item\":\"https:\/\/pauzza.pl\/\"},{\"@type\":\"ListItem\",\"position\":2,\"name\":\"Sklep\",\"item\":\"https:\/\/pauzza.pl\/sklep\/\"},{\"@type\":\"ListItem\",\"position\":3,\"name\":\"Smartwatch Gravity Czarny Niebieski GT36-6\"}]},{\"@type\":\"WebSite\",\"@id\":\"https:\/\/pauzza.pl\/#website\",\"url\":\"https:\/\/pauzza.pl\/\",\"name\":\"Sklep online z damsk\u0105 odzie\u017c\u0105 Pauzza: Damska odzie\u017c. Nowa Kolekcja\",\"description\":\"Je\u015bli chcesz zadba\u0107 o sw\u00f3j profesjonalny i pe\u0142en klasy wygl\u0105d w pracy butik online Pauzza, to strza\u0142 w dziesi\u0105tk\u0119! U nas znajdziesz szeroki wyb\u00f3r \u017cakiet\u00f3w, koszul, kurtek, sukienek, sp\u00f3dnic i wiele wiecej\",\"publisher\":{\"@id\":\"https:\/\/pauzza.pl\/#organization\"},\"potentialAction\":[{\"@type\":\"SearchAction\",\"target\":{\"@type\":\"EntryPoint\",\"urlTemplate\":\"https:\/\/pauzza.pl\/?s={search_term_string}\"},\"query-input\":{\"@type\":\"PropertyValueSpecification\",\"valueRequired\":true,\"valueName\":\"search_term_string\"}}],\"inLanguage\":\"uk\"},{\"@type\":\"Organization\",\"@id\":\"https:\/\/pauzza.pl\/#organization\",\"name\":\"Sklep online z damsk\u0105 odzie\u017c\u0105 Pauzza: Damska odzie\u017c. Nowa Kolekcja\",\"url\":\"https:\/\/pauzza.pl\/\",\"logo\":{\"@type\":\"ImageObject\",\"inLanguage\":\"uk\",\"@id\":\"https:\/\/pauzza.pl\/#\/schema\/logo\/image\/\",\"url\":\"https:\/\/pauzza.pl\/wp-content\/uploads\/2024\/01\/pauzzaw.png\",\"contentUrl\":\"https:\/\/pauzza.pl\/wp-content\/uploads\/2024\/01\/pauzzaw.png\",\"width\":350,\"height\":100,\"caption\":\"Sklep online z damsk\u0105 odzie\u017c\u0105 Pauzza: Damska odzie\u017c. Nowa Kolekcja\"},\"image\":{\"@id\":\"https:\/\/pauzza.pl\/#\/schema\/logo\/image\/\"}}]}<\/script>\n<!-- \/ Yoast SEO plugin. -->","yoast_head_json":{"title":"Smartwatch Gravity Czarny GT36-6","robots":{"index":"index","follow":"follow","max-snippet":"max-snippet:-1","max-image-preview":"max-image-preview:large","max-video-preview":"max-video-preview:-1"},"canonical":"https:\/\/pauzza.pl\/uk\/\u043f\u0440\u043e\u0434\u0443\u043a\u0442\/smartwatch-gravity-czarny-niebieski-gt36-6\/","og_locale":"uk_UA","og_type":"article","og_title":"Smartwatch Gravity Czarny GT36-6","og_description":"\u00a0 Smartwatch Gravity Czarny Niebieski GT36-6 \u00a0 Smartwatch Gravity GT36-6 to po\u0142\u0105czenie nowoczesnego stylu, uniwersalnego designu i codziennej wygody. Ten stylowy smartwatch w granatowo-czarnej kolorystyce zachwyca nowoczesnym wygl\u0105dem i \u015bwietnie prezentuje si\u0119 na nadgarstku. Czarna koperta i granatowy silikonowy pasek tworz\u0105 sp\u00f3jn\u0105, nowoczesn\u0105 i uniwersaln\u0105 ca\u0142o\u015b\u0107, kt\u00f3ra doskonale pasuje zar\u00f3wno do sportowych stylizacji, jak i [&hellip;]","og_url":"https:\/\/pauzza.pl\/uk\/\u043f\u0440\u043e\u0434\u0443\u043a\u0442\/smartwatch-gravity-czarny-niebieski-gt36-6\/","og_site_name":"Sklep online z damsk\u0105 odzie\u017c\u0105 Pauzza: Damska odzie\u017c. Nowa Kolekcja","article_modified_time":"2026-04-28T21:47:30+00:00","og_image":[{"width":1000,"height":1000,"url":"https:\/\/pauzza.pl\/wp-content\/uploads\/2026\/04\/1_max-18.jpg","type":"image\/jpeg"}],"twitter_card":"summary_large_image","twitter_misc":{"\u041f\u0440\u0438\u0431\u043b. \u0447\u0430\u0441 \u0447\u0438\u0442\u0430\u043d\u043d\u044f":"3 \u0445\u0432\u0438\u043b\u0438\u043d\u0438"},"schema":{"@context":"https:\/\/schema.org","@graph":[{"@type":"WebPage","@id":"https:\/\/pauzza.pl\/produkt\/smartwatch-gravity-czarny-niebieski-gt36-6\/","url":"https:\/\/pauzza.pl\/produkt\/smartwatch-gravity-czarny-niebieski-gt36-6\/","name":"Smartwatch Gravity Czarny GT36-6","isPartOf":{"@id":"https:\/\/pauzza.pl\/#website"},"primaryImageOfPage":{"@id":"https:\/\/pauzza.pl\/produkt\/smartwatch-gravity-czarny-niebieski-gt36-6\/#primaryimage"},"image":{"@id":"https:\/\/pauzza.pl\/produkt\/smartwatch-gravity-czarny-niebieski-gt36-6\/#primaryimage"},"thumbnailUrl":"https:\/\/pauzza.pl\/wp-content\/uploads\/2026\/04\/1_max-18.jpg","datePublished":"2026-04-28T14:18:15+00:00","dateModified":"2026-04-28T21:47:30+00:00","breadcrumb":{"@id":"https:\/\/pauzza.pl\/produkt\/smartwatch-gravity-czarny-niebieski-gt36-6\/#breadcrumb"},"inLanguage":"uk","potentialAction":[{"@type":"ReadAction","target":["https:\/\/pauzza.pl\/produkt\/smartwatch-gravity-czarny-niebieski-gt36-6\/"]}]},{"@type":"ImageObject","inLanguage":"uk","@id":"https:\/\/pauzza.pl\/produkt\/smartwatch-gravity-czarny-niebieski-gt36-6\/#primaryimage","url":"https:\/\/pauzza.pl\/wp-content\/uploads\/2026\/04\/1_max-18.jpg","contentUrl":"https:\/\/pauzza.pl\/wp-content\/uploads\/2026\/04\/1_max-18.jpg","width":1000,"height":1000},{"@type":"BreadcrumbList","@id":"https:\/\/pauzza.pl\/produkt\/smartwatch-gravity-czarny-niebieski-gt36-6\/#breadcrumb","itemListElement":[{"@type":"ListItem","position":1,"name":"Strona g\u0142\u00f3wna","item":"https:\/\/pauzza.pl\/"},{"@type":"ListItem","position":2,"name":"Sklep","item":"https:\/\/pauzza.pl\/sklep\/"},{"@type":"ListItem","position":3,"name":"Smartwatch Gravity Czarny Niebieski GT36-6"}]},{"@type":"WebSite","@id":"https:\/\/pauzza.pl\/#website","url":"https:\/\/pauzza.pl\/","name":"\u0406\u043d\u0442\u0435\u0440\u043d\u0435\u0442 \u043c\u0430\u0433\u0430\u0437\u0438\u043d \u0436\u0456\u043d\u043e\u0447\u043e\u0433\u043e \u043e\u0434\u044f\u0433\u0443 Pauzza: \u0416\u0456\u043d\u043e\u0447\u0438\u0439 \u043e\u0434\u044f\u0433. \u041d\u043e\u0432\u0430 \u043a\u043e\u043b\u0435\u043a\u0446\u0456\u044f","description":"\u042f\u043a\u0449\u043e \u0432\u0438 \u0445\u043e\u0447\u0435\u0442\u0435 \u043f\u043e\u0434\u0431\u0430\u0442\u0438 \u043f\u0440\u043e \u0441\u0432\u0456\u0439 \u043f\u0440\u043e\u0444\u0435\u0441\u0456\u0439\u043d\u0438\u0439 \u0442\u0430 \u0441\u0442\u0438\u043b\u044c\u043d\u0438\u0439 \u0432\u0438\u0433\u043b\u044f\u0434 \u043d\u0430 \u0440\u043e\u0431\u043e\u0442\u0456, \u043e\u043d\u043b\u0430\u0439\u043d-\u0431\u0443\u0442\u0456\u043a Pauzza - \u0446\u0435 \u0445\u0456\u0442! \u0422\u0443\u0442 \u0432\u0438 \u0437\u043d\u0430\u0439\u0434\u0435\u0442\u0435 \u0448\u0438\u0440\u043e\u043a\u0438\u0439 \u0432\u0438\u0431\u0456\u0440 \u043f\u0456\u0434\u0436\u0430\u043a\u0456\u0432, \u0441\u043e\u0440\u043e\u0447\u043e\u043a, \u0436\u0430\u043a\u0435\u0442\u0456\u0432, \u0441\u0443\u043a\u043e\u043d\u044c, \u0441\u043f\u0456\u0434\u043d\u0438\u0446\u044c \u0442\u0430 \u0431\u0430\u0433\u0430\u0442\u043e \u0456\u043d\u0448\u043e\u0433\u043e.","publisher":{"@id":"https:\/\/pauzza.pl\/#organization"},"potentialAction":[{"@type":"SearchAction","target":{"@type":"EntryPoint","urlTemplate":"https:\/\/pauzza.pl\/?s={search_term_string}"},"query-input":{"@type":"PropertyValueSpecification","valueRequired":true,"valueName":"search_term_string"}}],"inLanguage":"uk"},{"@type":"Organization","@id":"https:\/\/pauzza.pl\/#organization","name":"\u0406\u043d\u0442\u0435\u0440\u043d\u0435\u0442 \u043c\u0430\u0433\u0430\u0437\u0438\u043d \u0436\u0456\u043d\u043e\u0447\u043e\u0433\u043e \u043e\u0434\u044f\u0433\u0443 Pauzza: \u0416\u0456\u043d\u043e\u0447\u0438\u0439 \u043e\u0434\u044f\u0433. \u041d\u043e\u0432\u0430 \u043a\u043e\u043b\u0435\u043a\u0446\u0456\u044f","url":"https:\/\/pauzza.pl\/","logo":{"@type":"ImageObject","inLanguage":"uk","@id":"https:\/\/pauzza.pl\/#\/schema\/logo\/image\/","url":"https:\/\/pauzza.pl\/wp-content\/uploads\/2024\/01\/pauzzaw.png","contentUrl":"https:\/\/pauzza.pl\/wp-content\/uploads\/2024\/01\/pauzzaw.png","width":350,"height":100,"caption":"Sklep online z damsk\u0105 odzie\u017c\u0105 Pauzza: Damska odzie\u017c. Nowa Kolekcja"},"image":{"@id":"https:\/\/pauzza.pl\/#\/schema\/logo\/image\/"}}]}},"_links":{"self":[{"href":"https:\/\/pauzza.pl\/uk\/wp-json\/wp\/v2\/product\/1088608","targetHints":{"allow":["GET"]}}],"collection":[{"href":"https:\/\/pauzza.pl\/uk\/wp-json\/wp\/v2\/product"}],"about":[{"href":"https:\/\/pauzza.pl\/uk\/wp-json\/wp\/v2\/types\/product"}],"wp:featuredmedia":[{"embeddable":true,"href":"https:\/\/pauzza.pl\/uk\/wp-json\/wp\/v2\/media\/1088610"}],"wp:attachment":[{"href":"https:\/\/pauzza.pl\/uk\/wp-json\/wp\/v2\/media?parent=1088608"}],"wp:term":[{"taxonomy":"product_brand","embeddable":true,"href":"https:\/\/pauzza.pl\/uk\/wp-json\/wp\/v2\/product_brand?post=1088608"},{"taxonomy":"product_cat","embeddable":true,"href":"https:\/\/pauzza.pl\/uk\/wp-json\/wp\/v2\/product_cat?post=1088608"},{"taxonomy":"product_tag","embeddable":true,"href":"https:\/\/pauzza.pl\/uk\/wp-json\/wp\/v2\/product_tag?post=1088608"}],"curies":[{"name":"wp","href":"https:\/\/api.w.org\/{rel}","templated":true}]}}