{"id":1077702,"date":"2026-04-08T16:07:05","date_gmt":"2026-04-08T14:07:05","guid":{"rendered":"https:\/\/pauzza.pl\/uk\/%d0%bf%d1%80%d0%be%d0%b4%d1%83%d0%ba%d1%82\/zegarek-meski-casio-mtp-1314pl-8avef-box\/"},"modified":"2026-04-13T10:10:30","modified_gmt":"2026-04-13T08:10:30","slug":"zegarek-meski-casio-mtp-1314pl-8avef-box","status":"publish","type":"product","link":"https:\/\/pauzza.pl\/uk\/%d0%bf%d1%80%d0%be%d0%b4%d1%83%d0%ba%d1%82\/zegarek-meski-casio-mtp-1314pl-8avef-box\/","title":{"rendered":"Zegarek M\u0119ski CASIO MTP-1314PL-8AVEF + BOX"},"content":{"rendered":"<p class=\"def\"><span style=\"background-color: transparent;color: #131313;font-family: verdana, geneva;font-size: x-large;font-weight: bold\" class=\"def\">Zegarek M\u0119ski CASIO MTP-1314PL-8AVEF<br class=\"def\"><\/span><\/p>\n<p class=\"def\" style=\"margin: 1em 0px;padding: 0px;border: 0px;background-image: initial;background-position: initial;background-size: initial;background-repeat: initial;background-attachment: initial;font-style: normal;font-weight: 300;letter-spacing: normal;text-align: start;text-indent: 0px;text-transform: none;white-space: normal\">\u00a0<\/p>\n<p class=\"def\" style=\"color: #131313;font-family: Roboto, sans-serif;font-size: 14px\"><span style=\"font-weight: bold;font-size: 11pt\" class=\"def\"><span class=\"def\"><span style=\"color: #222222\" class=\"def\"><span style=\"font-family: 'Open Sans', sans-serif\" class=\"def\"><span class=\"def\"><span style=\"background-color: transparent\" class=\"def\"><span style=\"font-family: verdana, geneva\" class=\"def\"><span class=\"def\">Opis produktu:<\/span><\/span><\/span><\/span><\/span><\/span><\/span><\/span><\/p>\n<ul>\n<li><span style=\"font-size: 11pt\"><span style=\"background-color: transparent\" class=\"def\"><span style=\"font-family: verdana, geneva\" class=\"def\"><span class=\"def\"><span style=\"font-weight: bold\" class=\"def\">Marka<\/span>: Casio<\/span><\/span><\/span><span style=\"background-color: transparent\" class=\"def\"><span style=\"font-family: verdana, geneva\" class=\"def\"><span class=\"def\"><span class=\"def\"><span class=\"def\"><\/span><\/span><\/span><\/span><\/span><span style=\"background-color: transparent\" class=\"def\"><span style=\"font-family: verdana, geneva\" class=\"def\"><span class=\"def\"><br class=\"def\"><\/span><\/span><\/span><\/span><\/li>\n<li><span style=\"background-color: transparent;font-size: 11pt\" class=\"def\"><span style=\"font-family: verdana, geneva\" class=\"def\"><span class=\"def\"><span style=\"font-weight: bold\" class=\"def\">Mechanizm<\/span>:\u00a0Kwarcowy<\/span><\/span><\/span><\/li>\n<li><span style=\"background-color: transparent;font-size: 11pt\" class=\"def\"><span style=\"font-family: verdana, geneva\" class=\"def\"><span class=\"def\"><strong class=\"def\">Tarcza<\/strong>: <span style=\"font-family: verdana, geneva\" class=\"def\">Analogowa z funkcj\u0105 daty dni miesi\u0105ca<\/span><br \/><\/span><\/span><\/span><\/li>\n<li><span style=\"background-color: transparent;font-size: 11pt\" class=\"def\"><span style=\"font-family: verdana, geneva\" class=\"def\"><span class=\"def\"><span style=\"font-weight: bold\" class=\"def\">Koperta<\/span>: Stal szlachetna<span style=\"font-family: verdana, geneva\" class=\"def\">, powlekana pow\u0142oka o podwy\u017cszonej odporno\u015bci na \u015bcieranie<\/span><br class=\"def\"><\/span><\/span><\/span><\/li>\n<li><span style=\"font-size: 11pt\"><span style=\"background-color: transparent\" class=\"def\"><span style=\"font-family: verdana, geneva\" class=\"def\"><span class=\"def\"><span style=\"font-weight: bold\" class=\"def\">Szkie\u0142ko<\/span>: Mineralne o podwy\u017cszonej odporno\u015bci na zarysowania i przypadkowe uderzenia<\/span><\/span><\/span><span style=\"background-color: transparent\" class=\"def\"><span style=\"font-family: verdana, geneva\" class=\"def\"><span class=\"def\"><br class=\"def\"><\/span><\/span><\/span><\/span><\/li>\n<li><strong><span style=\"font-size: 11pt\"><span style=\"background-color: transparent\" class=\"def\"><span style=\"font-family: verdana, geneva\" class=\"def\"><span class=\"def\">Pod\u015bwietlenie<\/span><\/span><\/span><\/span><\/strong><span style=\"font-size: 11pt\"><span style=\"background-color: transparent\" class=\"def\"><span style=\"font-family: verdana, geneva\" class=\"def\"><span class=\"def\">: Fluorescencja<\/span><\/span><\/span><\/span><span style=\"font-size: 11pt\"><span style=\"background-color: transparent\" class=\"def\"><span style=\"font-family: verdana, geneva\" class=\"def\"><span class=\"def\"><\/span><\/span><\/span><\/span><\/li>\n<li><span style=\"background-color: transparent;font-size: 11pt\" class=\"def\"><span style=\"font-family: verdana, geneva\" class=\"def\"><span class=\"def\"><span style=\"font-weight: bold\" class=\"def\">Pasek<\/span>: <\/span><span class=\"def\"><span style=\"font-family: verdana, geneva\" class=\"def\">Sk\u00f3ra naturalna<\/span><br class=\"def\"><\/span><\/span><\/span><\/li>\n<li><span style=\"background-color: transparent;font-size: 11pt\" class=\"def\"><span class=\"def\"><span style=\"font-family: verdana, geneva\" class=\"def\"><span style=\"font-weight: bold\" class=\"def\">Wodoszczelno\u015b\u0107<\/span>: 50 M<br class=\"def\"><\/span><\/span><\/span><\/li>\n<li><span style=\"background-color: transparent;font-size: 11pt\" class=\"def\"><span style=\"font-family: verdana, geneva\" class=\"def\"><span class=\"def\"><span style=\"font-weight: bold\" class=\"def\">Antyalergiczny<\/span>: Tak &#8211; nie zawiera niklu &#8211; doskona\u0142y dla alergik\u00f3w<\/span><\/span><\/span><\/li>\n<li><span style=\"background-color: transparent;font-size: 11pt\" class=\"def\"><span style=\"font-family: verdana, geneva\" class=\"def\"><span class=\"def\"><span style=\"font-weight: bold\" class=\"def\">Oryginalno\u015b\u0107<\/span>: Na denku zegarek posiada wygrawerowane informacje od producenta, \u015bwiadcz\u0105ce o oryginalno\u015bci<\/span><\/span><\/span><\/li>\n<\/ul>\n<p class=\"def\" style=\"color: #131313;font-family: Roboto, sans-serif;font-size: 14px\">\u00a0<\/p>\n<p class=\"def\" style=\"color: #131313;font-family: Roboto, sans-serif;font-size: 14px\"><span style=\"font-size: 11pt\" class=\"def\"><span style=\"font-weight: bold\" class=\"def\"><span style=\"background-color: transparent;font-size: 11pt\" class=\"def\"><span class=\"def\"><span style=\"font-family: verdana, geneva\" class=\"def\">Wymiary w mm:<\/span><\/span><\/span><\/span><\/span><\/p>\n<ul class=\"def\" style=\"margin: 1em 0px;padding: 0px 0px 0px 40px;border: 0px;font-size: 11px;background: #ffffff;color: #222222;font-family: 'Open Sans', sans-serif;font-style: normal;font-weight: 300;letter-spacing: normal;text-align: start;text-indent: 0px;text-transform: none;white-space: normal\">\n<li class=\"def\" style=\"font-size: 11px\"><span style=\"background-color: transparent;font-size: 11pt\" class=\"def\"><span class=\"def\"><span style=\"font-family: verdana, geneva\" class=\"def\"><span style=\"font-weight: bold\" class=\"def\">Koperta<\/span>: 43<br class=\"def\"><\/span><\/span><\/span><\/li>\n<li class=\"def\" style=\"font-size: 11px\"><span style=\"background-color: transparent;font-size: 11pt\" class=\"def\"><span class=\"def\"><span style=\"font-family: verdana, geneva\" class=\"def\"><span style=\"font-weight: bold\" class=\"def\">Tarcza<\/span>: 35<br class=\"def\"><\/span><\/span><\/span><\/li>\n<li class=\"def\" style=\"font-size: 11px\"><span style=\"background-color: transparent;font-size: 11pt\" class=\"def\"><span class=\"def\"><span style=\"font-family: verdana, geneva\" class=\"def\"><span style=\"font-weight: bold\" class=\"def\">Grubo\u015b\u0107<\/span>: 10<br class=\"def\"><\/span><\/span><\/span><\/li>\n<li class=\"def\" style=\"font-size: 11px\"><span style=\"background-color: transparent;font-size: 11pt\" class=\"def\"><span class=\"def\"><span style=\"font-family: verdana, geneva\" class=\"def\"><span style=\"font-weight: bold\" class=\"def\">Pasek: <\/span><span class=\"def\">szeroko\u015b\u0107<\/span>: 22<br class=\"def\"><\/span><\/span><\/span><\/li>\n<li class=\"def\" style=\"font-size: 11px\"><span style=\"background-color: transparent;font-size: 11pt\" class=\"def\"><span class=\"def\"><span style=\"font-family: verdana, geneva\" class=\"def\"><span style=\"font-weight: bold\" class=\"def\">Obw\u00f3d<\/span>: 170-220<br class=\"def\"><\/span><\/span><\/span><\/li>\n<\/ul>\n<p class=\"def\" style=\"color: #131313;font-family: Roboto, sans-serif;font-size: 14px\">\u00a0<\/p>\n<p class=\"def\" style=\"color: #131313;font-family: Roboto, sans-serif;font-size: 14px\"><span style=\"font-weight: bold;font-size: 11pt\" class=\"def\"><span style=\"background-color: transparent;font-size: 11pt\" class=\"def\"><span class=\"def\"><span style=\"font-family: verdana, geneva\" class=\"def\"><span style=\"font-weight: bold\" class=\"def\">Kolorystyka:<\/span><\/span><\/span><\/span><\/span><\/p>\n<ul>\n<li><span style=\"background-color: transparent;font-size: 11pt\" class=\"def\"><span class=\"def\"><span style=\"font-family: verdana, geneva\" class=\"def\"><span style=\"font-weight: bold\" class=\"def\">Koperta<\/span>: srebrna<br class=\"def\"><\/span><\/span><\/span><\/li>\n<li><span style=\"background-color: transparent;font-size: 11pt\" class=\"def\"><span class=\"def\"><span style=\"font-family: verdana, geneva\" class=\"def\"><span style=\"font-weight: bold\" class=\"def\">Tarcza<\/span>: czarna<br class=\"def\"><\/span><\/span><\/span><\/li>\n<li><span style=\"font-size: 11pt\"><strong><span style=\"background-color: transparent\" class=\"def\"><span class=\"def\"><span style=\"font-family: verdana, geneva\" class=\"def\">Indeksy: <\/span><\/span><\/span><\/strong><span style=\"background-color: transparent\" class=\"def\"><span class=\"def\"><span style=\"font-family: verdana, geneva\" class=\"def\">srebrne<\/span><\/span><\/span><strong><span style=\"background-color: transparent\" class=\"def\"><span class=\"def\"><span style=\"font-family: verdana, geneva\" class=\"def\"><br \/><\/span><\/span><\/span><\/strong><\/span><\/li>\n<li><span style=\"font-size: 11pt\"><strong><span style=\"background-color: transparent\" class=\"def\"><span class=\"def\"><span style=\"font-family: verdana, geneva\" class=\"def\">Wskaz\u00f3wki: <\/span><\/span><\/span><\/strong><span style=\"background-color: transparent\" class=\"def\"><span class=\"def\"><span style=\"font-family: verdana, geneva\" class=\"def\">srebrne, fluorescencja<br \/><\/span><\/span><\/span><\/span><\/li>\n<li><span style=\"font-size: 11pt\"><strong><span style=\"background-color: transparent\" class=\"def\"><span class=\"def\"><span style=\"font-family: verdana, geneva\" class=\"def\">Sekundnik: <\/span><\/span><\/span><\/strong><span style=\"background-color: transparent\" class=\"def\"><span class=\"def\"><span style=\"font-family: verdana, geneva\" class=\"def\">srebrny<\/span><\/span><\/span><\/span><\/li>\n<li><span style=\"background-color: transparent\" class=\"def\"><span style=\"font-size: 10pt\" class=\"def\"><span style=\"font-family: verdana, geneva\" class=\"def\"><span style=\"font-size: 13.3333px\" class=\"def\"><span style=\"font-size: 11pt\"><span style=\"font-weight: bold\" class=\"def\">Pasek<\/span>: czarny, nitka: bia\u0142a<\/span><br \/><\/span><\/span><\/span><\/span><\/li>\n<\/ul>\n<p>\u00a0<\/p>","protected":false},"excerpt":{"rendered":"<p>Zegarek M\u0119ski CASIO MTP-1314PL-8AVEF \u00a0 Opis produktu: Marka: Casio Mechanizm:\u00a0Kwarcowy Tarcza: Analogowa z funkcj\u0105 daty dni miesi\u0105ca Koperta: Stal szlachetna, powlekana pow\u0142oka o podwy\u017cszonej odporno\u015bci na \u015bcieranie Szkie\u0142ko: Mineralne o podwy\u017cszonej odporno\u015bci na zarysowania i przypadkowe uderzenia Pod\u015bwietlenie: Fluorescencja Pasek: Sk\u00f3ra naturalna Wodoszczelno\u015b\u0107: 50 M Antyalergiczny: Tak &#8211; nie zawiera niklu &#8211; doskona\u0142y dla alergik\u00f3w [&hellip;]<\/p>","protected":false},"featured_media":1077704,"template":"","meta":{"_acf_changed":false},"product_brand":[],"product_cat":[4858,4880,4838],"product_tag":[],"class_list":{"0":"post-1077702","1":"product","2":"type-product","3":"status-publish","4":"has-post-thumbnail","6":"product_cat-casio","7":"product_cat-na-pasku-casio-zegarki-damskie","8":"product_cat-zegarki-damskie","10":"first","11":"instock","12":"taxable","13":"shipping-taxable","14":"purchasable","15":"product-type-simple"},"acf":[],"yoast_head":"<!-- This site is optimized with the Yoast SEO plugin v27.2 - https:\/\/yoast.com\/product\/yoast-seo-wordpress\/ -->\n<title>Zegarek M\u0119ski CASIO MTP-1314PL-8AVEF + BOX<\/title>\n<meta name=\"robots\" content=\"index, follow, max-snippet:-1, max-image-preview:large, max-video-preview:-1\" \/>\n<link rel=\"canonical\" href=\"https:\/\/pauzza.pl\/uk\/\u043f\u0440\u043e\u0434\u0443\u043a\u0442\/zegarek-meski-casio-mtp-1314pl-8avef-box\/\" \/>\n<meta property=\"og:locale\" content=\"uk_UA\" \/>\n<meta property=\"og:type\" content=\"article\" \/>\n<meta property=\"og:title\" content=\"Zegarek M\u0119ski CASIO MTP-1314PL-8AVEF + BOX\" \/>\n<meta property=\"og:description\" content=\"Zegarek M\u0119ski CASIO MTP-1314PL-8AVEF \u00a0 Opis produktu: Marka: Casio Mechanizm:\u00a0Kwarcowy Tarcza: Analogowa z funkcj\u0105 daty dni miesi\u0105ca Koperta: Stal szlachetna, powlekana pow\u0142oka o podwy\u017cszonej odporno\u015bci na \u015bcieranie Szkie\u0142ko: Mineralne o podwy\u017cszonej odporno\u015bci na zarysowania i przypadkowe uderzenia Pod\u015bwietlenie: Fluorescencja Pasek: Sk\u00f3ra naturalna Wodoszczelno\u015b\u0107: 50 M Antyalergiczny: Tak &#8211; nie zawiera niklu &#8211; doskona\u0142y dla alergik\u00f3w [&hellip;]\" \/>\n<meta property=\"og:url\" content=\"https:\/\/pauzza.pl\/uk\/\u043f\u0440\u043e\u0434\u0443\u043a\u0442\/zegarek-meski-casio-mtp-1314pl-8avef-box\/\" \/>\n<meta property=\"og:site_name\" content=\"Sklep online z damsk\u0105 odzie\u017c\u0105 Pauzza: Damska odzie\u017c. Nowa Kolekcja\" \/>\n<meta property=\"article:modified_time\" content=\"2026-04-13T08:10:30+00:00\" \/>\n<meta property=\"og:image\" content=\"https:\/\/pauzza.pl\/wp-content\/uploads\/2026\/04\/8_max-2.jpg\" \/>\n\t<meta property=\"og:image:width\" content=\"1000\" \/>\n\t<meta property=\"og:image:height\" content=\"951\" \/>\n\t<meta property=\"og:image:type\" content=\"image\/jpeg\" \/>\n<meta name=\"twitter:card\" content=\"summary_large_image\" \/>\n<meta name=\"twitter:label1\" content=\"\u041f\u0440\u0438\u0431\u043b. \u0447\u0430\u0441 \u0447\u0438\u0442\u0430\u043d\u043d\u044f\" \/>\n\t<meta name=\"twitter:data1\" content=\"1 \u0445\u0432\u0438\u043b\u0438\u043d\u0430\" \/>\n<script type=\"application\/ld+json\" class=\"yoast-schema-graph\">{\"@context\":\"https:\/\/schema.org\",\"@graph\":[{\"@type\":\"WebPage\",\"@id\":\"https:\/\/pauzza.pl\/uk\/%d0%bf%d1%80%d0%be%d0%b4%d1%83%d0%ba%d1%82\/zegarek-meski-casio-mtp-1314pl-8avef-box\/\",\"url\":\"https:\/\/pauzza.pl\/uk\/%d0%bf%d1%80%d0%be%d0%b4%d1%83%d0%ba%d1%82\/zegarek-meski-casio-mtp-1314pl-8avef-box\/\",\"name\":\"Zegarek M\u0119ski CASIO MTP-1314PL-8AVEF + BOX\",\"isPartOf\":{\"@id\":\"https:\/\/pauzza.pl\/#website\"},\"primaryImageOfPage\":{\"@id\":\"https:\/\/pauzza.pl\/uk\/%d0%bf%d1%80%d0%be%d0%b4%d1%83%d0%ba%d1%82\/zegarek-meski-casio-mtp-1314pl-8avef-box\/#primaryimage\"},\"image\":{\"@id\":\"https:\/\/pauzza.pl\/uk\/%d0%bf%d1%80%d0%be%d0%b4%d1%83%d0%ba%d1%82\/zegarek-meski-casio-mtp-1314pl-8avef-box\/#primaryimage\"},\"thumbnailUrl\":\"https:\/\/pauzza.pl\/wp-content\/uploads\/2026\/04\/8_max-2.jpg\",\"datePublished\":\"2026-04-08T14:07:05+00:00\",\"dateModified\":\"2026-04-13T08:10:30+00:00\",\"breadcrumb\":{\"@id\":\"https:\/\/pauzza.pl\/uk\/%d0%bf%d1%80%d0%be%d0%b4%d1%83%d0%ba%d1%82\/zegarek-meski-casio-mtp-1314pl-8avef-box\/#breadcrumb\"},\"inLanguage\":\"uk\",\"potentialAction\":[{\"@type\":\"ReadAction\",\"target\":[\"https:\/\/pauzza.pl\/uk\/%d0%bf%d1%80%d0%be%d0%b4%d1%83%d0%ba%d1%82\/zegarek-meski-casio-mtp-1314pl-8avef-box\/\"]}]},{\"@type\":\"ImageObject\",\"inLanguage\":\"uk\",\"@id\":\"https:\/\/pauzza.pl\/uk\/%d0%bf%d1%80%d0%be%d0%b4%d1%83%d0%ba%d1%82\/zegarek-meski-casio-mtp-1314pl-8avef-box\/#primaryimage\",\"url\":\"https:\/\/pauzza.pl\/wp-content\/uploads\/2026\/04\/8_max-2.jpg\",\"contentUrl\":\"https:\/\/pauzza.pl\/wp-content\/uploads\/2026\/04\/8_max-2.jpg\",\"width\":1000,\"height\":951},{\"@type\":\"BreadcrumbList\",\"@id\":\"https:\/\/pauzza.pl\/uk\/%d0%bf%d1%80%d0%be%d0%b4%d1%83%d0%ba%d1%82\/zegarek-meski-casio-mtp-1314pl-8avef-box\/#breadcrumb\",\"itemListElement\":[{\"@type\":\"ListItem\",\"position\":1,\"name\":\"Strona g\u0142\u00f3wna\",\"item\":\"https:\/\/pauzza.pl\/\"},{\"@type\":\"ListItem\",\"position\":2,\"name\":\"Sklep\",\"item\":\"https:\/\/pauzza.pl\/sklep\/\"},{\"@type\":\"ListItem\",\"position\":3,\"name\":\"Zegarek M\u0119ski CASIO MTP-1314PL-8AVEF + BOX\"}]},{\"@type\":\"WebSite\",\"@id\":\"https:\/\/pauzza.pl\/#website\",\"url\":\"https:\/\/pauzza.pl\/\",\"name\":\"Sklep online z damsk\u0105 odzie\u017c\u0105 Pauzza: Damska odzie\u017c. Nowa Kolekcja\",\"description\":\"Je\u015bli chcesz zadba\u0107 o sw\u00f3j profesjonalny i pe\u0142en klasy wygl\u0105d w pracy butik online Pauzza, to strza\u0142 w dziesi\u0105tk\u0119! U nas znajdziesz szeroki wyb\u00f3r \u017cakiet\u00f3w, koszul, kurtek, sukienek, sp\u00f3dnic i wiele wiecej\",\"publisher\":{\"@id\":\"https:\/\/pauzza.pl\/#organization\"},\"potentialAction\":[{\"@type\":\"SearchAction\",\"target\":{\"@type\":\"EntryPoint\",\"urlTemplate\":\"https:\/\/pauzza.pl\/?s={search_term_string}\"},\"query-input\":{\"@type\":\"PropertyValueSpecification\",\"valueRequired\":true,\"valueName\":\"search_term_string\"}}],\"inLanguage\":\"uk\"},{\"@type\":\"Organization\",\"@id\":\"https:\/\/pauzza.pl\/#organization\",\"name\":\"Sklep online z damsk\u0105 odzie\u017c\u0105 Pauzza: Damska odzie\u017c. Nowa Kolekcja\",\"url\":\"https:\/\/pauzza.pl\/\",\"logo\":{\"@type\":\"ImageObject\",\"inLanguage\":\"uk\",\"@id\":\"https:\/\/pauzza.pl\/#\/schema\/logo\/image\/\",\"url\":\"https:\/\/pauzza.pl\/wp-content\/uploads\/2024\/01\/pauzzaw.png\",\"contentUrl\":\"https:\/\/pauzza.pl\/wp-content\/uploads\/2024\/01\/pauzzaw.png\",\"width\":350,\"height\":100,\"caption\":\"Sklep online z damsk\u0105 odzie\u017c\u0105 Pauzza: Damska odzie\u017c. Nowa Kolekcja\"},\"image\":{\"@id\":\"https:\/\/pauzza.pl\/#\/schema\/logo\/image\/\"}}]}<\/script>\n<!-- \/ Yoast SEO plugin. -->","yoast_head_json":{"title":"Zegarek M\u0119ski CASIO MTP-1314PL-8AVEF + BOX","robots":{"index":"index","follow":"follow","max-snippet":"max-snippet:-1","max-image-preview":"max-image-preview:large","max-video-preview":"max-video-preview:-1"},"canonical":"https:\/\/pauzza.pl\/uk\/\u043f\u0440\u043e\u0434\u0443\u043a\u0442\/zegarek-meski-casio-mtp-1314pl-8avef-box\/","og_locale":"uk_UA","og_type":"article","og_title":"Zegarek M\u0119ski CASIO MTP-1314PL-8AVEF + BOX","og_description":"Zegarek M\u0119ski CASIO MTP-1314PL-8AVEF \u00a0 Opis produktu: Marka: Casio Mechanizm:\u00a0Kwarcowy Tarcza: Analogowa z funkcj\u0105 daty dni miesi\u0105ca Koperta: Stal szlachetna, powlekana pow\u0142oka o podwy\u017cszonej odporno\u015bci na \u015bcieranie Szkie\u0142ko: Mineralne o podwy\u017cszonej odporno\u015bci na zarysowania i przypadkowe uderzenia Pod\u015bwietlenie: Fluorescencja Pasek: Sk\u00f3ra naturalna Wodoszczelno\u015b\u0107: 50 M Antyalergiczny: Tak &#8211; nie zawiera niklu &#8211; doskona\u0142y dla alergik\u00f3w [&hellip;]","og_url":"https:\/\/pauzza.pl\/uk\/\u043f\u0440\u043e\u0434\u0443\u043a\u0442\/zegarek-meski-casio-mtp-1314pl-8avef-box\/","og_site_name":"Sklep online z damsk\u0105 odzie\u017c\u0105 Pauzza: Damska odzie\u017c. Nowa Kolekcja","article_modified_time":"2026-04-13T08:10:30+00:00","og_image":[{"width":1000,"height":951,"url":"https:\/\/pauzza.pl\/wp-content\/uploads\/2026\/04\/8_max-2.jpg","type":"image\/jpeg"}],"twitter_card":"summary_large_image","twitter_misc":{"\u041f\u0440\u0438\u0431\u043b. \u0447\u0430\u0441 \u0447\u0438\u0442\u0430\u043d\u043d\u044f":"1 \u0445\u0432\u0438\u043b\u0438\u043d\u0430"},"schema":{"@context":"https:\/\/schema.org","@graph":[{"@type":"WebPage","@id":"https:\/\/pauzza.pl\/uk\/%d0%bf%d1%80%d0%be%d0%b4%d1%83%d0%ba%d1%82\/zegarek-meski-casio-mtp-1314pl-8avef-box\/","url":"https:\/\/pauzza.pl\/uk\/%d0%bf%d1%80%d0%be%d0%b4%d1%83%d0%ba%d1%82\/zegarek-meski-casio-mtp-1314pl-8avef-box\/","name":"Zegarek M\u0119ski CASIO MTP-1314PL-8AVEF + BOX","isPartOf":{"@id":"https:\/\/pauzza.pl\/#website"},"primaryImageOfPage":{"@id":"https:\/\/pauzza.pl\/uk\/%d0%bf%d1%80%d0%be%d0%b4%d1%83%d0%ba%d1%82\/zegarek-meski-casio-mtp-1314pl-8avef-box\/#primaryimage"},"image":{"@id":"https:\/\/pauzza.pl\/uk\/%d0%bf%d1%80%d0%be%d0%b4%d1%83%d0%ba%d1%82\/zegarek-meski-casio-mtp-1314pl-8avef-box\/#primaryimage"},"thumbnailUrl":"https:\/\/pauzza.pl\/wp-content\/uploads\/2026\/04\/8_max-2.jpg","datePublished":"2026-04-08T14:07:05+00:00","dateModified":"2026-04-13T08:10:30+00:00","breadcrumb":{"@id":"https:\/\/pauzza.pl\/uk\/%d0%bf%d1%80%d0%be%d0%b4%d1%83%d0%ba%d1%82\/zegarek-meski-casio-mtp-1314pl-8avef-box\/#breadcrumb"},"inLanguage":"uk","potentialAction":[{"@type":"ReadAction","target":["https:\/\/pauzza.pl\/uk\/%d0%bf%d1%80%d0%be%d0%b4%d1%83%d0%ba%d1%82\/zegarek-meski-casio-mtp-1314pl-8avef-box\/"]}]},{"@type":"ImageObject","inLanguage":"uk","@id":"https:\/\/pauzza.pl\/uk\/%d0%bf%d1%80%d0%be%d0%b4%d1%83%d0%ba%d1%82\/zegarek-meski-casio-mtp-1314pl-8avef-box\/#primaryimage","url":"https:\/\/pauzza.pl\/wp-content\/uploads\/2026\/04\/8_max-2.jpg","contentUrl":"https:\/\/pauzza.pl\/wp-content\/uploads\/2026\/04\/8_max-2.jpg","width":1000,"height":951},{"@type":"BreadcrumbList","@id":"https:\/\/pauzza.pl\/uk\/%d0%bf%d1%80%d0%be%d0%b4%d1%83%d0%ba%d1%82\/zegarek-meski-casio-mtp-1314pl-8avef-box\/#breadcrumb","itemListElement":[{"@type":"ListItem","position":1,"name":"Strona g\u0142\u00f3wna","item":"https:\/\/pauzza.pl\/"},{"@type":"ListItem","position":2,"name":"Sklep","item":"https:\/\/pauzza.pl\/sklep\/"},{"@type":"ListItem","position":3,"name":"Zegarek M\u0119ski CASIO MTP-1314PL-8AVEF + BOX"}]},{"@type":"WebSite","@id":"https:\/\/pauzza.pl\/#website","url":"https:\/\/pauzza.pl\/","name":"\u0406\u043d\u0442\u0435\u0440\u043d\u0435\u0442 \u043c\u0430\u0433\u0430\u0437\u0438\u043d \u0436\u0456\u043d\u043e\u0447\u043e\u0433\u043e \u043e\u0434\u044f\u0433\u0443 Pauzza: \u0416\u0456\u043d\u043e\u0447\u0438\u0439 \u043e\u0434\u044f\u0433. \u041d\u043e\u0432\u0430 \u043a\u043e\u043b\u0435\u043a\u0446\u0456\u044f","description":"\u042f\u043a\u0449\u043e \u0432\u0438 \u0445\u043e\u0447\u0435\u0442\u0435 \u043f\u043e\u0434\u0431\u0430\u0442\u0438 \u043f\u0440\u043e \u0441\u0432\u0456\u0439 \u043f\u0440\u043e\u0444\u0435\u0441\u0456\u0439\u043d\u0438\u0439 \u0442\u0430 \u0441\u0442\u0438\u043b\u044c\u043d\u0438\u0439 \u0432\u0438\u0433\u043b\u044f\u0434 \u043d\u0430 \u0440\u043e\u0431\u043e\u0442\u0456, \u043e\u043d\u043b\u0430\u0439\u043d-\u0431\u0443\u0442\u0456\u043a Pauzza - \u0446\u0435 \u0445\u0456\u0442! \u0422\u0443\u0442 \u0432\u0438 \u0437\u043d\u0430\u0439\u0434\u0435\u0442\u0435 \u0448\u0438\u0440\u043e\u043a\u0438\u0439 \u0432\u0438\u0431\u0456\u0440 \u043f\u0456\u0434\u0436\u0430\u043a\u0456\u0432, \u0441\u043e\u0440\u043e\u0447\u043e\u043a, \u0436\u0430\u043a\u0435\u0442\u0456\u0432, \u0441\u0443\u043a\u043e\u043d\u044c, \u0441\u043f\u0456\u0434\u043d\u0438\u0446\u044c \u0442\u0430 \u0431\u0430\u0433\u0430\u0442\u043e \u0456\u043d\u0448\u043e\u0433\u043e.","publisher":{"@id":"https:\/\/pauzza.pl\/#organization"},"potentialAction":[{"@type":"SearchAction","target":{"@type":"EntryPoint","urlTemplate":"https:\/\/pauzza.pl\/?s={search_term_string}"},"query-input":{"@type":"PropertyValueSpecification","valueRequired":true,"valueName":"search_term_string"}}],"inLanguage":"uk"},{"@type":"Organization","@id":"https:\/\/pauzza.pl\/#organization","name":"\u0406\u043d\u0442\u0435\u0440\u043d\u0435\u0442 \u043c\u0430\u0433\u0430\u0437\u0438\u043d \u0436\u0456\u043d\u043e\u0447\u043e\u0433\u043e \u043e\u0434\u044f\u0433\u0443 Pauzza: \u0416\u0456\u043d\u043e\u0447\u0438\u0439 \u043e\u0434\u044f\u0433. \u041d\u043e\u0432\u0430 \u043a\u043e\u043b\u0435\u043a\u0446\u0456\u044f","url":"https:\/\/pauzza.pl\/","logo":{"@type":"ImageObject","inLanguage":"uk","@id":"https:\/\/pauzza.pl\/#\/schema\/logo\/image\/","url":"https:\/\/pauzza.pl\/wp-content\/uploads\/2024\/01\/pauzzaw.png","contentUrl":"https:\/\/pauzza.pl\/wp-content\/uploads\/2024\/01\/pauzzaw.png","width":350,"height":100,"caption":"Sklep online z damsk\u0105 odzie\u017c\u0105 Pauzza: Damska odzie\u017c. Nowa Kolekcja"},"image":{"@id":"https:\/\/pauzza.pl\/#\/schema\/logo\/image\/"}}]}},"_links":{"self":[{"href":"https:\/\/pauzza.pl\/uk\/wp-json\/wp\/v2\/product\/1077702","targetHints":{"allow":["GET"]}}],"collection":[{"href":"https:\/\/pauzza.pl\/uk\/wp-json\/wp\/v2\/product"}],"about":[{"href":"https:\/\/pauzza.pl\/uk\/wp-json\/wp\/v2\/types\/product"}],"wp:featuredmedia":[{"embeddable":true,"href":"https:\/\/pauzza.pl\/uk\/wp-json\/wp\/v2\/media\/1077704"}],"wp:attachment":[{"href":"https:\/\/pauzza.pl\/uk\/wp-json\/wp\/v2\/media?parent=1077702"}],"wp:term":[{"taxonomy":"product_brand","embeddable":true,"href":"https:\/\/pauzza.pl\/uk\/wp-json\/wp\/v2\/product_brand?post=1077702"},{"taxonomy":"product_cat","embeddable":true,"href":"https:\/\/pauzza.pl\/uk\/wp-json\/wp\/v2\/product_cat?post=1077702"},{"taxonomy":"product_tag","embeddable":true,"href":"https:\/\/pauzza.pl\/uk\/wp-json\/wp\/v2\/product_tag?post=1077702"}],"curies":[{"name":"wp","href":"https:\/\/api.w.org\/{rel}","templated":true}]}}