{"id":1073010,"date":"2026-03-27T15:17:09","date_gmt":"2026-03-27T14:17:09","guid":{"rendered":"https:\/\/pauzza.pl\/?post_type=product&#038;p=1073010"},"modified":"2026-04-03T11:05:19","modified_gmt":"2026-04-03T09:05:19","slug":"zakietowa-bezowa-sukienka-z-paskiem","status":"publish","type":"product","link":"https:\/\/pauzza.pl\/uk\/%d0%bf%d1%80%d0%be%d0%b4%d1%83%d0%ba%d1%82\/zakietowa-bezowa-sukienka-z-paskiem\/","title":{"rendered":"\u017bAKIETOWA BE\u017bOWA SUKIENKA Z PASKIEM"},"content":{"rendered":"<div>\n<div>\n<p><strong>\u0414\u0435\u0442\u0430\u043b\u044c\u043d\u0430 \u0456\u043d\u0444\u043e\u0440\u043c\u0430\u0446\u0456\u044f \u043f\u0440\u043e \u0442\u043e\u0432\u0430\u0440:<\/strong><\/p>\n<p><strong>*\u0414\u0440\u0443\u043a\u0443\u0439:<\/strong>\u00a0\u0412\u0435\u0441\u043d\u0430, \u043e\u0441\u0456\u043d\u044c<\/p>\n<p><strong>*\u0424\u043e\u0440\u043c\u0430*\u00a0<\/strong><strong>\u0440\u043e\u0437\u0449\u0435\u043f\u043b\u0435\u043d\u043d\u044f<\/strong><strong>: <\/strong>V<\/p>\n<p><strong>*\u0428\u0430\u0431\u043b\u043e\u043d:\u00a0<\/strong>Sukienka be\u017cowa zapinana na guziki z paskiem<\/p>\n<p><strong>\u0421\u043a\u043b\u0430\u0434<\/strong>: 95% poliester, 5% elastan<\/p>\n<\/div>\n<\/div>\n<div><strong>\u0420\u043e\u0437\u043c\u0456\u0440 S :<\/strong><\/div>\n<div>\n<div>\n<div>\u0417\u0430\u0433\u0430\u043b\u044c\u043d\u0430 \u0434\u043e\u0432\u0436\u0438\u043d\u0430: 86 \u0441\u043c<\/div>\n<div>\u041e\u0431\u0445\u0432\u0430\u0442 \u0433\u0440\u0443\u0434\u0435\u0439: 96 \u0441\u043c \/ 100 \u0441\u043c<\/div>\n<div>Obw\u00f3d Pas: 84 cm do 88 cm<\/div>\n<div>Obw\u00f3d Biodra: 90 cm do 96 cm<\/div>\n<\/div>\n<div><\/div>\n<div>\n<div><strong>\u0420\u043e\u0437\u043c\u0456\u0440 \u041c:<\/strong><\/div>\n<div>\n<div>\n<div>\u0417\u0430\u0433\u0430\u043b\u044c\u043d\u0430 \u0434\u043e\u0432\u0436\u0438\u043d\u0430: 86 \u0441\u043c<\/div>\n<div>\u041e\u0431\u0445\u0432\u0430\u0442 \u0433\u0440\u0443\u0434\u0435\u0439: 100 \u0441\u043c \/ 104 \u0441\u043c<\/div>\n<div>Obw\u00f3d Pas: 86 cm do 90 cm<\/div>\n<\/div>\n<div>Obw\u00f3d Biodra: 92 cm do 98 cm<\/div>\n<div><\/div>\n<div>\n<div><strong>\u0420\u043e\u0437\u043c\u0456\u0440 L :<\/strong><\/div>\n<div>\n<div>\n<div>\u0417\u0430\u0433\u0430\u043b\u044c\u043d\u0430 \u0434\u043e\u0432\u0436\u0438\u043d\u0430: 87 \u0441\u043c<\/div>\n<div>Obw\u00f3d w biu\u015bcie: 102 cm \/ 106 cm<\/div>\n<div>Obw\u00f3d Pas: 88 cm do 92 cm<\/div>\n<\/div>\n<div>Obw\u00f3d Biodra: 98 cm do 104 cm<\/div>\n<div><\/div>\n<\/div>\n<\/div>\n<\/div>\n<\/div>\n<div><strong>\u041e\u0434\u044f\u0433 \u0432\u0438\u043c\u0456\u0440\u044e\u0454\u0442\u044c\u0441\u044f \u0440\u0456\u0432\u043d\u043e! \u0406\u043d\u0434\u0438\u0432\u0456\u0434\u0443\u0430\u043b\u044c\u043d\u0456 \u0432\u0438\u043c\u0456\u0440\u0438 \u043c\u043e\u0436\u0443\u0442\u044c \u0432\u0456\u0434\u0440\u0456\u0437\u043d\u044f\u0442\u0438\u0441\u044f +\/- 2 \u0441\u043c.<\/strong><\/div>\n<div>(1)<\/div>\n<div><img decoding=\"async\" class=\"emoji\" role=\"img\" src=\"https:\/\/s.w.org\/images\/core\/emoji\/15.0.3\/svg\/2764.svg\" alt=\"\u2764\ufe0f\" \/>\u00a0\u041f\u0456\u0434\u043f\u0438\u0448\u0456\u0442\u044c\u0441\u044f \u043d\u0430 \u0440\u043e\u0437\u0441\u0438\u043b\u043a\u0443 \u0442\u0430 \u0431\u0443\u0434\u044c\u0442\u0435 \u0432 \u043a\u0443\u0440\u0441\u0456 \u043d\u043e\u0432\u0438\u043d \u0442\u0430 \u0430\u043a\u0446\u0456\u0439\u00a0<img decoding=\"async\" class=\"emoji\" role=\"img\" src=\"https:\/\/s.w.org\/images\/core\/emoji\/15.0.3\/svg\/2764.svg\" alt=\"\u2764\ufe0f\" \/><\/div>\n<\/div>","protected":false},"excerpt":{"rendered":"<p>Szczeg\u00f3\u0142y produktu: *Rodzaj:\u00a0Wiosna , jesie\u0144 *Kszta\u0142t\u00a0dekoltu: V *Wz\u00f3r:\u00a0Sukienka be\u017cowa zapinana na guziki z paskiem Sk\u0142ad: 95% poliester, 5% elastan Rozmiar S : D\u0142ugo\u015b\u0107 ca\u0142kowita: 86 cm Obw\u00f3d w biu\u015bcie: 96 cm \/ 100 cm Obw\u00f3d Pas: 84 cm do 88 cm Obw\u00f3d Biodra: 90 cm do 96 cm Rozmiar M : D\u0142ugo\u015b\u0107 ca\u0142kowita: 86 cm [&hellip;]<\/p>","protected":false},"featured_media":1073030,"template":"","meta":{"_acf_changed":false},"product_brand":[],"product_cat":[3231,3055,3230,5042,2937,3232,2966,3108,3052],"product_tag":[],"class_list":{"0":"post-1073010","1":"product","2":"type-product","3":"status-publish","4":"has-post-thumbnail","6":"product_cat-bestsellery","7":"product_cat-sukienki-eleganckie-bezowe","8":"product_cat-nowosci","9":"product_cat-nowosci-72-godziny","10":"product_cat-odziez","11":"product_cat-sale","12":"product_cat-sukienki","13":"product_cat-do-pracy","14":"product_cat-eleganckie","15":"pa_color-bezowy","16":"pa_size-l","17":"pa_size-m","18":"pa_size-s","20":"first","21":"instock","22":"taxable","23":"shipping-taxable","24":"purchasable","25":"product-type-variable"},"acf":[],"yoast_head":"<!-- This site is optimized with the Yoast SEO plugin v27.2 - https:\/\/yoast.com\/product\/yoast-seo-wordpress\/ -->\n<title>\u017bAKIETOWA BE\u017bOWA SUKIENKA Z PASKIEM - Sklep online z damsk\u0105 odzie\u017c\u0105 Pauzza: Damska odzie\u017c. Nowa Kolekcja<\/title>\n<meta name=\"robots\" content=\"index, follow, max-snippet:-1, max-image-preview:large, max-video-preview:-1\" \/>\n<link rel=\"canonical\" href=\"https:\/\/pauzza.pl\/uk\/\u043f\u0440\u043e\u0434\u0443\u043a\u0442\/zakietowa-bezowa-sukienka-z-paskiem\/\" \/>\n<meta property=\"og:locale\" content=\"uk_UA\" \/>\n<meta property=\"og:type\" content=\"article\" \/>\n<meta property=\"og:title\" content=\"\u017bAKIETOWA BE\u017bOWA SUKIENKA Z PASKIEM - Sklep online z damsk\u0105 odzie\u017c\u0105 Pauzza: Damska odzie\u017c. Nowa Kolekcja\" \/>\n<meta property=\"og:description\" content=\"Szczeg\u00f3\u0142y produktu: *Rodzaj:\u00a0Wiosna , jesie\u0144 *Kszta\u0142t\u00a0dekoltu: V *Wz\u00f3r:\u00a0Sukienka be\u017cowa zapinana na guziki z paskiem Sk\u0142ad: 95% poliester, 5% elastan Rozmiar S : D\u0142ugo\u015b\u0107 ca\u0142kowita: 86 cm Obw\u00f3d w biu\u015bcie: 96 cm \/ 100 cm Obw\u00f3d Pas: 84 cm do 88 cm Obw\u00f3d Biodra: 90 cm do 96 cm Rozmiar M : D\u0142ugo\u015b\u0107 ca\u0142kowita: 86 cm [&hellip;]\" \/>\n<meta property=\"og:url\" content=\"https:\/\/pauzza.pl\/uk\/\u043f\u0440\u043e\u0434\u0443\u043a\u0442\/zakietowa-bezowa-sukienka-z-paskiem\/\" \/>\n<meta property=\"og:site_name\" content=\"Sklep online z damsk\u0105 odzie\u017c\u0105 Pauzza: Damska odzie\u017c. Nowa Kolekcja\" \/>\n<meta property=\"article:modified_time\" content=\"2026-04-03T09:05:19+00:00\" \/>\n<meta property=\"og:image\" content=\"https:\/\/pauzza.pl\/wp-content\/uploads\/2026\/03\/Zdjecie-26.03.2026-07-00-27.jpg\" \/>\n\t<meta property=\"og:image:width\" content=\"720\" \/>\n\t<meta property=\"og:image:height\" content=\"1000\" \/>\n\t<meta property=\"og:image:type\" content=\"image\/jpeg\" \/>\n<meta name=\"twitter:card\" content=\"summary_large_image\" \/>\n<meta name=\"twitter:label1\" content=\"\u041f\u0440\u0438\u0431\u043b. \u0447\u0430\u0441 \u0447\u0438\u0442\u0430\u043d\u043d\u044f\" \/>\n\t<meta name=\"twitter:data1\" content=\"2 \u0445\u0432\u0438\u043b\u0438\u043d\u0438\" \/>\n<script type=\"application\/ld+json\" class=\"yoast-schema-graph\">{\"@context\":\"https:\/\/schema.org\",\"@graph\":[{\"@type\":\"WebPage\",\"@id\":\"https:\/\/pauzza.pl\/produkt\/zakietowa-bezowa-sukienka-z-paskiem\/\",\"url\":\"https:\/\/pauzza.pl\/produkt\/zakietowa-bezowa-sukienka-z-paskiem\/\",\"name\":\"\u017bAKIETOWA BE\u017bOWA SUKIENKA Z PASKIEM - Sklep online z damsk\u0105 odzie\u017c\u0105 Pauzza: Damska odzie\u017c. Nowa Kolekcja\",\"isPartOf\":{\"@id\":\"https:\/\/pauzza.pl\/#website\"},\"primaryImageOfPage\":{\"@id\":\"https:\/\/pauzza.pl\/produkt\/zakietowa-bezowa-sukienka-z-paskiem\/#primaryimage\"},\"image\":{\"@id\":\"https:\/\/pauzza.pl\/produkt\/zakietowa-bezowa-sukienka-z-paskiem\/#primaryimage\"},\"thumbnailUrl\":\"https:\/\/pauzza.pl\/wp-content\/uploads\/2026\/03\/Zdjecie-26.03.2026-07-00-27.jpg\",\"datePublished\":\"2026-03-27T14:17:09+00:00\",\"dateModified\":\"2026-04-03T09:05:19+00:00\",\"breadcrumb\":{\"@id\":\"https:\/\/pauzza.pl\/produkt\/zakietowa-bezowa-sukienka-z-paskiem\/#breadcrumb\"},\"inLanguage\":\"uk\",\"potentialAction\":[{\"@type\":\"ReadAction\",\"target\":[\"https:\/\/pauzza.pl\/produkt\/zakietowa-bezowa-sukienka-z-paskiem\/\"]}]},{\"@type\":\"ImageObject\",\"inLanguage\":\"uk\",\"@id\":\"https:\/\/pauzza.pl\/produkt\/zakietowa-bezowa-sukienka-z-paskiem\/#primaryimage\",\"url\":\"https:\/\/pauzza.pl\/wp-content\/uploads\/2026\/03\/Zdjecie-26.03.2026-07-00-27.jpg\",\"contentUrl\":\"https:\/\/pauzza.pl\/wp-content\/uploads\/2026\/03\/Zdjecie-26.03.2026-07-00-27.jpg\",\"width\":720,\"height\":1000},{\"@type\":\"BreadcrumbList\",\"@id\":\"https:\/\/pauzza.pl\/produkt\/zakietowa-bezowa-sukienka-z-paskiem\/#breadcrumb\",\"itemListElement\":[{\"@type\":\"ListItem\",\"position\":1,\"name\":\"Strona g\u0142\u00f3wna\",\"item\":\"https:\/\/pauzza.pl\/\"},{\"@type\":\"ListItem\",\"position\":2,\"name\":\"Sklep\",\"item\":\"https:\/\/pauzza.pl\/sklep\/\"},{\"@type\":\"ListItem\",\"position\":3,\"name\":\"\u017bAKIETOWA BE\u017bOWA SUKIENKA Z PASKIEM\"}]},{\"@type\":\"WebSite\",\"@id\":\"https:\/\/pauzza.pl\/#website\",\"url\":\"https:\/\/pauzza.pl\/\",\"name\":\"Sklep online z damsk\u0105 odzie\u017c\u0105 Pauzza: Damska odzie\u017c. Nowa Kolekcja\",\"description\":\"Je\u015bli chcesz zadba\u0107 o sw\u00f3j profesjonalny i pe\u0142en klasy wygl\u0105d w pracy butik online Pauzza, to strza\u0142 w dziesi\u0105tk\u0119! U nas znajdziesz szeroki wyb\u00f3r \u017cakiet\u00f3w, koszul, kurtek, sukienek, sp\u00f3dnic i wiele wiecej\",\"publisher\":{\"@id\":\"https:\/\/pauzza.pl\/#organization\"},\"potentialAction\":[{\"@type\":\"SearchAction\",\"target\":{\"@type\":\"EntryPoint\",\"urlTemplate\":\"https:\/\/pauzza.pl\/?s={search_term_string}\"},\"query-input\":{\"@type\":\"PropertyValueSpecification\",\"valueRequired\":true,\"valueName\":\"search_term_string\"}}],\"inLanguage\":\"uk\"},{\"@type\":\"Organization\",\"@id\":\"https:\/\/pauzza.pl\/#organization\",\"name\":\"Sklep online z damsk\u0105 odzie\u017c\u0105 Pauzza: Damska odzie\u017c. Nowa Kolekcja\",\"url\":\"https:\/\/pauzza.pl\/\",\"logo\":{\"@type\":\"ImageObject\",\"inLanguage\":\"uk\",\"@id\":\"https:\/\/pauzza.pl\/#\/schema\/logo\/image\/\",\"url\":\"https:\/\/pauzza.pl\/wp-content\/uploads\/2024\/01\/pauzzaw.png\",\"contentUrl\":\"https:\/\/pauzza.pl\/wp-content\/uploads\/2024\/01\/pauzzaw.png\",\"width\":350,\"height\":100,\"caption\":\"Sklep online z damsk\u0105 odzie\u017c\u0105 Pauzza: Damska odzie\u017c. Nowa Kolekcja\"},\"image\":{\"@id\":\"https:\/\/pauzza.pl\/#\/schema\/logo\/image\/\"}}]}<\/script>\n<!-- \/ Yoast SEO plugin. -->","yoast_head_json":{"title":"\u017bAKIETOWA BE\u017bOWA SUKIENKA Z PASKIEM - Sklep online z damsk\u0105 odzie\u017c\u0105 Pauzza: Damska odzie\u017c. Nowa Kolekcja","robots":{"index":"index","follow":"follow","max-snippet":"max-snippet:-1","max-image-preview":"max-image-preview:large","max-video-preview":"max-video-preview:-1"},"canonical":"https:\/\/pauzza.pl\/uk\/\u043f\u0440\u043e\u0434\u0443\u043a\u0442\/zakietowa-bezowa-sukienka-z-paskiem\/","og_locale":"uk_UA","og_type":"article","og_title":"\u017bAKIETOWA BE\u017bOWA SUKIENKA Z PASKIEM - Sklep online z damsk\u0105 odzie\u017c\u0105 Pauzza: Damska odzie\u017c. Nowa Kolekcja","og_description":"Szczeg\u00f3\u0142y produktu: *Rodzaj:\u00a0Wiosna , jesie\u0144 *Kszta\u0142t\u00a0dekoltu: V *Wz\u00f3r:\u00a0Sukienka be\u017cowa zapinana na guziki z paskiem Sk\u0142ad: 95% poliester, 5% elastan Rozmiar S : D\u0142ugo\u015b\u0107 ca\u0142kowita: 86 cm Obw\u00f3d w biu\u015bcie: 96 cm \/ 100 cm Obw\u00f3d Pas: 84 cm do 88 cm Obw\u00f3d Biodra: 90 cm do 96 cm Rozmiar M : D\u0142ugo\u015b\u0107 ca\u0142kowita: 86 cm [&hellip;]","og_url":"https:\/\/pauzza.pl\/uk\/\u043f\u0440\u043e\u0434\u0443\u043a\u0442\/zakietowa-bezowa-sukienka-z-paskiem\/","og_site_name":"Sklep online z damsk\u0105 odzie\u017c\u0105 Pauzza: Damska odzie\u017c. Nowa Kolekcja","article_modified_time":"2026-04-03T09:05:19+00:00","og_image":[{"width":720,"height":1000,"url":"https:\/\/pauzza.pl\/wp-content\/uploads\/2026\/03\/Zdjecie-26.03.2026-07-00-27.jpg","type":"image\/jpeg"}],"twitter_card":"summary_large_image","twitter_misc":{"\u041f\u0440\u0438\u0431\u043b. \u0447\u0430\u0441 \u0447\u0438\u0442\u0430\u043d\u043d\u044f":"2 \u0445\u0432\u0438\u043b\u0438\u043d\u0438"},"schema":{"@context":"https:\/\/schema.org","@graph":[{"@type":"WebPage","@id":"https:\/\/pauzza.pl\/produkt\/zakietowa-bezowa-sukienka-z-paskiem\/","url":"https:\/\/pauzza.pl\/produkt\/zakietowa-bezowa-sukienka-z-paskiem\/","name":"\u017bAKIETOWA BE\u017bOWA SUKIENKA Z PASKIEM - Sklep online z damsk\u0105 odzie\u017c\u0105 Pauzza: Damska odzie\u017c. Nowa Kolekcja","isPartOf":{"@id":"https:\/\/pauzza.pl\/#website"},"primaryImageOfPage":{"@id":"https:\/\/pauzza.pl\/produkt\/zakietowa-bezowa-sukienka-z-paskiem\/#primaryimage"},"image":{"@id":"https:\/\/pauzza.pl\/produkt\/zakietowa-bezowa-sukienka-z-paskiem\/#primaryimage"},"thumbnailUrl":"https:\/\/pauzza.pl\/wp-content\/uploads\/2026\/03\/Zdjecie-26.03.2026-07-00-27.jpg","datePublished":"2026-03-27T14:17:09+00:00","dateModified":"2026-04-03T09:05:19+00:00","breadcrumb":{"@id":"https:\/\/pauzza.pl\/produkt\/zakietowa-bezowa-sukienka-z-paskiem\/#breadcrumb"},"inLanguage":"uk","potentialAction":[{"@type":"ReadAction","target":["https:\/\/pauzza.pl\/produkt\/zakietowa-bezowa-sukienka-z-paskiem\/"]}]},{"@type":"ImageObject","inLanguage":"uk","@id":"https:\/\/pauzza.pl\/produkt\/zakietowa-bezowa-sukienka-z-paskiem\/#primaryimage","url":"https:\/\/pauzza.pl\/wp-content\/uploads\/2026\/03\/Zdjecie-26.03.2026-07-00-27.jpg","contentUrl":"https:\/\/pauzza.pl\/wp-content\/uploads\/2026\/03\/Zdjecie-26.03.2026-07-00-27.jpg","width":720,"height":1000},{"@type":"BreadcrumbList","@id":"https:\/\/pauzza.pl\/produkt\/zakietowa-bezowa-sukienka-z-paskiem\/#breadcrumb","itemListElement":[{"@type":"ListItem","position":1,"name":"Strona g\u0142\u00f3wna","item":"https:\/\/pauzza.pl\/"},{"@type":"ListItem","position":2,"name":"Sklep","item":"https:\/\/pauzza.pl\/sklep\/"},{"@type":"ListItem","position":3,"name":"\u017bAKIETOWA BE\u017bOWA SUKIENKA Z PASKIEM"}]},{"@type":"WebSite","@id":"https:\/\/pauzza.pl\/#website","url":"https:\/\/pauzza.pl\/","name":"\u0406\u043d\u0442\u0435\u0440\u043d\u0435\u0442 \u043c\u0430\u0433\u0430\u0437\u0438\u043d \u0436\u0456\u043d\u043e\u0447\u043e\u0433\u043e \u043e\u0434\u044f\u0433\u0443 Pauzza: \u0416\u0456\u043d\u043e\u0447\u0438\u0439 \u043e\u0434\u044f\u0433. \u041d\u043e\u0432\u0430 \u043a\u043e\u043b\u0435\u043a\u0446\u0456\u044f","description":"\u042f\u043a\u0449\u043e \u0432\u0438 \u0445\u043e\u0447\u0435\u0442\u0435 \u043f\u043e\u0434\u0431\u0430\u0442\u0438 \u043f\u0440\u043e \u0441\u0432\u0456\u0439 \u043f\u0440\u043e\u0444\u0435\u0441\u0456\u0439\u043d\u0438\u0439 \u0442\u0430 \u0441\u0442\u0438\u043b\u044c\u043d\u0438\u0439 \u0432\u0438\u0433\u043b\u044f\u0434 \u043d\u0430 \u0440\u043e\u0431\u043e\u0442\u0456, \u043e\u043d\u043b\u0430\u0439\u043d-\u0431\u0443\u0442\u0456\u043a Pauzza - \u0446\u0435 \u0445\u0456\u0442! \u0422\u0443\u0442 \u0432\u0438 \u0437\u043d\u0430\u0439\u0434\u0435\u0442\u0435 \u0448\u0438\u0440\u043e\u043a\u0438\u0439 \u0432\u0438\u0431\u0456\u0440 \u043f\u0456\u0434\u0436\u0430\u043a\u0456\u0432, \u0441\u043e\u0440\u043e\u0447\u043e\u043a, \u0436\u0430\u043a\u0435\u0442\u0456\u0432, \u0441\u0443\u043a\u043e\u043d\u044c, \u0441\u043f\u0456\u0434\u043d\u0438\u0446\u044c \u0442\u0430 \u0431\u0430\u0433\u0430\u0442\u043e \u0456\u043d\u0448\u043e\u0433\u043e.","publisher":{"@id":"https:\/\/pauzza.pl\/#organization"},"potentialAction":[{"@type":"SearchAction","target":{"@type":"EntryPoint","urlTemplate":"https:\/\/pauzza.pl\/?s={search_term_string}"},"query-input":{"@type":"PropertyValueSpecification","valueRequired":true,"valueName":"search_term_string"}}],"inLanguage":"uk"},{"@type":"Organization","@id":"https:\/\/pauzza.pl\/#organization","name":"\u0406\u043d\u0442\u0435\u0440\u043d\u0435\u0442 \u043c\u0430\u0433\u0430\u0437\u0438\u043d \u0436\u0456\u043d\u043e\u0447\u043e\u0433\u043e \u043e\u0434\u044f\u0433\u0443 Pauzza: \u0416\u0456\u043d\u043e\u0447\u0438\u0439 \u043e\u0434\u044f\u0433. \u041d\u043e\u0432\u0430 \u043a\u043e\u043b\u0435\u043a\u0446\u0456\u044f","url":"https:\/\/pauzza.pl\/","logo":{"@type":"ImageObject","inLanguage":"uk","@id":"https:\/\/pauzza.pl\/#\/schema\/logo\/image\/","url":"https:\/\/pauzza.pl\/wp-content\/uploads\/2024\/01\/pauzzaw.png","contentUrl":"https:\/\/pauzza.pl\/wp-content\/uploads\/2024\/01\/pauzzaw.png","width":350,"height":100,"caption":"Sklep online z damsk\u0105 odzie\u017c\u0105 Pauzza: Damska odzie\u017c. Nowa Kolekcja"},"image":{"@id":"https:\/\/pauzza.pl\/#\/schema\/logo\/image\/"}}]}},"_links":{"self":[{"href":"https:\/\/pauzza.pl\/uk\/wp-json\/wp\/v2\/product\/1073010","targetHints":{"allow":["GET"]}}],"collection":[{"href":"https:\/\/pauzza.pl\/uk\/wp-json\/wp\/v2\/product"}],"about":[{"href":"https:\/\/pauzza.pl\/uk\/wp-json\/wp\/v2\/types\/product"}],"wp:featuredmedia":[{"embeddable":true,"href":"https:\/\/pauzza.pl\/uk\/wp-json\/wp\/v2\/media\/1073030"}],"wp:attachment":[{"href":"https:\/\/pauzza.pl\/uk\/wp-json\/wp\/v2\/media?parent=1073010"}],"wp:term":[{"taxonomy":"product_brand","embeddable":true,"href":"https:\/\/pauzza.pl\/uk\/wp-json\/wp\/v2\/product_brand?post=1073010"},{"taxonomy":"product_cat","embeddable":true,"href":"https:\/\/pauzza.pl\/uk\/wp-json\/wp\/v2\/product_cat?post=1073010"},{"taxonomy":"product_tag","embeddable":true,"href":"https:\/\/pauzza.pl\/uk\/wp-json\/wp\/v2\/product_tag?post=1073010"}],"curies":[{"name":"wp","href":"https:\/\/api.w.org\/{rel}","templated":true}]}}