{"id":1044482,"date":"2026-02-04T13:42:22","date_gmt":"2026-02-04T12:42:22","guid":{"rendered":"https:\/\/pauzza.pl\/produkt\/smartband-gravity-czarny-gt40-1\/"},"modified":"2026-04-13T16:11:56","modified_gmt":"2026-04-13T14:11:56","slug":"smartband-gravity-czarny-gt40-1","status":"publish","type":"product","link":"https:\/\/pauzza.pl\/uk\/%d0%bf%d1%80%d0%be%d0%b4%d1%83%d0%ba%d1%82\/smartband-gravity-czarny-gt40-1\/","title":{"rendered":"Smartband Gravity Czarny GT40-1"},"content":{"rendered":"<p style=\"text-align: left\">\u00a0<\/p>\n<p style=\"text-align: left\"><strong><span style=\"font-size: 18pt\">Smartband Gravity Czarny GT40-1<\/span><\/strong><\/p>\n<p style=\"text-align: center\">\u00a0<\/p>\n<p data-start=\"0\" data-end=\"622\"><span style=\"font-size: 12pt\">Poznaj Gravity GT40 \u2013 smartband stworzony dla tych, kt\u00f3rzy chc\u0105 wi\u0119cej od nowoczesnej technologii. Sportowy design, wysoka jako\u015b\u0107 wykonania i intuicyjna obs\u0142uga sprawiaj\u0105, \u017ce staje si\u0119 idealnym towarzyszem zar\u00f3wno na co dzie\u0144 oraz intensywnych trening\u00f3w. Wy\u015bwietlacz o \u017cywych kolorach gwarantuje znakomit\u0105 czytelno\u015b\u0107, a zaawansowane funkcje zdrowotne, takie jak monitorowanie t\u0119tna, snu, temperatury cia\u0142a i aktywno\u015bci, pomagaj\u0105 dba\u0107 o organizm przez ca\u0142\u0105 dob\u0119. Dzi\u0119ki trybom sportowym GT40 motywuje do dzia\u0142ania, a jego wytrzyma\u0142a konstrukcja i odporno\u015b\u0107 na wod\u0119 zapewniaj\u0105 niezawodno\u015b\u0107 w ka\u017cdej sytuacji. Bateria dzia\u0142aj\u0105ca przez wiele dni pozwala zapomnie\u0107 o codziennym \u0142adowaniu, a pe\u0142na integracja ze smartfonem u\u0142atwia korzysta\u0107 z smartbandu ka\u017cdego dnia. Gravity GT40 to wi\u0119cej ni\u017c smartband \u2013 to osobisty asystent, trener w jednym, kt\u00f3ry sprawia, \u017ce ka\u017cdy dzie\u0144 staje si\u0119 prostszy, zdrowszy i bardziej wygodny.<\/span><\/p>\n<p style=\"text-align: left\">\u00a0<\/p>\n<h2><span style=\"font-size: 14pt\">FUNKCJE<\/span><\/h2>\n<div class=\"_1voj4 _z9prt _1xzdi _ai5yc _5d6n2 _15lj1\">\n<div class=\"_2d49e_5pK0q\">\n<p><span style=\"font-size: 12pt\">&#8211;\u00a0 Monitorowanie temperatury cia\u0142a<\/span><\/p>\n<p><span style=\"font-size: 12pt\">&#8211; \u00a0Monitorowanie ci\u015bnienia<\/span><\/p>\n<p><span style=\"font-size: 12pt\">&#8211;\u00a0 Monitorowanie poziomu tlenu we krwi<\/span><\/p>\n<p><span style=\"font-size: 12pt\">&#8211;\u00a0 Monitorowanie pracy serca<\/span><\/p>\n<p><span style=\"font-size: 12pt\">&#8211;\u00a0 Raport aktywno\u015bci<\/span><\/p>\n<p><span style=\"font-size: 12pt\">&#8211;\u00a0 Monitorowanie snu<\/span><\/p>\n<p><span style=\"font-size: 12pt\">&#8211;\u00a0 Tryby sportowe<\/span><\/p>\n<p><span style=\"font-size: 12pt\">&#8211;\u00a0 Stoper<\/span><\/p>\n<p><span style=\"font-size: 12pt\">&#8211;\u00a0 Wyb\u00f3r jasno\u015bci ekranu<\/span><\/p>\n<p><span style=\"font-size: 12pt\">&#8211;\u00a0 Biblioteka tarcz &#8211; mo\u017cliwo\u015b\u0107 wgrania w\u0142asnego zdj\u0119cia<\/span><\/p>\n<\/div>\n<\/div>\n<div class=\"_1voj4 _z9prt _1xzdi _ai5yc _5d6n2 _15lj1\">\n<div class=\"_2d49e_5pK0q\"><span style=\"font-size: 12pt\">&#8211;\u00a0 Format czasu \u2013 dwie opcje: 12 i 24 godziny<\/span><\/div>\n<div class=\"_2d49e_5pK0q\">\u00a0<\/div>\n<\/div>\n<h2><span style=\"font-size: 14pt\">SPECYFIKACJA<\/span><\/h2>\n<p><span style=\"font-size: 12pt\">&#8211;\u00a0 D<\/span><span style=\"font-size: 12pt\">otykowy wy\u015bwietlacz AMOLED 1.1&#8243; cala o rozdzielczo\u015bci 126&#215;294 px<\/span><\/p>\n<p><span style=\"font-size: 12pt\">&#8211;\u00a0 Procesor<span> TLSR8251<\/span><\/span><\/p>\n<p><span style=\"font-size: 12pt\">&#8211;\u00a0 Energooszcz\u0119dny Bluetooth Chip wersja: 4.2<\/span><\/p>\n<p><span style=\"font-size: 12pt\">&#8211;\u00a0 Pami\u0119\u0107 32MB\u00a0<\/span><\/p>\n<p><span style=\"font-size: 12pt\">&#8211;\u00a0 Bateria 90 mAh<\/span><\/p>\n<p><span style=\"font-size: 12pt\">&#8211;\u00a0 Czas pracy: do 5 dni &#8211; w zale\u017cno\u015bci od intensywno\u015bci u\u017cytkowania<\/span><\/p>\n<p><span style=\"font-size: 12pt\">&#8211;\u00a0 Czas pracy w trybie czuwania do 25 dni<\/span><\/p>\n<p><span style=\"font-size: 12pt\">&#8211;\u00a0 Wodoodporno\u015b\u0107: IP68 &#8211; odporny na przypadkowy kontakt z wod\u0105<\/span><\/p>\n<p><span style=\"font-size: 12pt\">&#8211;\u00a0 Pasek: silikon<\/span><\/p>\n<p><span style=\"font-size: 12pt\">&#8211;\u00a0 Koperta: tworzywo sztuczne<\/span><\/p>\n<p><span style=\"font-size: 12pt\">&#8211;\u00a0 Kompatybilno\u015b\u0107: wszystkie smartfony Android (od wersji 5.0) i iPhone (od wersji iOS 9.0)<\/span><\/p>\n<p><span style=\"font-size: 12pt\">&#8211;\u00a0 Aplikacja: dedykowana w j\u0119zyku polskim<\/span><\/p>\n<p><span style=\"font-size: 12pt\">&#8211;\u00a0 Menu smartwatch&#8217;a: j\u0119zyk polski<\/span><\/p>\n<p><span style=\"font-size: 12pt\">&#8211;\u00a0 Instrukcja obs\u0142ugi: j\u0119zyk polski, j\u0119zyk angielski<\/span><\/p>\n<p>\u00a0<\/p>\n<p>\u00a0<\/p>\n<p><span style=\"font-size: 14pt\"><strong>WYMIARY w mm<\/strong><\/span><\/p>\n<p><span style=\"font-size: 12pt\">&#8211;\u00a0 Koperta \u015brednica: 19&#215;43<\/span><\/p>\n<p><span style=\"font-size: 12pt\">&#8211;\u00a0 Grubo\u015b\u0107: 12,6<\/span><\/p>\n<p><span style=\"font-size: 12pt\">&#8211;\u00a0 Pasek szeroko\u015b\u0107: 18<\/span><\/p>\n<p><span style=\"font-size: 12pt\">&#8211;\u00a0 Pasek obw\u00f3d: do 210<\/span><\/p>\n<p>\u00a0<\/p>\n<p><span style=\"font-size: 14pt\"><strong>KOLORYSTYKA<\/strong><\/span><\/p>\n<p><span style=\"font-size: 12pt\">&#8211;\u00a0 Koperta: czarna<\/span><\/p>\n<p><span style=\"font-size: 12pt\">&#8211;\u00a0 Pasek silikonowy: czarny<\/span><\/p>\n<p>\u00a0<\/p>\n<p>\u00a0<\/p>\n<p><strong><span>\u00a0<\/span><\/strong><\/p>\n<p><span style=\"font-size: 14pt\"><strong>W ZESTAWIE OTRZYMASZ:<\/strong><\/span><\/p>\n<p><span style=\"font-size: 12pt\">&#8211;\u00a0 Oryginalny zegarek marki GRAVITY<\/span><\/p>\n<p><span style=\"font-size: 12pt\">&#8211;\u00a0 Pasek silikonowy<\/span><\/p>\n<p><span style=\"font-size: 12pt\">&#8211;\u00a0 Zestaw do ochrony ekranu<\/span><\/p>\n<p><span style=\"font-size: 12pt\">&#8211;\u00a0 Kabel do \u0142adowania z ko\u0144c\u00f3wk\u0105 USB<\/span><\/p>\n<p><span style=\"font-size: 12pt\">&#8211;\u00a0 Oryginalne pude\u0142ko<\/span><\/p>\n<p><span style=\"font-size: 12pt\">&#8211;\u00a0 Instrukcja obs\u0142ugi w j\u0119zyku polskim<\/span><\/p>\n<p><span style=\"font-size: 12pt\">&#8211;\u00a0 Karta gwarancyjna<\/span><\/p>\n<p><strong><span>\u00a0<\/span><\/strong><\/p>\n<p>\u00a0<\/p>\n<p data-start=\"0\" data-end=\"58\"><span style=\"font-size: 12pt\"><strong data-start=\"0\" data-end=\"56\">SMARTWATCH GRAVITY \u2013 inteligencja, styl i niezawodno\u015b\u0107 w jednym zegarku<\/strong><\/span><\/p>\n<p data-start=\"60\" data-end=\"515\"><span style=\"font-size: 12pt\">Marka <strong data-start=\"66\" data-end=\"77\">GRAVITY<\/strong> to wi\u0119cej ni\u017c smartwatch \u2013 to partner, kt\u00f3ry towarzyszy Ci w ka\u017cdym ruchu, pulsie i my\u015bli. Stworzony dla os\u00f3b, kt\u00f3re \u017cyj\u0105 aktywnie, ceni\u0105 innowacje i nie boj\u0105 si\u0119 wyzwa\u0144, \u0142\u0105czy nowoczesny design z najnowsz\u0105 technologi\u0105, pomagaj\u0105c osi\u0105ga\u0107 wi\u0119cej ka\u017cdego dnia. Zorganizowany co do minuty, monitoruje Tw\u00f3j rytm dobowy, przypomina o aktywno\u015bci i troszczy si\u0119 o zdrowie, oferuj\u0105c zaawansowane funkcje \u015bledzenia parametr\u00f3w cia\u0142a.<\/span><\/p>","protected":false},"excerpt":{"rendered":"<p>\u00a0 Smartband Gravity Czarny GT40-1 \u00a0 Poznaj Gravity GT40 \u2013 smartband stworzony dla tych, kt\u00f3rzy chc\u0105 wi\u0119cej od nowoczesnej technologii. Sportowy design, wysoka jako\u015b\u0107 wykonania i intuicyjna obs\u0142uga sprawiaj\u0105, \u017ce staje si\u0119 idealnym towarzyszem zar\u00f3wno na co dzie\u0144 oraz intensywnych trening\u00f3w. Wy\u015bwietlacz o \u017cywych kolorach gwarantuje znakomit\u0105 czytelno\u015b\u0107, a zaawansowane funkcje zdrowotne, takie jak monitorowanie [&hellip;]<\/p>","protected":false},"featured_media":1044484,"template":"","meta":{"_acf_changed":false},"product_brand":[],"product_cat":[4923,4835],"product_tag":[],"class_list":{"0":"post-1044482","1":"product","2":"type-product","3":"status-publish","4":"has-post-thumbnail","6":"product_cat-gravity","7":"product_cat-smartwatch","9":"first","10":"instock","11":"taxable","12":"shipping-taxable","13":"purchasable","14":"product-type-simple"},"acf":[],"yoast_head":"<!-- This site is optimized with the Yoast SEO plugin v27.2 - https:\/\/yoast.com\/product\/yoast-seo-wordpress\/ -->\n<title>Smartband Gravity Czarny GT40-1<\/title>\n<meta name=\"robots\" content=\"index, follow, max-snippet:-1, max-image-preview:large, max-video-preview:-1\" \/>\n<link rel=\"canonical\" href=\"https:\/\/pauzza.pl\/uk\/\u043f\u0440\u043e\u0434\u0443\u043a\u0442\/smartband-gravity-czarny-gt40-1\/\" \/>\n<meta property=\"og:locale\" content=\"uk_UA\" \/>\n<meta property=\"og:type\" content=\"article\" \/>\n<meta property=\"og:title\" content=\"Smartband Gravity Czarny GT40-1\" \/>\n<meta property=\"og:description\" content=\"\u00a0 Smartband Gravity Czarny GT40-1 \u00a0 Poznaj Gravity GT40 \u2013 smartband stworzony dla tych, kt\u00f3rzy chc\u0105 wi\u0119cej od nowoczesnej technologii. Sportowy design, wysoka jako\u015b\u0107 wykonania i intuicyjna obs\u0142uga sprawiaj\u0105, \u017ce staje si\u0119 idealnym towarzyszem zar\u00f3wno na co dzie\u0144 oraz intensywnych trening\u00f3w. Wy\u015bwietlacz o \u017cywych kolorach gwarantuje znakomit\u0105 czytelno\u015b\u0107, a zaawansowane funkcje zdrowotne, takie jak monitorowanie [&hellip;]\" \/>\n<meta property=\"og:url\" content=\"https:\/\/pauzza.pl\/uk\/\u043f\u0440\u043e\u0434\u0443\u043a\u0442\/smartband-gravity-czarny-gt40-1\/\" \/>\n<meta property=\"og:site_name\" content=\"Sklep online z damsk\u0105 odzie\u017c\u0105 Pauzza: Damska odzie\u017c. Nowa Kolekcja\" \/>\n<meta property=\"article:modified_time\" content=\"2026-04-13T14:11:56+00:00\" \/>\n<meta property=\"og:image\" content=\"https:\/\/pauzza.pl\/wp-content\/uploads\/2026\/02\/26_max.jpg\" \/>\n\t<meta property=\"og:image:width\" content=\"1133\" \/>\n\t<meta property=\"og:image:height\" content=\"1200\" \/>\n\t<meta property=\"og:image:type\" content=\"image\/jpeg\" \/>\n<meta name=\"twitter:card\" content=\"summary_large_image\" \/>\n<meta name=\"twitter:label1\" content=\"\u041f\u0440\u0438\u0431\u043b. \u0447\u0430\u0441 \u0447\u0438\u0442\u0430\u043d\u043d\u044f\" \/>\n\t<meta name=\"twitter:data1\" content=\"2 \u0445\u0432\u0438\u043b\u0438\u043d\u0438\" \/>\n<script type=\"application\/ld+json\" class=\"yoast-schema-graph\">{\"@context\":\"https:\/\/schema.org\",\"@graph\":[{\"@type\":\"WebPage\",\"@id\":\"https:\/\/pauzza.pl\/produkt\/smartband-gravity-czarny-gt40-1\/\",\"url\":\"https:\/\/pauzza.pl\/produkt\/smartband-gravity-czarny-gt40-1\/\",\"name\":\"Smartband Gravity Czarny GT40-1\",\"isPartOf\":{\"@id\":\"https:\/\/pauzza.pl\/#website\"},\"primaryImageOfPage\":{\"@id\":\"https:\/\/pauzza.pl\/produkt\/smartband-gravity-czarny-gt40-1\/#primaryimage\"},\"image\":{\"@id\":\"https:\/\/pauzza.pl\/produkt\/smartband-gravity-czarny-gt40-1\/#primaryimage\"},\"thumbnailUrl\":\"https:\/\/pauzza.pl\/wp-content\/uploads\/2026\/02\/26_max.jpg\",\"datePublished\":\"2026-02-04T12:42:22+00:00\",\"dateModified\":\"2026-04-13T14:11:56+00:00\",\"breadcrumb\":{\"@id\":\"https:\/\/pauzza.pl\/produkt\/smartband-gravity-czarny-gt40-1\/#breadcrumb\"},\"inLanguage\":\"uk\",\"potentialAction\":[{\"@type\":\"ReadAction\",\"target\":[\"https:\/\/pauzza.pl\/produkt\/smartband-gravity-czarny-gt40-1\/\"]}]},{\"@type\":\"ImageObject\",\"inLanguage\":\"uk\",\"@id\":\"https:\/\/pauzza.pl\/produkt\/smartband-gravity-czarny-gt40-1\/#primaryimage\",\"url\":\"https:\/\/pauzza.pl\/wp-content\/uploads\/2026\/02\/26_max.jpg\",\"contentUrl\":\"https:\/\/pauzza.pl\/wp-content\/uploads\/2026\/02\/26_max.jpg\",\"width\":1133,\"height\":1200},{\"@type\":\"BreadcrumbList\",\"@id\":\"https:\/\/pauzza.pl\/produkt\/smartband-gravity-czarny-gt40-1\/#breadcrumb\",\"itemListElement\":[{\"@type\":\"ListItem\",\"position\":1,\"name\":\"Strona g\u0142\u00f3wna\",\"item\":\"https:\/\/pauzza.pl\/\"},{\"@type\":\"ListItem\",\"position\":2,\"name\":\"Sklep\",\"item\":\"https:\/\/pauzza.pl\/sklep\/\"},{\"@type\":\"ListItem\",\"position\":3,\"name\":\"Smartband Gravity Czarny GT40-1\"}]},{\"@type\":\"WebSite\",\"@id\":\"https:\/\/pauzza.pl\/#website\",\"url\":\"https:\/\/pauzza.pl\/\",\"name\":\"Sklep online z damsk\u0105 odzie\u017c\u0105 Pauzza: Damska odzie\u017c. Nowa Kolekcja\",\"description\":\"Je\u015bli chcesz zadba\u0107 o sw\u00f3j profesjonalny i pe\u0142en klasy wygl\u0105d w pracy butik online Pauzza, to strza\u0142 w dziesi\u0105tk\u0119! U nas znajdziesz szeroki wyb\u00f3r \u017cakiet\u00f3w, koszul, kurtek, sukienek, sp\u00f3dnic i wiele wiecej\",\"publisher\":{\"@id\":\"https:\/\/pauzza.pl\/#organization\"},\"potentialAction\":[{\"@type\":\"SearchAction\",\"target\":{\"@type\":\"EntryPoint\",\"urlTemplate\":\"https:\/\/pauzza.pl\/?s={search_term_string}\"},\"query-input\":{\"@type\":\"PropertyValueSpecification\",\"valueRequired\":true,\"valueName\":\"search_term_string\"}}],\"inLanguage\":\"uk\"},{\"@type\":\"Organization\",\"@id\":\"https:\/\/pauzza.pl\/#organization\",\"name\":\"Sklep online z damsk\u0105 odzie\u017c\u0105 Pauzza: Damska odzie\u017c. Nowa Kolekcja\",\"url\":\"https:\/\/pauzza.pl\/\",\"logo\":{\"@type\":\"ImageObject\",\"inLanguage\":\"uk\",\"@id\":\"https:\/\/pauzza.pl\/#\/schema\/logo\/image\/\",\"url\":\"https:\/\/pauzza.pl\/wp-content\/uploads\/2024\/01\/pauzzaw.png\",\"contentUrl\":\"https:\/\/pauzza.pl\/wp-content\/uploads\/2024\/01\/pauzzaw.png\",\"width\":350,\"height\":100,\"caption\":\"Sklep online z damsk\u0105 odzie\u017c\u0105 Pauzza: Damska odzie\u017c. Nowa Kolekcja\"},\"image\":{\"@id\":\"https:\/\/pauzza.pl\/#\/schema\/logo\/image\/\"}}]}<\/script>\n<!-- \/ Yoast SEO plugin. -->","yoast_head_json":{"title":"Smartband Gravity Czarny GT40-1","robots":{"index":"index","follow":"follow","max-snippet":"max-snippet:-1","max-image-preview":"max-image-preview:large","max-video-preview":"max-video-preview:-1"},"canonical":"https:\/\/pauzza.pl\/uk\/\u043f\u0440\u043e\u0434\u0443\u043a\u0442\/smartband-gravity-czarny-gt40-1\/","og_locale":"uk_UA","og_type":"article","og_title":"Smartband Gravity Czarny GT40-1","og_description":"\u00a0 Smartband Gravity Czarny GT40-1 \u00a0 Poznaj Gravity GT40 \u2013 smartband stworzony dla tych, kt\u00f3rzy chc\u0105 wi\u0119cej od nowoczesnej technologii. Sportowy design, wysoka jako\u015b\u0107 wykonania i intuicyjna obs\u0142uga sprawiaj\u0105, \u017ce staje si\u0119 idealnym towarzyszem zar\u00f3wno na co dzie\u0144 oraz intensywnych trening\u00f3w. Wy\u015bwietlacz o \u017cywych kolorach gwarantuje znakomit\u0105 czytelno\u015b\u0107, a zaawansowane funkcje zdrowotne, takie jak monitorowanie [&hellip;]","og_url":"https:\/\/pauzza.pl\/uk\/\u043f\u0440\u043e\u0434\u0443\u043a\u0442\/smartband-gravity-czarny-gt40-1\/","og_site_name":"Sklep online z damsk\u0105 odzie\u017c\u0105 Pauzza: Damska odzie\u017c. Nowa Kolekcja","article_modified_time":"2026-04-13T14:11:56+00:00","og_image":[{"width":1133,"height":1200,"url":"https:\/\/pauzza.pl\/wp-content\/uploads\/2026\/02\/26_max.jpg","type":"image\/jpeg"}],"twitter_card":"summary_large_image","twitter_misc":{"\u041f\u0440\u0438\u0431\u043b. \u0447\u0430\u0441 \u0447\u0438\u0442\u0430\u043d\u043d\u044f":"2 \u0445\u0432\u0438\u043b\u0438\u043d\u0438"},"schema":{"@context":"https:\/\/schema.org","@graph":[{"@type":"WebPage","@id":"https:\/\/pauzza.pl\/produkt\/smartband-gravity-czarny-gt40-1\/","url":"https:\/\/pauzza.pl\/produkt\/smartband-gravity-czarny-gt40-1\/","name":"Smartband Gravity Czarny GT40-1","isPartOf":{"@id":"https:\/\/pauzza.pl\/#website"},"primaryImageOfPage":{"@id":"https:\/\/pauzza.pl\/produkt\/smartband-gravity-czarny-gt40-1\/#primaryimage"},"image":{"@id":"https:\/\/pauzza.pl\/produkt\/smartband-gravity-czarny-gt40-1\/#primaryimage"},"thumbnailUrl":"https:\/\/pauzza.pl\/wp-content\/uploads\/2026\/02\/26_max.jpg","datePublished":"2026-02-04T12:42:22+00:00","dateModified":"2026-04-13T14:11:56+00:00","breadcrumb":{"@id":"https:\/\/pauzza.pl\/produkt\/smartband-gravity-czarny-gt40-1\/#breadcrumb"},"inLanguage":"uk","potentialAction":[{"@type":"ReadAction","target":["https:\/\/pauzza.pl\/produkt\/smartband-gravity-czarny-gt40-1\/"]}]},{"@type":"ImageObject","inLanguage":"uk","@id":"https:\/\/pauzza.pl\/produkt\/smartband-gravity-czarny-gt40-1\/#primaryimage","url":"https:\/\/pauzza.pl\/wp-content\/uploads\/2026\/02\/26_max.jpg","contentUrl":"https:\/\/pauzza.pl\/wp-content\/uploads\/2026\/02\/26_max.jpg","width":1133,"height":1200},{"@type":"BreadcrumbList","@id":"https:\/\/pauzza.pl\/produkt\/smartband-gravity-czarny-gt40-1\/#breadcrumb","itemListElement":[{"@type":"ListItem","position":1,"name":"Strona g\u0142\u00f3wna","item":"https:\/\/pauzza.pl\/"},{"@type":"ListItem","position":2,"name":"Sklep","item":"https:\/\/pauzza.pl\/sklep\/"},{"@type":"ListItem","position":3,"name":"Smartband Gravity Czarny GT40-1"}]},{"@type":"WebSite","@id":"https:\/\/pauzza.pl\/#website","url":"https:\/\/pauzza.pl\/","name":"\u0406\u043d\u0442\u0435\u0440\u043d\u0435\u0442 \u043c\u0430\u0433\u0430\u0437\u0438\u043d \u0436\u0456\u043d\u043e\u0447\u043e\u0433\u043e \u043e\u0434\u044f\u0433\u0443 Pauzza: \u0416\u0456\u043d\u043e\u0447\u0438\u0439 \u043e\u0434\u044f\u0433. \u041d\u043e\u0432\u0430 \u043a\u043e\u043b\u0435\u043a\u0446\u0456\u044f","description":"\u042f\u043a\u0449\u043e \u0432\u0438 \u0445\u043e\u0447\u0435\u0442\u0435 \u043f\u043e\u0434\u0431\u0430\u0442\u0438 \u043f\u0440\u043e \u0441\u0432\u0456\u0439 \u043f\u0440\u043e\u0444\u0435\u0441\u0456\u0439\u043d\u0438\u0439 \u0442\u0430 \u0441\u0442\u0438\u043b\u044c\u043d\u0438\u0439 \u0432\u0438\u0433\u043b\u044f\u0434 \u043d\u0430 \u0440\u043e\u0431\u043e\u0442\u0456, \u043e\u043d\u043b\u0430\u0439\u043d-\u0431\u0443\u0442\u0456\u043a Pauzza - \u0446\u0435 \u0445\u0456\u0442! \u0422\u0443\u0442 \u0432\u0438 \u0437\u043d\u0430\u0439\u0434\u0435\u0442\u0435 \u0448\u0438\u0440\u043e\u043a\u0438\u0439 \u0432\u0438\u0431\u0456\u0440 \u043f\u0456\u0434\u0436\u0430\u043a\u0456\u0432, \u0441\u043e\u0440\u043e\u0447\u043e\u043a, \u0436\u0430\u043a\u0435\u0442\u0456\u0432, \u0441\u0443\u043a\u043e\u043d\u044c, \u0441\u043f\u0456\u0434\u043d\u0438\u0446\u044c \u0442\u0430 \u0431\u0430\u0433\u0430\u0442\u043e \u0456\u043d\u0448\u043e\u0433\u043e.","publisher":{"@id":"https:\/\/pauzza.pl\/#organization"},"potentialAction":[{"@type":"SearchAction","target":{"@type":"EntryPoint","urlTemplate":"https:\/\/pauzza.pl\/?s={search_term_string}"},"query-input":{"@type":"PropertyValueSpecification","valueRequired":true,"valueName":"search_term_string"}}],"inLanguage":"uk"},{"@type":"Organization","@id":"https:\/\/pauzza.pl\/#organization","name":"\u0406\u043d\u0442\u0435\u0440\u043d\u0435\u0442 \u043c\u0430\u0433\u0430\u0437\u0438\u043d \u0436\u0456\u043d\u043e\u0447\u043e\u0433\u043e \u043e\u0434\u044f\u0433\u0443 Pauzza: \u0416\u0456\u043d\u043e\u0447\u0438\u0439 \u043e\u0434\u044f\u0433. \u041d\u043e\u0432\u0430 \u043a\u043e\u043b\u0435\u043a\u0446\u0456\u044f","url":"https:\/\/pauzza.pl\/","logo":{"@type":"ImageObject","inLanguage":"uk","@id":"https:\/\/pauzza.pl\/#\/schema\/logo\/image\/","url":"https:\/\/pauzza.pl\/wp-content\/uploads\/2024\/01\/pauzzaw.png","contentUrl":"https:\/\/pauzza.pl\/wp-content\/uploads\/2024\/01\/pauzzaw.png","width":350,"height":100,"caption":"Sklep online z damsk\u0105 odzie\u017c\u0105 Pauzza: Damska odzie\u017c. Nowa Kolekcja"},"image":{"@id":"https:\/\/pauzza.pl\/#\/schema\/logo\/image\/"}}]}},"_links":{"self":[{"href":"https:\/\/pauzza.pl\/uk\/wp-json\/wp\/v2\/product\/1044482","targetHints":{"allow":["GET"]}}],"collection":[{"href":"https:\/\/pauzza.pl\/uk\/wp-json\/wp\/v2\/product"}],"about":[{"href":"https:\/\/pauzza.pl\/uk\/wp-json\/wp\/v2\/types\/product"}],"wp:featuredmedia":[{"embeddable":true,"href":"https:\/\/pauzza.pl\/uk\/wp-json\/wp\/v2\/media\/1044484"}],"wp:attachment":[{"href":"https:\/\/pauzza.pl\/uk\/wp-json\/wp\/v2\/media?parent=1044482"}],"wp:term":[{"taxonomy":"product_brand","embeddable":true,"href":"https:\/\/pauzza.pl\/uk\/wp-json\/wp\/v2\/product_brand?post=1044482"},{"taxonomy":"product_cat","embeddable":true,"href":"https:\/\/pauzza.pl\/uk\/wp-json\/wp\/v2\/product_cat?post=1044482"},{"taxonomy":"product_tag","embeddable":true,"href":"https:\/\/pauzza.pl\/uk\/wp-json\/wp\/v2\/product_tag?post=1044482"}],"curies":[{"name":"wp","href":"https:\/\/api.w.org\/{rel}","templated":true}]}}