{"id":806,"date":"2024-07-16T04:32:35","date_gmt":"2024-07-16T04:32:35","guid":{"rendered":"https:\/\/pauzza.pl\/?page_id=806"},"modified":"2024-07-16T04:54:03","modified_gmt":"2024-07-16T04:54:03","slug":"logowanie","status":"publish","type":"page","link":"https:\/\/pauzza.pl\/uk\/logowanie\/","title":{"rendered":"Logowanie"},"content":{"rendered":"<div data-elementor-type=\"wp-page\" data-elementor-id=\"806\" class=\"elementor elementor-806\" data-elementor-post-type=\"page\">\n\t\t\t\t<div class=\"elementor-element elementor-element-d0144c2 e-con-full e-flex e-con e-parent\" data-id=\"d0144c2\" data-element_type=\"container\" data-e-type=\"container\">\n\t\t<div class=\"elementor-element elementor-element-e982b9c e-con-full e-flex e-con e-child\" data-id=\"e982b9c\" data-element_type=\"container\" data-e-type=\"container\" data-settings=\"{&quot;background_background&quot;:&quot;classic&quot;}\">\n\t\t<div class=\"elementor-element elementor-element-f7ad83c e-con-full e-flex e-con e-child\" data-id=\"f7ad83c\" data-element_type=\"container\" data-e-type=\"container\">\n\t\t\t\t<div class=\"elementor-element elementor-element-5570ce2 elementor-widget elementor-widget-image\" data-id=\"5570ce2\" data-element_type=\"widget\" data-e-type=\"widget\" data-widget_type=\"image.default\">\n\t\t\t\t<div class=\"elementor-widget-container\">\n\t\t\t\t\t\t\t\t\t\t\t\t\t\t\t<img decoding=\"async\" width=\"20\" height=\"20\" src=\"https:\/\/pauzza.pl\/wp-content\/uploads\/2024\/07\/sim-yellow.png\" class=\"attachment-full size-full wp-image-171\" alt=\"\" \/>\t\t\t\t\t\t\t\t\t\t\t\t\t\t\t<\/div>\n\t\t\t\t<\/div>\n\t\t\t\t<div class=\"elementor-element elementor-element-92c3106 elementor-widget-mobile__width-initial elementor-widget elementor-widget-heading\" data-id=\"92c3106\" data-element_type=\"widget\" data-e-type=\"widget\" data-widget_type=\"heading.default\">\n\t\t\t\t<div class=\"elementor-widget-container\">\n\t\t\t\t\t<h2 class=\"elementor-heading-title elementor-size-default\">Zarejestrowani<\/h2>\t\t\t\t<\/div>\n\t\t\t\t<\/div>\n\t\t\t\t<\/div>\n\t\t\t\t<div class=\"elementor-element elementor-element-478032a elementor-widget elementor-widget-text-editor\" data-id=\"478032a\" data-element_type=\"widget\" data-e-type=\"widget\" data-widget_type=\"text-editor.default\">\n\t\t\t\t<div class=\"elementor-widget-container\">\n\t\t\t\t\t\t\t\t\t<p>Je\u015bli posiadasz ju\u017c konto, mo\u017cesz zalogowa\u0107 si\u0119 przy u\u017cyciu adresu e-mail.<\/p>\t\t\t\t\t\t\t\t<\/div>\n\t\t\t\t<\/div>\n\t\t\t\t<div class=\"elementor-element elementor-element-183c1da elementor-button-align-stretch elementor-widget elementor-widget-login\" data-id=\"183c1da\" data-element_type=\"widget\" data-e-type=\"widget\" data-widget_type=\"login.default\">\n\t\t\t\t<div class=\"elementor-widget-container\">\n\t\t\t\t\t\t\t<form class=\"elementor-login elementor-form\" method=\"post\" action=\"https:\/\/pauzza.pl\/wp-login.php\" aria-label=\"Login form\">\n\t\t\t<input type=\"hidden\" name=\"redirect_to\" value=\"https:\/\/pauzza.pl\/index.php\/moje-konto\/\">\n\t\t\t<div class=\"elementor-form-fields-wrapper\">\n\t\t\t\t<div class=\"elementor-field-type-text elementor-field-group elementor-column elementor-col-100 elementor-field-required\">\n\t\t\t\t\t<label for=\"user-183c1da\" class=\"elementor-field-label\">Adres e-mail<\/label>\n\t\t\t\t\t<input size=\"1\" type=\"text\" name=\"log\" id=\"user-183c1da\" placeholder=\"Wprowad\u017a sw\u00f3j adres e-mail\" class=\"elementor-field elementor-field-textual elementor-size-md\">\n\t\t\t\t<\/div>\n\t\t\t\t<div class=\"elementor-field-type-text elementor-field-group elementor-column elementor-col-100 elementor-field-required\">\n\t\t\t\t\t<label for=\"password-183c1da\" class=\"elementor-field-label\">Has\u0142o<\/label>\n\t\t\t\t\t<input size=\"1\" type=\"password\" name=\"pwd\" id=\"password-183c1da\" placeholder=\"Wprowad\u017a swoje has\u0142o\" class=\"elementor-field elementor-field-textual elementor-size-md\">\n\t\t\t\t<\/div>\n\n\t\t\t\t\t\t\t\t\t<div class=\"elementor-field-type-checkbox elementor-field-group elementor-column elementor-col-100 elementor-remember-me\">\n\t\t\t\t\t\t<label for=\"elementor-login-remember-me\">\n\t\t\t\t\t\t\t<input type=\"checkbox\" id=\"elementor-login-remember-me\" name=\"rememberme\" value=\"forever\">\n\t\t\t\t\t\t\t\u0417\u0430\u043f\u0430\u043c&#039;\u044f\u0442\u0430\u0442\u0438 \u043c\u0435\u043d\u0435\t\t\t\t\t\t<\/label>\n\t\t\t\t\t<\/div>\n\t\t\t\t\n\t\t\t\t<div class=\"elementor-field-group elementor-column elementor-field-type-submit elementor-col-100\">\n\t\t\t\t\t<button type=\"submit\" class=\"elementor-size-sm elementor-button\" name=\"wp-submit\">\n\t\t\t\t\t\t\t\t\t\t\t\t\t\t\t<span class=\"elementor-button-text\">Zaloguj si\u0119<\/span>\n\t\t\t\t\t\t\t\t\t\t\t\t<\/button>\n\t\t\t\t<\/div>\n\n\t\t\t\t\t\t\t\t\t<div class=\"elementor-field-group elementor-column elementor-col-100\">\n\t\t\t\t\t\t\t\t\t\t\t\t\t\t\t\t\t\t\t\t<a class=\"elementor-lost-password\" href=\"https:\/\/pauzza.pl\/uk\/moje-konto\/lost-password\/\">\n\t\t\t\t\t\t\t\t\u0417\u0430\u0431\u0443\u043b\u0438 \u0441\u0432\u0456\u0439 \u043f\u0430\u0440\u043e\u043b\u044c?\t\t\t\t\t\t\t<\/a>\n\t\t\t\t\t\t\n\t\t\t\t\t\t\t\t\t\t\t<\/div>\n\t\t\t\t\t\t\t<\/div>\n\t\t<\/form>\n\t\t\t\t\t\t<\/div>\n\t\t\t\t<\/div>\n\t\t\t\t<\/div>\n\t\t<div class=\"elementor-element elementor-element-1acd3a4 e-con-full e-flex e-con e-child\" data-id=\"1acd3a4\" data-element_type=\"container\" data-e-type=\"container\">\n\t\t<div class=\"elementor-element elementor-element-8b02429 e-con-full e-flex e-con e-child\" data-id=\"8b02429\" data-element_type=\"container\" data-e-type=\"container\">\n\t\t\t\t<div class=\"elementor-element elementor-element-456931f elementor-widget elementor-widget-image\" data-id=\"456931f\" data-element_type=\"widget\" data-e-type=\"widget\" data-widget_type=\"image.default\">\n\t\t\t\t<div class=\"elementor-widget-container\">\n\t\t\t\t\t\t\t\t\t\t\t\t\t\t\t<img decoding=\"async\" width=\"20\" height=\"20\" src=\"https:\/\/pauzza.pl\/wp-content\/uploads\/2024\/07\/sim-yellow.png\" class=\"attachment-full size-full wp-image-171\" alt=\"\" \/>\t\t\t\t\t\t\t\t\t\t\t\t\t\t\t<\/div>\n\t\t\t\t<\/div>\n\t\t\t\t<div class=\"elementor-element elementor-element-46cc5b1 elementor-widget-mobile__width-initial elementor-widget elementor-widget-heading\" data-id=\"46cc5b1\" data-element_type=\"widget\" data-e-type=\"widget\" data-widget_type=\"heading.default\">\n\t\t\t\t<div class=\"elementor-widget-container\">\n\t\t\t\t\t<h2 class=\"elementor-heading-title elementor-size-default\">Nie posiadam konta<\/h2>\t\t\t\t<\/div>\n\t\t\t\t<\/div>\n\t\t\t\t<\/div>\n\t\t\t\t<div class=\"elementor-element elementor-element-2fe137b elementor-widget elementor-widget-text-editor\" data-id=\"2fe137b\" data-element_type=\"widget\" data-e-type=\"widget\" data-widget_type=\"text-editor.default\">\n\t\t\t\t<div class=\"elementor-widget-container\">\n\t\t\t\t\t\t\t\t\t<p>Atuty posiadania konta:<\/p>\t\t\t\t\t\t\t\t<\/div>\n\t\t\t\t<\/div>\n\t\t\t\t<div class=\"elementor-element elementor-element-8cd211c elementor-icon-list--layout-traditional elementor-list-item-link-full_width elementor-widget elementor-widget-icon-list\" data-id=\"8cd211c\" data-element_type=\"widget\" data-e-type=\"widget\" data-widget_type=\"icon-list.default\">\n\t\t\t\t<div class=\"elementor-widget-container\">\n\t\t\t\t\t\t\t<ul class=\"elementor-icon-list-items\">\n\t\t\t\t\t\t\t<li class=\"elementor-icon-list-item\">\n\t\t\t\t\t\t\t\t\t\t\t<span class=\"elementor-icon-list-icon\">\n\t\t\t\t\t\t\t<svg xmlns=\"http:\/\/www.w3.org\/2000\/svg\" width=\"15\" height=\"14\" viewbox=\"0 0 15 14\" fill=\"none\"><g clip-path=\"url(#clip0_308_730)\"><path d=\"M9.48392 2.20559C8.67309 1.56042 7.90717 0.950257 7.33084 0.26134L7.11092 -0.00115967L6.88692 0.25784C6.01717 1.26234 5.77567 2.48676 5.58142 3.47084C5.34517 4.66726 5.19992 5.24242 4.48242 5.24242C4.36692 5.24242 4.27825 5.20217 4.19542 5.11176C3.84134 4.72501 3.79467 3.60326 3.84892 2.98667L3.92067 2.16826L3.34901 2.75801C2.52184 3.61142 0.982422 5.19984 0.982422 7.87442C0.982422 11.2519 3.72992 13.9994 7.10742 13.9994C10.4849 13.9994 13.2324 11.2519 13.2324 7.87442C13.2324 5.18934 11.3267 3.67267 9.48392 2.20559ZM5.45776 12.7336C4.54776 11.8224 4.54775 10.3413 5.44492 9.44417L7.10801 7.97301L8.75767 9.43251C9.66709 10.3431 9.66709 11.8242 8.75767 12.7336C7.84826 13.643 6.36775 13.6442 5.45776 12.7336ZM9.33284 12.9465C10.2907 11.802 10.2446 10.0952 9.15726 9.00784L7.10801 7.19367L5.04534 9.01951C3.97026 10.094 3.92476 11.7997 4.88259 12.9459C2.93251 12.0867 1.56634 10.1383 1.56634 7.87442C1.56634 5.98851 2.36551 4.72676 3.25101 3.71992C3.27201 4.31201 3.37992 5.08376 3.76551 5.50492C3.95742 5.71434 4.20476 5.82517 4.48242 5.82517C5.7115 5.82517 5.92675 4.73609 6.15367 3.58284C6.32517 2.71251 6.51767 1.73717 7.11909 0.902424C7.69309 1.52426 8.38901 2.07842 9.12051 2.66059C10.8553 4.04192 12.6491 5.46992 12.6491 7.87384C12.6491 10.1383 11.2823 12.0867 9.33226 12.9459L9.33284 12.9465Z\" fill=\"black\"><\/path><\/g><defs><clippath id=\"clip0_308_730\"><rect width=\"14\" height=\"14\" fill=\"white\" transform=\"translate(0.107422)\"><\/rect><\/clippath><\/defs><\/svg>\t\t\t\t\t\t<\/span>\n\t\t\t\t\t\t\t\t\t\t<span class=\"elementor-icon-list-text\">Wygodne \u015bledzenie statusu zam\u00f3wie\u0144<\/span>\n\t\t\t\t\t\t\t\t\t<\/li>\n\t\t\t\t\t\t\t\t<li class=\"elementor-icon-list-item\">\n\t\t\t\t\t\t\t\t\t\t\t<span class=\"elementor-icon-list-icon\">\n\t\t\t\t\t\t\t<svg xmlns=\"http:\/\/www.w3.org\/2000\/svg\" width=\"15\" height=\"14\" viewbox=\"0 0 15 14\" fill=\"none\"><g clip-path=\"url(#clip0_308_730)\"><path d=\"M9.48392 2.20559C8.67309 1.56042 7.90717 0.950257 7.33084 0.26134L7.11092 -0.00115967L6.88692 0.25784C6.01717 1.26234 5.77567 2.48676 5.58142 3.47084C5.34517 4.66726 5.19992 5.24242 4.48242 5.24242C4.36692 5.24242 4.27825 5.20217 4.19542 5.11176C3.84134 4.72501 3.79467 3.60326 3.84892 2.98667L3.92067 2.16826L3.34901 2.75801C2.52184 3.61142 0.982422 5.19984 0.982422 7.87442C0.982422 11.2519 3.72992 13.9994 7.10742 13.9994C10.4849 13.9994 13.2324 11.2519 13.2324 7.87442C13.2324 5.18934 11.3267 3.67267 9.48392 2.20559ZM5.45776 12.7336C4.54776 11.8224 4.54775 10.3413 5.44492 9.44417L7.10801 7.97301L8.75767 9.43251C9.66709 10.3431 9.66709 11.8242 8.75767 12.7336C7.84826 13.643 6.36775 13.6442 5.45776 12.7336ZM9.33284 12.9465C10.2907 11.802 10.2446 10.0952 9.15726 9.00784L7.10801 7.19367L5.04534 9.01951C3.97026 10.094 3.92476 11.7997 4.88259 12.9459C2.93251 12.0867 1.56634 10.1383 1.56634 7.87442C1.56634 5.98851 2.36551 4.72676 3.25101 3.71992C3.27201 4.31201 3.37992 5.08376 3.76551 5.50492C3.95742 5.71434 4.20476 5.82517 4.48242 5.82517C5.7115 5.82517 5.92675 4.73609 6.15367 3.58284C6.32517 2.71251 6.51767 1.73717 7.11909 0.902424C7.69309 1.52426 8.38901 2.07842 9.12051 2.66059C10.8553 4.04192 12.6491 5.46992 12.6491 7.87384C12.6491 10.1383 11.2823 12.0867 9.33226 12.9459L9.33284 12.9465Z\" fill=\"black\"><\/path><\/g><defs><clippath id=\"clip0_308_730\"><rect width=\"14\" height=\"14\" fill=\"white\" transform=\"translate(0.107422)\"><\/rect><\/clippath><\/defs><\/svg>\t\t\t\t\t\t<\/span>\n\t\t\t\t\t\t\t\t\t\t<span class=\"elementor-icon-list-text\">\u0141atwy dost\u0119p do historii zakup\u00f3w<\/span>\n\t\t\t\t\t\t\t\t\t<\/li>\n\t\t\t\t\t\t\t\t<li class=\"elementor-icon-list-item\">\n\t\t\t\t\t\t\t\t\t\t\t<span class=\"elementor-icon-list-icon\">\n\t\t\t\t\t\t\t<svg xmlns=\"http:\/\/www.w3.org\/2000\/svg\" width=\"15\" height=\"14\" viewbox=\"0 0 15 14\" fill=\"none\"><g clip-path=\"url(#clip0_308_730)\"><path d=\"M9.48392 2.20559C8.67309 1.56042 7.90717 0.950257 7.33084 0.26134L7.11092 -0.00115967L6.88692 0.25784C6.01717 1.26234 5.77567 2.48676 5.58142 3.47084C5.34517 4.66726 5.19992 5.24242 4.48242 5.24242C4.36692 5.24242 4.27825 5.20217 4.19542 5.11176C3.84134 4.72501 3.79467 3.60326 3.84892 2.98667L3.92067 2.16826L3.34901 2.75801C2.52184 3.61142 0.982422 5.19984 0.982422 7.87442C0.982422 11.2519 3.72992 13.9994 7.10742 13.9994C10.4849 13.9994 13.2324 11.2519 13.2324 7.87442C13.2324 5.18934 11.3267 3.67267 9.48392 2.20559ZM5.45776 12.7336C4.54776 11.8224 4.54775 10.3413 5.44492 9.44417L7.10801 7.97301L8.75767 9.43251C9.66709 10.3431 9.66709 11.8242 8.75767 12.7336C7.84826 13.643 6.36775 13.6442 5.45776 12.7336ZM9.33284 12.9465C10.2907 11.802 10.2446 10.0952 9.15726 9.00784L7.10801 7.19367L5.04534 9.01951C3.97026 10.094 3.92476 11.7997 4.88259 12.9459C2.93251 12.0867 1.56634 10.1383 1.56634 7.87442C1.56634 5.98851 2.36551 4.72676 3.25101 3.71992C3.27201 4.31201 3.37992 5.08376 3.76551 5.50492C3.95742 5.71434 4.20476 5.82517 4.48242 5.82517C5.7115 5.82517 5.92675 4.73609 6.15367 3.58284C6.32517 2.71251 6.51767 1.73717 7.11909 0.902424C7.69309 1.52426 8.38901 2.07842 9.12051 2.66059C10.8553 4.04192 12.6491 5.46992 12.6491 7.87384C12.6491 10.1383 11.2823 12.0867 9.33226 12.9459L9.33284 12.9465Z\" fill=\"black\"><\/path><\/g><defs><clippath id=\"clip0_308_730\"><rect width=\"14\" height=\"14\" fill=\"white\" transform=\"translate(0.107422)\"><\/rect><\/clippath><\/defs><\/svg>\t\t\t\t\t\t<\/span>\n\t\t\t\t\t\t\t\t\t\t<span class=\"elementor-icon-list-text\">Osobne adresy rozlicze\u0144 i wysy\u0142ki<\/span>\n\t\t\t\t\t\t\t\t\t<\/li>\n\t\t\t\t\t\t<\/ul>\n\t\t\t\t\t\t<\/div>\n\t\t\t\t<\/div>\n\t\t<div class=\"elementor-element elementor-element-9c59713 e-con-full e-flex e-con e-child\" data-id=\"9c59713\" data-element_type=\"container\" data-e-type=\"container\">\n\t\t\t\t<div class=\"elementor-element elementor-element-52ebd35 elementor-widget elementor-widget-button\" data-id=\"52ebd35\" data-element_type=\"widget\" data-e-type=\"widget\" data-widget_type=\"button.default\">\n\t\t\t\t<div class=\"elementor-widget-container\">\n\t\t\t\t\t\t\t\t\t<div class=\"elementor-button-wrapper\">\n\t\t\t\t\t<a class=\"elementor-button elementor-button-link elementor-size-sm\" href=\"https:\/\/pauzza.pl\/index.php\/rejestracja\/\">\n\t\t\t\t\t\t<span class=\"elementor-button-content-wrapper\">\n\t\t\t\t\t\t\t\t\t<span class=\"elementor-button-text\">Za\u0142\u00f3\u017c konto<\/span>\n\t\t\t\t\t<\/span>\n\t\t\t\t\t<\/a>\n\t\t\t\t<\/div>\n\t\t\t\t\t\t\t\t<\/div>\n\t\t\t\t<\/div>\n\t\t\t\t<div class=\"elementor-element elementor-element-6f1bbc4 elementor-align-right elementor-widget elementor-widget-button\" data-id=\"6f1bbc4\" data-element_type=\"widget\" data-e-type=\"widget\" data-widget_type=\"button.default\">\n\t\t\t\t<div class=\"elementor-widget-container\">\n\t\t\t\t\t\t\t\t\t<div class=\"elementor-button-wrapper\">\n\t\t\t\t\t<a class=\"elementor-button elementor-button-link elementor-size-sm\" href=\"https:\/\/pauzza.pl\/index.php\/sklep\/\">\n\t\t\t\t\t\t<span class=\"elementor-button-content-wrapper\">\n\t\t\t\t\t\t\t\t\t<span class=\"elementor-button-text\">Kontynuuj jako go\u015b\u0107<\/span>\n\t\t\t\t\t<\/span>\n\t\t\t\t\t<\/a>\n\t\t\t\t<\/div>\n\t\t\t\t\t\t\t\t<\/div>\n\t\t\t\t<\/div>\n\t\t\t\t<\/div>\n\t\t\t\t<\/div>\n\t\t\t\t<\/div>\n\t\t\t\t<\/div>","protected":false},"excerpt":{"rendered":"<p>Zarejestrowani Je\u015bli posiadasz ju\u017c konto, mo\u017cesz zalogowa\u0107 si\u0119 przy u\u017cyciu adresu e-mail. Nie posiadam konta Atuty posiadania konta: Wygodne \u015bledzenie statusu zam\u00f3wie\u0144 \u0141atwy dost\u0119p do historii zakup\u00f3w Osobne adresy rozlicze\u0144 i wysy\u0142ki Za\u0142\u00f3\u017c konto Kontynuuj jako go\u015b\u0107<\/p>","protected":false},"author":1,"featured_media":0,"parent":0,"menu_order":0,"comment_status":"closed","ping_status":"closed","template":"","meta":{"_acf_changed":false,"footnotes":""},"class_list":["post-806","page","type-page","status-publish","hentry"],"acf":[],"yoast_head":"<!-- This site is optimized with the Yoast SEO plugin v27.2 - https:\/\/yoast.com\/product\/yoast-seo-wordpress\/ -->\n<title>Logowanie - Sklep online z damsk\u0105 odzie\u017c\u0105 Pauzza: Damska odzie\u017c. Nowa Kolekcja<\/title>\n<meta name=\"robots\" content=\"index, follow, max-snippet:-1, max-image-preview:large, max-video-preview:-1\" \/>\n<link rel=\"canonical\" href=\"https:\/\/pauzza.pl\/uk\/logowanie\/\" \/>\n<meta property=\"og:locale\" content=\"uk_UA\" \/>\n<meta property=\"og:type\" content=\"article\" \/>\n<meta property=\"og:title\" content=\"Logowanie - Sklep online z damsk\u0105 odzie\u017c\u0105 Pauzza: Damska odzie\u017c. Nowa Kolekcja\" \/>\n<meta property=\"og:description\" content=\"Zarejestrowani Je\u015bli posiadasz ju\u017c konto, mo\u017cesz zalogowa\u0107 si\u0119 przy u\u017cyciu adresu e-mail. Nie posiadam konta Atuty posiadania konta: Wygodne \u015bledzenie statusu zam\u00f3wie\u0144 \u0141atwy dost\u0119p do historii zakup\u00f3w Osobne adresy rozlicze\u0144 i wysy\u0142ki Za\u0142\u00f3\u017c konto Kontynuuj jako go\u015b\u0107\" \/>\n<meta property=\"og:url\" content=\"https:\/\/pauzza.pl\/uk\/logowanie\/\" \/>\n<meta property=\"og:site_name\" content=\"Sklep online z damsk\u0105 odzie\u017c\u0105 Pauzza: Damska odzie\u017c. Nowa Kolekcja\" \/>\n<meta property=\"article:modified_time\" content=\"2024-07-16T04:54:03+00:00\" \/>\n<meta property=\"og:image\" content=\"https:\/\/pauzza.pl\/wp-content\/uploads\/2024\/07\/sim-yellow.png\" \/>\n<meta name=\"twitter:card\" content=\"summary_large_image\" \/>\n<script type=\"application\/ld+json\" class=\"yoast-schema-graph\">{\"@context\":\"https:\/\/schema.org\",\"@graph\":[{\"@type\":\"WebPage\",\"@id\":\"https:\/\/pauzza.pl\/logowanie\/\",\"url\":\"https:\/\/pauzza.pl\/logowanie\/\",\"name\":\"Logowanie - Sklep online z damsk\u0105 odzie\u017c\u0105 Pauzza: Damska odzie\u017c. Nowa Kolekcja\",\"isPartOf\":{\"@id\":\"https:\/\/pauzza.pl\/#website\"},\"primaryImageOfPage\":{\"@id\":\"https:\/\/pauzza.pl\/logowanie\/#primaryimage\"},\"image\":{\"@id\":\"https:\/\/pauzza.pl\/logowanie\/#primaryimage\"},\"thumbnailUrl\":\"https:\/\/pauzza.pl\/wp-content\/uploads\/2024\/07\/sim-yellow.png\",\"datePublished\":\"2024-07-16T04:32:35+00:00\",\"dateModified\":\"2024-07-16T04:54:03+00:00\",\"breadcrumb\":{\"@id\":\"https:\/\/pauzza.pl\/logowanie\/#breadcrumb\"},\"inLanguage\":\"uk\",\"potentialAction\":[{\"@type\":\"ReadAction\",\"target\":[\"https:\/\/pauzza.pl\/logowanie\/\"]}]},{\"@type\":\"ImageObject\",\"inLanguage\":\"uk\",\"@id\":\"https:\/\/pauzza.pl\/logowanie\/#primaryimage\",\"url\":\"https:\/\/pauzza.pl\/wp-content\/uploads\/2024\/07\/sim-yellow.png\",\"contentUrl\":\"https:\/\/pauzza.pl\/wp-content\/uploads\/2024\/07\/sim-yellow.png\"},{\"@type\":\"BreadcrumbList\",\"@id\":\"https:\/\/pauzza.pl\/logowanie\/#breadcrumb\",\"itemListElement\":[{\"@type\":\"ListItem\",\"position\":1,\"name\":\"Strona g\u0142\u00f3wna\",\"item\":\"https:\/\/pauzza.pl\/\"},{\"@type\":\"ListItem\",\"position\":2,\"name\":\"Logowanie\"}]},{\"@type\":\"WebSite\",\"@id\":\"https:\/\/pauzza.pl\/#website\",\"url\":\"https:\/\/pauzza.pl\/\",\"name\":\"Sklep online z damsk\u0105 odzie\u017c\u0105 Pauzza: Damska odzie\u017c. Nowa Kolekcja\",\"description\":\"Je\u015bli chcesz zadba\u0107 o sw\u00f3j profesjonalny i pe\u0142en klasy wygl\u0105d w pracy butik online Pauzza, to strza\u0142 w dziesi\u0105tk\u0119! U nas znajdziesz szeroki wyb\u00f3r \u017cakiet\u00f3w, koszul, kurtek, sukienek, sp\u00f3dnic i wiele wiecej\",\"publisher\":{\"@id\":\"https:\/\/pauzza.pl\/#organization\"},\"potentialAction\":[{\"@type\":\"SearchAction\",\"target\":{\"@type\":\"EntryPoint\",\"urlTemplate\":\"https:\/\/pauzza.pl\/?s={search_term_string}\"},\"query-input\":{\"@type\":\"PropertyValueSpecification\",\"valueRequired\":true,\"valueName\":\"search_term_string\"}}],\"inLanguage\":\"uk\"},{\"@type\":\"Organization\",\"@id\":\"https:\/\/pauzza.pl\/#organization\",\"name\":\"Sklep online z damsk\u0105 odzie\u017c\u0105 Pauzza: Damska odzie\u017c. Nowa Kolekcja\",\"url\":\"https:\/\/pauzza.pl\/\",\"logo\":{\"@type\":\"ImageObject\",\"inLanguage\":\"uk\",\"@id\":\"https:\/\/pauzza.pl\/#\/schema\/logo\/image\/\",\"url\":\"https:\/\/pauzza.pl\/wp-content\/uploads\/2024\/01\/pauzzaw.png\",\"contentUrl\":\"https:\/\/pauzza.pl\/wp-content\/uploads\/2024\/01\/pauzzaw.png\",\"width\":350,\"height\":100,\"caption\":\"Sklep online z damsk\u0105 odzie\u017c\u0105 Pauzza: Damska odzie\u017c. Nowa Kolekcja\"},\"image\":{\"@id\":\"https:\/\/pauzza.pl\/#\/schema\/logo\/image\/\"}}]}<\/script>\n<!-- \/ Yoast SEO plugin. -->","yoast_head_json":{"title":"Logowanie - Sklep online z damsk\u0105 odzie\u017c\u0105 Pauzza: Damska odzie\u017c. Nowa Kolekcja","robots":{"index":"index","follow":"follow","max-snippet":"max-snippet:-1","max-image-preview":"max-image-preview:large","max-video-preview":"max-video-preview:-1"},"canonical":"https:\/\/pauzza.pl\/uk\/logowanie\/","og_locale":"uk_UA","og_type":"article","og_title":"Logowanie - Sklep online z damsk\u0105 odzie\u017c\u0105 Pauzza: Damska odzie\u017c. Nowa Kolekcja","og_description":"Zarejestrowani Je\u015bli posiadasz ju\u017c konto, mo\u017cesz zalogowa\u0107 si\u0119 przy u\u017cyciu adresu e-mail. Nie posiadam konta Atuty posiadania konta: Wygodne \u015bledzenie statusu zam\u00f3wie\u0144 \u0141atwy dost\u0119p do historii zakup\u00f3w Osobne adresy rozlicze\u0144 i wysy\u0142ki Za\u0142\u00f3\u017c konto Kontynuuj jako go\u015b\u0107","og_url":"https:\/\/pauzza.pl\/uk\/logowanie\/","og_site_name":"Sklep online z damsk\u0105 odzie\u017c\u0105 Pauzza: Damska odzie\u017c. Nowa Kolekcja","article_modified_time":"2024-07-16T04:54:03+00:00","og_image":[{"url":"https:\/\/pauzza.pl\/wp-content\/uploads\/2024\/07\/sim-yellow.png","type":"","width":"","height":""}],"twitter_card":"summary_large_image","schema":{"@context":"https:\/\/schema.org","@graph":[{"@type":"WebPage","@id":"https:\/\/pauzza.pl\/logowanie\/","url":"https:\/\/pauzza.pl\/logowanie\/","name":"Logowanie - Sklep online z damsk\u0105 odzie\u017c\u0105 Pauzza: Damska odzie\u017c. Nowa Kolekcja","isPartOf":{"@id":"https:\/\/pauzza.pl\/#website"},"primaryImageOfPage":{"@id":"https:\/\/pauzza.pl\/logowanie\/#primaryimage"},"image":{"@id":"https:\/\/pauzza.pl\/logowanie\/#primaryimage"},"thumbnailUrl":"https:\/\/pauzza.pl\/wp-content\/uploads\/2024\/07\/sim-yellow.png","datePublished":"2024-07-16T04:32:35+00:00","dateModified":"2024-07-16T04:54:03+00:00","breadcrumb":{"@id":"https:\/\/pauzza.pl\/logowanie\/#breadcrumb"},"inLanguage":"uk","potentialAction":[{"@type":"ReadAction","target":["https:\/\/pauzza.pl\/logowanie\/"]}]},{"@type":"ImageObject","inLanguage":"uk","@id":"https:\/\/pauzza.pl\/logowanie\/#primaryimage","url":"https:\/\/pauzza.pl\/wp-content\/uploads\/2024\/07\/sim-yellow.png","contentUrl":"https:\/\/pauzza.pl\/wp-content\/uploads\/2024\/07\/sim-yellow.png"},{"@type":"BreadcrumbList","@id":"https:\/\/pauzza.pl\/logowanie\/#breadcrumb","itemListElement":[{"@type":"ListItem","position":1,"name":"Strona g\u0142\u00f3wna","item":"https:\/\/pauzza.pl\/"},{"@type":"ListItem","position":2,"name":"Logowanie"}]},{"@type":"WebSite","@id":"https:\/\/pauzza.pl\/#website","url":"https:\/\/pauzza.pl\/","name":"\u0406\u043d\u0442\u0435\u0440\u043d\u0435\u0442 \u043c\u0430\u0433\u0430\u0437\u0438\u043d \u0436\u0456\u043d\u043e\u0447\u043e\u0433\u043e \u043e\u0434\u044f\u0433\u0443 Pauzza: \u0416\u0456\u043d\u043e\u0447\u0438\u0439 \u043e\u0434\u044f\u0433. \u041d\u043e\u0432\u0430 \u043a\u043e\u043b\u0435\u043a\u0446\u0456\u044f","description":"\u042f\u043a\u0449\u043e \u0432\u0438 \u0445\u043e\u0447\u0435\u0442\u0435 \u043f\u043e\u0434\u0431\u0430\u0442\u0438 \u043f\u0440\u043e \u0441\u0432\u0456\u0439 \u043f\u0440\u043e\u0444\u0435\u0441\u0456\u0439\u043d\u0438\u0439 \u0442\u0430 \u0441\u0442\u0438\u043b\u044c\u043d\u0438\u0439 \u0432\u0438\u0433\u043b\u044f\u0434 \u043d\u0430 \u0440\u043e\u0431\u043e\u0442\u0456, \u043e\u043d\u043b\u0430\u0439\u043d-\u0431\u0443\u0442\u0456\u043a Pauzza - \u0446\u0435 \u0445\u0456\u0442! \u0422\u0443\u0442 \u0432\u0438 \u0437\u043d\u0430\u0439\u0434\u0435\u0442\u0435 \u0448\u0438\u0440\u043e\u043a\u0438\u0439 \u0432\u0438\u0431\u0456\u0440 \u043f\u0456\u0434\u0436\u0430\u043a\u0456\u0432, \u0441\u043e\u0440\u043e\u0447\u043e\u043a, \u0436\u0430\u043a\u0435\u0442\u0456\u0432, \u0441\u0443\u043a\u043e\u043d\u044c, \u0441\u043f\u0456\u0434\u043d\u0438\u0446\u044c \u0442\u0430 \u0431\u0430\u0433\u0430\u0442\u043e \u0456\u043d\u0448\u043e\u0433\u043e.","publisher":{"@id":"https:\/\/pauzza.pl\/#organization"},"potentialAction":[{"@type":"SearchAction","target":{"@type":"EntryPoint","urlTemplate":"https:\/\/pauzza.pl\/?s={search_term_string}"},"query-input":{"@type":"PropertyValueSpecification","valueRequired":true,"valueName":"search_term_string"}}],"inLanguage":"uk"},{"@type":"Organization","@id":"https:\/\/pauzza.pl\/#organization","name":"\u0406\u043d\u0442\u0435\u0440\u043d\u0435\u0442 \u043c\u0430\u0433\u0430\u0437\u0438\u043d \u0436\u0456\u043d\u043e\u0447\u043e\u0433\u043e \u043e\u0434\u044f\u0433\u0443 Pauzza: \u0416\u0456\u043d\u043e\u0447\u0438\u0439 \u043e\u0434\u044f\u0433. \u041d\u043e\u0432\u0430 \u043a\u043e\u043b\u0435\u043a\u0446\u0456\u044f","url":"https:\/\/pauzza.pl\/","logo":{"@type":"ImageObject","inLanguage":"uk","@id":"https:\/\/pauzza.pl\/#\/schema\/logo\/image\/","url":"https:\/\/pauzza.pl\/wp-content\/uploads\/2024\/01\/pauzzaw.png","contentUrl":"https:\/\/pauzza.pl\/wp-content\/uploads\/2024\/01\/pauzzaw.png","width":350,"height":100,"caption":"Sklep online z damsk\u0105 odzie\u017c\u0105 Pauzza: Damska odzie\u017c. Nowa Kolekcja"},"image":{"@id":"https:\/\/pauzza.pl\/#\/schema\/logo\/image\/"}}]}},"_links":{"self":[{"href":"https:\/\/pauzza.pl\/uk\/wp-json\/wp\/v2\/pages\/806","targetHints":{"allow":["GET"]}}],"collection":[{"href":"https:\/\/pauzza.pl\/uk\/wp-json\/wp\/v2\/pages"}],"about":[{"href":"https:\/\/pauzza.pl\/uk\/wp-json\/wp\/v2\/types\/page"}],"author":[{"embeddable":true,"href":"https:\/\/pauzza.pl\/uk\/wp-json\/wp\/v2\/users\/1"}],"replies":[{"embeddable":true,"href":"https:\/\/pauzza.pl\/uk\/wp-json\/wp\/v2\/comments?post=806"}],"version-history":[{"count":0,"href":"https:\/\/pauzza.pl\/uk\/wp-json\/wp\/v2\/pages\/806\/revisions"}],"wp:attachment":[{"href":"https:\/\/pauzza.pl\/uk\/wp-json\/wp\/v2\/media?parent=806"}],"curies":[{"name":"wp","href":"https:\/\/api.w.org\/{rel}","templated":true}]}}